{"id":25757,"date":"2026-04-27T04:41:29","date_gmt":"2026-04-27T04:41:29","guid":{"rendered":""},"modified":"2026-04-27T04:41:29","modified_gmt":"2026-04-27T04:41:29","slug":"akce-mereo-vanovy-set-s-termostatickou-baterii-btv01n-25757","status":"publish","type":"product","link":"https:\/\/www.domkraftpro.com\/index.php\/produkt\/akce-mereo-vanovy-set-s-termostatickou-baterii-btv01n-25757\/","title":{"rendered":"Akce Mereo Vanov\u00fd set s termostatickou bateri\u00ed BTV01N"},"content":{"rendered":"<h3>Dopl\u0148kov\u00e9 parametry<\/h3>\n<table class=\"detail-parameters\">\n<tbody>\n<tr>\n<th>        <span class=\"row-header-label\">            Kategorie<span class=\"row-header-label-colon\">:<\/span>        <\/span>    <\/th>\n<td>        Sprchov\u00e9 sloupy a soupravy    <\/td>\n<\/tr>\n<tr>\n<th>            <span class=\"row-header-label\">                Hmotnost<span class=\"row-header-label-colon\">:<\/span>            <\/span>        <\/th>\n<td>            4.25 kg        <\/td>\n<\/tr>\n<tr class=\"productEan\">\n<th>          <span class=\"row-header-label productEan__label\">              EAN<span class=\"row-header-label-colon\">:<\/span>          <\/span>      <\/th>\n<td>          <span class=\"productEan__value\">8592480075798<\/span>      <\/td>\n<\/tr>\n<tr>\n<th>                <span class=\"row-header-label\">                                            Barva<span class=\"row-header-label-colon\">:<\/span>                                    <\/span>            <\/th>\n<td>                                                            Chrom                                                <\/td>\n<\/tr>\n<tr>\n<th>                <span class=\"row-header-label\">                                            D\u00e9lka<span class=\"row-header-label-colon\">:<\/span>                                    <\/span>            <\/th>\n<td>                                                            150 cm                                                <\/td>\n<\/tr>\n<tr>\n<th>                <span class=\"row-header-label\">                                            Design<span class=\"row-header-label-colon\">:<\/span>                                    <\/span>            <\/th>\n<td>                                                            Obl\u00fd                                                <\/td>\n<\/tr>\n<tr>\n<th>                <span class=\"row-header-label\">                                            Hmotnost<span class=\"row-header-label-colon\">:<\/span>                                    <\/span>            <\/th>\n<td>                                                            4.25 kg                                                <\/td>\n<\/tr>\n<tr>\n<th>                <span class=\"row-header-label\">                                            Materi\u00e1l<span class=\"row-header-label-colon\">:<\/span>                                    <\/span>            <\/th>\n<td>                                                            Pochromovan\u00e1 mosaz\/nerez\/plast                                                <\/td>\n<\/tr>\n<tr>\n<th>                <span class=\"row-header-label\">                                            Po\u010det poloh<span class=\"row-header-label-colon\">:<\/span>                                    <\/span>            <\/th>\n<td>                                                            T\u0159\u00edpolohov\u00e1                                                <\/td>\n<\/tr>\n<tr>\n<th>                <span class=\"row-header-label\">                                            Rozte\u010d<span class=\"row-header-label-colon\">:<\/span>                                    <\/span>            <\/th>\n<td>                                                            150                                                <\/td>\n<\/tr>\n<tr>\n<th>                <span class=\"row-header-label\">                                            Z\u00e1ru\u010dn\u00ed doba<span class=\"row-header-label-colon\">:<\/span>                                    <\/span>            <\/th>\n<td>                                                            2 roky                                                <\/td>\n<\/tr>\n<\/tbody>\n<\/table><\/div>\n<\/p><\/div>\n<\/p><\/div>\n","protected":false},"excerpt":{"rendered":"<p>Dopl\u0148kov\u00e9 parametry Kategorie: Sprchov\u00e9 sloupy a soupravy Hmotnost: 4.25 kg EAN: 8592480075798 Barva: Chrom D\u00e9lka: 150 cm Design: Obl\u00fd Hmotnost: 4.25 kg Materi\u00e1l: Pochromovan\u00e1 mosaz\/nerez\/plast Po\u010det poloh: T\u0159\u00edpolohov\u00e1 Rozte\u010d: 150 Z\u00e1ru\u010dn\u00ed doba: 2 roky<\/p>\n","protected":false},"featured_media":25857,"comment_status":"open","ping_status":"open","template":"","meta":[],"product_brand":[],"product_cat":[90],"product_tag":[],"class_list":{"0":"post-25757","1":"product","2":"type-product","3":"status-publish","4":"has-post-thumbnail","6":"product_cat-koupelny","8":"first","9":"instock","10":"sale","11":"shipping-taxable","12":"purchasable","13":"product-type-simple"},"yoast_head":"<!-- This site is optimized with the Yoast SEO plugin v26.8 - https:\/\/yoast.com\/product\/yoast-seo-wordpress\/ -->\n<title>Akce Mereo Vanov\u00fd set s termostatickou bateri\u00ed BTV01N -<\/title>\n<meta name=\"robots\" content=\"index, follow, max-snippet:-1, max-image-preview:large, max-video-preview:-1\" \/>\n<link rel=\"canonical\" href=\"https:\/\/www.domkraftpro.com\/index.php\/produkt\/akce-mereo-vanovy-set-s-termostatickou-baterii-btv01n-25757\/\" \/>\n<meta property=\"og:locale\" content=\"cs_CZ\" \/>\n<meta property=\"og:type\" content=\"article\" \/>\n<meta property=\"og:title\" content=\"Akce Mereo Vanov\u00fd set s termostatickou bateri\u00ed BTV01N -\" \/>\n<meta property=\"og:description\" content=\"Dopl\u0148kov\u00e9 parametry Kategorie: Sprchov\u00e9 sloupy a soupravy Hmotnost: 4.25 kg EAN: 8592480075798 Barva: Chrom D\u00e9lka: 150 cm Design: Obl\u00fd Hmotnost: 4.25 kg Materi\u00e1l: Pochromovan\u00e1 mosaz\/nerez\/plast Po\u010det poloh: T\u0159\u00edpolohov\u00e1 Rozte\u010d: 150 Z\u00e1ru\u010dn\u00ed doba: 2 roky\" \/>\n<meta property=\"og:url\" content=\"https:\/\/www.domkraftpro.com\/index.php\/produkt\/akce-mereo-vanovy-set-s-termostatickou-baterii-btv01n-25757\/\" \/>\n<meta property=\"og:image\" content=\"https:\/\/www.domkraftpro.com\/wp-content\/uploads\/2026\/SK0005869-CZ20260425-093136-0-1777080698-35427_36739479f53b04-btv01n-a-jpg-2023-12-11-12-40-52.webp\" \/>\n\t<meta property=\"og:image:width\" content=\"1000\" \/>\n\t<meta property=\"og:image:height\" content=\"750\" \/>\n\t<meta property=\"og:image:type\" content=\"image\/webp\" \/>\n<meta name=\"twitter:card\" content=\"summary_large_image\" \/>\n<script type=\"application\/ld+json\" class=\"yoast-schema-graph\">{\"@context\":\"https:\/\/schema.org\",\"@graph\":[{\"@type\":\"WebPage\",\"@id\":\"https:\/\/www.domkraftpro.com\/index.php\/produkt\/akce-mereo-vanovy-set-s-termostatickou-baterii-btv01n-25757\/\",\"url\":\"https:\/\/www.domkraftpro.com\/index.php\/produkt\/akce-mereo-vanovy-set-s-termostatickou-baterii-btv01n-25757\/\",\"name\":\"Akce Mereo Vanov\u00fd set s termostatickou bateri\u00ed BTV01N -\",\"isPartOf\":{\"@id\":\"https:\/\/www.domkraftpro.com\/#website\"},\"primaryImageOfPage\":{\"@id\":\"https:\/\/www.domkraftpro.com\/index.php\/produkt\/akce-mereo-vanovy-set-s-termostatickou-baterii-btv01n-25757\/#primaryimage\"},\"image\":{\"@id\":\"https:\/\/www.domkraftpro.com\/index.php\/produkt\/akce-mereo-vanovy-set-s-termostatickou-baterii-btv01n-25757\/#primaryimage\"},\"thumbnailUrl\":\"https:\/\/www.domkraftpro.com\/wp-content\/uploads\/2026\/SK0005869-CZ20260425-093136-0-1777080698-35427_36739479f53b04-btv01n-a-jpg-2023-12-11-12-40-52.webp\",\"datePublished\":\"2026-04-27T04:41:29+00:00\",\"breadcrumb\":{\"@id\":\"https:\/\/www.domkraftpro.com\/index.php\/produkt\/akce-mereo-vanovy-set-s-termostatickou-baterii-btv01n-25757\/#breadcrumb\"},\"inLanguage\":\"cs\",\"potentialAction\":[{\"@type\":\"ReadAction\",\"target\":[\"https:\/\/www.domkraftpro.com\/index.php\/produkt\/akce-mereo-vanovy-set-s-termostatickou-baterii-btv01n-25757\/\"]}]},{\"@type\":\"ImageObject\",\"inLanguage\":\"cs\",\"@id\":\"https:\/\/www.domkraftpro.com\/index.php\/produkt\/akce-mereo-vanovy-set-s-termostatickou-baterii-btv01n-25757\/#primaryimage\",\"url\":\"https:\/\/www.domkraftpro.com\/wp-content\/uploads\/2026\/SK0005869-CZ20260425-093136-0-1777080698-35427_36739479f53b04-btv01n-a-jpg-2023-12-11-12-40-52.webp\",\"contentUrl\":\"https:\/\/www.domkraftpro.com\/wp-content\/uploads\/2026\/SK0005869-CZ20260425-093136-0-1777080698-35427_36739479f53b04-btv01n-a-jpg-2023-12-11-12-40-52.webp\",\"width\":1000,\"height\":750},{\"@type\":\"BreadcrumbList\",\"@id\":\"https:\/\/www.domkraftpro.com\/index.php\/produkt\/akce-mereo-vanovy-set-s-termostatickou-baterii-btv01n-25757\/#breadcrumb\",\"itemListElement\":[{\"@type\":\"ListItem\",\"position\":1,\"name\":\"Home\",\"item\":\"https:\/\/www.domkraftpro.com\/\"},{\"@type\":\"ListItem\",\"position\":2,\"name\":\"Products\",\"item\":\"https:\/\/www.domkraftpro.com\/index.php\/products\/\"},{\"@type\":\"ListItem\",\"position\":3,\"name\":\"Akce Mereo Vanov\u00fd set s termostatickou bateri\u00ed BTV01N\"}]},{\"@type\":\"WebSite\",\"@id\":\"https:\/\/www.domkraftpro.com\/#website\",\"url\":\"https:\/\/www.domkraftpro.com\/\",\"name\":\"\",\"description\":\"\",\"potentialAction\":[{\"@type\":\"SearchAction\",\"target\":{\"@type\":\"EntryPoint\",\"urlTemplate\":\"https:\/\/www.domkraftpro.com\/?s={search_term_string}\"},\"query-input\":{\"@type\":\"PropertyValueSpecification\",\"valueRequired\":true,\"valueName\":\"search_term_string\"}}],\"inLanguage\":\"cs\"}]}<\/script>\n<!-- \/ Yoast SEO plugin. -->","yoast_head_json":{"title":"Akce Mereo Vanov\u00fd set s termostatickou bateri\u00ed BTV01N -","robots":{"index":"index","follow":"follow","max-snippet":"max-snippet:-1","max-image-preview":"max-image-preview:large","max-video-preview":"max-video-preview:-1"},"canonical":"https:\/\/www.domkraftpro.com\/index.php\/produkt\/akce-mereo-vanovy-set-s-termostatickou-baterii-btv01n-25757\/","og_locale":"cs_CZ","og_type":"article","og_title":"Akce Mereo Vanov\u00fd set s termostatickou bateri\u00ed BTV01N -","og_description":"Dopl\u0148kov\u00e9 parametry Kategorie: Sprchov\u00e9 sloupy a soupravy Hmotnost: 4.25 kg EAN: 8592480075798 Barva: Chrom D\u00e9lka: 150 cm Design: Obl\u00fd Hmotnost: 4.25 kg Materi\u00e1l: Pochromovan\u00e1 mosaz\/nerez\/plast Po\u010det poloh: T\u0159\u00edpolohov\u00e1 Rozte\u010d: 150 Z\u00e1ru\u010dn\u00ed doba: 2 roky","og_url":"https:\/\/www.domkraftpro.com\/index.php\/produkt\/akce-mereo-vanovy-set-s-termostatickou-baterii-btv01n-25757\/","og_image":[{"width":1000,"height":750,"url":"https:\/\/www.domkraftpro.com\/wp-content\/uploads\/2026\/SK0005869-CZ20260425-093136-0-1777080698-35427_36739479f53b04-btv01n-a-jpg-2023-12-11-12-40-52.webp","type":"image\/webp"}],"twitter_card":"summary_large_image","schema":{"@context":"https:\/\/schema.org","@graph":[{"@type":"WebPage","@id":"https:\/\/www.domkraftpro.com\/index.php\/produkt\/akce-mereo-vanovy-set-s-termostatickou-baterii-btv01n-25757\/","url":"https:\/\/www.domkraftpro.com\/index.php\/produkt\/akce-mereo-vanovy-set-s-termostatickou-baterii-btv01n-25757\/","name":"Akce Mereo Vanov\u00fd set s termostatickou bateri\u00ed BTV01N -","isPartOf":{"@id":"https:\/\/www.domkraftpro.com\/#website"},"primaryImageOfPage":{"@id":"https:\/\/www.domkraftpro.com\/index.php\/produkt\/akce-mereo-vanovy-set-s-termostatickou-baterii-btv01n-25757\/#primaryimage"},"image":{"@id":"https:\/\/www.domkraftpro.com\/index.php\/produkt\/akce-mereo-vanovy-set-s-termostatickou-baterii-btv01n-25757\/#primaryimage"},"thumbnailUrl":"https:\/\/www.domkraftpro.com\/wp-content\/uploads\/2026\/SK0005869-CZ20260425-093136-0-1777080698-35427_36739479f53b04-btv01n-a-jpg-2023-12-11-12-40-52.webp","datePublished":"2026-04-27T04:41:29+00:00","breadcrumb":{"@id":"https:\/\/www.domkraftpro.com\/index.php\/produkt\/akce-mereo-vanovy-set-s-termostatickou-baterii-btv01n-25757\/#breadcrumb"},"inLanguage":"cs","potentialAction":[{"@type":"ReadAction","target":["https:\/\/www.domkraftpro.com\/index.php\/produkt\/akce-mereo-vanovy-set-s-termostatickou-baterii-btv01n-25757\/"]}]},{"@type":"ImageObject","inLanguage":"cs","@id":"https:\/\/www.domkraftpro.com\/index.php\/produkt\/akce-mereo-vanovy-set-s-termostatickou-baterii-btv01n-25757\/#primaryimage","url":"https:\/\/www.domkraftpro.com\/wp-content\/uploads\/2026\/SK0005869-CZ20260425-093136-0-1777080698-35427_36739479f53b04-btv01n-a-jpg-2023-12-11-12-40-52.webp","contentUrl":"https:\/\/www.domkraftpro.com\/wp-content\/uploads\/2026\/SK0005869-CZ20260425-093136-0-1777080698-35427_36739479f53b04-btv01n-a-jpg-2023-12-11-12-40-52.webp","width":1000,"height":750},{"@type":"BreadcrumbList","@id":"https:\/\/www.domkraftpro.com\/index.php\/produkt\/akce-mereo-vanovy-set-s-termostatickou-baterii-btv01n-25757\/#breadcrumb","itemListElement":[{"@type":"ListItem","position":1,"name":"Home","item":"https:\/\/www.domkraftpro.com\/"},{"@type":"ListItem","position":2,"name":"Products","item":"https:\/\/www.domkraftpro.com\/index.php\/products\/"},{"@type":"ListItem","position":3,"name":"Akce Mereo Vanov\u00fd set s termostatickou bateri\u00ed BTV01N"}]},{"@type":"WebSite","@id":"https:\/\/www.domkraftpro.com\/#website","url":"https:\/\/www.domkraftpro.com\/","name":"","description":"","potentialAction":[{"@type":"SearchAction","target":{"@type":"EntryPoint","urlTemplate":"https:\/\/www.domkraftpro.com\/?s={search_term_string}"},"query-input":{"@type":"PropertyValueSpecification","valueRequired":true,"valueName":"search_term_string"}}],"inLanguage":"cs"}]}},"_links":{"self":[{"href":"https:\/\/www.domkraftpro.com\/index.php\/wp-json\/wp\/v2\/product\/25757","targetHints":{"allow":["GET"]}}],"collection":[{"href":"https:\/\/www.domkraftpro.com\/index.php\/wp-json\/wp\/v2\/product"}],"about":[{"href":"https:\/\/www.domkraftpro.com\/index.php\/wp-json\/wp\/v2\/types\/product"}],"replies":[{"embeddable":true,"href":"https:\/\/www.domkraftpro.com\/index.php\/wp-json\/wp\/v2\/comments?post=25757"}],"wp:featuredmedia":[{"embeddable":true,"href":"https:\/\/www.domkraftpro.com\/index.php\/wp-json\/wp\/v2\/media\/25857"}],"wp:attachment":[{"href":"https:\/\/www.domkraftpro.com\/index.php\/wp-json\/wp\/v2\/media?parent=25757"}],"wp:term":[{"taxonomy":"product_brand","embeddable":true,"href":"https:\/\/www.domkraftpro.com\/index.php\/wp-json\/wp\/v2\/product_brand?post=25757"},{"taxonomy":"product_cat","embeddable":true,"href":"https:\/\/www.domkraftpro.com\/index.php\/wp-json\/wp\/v2\/product_cat?post=25757"},{"taxonomy":"product_tag","embeddable":true,"href":"https:\/\/www.domkraftpro.com\/index.php\/wp-json\/wp\/v2\/product_tag?post=25757"}],"curies":[{"name":"wp","href":"https:\/\/api.w.org\/{rel}","templated":true}]}}