{"id":25746,"date":"2026-04-27T04:41:29","date_gmt":"2026-04-27T04:41:29","guid":{"rendered":""},"modified":"2026-04-27T04:41:29","modified_gmt":"2026-04-27T04:41:29","slug":"znackovy-mereo-termostaticka-vanova-baterie-s-talirovou-hranatou-slim-sprchou-seda-cb60101tsb-25746","status":"publish","type":"product","link":"https:\/\/www.domkraftpro.com\/index.php\/produkt\/znackovy-mereo-termostaticka-vanova-baterie-s-talirovou-hranatou-slim-sprchou-seda-cb60101tsb-25746\/","title":{"rendered":"Zna\u010dkov\u00fd Mereo Termostatick\u00e1  vanov\u00e1 baterie s  tal\u00ed\u0159ovou hranatou slim sprchou, \u0161ed\u00e1 CB60101TSB"},"content":{"rendered":"<h3>Dopl\u0148kov\u00e9 parametry<\/h3>\n<table class=\"detail-parameters\">\n<tbody>\n<tr>\n<th>        <span class=\"row-header-label\">            Kategorie<span class=\"row-header-label-colon\">:<\/span>        <\/span>    <\/th>\n<td>        Vanov\u00e9    <\/td>\n<\/tr>\n<tr>\n<th>            <span class=\"row-header-label\">                Hmotnost<span class=\"row-header-label-colon\">:<\/span>            <\/span>        <\/th>\n<td>            3.8 kg        <\/td>\n<\/tr>\n<tr class=\"productEan\">\n<th>          <span class=\"row-header-label productEan__label\">              EAN<span class=\"row-header-label-colon\">:<\/span>          <\/span>      <\/th>\n<td>          <span class=\"productEan__value\">8592480075484<\/span>      <\/td>\n<\/tr>\n<tr>\n<th>                <span class=\"row-header-label\">                                            Barva<span class=\"row-header-label-colon\">:<\/span>                                    <\/span>            <\/th>\n<td>                                                            \u0160ed\u00e1                                                <\/td>\n<\/tr>\n<tr>\n<th>                <span class=\"row-header-label\">                                            Design<span class=\"row-header-label-colon\">:<\/span>                                    <\/span>            <\/th>\n<td>                                                            Obl\u00fd                                                <\/td>\n<\/tr>\n<tr>\n<th>                <span class=\"row-header-label\">                                            Hmotnost<span class=\"row-header-label-colon\">:<\/span>                                    <\/span>            <\/th>\n<td>                                                            3.8 kg                                                <\/td>\n<\/tr>\n<tr>\n<th>                <span class=\"row-header-label\">                                            Materi\u00e1l<span class=\"row-header-label-colon\">:<\/span>                                    <\/span>            <\/th>\n<td>                                                            Pochromovan\u00e1 mosaz\/nerez\/plast                                                <\/td>\n<\/tr>\n<tr>\n<th>                <span class=\"row-header-label\">                                            Ovl\u00e1d\u00e1n\u00ed baterie<span class=\"row-header-label-colon\">:<\/span>                                    <\/span>            <\/th>\n<td>                                                            Termostatick\u00e1                                                <\/td>\n<\/tr>\n<tr>\n<th>                <span class=\"row-header-label\">                                            Pr\u016fm\u011br<span class=\"row-header-label-colon\">:<\/span>                                    <\/span>            <\/th>\n<td>                                                            ty\u010d 24,2 mm                                                <\/td>\n<\/tr>\n<tr>\n<th>                <span class=\"row-header-label\">                                            Rozte\u010d<span class=\"row-header-label-colon\">:<\/span>                                    <\/span>            <\/th>\n<td>                                                            150                                                <\/td>\n<\/tr>\n<tr>\n<th>                <span class=\"row-header-label\">                                            Typ<span class=\"row-header-label-colon\">:<\/span>                                    <\/span>            <\/th>\n<td>                                                            Sprchov\u00fd set,                                                                                 S termostatickou                                                <\/td>\n<\/tr>\n<tr>\n<th>                <span class=\"row-header-label\">                                            Typ dr\u017e\u00e1ku<span class=\"row-header-label-colon\">:<\/span>                                    <\/span>            <\/th>\n<td>                                                            S kombinovanou ty\u010d\u00ed                                                <\/td>\n<\/tr>\n<tr>\n<th>                <span class=\"row-header-label\">                                            Z\u00e1ru\u010dn\u00ed doba<span class=\"row-header-label-colon\">:<\/span>                                    <\/span>            <\/th>\n<td>                                                            2 roky                                                <\/td>\n<\/tr>\n<\/tbody>\n<\/table><\/div>\n<\/p><\/div>\n<\/p><\/div>\n","protected":false},"excerpt":{"rendered":"<p>Dopl\u0148kov\u00e9 parametry Kategorie: Vanov\u00e9 Hmotnost: 3.8 kg EAN: 8592480075484 Barva: \u0160ed\u00e1 Design: Obl\u00fd Hmotnost: 3.8 kg Materi\u00e1l: Pochromovan\u00e1 mosaz\/nerez\/plast Ovl\u00e1d\u00e1n\u00ed baterie: Termostatick\u00e1 Pr\u016fm\u011br: ty\u010d 24,2 mm Rozte\u010d: 150 Typ: Sprchov\u00fd set, S termostatickou Typ dr\u017e\u00e1ku: S kombinovanou ty\u010d\u00ed Z\u00e1ru\u010dn\u00ed doba: 2 roky<\/p>\n","protected":false},"featured_media":25846,"comment_status":"open","ping_status":"open","template":"","meta":[],"product_brand":[],"product_cat":[90],"product_tag":[],"class_list":{"0":"post-25746","1":"product","2":"type-product","3":"status-publish","4":"has-post-thumbnail","6":"product_cat-koupelny","8":"first","9":"instock","10":"sale","11":"shipping-taxable","12":"purchasable","13":"product-type-simple"},"yoast_head":"<!-- This site is optimized with the Yoast SEO plugin v26.8 - https:\/\/yoast.com\/product\/yoast-seo-wordpress\/ -->\n<title>Zna\u010dkov\u00fd Mereo Termostatick\u00e1 vanov\u00e1 baterie s tal\u00ed\u0159ovou hranatou slim sprchou, \u0161ed\u00e1 CB60101TSB -<\/title>\n<meta name=\"robots\" content=\"index, follow, max-snippet:-1, max-image-preview:large, max-video-preview:-1\" \/>\n<link rel=\"canonical\" href=\"https:\/\/www.domkraftpro.com\/index.php\/produkt\/znackovy-mereo-termostaticka-vanova-baterie-s-talirovou-hranatou-slim-sprchou-seda-cb60101tsb-25746\/\" \/>\n<meta property=\"og:locale\" content=\"cs_CZ\" \/>\n<meta property=\"og:type\" content=\"article\" \/>\n<meta property=\"og:title\" content=\"Zna\u010dkov\u00fd Mereo Termostatick\u00e1 vanov\u00e1 baterie s tal\u00ed\u0159ovou hranatou slim sprchou, \u0161ed\u00e1 CB60101TSB -\" \/>\n<meta property=\"og:description\" content=\"Dopl\u0148kov\u00e9 parametry Kategorie: Vanov\u00e9 Hmotnost: 3.8 kg EAN: 8592480075484 Barva: \u0160ed\u00e1 Design: Obl\u00fd Hmotnost: 3.8 kg Materi\u00e1l: Pochromovan\u00e1 mosaz\/nerez\/plast Ovl\u00e1d\u00e1n\u00ed baterie: Termostatick\u00e1 Pr\u016fm\u011br: ty\u010d 24,2 mm Rozte\u010d: 150 Typ: Sprchov\u00fd set, S termostatickou Typ dr\u017e\u00e1ku: S kombinovanou ty\u010d\u00ed Z\u00e1ru\u010dn\u00ed doba: 2 roky\" \/>\n<meta property=\"og:url\" content=\"https:\/\/www.domkraftpro.com\/index.php\/produkt\/znackovy-mereo-termostaticka-vanova-baterie-s-talirovou-hranatou-slim-sprchou-seda-cb60101tsb-25746\/\" \/>\n<meta property=\"og:image\" content=\"https:\/\/www.domkraftpro.com\/wp-content\/uploads\/2026\/SK0005858-CZ20260425-093136-0-1777080698-35460_e6739479ec7a15-cb60101tsb-new-jpg-2023-12-11-12-38-36.webp\" \/>\n\t<meta property=\"og:image:width\" content=\"1000\" \/>\n\t<meta property=\"og:image:height\" content=\"750\" \/>\n\t<meta property=\"og:image:type\" content=\"image\/webp\" \/>\n<meta name=\"twitter:card\" content=\"summary_large_image\" \/>\n<script type=\"application\/ld+json\" class=\"yoast-schema-graph\">{\"@context\":\"https:\/\/schema.org\",\"@graph\":[{\"@type\":\"WebPage\",\"@id\":\"https:\/\/www.domkraftpro.com\/index.php\/produkt\/znackovy-mereo-termostaticka-vanova-baterie-s-talirovou-hranatou-slim-sprchou-seda-cb60101tsb-25746\/\",\"url\":\"https:\/\/www.domkraftpro.com\/index.php\/produkt\/znackovy-mereo-termostaticka-vanova-baterie-s-talirovou-hranatou-slim-sprchou-seda-cb60101tsb-25746\/\",\"name\":\"Zna\u010dkov\u00fd Mereo Termostatick\u00e1 vanov\u00e1 baterie s tal\u00ed\u0159ovou hranatou slim sprchou, \u0161ed\u00e1 CB60101TSB -\",\"isPartOf\":{\"@id\":\"https:\/\/www.domkraftpro.com\/#website\"},\"primaryImageOfPage\":{\"@id\":\"https:\/\/www.domkraftpro.com\/index.php\/produkt\/znackovy-mereo-termostaticka-vanova-baterie-s-talirovou-hranatou-slim-sprchou-seda-cb60101tsb-25746\/#primaryimage\"},\"image\":{\"@id\":\"https:\/\/www.domkraftpro.com\/index.php\/produkt\/znackovy-mereo-termostaticka-vanova-baterie-s-talirovou-hranatou-slim-sprchou-seda-cb60101tsb-25746\/#primaryimage\"},\"thumbnailUrl\":\"https:\/\/www.domkraftpro.com\/wp-content\/uploads\/2026\/SK0005858-CZ20260425-093136-0-1777080698-35460_e6739479ec7a15-cb60101tsb-new-jpg-2023-12-11-12-38-36.webp\",\"datePublished\":\"2026-04-27T04:41:29+00:00\",\"breadcrumb\":{\"@id\":\"https:\/\/www.domkraftpro.com\/index.php\/produkt\/znackovy-mereo-termostaticka-vanova-baterie-s-talirovou-hranatou-slim-sprchou-seda-cb60101tsb-25746\/#breadcrumb\"},\"inLanguage\":\"cs\",\"potentialAction\":[{\"@type\":\"ReadAction\",\"target\":[\"https:\/\/www.domkraftpro.com\/index.php\/produkt\/znackovy-mereo-termostaticka-vanova-baterie-s-talirovou-hranatou-slim-sprchou-seda-cb60101tsb-25746\/\"]}]},{\"@type\":\"ImageObject\",\"inLanguage\":\"cs\",\"@id\":\"https:\/\/www.domkraftpro.com\/index.php\/produkt\/znackovy-mereo-termostaticka-vanova-baterie-s-talirovou-hranatou-slim-sprchou-seda-cb60101tsb-25746\/#primaryimage\",\"url\":\"https:\/\/www.domkraftpro.com\/wp-content\/uploads\/2026\/SK0005858-CZ20260425-093136-0-1777080698-35460_e6739479ec7a15-cb60101tsb-new-jpg-2023-12-11-12-38-36.webp\",\"contentUrl\":\"https:\/\/www.domkraftpro.com\/wp-content\/uploads\/2026\/SK0005858-CZ20260425-093136-0-1777080698-35460_e6739479ec7a15-cb60101tsb-new-jpg-2023-12-11-12-38-36.webp\",\"width\":1000,\"height\":750},{\"@type\":\"BreadcrumbList\",\"@id\":\"https:\/\/www.domkraftpro.com\/index.php\/produkt\/znackovy-mereo-termostaticka-vanova-baterie-s-talirovou-hranatou-slim-sprchou-seda-cb60101tsb-25746\/#breadcrumb\",\"itemListElement\":[{\"@type\":\"ListItem\",\"position\":1,\"name\":\"Home\",\"item\":\"https:\/\/www.domkraftpro.com\/\"},{\"@type\":\"ListItem\",\"position\":2,\"name\":\"Products\",\"item\":\"https:\/\/www.domkraftpro.com\/index.php\/products\/\"},{\"@type\":\"ListItem\",\"position\":3,\"name\":\"Zna\u010dkov\u00fd Mereo Termostatick\u00e1 vanov\u00e1 baterie s tal\u00ed\u0159ovou hranatou slim sprchou, \u0161ed\u00e1 CB60101TSB\"}]},{\"@type\":\"WebSite\",\"@id\":\"https:\/\/www.domkraftpro.com\/#website\",\"url\":\"https:\/\/www.domkraftpro.com\/\",\"name\":\"\",\"description\":\"\",\"potentialAction\":[{\"@type\":\"SearchAction\",\"target\":{\"@type\":\"EntryPoint\",\"urlTemplate\":\"https:\/\/www.domkraftpro.com\/?s={search_term_string}\"},\"query-input\":{\"@type\":\"PropertyValueSpecification\",\"valueRequired\":true,\"valueName\":\"search_term_string\"}}],\"inLanguage\":\"cs\"}]}<\/script>\n<!-- \/ Yoast SEO plugin. -->","yoast_head_json":{"title":"Zna\u010dkov\u00fd Mereo Termostatick\u00e1 vanov\u00e1 baterie s tal\u00ed\u0159ovou hranatou slim sprchou, \u0161ed\u00e1 CB60101TSB -","robots":{"index":"index","follow":"follow","max-snippet":"max-snippet:-1","max-image-preview":"max-image-preview:large","max-video-preview":"max-video-preview:-1"},"canonical":"https:\/\/www.domkraftpro.com\/index.php\/produkt\/znackovy-mereo-termostaticka-vanova-baterie-s-talirovou-hranatou-slim-sprchou-seda-cb60101tsb-25746\/","og_locale":"cs_CZ","og_type":"article","og_title":"Zna\u010dkov\u00fd Mereo Termostatick\u00e1 vanov\u00e1 baterie s tal\u00ed\u0159ovou hranatou slim sprchou, \u0161ed\u00e1 CB60101TSB -","og_description":"Dopl\u0148kov\u00e9 parametry Kategorie: Vanov\u00e9 Hmotnost: 3.8 kg EAN: 8592480075484 Barva: \u0160ed\u00e1 Design: Obl\u00fd Hmotnost: 3.8 kg Materi\u00e1l: Pochromovan\u00e1 mosaz\/nerez\/plast Ovl\u00e1d\u00e1n\u00ed baterie: Termostatick\u00e1 Pr\u016fm\u011br: ty\u010d 24,2 mm Rozte\u010d: 150 Typ: Sprchov\u00fd set, S termostatickou Typ dr\u017e\u00e1ku: S kombinovanou ty\u010d\u00ed Z\u00e1ru\u010dn\u00ed doba: 2 roky","og_url":"https:\/\/www.domkraftpro.com\/index.php\/produkt\/znackovy-mereo-termostaticka-vanova-baterie-s-talirovou-hranatou-slim-sprchou-seda-cb60101tsb-25746\/","og_image":[{"width":1000,"height":750,"url":"https:\/\/www.domkraftpro.com\/wp-content\/uploads\/2026\/SK0005858-CZ20260425-093136-0-1777080698-35460_e6739479ec7a15-cb60101tsb-new-jpg-2023-12-11-12-38-36.webp","type":"image\/webp"}],"twitter_card":"summary_large_image","schema":{"@context":"https:\/\/schema.org","@graph":[{"@type":"WebPage","@id":"https:\/\/www.domkraftpro.com\/index.php\/produkt\/znackovy-mereo-termostaticka-vanova-baterie-s-talirovou-hranatou-slim-sprchou-seda-cb60101tsb-25746\/","url":"https:\/\/www.domkraftpro.com\/index.php\/produkt\/znackovy-mereo-termostaticka-vanova-baterie-s-talirovou-hranatou-slim-sprchou-seda-cb60101tsb-25746\/","name":"Zna\u010dkov\u00fd Mereo Termostatick\u00e1 vanov\u00e1 baterie s tal\u00ed\u0159ovou hranatou slim sprchou, \u0161ed\u00e1 CB60101TSB -","isPartOf":{"@id":"https:\/\/www.domkraftpro.com\/#website"},"primaryImageOfPage":{"@id":"https:\/\/www.domkraftpro.com\/index.php\/produkt\/znackovy-mereo-termostaticka-vanova-baterie-s-talirovou-hranatou-slim-sprchou-seda-cb60101tsb-25746\/#primaryimage"},"image":{"@id":"https:\/\/www.domkraftpro.com\/index.php\/produkt\/znackovy-mereo-termostaticka-vanova-baterie-s-talirovou-hranatou-slim-sprchou-seda-cb60101tsb-25746\/#primaryimage"},"thumbnailUrl":"https:\/\/www.domkraftpro.com\/wp-content\/uploads\/2026\/SK0005858-CZ20260425-093136-0-1777080698-35460_e6739479ec7a15-cb60101tsb-new-jpg-2023-12-11-12-38-36.webp","datePublished":"2026-04-27T04:41:29+00:00","breadcrumb":{"@id":"https:\/\/www.domkraftpro.com\/index.php\/produkt\/znackovy-mereo-termostaticka-vanova-baterie-s-talirovou-hranatou-slim-sprchou-seda-cb60101tsb-25746\/#breadcrumb"},"inLanguage":"cs","potentialAction":[{"@type":"ReadAction","target":["https:\/\/www.domkraftpro.com\/index.php\/produkt\/znackovy-mereo-termostaticka-vanova-baterie-s-talirovou-hranatou-slim-sprchou-seda-cb60101tsb-25746\/"]}]},{"@type":"ImageObject","inLanguage":"cs","@id":"https:\/\/www.domkraftpro.com\/index.php\/produkt\/znackovy-mereo-termostaticka-vanova-baterie-s-talirovou-hranatou-slim-sprchou-seda-cb60101tsb-25746\/#primaryimage","url":"https:\/\/www.domkraftpro.com\/wp-content\/uploads\/2026\/SK0005858-CZ20260425-093136-0-1777080698-35460_e6739479ec7a15-cb60101tsb-new-jpg-2023-12-11-12-38-36.webp","contentUrl":"https:\/\/www.domkraftpro.com\/wp-content\/uploads\/2026\/SK0005858-CZ20260425-093136-0-1777080698-35460_e6739479ec7a15-cb60101tsb-new-jpg-2023-12-11-12-38-36.webp","width":1000,"height":750},{"@type":"BreadcrumbList","@id":"https:\/\/www.domkraftpro.com\/index.php\/produkt\/znackovy-mereo-termostaticka-vanova-baterie-s-talirovou-hranatou-slim-sprchou-seda-cb60101tsb-25746\/#breadcrumb","itemListElement":[{"@type":"ListItem","position":1,"name":"Home","item":"https:\/\/www.domkraftpro.com\/"},{"@type":"ListItem","position":2,"name":"Products","item":"https:\/\/www.domkraftpro.com\/index.php\/products\/"},{"@type":"ListItem","position":3,"name":"Zna\u010dkov\u00fd Mereo Termostatick\u00e1 vanov\u00e1 baterie s tal\u00ed\u0159ovou hranatou slim sprchou, \u0161ed\u00e1 CB60101TSB"}]},{"@type":"WebSite","@id":"https:\/\/www.domkraftpro.com\/#website","url":"https:\/\/www.domkraftpro.com\/","name":"","description":"","potentialAction":[{"@type":"SearchAction","target":{"@type":"EntryPoint","urlTemplate":"https:\/\/www.domkraftpro.com\/?s={search_term_string}"},"query-input":{"@type":"PropertyValueSpecification","valueRequired":true,"valueName":"search_term_string"}}],"inLanguage":"cs"}]}},"_links":{"self":[{"href":"https:\/\/www.domkraftpro.com\/index.php\/wp-json\/wp\/v2\/product\/25746","targetHints":{"allow":["GET"]}}],"collection":[{"href":"https:\/\/www.domkraftpro.com\/index.php\/wp-json\/wp\/v2\/product"}],"about":[{"href":"https:\/\/www.domkraftpro.com\/index.php\/wp-json\/wp\/v2\/types\/product"}],"replies":[{"embeddable":true,"href":"https:\/\/www.domkraftpro.com\/index.php\/wp-json\/wp\/v2\/comments?post=25746"}],"wp:featuredmedia":[{"embeddable":true,"href":"https:\/\/www.domkraftpro.com\/index.php\/wp-json\/wp\/v2\/media\/25846"}],"wp:attachment":[{"href":"https:\/\/www.domkraftpro.com\/index.php\/wp-json\/wp\/v2\/media?parent=25746"}],"wp:term":[{"taxonomy":"product_brand","embeddable":true,"href":"https:\/\/www.domkraftpro.com\/index.php\/wp-json\/wp\/v2\/product_brand?post=25746"},{"taxonomy":"product_cat","embeddable":true,"href":"https:\/\/www.domkraftpro.com\/index.php\/wp-json\/wp\/v2\/product_cat?post=25746"},{"taxonomy":"product_tag","embeddable":true,"href":"https:\/\/www.domkraftpro.com\/index.php\/wp-json\/wp\/v2\/product_tag?post=25746"}],"curies":[{"name":"wp","href":"https:\/\/api.w.org\/{rel}","templated":true}]}}