{"id":25580,"date":"2026-04-27T04:41:28","date_gmt":"2026-04-27T04:41:28","guid":{"rendered":""},"modified":"2026-04-27T04:41:28","modified_gmt":"2026-04-27T04:41:28","slug":"znackovy-polysan-easy-obdelnikovy-sprchovy-kout-pivot-dvere-900-1000x700mm-l-p-varianta-sklo-brick-el1738el3138-25580","status":"publish","type":"product","link":"https:\/\/www.domkraftpro.com\/index.php\/produkt\/znackovy-polysan-easy-obdelnikovy-sprchovy-kout-pivot-dvere-900-1000x700mm-l-p-varianta-sklo-brick-el1738el3138-25580\/","title":{"rendered":"Zna\u010dkov\u00fd Polysan EASY obd\u00e9ln\u00edkov\u00fd sprchov\u00fd kout pivot dve\u0159e 900-1000x700mm L\/P varianta, sklo Brick EL1738EL3138"},"content":{"rendered":"<h3>Dopl\u0148kov\u00e9 parametry<\/h3>\n<table class=\"detail-parameters\">\n<tbody>\n<tr>\n<th>        <span class=\"row-header-label\">            Kategorie<span class=\"row-header-label-colon\">:<\/span>        <\/span>    <\/th>\n<td>        S\u00e9rie EASY LINE    <\/td>\n<\/tr>\n<tr>\n<th>            <span class=\"row-header-label\">                Hmotnost<span class=\"row-header-label-colon\">:<\/span>            <\/span>        <\/th>\n<td>            53 kg        <\/td>\n<\/tr>\n<tr class=\"productEan\">\n<th>          <span class=\"row-header-label productEan__label\">              EAN<span class=\"row-header-label-colon\">:<\/span>          <\/span>      <\/th>\n<td>          <span class=\"productEan__value\">8590913904615<\/span>      <\/td>\n<\/tr>\n<tr>\n<th>                <span class=\"row-header-label\">                                            3D model<span class=\"row-header-label-colon\">:<\/span>                                    <\/span>            <\/th>\n<td>                                                            ANO                                                <\/td>\n<\/tr>\n<tr>\n<th>                <span class=\"row-header-label\">                                            Balen\u00ed<span class=\"row-header-label-colon\">:<\/span>                                    <\/span>            <\/th>\n<td>                                                            2 ks                                                <\/td>\n<\/tr>\n<tr>\n<th>                <span class=\"row-header-label\">                                            Barva profilu<span class=\"row-header-label-colon\">:<\/span>                                    <\/span>            <\/th>\n<td>                                                            Chrom &#8211; Le\u0161t\u011bn\u00fd hlin\u00edk                                                <\/td>\n<\/tr>\n<tr>\n<th>                <span class=\"row-header-label\">                                            Hloubka<span class=\"row-header-label-colon\">:<\/span>                                    <\/span>            <\/th>\n<td>                                                            700 mm                                                <\/td>\n<\/tr>\n<tr>\n<th>                <span class=\"row-header-label\">                                            Hmotnost<span class=\"row-header-label-colon\">:<\/span>                                    <\/span>            <\/th>\n<td>                                                            53 kg                                                <\/td>\n<\/tr>\n<tr>\n<th>                <span class=\"row-header-label\">                                            Rozm\u011br<span class=\"row-header-label-colon\">:<\/span>                                    <\/span>            <\/th>\n<td>                                                            100&#215;70 cm                                                <\/td>\n<\/tr>\n<tr>\n<th>                <span class=\"row-header-label\">                                            S\u00e9rie<span class=\"row-header-label-colon\">:<\/span>                                    <\/span>            <\/th>\n<td>                                                            EASY                                                <\/td>\n<\/tr>\n<tr>\n<th>                <span class=\"row-header-label\">                                            Sm\u011br otev\u00edr\u00e1n\u00ed<span class=\"row-header-label-colon\">:<\/span>                                    <\/span>            <\/th>\n<td>                                                            Univerz\u00e1ln\u00ed                                                <\/td>\n<\/tr>\n<tr>\n<th>                <span class=\"row-header-label\">                                            \u0160\u00ed\u0159ka<span class=\"row-header-label-colon\">:<\/span>                                    <\/span>            <\/th>\n<td>                                                            1000 mm                                                <\/td>\n<\/tr>\n<tr>\n<th>                <span class=\"row-header-label\">                                            \u0160\u00ed\u0159ka vstupu<span class=\"row-header-label-colon\">:<\/span>                                    <\/span>            <\/th>\n<td>                                                            560 mm                                                <\/td>\n<\/tr>\n<tr>\n<th>                <span class=\"row-header-label\">                                            Tlou\u0161\u0165ka skla<span class=\"row-header-label-colon\">:<\/span>                                    <\/span>            <\/th>\n<td>                                                            6 mm                                                <\/td>\n<\/tr>\n<tr>\n<th>                <span class=\"row-header-label\">                                            Tvar<span class=\"row-header-label-colon\">:<\/span>                                    <\/span>            <\/th>\n<td>                                                            Obd\u00e9ln\u00edkov\u00e9 z\u00e1st\u011bny                                                <\/td>\n<\/tr>\n<tr>\n<th>                <span class=\"row-header-label\">                                            Typ otev\u00edran\u00ed<span class=\"row-header-label-colon\">:<\/span>                                    <\/span>            <\/th>\n<td>                                                            Otev\u00edrac\u00ed jednok\u0159\u00eddl\u00e9                                                <\/td>\n<\/tr>\n<tr>\n<th>                <span class=\"row-header-label\">                                            Typ v\u00fdpln\u011b<span class=\"row-header-label-colon\">:<\/span>                                    <\/span>            <\/th>\n<td>                                                            Brick sklo                                                <\/td>\n<\/tr>\n<tr>\n<th>                <span class=\"row-header-label\">                                            Vlastnosti<span class=\"row-header-label-colon\">:<\/span>                                    <\/span>            <\/th>\n<td>                                                            R\u00e1mov\u00e9 proveden\u00ed                                                <\/td>\n<\/tr>\n<tr>\n<th>                <span class=\"row-header-label\">                                            V\u00fd\u0161ka<span class=\"row-header-label-colon\">:<\/span>                                    <\/span>            <\/th>\n<td>                                                            1900 mm                                                <\/td>\n<\/tr>\n<tr>\n<th>                <span class=\"row-header-label\">                                            Z\u00e1ru\u010dn\u00ed doba<span class=\"row-header-label-colon\">:<\/span>                                    <\/span>            <\/th>\n<td>                                                            2 roky                                                <\/td>\n<\/tr>\n<tr>\n<th>                <span class=\"row-header-label\">                                            Balen\u00ed &#8211; hmotnost<span class=\"row-header-label-colon\">:<\/span>                                    <\/span>            <\/th>\n<td>                                                            53.000 kg                                                <\/td>\n<\/tr>\n<\/tbody>\n<\/table><\/div>\n<\/p><\/div>\n<\/p><\/div>\n","protected":false},"excerpt":{"rendered":"<p>Dopl\u0148kov\u00e9 parametry Kategorie: S\u00e9rie EASY LINE Hmotnost: 53 kg EAN: 8590913904615 3D model: ANO Balen\u00ed: 2 ks Barva profilu: Chrom &#8211; Le\u0161t\u011bn\u00fd hlin\u00edk Hloubka: 700 mm Hmotnost: 53 kg Rozm\u011br: 100&#215;70 cm S\u00e9rie: EASY Sm\u011br otev\u00edr\u00e1n\u00ed: Univerz\u00e1ln\u00ed \u0160\u00ed\u0159ka: 1000 mm \u0160\u00ed\u0159ka vstupu: 560 mm Tlou\u0161\u0165ka skla: 6 mm Tvar: Obd\u00e9ln\u00edkov\u00e9 z\u00e1st\u011bny Typ otev\u00edran\u00ed: Otev\u00edrac\u00ed jednok\u0159\u00eddl\u00e9 [&hellip;]<\/p>\n","protected":false},"featured_media":25680,"comment_status":"open","ping_status":"open","template":"","meta":[],"product_brand":[],"product_cat":[90],"product_tag":[],"class_list":{"0":"post-25580","1":"product","2":"type-product","3":"status-publish","4":"has-post-thumbnail","6":"product_cat-koupelny","8":"first","9":"instock","10":"sale","11":"shipping-taxable","12":"purchasable","13":"product-type-simple"},"yoast_head":"<!-- This site is optimized with the Yoast SEO plugin v26.8 - https:\/\/yoast.com\/product\/yoast-seo-wordpress\/ -->\n<title>Zna\u010dkov\u00fd Polysan EASY obd\u00e9ln\u00edkov\u00fd sprchov\u00fd kout pivot dve\u0159e 900-1000x700mm L\/P varianta, sklo Brick EL1738EL3138 -<\/title>\n<meta name=\"robots\" content=\"index, follow, max-snippet:-1, max-image-preview:large, max-video-preview:-1\" \/>\n<link rel=\"canonical\" href=\"https:\/\/www.domkraftpro.com\/index.php\/produkt\/znackovy-polysan-easy-obdelnikovy-sprchovy-kout-pivot-dvere-900-1000x700mm-l-p-varianta-sklo-brick-el1738el3138-25580\/\" \/>\n<meta property=\"og:locale\" content=\"cs_CZ\" \/>\n<meta property=\"og:type\" content=\"article\" \/>\n<meta property=\"og:title\" content=\"Zna\u010dkov\u00fd Polysan EASY obd\u00e9ln\u00edkov\u00fd sprchov\u00fd kout pivot dve\u0159e 900-1000x700mm L\/P varianta, sklo Brick EL1738EL3138 -\" \/>\n<meta property=\"og:description\" content=\"Dopl\u0148kov\u00e9 parametry Kategorie: S\u00e9rie EASY LINE Hmotnost: 53 kg EAN: 8590913904615 3D model: ANO Balen\u00ed: 2 ks Barva profilu: Chrom &#8211; Le\u0161t\u011bn\u00fd hlin\u00edk Hloubka: 700 mm Hmotnost: 53 kg Rozm\u011br: 100&#215;70 cm S\u00e9rie: EASY Sm\u011br otev\u00edr\u00e1n\u00ed: Univerz\u00e1ln\u00ed \u0160\u00ed\u0159ka: 1000 mm \u0160\u00ed\u0159ka vstupu: 560 mm Tlou\u0161\u0165ka skla: 6 mm Tvar: Obd\u00e9ln\u00edkov\u00e9 z\u00e1st\u011bny Typ otev\u00edran\u00ed: Otev\u00edrac\u00ed jednok\u0159\u00eddl\u00e9 [&hellip;]\" \/>\n<meta property=\"og:url\" content=\"https:\/\/www.domkraftpro.com\/index.php\/produkt\/znackovy-polysan-easy-obdelnikovy-sprchovy-kout-pivot-dvere-900-1000x700mm-l-p-varianta-sklo-brick-el1738el3138-25580\/\" \/>\n<meta property=\"og:image\" content=\"https:\/\/www.domkraftpro.com\/wp-content\/uploads\/2026\/SK0005792-CZ20260425-093136-0-1777080698-35739_el1738el3138-137417478715346.webp\" \/>\n\t<meta property=\"og:image:width\" content=\"1000\" \/>\n\t<meta property=\"og:image:height\" content=\"750\" \/>\n\t<meta property=\"og:image:type\" content=\"image\/webp\" \/>\n<meta name=\"twitter:card\" content=\"summary_large_image\" \/>\n<script type=\"application\/ld+json\" class=\"yoast-schema-graph\">{\"@context\":\"https:\/\/schema.org\",\"@graph\":[{\"@type\":\"WebPage\",\"@id\":\"https:\/\/www.domkraftpro.com\/index.php\/produkt\/znackovy-polysan-easy-obdelnikovy-sprchovy-kout-pivot-dvere-900-1000x700mm-l-p-varianta-sklo-brick-el1738el3138-25580\/\",\"url\":\"https:\/\/www.domkraftpro.com\/index.php\/produkt\/znackovy-polysan-easy-obdelnikovy-sprchovy-kout-pivot-dvere-900-1000x700mm-l-p-varianta-sklo-brick-el1738el3138-25580\/\",\"name\":\"Zna\u010dkov\u00fd Polysan EASY obd\u00e9ln\u00edkov\u00fd sprchov\u00fd kout pivot dve\u0159e 900-1000x700mm L\/P varianta, sklo Brick EL1738EL3138 -\",\"isPartOf\":{\"@id\":\"https:\/\/www.domkraftpro.com\/#website\"},\"primaryImageOfPage\":{\"@id\":\"https:\/\/www.domkraftpro.com\/index.php\/produkt\/znackovy-polysan-easy-obdelnikovy-sprchovy-kout-pivot-dvere-900-1000x700mm-l-p-varianta-sklo-brick-el1738el3138-25580\/#primaryimage\"},\"image\":{\"@id\":\"https:\/\/www.domkraftpro.com\/index.php\/produkt\/znackovy-polysan-easy-obdelnikovy-sprchovy-kout-pivot-dvere-900-1000x700mm-l-p-varianta-sklo-brick-el1738el3138-25580\/#primaryimage\"},\"thumbnailUrl\":\"https:\/\/www.domkraftpro.com\/wp-content\/uploads\/2026\/SK0005792-CZ20260425-093136-0-1777080698-35739_el1738el3138-137417478715346.webp\",\"datePublished\":\"2026-04-27T04:41:28+00:00\",\"breadcrumb\":{\"@id\":\"https:\/\/www.domkraftpro.com\/index.php\/produkt\/znackovy-polysan-easy-obdelnikovy-sprchovy-kout-pivot-dvere-900-1000x700mm-l-p-varianta-sklo-brick-el1738el3138-25580\/#breadcrumb\"},\"inLanguage\":\"cs\",\"potentialAction\":[{\"@type\":\"ReadAction\",\"target\":[\"https:\/\/www.domkraftpro.com\/index.php\/produkt\/znackovy-polysan-easy-obdelnikovy-sprchovy-kout-pivot-dvere-900-1000x700mm-l-p-varianta-sklo-brick-el1738el3138-25580\/\"]}]},{\"@type\":\"ImageObject\",\"inLanguage\":\"cs\",\"@id\":\"https:\/\/www.domkraftpro.com\/index.php\/produkt\/znackovy-polysan-easy-obdelnikovy-sprchovy-kout-pivot-dvere-900-1000x700mm-l-p-varianta-sklo-brick-el1738el3138-25580\/#primaryimage\",\"url\":\"https:\/\/www.domkraftpro.com\/wp-content\/uploads\/2026\/SK0005792-CZ20260425-093136-0-1777080698-35739_el1738el3138-137417478715346.webp\",\"contentUrl\":\"https:\/\/www.domkraftpro.com\/wp-content\/uploads\/2026\/SK0005792-CZ20260425-093136-0-1777080698-35739_el1738el3138-137417478715346.webp\",\"width\":1000,\"height\":750},{\"@type\":\"BreadcrumbList\",\"@id\":\"https:\/\/www.domkraftpro.com\/index.php\/produkt\/znackovy-polysan-easy-obdelnikovy-sprchovy-kout-pivot-dvere-900-1000x700mm-l-p-varianta-sklo-brick-el1738el3138-25580\/#breadcrumb\",\"itemListElement\":[{\"@type\":\"ListItem\",\"position\":1,\"name\":\"Home\",\"item\":\"https:\/\/www.domkraftpro.com\/\"},{\"@type\":\"ListItem\",\"position\":2,\"name\":\"Products\",\"item\":\"https:\/\/www.domkraftpro.com\/index.php\/products\/\"},{\"@type\":\"ListItem\",\"position\":3,\"name\":\"Zna\u010dkov\u00fd Polysan EASY obd\u00e9ln\u00edkov\u00fd sprchov\u00fd kout pivot dve\u0159e 900-1000x700mm L\/P varianta, sklo Brick EL1738EL3138\"}]},{\"@type\":\"WebSite\",\"@id\":\"https:\/\/www.domkraftpro.com\/#website\",\"url\":\"https:\/\/www.domkraftpro.com\/\",\"name\":\"\",\"description\":\"\",\"potentialAction\":[{\"@type\":\"SearchAction\",\"target\":{\"@type\":\"EntryPoint\",\"urlTemplate\":\"https:\/\/www.domkraftpro.com\/?s={search_term_string}\"},\"query-input\":{\"@type\":\"PropertyValueSpecification\",\"valueRequired\":true,\"valueName\":\"search_term_string\"}}],\"inLanguage\":\"cs\"}]}<\/script>\n<!-- \/ Yoast SEO plugin. -->","yoast_head_json":{"title":"Zna\u010dkov\u00fd Polysan EASY obd\u00e9ln\u00edkov\u00fd sprchov\u00fd kout pivot dve\u0159e 900-1000x700mm L\/P varianta, sklo Brick EL1738EL3138 -","robots":{"index":"index","follow":"follow","max-snippet":"max-snippet:-1","max-image-preview":"max-image-preview:large","max-video-preview":"max-video-preview:-1"},"canonical":"https:\/\/www.domkraftpro.com\/index.php\/produkt\/znackovy-polysan-easy-obdelnikovy-sprchovy-kout-pivot-dvere-900-1000x700mm-l-p-varianta-sklo-brick-el1738el3138-25580\/","og_locale":"cs_CZ","og_type":"article","og_title":"Zna\u010dkov\u00fd Polysan EASY obd\u00e9ln\u00edkov\u00fd sprchov\u00fd kout pivot dve\u0159e 900-1000x700mm L\/P varianta, sklo Brick EL1738EL3138 -","og_description":"Dopl\u0148kov\u00e9 parametry Kategorie: S\u00e9rie EASY LINE Hmotnost: 53 kg EAN: 8590913904615 3D model: ANO Balen\u00ed: 2 ks Barva profilu: Chrom &#8211; Le\u0161t\u011bn\u00fd hlin\u00edk Hloubka: 700 mm Hmotnost: 53 kg Rozm\u011br: 100&#215;70 cm S\u00e9rie: EASY Sm\u011br otev\u00edr\u00e1n\u00ed: Univerz\u00e1ln\u00ed \u0160\u00ed\u0159ka: 1000 mm \u0160\u00ed\u0159ka vstupu: 560 mm Tlou\u0161\u0165ka skla: 6 mm Tvar: Obd\u00e9ln\u00edkov\u00e9 z\u00e1st\u011bny Typ otev\u00edran\u00ed: Otev\u00edrac\u00ed jednok\u0159\u00eddl\u00e9 [&hellip;]","og_url":"https:\/\/www.domkraftpro.com\/index.php\/produkt\/znackovy-polysan-easy-obdelnikovy-sprchovy-kout-pivot-dvere-900-1000x700mm-l-p-varianta-sklo-brick-el1738el3138-25580\/","og_image":[{"width":1000,"height":750,"url":"https:\/\/www.domkraftpro.com\/wp-content\/uploads\/2026\/SK0005792-CZ20260425-093136-0-1777080698-35739_el1738el3138-137417478715346.webp","type":"image\/webp"}],"twitter_card":"summary_large_image","schema":{"@context":"https:\/\/schema.org","@graph":[{"@type":"WebPage","@id":"https:\/\/www.domkraftpro.com\/index.php\/produkt\/znackovy-polysan-easy-obdelnikovy-sprchovy-kout-pivot-dvere-900-1000x700mm-l-p-varianta-sklo-brick-el1738el3138-25580\/","url":"https:\/\/www.domkraftpro.com\/index.php\/produkt\/znackovy-polysan-easy-obdelnikovy-sprchovy-kout-pivot-dvere-900-1000x700mm-l-p-varianta-sklo-brick-el1738el3138-25580\/","name":"Zna\u010dkov\u00fd Polysan EASY obd\u00e9ln\u00edkov\u00fd sprchov\u00fd kout pivot dve\u0159e 900-1000x700mm L\/P varianta, sklo Brick EL1738EL3138 -","isPartOf":{"@id":"https:\/\/www.domkraftpro.com\/#website"},"primaryImageOfPage":{"@id":"https:\/\/www.domkraftpro.com\/index.php\/produkt\/znackovy-polysan-easy-obdelnikovy-sprchovy-kout-pivot-dvere-900-1000x700mm-l-p-varianta-sklo-brick-el1738el3138-25580\/#primaryimage"},"image":{"@id":"https:\/\/www.domkraftpro.com\/index.php\/produkt\/znackovy-polysan-easy-obdelnikovy-sprchovy-kout-pivot-dvere-900-1000x700mm-l-p-varianta-sklo-brick-el1738el3138-25580\/#primaryimage"},"thumbnailUrl":"https:\/\/www.domkraftpro.com\/wp-content\/uploads\/2026\/SK0005792-CZ20260425-093136-0-1777080698-35739_el1738el3138-137417478715346.webp","datePublished":"2026-04-27T04:41:28+00:00","breadcrumb":{"@id":"https:\/\/www.domkraftpro.com\/index.php\/produkt\/znackovy-polysan-easy-obdelnikovy-sprchovy-kout-pivot-dvere-900-1000x700mm-l-p-varianta-sklo-brick-el1738el3138-25580\/#breadcrumb"},"inLanguage":"cs","potentialAction":[{"@type":"ReadAction","target":["https:\/\/www.domkraftpro.com\/index.php\/produkt\/znackovy-polysan-easy-obdelnikovy-sprchovy-kout-pivot-dvere-900-1000x700mm-l-p-varianta-sklo-brick-el1738el3138-25580\/"]}]},{"@type":"ImageObject","inLanguage":"cs","@id":"https:\/\/www.domkraftpro.com\/index.php\/produkt\/znackovy-polysan-easy-obdelnikovy-sprchovy-kout-pivot-dvere-900-1000x700mm-l-p-varianta-sklo-brick-el1738el3138-25580\/#primaryimage","url":"https:\/\/www.domkraftpro.com\/wp-content\/uploads\/2026\/SK0005792-CZ20260425-093136-0-1777080698-35739_el1738el3138-137417478715346.webp","contentUrl":"https:\/\/www.domkraftpro.com\/wp-content\/uploads\/2026\/SK0005792-CZ20260425-093136-0-1777080698-35739_el1738el3138-137417478715346.webp","width":1000,"height":750},{"@type":"BreadcrumbList","@id":"https:\/\/www.domkraftpro.com\/index.php\/produkt\/znackovy-polysan-easy-obdelnikovy-sprchovy-kout-pivot-dvere-900-1000x700mm-l-p-varianta-sklo-brick-el1738el3138-25580\/#breadcrumb","itemListElement":[{"@type":"ListItem","position":1,"name":"Home","item":"https:\/\/www.domkraftpro.com\/"},{"@type":"ListItem","position":2,"name":"Products","item":"https:\/\/www.domkraftpro.com\/index.php\/products\/"},{"@type":"ListItem","position":3,"name":"Zna\u010dkov\u00fd Polysan EASY obd\u00e9ln\u00edkov\u00fd sprchov\u00fd kout pivot dve\u0159e 900-1000x700mm L\/P varianta, sklo Brick EL1738EL3138"}]},{"@type":"WebSite","@id":"https:\/\/www.domkraftpro.com\/#website","url":"https:\/\/www.domkraftpro.com\/","name":"","description":"","potentialAction":[{"@type":"SearchAction","target":{"@type":"EntryPoint","urlTemplate":"https:\/\/www.domkraftpro.com\/?s={search_term_string}"},"query-input":{"@type":"PropertyValueSpecification","valueRequired":true,"valueName":"search_term_string"}}],"inLanguage":"cs"}]}},"_links":{"self":[{"href":"https:\/\/www.domkraftpro.com\/index.php\/wp-json\/wp\/v2\/product\/25580","targetHints":{"allow":["GET"]}}],"collection":[{"href":"https:\/\/www.domkraftpro.com\/index.php\/wp-json\/wp\/v2\/product"}],"about":[{"href":"https:\/\/www.domkraftpro.com\/index.php\/wp-json\/wp\/v2\/types\/product"}],"replies":[{"embeddable":true,"href":"https:\/\/www.domkraftpro.com\/index.php\/wp-json\/wp\/v2\/comments?post=25580"}],"wp:featuredmedia":[{"embeddable":true,"href":"https:\/\/www.domkraftpro.com\/index.php\/wp-json\/wp\/v2\/media\/25680"}],"wp:attachment":[{"href":"https:\/\/www.domkraftpro.com\/index.php\/wp-json\/wp\/v2\/media?parent=25580"}],"wp:term":[{"taxonomy":"product_brand","embeddable":true,"href":"https:\/\/www.domkraftpro.com\/index.php\/wp-json\/wp\/v2\/product_brand?post=25580"},{"taxonomy":"product_cat","embeddable":true,"href":"https:\/\/www.domkraftpro.com\/index.php\/wp-json\/wp\/v2\/product_cat?post=25580"},{"taxonomy":"product_tag","embeddable":true,"href":"https:\/\/www.domkraftpro.com\/index.php\/wp-json\/wp\/v2\/product_tag?post=25580"}],"curies":[{"name":"wp","href":"https:\/\/api.w.org\/{rel}","templated":true}]}}