{"id":25357,"date":"2026-04-27T04:41:28","date_gmt":"2026-04-27T04:41:28","guid":{"rendered":""},"modified":"2026-04-27T04:41:28","modified_gmt":"2026-04-27T04:41:28","slug":"znackovy-mereo-sprchovy-kout-lima-obdelnik-do-prostoru-u-pivotovy-90x80x90-cm-chrom-alu-sklo-cire-ck87893k-25357","status":"publish","type":"product","link":"https:\/\/www.domkraftpro.com\/index.php\/produkt\/znackovy-mereo-sprchovy-kout-lima-obdelnik-do-prostoru-u-pivotovy-90x80x90-cm-chrom-alu-sklo-cire-ck87893k-25357\/","title":{"rendered":"Zna\u010dkov\u00fd Mereo Sprchov\u00fd kout Lima, obd\u00e9ln\u00edk do prostoru U, pivotov\u00fd, 90x80x90 cm, chrom ALU, sklo \u010cir\u00e9 CK87893K"},"content":{"rendered":"<h3>Dopl\u0148kov\u00e9 parametry<\/h3>\n<table class=\"detail-parameters\">\n<tbody>\n<tr>\n<th>        <span class=\"row-header-label\">            Kategorie<span class=\"row-header-label-colon\">:<\/span>        <\/span>    <\/th>\n<td>        Sprchov\u00e9 kouty a boxy    <\/td>\n<\/tr>\n<tr>\n<th>            <span class=\"row-header-label\">                Hmotnost<span class=\"row-header-label-colon\">:<\/span>            <\/span>        <\/th>\n<td>            77 kg        <\/td>\n<\/tr>\n<tr class=\"productEan\">\n<th>          <span class=\"row-header-label productEan__label\">              EAN<span class=\"row-header-label-colon\">:<\/span>          <\/span>      <\/th>\n<td>          <span class=\"productEan__value\">8592480076306<\/span>      <\/td>\n<\/tr>\n<tr>\n<th>                <span class=\"row-header-label\">                                            Barva<span class=\"row-header-label-colon\">:<\/span>                                    <\/span>            <\/th>\n<td>                                                            Chrom                                                <\/td>\n<\/tr>\n<tr>\n<th>                <span class=\"row-header-label\">                                            D\u00e9lka<span class=\"row-header-label-colon\">:<\/span>                                    <\/span>            <\/th>\n<td>                                                            1900 mm                                                <\/td>\n<\/tr>\n<tr>\n<th>                <span class=\"row-header-label\">                                            Hloubka<span class=\"row-header-label-colon\">:<\/span>                                    <\/span>            <\/th>\n<td>                                                            900 mm                                                <\/td>\n<\/tr>\n<tr>\n<th>                <span class=\"row-header-label\">                                            Hmotnost<span class=\"row-header-label-colon\">:<\/span>                                    <\/span>            <\/th>\n<td>                                                            77 kg                                                <\/td>\n<\/tr>\n<tr>\n<th>                <span class=\"row-header-label\">                                            Konstrukce<span class=\"row-header-label-colon\">:<\/span>                                    <\/span>            <\/th>\n<td>                                                            Pevn\u00fd d\u00edl \/ Dve\u0159e \/ Pevn\u00fd d\u00edl                                                <\/td>\n<\/tr>\n<tr>\n<th>                <span class=\"row-header-label\">                                            Materi\u00e1l<span class=\"row-header-label-colon\">:<\/span>                                    <\/span>            <\/th>\n<td>                                                            Hlin\u00edkov\u00e9 profily                                                <\/td>\n<\/tr>\n<tr>\n<th>                <span class=\"row-header-label\">                                            Ochrann\u00e1 vrstva skla<span class=\"row-header-label-colon\">:<\/span>                                    <\/span>            <\/th>\n<td>                                                            EASY CLEAN                                                <\/td>\n<\/tr>\n<tr>\n<th>                <span class=\"row-header-label\">                                            S\u00e9rie<span class=\"row-header-label-colon\">:<\/span>                                    <\/span>            <\/th>\n<td>                                                            Lima                                                <\/td>\n<\/tr>\n<tr>\n<th>                <span class=\"row-header-label\">                                            Stavitelnost<span class=\"row-header-label-colon\">:<\/span>                                    <\/span>            <\/th>\n<td>                                                            870-880 x 770-780 x 870-880                                                <\/td>\n<\/tr>\n<tr>\n<th>                <span class=\"row-header-label\">                                            \u0160\u00ed\u0159ka<span class=\"row-header-label-colon\">:<\/span>                                    <\/span>            <\/th>\n<td>                                                            800 mm                                                <\/td>\n<\/tr>\n<tr>\n<th>                <span class=\"row-header-label\">                                            Tlou\u0161\u0165ka skla<span class=\"row-header-label-colon\">:<\/span>                                    <\/span>            <\/th>\n<td>                                                            6 mm                                                <\/td>\n<\/tr>\n<tr>\n<th>                <span class=\"row-header-label\">                                            Tvar<span class=\"row-header-label-colon\">:<\/span>                                    <\/span>            <\/th>\n<td>                                                            Obd\u00e9ln\u00edk,                                                                                 &quot;U&quot; kout                                                <\/td>\n<\/tr>\n<tr>\n<th>                <span class=\"row-header-label\">                                            Typ<span class=\"row-header-label-colon\">:<\/span>                                    <\/span>            <\/th>\n<td>                                                            L\/P univers\u00e1ln\u00ed,                                                                                 Sprchov\u00fd kout                                                <\/td>\n<\/tr>\n<tr>\n<th>                <span class=\"row-header-label\">                                            Vstupn\u00ed otvor<span class=\"row-header-label-colon\">:<\/span>                                    <\/span>            <\/th>\n<td>                                                            520                                                <\/td>\n<\/tr>\n<tr>\n<th>                <span class=\"row-header-label\">                                            V\u00fdpl\u0148<span class=\"row-header-label-colon\">:<\/span>                                    <\/span>            <\/th>\n<td>                                                            \u010cir\u00e9                                                <\/td>\n<\/tr>\n<tr>\n<th>                <span class=\"row-header-label\">                                            Z\u00e1ru\u010dn\u00ed doba<span class=\"row-header-label-colon\">:<\/span>                                    <\/span>            <\/th>\n<td>                                                            5 let                                                <\/td>\n<\/tr>\n<tr>\n<th>                <span class=\"row-header-label\">                                            Zp\u016fsob otev\u00edr\u00e1n\u00ed<span class=\"row-header-label-colon\">:<\/span>                                    <\/span>            <\/th>\n<td>                                                            Pivotov\u00e9                                                <\/td>\n<\/tr>\n<\/tbody>\n<\/table><\/div>\n<\/p><\/div>\n<\/p><\/div>\n","protected":false},"excerpt":{"rendered":"<p>Dopl\u0148kov\u00e9 parametry Kategorie: Sprchov\u00e9 kouty a boxy Hmotnost: 77 kg EAN: 8592480076306 Barva: Chrom D\u00e9lka: 1900 mm Hloubka: 900 mm Hmotnost: 77 kg Konstrukce: Pevn\u00fd d\u00edl \/ Dve\u0159e \/ Pevn\u00fd d\u00edl Materi\u00e1l: Hlin\u00edkov\u00e9 profily Ochrann\u00e1 vrstva skla: EASY CLEAN S\u00e9rie: Lima Stavitelnost: 870-880 x 770-780 x 870-880 \u0160\u00ed\u0159ka: 800 mm Tlou\u0161\u0165ka skla: 6 mm Tvar: [&hellip;]<\/p>\n","protected":false},"featured_media":25457,"comment_status":"open","ping_status":"open","template":"","meta":[],"product_brand":[],"product_cat":[90],"product_tag":[],"class_list":{"0":"post-25357","1":"product","2":"type-product","3":"status-publish","4":"has-post-thumbnail","6":"product_cat-koupelny","8":"first","9":"instock","10":"sale","11":"shipping-taxable","12":"purchasable","13":"product-type-simple"},"yoast_head":"<!-- This site is optimized with the Yoast SEO plugin v26.8 - https:\/\/yoast.com\/product\/yoast-seo-wordpress\/ -->\n<title>Zna\u010dkov\u00fd Mereo Sprchov\u00fd kout Lima, obd\u00e9ln\u00edk do prostoru U, pivotov\u00fd, 90x80x90 cm, chrom ALU, sklo \u010cir\u00e9 CK87893K -<\/title>\n<meta name=\"robots\" content=\"index, follow, max-snippet:-1, max-image-preview:large, max-video-preview:-1\" \/>\n<link rel=\"canonical\" href=\"https:\/\/www.domkraftpro.com\/index.php\/produkt\/znackovy-mereo-sprchovy-kout-lima-obdelnik-do-prostoru-u-pivotovy-90x80x90-cm-chrom-alu-sklo-cire-ck87893k-25357\/\" \/>\n<meta property=\"og:locale\" content=\"cs_CZ\" \/>\n<meta property=\"og:type\" content=\"article\" \/>\n<meta property=\"og:title\" content=\"Zna\u010dkov\u00fd Mereo Sprchov\u00fd kout Lima, obd\u00e9ln\u00edk do prostoru U, pivotov\u00fd, 90x80x90 cm, chrom ALU, sklo \u010cir\u00e9 CK87893K -\" \/>\n<meta property=\"og:description\" content=\"Dopl\u0148kov\u00e9 parametry Kategorie: Sprchov\u00e9 kouty a boxy Hmotnost: 77 kg EAN: 8592480076306 Barva: Chrom D\u00e9lka: 1900 mm Hloubka: 900 mm Hmotnost: 77 kg Konstrukce: Pevn\u00fd d\u00edl \/ Dve\u0159e \/ Pevn\u00fd d\u00edl Materi\u00e1l: Hlin\u00edkov\u00e9 profily Ochrann\u00e1 vrstva skla: EASY CLEAN S\u00e9rie: Lima Stavitelnost: 870-880 x 770-780 x 870-880 \u0160\u00ed\u0159ka: 800 mm Tlou\u0161\u0165ka skla: 6 mm Tvar: [&hellip;]\" \/>\n<meta property=\"og:url\" content=\"https:\/\/www.domkraftpro.com\/index.php\/produkt\/znackovy-mereo-sprchovy-kout-lima-obdelnik-do-prostoru-u-pivotovy-90x80x90-cm-chrom-alu-sklo-cire-ck87893k-25357\/\" \/>\n<meta property=\"og:image\" content=\"https:\/\/www.domkraftpro.com\/wp-content\/uploads\/2026\/SK0005667-CZ20260425-093136-0-1777080698-36207-9_g6739478e409ee-lima-u-obd-ctv-polopivotove-dapd-jpg.webp\" \/>\n\t<meta property=\"og:image:width\" content=\"1000\" \/>\n\t<meta property=\"og:image:height\" content=\"750\" \/>\n\t<meta property=\"og:image:type\" content=\"image\/webp\" \/>\n<meta name=\"twitter:card\" content=\"summary_large_image\" \/>\n<script type=\"application\/ld+json\" class=\"yoast-schema-graph\">{\"@context\":\"https:\/\/schema.org\",\"@graph\":[{\"@type\":\"WebPage\",\"@id\":\"https:\/\/www.domkraftpro.com\/index.php\/produkt\/znackovy-mereo-sprchovy-kout-lima-obdelnik-do-prostoru-u-pivotovy-90x80x90-cm-chrom-alu-sklo-cire-ck87893k-25357\/\",\"url\":\"https:\/\/www.domkraftpro.com\/index.php\/produkt\/znackovy-mereo-sprchovy-kout-lima-obdelnik-do-prostoru-u-pivotovy-90x80x90-cm-chrom-alu-sklo-cire-ck87893k-25357\/\",\"name\":\"Zna\u010dkov\u00fd Mereo Sprchov\u00fd kout Lima, obd\u00e9ln\u00edk do prostoru U, pivotov\u00fd, 90x80x90 cm, chrom ALU, sklo \u010cir\u00e9 CK87893K -\",\"isPartOf\":{\"@id\":\"https:\/\/www.domkraftpro.com\/#website\"},\"primaryImageOfPage\":{\"@id\":\"https:\/\/www.domkraftpro.com\/index.php\/produkt\/znackovy-mereo-sprchovy-kout-lima-obdelnik-do-prostoru-u-pivotovy-90x80x90-cm-chrom-alu-sklo-cire-ck87893k-25357\/#primaryimage\"},\"image\":{\"@id\":\"https:\/\/www.domkraftpro.com\/index.php\/produkt\/znackovy-mereo-sprchovy-kout-lima-obdelnik-do-prostoru-u-pivotovy-90x80x90-cm-chrom-alu-sklo-cire-ck87893k-25357\/#primaryimage\"},\"thumbnailUrl\":\"https:\/\/www.domkraftpro.com\/wp-content\/uploads\/2026\/SK0005667-CZ20260425-093136-0-1777080698-36207-9_g6739478e409ee-lima-u-obd-ctv-polopivotove-dapd-jpg.webp\",\"datePublished\":\"2026-04-27T04:41:28+00:00\",\"breadcrumb\":{\"@id\":\"https:\/\/www.domkraftpro.com\/index.php\/produkt\/znackovy-mereo-sprchovy-kout-lima-obdelnik-do-prostoru-u-pivotovy-90x80x90-cm-chrom-alu-sklo-cire-ck87893k-25357\/#breadcrumb\"},\"inLanguage\":\"cs\",\"potentialAction\":[{\"@type\":\"ReadAction\",\"target\":[\"https:\/\/www.domkraftpro.com\/index.php\/produkt\/znackovy-mereo-sprchovy-kout-lima-obdelnik-do-prostoru-u-pivotovy-90x80x90-cm-chrom-alu-sklo-cire-ck87893k-25357\/\"]}]},{\"@type\":\"ImageObject\",\"inLanguage\":\"cs\",\"@id\":\"https:\/\/www.domkraftpro.com\/index.php\/produkt\/znackovy-mereo-sprchovy-kout-lima-obdelnik-do-prostoru-u-pivotovy-90x80x90-cm-chrom-alu-sklo-cire-ck87893k-25357\/#primaryimage\",\"url\":\"https:\/\/www.domkraftpro.com\/wp-content\/uploads\/2026\/SK0005667-CZ20260425-093136-0-1777080698-36207-9_g6739478e409ee-lima-u-obd-ctv-polopivotove-dapd-jpg.webp\",\"contentUrl\":\"https:\/\/www.domkraftpro.com\/wp-content\/uploads\/2026\/SK0005667-CZ20260425-093136-0-1777080698-36207-9_g6739478e409ee-lima-u-obd-ctv-polopivotove-dapd-jpg.webp\",\"width\":1000,\"height\":750},{\"@type\":\"BreadcrumbList\",\"@id\":\"https:\/\/www.domkraftpro.com\/index.php\/produkt\/znackovy-mereo-sprchovy-kout-lima-obdelnik-do-prostoru-u-pivotovy-90x80x90-cm-chrom-alu-sklo-cire-ck87893k-25357\/#breadcrumb\",\"itemListElement\":[{\"@type\":\"ListItem\",\"position\":1,\"name\":\"Home\",\"item\":\"https:\/\/www.domkraftpro.com\/\"},{\"@type\":\"ListItem\",\"position\":2,\"name\":\"Products\",\"item\":\"https:\/\/www.domkraftpro.com\/index.php\/products\/\"},{\"@type\":\"ListItem\",\"position\":3,\"name\":\"Zna\u010dkov\u00fd Mereo Sprchov\u00fd kout Lima, obd\u00e9ln\u00edk do prostoru U, pivotov\u00fd, 90x80x90 cm, chrom ALU, sklo \u010cir\u00e9 CK87893K\"}]},{\"@type\":\"WebSite\",\"@id\":\"https:\/\/www.domkraftpro.com\/#website\",\"url\":\"https:\/\/www.domkraftpro.com\/\",\"name\":\"\",\"description\":\"\",\"potentialAction\":[{\"@type\":\"SearchAction\",\"target\":{\"@type\":\"EntryPoint\",\"urlTemplate\":\"https:\/\/www.domkraftpro.com\/?s={search_term_string}\"},\"query-input\":{\"@type\":\"PropertyValueSpecification\",\"valueRequired\":true,\"valueName\":\"search_term_string\"}}],\"inLanguage\":\"cs\"}]}<\/script>\n<!-- \/ Yoast SEO plugin. -->","yoast_head_json":{"title":"Zna\u010dkov\u00fd Mereo Sprchov\u00fd kout Lima, obd\u00e9ln\u00edk do prostoru U, pivotov\u00fd, 90x80x90 cm, chrom ALU, sklo \u010cir\u00e9 CK87893K -","robots":{"index":"index","follow":"follow","max-snippet":"max-snippet:-1","max-image-preview":"max-image-preview:large","max-video-preview":"max-video-preview:-1"},"canonical":"https:\/\/www.domkraftpro.com\/index.php\/produkt\/znackovy-mereo-sprchovy-kout-lima-obdelnik-do-prostoru-u-pivotovy-90x80x90-cm-chrom-alu-sklo-cire-ck87893k-25357\/","og_locale":"cs_CZ","og_type":"article","og_title":"Zna\u010dkov\u00fd Mereo Sprchov\u00fd kout Lima, obd\u00e9ln\u00edk do prostoru U, pivotov\u00fd, 90x80x90 cm, chrom ALU, sklo \u010cir\u00e9 CK87893K -","og_description":"Dopl\u0148kov\u00e9 parametry Kategorie: Sprchov\u00e9 kouty a boxy Hmotnost: 77 kg EAN: 8592480076306 Barva: Chrom D\u00e9lka: 1900 mm Hloubka: 900 mm Hmotnost: 77 kg Konstrukce: Pevn\u00fd d\u00edl \/ Dve\u0159e \/ Pevn\u00fd d\u00edl Materi\u00e1l: Hlin\u00edkov\u00e9 profily Ochrann\u00e1 vrstva skla: EASY CLEAN S\u00e9rie: Lima Stavitelnost: 870-880 x 770-780 x 870-880 \u0160\u00ed\u0159ka: 800 mm Tlou\u0161\u0165ka skla: 6 mm Tvar: [&hellip;]","og_url":"https:\/\/www.domkraftpro.com\/index.php\/produkt\/znackovy-mereo-sprchovy-kout-lima-obdelnik-do-prostoru-u-pivotovy-90x80x90-cm-chrom-alu-sklo-cire-ck87893k-25357\/","og_image":[{"width":1000,"height":750,"url":"https:\/\/www.domkraftpro.com\/wp-content\/uploads\/2026\/SK0005667-CZ20260425-093136-0-1777080698-36207-9_g6739478e409ee-lima-u-obd-ctv-polopivotove-dapd-jpg.webp","type":"image\/webp"}],"twitter_card":"summary_large_image","schema":{"@context":"https:\/\/schema.org","@graph":[{"@type":"WebPage","@id":"https:\/\/www.domkraftpro.com\/index.php\/produkt\/znackovy-mereo-sprchovy-kout-lima-obdelnik-do-prostoru-u-pivotovy-90x80x90-cm-chrom-alu-sklo-cire-ck87893k-25357\/","url":"https:\/\/www.domkraftpro.com\/index.php\/produkt\/znackovy-mereo-sprchovy-kout-lima-obdelnik-do-prostoru-u-pivotovy-90x80x90-cm-chrom-alu-sklo-cire-ck87893k-25357\/","name":"Zna\u010dkov\u00fd Mereo Sprchov\u00fd kout Lima, obd\u00e9ln\u00edk do prostoru U, pivotov\u00fd, 90x80x90 cm, chrom ALU, sklo \u010cir\u00e9 CK87893K -","isPartOf":{"@id":"https:\/\/www.domkraftpro.com\/#website"},"primaryImageOfPage":{"@id":"https:\/\/www.domkraftpro.com\/index.php\/produkt\/znackovy-mereo-sprchovy-kout-lima-obdelnik-do-prostoru-u-pivotovy-90x80x90-cm-chrom-alu-sklo-cire-ck87893k-25357\/#primaryimage"},"image":{"@id":"https:\/\/www.domkraftpro.com\/index.php\/produkt\/znackovy-mereo-sprchovy-kout-lima-obdelnik-do-prostoru-u-pivotovy-90x80x90-cm-chrom-alu-sklo-cire-ck87893k-25357\/#primaryimage"},"thumbnailUrl":"https:\/\/www.domkraftpro.com\/wp-content\/uploads\/2026\/SK0005667-CZ20260425-093136-0-1777080698-36207-9_g6739478e409ee-lima-u-obd-ctv-polopivotove-dapd-jpg.webp","datePublished":"2026-04-27T04:41:28+00:00","breadcrumb":{"@id":"https:\/\/www.domkraftpro.com\/index.php\/produkt\/znackovy-mereo-sprchovy-kout-lima-obdelnik-do-prostoru-u-pivotovy-90x80x90-cm-chrom-alu-sklo-cire-ck87893k-25357\/#breadcrumb"},"inLanguage":"cs","potentialAction":[{"@type":"ReadAction","target":["https:\/\/www.domkraftpro.com\/index.php\/produkt\/znackovy-mereo-sprchovy-kout-lima-obdelnik-do-prostoru-u-pivotovy-90x80x90-cm-chrom-alu-sklo-cire-ck87893k-25357\/"]}]},{"@type":"ImageObject","inLanguage":"cs","@id":"https:\/\/www.domkraftpro.com\/index.php\/produkt\/znackovy-mereo-sprchovy-kout-lima-obdelnik-do-prostoru-u-pivotovy-90x80x90-cm-chrom-alu-sklo-cire-ck87893k-25357\/#primaryimage","url":"https:\/\/www.domkraftpro.com\/wp-content\/uploads\/2026\/SK0005667-CZ20260425-093136-0-1777080698-36207-9_g6739478e409ee-lima-u-obd-ctv-polopivotove-dapd-jpg.webp","contentUrl":"https:\/\/www.domkraftpro.com\/wp-content\/uploads\/2026\/SK0005667-CZ20260425-093136-0-1777080698-36207-9_g6739478e409ee-lima-u-obd-ctv-polopivotove-dapd-jpg.webp","width":1000,"height":750},{"@type":"BreadcrumbList","@id":"https:\/\/www.domkraftpro.com\/index.php\/produkt\/znackovy-mereo-sprchovy-kout-lima-obdelnik-do-prostoru-u-pivotovy-90x80x90-cm-chrom-alu-sklo-cire-ck87893k-25357\/#breadcrumb","itemListElement":[{"@type":"ListItem","position":1,"name":"Home","item":"https:\/\/www.domkraftpro.com\/"},{"@type":"ListItem","position":2,"name":"Products","item":"https:\/\/www.domkraftpro.com\/index.php\/products\/"},{"@type":"ListItem","position":3,"name":"Zna\u010dkov\u00fd Mereo Sprchov\u00fd kout Lima, obd\u00e9ln\u00edk do prostoru U, pivotov\u00fd, 90x80x90 cm, chrom ALU, sklo \u010cir\u00e9 CK87893K"}]},{"@type":"WebSite","@id":"https:\/\/www.domkraftpro.com\/#website","url":"https:\/\/www.domkraftpro.com\/","name":"","description":"","potentialAction":[{"@type":"SearchAction","target":{"@type":"EntryPoint","urlTemplate":"https:\/\/www.domkraftpro.com\/?s={search_term_string}"},"query-input":{"@type":"PropertyValueSpecification","valueRequired":true,"valueName":"search_term_string"}}],"inLanguage":"cs"}]}},"_links":{"self":[{"href":"https:\/\/www.domkraftpro.com\/index.php\/wp-json\/wp\/v2\/product\/25357","targetHints":{"allow":["GET"]}}],"collection":[{"href":"https:\/\/www.domkraftpro.com\/index.php\/wp-json\/wp\/v2\/product"}],"about":[{"href":"https:\/\/www.domkraftpro.com\/index.php\/wp-json\/wp\/v2\/types\/product"}],"replies":[{"embeddable":true,"href":"https:\/\/www.domkraftpro.com\/index.php\/wp-json\/wp\/v2\/comments?post=25357"}],"wp:featuredmedia":[{"embeddable":true,"href":"https:\/\/www.domkraftpro.com\/index.php\/wp-json\/wp\/v2\/media\/25457"}],"wp:attachment":[{"href":"https:\/\/www.domkraftpro.com\/index.php\/wp-json\/wp\/v2\/media?parent=25357"}],"wp:term":[{"taxonomy":"product_brand","embeddable":true,"href":"https:\/\/www.domkraftpro.com\/index.php\/wp-json\/wp\/v2\/product_brand?post=25357"},{"taxonomy":"product_cat","embeddable":true,"href":"https:\/\/www.domkraftpro.com\/index.php\/wp-json\/wp\/v2\/product_cat?post=25357"},{"taxonomy":"product_tag","embeddable":true,"href":"https:\/\/www.domkraftpro.com\/index.php\/wp-json\/wp\/v2\/product_tag?post=25357"}],"curies":[{"name":"wp","href":"https:\/\/api.w.org\/{rel}","templated":true}]}}