{"id":24708,"date":"2026-04-27T04:41:26","date_gmt":"2026-04-27T04:41:26","guid":{"rendered":""},"modified":"2026-04-27T04:41:26","modified_gmt":"2026-04-27T04:41:26","slug":"zlevneny-vanova-baterie-trento-12-c-s-prislusenstvim-chromova-24708","status":"publish","type":"product","link":"https:\/\/www.domkraftpro.com\/produkt\/zlevneny-vanova-baterie-trento-12-c-s-prislusenstvim-chromova-24708\/","title":{"rendered":"Zlevn\u011bn\u00fd Vanov\u00e1 baterie TRENTO-12\/C s p\u0159\u00edslu\u0161enstv\u00edm- chromov\u00e1"},"content":{"rendered":"<div class=\"tabs__content-outer\" id=\"tab_description\" data-hash=\"description\" data-tabindex=\"-1\">\n<div class=\"tabs__content toggle_description\" id=\"content_description\">\n<div class=\"wysiwyg-content\">\n<div class=\"product__tab product__description full-width\">\n<div class=\"container\">\n<div >\n<h3>Vanov\u00e1 baterie TRENTO-12\/C s p\u0159\u00edslu\u0161enstv\u00edm- chromov\u00e1<\/h3>\n<p><strong>N\u00e1st\u011bnn\u00e1 vanov\u00e1 baterie TRENTO-12\/C<\/strong> s p\u0159\u00edslu\u0161enstv\u00edm se hod\u00ed do bytov\u00fdch jader. Modern\u00ed ergonomick\u00fd design baterie zaji\u0161\u0165uje komfort p\u0159i sprchov\u00e1n\u00ed. Vnit\u0159n\u00ed \u010d\u00e1sti maj\u00ed povrchovou \u00fapravu Anti Line, <strong>proti usazov\u00e1n\u00ed vodn\u00edho<\/strong> <strong>kamene.<\/strong> <strong>RubiBrass<\/strong> je patentovan\u00e1 a speci\u00e1ln\u011b slo\u017een\u00e1 slitina mosazi odoln\u00e1 proti korozi. Povrchov\u00e1 chromov\u00e1 \u00faprava byla speci\u00e1ln\u011b vyvinut\u00e1 pro snadnou \u00fadr\u017ebu a odolnost v\u016f\u010di po\u0161kr\u00e1b\u00e1n\u00ed. <strong>SolidChrom<\/strong> je odoln\u00e9 a trvanliv\u00e9 chromov\u00e1n\u00ed t\u00e9 nejlep\u0161\u00ed kvality, bylo speci\u00e1ln\u011b vyvinut\u00e9 pro snadnou \u00fadr\u017ebu a odolnost v\u016f\u010di po\u0161kr\u00e1b\u00e1n\u00ed. <strong>Vanov\u00e1 baterie n\u00e1st\u011bnn\u00e1 TENTO-12\/C\u00a0<\/strong>m\u00e1 modern\u00ed ergonomick\u00fd design, je vyrobena z materi\u00e1l\u016f prvot\u0159\u00eddn\u00ed kvality co\u017e zaru\u010duje dlouhou a spolehlivou \u017eivotnost. Kvalitn\u00ed p<strong>erl\u00e1tor\u00a0<\/strong>zaji\u0161\u0165uje tich\u00fd, bezchybn\u00fd pr\u016ftok a vysokou \u017eivotnost baterie.<\/p>\n<h3><span style=\"font-size: 12pt;\">P\u0159ednosti vanov\u00e9 n\u00e1st\u011bnn\u00e9 baterie TRENTO-12\/C s p\u0159\u00edslu\u0161enstv\u00edm<\/span><\/h3>\n<ul>\n<li>Baterie je vyr\u00e1b\u011bna s keramickou kartu\u0161\u00ed RubiSTANDARD, kter\u00e1 bateri\u00edm zaru\u010duje dlouhou \u017eivotnost. 35 mm keramick\u00e1 kartu\u0161e.<\/li>\n<li>RubiBrass je patentovan\u00e1 a speci\u00e1ln\u011b slo\u017een\u00e1 slitina mosazi odoln\u00e1 proti korozi. Tato odoln\u00e1 slitina mosazi je bezpe\u010dn\u00e1 pro lidsk\u00e9 zdrav\u00ed a \u017eivotn\u00ed prost\u0159ed\u00ed. RubiBrass m\u00e1 m\u00e9n\u011b olova a dal\u0161\u00edch nepot\u0159ebn\u00fdch slou\u010denin, kter\u00e9 mohou reagovat s pitnou vodou.<\/li>\n<li>SolidChrom je odoln\u00e9 a trvanliv\u00e9 chromov\u00e1n\u00ed t\u00e9 nejlep\u0161\u00ed kvality. Toto ot\u011bruvzdorn\u00e9 pochromov\u00e1n\u00ed (0,2-0,25 mikron\u016f) bude nejen z\u00e1\u0159it ve va\u0161\u00ed koupeln\u011b po mnoho let, ale bude m\u00edt tak\u00e9 repelentn\u00ed vlastnosti proti bakteri\u00edm.<\/li>\n<\/ul>\n<h3><span style=\"font-size: 12pt;\">P\u0159ednosti vanov\u00e9 n\u00e1st\u011bnn\u00e9 baterie TRENTO-12\/C:<\/span><\/h3>\n<ul>\n<li>Barva<strong>: chrom<\/strong><\/li>\n<li><strong>Dlouh\u00e9\u00a0<\/strong>v\u00fdtokov\u00e9\u00a0<strong>ram\u00ednko &#8211; 300 mm<\/strong><\/li>\n<li><strong>Modern\u00ed vzhled a \u010dist\u00e1 linie proveden\u00ed<\/strong><\/li>\n<li><strong>Kvalitn\u00ed perl\u00e1tor<\/strong><strong>\u00a0<\/strong><\/li>\n<li><strong>Keramick\u00e1 kartu\u0161e<\/strong>\u00a035<strong>\u00a0mm<\/strong>\u00a0zaji\u0161\u0165uje dlouhou a spolehlivou \u017eivotnost<\/li>\n<li><strong>Prov\u011b\u0159en\u00e1<\/strong>\u00a0technologie<\/li>\n<li><strong>Sou\u010d\u00e1st\u00ed\u00a0<\/strong>balen\u00ed je p\u0159\u00edslu\u0161enstv\u00ed k baterii<strong> &#8211; sprchov\u00e1 hadice 150 cm, ru\u010dn\u00ed sprcha a dr\u017e\u00e1k sprchy.<\/strong><\/li>\n<li><strong>Z\u00c1RUKA 5 let<\/strong><\/li>\n<\/ul>\n<p><b>Vlastnosti<\/b><\/p>\n<ul>\n<li><span>Materi\u00e1l:<\/span> Mosaz<\/li>\n<li><span>Barva:<\/span> St\u0159\u00edbrn\u00e1<\/li>\n<li><span>Ovl\u00e1d\u00e1n\u00ed_baterie:<\/span> P\u00e1kov\u00e9<\/li>\n<li><span>Druh baterie:<\/span> N\u00e1st\u011bnn\u00e1 (15 cm)<\/li>\n<li><span>Druh baterie:<\/span> N\u00e1st\u011bnn\u00e9<\/li>\n<li><span>Vyu\u017eit\u00ed_baterie:<\/span> Koupelnov\u00e9<\/li>\n<\/ul>\n<\/div><\/div>\n<\/p><\/div>\n<\/p><\/div>\n<\/p><\/div>\n","protected":false},"excerpt":{"rendered":"<p>Vanov\u00e1 baterie TRENTO-12\/C s p\u0159\u00edslu\u0161enstv\u00edm- chromov\u00e1 N\u00e1st\u011bnn\u00e1 vanov\u00e1 baterie TRENTO-12\/C s p\u0159\u00edslu\u0161enstv\u00edm se hod\u00ed do bytov\u00fdch jader. Modern\u00ed ergonomick\u00fd design baterie zaji\u0161\u0165uje komfort p\u0159i sprchov\u00e1n\u00ed. Vnit\u0159n\u00ed \u010d\u00e1sti maj\u00ed povrchovou \u00fapravu Anti Line, proti usazov\u00e1n\u00ed vodn\u00edho kamene. RubiBrass je patentovan\u00e1 a speci\u00e1ln\u011b slo\u017een\u00e1 slitina mosazi odoln\u00e1 proti korozi. Povrchov\u00e1 chromov\u00e1 \u00faprava byla speci\u00e1ln\u011b vyvinut\u00e1 pro snadnou [&hellip;]<\/p>\n","protected":false},"featured_media":24808,"comment_status":"open","ping_status":"open","template":"","meta":[],"product_brand":[],"product_cat":[95],"product_tag":[],"class_list":{"0":"post-24708","1":"product","2":"type-product","3":"status-publish","4":"has-post-thumbnail","6":"product_cat-koupelna","8":"first","9":"instock","10":"sale","11":"shipping-taxable","12":"purchasable","13":"product-type-simple"},"yoast_head":"<!-- This site is optimized with the Yoast SEO plugin v26.8 - https:\/\/yoast.com\/product\/yoast-seo-wordpress\/ -->\n<title>Zlevn\u011bn\u00fd Vanov\u00e1 baterie TRENTO-12\/C s p\u0159\u00edslu\u0161enstv\u00edm- chromov\u00e1 -<\/title>\n<meta name=\"robots\" content=\"index, follow, max-snippet:-1, max-image-preview:large, max-video-preview:-1\" \/>\n<link rel=\"canonical\" href=\"https:\/\/www.domkraftpro.com\/index.php\/produkt\/zlevneny-vanova-baterie-trento-12-c-s-prislusenstvim-chromova-24708\/\" \/>\n<meta property=\"og:locale\" content=\"cs_CZ\" \/>\n<meta property=\"og:type\" content=\"article\" \/>\n<meta property=\"og:title\" content=\"Zlevn\u011bn\u00fd Vanov\u00e1 baterie TRENTO-12\/C s p\u0159\u00edslu\u0161enstv\u00edm- chromov\u00e1 -\" \/>\n<meta property=\"og:description\" content=\"Vanov\u00e1 baterie TRENTO-12\/C s p\u0159\u00edslu\u0161enstv\u00edm- chromov\u00e1 N\u00e1st\u011bnn\u00e1 vanov\u00e1 baterie TRENTO-12\/C s p\u0159\u00edslu\u0161enstv\u00edm se hod\u00ed do bytov\u00fdch jader. Modern\u00ed ergonomick\u00fd design baterie zaji\u0161\u0165uje komfort p\u0159i sprchov\u00e1n\u00ed. Vnit\u0159n\u00ed \u010d\u00e1sti maj\u00ed povrchovou \u00fapravu Anti Line, proti usazov\u00e1n\u00ed vodn\u00edho kamene. RubiBrass je patentovan\u00e1 a speci\u00e1ln\u011b slo\u017een\u00e1 slitina mosazi odoln\u00e1 proti korozi. Povrchov\u00e1 chromov\u00e1 \u00faprava byla speci\u00e1ln\u011b vyvinut\u00e1 pro snadnou [&hellip;]\" \/>\n<meta property=\"og:url\" content=\"https:\/\/www.domkraftpro.com\/index.php\/produkt\/zlevneny-vanova-baterie-trento-12-c-s-prislusenstvim-chromova-24708\/\" \/>\n<meta property=\"og:image\" content=\"https:\/\/www.domkraftpro.com\/wp-content\/uploads\/2026\/SK0007788-CZ20260425-093041-0-1777080643-vanova-baterie-trento-12c-s-prislusenstvim.webp\" \/>\n\t<meta property=\"og:image:width\" content=\"1000\" \/>\n\t<meta property=\"og:image:height\" content=\"769\" \/>\n\t<meta property=\"og:image:type\" content=\"image\/webp\" \/>\n<meta name=\"twitter:card\" content=\"summary_large_image\" \/>\n<meta name=\"twitter:label1\" content=\"Odhadovan\u00e1 doba \u010dten\u00ed\" \/>\n\t<meta name=\"twitter:data1\" content=\"2 minuty\" \/>\n<script type=\"application\/ld+json\" class=\"yoast-schema-graph\">{\"@context\":\"https:\/\/schema.org\",\"@graph\":[{\"@type\":\"WebPage\",\"@id\":\"https:\/\/www.domkraftpro.com\/index.php\/produkt\/zlevneny-vanova-baterie-trento-12-c-s-prislusenstvim-chromova-24708\/\",\"url\":\"https:\/\/www.domkraftpro.com\/index.php\/produkt\/zlevneny-vanova-baterie-trento-12-c-s-prislusenstvim-chromova-24708\/\",\"name\":\"Zlevn\u011bn\u00fd Vanov\u00e1 baterie TRENTO-12\/C s p\u0159\u00edslu\u0161enstv\u00edm- chromov\u00e1 -\",\"isPartOf\":{\"@id\":\"https:\/\/www.domkraftpro.com\/#website\"},\"primaryImageOfPage\":{\"@id\":\"https:\/\/www.domkraftpro.com\/index.php\/produkt\/zlevneny-vanova-baterie-trento-12-c-s-prislusenstvim-chromova-24708\/#primaryimage\"},\"image\":{\"@id\":\"https:\/\/www.domkraftpro.com\/index.php\/produkt\/zlevneny-vanova-baterie-trento-12-c-s-prislusenstvim-chromova-24708\/#primaryimage\"},\"thumbnailUrl\":\"https:\/\/www.domkraftpro.com\/wp-content\/uploads\/2026\/SK0007788-CZ20260425-093041-0-1777080643-vanova-baterie-trento-12c-s-prislusenstvim.webp\",\"datePublished\":\"2026-04-27T04:41:26+00:00\",\"breadcrumb\":{\"@id\":\"https:\/\/www.domkraftpro.com\/index.php\/produkt\/zlevneny-vanova-baterie-trento-12-c-s-prislusenstvim-chromova-24708\/#breadcrumb\"},\"inLanguage\":\"cs\",\"potentialAction\":[{\"@type\":\"ReadAction\",\"target\":[\"https:\/\/www.domkraftpro.com\/index.php\/produkt\/zlevneny-vanova-baterie-trento-12-c-s-prislusenstvim-chromova-24708\/\"]}]},{\"@type\":\"ImageObject\",\"inLanguage\":\"cs\",\"@id\":\"https:\/\/www.domkraftpro.com\/index.php\/produkt\/zlevneny-vanova-baterie-trento-12-c-s-prislusenstvim-chromova-24708\/#primaryimage\",\"url\":\"https:\/\/www.domkraftpro.com\/wp-content\/uploads\/2026\/SK0007788-CZ20260425-093041-0-1777080643-vanova-baterie-trento-12c-s-prislusenstvim.webp\",\"contentUrl\":\"https:\/\/www.domkraftpro.com\/wp-content\/uploads\/2026\/SK0007788-CZ20260425-093041-0-1777080643-vanova-baterie-trento-12c-s-prislusenstvim.webp\",\"width\":1000,\"height\":769},{\"@type\":\"BreadcrumbList\",\"@id\":\"https:\/\/www.domkraftpro.com\/index.php\/produkt\/zlevneny-vanova-baterie-trento-12-c-s-prislusenstvim-chromova-24708\/#breadcrumb\",\"itemListElement\":[{\"@type\":\"ListItem\",\"position\":1,\"name\":\"Home\",\"item\":\"https:\/\/www.domkraftpro.com\/\"},{\"@type\":\"ListItem\",\"position\":2,\"name\":\"Products\",\"item\":\"https:\/\/www.domkraftpro.com\/products\/\"},{\"@type\":\"ListItem\",\"position\":3,\"name\":\"Zlevn\u011bn\u00fd Vanov\u00e1 baterie TRENTO-12\/C s p\u0159\u00edslu\u0161enstv\u00edm- chromov\u00e1\"}]},{\"@type\":\"WebSite\",\"@id\":\"https:\/\/www.domkraftpro.com\/#website\",\"url\":\"https:\/\/www.domkraftpro.com\/\",\"name\":\"\",\"description\":\"\",\"potentialAction\":[{\"@type\":\"SearchAction\",\"target\":{\"@type\":\"EntryPoint\",\"urlTemplate\":\"https:\/\/www.domkraftpro.com\/?s={search_term_string}\"},\"query-input\":{\"@type\":\"PropertyValueSpecification\",\"valueRequired\":true,\"valueName\":\"search_term_string\"}}],\"inLanguage\":\"cs\"}]}<\/script>\n<!-- \/ Yoast SEO plugin. -->","yoast_head_json":{"title":"Zlevn\u011bn\u00fd Vanov\u00e1 baterie TRENTO-12\/C s p\u0159\u00edslu\u0161enstv\u00edm- chromov\u00e1 -","robots":{"index":"index","follow":"follow","max-snippet":"max-snippet:-1","max-image-preview":"max-image-preview:large","max-video-preview":"max-video-preview:-1"},"canonical":"https:\/\/www.domkraftpro.com\/index.php\/produkt\/zlevneny-vanova-baterie-trento-12-c-s-prislusenstvim-chromova-24708\/","og_locale":"cs_CZ","og_type":"article","og_title":"Zlevn\u011bn\u00fd Vanov\u00e1 baterie TRENTO-12\/C s p\u0159\u00edslu\u0161enstv\u00edm- chromov\u00e1 -","og_description":"Vanov\u00e1 baterie TRENTO-12\/C s p\u0159\u00edslu\u0161enstv\u00edm- chromov\u00e1 N\u00e1st\u011bnn\u00e1 vanov\u00e1 baterie TRENTO-12\/C s p\u0159\u00edslu\u0161enstv\u00edm se hod\u00ed do bytov\u00fdch jader. Modern\u00ed ergonomick\u00fd design baterie zaji\u0161\u0165uje komfort p\u0159i sprchov\u00e1n\u00ed. Vnit\u0159n\u00ed \u010d\u00e1sti maj\u00ed povrchovou \u00fapravu Anti Line, proti usazov\u00e1n\u00ed vodn\u00edho kamene. RubiBrass je patentovan\u00e1 a speci\u00e1ln\u011b slo\u017een\u00e1 slitina mosazi odoln\u00e1 proti korozi. Povrchov\u00e1 chromov\u00e1 \u00faprava byla speci\u00e1ln\u011b vyvinut\u00e1 pro snadnou [&hellip;]","og_url":"https:\/\/www.domkraftpro.com\/index.php\/produkt\/zlevneny-vanova-baterie-trento-12-c-s-prislusenstvim-chromova-24708\/","og_image":[{"width":1000,"height":769,"url":"https:\/\/www.domkraftpro.com\/wp-content\/uploads\/2026\/SK0007788-CZ20260425-093041-0-1777080643-vanova-baterie-trento-12c-s-prislusenstvim.webp","type":"image\/webp"}],"twitter_card":"summary_large_image","twitter_misc":{"Odhadovan\u00e1 doba \u010dten\u00ed":"2 minuty"},"schema":{"@context":"https:\/\/schema.org","@graph":[{"@type":"WebPage","@id":"https:\/\/www.domkraftpro.com\/index.php\/produkt\/zlevneny-vanova-baterie-trento-12-c-s-prislusenstvim-chromova-24708\/","url":"https:\/\/www.domkraftpro.com\/index.php\/produkt\/zlevneny-vanova-baterie-trento-12-c-s-prislusenstvim-chromova-24708\/","name":"Zlevn\u011bn\u00fd Vanov\u00e1 baterie TRENTO-12\/C s p\u0159\u00edslu\u0161enstv\u00edm- chromov\u00e1 -","isPartOf":{"@id":"https:\/\/www.domkraftpro.com\/#website"},"primaryImageOfPage":{"@id":"https:\/\/www.domkraftpro.com\/index.php\/produkt\/zlevneny-vanova-baterie-trento-12-c-s-prislusenstvim-chromova-24708\/#primaryimage"},"image":{"@id":"https:\/\/www.domkraftpro.com\/index.php\/produkt\/zlevneny-vanova-baterie-trento-12-c-s-prislusenstvim-chromova-24708\/#primaryimage"},"thumbnailUrl":"https:\/\/www.domkraftpro.com\/wp-content\/uploads\/2026\/SK0007788-CZ20260425-093041-0-1777080643-vanova-baterie-trento-12c-s-prislusenstvim.webp","datePublished":"2026-04-27T04:41:26+00:00","breadcrumb":{"@id":"https:\/\/www.domkraftpro.com\/index.php\/produkt\/zlevneny-vanova-baterie-trento-12-c-s-prislusenstvim-chromova-24708\/#breadcrumb"},"inLanguage":"cs","potentialAction":[{"@type":"ReadAction","target":["https:\/\/www.domkraftpro.com\/index.php\/produkt\/zlevneny-vanova-baterie-trento-12-c-s-prislusenstvim-chromova-24708\/"]}]},{"@type":"ImageObject","inLanguage":"cs","@id":"https:\/\/www.domkraftpro.com\/index.php\/produkt\/zlevneny-vanova-baterie-trento-12-c-s-prislusenstvim-chromova-24708\/#primaryimage","url":"https:\/\/www.domkraftpro.com\/wp-content\/uploads\/2026\/SK0007788-CZ20260425-093041-0-1777080643-vanova-baterie-trento-12c-s-prislusenstvim.webp","contentUrl":"https:\/\/www.domkraftpro.com\/wp-content\/uploads\/2026\/SK0007788-CZ20260425-093041-0-1777080643-vanova-baterie-trento-12c-s-prislusenstvim.webp","width":1000,"height":769},{"@type":"BreadcrumbList","@id":"https:\/\/www.domkraftpro.com\/index.php\/produkt\/zlevneny-vanova-baterie-trento-12-c-s-prislusenstvim-chromova-24708\/#breadcrumb","itemListElement":[{"@type":"ListItem","position":1,"name":"Home","item":"https:\/\/www.domkraftpro.com\/"},{"@type":"ListItem","position":2,"name":"Products","item":"https:\/\/www.domkraftpro.com\/products\/"},{"@type":"ListItem","position":3,"name":"Zlevn\u011bn\u00fd Vanov\u00e1 baterie TRENTO-12\/C s p\u0159\u00edslu\u0161enstv\u00edm- chromov\u00e1"}]},{"@type":"WebSite","@id":"https:\/\/www.domkraftpro.com\/#website","url":"https:\/\/www.domkraftpro.com\/","name":"","description":"","potentialAction":[{"@type":"SearchAction","target":{"@type":"EntryPoint","urlTemplate":"https:\/\/www.domkraftpro.com\/?s={search_term_string}"},"query-input":{"@type":"PropertyValueSpecification","valueRequired":true,"valueName":"search_term_string"}}],"inLanguage":"cs"}]}},"_links":{"self":[{"href":"https:\/\/www.domkraftpro.com\/wp-json\/wp\/v2\/product\/24708","targetHints":{"allow":["GET"]}}],"collection":[{"href":"https:\/\/www.domkraftpro.com\/wp-json\/wp\/v2\/product"}],"about":[{"href":"https:\/\/www.domkraftpro.com\/wp-json\/wp\/v2\/types\/product"}],"replies":[{"embeddable":true,"href":"https:\/\/www.domkraftpro.com\/wp-json\/wp\/v2\/comments?post=24708"}],"wp:featuredmedia":[{"embeddable":true,"href":"https:\/\/www.domkraftpro.com\/wp-json\/wp\/v2\/media\/24808"}],"wp:attachment":[{"href":"https:\/\/www.domkraftpro.com\/wp-json\/wp\/v2\/media?parent=24708"}],"wp:term":[{"taxonomy":"product_brand","embeddable":true,"href":"https:\/\/www.domkraftpro.com\/wp-json\/wp\/v2\/product_brand?post=24708"},{"taxonomy":"product_cat","embeddable":true,"href":"https:\/\/www.domkraftpro.com\/wp-json\/wp\/v2\/product_cat?post=24708"},{"taxonomy":"product_tag","embeddable":true,"href":"https:\/\/www.domkraftpro.com\/wp-json\/wp\/v2\/product_tag?post=24708"}],"curies":[{"name":"wp","href":"https:\/\/api.w.org\/{rel}","templated":true}]}}