{"id":24374,"date":"2026-04-27T04:41:25","date_gmt":"2026-04-27T04:41:25","guid":{"rendered":""},"modified":"2026-04-27T04:41:25","modified_gmt":"2026-04-27T04:41:25","slug":"akce-aqualine-simplex-eco-65-umyvadlova-skrinka-vcetne-umyvadla-63x83-5x30-7cm-sime650-24374","status":"publish","type":"product","link":"https:\/\/www.domkraftpro.com\/index.php\/produkt\/akce-aqualine-simplex-eco-65-umyvadlova-skrinka-vcetne-umyvadla-63x83-5x30-7cm-sime650-24374\/","title":{"rendered":"Akce Aqualine SIMPLEX ECO 65 umyvadlov\u00e1 sk\u0159\u00ed\u0148ka v\u010detn\u011b umyvadla 63&#215;83, 5&#215;30, 7cm SIME650"},"content":{"rendered":"<div class=\"tabs__content-outer\" id=\"tab_description\" data-hash=\"description\" data-tabindex=\"-1\">\n<div class=\"tabs__content toggle_description\" id=\"content_description\">\n<div class=\"wysiwyg-content\">\n<div class=\"product__tab product__description full-width\">\n<div class=\"container\">\n<div >\n<h3>Aqualine SIMPLEX ECO 65 umyvadlov\u00e1 sk\u0159\u00ed\u0148ka v\u010detn\u011b umyvadla 63&#215;83, 5&#215;30, 7cm SIME650<\/h3>\n<p style=\"text-align: justify;\">Koupelnov\u00fd n\u00e1bytek z\u00a0b\u00edl\u00e9ho lamina, nejjednodu\u0161\u0161\u00ed \u0159e\u0161en\u00ed pro Va\u0161i koupelnu. Nab\u00eddka umyvadlov\u00fdch sk\u0159\u00edn\u011bk ve 4 rozm\u011brech v\u00a0\u0161\u00ed\u0159k\u00e1ch od 50 cm do 65 cm v\u00a0kombinaci s n\u011bkolika variantami dopl\u0148kov\u00fdch sk\u0159\u00edn\u011bk nab\u00edz\u00ed p\u0159\u00edzniv\u00e9 uspo\u0159\u00e1d\u00e1n\u00ed n\u00e1bytku t\u00e9m\u011b\u0159 do ka\u017ed\u00e9 koupelny za nejlep\u0161\u00ed cenu.<\/p>\n<ul>\n<li>ABS hrany 0,5 mm dostate\u010dn\u011b chr\u00e1n\u00ed p\u0159ed vlhkost\u00ed<\/li>\n<li>Mo\u017enost v\u00fdb\u011bru strany otev\u00edr\u00e1n\u00ed dv\u00ed\u0159ek p\u0159i mont\u00e1\u017ei<\/li>\n<li>Pochromovan\u00e9 madlo pro pohodln\u00e9 otev\u00edr\u00e1n\u00ed<\/li>\n<li>Dod\u00e1v\u00e1no v\u00a0rozmontovan\u00e9m stavu pro snaz\u0161\u00ed manipulaci<\/li>\n<li>Matn\u00e9 proveden\u00ed<\/li>\n<\/ul>\n<div class=\"product-explanation-item\">\n<h3>Nutn\u00e1 mont\u00e1\u017e<\/h3>\n<p style=\"text-align: justify;\">Z d\u016fvodu lep\u0161\u00ed manipulace je v\u00fdrobek dod\u00e1v\u00e1n v rozmontovan\u00e9m stavu (Flat pack).<\/p>\n<\/p><\/div>\n<p> <\/p>\n<p><strong>Vlastnosti<\/strong><\/p>\n<ul>\n<li><span>Materi\u00e1l:<\/span> MDF\/lamino<\/li>\n<li><span>Barva:<\/span> B\u00edl\u00e1<\/li>\n<li><span>Instalace:<\/span> K postaven\u00ed<\/li>\n<li><span>Rozm\u011br:<\/span> 63&#215;83,5&#215;30,7cm<\/li>\n<li><span>Typ sk\u0159\u00ed\u0148ky:<\/span> Dv\u00ed\u0159ka<\/li>\n<li><span>\u0160\u00ed\u0159ka:<\/span> 630 mm<\/li>\n<li><span>V\u00fd\u0161ka:<\/span> 835 mm<\/li>\n<li><span>Hloubka:<\/span> 307 mm<\/li>\n<li><span>Mont\u00e1\u017e umyvadla:<\/span> Klasick\u00e9 umyvadlo<\/li>\n<li><span>V\u00fdbava:<\/span> Nutn\u00e1 mont\u00e1\u017e<\/li>\n<li><span>Balen\u00ed obsahuje:<\/span> Umyvadlo<\/li>\n<\/ul>\n<\/div><\/div>\n<\/p><\/div>\n<\/p><\/div>\n<\/p><\/div>\n","protected":false},"excerpt":{"rendered":"<p>Aqualine SIMPLEX ECO 65 umyvadlov\u00e1 sk\u0159\u00ed\u0148ka v\u010detn\u011b umyvadla 63&#215;83, 5&#215;30, 7cm SIME650 Koupelnov\u00fd n\u00e1bytek z\u00a0b\u00edl\u00e9ho lamina, nejjednodu\u0161\u0161\u00ed \u0159e\u0161en\u00ed pro Va\u0161i koupelnu. Nab\u00eddka umyvadlov\u00fdch sk\u0159\u00edn\u011bk ve 4 rozm\u011brech v\u00a0\u0161\u00ed\u0159k\u00e1ch od 50 cm do 65 cm v\u00a0kombinaci s n\u011bkolika variantami dopl\u0148kov\u00fdch sk\u0159\u00edn\u011bk nab\u00edz\u00ed p\u0159\u00edzniv\u00e9 uspo\u0159\u00e1d\u00e1n\u00ed n\u00e1bytku t\u00e9m\u011b\u0159 do ka\u017ed\u00e9 koupelny za nejlep\u0161\u00ed cenu. ABS hrany 0,5 mm [&hellip;]<\/p>\n","protected":false},"featured_media":24474,"comment_status":"open","ping_status":"open","template":"","meta":[],"product_brand":[],"product_cat":[95],"product_tag":[],"class_list":{"0":"post-24374","1":"product","2":"type-product","3":"status-publish","4":"has-post-thumbnail","6":"product_cat-koupelna","8":"first","9":"instock","10":"sale","11":"shipping-taxable","12":"purchasable","13":"product-type-simple"},"yoast_head":"<!-- This site is optimized with the Yoast SEO plugin v26.8 - https:\/\/yoast.com\/product\/yoast-seo-wordpress\/ -->\n<title>Akce Aqualine SIMPLEX ECO 65 umyvadlov\u00e1 sk\u0159\u00ed\u0148ka v\u010detn\u011b umyvadla 63x83, 5x30, 7cm SIME650 -<\/title>\n<meta name=\"robots\" content=\"index, follow, max-snippet:-1, max-image-preview:large, max-video-preview:-1\" \/>\n<link rel=\"canonical\" href=\"https:\/\/www.domkraftpro.com\/index.php\/produkt\/akce-aqualine-simplex-eco-65-umyvadlova-skrinka-vcetne-umyvadla-63x83-5x30-7cm-sime650-24374\/\" \/>\n<meta property=\"og:locale\" content=\"cs_CZ\" \/>\n<meta property=\"og:type\" content=\"article\" \/>\n<meta property=\"og:title\" content=\"Akce Aqualine SIMPLEX ECO 65 umyvadlov\u00e1 sk\u0159\u00ed\u0148ka v\u010detn\u011b umyvadla 63x83, 5x30, 7cm SIME650 -\" \/>\n<meta property=\"og:description\" content=\"Aqualine SIMPLEX ECO 65 umyvadlov\u00e1 sk\u0159\u00ed\u0148ka v\u010detn\u011b umyvadla 63&#215;83, 5&#215;30, 7cm SIME650 Koupelnov\u00fd n\u00e1bytek z\u00a0b\u00edl\u00e9ho lamina, nejjednodu\u0161\u0161\u00ed \u0159e\u0161en\u00ed pro Va\u0161i koupelnu. Nab\u00eddka umyvadlov\u00fdch sk\u0159\u00edn\u011bk ve 4 rozm\u011brech v\u00a0\u0161\u00ed\u0159k\u00e1ch od 50 cm do 65 cm v\u00a0kombinaci s n\u011bkolika variantami dopl\u0148kov\u00fdch sk\u0159\u00edn\u011bk nab\u00edz\u00ed p\u0159\u00edzniv\u00e9 uspo\u0159\u00e1d\u00e1n\u00ed n\u00e1bytku t\u00e9m\u011b\u0159 do ka\u017ed\u00e9 koupelny za nejlep\u0161\u00ed cenu. ABS hrany 0,5 mm [&hellip;]\" \/>\n<meta property=\"og:url\" content=\"https:\/\/www.domkraftpro.com\/index.php\/produkt\/akce-aqualine-simplex-eco-65-umyvadlova-skrinka-vcetne-umyvadla-63x83-5x30-7cm-sime650-24374\/\" \/>\n<meta property=\"og:image\" content=\"https:\/\/www.domkraftpro.com\/wp-content\/uploads\/2026\/SK0007651-CZ20260425-093041-0-1777080643-9bddef96a9d44e4f9362ac007675a4c6.webp\" \/>\n\t<meta property=\"og:image:width\" content=\"567\" \/>\n\t<meta property=\"og:image:height\" content=\"800\" \/>\n\t<meta property=\"og:image:type\" content=\"image\/webp\" \/>\n<meta name=\"twitter:card\" content=\"summary_large_image\" \/>\n<meta name=\"twitter:label1\" content=\"Odhadovan\u00e1 doba \u010dten\u00ed\" \/>\n\t<meta name=\"twitter:data1\" content=\"1 minuta\" \/>\n<script type=\"application\/ld+json\" class=\"yoast-schema-graph\">{\"@context\":\"https:\/\/schema.org\",\"@graph\":[{\"@type\":\"WebPage\",\"@id\":\"https:\/\/www.domkraftpro.com\/index.php\/produkt\/akce-aqualine-simplex-eco-65-umyvadlova-skrinka-vcetne-umyvadla-63x83-5x30-7cm-sime650-24374\/\",\"url\":\"https:\/\/www.domkraftpro.com\/index.php\/produkt\/akce-aqualine-simplex-eco-65-umyvadlova-skrinka-vcetne-umyvadla-63x83-5x30-7cm-sime650-24374\/\",\"name\":\"Akce Aqualine SIMPLEX ECO 65 umyvadlov\u00e1 sk\u0159\u00ed\u0148ka v\u010detn\u011b umyvadla 63x83, 5x30, 7cm SIME650 -\",\"isPartOf\":{\"@id\":\"https:\/\/www.domkraftpro.com\/#website\"},\"primaryImageOfPage\":{\"@id\":\"https:\/\/www.domkraftpro.com\/index.php\/produkt\/akce-aqualine-simplex-eco-65-umyvadlova-skrinka-vcetne-umyvadla-63x83-5x30-7cm-sime650-24374\/#primaryimage\"},\"image\":{\"@id\":\"https:\/\/www.domkraftpro.com\/index.php\/produkt\/akce-aqualine-simplex-eco-65-umyvadlova-skrinka-vcetne-umyvadla-63x83-5x30-7cm-sime650-24374\/#primaryimage\"},\"thumbnailUrl\":\"https:\/\/www.domkraftpro.com\/wp-content\/uploads\/2026\/SK0007651-CZ20260425-093041-0-1777080643-9bddef96a9d44e4f9362ac007675a4c6.webp\",\"datePublished\":\"2026-04-27T04:41:25+00:00\",\"breadcrumb\":{\"@id\":\"https:\/\/www.domkraftpro.com\/index.php\/produkt\/akce-aqualine-simplex-eco-65-umyvadlova-skrinka-vcetne-umyvadla-63x83-5x30-7cm-sime650-24374\/#breadcrumb\"},\"inLanguage\":\"cs\",\"potentialAction\":[{\"@type\":\"ReadAction\",\"target\":[\"https:\/\/www.domkraftpro.com\/index.php\/produkt\/akce-aqualine-simplex-eco-65-umyvadlova-skrinka-vcetne-umyvadla-63x83-5x30-7cm-sime650-24374\/\"]}]},{\"@type\":\"ImageObject\",\"inLanguage\":\"cs\",\"@id\":\"https:\/\/www.domkraftpro.com\/index.php\/produkt\/akce-aqualine-simplex-eco-65-umyvadlova-skrinka-vcetne-umyvadla-63x83-5x30-7cm-sime650-24374\/#primaryimage\",\"url\":\"https:\/\/www.domkraftpro.com\/wp-content\/uploads\/2026\/SK0007651-CZ20260425-093041-0-1777080643-9bddef96a9d44e4f9362ac007675a4c6.webp\",\"contentUrl\":\"https:\/\/www.domkraftpro.com\/wp-content\/uploads\/2026\/SK0007651-CZ20260425-093041-0-1777080643-9bddef96a9d44e4f9362ac007675a4c6.webp\",\"width\":567,\"height\":800},{\"@type\":\"BreadcrumbList\",\"@id\":\"https:\/\/www.domkraftpro.com\/index.php\/produkt\/akce-aqualine-simplex-eco-65-umyvadlova-skrinka-vcetne-umyvadla-63x83-5x30-7cm-sime650-24374\/#breadcrumb\",\"itemListElement\":[{\"@type\":\"ListItem\",\"position\":1,\"name\":\"Home\",\"item\":\"https:\/\/www.domkraftpro.com\/\"},{\"@type\":\"ListItem\",\"position\":2,\"name\":\"Products\",\"item\":\"https:\/\/www.domkraftpro.com\/index.php\/products\/\"},{\"@type\":\"ListItem\",\"position\":3,\"name\":\"Akce Aqualine SIMPLEX ECO 65 umyvadlov\u00e1 sk\u0159\u00ed\u0148ka v\u010detn\u011b umyvadla 63&#215;83, 5&#215;30, 7cm SIME650\"}]},{\"@type\":\"WebSite\",\"@id\":\"https:\/\/www.domkraftpro.com\/#website\",\"url\":\"https:\/\/www.domkraftpro.com\/\",\"name\":\"\",\"description\":\"\",\"potentialAction\":[{\"@type\":\"SearchAction\",\"target\":{\"@type\":\"EntryPoint\",\"urlTemplate\":\"https:\/\/www.domkraftpro.com\/?s={search_term_string}\"},\"query-input\":{\"@type\":\"PropertyValueSpecification\",\"valueRequired\":true,\"valueName\":\"search_term_string\"}}],\"inLanguage\":\"cs\"}]}<\/script>\n<!-- \/ Yoast SEO plugin. -->","yoast_head_json":{"title":"Akce Aqualine SIMPLEX ECO 65 umyvadlov\u00e1 sk\u0159\u00ed\u0148ka v\u010detn\u011b umyvadla 63x83, 5x30, 7cm SIME650 -","robots":{"index":"index","follow":"follow","max-snippet":"max-snippet:-1","max-image-preview":"max-image-preview:large","max-video-preview":"max-video-preview:-1"},"canonical":"https:\/\/www.domkraftpro.com\/index.php\/produkt\/akce-aqualine-simplex-eco-65-umyvadlova-skrinka-vcetne-umyvadla-63x83-5x30-7cm-sime650-24374\/","og_locale":"cs_CZ","og_type":"article","og_title":"Akce Aqualine SIMPLEX ECO 65 umyvadlov\u00e1 sk\u0159\u00ed\u0148ka v\u010detn\u011b umyvadla 63x83, 5x30, 7cm SIME650 -","og_description":"Aqualine SIMPLEX ECO 65 umyvadlov\u00e1 sk\u0159\u00ed\u0148ka v\u010detn\u011b umyvadla 63&#215;83, 5&#215;30, 7cm SIME650 Koupelnov\u00fd n\u00e1bytek z\u00a0b\u00edl\u00e9ho lamina, nejjednodu\u0161\u0161\u00ed \u0159e\u0161en\u00ed pro Va\u0161i koupelnu. Nab\u00eddka umyvadlov\u00fdch sk\u0159\u00edn\u011bk ve 4 rozm\u011brech v\u00a0\u0161\u00ed\u0159k\u00e1ch od 50 cm do 65 cm v\u00a0kombinaci s n\u011bkolika variantami dopl\u0148kov\u00fdch sk\u0159\u00edn\u011bk nab\u00edz\u00ed p\u0159\u00edzniv\u00e9 uspo\u0159\u00e1d\u00e1n\u00ed n\u00e1bytku t\u00e9m\u011b\u0159 do ka\u017ed\u00e9 koupelny za nejlep\u0161\u00ed cenu. ABS hrany 0,5 mm [&hellip;]","og_url":"https:\/\/www.domkraftpro.com\/index.php\/produkt\/akce-aqualine-simplex-eco-65-umyvadlova-skrinka-vcetne-umyvadla-63x83-5x30-7cm-sime650-24374\/","og_image":[{"width":567,"height":800,"url":"https:\/\/www.domkraftpro.com\/wp-content\/uploads\/2026\/SK0007651-CZ20260425-093041-0-1777080643-9bddef96a9d44e4f9362ac007675a4c6.webp","type":"image\/webp"}],"twitter_card":"summary_large_image","twitter_misc":{"Odhadovan\u00e1 doba \u010dten\u00ed":"1 minuta"},"schema":{"@context":"https:\/\/schema.org","@graph":[{"@type":"WebPage","@id":"https:\/\/www.domkraftpro.com\/index.php\/produkt\/akce-aqualine-simplex-eco-65-umyvadlova-skrinka-vcetne-umyvadla-63x83-5x30-7cm-sime650-24374\/","url":"https:\/\/www.domkraftpro.com\/index.php\/produkt\/akce-aqualine-simplex-eco-65-umyvadlova-skrinka-vcetne-umyvadla-63x83-5x30-7cm-sime650-24374\/","name":"Akce Aqualine SIMPLEX ECO 65 umyvadlov\u00e1 sk\u0159\u00ed\u0148ka v\u010detn\u011b umyvadla 63x83, 5x30, 7cm SIME650 -","isPartOf":{"@id":"https:\/\/www.domkraftpro.com\/#website"},"primaryImageOfPage":{"@id":"https:\/\/www.domkraftpro.com\/index.php\/produkt\/akce-aqualine-simplex-eco-65-umyvadlova-skrinka-vcetne-umyvadla-63x83-5x30-7cm-sime650-24374\/#primaryimage"},"image":{"@id":"https:\/\/www.domkraftpro.com\/index.php\/produkt\/akce-aqualine-simplex-eco-65-umyvadlova-skrinka-vcetne-umyvadla-63x83-5x30-7cm-sime650-24374\/#primaryimage"},"thumbnailUrl":"https:\/\/www.domkraftpro.com\/wp-content\/uploads\/2026\/SK0007651-CZ20260425-093041-0-1777080643-9bddef96a9d44e4f9362ac007675a4c6.webp","datePublished":"2026-04-27T04:41:25+00:00","breadcrumb":{"@id":"https:\/\/www.domkraftpro.com\/index.php\/produkt\/akce-aqualine-simplex-eco-65-umyvadlova-skrinka-vcetne-umyvadla-63x83-5x30-7cm-sime650-24374\/#breadcrumb"},"inLanguage":"cs","potentialAction":[{"@type":"ReadAction","target":["https:\/\/www.domkraftpro.com\/index.php\/produkt\/akce-aqualine-simplex-eco-65-umyvadlova-skrinka-vcetne-umyvadla-63x83-5x30-7cm-sime650-24374\/"]}]},{"@type":"ImageObject","inLanguage":"cs","@id":"https:\/\/www.domkraftpro.com\/index.php\/produkt\/akce-aqualine-simplex-eco-65-umyvadlova-skrinka-vcetne-umyvadla-63x83-5x30-7cm-sime650-24374\/#primaryimage","url":"https:\/\/www.domkraftpro.com\/wp-content\/uploads\/2026\/SK0007651-CZ20260425-093041-0-1777080643-9bddef96a9d44e4f9362ac007675a4c6.webp","contentUrl":"https:\/\/www.domkraftpro.com\/wp-content\/uploads\/2026\/SK0007651-CZ20260425-093041-0-1777080643-9bddef96a9d44e4f9362ac007675a4c6.webp","width":567,"height":800},{"@type":"BreadcrumbList","@id":"https:\/\/www.domkraftpro.com\/index.php\/produkt\/akce-aqualine-simplex-eco-65-umyvadlova-skrinka-vcetne-umyvadla-63x83-5x30-7cm-sime650-24374\/#breadcrumb","itemListElement":[{"@type":"ListItem","position":1,"name":"Home","item":"https:\/\/www.domkraftpro.com\/"},{"@type":"ListItem","position":2,"name":"Products","item":"https:\/\/www.domkraftpro.com\/index.php\/products\/"},{"@type":"ListItem","position":3,"name":"Akce Aqualine SIMPLEX ECO 65 umyvadlov\u00e1 sk\u0159\u00ed\u0148ka v\u010detn\u011b umyvadla 63&#215;83, 5&#215;30, 7cm SIME650"}]},{"@type":"WebSite","@id":"https:\/\/www.domkraftpro.com\/#website","url":"https:\/\/www.domkraftpro.com\/","name":"","description":"","potentialAction":[{"@type":"SearchAction","target":{"@type":"EntryPoint","urlTemplate":"https:\/\/www.domkraftpro.com\/?s={search_term_string}"},"query-input":{"@type":"PropertyValueSpecification","valueRequired":true,"valueName":"search_term_string"}}],"inLanguage":"cs"}]}},"_links":{"self":[{"href":"https:\/\/www.domkraftpro.com\/index.php\/wp-json\/wp\/v2\/product\/24374","targetHints":{"allow":["GET"]}}],"collection":[{"href":"https:\/\/www.domkraftpro.com\/index.php\/wp-json\/wp\/v2\/product"}],"about":[{"href":"https:\/\/www.domkraftpro.com\/index.php\/wp-json\/wp\/v2\/types\/product"}],"replies":[{"embeddable":true,"href":"https:\/\/www.domkraftpro.com\/index.php\/wp-json\/wp\/v2\/comments?post=24374"}],"wp:featuredmedia":[{"embeddable":true,"href":"https:\/\/www.domkraftpro.com\/index.php\/wp-json\/wp\/v2\/media\/24474"}],"wp:attachment":[{"href":"https:\/\/www.domkraftpro.com\/index.php\/wp-json\/wp\/v2\/media?parent=24374"}],"wp:term":[{"taxonomy":"product_brand","embeddable":true,"href":"https:\/\/www.domkraftpro.com\/index.php\/wp-json\/wp\/v2\/product_brand?post=24374"},{"taxonomy":"product_cat","embeddable":true,"href":"https:\/\/www.domkraftpro.com\/index.php\/wp-json\/wp\/v2\/product_cat?post=24374"},{"taxonomy":"product_tag","embeddable":true,"href":"https:\/\/www.domkraftpro.com\/index.php\/wp-json\/wp\/v2\/product_tag?post=24374"}],"curies":[{"name":"wp","href":"https:\/\/api.w.org\/{rel}","templated":true}]}}