{"id":23567,"date":"2026-04-27T04:41:23","date_gmt":"2026-04-27T04:41:23","guid":{"rendered":""},"modified":"2026-04-27T04:41:23","modified_gmt":"2026-04-27T04:41:23","slug":"znackovy-sapho-eira-koupelnovy-ventilator-axialni-s-casovacem-15w-potrubi-100mm-bila-ei102-23567","status":"publish","type":"product","link":"https:\/\/www.domkraftpro.com\/index.php\/produkt\/znackovy-sapho-eira-koupelnovy-ventilator-axialni-s-casovacem-15w-potrubi-100mm-bila-ei102-23567\/","title":{"rendered":"Zna\u010dkov\u00fd Sapho EIRA koupelnov\u00fd ventil\u00e1tor axi\u00e1ln\u00ed s \u010dasova\u010dem, 15W, potrub\u00ed 100mm, b\u00edl\u00e1 EI102"},"content":{"rendered":"<div class=\"tabs__content-outer\" id=\"tab_description\" data-hash=\"description\" data-tabindex=\"-1\">\n<div class=\"tabs__content toggle_description\" id=\"content_description\">\n<div class=\"wysiwyg-content\">\n<div class=\"product__tab product__description full-width\">\n<div class=\"container\">\n<div >\n<h3>Sapho EIRA koupelnov\u00fd ventil\u00e1tor axi\u00e1ln\u00ed s \u010dasova\u010dem, 15W, potrub\u00ed 100mm, b\u00edl\u00e1 EI102<\/h3>\n<ul>\n<li>Spou\u0161t\u00ed se tla\u010d\u00edtkov\u00fdm vyp\u00edna\u010dem a po uplynut\u00ed nastaven\u00e9 doby se automaticky vypne<\/li>\n<li>S dob\u011bhov\u00fdm \u010dasova\u010dem (nastaven\u00fd \u010das za\u010d\u00edn\u00e1 b\u011b\u017eet po vypnut\u00ed vyp\u00edna\u010de)<\/li>\n<\/ul>\n<p><strong>V nab\u00eddce jsou 2 varianty ventil\u00e1tor\u016f:<\/strong><\/p>\n<p><strong>STANDARD<\/strong><span>&nbsp;<\/span>&#8211; aktivace&nbsp;samostatn\u00fdm vyp\u00edna\u010dem&nbsp;<span>nebo vyp\u00edna\u010dem ovl\u00e1daj\u00edc\u00edm osv\u011btlen\u00ed<\/span><br \/><strong>TIMER<\/strong><span>&nbsp;<\/span>&#8211;<span>&nbsp;spou\u0161t\u00ed se tla\u010d\u00edtkov\u00fdm vyp\u00edna\u010dem a po uplynut\u00ed nastaven\u00e9 doby se automaticky vypne<\/span><\/p>\n<ul>\n<li>Stupe\u0148 kryt\u00ed IPX4 (mo\u017enost instalace nad vanou)<\/li>\n<li>Mo\u017enost instalace na ze\u010f \u010di do stropu<\/li>\n<li>Aerodynamick\u00fd tvar odtahov\u00e9 \u010d\u00e1sti zaji\u0161\u0165uje velmi tich\u00fd chod<\/li>\n<li>Lehce odn\u00edmateln\u00fd \u010deln\u00ed panel pro snadn\u00e9 \u010di\u0161t\u011bn\u00ed<\/li>\n<li>V\u010detn\u011b zp\u011btn\u00e9 klapky<\/li>\n<li>Pouzdrov\u00e1 lo\u017eiska<\/li>\n<\/ul>\n<p><\/p>\n<p><b>Vlastnosti<\/b><\/p>\n<ul>\n<li><span>Materi\u00e1l:<\/span> Plast<\/li>\n<li><span>Barva:<\/span> B\u00edl\u00e1<\/li>\n<li><span>Stupe\u0148_kryt\u00ed:<\/span> IPx4<\/li>\n<li><span>Rozm\u011br:<\/span> 150&#215;150 mm<\/li>\n<li><span>V\u00fdbava:<\/span> \u010casova\u010d<\/li>\n<li><span>P\u0159\u00edkon:<\/span> 15 W<\/li>\n<li><span>Nap\u011bt\u00ed:<\/span> 230 V<\/li>\n<li><span>Pr\u016fm\u011br potrub\u00ed:<\/span> 100 mm<\/li>\n<li><span>V\u00fdkon:<\/span> 80 m3\/hod<\/li>\n<li><span>Hluk:<\/span> 30 dB<\/li>\n<li><span>Max. d\u00e9lka odtahu:<\/span> 4 m<\/li>\n<li><span>Po\u010det ot\u00e1\u010dek:<\/span> 2500 ot\/min<\/li>\n<\/ul>\n<\/div><\/div>\n<\/p><\/div>\n<\/p><\/div>\n<\/p><\/div>\n","protected":false},"excerpt":{"rendered":"<p>Sapho EIRA koupelnov\u00fd ventil\u00e1tor axi\u00e1ln\u00ed s \u010dasova\u010dem, 15W, potrub\u00ed 100mm, b\u00edl\u00e1 EI102 Spou\u0161t\u00ed se tla\u010d\u00edtkov\u00fdm vyp\u00edna\u010dem a po uplynut\u00ed nastaven\u00e9 doby se automaticky vypne S dob\u011bhov\u00fdm \u010dasova\u010dem (nastaven\u00fd \u010das za\u010d\u00edn\u00e1 b\u011b\u017eet po vypnut\u00ed vyp\u00edna\u010de) V nab\u00eddce jsou 2 varianty ventil\u00e1tor\u016f: STANDARD&nbsp;&#8211; aktivace&nbsp;samostatn\u00fdm vyp\u00edna\u010dem&nbsp;nebo vyp\u00edna\u010dem ovl\u00e1daj\u00edc\u00edm osv\u011btlen\u00edTIMER&nbsp;&#8211;&nbsp;spou\u0161t\u00ed se tla\u010d\u00edtkov\u00fdm vyp\u00edna\u010dem a po uplynut\u00ed nastaven\u00e9 doby se [&hellip;]<\/p>\n","protected":false},"featured_media":23667,"comment_status":"open","ping_status":"open","template":"","meta":[],"product_brand":[],"product_cat":[95],"product_tag":[],"class_list":{"0":"post-23567","1":"product","2":"type-product","3":"status-publish","4":"has-post-thumbnail","6":"product_cat-koupelna","8":"first","9":"instock","10":"sale","11":"shipping-taxable","12":"purchasable","13":"product-type-simple"},"yoast_head":"<!-- This site is optimized with the Yoast SEO plugin v26.8 - https:\/\/yoast.com\/product\/yoast-seo-wordpress\/ -->\n<title>Zna\u010dkov\u00fd Sapho EIRA koupelnov\u00fd ventil\u00e1tor axi\u00e1ln\u00ed s \u010dasova\u010dem, 15W, potrub\u00ed 100mm, b\u00edl\u00e1 EI102 -<\/title>\n<meta name=\"robots\" content=\"index, follow, max-snippet:-1, max-image-preview:large, max-video-preview:-1\" \/>\n<link rel=\"canonical\" href=\"https:\/\/www.domkraftpro.com\/index.php\/produkt\/znackovy-sapho-eira-koupelnovy-ventilator-axialni-s-casovacem-15w-potrubi-100mm-bila-ei102-23567\/\" \/>\n<meta property=\"og:locale\" content=\"cs_CZ\" \/>\n<meta property=\"og:type\" content=\"article\" \/>\n<meta property=\"og:title\" content=\"Zna\u010dkov\u00fd Sapho EIRA koupelnov\u00fd ventil\u00e1tor axi\u00e1ln\u00ed s \u010dasova\u010dem, 15W, potrub\u00ed 100mm, b\u00edl\u00e1 EI102 -\" \/>\n<meta property=\"og:description\" content=\"Sapho EIRA koupelnov\u00fd ventil\u00e1tor axi\u00e1ln\u00ed s \u010dasova\u010dem, 15W, potrub\u00ed 100mm, b\u00edl\u00e1 EI102 Spou\u0161t\u00ed se tla\u010d\u00edtkov\u00fdm vyp\u00edna\u010dem a po uplynut\u00ed nastaven\u00e9 doby se automaticky vypne S dob\u011bhov\u00fdm \u010dasova\u010dem (nastaven\u00fd \u010das za\u010d\u00edn\u00e1 b\u011b\u017eet po vypnut\u00ed vyp\u00edna\u010de) V nab\u00eddce jsou 2 varianty ventil\u00e1tor\u016f: STANDARD&nbsp;&#8211; aktivace&nbsp;samostatn\u00fdm vyp\u00edna\u010dem&nbsp;nebo vyp\u00edna\u010dem ovl\u00e1daj\u00edc\u00edm osv\u011btlen\u00edTIMER&nbsp;&#8211;&nbsp;spou\u0161t\u00ed se tla\u010d\u00edtkov\u00fdm vyp\u00edna\u010dem a po uplynut\u00ed nastaven\u00e9 doby se [&hellip;]\" \/>\n<meta property=\"og:url\" content=\"https:\/\/www.domkraftpro.com\/index.php\/produkt\/znackovy-sapho-eira-koupelnovy-ventilator-axialni-s-casovacem-15w-potrubi-100mm-bila-ei102-23567\/\" \/>\n<meta property=\"og:image\" content=\"https:\/\/www.domkraftpro.com\/wp-content\/uploads\/2026\/SK0007236-CZ20260425-093041-0-1777080643-3424cfbca976e86eca2962079ac70171.webp\" \/>\n\t<meta property=\"og:image:width\" content=\"776\" \/>\n\t<meta property=\"og:image:height\" content=\"796\" \/>\n\t<meta property=\"og:image:type\" content=\"image\/webp\" \/>\n<meta name=\"twitter:card\" content=\"summary_large_image\" \/>\n<meta name=\"twitter:label1\" content=\"Odhadovan\u00e1 doba \u010dten\u00ed\" \/>\n\t<meta name=\"twitter:data1\" content=\"1 minuta\" \/>\n<script type=\"application\/ld+json\" class=\"yoast-schema-graph\">{\"@context\":\"https:\/\/schema.org\",\"@graph\":[{\"@type\":\"WebPage\",\"@id\":\"https:\/\/www.domkraftpro.com\/index.php\/produkt\/znackovy-sapho-eira-koupelnovy-ventilator-axialni-s-casovacem-15w-potrubi-100mm-bila-ei102-23567\/\",\"url\":\"https:\/\/www.domkraftpro.com\/index.php\/produkt\/znackovy-sapho-eira-koupelnovy-ventilator-axialni-s-casovacem-15w-potrubi-100mm-bila-ei102-23567\/\",\"name\":\"Zna\u010dkov\u00fd Sapho EIRA koupelnov\u00fd ventil\u00e1tor axi\u00e1ln\u00ed s \u010dasova\u010dem, 15W, potrub\u00ed 100mm, b\u00edl\u00e1 EI102 -\",\"isPartOf\":{\"@id\":\"https:\/\/www.domkraftpro.com\/#website\"},\"primaryImageOfPage\":{\"@id\":\"https:\/\/www.domkraftpro.com\/index.php\/produkt\/znackovy-sapho-eira-koupelnovy-ventilator-axialni-s-casovacem-15w-potrubi-100mm-bila-ei102-23567\/#primaryimage\"},\"image\":{\"@id\":\"https:\/\/www.domkraftpro.com\/index.php\/produkt\/znackovy-sapho-eira-koupelnovy-ventilator-axialni-s-casovacem-15w-potrubi-100mm-bila-ei102-23567\/#primaryimage\"},\"thumbnailUrl\":\"https:\/\/www.domkraftpro.com\/wp-content\/uploads\/2026\/SK0007236-CZ20260425-093041-0-1777080643-3424cfbca976e86eca2962079ac70171.webp\",\"datePublished\":\"2026-04-27T04:41:23+00:00\",\"breadcrumb\":{\"@id\":\"https:\/\/www.domkraftpro.com\/index.php\/produkt\/znackovy-sapho-eira-koupelnovy-ventilator-axialni-s-casovacem-15w-potrubi-100mm-bila-ei102-23567\/#breadcrumb\"},\"inLanguage\":\"cs\",\"potentialAction\":[{\"@type\":\"ReadAction\",\"target\":[\"https:\/\/www.domkraftpro.com\/index.php\/produkt\/znackovy-sapho-eira-koupelnovy-ventilator-axialni-s-casovacem-15w-potrubi-100mm-bila-ei102-23567\/\"]}]},{\"@type\":\"ImageObject\",\"inLanguage\":\"cs\",\"@id\":\"https:\/\/www.domkraftpro.com\/index.php\/produkt\/znackovy-sapho-eira-koupelnovy-ventilator-axialni-s-casovacem-15w-potrubi-100mm-bila-ei102-23567\/#primaryimage\",\"url\":\"https:\/\/www.domkraftpro.com\/wp-content\/uploads\/2026\/SK0007236-CZ20260425-093041-0-1777080643-3424cfbca976e86eca2962079ac70171.webp\",\"contentUrl\":\"https:\/\/www.domkraftpro.com\/wp-content\/uploads\/2026\/SK0007236-CZ20260425-093041-0-1777080643-3424cfbca976e86eca2962079ac70171.webp\",\"width\":776,\"height\":796},{\"@type\":\"BreadcrumbList\",\"@id\":\"https:\/\/www.domkraftpro.com\/index.php\/produkt\/znackovy-sapho-eira-koupelnovy-ventilator-axialni-s-casovacem-15w-potrubi-100mm-bila-ei102-23567\/#breadcrumb\",\"itemListElement\":[{\"@type\":\"ListItem\",\"position\":1,\"name\":\"Home\",\"item\":\"https:\/\/www.domkraftpro.com\/\"},{\"@type\":\"ListItem\",\"position\":2,\"name\":\"Products\",\"item\":\"https:\/\/www.domkraftpro.com\/index.php\/products\/\"},{\"@type\":\"ListItem\",\"position\":3,\"name\":\"Zna\u010dkov\u00fd Sapho EIRA koupelnov\u00fd ventil\u00e1tor axi\u00e1ln\u00ed s \u010dasova\u010dem, 15W, potrub\u00ed 100mm, b\u00edl\u00e1 EI102\"}]},{\"@type\":\"WebSite\",\"@id\":\"https:\/\/www.domkraftpro.com\/#website\",\"url\":\"https:\/\/www.domkraftpro.com\/\",\"name\":\"\",\"description\":\"\",\"potentialAction\":[{\"@type\":\"SearchAction\",\"target\":{\"@type\":\"EntryPoint\",\"urlTemplate\":\"https:\/\/www.domkraftpro.com\/?s={search_term_string}\"},\"query-input\":{\"@type\":\"PropertyValueSpecification\",\"valueRequired\":true,\"valueName\":\"search_term_string\"}}],\"inLanguage\":\"cs\"}]}<\/script>\n<!-- \/ Yoast SEO plugin. -->","yoast_head_json":{"title":"Zna\u010dkov\u00fd Sapho EIRA koupelnov\u00fd ventil\u00e1tor axi\u00e1ln\u00ed s \u010dasova\u010dem, 15W, potrub\u00ed 100mm, b\u00edl\u00e1 EI102 -","robots":{"index":"index","follow":"follow","max-snippet":"max-snippet:-1","max-image-preview":"max-image-preview:large","max-video-preview":"max-video-preview:-1"},"canonical":"https:\/\/www.domkraftpro.com\/index.php\/produkt\/znackovy-sapho-eira-koupelnovy-ventilator-axialni-s-casovacem-15w-potrubi-100mm-bila-ei102-23567\/","og_locale":"cs_CZ","og_type":"article","og_title":"Zna\u010dkov\u00fd Sapho EIRA koupelnov\u00fd ventil\u00e1tor axi\u00e1ln\u00ed s \u010dasova\u010dem, 15W, potrub\u00ed 100mm, b\u00edl\u00e1 EI102 -","og_description":"Sapho EIRA koupelnov\u00fd ventil\u00e1tor axi\u00e1ln\u00ed s \u010dasova\u010dem, 15W, potrub\u00ed 100mm, b\u00edl\u00e1 EI102 Spou\u0161t\u00ed se tla\u010d\u00edtkov\u00fdm vyp\u00edna\u010dem a po uplynut\u00ed nastaven\u00e9 doby se automaticky vypne S dob\u011bhov\u00fdm \u010dasova\u010dem (nastaven\u00fd \u010das za\u010d\u00edn\u00e1 b\u011b\u017eet po vypnut\u00ed vyp\u00edna\u010de) V nab\u00eddce jsou 2 varianty ventil\u00e1tor\u016f: STANDARD&nbsp;&#8211; aktivace&nbsp;samostatn\u00fdm vyp\u00edna\u010dem&nbsp;nebo vyp\u00edna\u010dem ovl\u00e1daj\u00edc\u00edm osv\u011btlen\u00edTIMER&nbsp;&#8211;&nbsp;spou\u0161t\u00ed se tla\u010d\u00edtkov\u00fdm vyp\u00edna\u010dem a po uplynut\u00ed nastaven\u00e9 doby se [&hellip;]","og_url":"https:\/\/www.domkraftpro.com\/index.php\/produkt\/znackovy-sapho-eira-koupelnovy-ventilator-axialni-s-casovacem-15w-potrubi-100mm-bila-ei102-23567\/","og_image":[{"width":776,"height":796,"url":"https:\/\/www.domkraftpro.com\/wp-content\/uploads\/2026\/SK0007236-CZ20260425-093041-0-1777080643-3424cfbca976e86eca2962079ac70171.webp","type":"image\/webp"}],"twitter_card":"summary_large_image","twitter_misc":{"Odhadovan\u00e1 doba \u010dten\u00ed":"1 minuta"},"schema":{"@context":"https:\/\/schema.org","@graph":[{"@type":"WebPage","@id":"https:\/\/www.domkraftpro.com\/index.php\/produkt\/znackovy-sapho-eira-koupelnovy-ventilator-axialni-s-casovacem-15w-potrubi-100mm-bila-ei102-23567\/","url":"https:\/\/www.domkraftpro.com\/index.php\/produkt\/znackovy-sapho-eira-koupelnovy-ventilator-axialni-s-casovacem-15w-potrubi-100mm-bila-ei102-23567\/","name":"Zna\u010dkov\u00fd Sapho EIRA koupelnov\u00fd ventil\u00e1tor axi\u00e1ln\u00ed s \u010dasova\u010dem, 15W, potrub\u00ed 100mm, b\u00edl\u00e1 EI102 -","isPartOf":{"@id":"https:\/\/www.domkraftpro.com\/#website"},"primaryImageOfPage":{"@id":"https:\/\/www.domkraftpro.com\/index.php\/produkt\/znackovy-sapho-eira-koupelnovy-ventilator-axialni-s-casovacem-15w-potrubi-100mm-bila-ei102-23567\/#primaryimage"},"image":{"@id":"https:\/\/www.domkraftpro.com\/index.php\/produkt\/znackovy-sapho-eira-koupelnovy-ventilator-axialni-s-casovacem-15w-potrubi-100mm-bila-ei102-23567\/#primaryimage"},"thumbnailUrl":"https:\/\/www.domkraftpro.com\/wp-content\/uploads\/2026\/SK0007236-CZ20260425-093041-0-1777080643-3424cfbca976e86eca2962079ac70171.webp","datePublished":"2026-04-27T04:41:23+00:00","breadcrumb":{"@id":"https:\/\/www.domkraftpro.com\/index.php\/produkt\/znackovy-sapho-eira-koupelnovy-ventilator-axialni-s-casovacem-15w-potrubi-100mm-bila-ei102-23567\/#breadcrumb"},"inLanguage":"cs","potentialAction":[{"@type":"ReadAction","target":["https:\/\/www.domkraftpro.com\/index.php\/produkt\/znackovy-sapho-eira-koupelnovy-ventilator-axialni-s-casovacem-15w-potrubi-100mm-bila-ei102-23567\/"]}]},{"@type":"ImageObject","inLanguage":"cs","@id":"https:\/\/www.domkraftpro.com\/index.php\/produkt\/znackovy-sapho-eira-koupelnovy-ventilator-axialni-s-casovacem-15w-potrubi-100mm-bila-ei102-23567\/#primaryimage","url":"https:\/\/www.domkraftpro.com\/wp-content\/uploads\/2026\/SK0007236-CZ20260425-093041-0-1777080643-3424cfbca976e86eca2962079ac70171.webp","contentUrl":"https:\/\/www.domkraftpro.com\/wp-content\/uploads\/2026\/SK0007236-CZ20260425-093041-0-1777080643-3424cfbca976e86eca2962079ac70171.webp","width":776,"height":796},{"@type":"BreadcrumbList","@id":"https:\/\/www.domkraftpro.com\/index.php\/produkt\/znackovy-sapho-eira-koupelnovy-ventilator-axialni-s-casovacem-15w-potrubi-100mm-bila-ei102-23567\/#breadcrumb","itemListElement":[{"@type":"ListItem","position":1,"name":"Home","item":"https:\/\/www.domkraftpro.com\/"},{"@type":"ListItem","position":2,"name":"Products","item":"https:\/\/www.domkraftpro.com\/index.php\/products\/"},{"@type":"ListItem","position":3,"name":"Zna\u010dkov\u00fd Sapho EIRA koupelnov\u00fd ventil\u00e1tor axi\u00e1ln\u00ed s \u010dasova\u010dem, 15W, potrub\u00ed 100mm, b\u00edl\u00e1 EI102"}]},{"@type":"WebSite","@id":"https:\/\/www.domkraftpro.com\/#website","url":"https:\/\/www.domkraftpro.com\/","name":"","description":"","potentialAction":[{"@type":"SearchAction","target":{"@type":"EntryPoint","urlTemplate":"https:\/\/www.domkraftpro.com\/?s={search_term_string}"},"query-input":{"@type":"PropertyValueSpecification","valueRequired":true,"valueName":"search_term_string"}}],"inLanguage":"cs"}]}},"_links":{"self":[{"href":"https:\/\/www.domkraftpro.com\/index.php\/wp-json\/wp\/v2\/product\/23567","targetHints":{"allow":["GET"]}}],"collection":[{"href":"https:\/\/www.domkraftpro.com\/index.php\/wp-json\/wp\/v2\/product"}],"about":[{"href":"https:\/\/www.domkraftpro.com\/index.php\/wp-json\/wp\/v2\/types\/product"}],"replies":[{"embeddable":true,"href":"https:\/\/www.domkraftpro.com\/index.php\/wp-json\/wp\/v2\/comments?post=23567"}],"wp:featuredmedia":[{"embeddable":true,"href":"https:\/\/www.domkraftpro.com\/index.php\/wp-json\/wp\/v2\/media\/23667"}],"wp:attachment":[{"href":"https:\/\/www.domkraftpro.com\/index.php\/wp-json\/wp\/v2\/media?parent=23567"}],"wp:term":[{"taxonomy":"product_brand","embeddable":true,"href":"https:\/\/www.domkraftpro.com\/index.php\/wp-json\/wp\/v2\/product_brand?post=23567"},{"taxonomy":"product_cat","embeddable":true,"href":"https:\/\/www.domkraftpro.com\/index.php\/wp-json\/wp\/v2\/product_cat?post=23567"},{"taxonomy":"product_tag","embeddable":true,"href":"https:\/\/www.domkraftpro.com\/index.php\/wp-json\/wp\/v2\/product_tag?post=23567"}],"curies":[{"name":"wp","href":"https:\/\/api.w.org\/{rel}","templated":true}]}}