{"id":23525,"date":"2026-04-27T04:41:23","date_gmt":"2026-04-27T04:41:23","guid":{"rendered":""},"modified":"2026-04-27T04:41:23","modified_gmt":"2026-04-27T04:41:23","slug":"znackovy-sapho-dalma-keramicke-umyvadlo-na-desku-59x42-cm-grigio-mm413-23525","status":"publish","type":"product","link":"https:\/\/www.domkraftpro.com\/index.php\/produkt\/znackovy-sapho-dalma-keramicke-umyvadlo-na-desku-59x42-cm-grigio-mm413-23525\/","title":{"rendered":"Zna\u010dkov\u00fd Sapho DALMA keramick\u00e9 umyvadlo na desku, 59&#215;42 cm, grigio MM413"},"content":{"rendered":"<div class=\"tabs__content-outer\" id=\"tab_description\" data-hash=\"description\" data-tabindex=\"-1\">\n<div class=\"tabs__content toggle_description\" id=\"content_description\">\n<div class=\"wysiwyg-content\">\n<div class=\"product__tab product__description full-width\">\n<div class=\"container\">\n<div >\n<h3>Sapho DALMA keramick\u00e9 umyvadlo na desku, 59&#215;42 cm, grigio MM413<\/h3>\n<p style=\"text-align: justify;\">S\u00e9rie keramick\u00fdch umyvadel DALMA zaujme kamenn\u00fdm efektem. Umyvadla jsou glazovan\u00e1 s vyp\u00e1len\u00fdmi obtisky v&nbsp;designu kamene, \u010d\u00edm\u017e je zaru\u010dena st\u00e1lost a trvanlivost dekoru. Vyb\u00edrat m\u016f\u017eete nejen ze t\u0159\u00ed dekor\u016f v odst\u00ednech mramoru, ale i z p\u011bti tvar\u016f. Umyvadla jsou ur\u010dena k postaven\u00ed na desku, ke v\u0161em lze dokoupit uzav\u00edratelnou v\u00fdpust v barv\u011b umyvadla.<\/p>\n<p><\/p>\n<p><b>Vlastnosti<\/b><\/p>\n<ul>\n<li><span>Materi\u00e1l:<\/span> Keramika<\/li>\n<li><span>Barva:<\/span> Hn\u011bd\u00e1<\/li>\n<li><span>Instalace:<\/span> K postaven\u00ed<\/li>\n<li><span>P\u0159epad:<\/span> Ne<\/li>\n<li><span>Tvar:<\/span> Ov\u00e1l\/Elipsa<\/li>\n<li><span>Otvor pro baterii:<\/span> Bez otvoru<\/li>\n<li><span>Rozm\u011br:<\/span> 59x14x42 cm<\/li>\n<li><span>\u0160\u00ed\u0159ka:<\/span> 590 mm<\/li>\n<li><span>Hloubka:<\/span> 420 mm<\/li>\n<li><span>Typ umyvadla:<\/span> Umyvadlo na desku<\/li>\n<\/ul>\n<\/div><\/div>\n<\/p><\/div>\n<\/p><\/div>\n<\/p><\/div>\n","protected":false},"excerpt":{"rendered":"<p>Sapho DALMA keramick\u00e9 umyvadlo na desku, 59&#215;42 cm, grigio MM413 S\u00e9rie keramick\u00fdch umyvadel DALMA zaujme kamenn\u00fdm efektem. Umyvadla jsou glazovan\u00e1 s vyp\u00e1len\u00fdmi obtisky v&nbsp;designu kamene, \u010d\u00edm\u017e je zaru\u010dena st\u00e1lost a trvanlivost dekoru. Vyb\u00edrat m\u016f\u017eete nejen ze t\u0159\u00ed dekor\u016f v odst\u00ednech mramoru, ale i z p\u011bti tvar\u016f. Umyvadla jsou ur\u010dena k postaven\u00ed na desku, ke v\u0161em [&hellip;]<\/p>\n","protected":false},"featured_media":23625,"comment_status":"open","ping_status":"open","template":"","meta":[],"product_brand":[],"product_cat":[95],"product_tag":[],"class_list":{"0":"post-23525","1":"product","2":"type-product","3":"status-publish","4":"has-post-thumbnail","6":"product_cat-koupelna","8":"first","9":"instock","10":"sale","11":"shipping-taxable","12":"purchasable","13":"product-type-simple"},"yoast_head":"<!-- This site is optimized with the Yoast SEO plugin v26.8 - https:\/\/yoast.com\/product\/yoast-seo-wordpress\/ -->\n<title>Zna\u010dkov\u00fd Sapho DALMA keramick\u00e9 umyvadlo na desku, 59x42 cm, grigio MM413 -<\/title>\n<meta name=\"robots\" content=\"index, follow, max-snippet:-1, max-image-preview:large, max-video-preview:-1\" \/>\n<link rel=\"canonical\" href=\"https:\/\/www.domkraftpro.com\/index.php\/produkt\/znackovy-sapho-dalma-keramicke-umyvadlo-na-desku-59x42-cm-grigio-mm413-23525\/\" \/>\n<meta property=\"og:locale\" content=\"cs_CZ\" \/>\n<meta property=\"og:type\" content=\"article\" \/>\n<meta property=\"og:title\" content=\"Zna\u010dkov\u00fd Sapho DALMA keramick\u00e9 umyvadlo na desku, 59x42 cm, grigio MM413 -\" \/>\n<meta property=\"og:description\" content=\"Sapho DALMA keramick\u00e9 umyvadlo na desku, 59&#215;42 cm, grigio MM413 S\u00e9rie keramick\u00fdch umyvadel DALMA zaujme kamenn\u00fdm efektem. Umyvadla jsou glazovan\u00e1 s vyp\u00e1len\u00fdmi obtisky v&nbsp;designu kamene, \u010d\u00edm\u017e je zaru\u010dena st\u00e1lost a trvanlivost dekoru. Vyb\u00edrat m\u016f\u017eete nejen ze t\u0159\u00ed dekor\u016f v odst\u00ednech mramoru, ale i z p\u011bti tvar\u016f. Umyvadla jsou ur\u010dena k postaven\u00ed na desku, ke v\u0161em [&hellip;]\" \/>\n<meta property=\"og:url\" content=\"https:\/\/www.domkraftpro.com\/index.php\/produkt\/znackovy-sapho-dalma-keramicke-umyvadlo-na-desku-59x42-cm-grigio-mm413-23525\/\" \/>\n<meta property=\"og:image\" content=\"https:\/\/www.domkraftpro.com\/wp-content\/uploads\/2026\/SK0007193-CZ20260425-093041-0-1777080643-d338eac38af12f4a7ab3e246b4acd20f.webp\" \/>\n\t<meta property=\"og:image:width\" content=\"701\" \/>\n\t<meta property=\"og:image:height\" content=\"427\" \/>\n\t<meta property=\"og:image:type\" content=\"image\/webp\" \/>\n<meta name=\"twitter:card\" content=\"summary_large_image\" \/>\n<meta name=\"twitter:label1\" content=\"Odhadovan\u00e1 doba \u010dten\u00ed\" \/>\n\t<meta name=\"twitter:data1\" content=\"1 minuta\" \/>\n<script type=\"application\/ld+json\" class=\"yoast-schema-graph\">{\"@context\":\"https:\/\/schema.org\",\"@graph\":[{\"@type\":\"WebPage\",\"@id\":\"https:\/\/www.domkraftpro.com\/index.php\/produkt\/znackovy-sapho-dalma-keramicke-umyvadlo-na-desku-59x42-cm-grigio-mm413-23525\/\",\"url\":\"https:\/\/www.domkraftpro.com\/index.php\/produkt\/znackovy-sapho-dalma-keramicke-umyvadlo-na-desku-59x42-cm-grigio-mm413-23525\/\",\"name\":\"Zna\u010dkov\u00fd Sapho DALMA keramick\u00e9 umyvadlo na desku, 59x42 cm, grigio MM413 -\",\"isPartOf\":{\"@id\":\"https:\/\/www.domkraftpro.com\/#website\"},\"primaryImageOfPage\":{\"@id\":\"https:\/\/www.domkraftpro.com\/index.php\/produkt\/znackovy-sapho-dalma-keramicke-umyvadlo-na-desku-59x42-cm-grigio-mm413-23525\/#primaryimage\"},\"image\":{\"@id\":\"https:\/\/www.domkraftpro.com\/index.php\/produkt\/znackovy-sapho-dalma-keramicke-umyvadlo-na-desku-59x42-cm-grigio-mm413-23525\/#primaryimage\"},\"thumbnailUrl\":\"https:\/\/www.domkraftpro.com\/wp-content\/uploads\/2026\/SK0007193-CZ20260425-093041-0-1777080643-d338eac38af12f4a7ab3e246b4acd20f.webp\",\"datePublished\":\"2026-04-27T04:41:23+00:00\",\"breadcrumb\":{\"@id\":\"https:\/\/www.domkraftpro.com\/index.php\/produkt\/znackovy-sapho-dalma-keramicke-umyvadlo-na-desku-59x42-cm-grigio-mm413-23525\/#breadcrumb\"},\"inLanguage\":\"cs\",\"potentialAction\":[{\"@type\":\"ReadAction\",\"target\":[\"https:\/\/www.domkraftpro.com\/index.php\/produkt\/znackovy-sapho-dalma-keramicke-umyvadlo-na-desku-59x42-cm-grigio-mm413-23525\/\"]}]},{\"@type\":\"ImageObject\",\"inLanguage\":\"cs\",\"@id\":\"https:\/\/www.domkraftpro.com\/index.php\/produkt\/znackovy-sapho-dalma-keramicke-umyvadlo-na-desku-59x42-cm-grigio-mm413-23525\/#primaryimage\",\"url\":\"https:\/\/www.domkraftpro.com\/wp-content\/uploads\/2026\/SK0007193-CZ20260425-093041-0-1777080643-d338eac38af12f4a7ab3e246b4acd20f.webp\",\"contentUrl\":\"https:\/\/www.domkraftpro.com\/wp-content\/uploads\/2026\/SK0007193-CZ20260425-093041-0-1777080643-d338eac38af12f4a7ab3e246b4acd20f.webp\",\"width\":701,\"height\":427},{\"@type\":\"BreadcrumbList\",\"@id\":\"https:\/\/www.domkraftpro.com\/index.php\/produkt\/znackovy-sapho-dalma-keramicke-umyvadlo-na-desku-59x42-cm-grigio-mm413-23525\/#breadcrumb\",\"itemListElement\":[{\"@type\":\"ListItem\",\"position\":1,\"name\":\"Home\",\"item\":\"https:\/\/www.domkraftpro.com\/\"},{\"@type\":\"ListItem\",\"position\":2,\"name\":\"Products\",\"item\":\"https:\/\/www.domkraftpro.com\/index.php\/products\/\"},{\"@type\":\"ListItem\",\"position\":3,\"name\":\"Zna\u010dkov\u00fd Sapho DALMA keramick\u00e9 umyvadlo na desku, 59&#215;42 cm, grigio MM413\"}]},{\"@type\":\"WebSite\",\"@id\":\"https:\/\/www.domkraftpro.com\/#website\",\"url\":\"https:\/\/www.domkraftpro.com\/\",\"name\":\"\",\"description\":\"\",\"potentialAction\":[{\"@type\":\"SearchAction\",\"target\":{\"@type\":\"EntryPoint\",\"urlTemplate\":\"https:\/\/www.domkraftpro.com\/?s={search_term_string}\"},\"query-input\":{\"@type\":\"PropertyValueSpecification\",\"valueRequired\":true,\"valueName\":\"search_term_string\"}}],\"inLanguage\":\"cs\"}]}<\/script>\n<!-- \/ Yoast SEO plugin. -->","yoast_head_json":{"title":"Zna\u010dkov\u00fd Sapho DALMA keramick\u00e9 umyvadlo na desku, 59x42 cm, grigio MM413 -","robots":{"index":"index","follow":"follow","max-snippet":"max-snippet:-1","max-image-preview":"max-image-preview:large","max-video-preview":"max-video-preview:-1"},"canonical":"https:\/\/www.domkraftpro.com\/index.php\/produkt\/znackovy-sapho-dalma-keramicke-umyvadlo-na-desku-59x42-cm-grigio-mm413-23525\/","og_locale":"cs_CZ","og_type":"article","og_title":"Zna\u010dkov\u00fd Sapho DALMA keramick\u00e9 umyvadlo na desku, 59x42 cm, grigio MM413 -","og_description":"Sapho DALMA keramick\u00e9 umyvadlo na desku, 59&#215;42 cm, grigio MM413 S\u00e9rie keramick\u00fdch umyvadel DALMA zaujme kamenn\u00fdm efektem. Umyvadla jsou glazovan\u00e1 s vyp\u00e1len\u00fdmi obtisky v&nbsp;designu kamene, \u010d\u00edm\u017e je zaru\u010dena st\u00e1lost a trvanlivost dekoru. Vyb\u00edrat m\u016f\u017eete nejen ze t\u0159\u00ed dekor\u016f v odst\u00ednech mramoru, ale i z p\u011bti tvar\u016f. Umyvadla jsou ur\u010dena k postaven\u00ed na desku, ke v\u0161em [&hellip;]","og_url":"https:\/\/www.domkraftpro.com\/index.php\/produkt\/znackovy-sapho-dalma-keramicke-umyvadlo-na-desku-59x42-cm-grigio-mm413-23525\/","og_image":[{"width":701,"height":427,"url":"https:\/\/www.domkraftpro.com\/wp-content\/uploads\/2026\/SK0007193-CZ20260425-093041-0-1777080643-d338eac38af12f4a7ab3e246b4acd20f.webp","type":"image\/webp"}],"twitter_card":"summary_large_image","twitter_misc":{"Odhadovan\u00e1 doba \u010dten\u00ed":"1 minuta"},"schema":{"@context":"https:\/\/schema.org","@graph":[{"@type":"WebPage","@id":"https:\/\/www.domkraftpro.com\/index.php\/produkt\/znackovy-sapho-dalma-keramicke-umyvadlo-na-desku-59x42-cm-grigio-mm413-23525\/","url":"https:\/\/www.domkraftpro.com\/index.php\/produkt\/znackovy-sapho-dalma-keramicke-umyvadlo-na-desku-59x42-cm-grigio-mm413-23525\/","name":"Zna\u010dkov\u00fd Sapho DALMA keramick\u00e9 umyvadlo na desku, 59x42 cm, grigio MM413 -","isPartOf":{"@id":"https:\/\/www.domkraftpro.com\/#website"},"primaryImageOfPage":{"@id":"https:\/\/www.domkraftpro.com\/index.php\/produkt\/znackovy-sapho-dalma-keramicke-umyvadlo-na-desku-59x42-cm-grigio-mm413-23525\/#primaryimage"},"image":{"@id":"https:\/\/www.domkraftpro.com\/index.php\/produkt\/znackovy-sapho-dalma-keramicke-umyvadlo-na-desku-59x42-cm-grigio-mm413-23525\/#primaryimage"},"thumbnailUrl":"https:\/\/www.domkraftpro.com\/wp-content\/uploads\/2026\/SK0007193-CZ20260425-093041-0-1777080643-d338eac38af12f4a7ab3e246b4acd20f.webp","datePublished":"2026-04-27T04:41:23+00:00","breadcrumb":{"@id":"https:\/\/www.domkraftpro.com\/index.php\/produkt\/znackovy-sapho-dalma-keramicke-umyvadlo-na-desku-59x42-cm-grigio-mm413-23525\/#breadcrumb"},"inLanguage":"cs","potentialAction":[{"@type":"ReadAction","target":["https:\/\/www.domkraftpro.com\/index.php\/produkt\/znackovy-sapho-dalma-keramicke-umyvadlo-na-desku-59x42-cm-grigio-mm413-23525\/"]}]},{"@type":"ImageObject","inLanguage":"cs","@id":"https:\/\/www.domkraftpro.com\/index.php\/produkt\/znackovy-sapho-dalma-keramicke-umyvadlo-na-desku-59x42-cm-grigio-mm413-23525\/#primaryimage","url":"https:\/\/www.domkraftpro.com\/wp-content\/uploads\/2026\/SK0007193-CZ20260425-093041-0-1777080643-d338eac38af12f4a7ab3e246b4acd20f.webp","contentUrl":"https:\/\/www.domkraftpro.com\/wp-content\/uploads\/2026\/SK0007193-CZ20260425-093041-0-1777080643-d338eac38af12f4a7ab3e246b4acd20f.webp","width":701,"height":427},{"@type":"BreadcrumbList","@id":"https:\/\/www.domkraftpro.com\/index.php\/produkt\/znackovy-sapho-dalma-keramicke-umyvadlo-na-desku-59x42-cm-grigio-mm413-23525\/#breadcrumb","itemListElement":[{"@type":"ListItem","position":1,"name":"Home","item":"https:\/\/www.domkraftpro.com\/"},{"@type":"ListItem","position":2,"name":"Products","item":"https:\/\/www.domkraftpro.com\/index.php\/products\/"},{"@type":"ListItem","position":3,"name":"Zna\u010dkov\u00fd Sapho DALMA keramick\u00e9 umyvadlo na desku, 59&#215;42 cm, grigio MM413"}]},{"@type":"WebSite","@id":"https:\/\/www.domkraftpro.com\/#website","url":"https:\/\/www.domkraftpro.com\/","name":"","description":"","potentialAction":[{"@type":"SearchAction","target":{"@type":"EntryPoint","urlTemplate":"https:\/\/www.domkraftpro.com\/?s={search_term_string}"},"query-input":{"@type":"PropertyValueSpecification","valueRequired":true,"valueName":"search_term_string"}}],"inLanguage":"cs"}]}},"_links":{"self":[{"href":"https:\/\/www.domkraftpro.com\/index.php\/wp-json\/wp\/v2\/product\/23525","targetHints":{"allow":["GET"]}}],"collection":[{"href":"https:\/\/www.domkraftpro.com\/index.php\/wp-json\/wp\/v2\/product"}],"about":[{"href":"https:\/\/www.domkraftpro.com\/index.php\/wp-json\/wp\/v2\/types\/product"}],"replies":[{"embeddable":true,"href":"https:\/\/www.domkraftpro.com\/index.php\/wp-json\/wp\/v2\/comments?post=23525"}],"wp:featuredmedia":[{"embeddable":true,"href":"https:\/\/www.domkraftpro.com\/index.php\/wp-json\/wp\/v2\/media\/23625"}],"wp:attachment":[{"href":"https:\/\/www.domkraftpro.com\/index.php\/wp-json\/wp\/v2\/media?parent=23525"}],"wp:term":[{"taxonomy":"product_brand","embeddable":true,"href":"https:\/\/www.domkraftpro.com\/index.php\/wp-json\/wp\/v2\/product_brand?post=23525"},{"taxonomy":"product_cat","embeddable":true,"href":"https:\/\/www.domkraftpro.com\/index.php\/wp-json\/wp\/v2\/product_cat?post=23525"},{"taxonomy":"product_tag","embeddable":true,"href":"https:\/\/www.domkraftpro.com\/index.php\/wp-json\/wp\/v2\/product_tag?post=23525"}],"curies":[{"name":"wp","href":"https:\/\/api.w.org\/{rel}","templated":true}]}}