{"id":23375,"date":"2026-04-27T04:41:22","date_gmt":"2026-04-27T04:41:22","guid":{"rendered":""},"modified":"2026-04-27T04:41:22","modified_gmt":"2026-04-27T04:41:22","slug":"znackovy-podomitkova-sprchova-baterie-fonti-9337-3-vystupy-bila-matna-23375","status":"publish","type":"product","link":"https:\/\/www.domkraftpro.com\/index.php\/produkt\/znackovy-podomitkova-sprchova-baterie-fonti-9337-3-vystupy-bila-matna-23375\/","title":{"rendered":"Zna\u010dkov\u00fd Podom\u00edtkov\u00e1 sprchov\u00e1 baterie FONTI 9337 &#8211; 3 v\u00fdstupy &#8211; b\u00edl\u00e1 matn\u00e1"},"content":{"rendered":"<div class=\"tabs__content-outer\" id=\"tab_description\" data-hash=\"description\" data-tabindex=\"-1\">\n<div class=\"tabs__content toggle_description\" id=\"content_description\">\n<div class=\"wysiwyg-content\">\n<div class=\"product__tab product__description full-width\">\n<div class=\"container\">\n<div >\n<h3>Podom\u00edtkov\u00e1 sprchov\u00e1 baterie FONTI 9337 &#8211; 3 v\u00fdstupy &#8211; b\u00edl\u00e1 matn\u00e1<\/h3>\n<p>Kouzlo <strong>podom\u00edtkov\u00e9 baterie<\/strong> je to, \u017ee se d\u00e1 snadno kombinovat. Podom\u00edtkov\u00e1 sprchov\u00e1 baterie z \u0159ady<strong> FONTI 93 s p\u0159ep\u00edna\u010dem a 3 v\u00fdstupy<\/strong> krom\u011b toho tak\u00e9 skv\u011ble vypad\u00e1. D\u00e1 se pou\u017e\u00edt pro sprchov\u00fd kout i vanu. Obl\u00edben\u00e1 je v kombinaci s hlavovou de\u0161\u0165ovou sprchou, ru\u010dn\u00eds sprchou a v\u00fdtokem do vany. V\u0161echny baterie<strong> dod\u00e1v\u00e1me v\u010detn\u011b podom\u00edtkov\u00e9ho modulu.<\/strong><\/p>\n<p><strong>Upozorn\u011bn\u00ed: <\/strong>\u00davodn\u00ed fotografie je pouze ilustra\u010dn\u00ed, barevn\u00e9 proveden\u00ed je vyobrazeno v galerii.\u00a0<\/p>\n<p><strong>P\u0159ednosti podom\u00edtkov\u00e9 sprchov\u00e9 baterie FONTI 9337:<\/strong><\/p>\n<ul>\n<li><strong>Jednoduch\u00e9, modern\u00ed \u010dist\u00e9 linie<\/strong><\/li>\n<li><strong>Sprchov\u00e1 baterie podom\u00edtkov\u00e1, bez p\u0159\u00edslu\u0161enstv\u00ed, s p\u0159ep\u00edna\u010dem, 3 v\u00fdstupy<br \/><\/strong><\/li>\n<li><strong>Anti line aretator\u00a0<\/strong>(proti usazov\u00e1n\u00ed vodn\u00edho kamene)<\/li>\n<li><strong>Proveden\u00ed:<\/strong>\u00a0b\u00edl\u00e1 matn\u00e1<\/li>\n<li><strong>Prov\u011b\u0159en\u00e1<\/strong>\u00a0technologie<\/li>\n<li><strong>P\u00e1kov\u00e9 ovl\u00e1d\u00e1n\u00ed<\/strong><\/li>\n<li><strong>V\u010detn\u011b podom\u00edtkov\u00e9ho modulu<\/strong><\/li>\n<li><strong>\u00daspora vody<\/strong><\/li>\n<li><strong>Z\u00c1RUKA 5 LET<\/strong><\/li>\n<\/ul>\n<p><strong>\u00a0<\/strong><\/p>\n<p><b>Vlastnosti<\/b><\/p>\n<ul>\n<li><span>Materi\u00e1l:<\/span> Mosaz<\/li>\n<li><span>Barva:<\/span> St\u0159\u00edbrn\u00e1<\/li>\n<li><span>Vybaven\u00ed:<\/span> V\u010detn\u011b podom\u00edtkov\u00e9ho boxu<\/li>\n<li><span>Ovl\u00e1d\u00e1n\u00ed_baterie:<\/span> P\u00e1kov\u00e9<\/li>\n<li><span>Typ_p\u0159ipojen\u00ed:<\/span> G 1\/2<\/li>\n<li><span>Druh baterie:<\/span> Podom\u00edtkov\u00e1<\/li>\n<li><span>P\u0159ep\u00edna\u010d:<\/span> 3 odb\u011brn\u00e9 m\u00edsta<\/li>\n<li><span>Vyu\u017eit\u00ed_baterie:<\/span> Koupelnov\u00e9<\/li>\n<\/ul>\n<\/div><\/div>\n<\/p><\/div>\n<\/p><\/div>\n<\/p><\/div>\n","protected":false},"excerpt":{"rendered":"<p>Podom\u00edtkov\u00e1 sprchov\u00e1 baterie FONTI 9337 &#8211; 3 v\u00fdstupy &#8211; b\u00edl\u00e1 matn\u00e1 Kouzlo podom\u00edtkov\u00e9 baterie je to, \u017ee se d\u00e1 snadno kombinovat. Podom\u00edtkov\u00e1 sprchov\u00e1 baterie z \u0159ady FONTI 93 s p\u0159ep\u00edna\u010dem a 3 v\u00fdstupy krom\u011b toho tak\u00e9 skv\u011ble vypad\u00e1. D\u00e1 se pou\u017e\u00edt pro sprchov\u00fd kout i vanu. Obl\u00edben\u00e1 je v kombinaci s hlavovou de\u0161\u0165ovou sprchou, ru\u010dn\u00eds [&hellip;]<\/p>\n","protected":false},"featured_media":23475,"comment_status":"open","ping_status":"open","template":"","meta":[],"product_brand":[],"product_cat":[95],"product_tag":[],"class_list":{"0":"post-23375","1":"product","2":"type-product","3":"status-publish","4":"has-post-thumbnail","6":"product_cat-koupelna","8":"first","9":"instock","10":"sale","11":"shipping-taxable","12":"purchasable","13":"product-type-simple"},"yoast_head":"<!-- This site is optimized with the Yoast SEO plugin v26.8 - https:\/\/yoast.com\/product\/yoast-seo-wordpress\/ -->\n<title>Zna\u010dkov\u00fd Podom\u00edtkov\u00e1 sprchov\u00e1 baterie FONTI 9337 - 3 v\u00fdstupy - b\u00edl\u00e1 matn\u00e1 -<\/title>\n<meta name=\"robots\" content=\"index, follow, max-snippet:-1, max-image-preview:large, max-video-preview:-1\" \/>\n<link rel=\"canonical\" href=\"https:\/\/www.domkraftpro.com\/index.php\/produkt\/znackovy-podomitkova-sprchova-baterie-fonti-9337-3-vystupy-bila-matna-23375\/\" \/>\n<meta property=\"og:locale\" content=\"cs_CZ\" \/>\n<meta property=\"og:type\" content=\"article\" \/>\n<meta property=\"og:title\" content=\"Zna\u010dkov\u00fd Podom\u00edtkov\u00e1 sprchov\u00e1 baterie FONTI 9337 - 3 v\u00fdstupy - b\u00edl\u00e1 matn\u00e1 -\" \/>\n<meta property=\"og:description\" content=\"Podom\u00edtkov\u00e1 sprchov\u00e1 baterie FONTI 9337 &#8211; 3 v\u00fdstupy &#8211; b\u00edl\u00e1 matn\u00e1 Kouzlo podom\u00edtkov\u00e9 baterie je to, \u017ee se d\u00e1 snadno kombinovat. Podom\u00edtkov\u00e1 sprchov\u00e1 baterie z \u0159ady FONTI 93 s p\u0159ep\u00edna\u010dem a 3 v\u00fdstupy krom\u011b toho tak\u00e9 skv\u011ble vypad\u00e1. D\u00e1 se pou\u017e\u00edt pro sprchov\u00fd kout i vanu. Obl\u00edben\u00e1 je v kombinaci s hlavovou de\u0161\u0165ovou sprchou, ru\u010dn\u00eds [&hellip;]\" \/>\n<meta property=\"og:url\" content=\"https:\/\/www.domkraftpro.com\/index.php\/produkt\/znackovy-podomitkova-sprchova-baterie-fonti-9337-3-vystupy-bila-matna-23375\/\" \/>\n<meta property=\"og:image\" content=\"https:\/\/www.domkraftpro.com\/wp-content\/uploads\/2026\/SK0007141-CZ20260425-093041-0-1777080643-podomitkova-sprchova-baterie-fonti-9337-bila-matna.webp\" \/>\n\t<meta property=\"og:image:width\" content=\"170\" \/>\n\t<meta property=\"og:image:height\" content=\"397\" \/>\n\t<meta property=\"og:image:type\" content=\"image\/webp\" \/>\n<meta name=\"twitter:card\" content=\"summary_large_image\" \/>\n<meta name=\"twitter:label1\" content=\"Odhadovan\u00e1 doba \u010dten\u00ed\" \/>\n\t<meta name=\"twitter:data1\" content=\"1 minuta\" \/>\n<script type=\"application\/ld+json\" class=\"yoast-schema-graph\">{\"@context\":\"https:\/\/schema.org\",\"@graph\":[{\"@type\":\"WebPage\",\"@id\":\"https:\/\/www.domkraftpro.com\/index.php\/produkt\/znackovy-podomitkova-sprchova-baterie-fonti-9337-3-vystupy-bila-matna-23375\/\",\"url\":\"https:\/\/www.domkraftpro.com\/index.php\/produkt\/znackovy-podomitkova-sprchova-baterie-fonti-9337-3-vystupy-bila-matna-23375\/\",\"name\":\"Zna\u010dkov\u00fd Podom\u00edtkov\u00e1 sprchov\u00e1 baterie FONTI 9337 - 3 v\u00fdstupy - b\u00edl\u00e1 matn\u00e1 -\",\"isPartOf\":{\"@id\":\"https:\/\/www.domkraftpro.com\/#website\"},\"primaryImageOfPage\":{\"@id\":\"https:\/\/www.domkraftpro.com\/index.php\/produkt\/znackovy-podomitkova-sprchova-baterie-fonti-9337-3-vystupy-bila-matna-23375\/#primaryimage\"},\"image\":{\"@id\":\"https:\/\/www.domkraftpro.com\/index.php\/produkt\/znackovy-podomitkova-sprchova-baterie-fonti-9337-3-vystupy-bila-matna-23375\/#primaryimage\"},\"thumbnailUrl\":\"https:\/\/www.domkraftpro.com\/wp-content\/uploads\/2026\/SK0007141-CZ20260425-093041-0-1777080643-podomitkova-sprchova-baterie-fonti-9337-bila-matna.webp\",\"datePublished\":\"2026-04-27T04:41:22+00:00\",\"breadcrumb\":{\"@id\":\"https:\/\/www.domkraftpro.com\/index.php\/produkt\/znackovy-podomitkova-sprchova-baterie-fonti-9337-3-vystupy-bila-matna-23375\/#breadcrumb\"},\"inLanguage\":\"cs\",\"potentialAction\":[{\"@type\":\"ReadAction\",\"target\":[\"https:\/\/www.domkraftpro.com\/index.php\/produkt\/znackovy-podomitkova-sprchova-baterie-fonti-9337-3-vystupy-bila-matna-23375\/\"]}]},{\"@type\":\"ImageObject\",\"inLanguage\":\"cs\",\"@id\":\"https:\/\/www.domkraftpro.com\/index.php\/produkt\/znackovy-podomitkova-sprchova-baterie-fonti-9337-3-vystupy-bila-matna-23375\/#primaryimage\",\"url\":\"https:\/\/www.domkraftpro.com\/wp-content\/uploads\/2026\/SK0007141-CZ20260425-093041-0-1777080643-podomitkova-sprchova-baterie-fonti-9337-bila-matna.webp\",\"contentUrl\":\"https:\/\/www.domkraftpro.com\/wp-content\/uploads\/2026\/SK0007141-CZ20260425-093041-0-1777080643-podomitkova-sprchova-baterie-fonti-9337-bila-matna.webp\",\"width\":170,\"height\":397},{\"@type\":\"BreadcrumbList\",\"@id\":\"https:\/\/www.domkraftpro.com\/index.php\/produkt\/znackovy-podomitkova-sprchova-baterie-fonti-9337-3-vystupy-bila-matna-23375\/#breadcrumb\",\"itemListElement\":[{\"@type\":\"ListItem\",\"position\":1,\"name\":\"Home\",\"item\":\"https:\/\/www.domkraftpro.com\/\"},{\"@type\":\"ListItem\",\"position\":2,\"name\":\"Products\",\"item\":\"https:\/\/www.domkraftpro.com\/index.php\/products\/\"},{\"@type\":\"ListItem\",\"position\":3,\"name\":\"Zna\u010dkov\u00fd Podom\u00edtkov\u00e1 sprchov\u00e1 baterie FONTI 9337 &#8211; 3 v\u00fdstupy &#8211; b\u00edl\u00e1 matn\u00e1\"}]},{\"@type\":\"WebSite\",\"@id\":\"https:\/\/www.domkraftpro.com\/#website\",\"url\":\"https:\/\/www.domkraftpro.com\/\",\"name\":\"\",\"description\":\"\",\"potentialAction\":[{\"@type\":\"SearchAction\",\"target\":{\"@type\":\"EntryPoint\",\"urlTemplate\":\"https:\/\/www.domkraftpro.com\/?s={search_term_string}\"},\"query-input\":{\"@type\":\"PropertyValueSpecification\",\"valueRequired\":true,\"valueName\":\"search_term_string\"}}],\"inLanguage\":\"cs\"}]}<\/script>\n<!-- \/ Yoast SEO plugin. -->","yoast_head_json":{"title":"Zna\u010dkov\u00fd Podom\u00edtkov\u00e1 sprchov\u00e1 baterie FONTI 9337 - 3 v\u00fdstupy - b\u00edl\u00e1 matn\u00e1 -","robots":{"index":"index","follow":"follow","max-snippet":"max-snippet:-1","max-image-preview":"max-image-preview:large","max-video-preview":"max-video-preview:-1"},"canonical":"https:\/\/www.domkraftpro.com\/index.php\/produkt\/znackovy-podomitkova-sprchova-baterie-fonti-9337-3-vystupy-bila-matna-23375\/","og_locale":"cs_CZ","og_type":"article","og_title":"Zna\u010dkov\u00fd Podom\u00edtkov\u00e1 sprchov\u00e1 baterie FONTI 9337 - 3 v\u00fdstupy - b\u00edl\u00e1 matn\u00e1 -","og_description":"Podom\u00edtkov\u00e1 sprchov\u00e1 baterie FONTI 9337 &#8211; 3 v\u00fdstupy &#8211; b\u00edl\u00e1 matn\u00e1 Kouzlo podom\u00edtkov\u00e9 baterie je to, \u017ee se d\u00e1 snadno kombinovat. Podom\u00edtkov\u00e1 sprchov\u00e1 baterie z \u0159ady FONTI 93 s p\u0159ep\u00edna\u010dem a 3 v\u00fdstupy krom\u011b toho tak\u00e9 skv\u011ble vypad\u00e1. D\u00e1 se pou\u017e\u00edt pro sprchov\u00fd kout i vanu. Obl\u00edben\u00e1 je v kombinaci s hlavovou de\u0161\u0165ovou sprchou, ru\u010dn\u00eds [&hellip;]","og_url":"https:\/\/www.domkraftpro.com\/index.php\/produkt\/znackovy-podomitkova-sprchova-baterie-fonti-9337-3-vystupy-bila-matna-23375\/","og_image":[{"width":170,"height":397,"url":"https:\/\/www.domkraftpro.com\/wp-content\/uploads\/2026\/SK0007141-CZ20260425-093041-0-1777080643-podomitkova-sprchova-baterie-fonti-9337-bila-matna.webp","type":"image\/webp"}],"twitter_card":"summary_large_image","twitter_misc":{"Odhadovan\u00e1 doba \u010dten\u00ed":"1 minuta"},"schema":{"@context":"https:\/\/schema.org","@graph":[{"@type":"WebPage","@id":"https:\/\/www.domkraftpro.com\/index.php\/produkt\/znackovy-podomitkova-sprchova-baterie-fonti-9337-3-vystupy-bila-matna-23375\/","url":"https:\/\/www.domkraftpro.com\/index.php\/produkt\/znackovy-podomitkova-sprchova-baterie-fonti-9337-3-vystupy-bila-matna-23375\/","name":"Zna\u010dkov\u00fd Podom\u00edtkov\u00e1 sprchov\u00e1 baterie FONTI 9337 - 3 v\u00fdstupy - b\u00edl\u00e1 matn\u00e1 -","isPartOf":{"@id":"https:\/\/www.domkraftpro.com\/#website"},"primaryImageOfPage":{"@id":"https:\/\/www.domkraftpro.com\/index.php\/produkt\/znackovy-podomitkova-sprchova-baterie-fonti-9337-3-vystupy-bila-matna-23375\/#primaryimage"},"image":{"@id":"https:\/\/www.domkraftpro.com\/index.php\/produkt\/znackovy-podomitkova-sprchova-baterie-fonti-9337-3-vystupy-bila-matna-23375\/#primaryimage"},"thumbnailUrl":"https:\/\/www.domkraftpro.com\/wp-content\/uploads\/2026\/SK0007141-CZ20260425-093041-0-1777080643-podomitkova-sprchova-baterie-fonti-9337-bila-matna.webp","datePublished":"2026-04-27T04:41:22+00:00","breadcrumb":{"@id":"https:\/\/www.domkraftpro.com\/index.php\/produkt\/znackovy-podomitkova-sprchova-baterie-fonti-9337-3-vystupy-bila-matna-23375\/#breadcrumb"},"inLanguage":"cs","potentialAction":[{"@type":"ReadAction","target":["https:\/\/www.domkraftpro.com\/index.php\/produkt\/znackovy-podomitkova-sprchova-baterie-fonti-9337-3-vystupy-bila-matna-23375\/"]}]},{"@type":"ImageObject","inLanguage":"cs","@id":"https:\/\/www.domkraftpro.com\/index.php\/produkt\/znackovy-podomitkova-sprchova-baterie-fonti-9337-3-vystupy-bila-matna-23375\/#primaryimage","url":"https:\/\/www.domkraftpro.com\/wp-content\/uploads\/2026\/SK0007141-CZ20260425-093041-0-1777080643-podomitkova-sprchova-baterie-fonti-9337-bila-matna.webp","contentUrl":"https:\/\/www.domkraftpro.com\/wp-content\/uploads\/2026\/SK0007141-CZ20260425-093041-0-1777080643-podomitkova-sprchova-baterie-fonti-9337-bila-matna.webp","width":170,"height":397},{"@type":"BreadcrumbList","@id":"https:\/\/www.domkraftpro.com\/index.php\/produkt\/znackovy-podomitkova-sprchova-baterie-fonti-9337-3-vystupy-bila-matna-23375\/#breadcrumb","itemListElement":[{"@type":"ListItem","position":1,"name":"Home","item":"https:\/\/www.domkraftpro.com\/"},{"@type":"ListItem","position":2,"name":"Products","item":"https:\/\/www.domkraftpro.com\/index.php\/products\/"},{"@type":"ListItem","position":3,"name":"Zna\u010dkov\u00fd Podom\u00edtkov\u00e1 sprchov\u00e1 baterie FONTI 9337 &#8211; 3 v\u00fdstupy &#8211; b\u00edl\u00e1 matn\u00e1"}]},{"@type":"WebSite","@id":"https:\/\/www.domkraftpro.com\/#website","url":"https:\/\/www.domkraftpro.com\/","name":"","description":"","potentialAction":[{"@type":"SearchAction","target":{"@type":"EntryPoint","urlTemplate":"https:\/\/www.domkraftpro.com\/?s={search_term_string}"},"query-input":{"@type":"PropertyValueSpecification","valueRequired":true,"valueName":"search_term_string"}}],"inLanguage":"cs"}]}},"_links":{"self":[{"href":"https:\/\/www.domkraftpro.com\/index.php\/wp-json\/wp\/v2\/product\/23375","targetHints":{"allow":["GET"]}}],"collection":[{"href":"https:\/\/www.domkraftpro.com\/index.php\/wp-json\/wp\/v2\/product"}],"about":[{"href":"https:\/\/www.domkraftpro.com\/index.php\/wp-json\/wp\/v2\/types\/product"}],"replies":[{"embeddable":true,"href":"https:\/\/www.domkraftpro.com\/index.php\/wp-json\/wp\/v2\/comments?post=23375"}],"wp:featuredmedia":[{"embeddable":true,"href":"https:\/\/www.domkraftpro.com\/index.php\/wp-json\/wp\/v2\/media\/23475"}],"wp:attachment":[{"href":"https:\/\/www.domkraftpro.com\/index.php\/wp-json\/wp\/v2\/media?parent=23375"}],"wp:term":[{"taxonomy":"product_brand","embeddable":true,"href":"https:\/\/www.domkraftpro.com\/index.php\/wp-json\/wp\/v2\/product_brand?post=23375"},{"taxonomy":"product_cat","embeddable":true,"href":"https:\/\/www.domkraftpro.com\/index.php\/wp-json\/wp\/v2\/product_cat?post=23375"},{"taxonomy":"product_tag","embeddable":true,"href":"https:\/\/www.domkraftpro.com\/index.php\/wp-json\/wp\/v2\/product_tag?post=23375"}],"curies":[{"name":"wp","href":"https:\/\/api.w.org\/{rel}","templated":true}]}}