{"id":22590,"date":"2026-04-27T04:41:20","date_gmt":"2026-04-27T04:41:20","guid":{"rendered":""},"modified":"2026-04-27T04:41:20","modified_gmt":"2026-04-27T04:41:20","slug":"znackovy-zapustna-police-do-zdi-mexen-x-wall-r-60x30-cm-zlata-1950603010-22590","status":"publish","type":"product","link":"https:\/\/www.domkraftpro.com\/index.php\/produkt\/znackovy-zapustna-police-do-zdi-mexen-x-wall-r-60x30-cm-zlata-1950603010-22590\/","title":{"rendered":"Zna\u010dkov\u00fd Z\u00e1pustn\u00e1 police do zdi Mexen X-Wall-R 60&#215;30 cm &#8211; zlat\u00e1, 1950603010"},"content":{"rendered":"<div class=\"tabs__content-outer\" id=\"tab_description\" data-hash=\"description\" data-tabindex=\"-1\">\n<div class=\"tabs__content toggle_description\" id=\"content_description\">\n<div class=\"wysiwyg-content\">\n<div class=\"product__tab product__description full-width\">\n<div class=\"container\">\n<div >\n<h3>Z\u00e1pustn\u00e1 police do zdi X-Wall-R 60&#215;30 cm &#8211; zlat\u00e1<\/h3>\n<p><span style=\"font-family: verdana, geneva, sans-serif; font-size: 12pt;\">Podom\u00edtkov\u00e1 police vyroben\u00e1 z nerezov\u00e9 oceli se zlatou lesklou povrchovou \u00fapravou nab\u00eddne jednoduch\u00e9 \u0159e\u0161en\u00ed pro uskladn\u011bn\u00ed kosmetick\u00fdch pot\u0159eb, kter\u00e9 zabere minimum m\u00edsta v prostoru. Polici toti\u017e snadno zabudujete p\u0159\u00edmo do zdi. D\u00edky pou\u017eit\u00fdm materi\u00e1l\u016fm tedy velice dob\u0159e odol\u00e1v\u00e1 vlhkosti.\u00a0<\/span><\/p>\n<p><span style=\"font-family: verdana, geneva, sans-serif; font-size: 12pt;\"><strong>Parametry:\u00a0<\/strong><\/span><\/p>\n<ul>\n<li style=\"font-family: verdana, geneva, sans-serif; font-size: 12pt;\"><span style=\"font-family: verdana, geneva, sans-serif; font-size: 12pt;\">materi\u00e1l: nerezov\u00e1 ocel AISI 304\u00a0<\/span><\/li>\n<li style=\"font-family: verdana, geneva, sans-serif; font-size: 12pt;\"><span style=\"font-family: verdana, geneva, sans-serif; font-size: 12pt;\">barva: zlat\u00e1 leskl\u00e1\u00a0<\/span><\/li>\n<li style=\"font-family: verdana, geneva, sans-serif; font-size: 12pt;\"><span style=\"font-family: verdana, geneva, sans-serif; font-size: 12pt;\">\u0161\u00ed\u0159ka: 628 mm\u00a0<\/span><\/li>\n<li style=\"font-family: verdana, geneva, sans-serif; font-size: 12pt;\"><span style=\"font-family: verdana, geneva, sans-serif; font-size: 12pt;\">v\u00fd\u0161ka: 328 mm\u00a0<\/span><\/li>\n<li style=\"font-family: verdana, geneva, sans-serif; font-size: 12pt;\"><span style=\"font-family: verdana, geneva, sans-serif; font-size: 12pt;\">hloubka: 103 mm\u00a0<\/span><\/li>\n<\/ul>\n<\/div><\/div>\n<\/p><\/div>\n<\/p><\/div>\n<\/p><\/div>\n","protected":false},"excerpt":{"rendered":"<p>Z\u00e1pustn\u00e1 police do zdi X-Wall-R 60&#215;30 cm &#8211; zlat\u00e1 Podom\u00edtkov\u00e1 police vyroben\u00e1 z nerezov\u00e9 oceli se zlatou lesklou povrchovou \u00fapravou nab\u00eddne jednoduch\u00e9 \u0159e\u0161en\u00ed pro uskladn\u011bn\u00ed kosmetick\u00fdch pot\u0159eb, kter\u00e9 zabere minimum m\u00edsta v prostoru. Polici toti\u017e snadno zabudujete p\u0159\u00edmo do zdi. D\u00edky pou\u017eit\u00fdm materi\u00e1l\u016fm tedy velice dob\u0159e odol\u00e1v\u00e1 vlhkosti.\u00a0 Parametry:\u00a0 materi\u00e1l: nerezov\u00e1 ocel AISI 304\u00a0 barva: [&hellip;]<\/p>\n","protected":false},"featured_media":22690,"comment_status":"open","ping_status":"open","template":"","meta":[],"product_brand":[],"product_cat":[95],"product_tag":[],"class_list":{"0":"post-22590","1":"product","2":"type-product","3":"status-publish","4":"has-post-thumbnail","6":"product_cat-koupelna","8":"first","9":"instock","10":"sale","11":"shipping-taxable","12":"purchasable","13":"product-type-simple"},"yoast_head":"<!-- This site is optimized with the Yoast SEO plugin v26.8 - https:\/\/yoast.com\/product\/yoast-seo-wordpress\/ -->\n<title>Zna\u010dkov\u00fd Z\u00e1pustn\u00e1 police do zdi Mexen X-Wall-R 60x30 cm - zlat\u00e1, 1950603010 -<\/title>\n<meta name=\"robots\" content=\"index, follow, max-snippet:-1, max-image-preview:large, max-video-preview:-1\" \/>\n<link rel=\"canonical\" href=\"https:\/\/www.domkraftpro.com\/index.php\/produkt\/znackovy-zapustna-police-do-zdi-mexen-x-wall-r-60x30-cm-zlata-1950603010-22590\/\" \/>\n<meta property=\"og:locale\" content=\"cs_CZ\" \/>\n<meta property=\"og:type\" content=\"article\" \/>\n<meta property=\"og:title\" content=\"Zna\u010dkov\u00fd Z\u00e1pustn\u00e1 police do zdi Mexen X-Wall-R 60x30 cm - zlat\u00e1, 1950603010 -\" \/>\n<meta property=\"og:description\" content=\"Z\u00e1pustn\u00e1 police do zdi X-Wall-R 60&#215;30 cm &#8211; zlat\u00e1 Podom\u00edtkov\u00e1 police vyroben\u00e1 z nerezov\u00e9 oceli se zlatou lesklou povrchovou \u00fapravou nab\u00eddne jednoduch\u00e9 \u0159e\u0161en\u00ed pro uskladn\u011bn\u00ed kosmetick\u00fdch pot\u0159eb, kter\u00e9 zabere minimum m\u00edsta v prostoru. Polici toti\u017e snadno zabudujete p\u0159\u00edmo do zdi. D\u00edky pou\u017eit\u00fdm materi\u00e1l\u016fm tedy velice dob\u0159e odol\u00e1v\u00e1 vlhkosti.\u00a0 Parametry:\u00a0 materi\u00e1l: nerezov\u00e1 ocel AISI 304\u00a0 barva: [&hellip;]\" \/>\n<meta property=\"og:url\" content=\"https:\/\/www.domkraftpro.com\/index.php\/produkt\/znackovy-zapustna-police-do-zdi-mexen-x-wall-r-60x30-cm-zlata-1950603010-22590\/\" \/>\n<meta property=\"og:image\" content=\"https:\/\/www.domkraftpro.com\/wp-content\/uploads\/2026\/SK0006747-CZ20260425-093041-0-1777080643-export_00hq-tv.webp\" \/>\n\t<meta property=\"og:image:width\" content=\"1000\" \/>\n\t<meta property=\"og:image:height\" content=\"706\" \/>\n\t<meta property=\"og:image:type\" content=\"image\/webp\" \/>\n<meta name=\"twitter:card\" content=\"summary_large_image\" \/>\n<script type=\"application\/ld+json\" class=\"yoast-schema-graph\">{\"@context\":\"https:\/\/schema.org\",\"@graph\":[{\"@type\":\"WebPage\",\"@id\":\"https:\/\/www.domkraftpro.com\/index.php\/produkt\/znackovy-zapustna-police-do-zdi-mexen-x-wall-r-60x30-cm-zlata-1950603010-22590\/\",\"url\":\"https:\/\/www.domkraftpro.com\/index.php\/produkt\/znackovy-zapustna-police-do-zdi-mexen-x-wall-r-60x30-cm-zlata-1950603010-22590\/\",\"name\":\"Zna\u010dkov\u00fd Z\u00e1pustn\u00e1 police do zdi Mexen X-Wall-R 60x30 cm - zlat\u00e1, 1950603010 -\",\"isPartOf\":{\"@id\":\"https:\/\/www.domkraftpro.com\/#website\"},\"primaryImageOfPage\":{\"@id\":\"https:\/\/www.domkraftpro.com\/index.php\/produkt\/znackovy-zapustna-police-do-zdi-mexen-x-wall-r-60x30-cm-zlata-1950603010-22590\/#primaryimage\"},\"image\":{\"@id\":\"https:\/\/www.domkraftpro.com\/index.php\/produkt\/znackovy-zapustna-police-do-zdi-mexen-x-wall-r-60x30-cm-zlata-1950603010-22590\/#primaryimage\"},\"thumbnailUrl\":\"https:\/\/www.domkraftpro.com\/wp-content\/uploads\/2026\/SK0006747-CZ20260425-093041-0-1777080643-export_00hq-tv.webp\",\"datePublished\":\"2026-04-27T04:41:20+00:00\",\"breadcrumb\":{\"@id\":\"https:\/\/www.domkraftpro.com\/index.php\/produkt\/znackovy-zapustna-police-do-zdi-mexen-x-wall-r-60x30-cm-zlata-1950603010-22590\/#breadcrumb\"},\"inLanguage\":\"cs\",\"potentialAction\":[{\"@type\":\"ReadAction\",\"target\":[\"https:\/\/www.domkraftpro.com\/index.php\/produkt\/znackovy-zapustna-police-do-zdi-mexen-x-wall-r-60x30-cm-zlata-1950603010-22590\/\"]}]},{\"@type\":\"ImageObject\",\"inLanguage\":\"cs\",\"@id\":\"https:\/\/www.domkraftpro.com\/index.php\/produkt\/znackovy-zapustna-police-do-zdi-mexen-x-wall-r-60x30-cm-zlata-1950603010-22590\/#primaryimage\",\"url\":\"https:\/\/www.domkraftpro.com\/wp-content\/uploads\/2026\/SK0006747-CZ20260425-093041-0-1777080643-export_00hq-tv.webp\",\"contentUrl\":\"https:\/\/www.domkraftpro.com\/wp-content\/uploads\/2026\/SK0006747-CZ20260425-093041-0-1777080643-export_00hq-tv.webp\",\"width\":1000,\"height\":706},{\"@type\":\"BreadcrumbList\",\"@id\":\"https:\/\/www.domkraftpro.com\/index.php\/produkt\/znackovy-zapustna-police-do-zdi-mexen-x-wall-r-60x30-cm-zlata-1950603010-22590\/#breadcrumb\",\"itemListElement\":[{\"@type\":\"ListItem\",\"position\":1,\"name\":\"Home\",\"item\":\"https:\/\/www.domkraftpro.com\/\"},{\"@type\":\"ListItem\",\"position\":2,\"name\":\"Products\",\"item\":\"https:\/\/www.domkraftpro.com\/index.php\/products\/\"},{\"@type\":\"ListItem\",\"position\":3,\"name\":\"Zna\u010dkov\u00fd Z\u00e1pustn\u00e1 police do zdi Mexen X-Wall-R 60&#215;30 cm &#8211; zlat\u00e1, 1950603010\"}]},{\"@type\":\"WebSite\",\"@id\":\"https:\/\/www.domkraftpro.com\/#website\",\"url\":\"https:\/\/www.domkraftpro.com\/\",\"name\":\"\",\"description\":\"\",\"potentialAction\":[{\"@type\":\"SearchAction\",\"target\":{\"@type\":\"EntryPoint\",\"urlTemplate\":\"https:\/\/www.domkraftpro.com\/?s={search_term_string}\"},\"query-input\":{\"@type\":\"PropertyValueSpecification\",\"valueRequired\":true,\"valueName\":\"search_term_string\"}}],\"inLanguage\":\"cs\"}]}<\/script>\n<!-- \/ Yoast SEO plugin. -->","yoast_head_json":{"title":"Zna\u010dkov\u00fd Z\u00e1pustn\u00e1 police do zdi Mexen X-Wall-R 60x30 cm - zlat\u00e1, 1950603010 -","robots":{"index":"index","follow":"follow","max-snippet":"max-snippet:-1","max-image-preview":"max-image-preview:large","max-video-preview":"max-video-preview:-1"},"canonical":"https:\/\/www.domkraftpro.com\/index.php\/produkt\/znackovy-zapustna-police-do-zdi-mexen-x-wall-r-60x30-cm-zlata-1950603010-22590\/","og_locale":"cs_CZ","og_type":"article","og_title":"Zna\u010dkov\u00fd Z\u00e1pustn\u00e1 police do zdi Mexen X-Wall-R 60x30 cm - zlat\u00e1, 1950603010 -","og_description":"Z\u00e1pustn\u00e1 police do zdi X-Wall-R 60&#215;30 cm &#8211; zlat\u00e1 Podom\u00edtkov\u00e1 police vyroben\u00e1 z nerezov\u00e9 oceli se zlatou lesklou povrchovou \u00fapravou nab\u00eddne jednoduch\u00e9 \u0159e\u0161en\u00ed pro uskladn\u011bn\u00ed kosmetick\u00fdch pot\u0159eb, kter\u00e9 zabere minimum m\u00edsta v prostoru. Polici toti\u017e snadno zabudujete p\u0159\u00edmo do zdi. D\u00edky pou\u017eit\u00fdm materi\u00e1l\u016fm tedy velice dob\u0159e odol\u00e1v\u00e1 vlhkosti.\u00a0 Parametry:\u00a0 materi\u00e1l: nerezov\u00e1 ocel AISI 304\u00a0 barva: [&hellip;]","og_url":"https:\/\/www.domkraftpro.com\/index.php\/produkt\/znackovy-zapustna-police-do-zdi-mexen-x-wall-r-60x30-cm-zlata-1950603010-22590\/","og_image":[{"width":1000,"height":706,"url":"https:\/\/www.domkraftpro.com\/wp-content\/uploads\/2026\/SK0006747-CZ20260425-093041-0-1777080643-export_00hq-tv.webp","type":"image\/webp"}],"twitter_card":"summary_large_image","schema":{"@context":"https:\/\/schema.org","@graph":[{"@type":"WebPage","@id":"https:\/\/www.domkraftpro.com\/index.php\/produkt\/znackovy-zapustna-police-do-zdi-mexen-x-wall-r-60x30-cm-zlata-1950603010-22590\/","url":"https:\/\/www.domkraftpro.com\/index.php\/produkt\/znackovy-zapustna-police-do-zdi-mexen-x-wall-r-60x30-cm-zlata-1950603010-22590\/","name":"Zna\u010dkov\u00fd Z\u00e1pustn\u00e1 police do zdi Mexen X-Wall-R 60x30 cm - zlat\u00e1, 1950603010 -","isPartOf":{"@id":"https:\/\/www.domkraftpro.com\/#website"},"primaryImageOfPage":{"@id":"https:\/\/www.domkraftpro.com\/index.php\/produkt\/znackovy-zapustna-police-do-zdi-mexen-x-wall-r-60x30-cm-zlata-1950603010-22590\/#primaryimage"},"image":{"@id":"https:\/\/www.domkraftpro.com\/index.php\/produkt\/znackovy-zapustna-police-do-zdi-mexen-x-wall-r-60x30-cm-zlata-1950603010-22590\/#primaryimage"},"thumbnailUrl":"https:\/\/www.domkraftpro.com\/wp-content\/uploads\/2026\/SK0006747-CZ20260425-093041-0-1777080643-export_00hq-tv.webp","datePublished":"2026-04-27T04:41:20+00:00","breadcrumb":{"@id":"https:\/\/www.domkraftpro.com\/index.php\/produkt\/znackovy-zapustna-police-do-zdi-mexen-x-wall-r-60x30-cm-zlata-1950603010-22590\/#breadcrumb"},"inLanguage":"cs","potentialAction":[{"@type":"ReadAction","target":["https:\/\/www.domkraftpro.com\/index.php\/produkt\/znackovy-zapustna-police-do-zdi-mexen-x-wall-r-60x30-cm-zlata-1950603010-22590\/"]}]},{"@type":"ImageObject","inLanguage":"cs","@id":"https:\/\/www.domkraftpro.com\/index.php\/produkt\/znackovy-zapustna-police-do-zdi-mexen-x-wall-r-60x30-cm-zlata-1950603010-22590\/#primaryimage","url":"https:\/\/www.domkraftpro.com\/wp-content\/uploads\/2026\/SK0006747-CZ20260425-093041-0-1777080643-export_00hq-tv.webp","contentUrl":"https:\/\/www.domkraftpro.com\/wp-content\/uploads\/2026\/SK0006747-CZ20260425-093041-0-1777080643-export_00hq-tv.webp","width":1000,"height":706},{"@type":"BreadcrumbList","@id":"https:\/\/www.domkraftpro.com\/index.php\/produkt\/znackovy-zapustna-police-do-zdi-mexen-x-wall-r-60x30-cm-zlata-1950603010-22590\/#breadcrumb","itemListElement":[{"@type":"ListItem","position":1,"name":"Home","item":"https:\/\/www.domkraftpro.com\/"},{"@type":"ListItem","position":2,"name":"Products","item":"https:\/\/www.domkraftpro.com\/index.php\/products\/"},{"@type":"ListItem","position":3,"name":"Zna\u010dkov\u00fd Z\u00e1pustn\u00e1 police do zdi Mexen X-Wall-R 60&#215;30 cm &#8211; zlat\u00e1, 1950603010"}]},{"@type":"WebSite","@id":"https:\/\/www.domkraftpro.com\/#website","url":"https:\/\/www.domkraftpro.com\/","name":"","description":"","potentialAction":[{"@type":"SearchAction","target":{"@type":"EntryPoint","urlTemplate":"https:\/\/www.domkraftpro.com\/?s={search_term_string}"},"query-input":{"@type":"PropertyValueSpecification","valueRequired":true,"valueName":"search_term_string"}}],"inLanguage":"cs"}]}},"_links":{"self":[{"href":"https:\/\/www.domkraftpro.com\/index.php\/wp-json\/wp\/v2\/product\/22590","targetHints":{"allow":["GET"]}}],"collection":[{"href":"https:\/\/www.domkraftpro.com\/index.php\/wp-json\/wp\/v2\/product"}],"about":[{"href":"https:\/\/www.domkraftpro.com\/index.php\/wp-json\/wp\/v2\/types\/product"}],"replies":[{"embeddable":true,"href":"https:\/\/www.domkraftpro.com\/index.php\/wp-json\/wp\/v2\/comments?post=22590"}],"wp:featuredmedia":[{"embeddable":true,"href":"https:\/\/www.domkraftpro.com\/index.php\/wp-json\/wp\/v2\/media\/22690"}],"wp:attachment":[{"href":"https:\/\/www.domkraftpro.com\/index.php\/wp-json\/wp\/v2\/media?parent=22590"}],"wp:term":[{"taxonomy":"product_brand","embeddable":true,"href":"https:\/\/www.domkraftpro.com\/index.php\/wp-json\/wp\/v2\/product_brand?post=22590"},{"taxonomy":"product_cat","embeddable":true,"href":"https:\/\/www.domkraftpro.com\/index.php\/wp-json\/wp\/v2\/product_cat?post=22590"},{"taxonomy":"product_tag","embeddable":true,"href":"https:\/\/www.domkraftpro.com\/index.php\/wp-json\/wp\/v2\/product_tag?post=22590"}],"curies":[{"name":"wp","href":"https:\/\/api.w.org\/{rel}","templated":true}]}}