{"id":22494,"date":"2026-04-27T04:41:20","date_gmt":"2026-04-27T04:41:20","guid":{"rendered":""},"modified":"2026-04-27T04:41:20","modified_gmt":"2026-04-27T04:41:20","slug":"akce-koupelnovy-ventilator-mexen-dxs-100-se-zpetnou-klapkou-bily-w9603-100-00-22494","status":"publish","type":"product","link":"https:\/\/www.domkraftpro.com\/index.php\/produkt\/akce-koupelnovy-ventilator-mexen-dxs-100-se-zpetnou-klapkou-bily-w9603-100-00-22494\/","title":{"rendered":"Akce Koupelnov\u00fd ventil\u00e1tor MEXEN DXS 100 se zp\u011btnou klapkou &#8211; b\u00edl\u00fd, W9603-100-00"},"content":{"rendered":"<div class=\"tabs__content-outer\" id=\"tab_description\" data-hash=\"description\" data-tabindex=\"-1\">\n<div class=\"tabs__content toggle_description\" id=\"content_description\">\n<div class=\"wysiwyg-content\">\n<div class=\"product__tab product__description full-width\">\n<div class=\"container\">\n<div >\n<h3>Koupelnov\u00fd ventil\u00e1tor DXS 100 se zp\u011btnou klapkou &#8211; b\u00edl\u00fd<\/h3>\n<p><span style=\"font-family: verdana, geneva, sans-serif; font-size: 12pt;\">Jednoduch\u00fd a praktick\u00fd ventil\u00e1tor ur\u010den\u00fd pro zabudov\u00e1n\u00ed do zdi koupelny nebo WC zajist\u00ed odtah vlhkosti a pach\u016f mimo m\u00edstnost. D\u00edky sv\u00e9mu klasick\u00e9mu vzhledu nenaru\u0161uje estetiku m\u00edstnosti a lze jej vyu\u017e\u00edt v r\u016fzn\u00fdch stylech m\u00edstnost\u00ed. <strong>Integrovan\u00e1 zp\u011btn\u00e1 klapka<\/strong> zajist\u00ed, \u017ee se skrz ventil\u00e1tor nedostanou zp\u011bt pachy a vlhkost z ventila\u010dn\u00ed \u0161achty. Ventil\u00e1tor je vybaven kvalitn\u00edmi <strong>kuli\u010dkov\u00fdmi lo\u017eisky<\/strong>. To podstatn\u011b prodlu\u017euje \u017eivotnost a umo\u017e\u0148uje mont\u00e1\u017e ventil\u00e1toru v r\u016fzn\u00fdch poloh\u00e1ch (nap\u0159. do zdi i do stropu).<\/span><\/p>\n<p><span style=\"font-family: verdana, geneva, sans-serif; font-size: 12pt;\"><strong>Parametry:\u00a0<\/strong><\/span><\/p>\n<ul>\n<li style=\"font-family: verdana, geneva, sans-serif; font-size: 12pt;\"><span style=\"font-family: verdana, geneva, sans-serif; font-size: 12pt;\">pr\u016fm\u011br v\u00fdfuku: 100 mm\u00a0<\/span><\/li>\n<li style=\"font-family: verdana, geneva, sans-serif; font-size: 12pt;\"><span style=\"font-family: verdana, geneva, sans-serif; font-size: 12pt;\">barva: b\u00edl\u00e1 <\/span><\/li>\n<li style=\"font-family: verdana, geneva, sans-serif; font-size: 12pt;\"><span style=\"font-family: verdana, geneva, sans-serif; font-size: 12pt;\">pr\u016ftok vzduchu: 130 m3\/h\u00a0<\/span><\/li>\n<li style=\"font-family: verdana, geneva, sans-serif; font-size: 12pt;\"><span style=\"font-family: verdana, geneva, sans-serif; font-size: 12pt;\">p\u0159\u00edkon max: 12 W <\/span><\/li>\n<li style=\"font-family: verdana, geneva, sans-serif; font-size: 12pt;\"><span style=\"font-family: verdana, geneva, sans-serif; font-size: 12pt;\">hladina hluku ve vzd\u00e1lenosti 3 m: 34 dB <\/span><\/li>\n<li style=\"font-family: verdana, geneva, sans-serif; font-size: 12pt;\"><span style=\"font-family: verdana, geneva, sans-serif; font-size: 12pt;\">Nap\u00e1jen\u00ed: 230 V\/ 50 Hz <\/span><\/li>\n<li style=\"font-family: verdana, geneva, sans-serif; font-size: 12pt;\"><span style=\"font-family: verdana, geneva, sans-serif; font-size: 12pt;\">Stupe\u0148 kryt\u00ed: IPX2<\/span><\/li>\n<li style=\"font-family: verdana, geneva, sans-serif; font-size: 12pt;\"><span style=\"font-family: verdana, geneva, sans-serif; font-size: 12pt;\">zp\u011btn\u00e1 klapka: Ano\u00a0<\/span><\/li>\n<li style=\"font-family: verdana, geneva, sans-serif; font-size: 12pt;\"><span style=\"font-family: verdana, geneva, sans-serif; font-size: 12pt;\">senzor vlhkosti: Ne\u00a0<\/span><\/li>\n<li style=\"font-family: verdana, geneva, sans-serif; font-size: 12pt;\"><span style=\"font-family: verdana, geneva, sans-serif; font-size: 12pt;\">\u010dasova\u010d: Ne\u00a0<\/span><\/li>\n<li style=\"font-family: verdana, geneva, sans-serif; font-size: 12pt;\"><span style=\"font-family: verdana, geneva, sans-serif; font-size: 12pt;\">pohybov\u00fd senzor: Ne\u00a0<\/span><\/li>\n<li style=\"font-family: verdana, geneva, sans-serif; font-size: 12pt;\"><span style=\"font-family: verdana, geneva, sans-serif; font-size: 12pt;\">ovl\u00e1d\u00e1n\u00ed pomoc\u00ed lanka: Ne\u00a0<\/span><\/li>\n<\/ul>\n<p><span style=\"font-family: verdana, geneva, sans-serif; font-size: 12pt;\"><strong>Rozm\u011bry:<\/strong><\/span><\/p>\n<ul>\n<li style=\"font-family: verdana, geneva, sans-serif; font-size: 12pt;\"><span style=\"font-family: verdana, geneva, sans-serif; font-size: 12pt;\">pr\u016fm\u011br v\u00fdfuku 99 mm\u00a0<\/span><\/li>\n<li style=\"font-family: verdana, geneva, sans-serif; font-size: 12pt;\"><span style=\"font-family: verdana, geneva, sans-serif; font-size: 12pt;\">\u0161\u00ed\u0159ka\/v\u00fd\u0161ka: 157 mm\u00a0<\/span><\/li>\n<li style=\"font-family: verdana, geneva, sans-serif; font-size: 12pt;\"><span style=\"font-family: verdana, geneva, sans-serif; font-size: 12pt;\">d\u00e9lka v\u00fdfuku: 66 mm\u00a0<\/span><\/li>\n<li style=\"font-family: verdana, geneva, sans-serif; font-size: 12pt;\"><span style=\"font-family: verdana, geneva, sans-serif; font-size: 12pt;\">hloubka krytu: 21 mm<\/span><\/li>\n<\/ul>\n<\/div><\/div>\n<\/p><\/div>\n<\/p><\/div>\n<\/p><\/div>\n","protected":false},"excerpt":{"rendered":"<p>Koupelnov\u00fd ventil\u00e1tor DXS 100 se zp\u011btnou klapkou &#8211; b\u00edl\u00fd Jednoduch\u00fd a praktick\u00fd ventil\u00e1tor ur\u010den\u00fd pro zabudov\u00e1n\u00ed do zdi koupelny nebo WC zajist\u00ed odtah vlhkosti a pach\u016f mimo m\u00edstnost. D\u00edky sv\u00e9mu klasick\u00e9mu vzhledu nenaru\u0161uje estetiku m\u00edstnosti a lze jej vyu\u017e\u00edt v r\u016fzn\u00fdch stylech m\u00edstnost\u00ed. Integrovan\u00e1 zp\u011btn\u00e1 klapka zajist\u00ed, \u017ee se skrz ventil\u00e1tor nedostanou zp\u011bt pachy a [&hellip;]<\/p>\n","protected":false},"featured_media":22594,"comment_status":"open","ping_status":"open","template":"","meta":[],"product_brand":[],"product_cat":[95],"product_tag":[],"class_list":{"0":"post-22494","1":"product","2":"type-product","3":"status-publish","4":"has-post-thumbnail","6":"product_cat-koupelna","8":"first","9":"instock","10":"sale","11":"shipping-taxable","12":"purchasable","13":"product-type-simple"},"yoast_head":"<!-- This site is optimized with the Yoast SEO plugin v26.8 - https:\/\/yoast.com\/product\/yoast-seo-wordpress\/ -->\n<title>Akce Koupelnov\u00fd ventil\u00e1tor MEXEN DXS 100 se zp\u011btnou klapkou - b\u00edl\u00fd, W9603-100-00 -<\/title>\n<meta name=\"robots\" content=\"index, follow, max-snippet:-1, max-image-preview:large, max-video-preview:-1\" \/>\n<link rel=\"canonical\" href=\"https:\/\/www.domkraftpro.com\/index.php\/produkt\/akce-koupelnovy-ventilator-mexen-dxs-100-se-zpetnou-klapkou-bily-w9603-100-00-22494\/\" \/>\n<meta property=\"og:locale\" content=\"cs_CZ\" \/>\n<meta property=\"og:type\" content=\"article\" \/>\n<meta property=\"og:title\" content=\"Akce Koupelnov\u00fd ventil\u00e1tor MEXEN DXS 100 se zp\u011btnou klapkou - b\u00edl\u00fd, W9603-100-00 -\" \/>\n<meta property=\"og:description\" content=\"Koupelnov\u00fd ventil\u00e1tor DXS 100 se zp\u011btnou klapkou &#8211; b\u00edl\u00fd Jednoduch\u00fd a praktick\u00fd ventil\u00e1tor ur\u010den\u00fd pro zabudov\u00e1n\u00ed do zdi koupelny nebo WC zajist\u00ed odtah vlhkosti a pach\u016f mimo m\u00edstnost. D\u00edky sv\u00e9mu klasick\u00e9mu vzhledu nenaru\u0161uje estetiku m\u00edstnosti a lze jej vyu\u017e\u00edt v r\u016fzn\u00fdch stylech m\u00edstnost\u00ed. Integrovan\u00e1 zp\u011btn\u00e1 klapka zajist\u00ed, \u017ee se skrz ventil\u00e1tor nedostanou zp\u011bt pachy a [&hellip;]\" \/>\n<meta property=\"og:url\" content=\"https:\/\/www.domkraftpro.com\/index.php\/produkt\/akce-koupelnovy-ventilator-mexen-dxs-100-se-zpetnou-klapkou-bily-w9603-100-00-22494\/\" \/>\n<meta property=\"og:image\" content=\"https:\/\/www.domkraftpro.com\/wp-content\/uploads\/2026\/SK0006651-CZ20260425-093041-0-1777080643-export_ua40-fy.webp\" \/>\n\t<meta property=\"og:image:width\" content=\"720\" \/>\n\t<meta property=\"og:image:height\" content=\"800\" \/>\n\t<meta property=\"og:image:type\" content=\"image\/webp\" \/>\n<meta name=\"twitter:card\" content=\"summary_large_image\" \/>\n<meta name=\"twitter:label1\" content=\"Odhadovan\u00e1 doba \u010dten\u00ed\" \/>\n\t<meta name=\"twitter:data1\" content=\"1 minuta\" \/>\n<script type=\"application\/ld+json\" class=\"yoast-schema-graph\">{\"@context\":\"https:\/\/schema.org\",\"@graph\":[{\"@type\":\"WebPage\",\"@id\":\"https:\/\/www.domkraftpro.com\/index.php\/produkt\/akce-koupelnovy-ventilator-mexen-dxs-100-se-zpetnou-klapkou-bily-w9603-100-00-22494\/\",\"url\":\"https:\/\/www.domkraftpro.com\/index.php\/produkt\/akce-koupelnovy-ventilator-mexen-dxs-100-se-zpetnou-klapkou-bily-w9603-100-00-22494\/\",\"name\":\"Akce Koupelnov\u00fd ventil\u00e1tor MEXEN DXS 100 se zp\u011btnou klapkou - b\u00edl\u00fd, W9603-100-00 -\",\"isPartOf\":{\"@id\":\"https:\/\/www.domkraftpro.com\/#website\"},\"primaryImageOfPage\":{\"@id\":\"https:\/\/www.domkraftpro.com\/index.php\/produkt\/akce-koupelnovy-ventilator-mexen-dxs-100-se-zpetnou-klapkou-bily-w9603-100-00-22494\/#primaryimage\"},\"image\":{\"@id\":\"https:\/\/www.domkraftpro.com\/index.php\/produkt\/akce-koupelnovy-ventilator-mexen-dxs-100-se-zpetnou-klapkou-bily-w9603-100-00-22494\/#primaryimage\"},\"thumbnailUrl\":\"https:\/\/www.domkraftpro.com\/wp-content\/uploads\/2026\/SK0006651-CZ20260425-093041-0-1777080643-export_ua40-fy.webp\",\"datePublished\":\"2026-04-27T04:41:20+00:00\",\"breadcrumb\":{\"@id\":\"https:\/\/www.domkraftpro.com\/index.php\/produkt\/akce-koupelnovy-ventilator-mexen-dxs-100-se-zpetnou-klapkou-bily-w9603-100-00-22494\/#breadcrumb\"},\"inLanguage\":\"cs\",\"potentialAction\":[{\"@type\":\"ReadAction\",\"target\":[\"https:\/\/www.domkraftpro.com\/index.php\/produkt\/akce-koupelnovy-ventilator-mexen-dxs-100-se-zpetnou-klapkou-bily-w9603-100-00-22494\/\"]}]},{\"@type\":\"ImageObject\",\"inLanguage\":\"cs\",\"@id\":\"https:\/\/www.domkraftpro.com\/index.php\/produkt\/akce-koupelnovy-ventilator-mexen-dxs-100-se-zpetnou-klapkou-bily-w9603-100-00-22494\/#primaryimage\",\"url\":\"https:\/\/www.domkraftpro.com\/wp-content\/uploads\/2026\/SK0006651-CZ20260425-093041-0-1777080643-export_ua40-fy.webp\",\"contentUrl\":\"https:\/\/www.domkraftpro.com\/wp-content\/uploads\/2026\/SK0006651-CZ20260425-093041-0-1777080643-export_ua40-fy.webp\",\"width\":720,\"height\":800},{\"@type\":\"BreadcrumbList\",\"@id\":\"https:\/\/www.domkraftpro.com\/index.php\/produkt\/akce-koupelnovy-ventilator-mexen-dxs-100-se-zpetnou-klapkou-bily-w9603-100-00-22494\/#breadcrumb\",\"itemListElement\":[{\"@type\":\"ListItem\",\"position\":1,\"name\":\"Home\",\"item\":\"https:\/\/www.domkraftpro.com\/\"},{\"@type\":\"ListItem\",\"position\":2,\"name\":\"Products\",\"item\":\"https:\/\/www.domkraftpro.com\/index.php\/products\/\"},{\"@type\":\"ListItem\",\"position\":3,\"name\":\"Akce Koupelnov\u00fd ventil\u00e1tor MEXEN DXS 100 se zp\u011btnou klapkou &#8211; b\u00edl\u00fd, W9603-100-00\"}]},{\"@type\":\"WebSite\",\"@id\":\"https:\/\/www.domkraftpro.com\/#website\",\"url\":\"https:\/\/www.domkraftpro.com\/\",\"name\":\"\",\"description\":\"\",\"potentialAction\":[{\"@type\":\"SearchAction\",\"target\":{\"@type\":\"EntryPoint\",\"urlTemplate\":\"https:\/\/www.domkraftpro.com\/?s={search_term_string}\"},\"query-input\":{\"@type\":\"PropertyValueSpecification\",\"valueRequired\":true,\"valueName\":\"search_term_string\"}}],\"inLanguage\":\"cs\"}]}<\/script>\n<!-- \/ Yoast SEO plugin. -->","yoast_head_json":{"title":"Akce Koupelnov\u00fd ventil\u00e1tor MEXEN DXS 100 se zp\u011btnou klapkou - b\u00edl\u00fd, W9603-100-00 -","robots":{"index":"index","follow":"follow","max-snippet":"max-snippet:-1","max-image-preview":"max-image-preview:large","max-video-preview":"max-video-preview:-1"},"canonical":"https:\/\/www.domkraftpro.com\/index.php\/produkt\/akce-koupelnovy-ventilator-mexen-dxs-100-se-zpetnou-klapkou-bily-w9603-100-00-22494\/","og_locale":"cs_CZ","og_type":"article","og_title":"Akce Koupelnov\u00fd ventil\u00e1tor MEXEN DXS 100 se zp\u011btnou klapkou - b\u00edl\u00fd, W9603-100-00 -","og_description":"Koupelnov\u00fd ventil\u00e1tor DXS 100 se zp\u011btnou klapkou &#8211; b\u00edl\u00fd Jednoduch\u00fd a praktick\u00fd ventil\u00e1tor ur\u010den\u00fd pro zabudov\u00e1n\u00ed do zdi koupelny nebo WC zajist\u00ed odtah vlhkosti a pach\u016f mimo m\u00edstnost. D\u00edky sv\u00e9mu klasick\u00e9mu vzhledu nenaru\u0161uje estetiku m\u00edstnosti a lze jej vyu\u017e\u00edt v r\u016fzn\u00fdch stylech m\u00edstnost\u00ed. Integrovan\u00e1 zp\u011btn\u00e1 klapka zajist\u00ed, \u017ee se skrz ventil\u00e1tor nedostanou zp\u011bt pachy a [&hellip;]","og_url":"https:\/\/www.domkraftpro.com\/index.php\/produkt\/akce-koupelnovy-ventilator-mexen-dxs-100-se-zpetnou-klapkou-bily-w9603-100-00-22494\/","og_image":[{"width":720,"height":800,"url":"https:\/\/www.domkraftpro.com\/wp-content\/uploads\/2026\/SK0006651-CZ20260425-093041-0-1777080643-export_ua40-fy.webp","type":"image\/webp"}],"twitter_card":"summary_large_image","twitter_misc":{"Odhadovan\u00e1 doba \u010dten\u00ed":"1 minuta"},"schema":{"@context":"https:\/\/schema.org","@graph":[{"@type":"WebPage","@id":"https:\/\/www.domkraftpro.com\/index.php\/produkt\/akce-koupelnovy-ventilator-mexen-dxs-100-se-zpetnou-klapkou-bily-w9603-100-00-22494\/","url":"https:\/\/www.domkraftpro.com\/index.php\/produkt\/akce-koupelnovy-ventilator-mexen-dxs-100-se-zpetnou-klapkou-bily-w9603-100-00-22494\/","name":"Akce Koupelnov\u00fd ventil\u00e1tor MEXEN DXS 100 se zp\u011btnou klapkou - b\u00edl\u00fd, W9603-100-00 -","isPartOf":{"@id":"https:\/\/www.domkraftpro.com\/#website"},"primaryImageOfPage":{"@id":"https:\/\/www.domkraftpro.com\/index.php\/produkt\/akce-koupelnovy-ventilator-mexen-dxs-100-se-zpetnou-klapkou-bily-w9603-100-00-22494\/#primaryimage"},"image":{"@id":"https:\/\/www.domkraftpro.com\/index.php\/produkt\/akce-koupelnovy-ventilator-mexen-dxs-100-se-zpetnou-klapkou-bily-w9603-100-00-22494\/#primaryimage"},"thumbnailUrl":"https:\/\/www.domkraftpro.com\/wp-content\/uploads\/2026\/SK0006651-CZ20260425-093041-0-1777080643-export_ua40-fy.webp","datePublished":"2026-04-27T04:41:20+00:00","breadcrumb":{"@id":"https:\/\/www.domkraftpro.com\/index.php\/produkt\/akce-koupelnovy-ventilator-mexen-dxs-100-se-zpetnou-klapkou-bily-w9603-100-00-22494\/#breadcrumb"},"inLanguage":"cs","potentialAction":[{"@type":"ReadAction","target":["https:\/\/www.domkraftpro.com\/index.php\/produkt\/akce-koupelnovy-ventilator-mexen-dxs-100-se-zpetnou-klapkou-bily-w9603-100-00-22494\/"]}]},{"@type":"ImageObject","inLanguage":"cs","@id":"https:\/\/www.domkraftpro.com\/index.php\/produkt\/akce-koupelnovy-ventilator-mexen-dxs-100-se-zpetnou-klapkou-bily-w9603-100-00-22494\/#primaryimage","url":"https:\/\/www.domkraftpro.com\/wp-content\/uploads\/2026\/SK0006651-CZ20260425-093041-0-1777080643-export_ua40-fy.webp","contentUrl":"https:\/\/www.domkraftpro.com\/wp-content\/uploads\/2026\/SK0006651-CZ20260425-093041-0-1777080643-export_ua40-fy.webp","width":720,"height":800},{"@type":"BreadcrumbList","@id":"https:\/\/www.domkraftpro.com\/index.php\/produkt\/akce-koupelnovy-ventilator-mexen-dxs-100-se-zpetnou-klapkou-bily-w9603-100-00-22494\/#breadcrumb","itemListElement":[{"@type":"ListItem","position":1,"name":"Home","item":"https:\/\/www.domkraftpro.com\/"},{"@type":"ListItem","position":2,"name":"Products","item":"https:\/\/www.domkraftpro.com\/index.php\/products\/"},{"@type":"ListItem","position":3,"name":"Akce Koupelnov\u00fd ventil\u00e1tor MEXEN DXS 100 se zp\u011btnou klapkou &#8211; b\u00edl\u00fd, W9603-100-00"}]},{"@type":"WebSite","@id":"https:\/\/www.domkraftpro.com\/#website","url":"https:\/\/www.domkraftpro.com\/","name":"","description":"","potentialAction":[{"@type":"SearchAction","target":{"@type":"EntryPoint","urlTemplate":"https:\/\/www.domkraftpro.com\/?s={search_term_string}"},"query-input":{"@type":"PropertyValueSpecification","valueRequired":true,"valueName":"search_term_string"}}],"inLanguage":"cs"}]}},"_links":{"self":[{"href":"https:\/\/www.domkraftpro.com\/index.php\/wp-json\/wp\/v2\/product\/22494","targetHints":{"allow":["GET"]}}],"collection":[{"href":"https:\/\/www.domkraftpro.com\/index.php\/wp-json\/wp\/v2\/product"}],"about":[{"href":"https:\/\/www.domkraftpro.com\/index.php\/wp-json\/wp\/v2\/types\/product"}],"replies":[{"embeddable":true,"href":"https:\/\/www.domkraftpro.com\/index.php\/wp-json\/wp\/v2\/comments?post=22494"}],"wp:featuredmedia":[{"embeddable":true,"href":"https:\/\/www.domkraftpro.com\/index.php\/wp-json\/wp\/v2\/media\/22594"}],"wp:attachment":[{"href":"https:\/\/www.domkraftpro.com\/index.php\/wp-json\/wp\/v2\/media?parent=22494"}],"wp:term":[{"taxonomy":"product_brand","embeddable":true,"href":"https:\/\/www.domkraftpro.com\/index.php\/wp-json\/wp\/v2\/product_brand?post=22494"},{"taxonomy":"product_cat","embeddable":true,"href":"https:\/\/www.domkraftpro.com\/index.php\/wp-json\/wp\/v2\/product_cat?post=22494"},{"taxonomy":"product_tag","embeddable":true,"href":"https:\/\/www.domkraftpro.com\/index.php\/wp-json\/wp\/v2\/product_tag?post=22494"}],"curies":[{"name":"wp","href":"https:\/\/api.w.org\/{rel}","templated":true}]}}