{"id":22381,"date":"2026-04-27T04:41:19","date_gmt":"2026-04-27T04:41:19","guid":{"rendered":""},"modified":"2026-04-27T04:41:19","modified_gmt":"2026-04-27T04:41:19","slug":"kerasan-retro-wc-kombi-misa-38-5x72cm-zadni-odpad-bila-101301-tovarni-cena-22381","status":"publish","type":"product","link":"https:\/\/www.domkraftpro.com\/index.php\/produkt\/kerasan-retro-wc-kombi-misa-38-5x72cm-zadni-odpad-bila-101301-tovarni-cena-22381\/","title":{"rendered":"Kerasan RETRO WC kombi m\u00edsa 38, 5x72cm, zadn\u00ed odpad, b\u00edl\u00e1 101301 Tov\u00e1rn\u00ed Cena"},"content":{"rendered":"<div class=\"tabs__content-outer\" id=\"tab_description\" data-hash=\"description\" data-tabindex=\"-1\">\n<div class=\"tabs__content toggle_description\" id=\"content_description\">\n<div class=\"wysiwyg-content\">\n<div class=\"product__tab product__description full-width\">\n<div class=\"container\">\n<div >\n<h3>Kerasan RETRO WC kombi m\u00edsa 38, 5x72cm, zadn\u00ed odpad, b\u00edl\u00e1 101301<\/h3>\n<p>\u00a0<\/p>\n<p style=\"text-align: justify;\">Sanit\u00e1rn\u00ed keramika RETRO vr\u00e1t\u00ed do neusp\u011bchan\u00e9 doby let minul\u00fdch a navod\u00ed pocit pohody na star\u0161\u00ed chalup\u011b, \u010di vzne\u0161en\u00e9ho \u017eivota ze z\u00e1meck\u00e9ho prost\u0159ed\u00ed. A\u0165 tak \u010di onak, je pot\u0159eba s&nbsp;keramikou sladit i&nbsp;ostatn\u00ed vybaven\u00ed koupelny. Vhodn\u00fdm \u0159e\u0161en\u00edm jsou vodovodn\u00ed baterie ANTEA a SASSARI. Ob\u011b s\u00e9rie obsahuj\u00ed t\u0159\u00edprvkov\u00e9 baterie, proto jsme schopni keramiku na zak\u00e1zku nab\u00eddnout se t\u0159emi otvory. D\u00e1le k&nbsp;s\u00e9rii doporu\u010dujeme koupelnov\u00e9 dopl\u0148ky Diamond, n\u00e1bytek Retro, Galanta a vany Retro, Foxtrot nebo Charleston od firmy Polysan.<\/p>\n<p><\/p>\n<p><b>Vlastnosti<\/b><\/p>\n<ul>\n<li><span>Materi\u00e1l:<\/span> Keramika<\/li>\n<li><span>Barva:<\/span> B\u00edl\u00e1<\/li>\n<li><span>Tvar:<\/span> Retro<\/li>\n<li><span>Rozm\u011br:<\/span> 38,5x41x72 cm<\/li>\n<li><span>\u0160\u00ed\u0159ka:<\/span> 385 mm<\/li>\n<li><span>V\u00fd\u0161ka:<\/span> 410 mm<\/li>\n<li><span>Hloubka:<\/span> 720 mm<\/li>\n<li><span>V\u00fdbava:<\/span> Odpad zadn\u00ed<\/li>\n<li><span>Balen\u00ed neobsahuje:<\/span> WC sed\u00e1tko, Mont\u00e1\u017en\u00ed sada<\/li>\n<li><span>Technologie splachov\u00e1n\u00ed:<\/span> Standard<\/li>\n<li><span>Objem splachovac\u00ed vody:<\/span> Splachov\u00e1n\u00ed 6 l<\/li>\n<\/ul>\n<\/div><\/div>\n<\/p><\/div>\n<\/p><\/div>\n<\/p><\/div>\n","protected":false},"excerpt":{"rendered":"<p>Kerasan RETRO WC kombi m\u00edsa 38, 5x72cm, zadn\u00ed odpad, b\u00edl\u00e1 101301 \u00a0 Sanit\u00e1rn\u00ed keramika RETRO vr\u00e1t\u00ed do neusp\u011bchan\u00e9 doby let minul\u00fdch a navod\u00ed pocit pohody na star\u0161\u00ed chalup\u011b, \u010di vzne\u0161en\u00e9ho \u017eivota ze z\u00e1meck\u00e9ho prost\u0159ed\u00ed. A\u0165 tak \u010di onak, je pot\u0159eba s&nbsp;keramikou sladit i&nbsp;ostatn\u00ed vybaven\u00ed koupelny. Vhodn\u00fdm \u0159e\u0161en\u00edm jsou vodovodn\u00ed baterie ANTEA a SASSARI. Ob\u011b s\u00e9rie [&hellip;]<\/p>\n","protected":false},"featured_media":22481,"comment_status":"open","ping_status":"open","template":"","meta":[],"product_brand":[],"product_cat":[95],"product_tag":[],"class_list":{"0":"post-22381","1":"product","2":"type-product","3":"status-publish","4":"has-post-thumbnail","6":"product_cat-koupelna","8":"first","9":"instock","10":"sale","11":"shipping-taxable","12":"purchasable","13":"product-type-simple"},"yoast_head":"<!-- This site is optimized with the Yoast SEO plugin v26.8 - https:\/\/yoast.com\/product\/yoast-seo-wordpress\/ -->\n<title>Kerasan RETRO WC kombi m\u00edsa 38, 5x72cm, zadn\u00ed odpad, b\u00edl\u00e1 101301 Tov\u00e1rn\u00ed Cena -<\/title>\n<meta name=\"robots\" content=\"index, follow, max-snippet:-1, max-image-preview:large, max-video-preview:-1\" \/>\n<link rel=\"canonical\" href=\"https:\/\/www.domkraftpro.com\/index.php\/produkt\/kerasan-retro-wc-kombi-misa-38-5x72cm-zadni-odpad-bila-101301-tovarni-cena-22381\/\" \/>\n<meta property=\"og:locale\" content=\"cs_CZ\" \/>\n<meta property=\"og:type\" content=\"article\" \/>\n<meta property=\"og:title\" content=\"Kerasan RETRO WC kombi m\u00edsa 38, 5x72cm, zadn\u00ed odpad, b\u00edl\u00e1 101301 Tov\u00e1rn\u00ed Cena -\" \/>\n<meta property=\"og:description\" content=\"Kerasan RETRO WC kombi m\u00edsa 38, 5x72cm, zadn\u00ed odpad, b\u00edl\u00e1 101301 \u00a0 Sanit\u00e1rn\u00ed keramika RETRO vr\u00e1t\u00ed do neusp\u011bchan\u00e9 doby let minul\u00fdch a navod\u00ed pocit pohody na star\u0161\u00ed chalup\u011b, \u010di vzne\u0161en\u00e9ho \u017eivota ze z\u00e1meck\u00e9ho prost\u0159ed\u00ed. A\u0165 tak \u010di onak, je pot\u0159eba s&nbsp;keramikou sladit i&nbsp;ostatn\u00ed vybaven\u00ed koupelny. Vhodn\u00fdm \u0159e\u0161en\u00edm jsou vodovodn\u00ed baterie ANTEA a SASSARI. Ob\u011b s\u00e9rie [&hellip;]\" \/>\n<meta property=\"og:url\" content=\"https:\/\/www.domkraftpro.com\/index.php\/produkt\/kerasan-retro-wc-kombi-misa-38-5x72cm-zadni-odpad-bila-101301-tovarni-cena-22381\/\" \/>\n<meta property=\"og:image\" content=\"https:\/\/www.domkraftpro.com\/wp-content\/uploads\/2026\/SK0006636-CZ20260425-093041-0-1777080643-b3387753c7839777865d3ccdf71e94f9.webp\" \/>\n\t<meta property=\"og:image:width\" content=\"428\" \/>\n\t<meta property=\"og:image:height\" content=\"478\" \/>\n\t<meta property=\"og:image:type\" content=\"image\/webp\" \/>\n<meta name=\"twitter:card\" content=\"summary_large_image\" \/>\n<meta name=\"twitter:label1\" content=\"Odhadovan\u00e1 doba \u010dten\u00ed\" \/>\n\t<meta name=\"twitter:data1\" content=\"1 minuta\" \/>\n<script type=\"application\/ld+json\" class=\"yoast-schema-graph\">{\"@context\":\"https:\/\/schema.org\",\"@graph\":[{\"@type\":\"WebPage\",\"@id\":\"https:\/\/www.domkraftpro.com\/index.php\/produkt\/kerasan-retro-wc-kombi-misa-38-5x72cm-zadni-odpad-bila-101301-tovarni-cena-22381\/\",\"url\":\"https:\/\/www.domkraftpro.com\/index.php\/produkt\/kerasan-retro-wc-kombi-misa-38-5x72cm-zadni-odpad-bila-101301-tovarni-cena-22381\/\",\"name\":\"Kerasan RETRO WC kombi m\u00edsa 38, 5x72cm, zadn\u00ed odpad, b\u00edl\u00e1 101301 Tov\u00e1rn\u00ed Cena -\",\"isPartOf\":{\"@id\":\"https:\/\/www.domkraftpro.com\/#website\"},\"primaryImageOfPage\":{\"@id\":\"https:\/\/www.domkraftpro.com\/index.php\/produkt\/kerasan-retro-wc-kombi-misa-38-5x72cm-zadni-odpad-bila-101301-tovarni-cena-22381\/#primaryimage\"},\"image\":{\"@id\":\"https:\/\/www.domkraftpro.com\/index.php\/produkt\/kerasan-retro-wc-kombi-misa-38-5x72cm-zadni-odpad-bila-101301-tovarni-cena-22381\/#primaryimage\"},\"thumbnailUrl\":\"https:\/\/www.domkraftpro.com\/wp-content\/uploads\/2026\/SK0006636-CZ20260425-093041-0-1777080643-b3387753c7839777865d3ccdf71e94f9.webp\",\"datePublished\":\"2026-04-27T04:41:19+00:00\",\"breadcrumb\":{\"@id\":\"https:\/\/www.domkraftpro.com\/index.php\/produkt\/kerasan-retro-wc-kombi-misa-38-5x72cm-zadni-odpad-bila-101301-tovarni-cena-22381\/#breadcrumb\"},\"inLanguage\":\"cs\",\"potentialAction\":[{\"@type\":\"ReadAction\",\"target\":[\"https:\/\/www.domkraftpro.com\/index.php\/produkt\/kerasan-retro-wc-kombi-misa-38-5x72cm-zadni-odpad-bila-101301-tovarni-cena-22381\/\"]}]},{\"@type\":\"ImageObject\",\"inLanguage\":\"cs\",\"@id\":\"https:\/\/www.domkraftpro.com\/index.php\/produkt\/kerasan-retro-wc-kombi-misa-38-5x72cm-zadni-odpad-bila-101301-tovarni-cena-22381\/#primaryimage\",\"url\":\"https:\/\/www.domkraftpro.com\/wp-content\/uploads\/2026\/SK0006636-CZ20260425-093041-0-1777080643-b3387753c7839777865d3ccdf71e94f9.webp\",\"contentUrl\":\"https:\/\/www.domkraftpro.com\/wp-content\/uploads\/2026\/SK0006636-CZ20260425-093041-0-1777080643-b3387753c7839777865d3ccdf71e94f9.webp\",\"width\":428,\"height\":478},{\"@type\":\"BreadcrumbList\",\"@id\":\"https:\/\/www.domkraftpro.com\/index.php\/produkt\/kerasan-retro-wc-kombi-misa-38-5x72cm-zadni-odpad-bila-101301-tovarni-cena-22381\/#breadcrumb\",\"itemListElement\":[{\"@type\":\"ListItem\",\"position\":1,\"name\":\"Home\",\"item\":\"https:\/\/www.domkraftpro.com\/\"},{\"@type\":\"ListItem\",\"position\":2,\"name\":\"Products\",\"item\":\"https:\/\/www.domkraftpro.com\/index.php\/products\/\"},{\"@type\":\"ListItem\",\"position\":3,\"name\":\"Kerasan RETRO WC kombi m\u00edsa 38, 5x72cm, zadn\u00ed odpad, b\u00edl\u00e1 101301 Tov\u00e1rn\u00ed Cena\"}]},{\"@type\":\"WebSite\",\"@id\":\"https:\/\/www.domkraftpro.com\/#website\",\"url\":\"https:\/\/www.domkraftpro.com\/\",\"name\":\"\",\"description\":\"\",\"potentialAction\":[{\"@type\":\"SearchAction\",\"target\":{\"@type\":\"EntryPoint\",\"urlTemplate\":\"https:\/\/www.domkraftpro.com\/?s={search_term_string}\"},\"query-input\":{\"@type\":\"PropertyValueSpecification\",\"valueRequired\":true,\"valueName\":\"search_term_string\"}}],\"inLanguage\":\"cs\"}]}<\/script>\n<!-- \/ Yoast SEO plugin. -->","yoast_head_json":{"title":"Kerasan RETRO WC kombi m\u00edsa 38, 5x72cm, zadn\u00ed odpad, b\u00edl\u00e1 101301 Tov\u00e1rn\u00ed Cena -","robots":{"index":"index","follow":"follow","max-snippet":"max-snippet:-1","max-image-preview":"max-image-preview:large","max-video-preview":"max-video-preview:-1"},"canonical":"https:\/\/www.domkraftpro.com\/index.php\/produkt\/kerasan-retro-wc-kombi-misa-38-5x72cm-zadni-odpad-bila-101301-tovarni-cena-22381\/","og_locale":"cs_CZ","og_type":"article","og_title":"Kerasan RETRO WC kombi m\u00edsa 38, 5x72cm, zadn\u00ed odpad, b\u00edl\u00e1 101301 Tov\u00e1rn\u00ed Cena -","og_description":"Kerasan RETRO WC kombi m\u00edsa 38, 5x72cm, zadn\u00ed odpad, b\u00edl\u00e1 101301 \u00a0 Sanit\u00e1rn\u00ed keramika RETRO vr\u00e1t\u00ed do neusp\u011bchan\u00e9 doby let minul\u00fdch a navod\u00ed pocit pohody na star\u0161\u00ed chalup\u011b, \u010di vzne\u0161en\u00e9ho \u017eivota ze z\u00e1meck\u00e9ho prost\u0159ed\u00ed. A\u0165 tak \u010di onak, je pot\u0159eba s&nbsp;keramikou sladit i&nbsp;ostatn\u00ed vybaven\u00ed koupelny. Vhodn\u00fdm \u0159e\u0161en\u00edm jsou vodovodn\u00ed baterie ANTEA a SASSARI. Ob\u011b s\u00e9rie [&hellip;]","og_url":"https:\/\/www.domkraftpro.com\/index.php\/produkt\/kerasan-retro-wc-kombi-misa-38-5x72cm-zadni-odpad-bila-101301-tovarni-cena-22381\/","og_image":[{"width":428,"height":478,"url":"https:\/\/www.domkraftpro.com\/wp-content\/uploads\/2026\/SK0006636-CZ20260425-093041-0-1777080643-b3387753c7839777865d3ccdf71e94f9.webp","type":"image\/webp"}],"twitter_card":"summary_large_image","twitter_misc":{"Odhadovan\u00e1 doba \u010dten\u00ed":"1 minuta"},"schema":{"@context":"https:\/\/schema.org","@graph":[{"@type":"WebPage","@id":"https:\/\/www.domkraftpro.com\/index.php\/produkt\/kerasan-retro-wc-kombi-misa-38-5x72cm-zadni-odpad-bila-101301-tovarni-cena-22381\/","url":"https:\/\/www.domkraftpro.com\/index.php\/produkt\/kerasan-retro-wc-kombi-misa-38-5x72cm-zadni-odpad-bila-101301-tovarni-cena-22381\/","name":"Kerasan RETRO WC kombi m\u00edsa 38, 5x72cm, zadn\u00ed odpad, b\u00edl\u00e1 101301 Tov\u00e1rn\u00ed Cena -","isPartOf":{"@id":"https:\/\/www.domkraftpro.com\/#website"},"primaryImageOfPage":{"@id":"https:\/\/www.domkraftpro.com\/index.php\/produkt\/kerasan-retro-wc-kombi-misa-38-5x72cm-zadni-odpad-bila-101301-tovarni-cena-22381\/#primaryimage"},"image":{"@id":"https:\/\/www.domkraftpro.com\/index.php\/produkt\/kerasan-retro-wc-kombi-misa-38-5x72cm-zadni-odpad-bila-101301-tovarni-cena-22381\/#primaryimage"},"thumbnailUrl":"https:\/\/www.domkraftpro.com\/wp-content\/uploads\/2026\/SK0006636-CZ20260425-093041-0-1777080643-b3387753c7839777865d3ccdf71e94f9.webp","datePublished":"2026-04-27T04:41:19+00:00","breadcrumb":{"@id":"https:\/\/www.domkraftpro.com\/index.php\/produkt\/kerasan-retro-wc-kombi-misa-38-5x72cm-zadni-odpad-bila-101301-tovarni-cena-22381\/#breadcrumb"},"inLanguage":"cs","potentialAction":[{"@type":"ReadAction","target":["https:\/\/www.domkraftpro.com\/index.php\/produkt\/kerasan-retro-wc-kombi-misa-38-5x72cm-zadni-odpad-bila-101301-tovarni-cena-22381\/"]}]},{"@type":"ImageObject","inLanguage":"cs","@id":"https:\/\/www.domkraftpro.com\/index.php\/produkt\/kerasan-retro-wc-kombi-misa-38-5x72cm-zadni-odpad-bila-101301-tovarni-cena-22381\/#primaryimage","url":"https:\/\/www.domkraftpro.com\/wp-content\/uploads\/2026\/SK0006636-CZ20260425-093041-0-1777080643-b3387753c7839777865d3ccdf71e94f9.webp","contentUrl":"https:\/\/www.domkraftpro.com\/wp-content\/uploads\/2026\/SK0006636-CZ20260425-093041-0-1777080643-b3387753c7839777865d3ccdf71e94f9.webp","width":428,"height":478},{"@type":"BreadcrumbList","@id":"https:\/\/www.domkraftpro.com\/index.php\/produkt\/kerasan-retro-wc-kombi-misa-38-5x72cm-zadni-odpad-bila-101301-tovarni-cena-22381\/#breadcrumb","itemListElement":[{"@type":"ListItem","position":1,"name":"Home","item":"https:\/\/www.domkraftpro.com\/"},{"@type":"ListItem","position":2,"name":"Products","item":"https:\/\/www.domkraftpro.com\/index.php\/products\/"},{"@type":"ListItem","position":3,"name":"Kerasan RETRO WC kombi m\u00edsa 38, 5x72cm, zadn\u00ed odpad, b\u00edl\u00e1 101301 Tov\u00e1rn\u00ed Cena"}]},{"@type":"WebSite","@id":"https:\/\/www.domkraftpro.com\/#website","url":"https:\/\/www.domkraftpro.com\/","name":"","description":"","potentialAction":[{"@type":"SearchAction","target":{"@type":"EntryPoint","urlTemplate":"https:\/\/www.domkraftpro.com\/?s={search_term_string}"},"query-input":{"@type":"PropertyValueSpecification","valueRequired":true,"valueName":"search_term_string"}}],"inLanguage":"cs"}]}},"_links":{"self":[{"href":"https:\/\/www.domkraftpro.com\/index.php\/wp-json\/wp\/v2\/product\/22381","targetHints":{"allow":["GET"]}}],"collection":[{"href":"https:\/\/www.domkraftpro.com\/index.php\/wp-json\/wp\/v2\/product"}],"about":[{"href":"https:\/\/www.domkraftpro.com\/index.php\/wp-json\/wp\/v2\/types\/product"}],"replies":[{"embeddable":true,"href":"https:\/\/www.domkraftpro.com\/index.php\/wp-json\/wp\/v2\/comments?post=22381"}],"wp:featuredmedia":[{"embeddable":true,"href":"https:\/\/www.domkraftpro.com\/index.php\/wp-json\/wp\/v2\/media\/22481"}],"wp:attachment":[{"href":"https:\/\/www.domkraftpro.com\/index.php\/wp-json\/wp\/v2\/media?parent=22381"}],"wp:term":[{"taxonomy":"product_brand","embeddable":true,"href":"https:\/\/www.domkraftpro.com\/index.php\/wp-json\/wp\/v2\/product_brand?post=22381"},{"taxonomy":"product_cat","embeddable":true,"href":"https:\/\/www.domkraftpro.com\/index.php\/wp-json\/wp\/v2\/product_cat?post=22381"},{"taxonomy":"product_tag","embeddable":true,"href":"https:\/\/www.domkraftpro.com\/index.php\/wp-json\/wp\/v2\/product_tag?post=22381"}],"curies":[{"name":"wp","href":"https:\/\/api.w.org\/{rel}","templated":true}]}}