{"id":22380,"date":"2026-04-27T04:41:19","date_gmt":"2026-04-27T04:41:19","guid":{"rendered":""},"modified":"2026-04-27T04:41:19","modified_gmt":"2026-04-27T04:41:19","slug":"sprchovy-set-bora-bez-prislusenstvi-originalni-22380","status":"publish","type":"product","link":"https:\/\/www.domkraftpro.com\/index.php\/produkt\/sprchovy-set-bora-bez-prislusenstvi-originalni-22380\/","title":{"rendered":"Sprchov\u00fd set BORA bez p\u0159\u00edslu\u0161enstv\u00ed Origin\u00e1ln\u00ed"},"content":{"rendered":"<div class=\"tabs__content-outer\" id=\"tab_description\" data-hash=\"description\" data-tabindex=\"-1\">\n<div class=\"tabs__content toggle_description\" id=\"content_description\">\n<div class=\"wysiwyg-content\">\n<div class=\"product__tab product__description full-width\">\n<div class=\"container\">\n<div >\n<h3>Sprchov\u00fd set BORA bez p\u0159\u00edslu\u0161enstv\u00ed<\/h3>\n<p><strong>Elegantn\u00ed \u0159e\u0161en\u00ed pro V\u00e1\u0161 sprchov\u00fd kout poskytuje praktick\u00fd sprchov\u00fd set BORA<\/strong>. Vyrobeno z prvot\u0159\u00eddn\u00edho plastu s nerezovou povrchovou \u00fapravou zabra\u0148uje odlupov\u00e1n\u00ed barvy a korozi. Tato povrchov\u00e1 \u00faprava zaji\u0161\u0165uje snadnou \u00fadr\u017ebu.<strong> Set obsahuje praktickou poli\u010dku a dr\u017e\u00e1k na ru\u010dn\u00ed sprchu.<\/strong><\/p>\n<ul>\n<li><strong>Materi\u00e1l:<\/strong>\u00a0pochromovan\u00fd plast<\/li>\n<li><strong>Rozm\u011bry:<\/strong>\u00a0d\u00e9lka 63,5 cm, pr\u016fm\u011br\u00a0\u00d8 25 mm<\/li>\n<li><strong>Sprchov\u00e1 ty\u010d<\/strong>\u00a0bez p\u0159\u00edslu\u0161enstv\u00ed<\/li>\n<li>\u00dachyty na ze\u010f, poli\u010dka,\u00a0dr\u017e\u00e1k ru\u010dn\u00ed sprchy<\/li>\n<\/ul>\n<p><b>Vlastnosti<\/b><\/p>\n<ul>\n<li><span>Materi\u00e1l:<\/span> Plast<\/li>\n<li><span>Barva:<\/span> Chrom<\/li>\n<li><span>S\u00e9rie:<\/span> BORA<\/li>\n<li><span>Rozm\u011br_C:<\/span> 63.5 cm<\/li>\n<\/ul>\n<\/div><\/div>\n<\/p><\/div>\n<\/p><\/div>\n<\/p><\/div>\n","protected":false},"excerpt":{"rendered":"<p>Sprchov\u00fd set BORA bez p\u0159\u00edslu\u0161enstv\u00ed Elegantn\u00ed \u0159e\u0161en\u00ed pro V\u00e1\u0161 sprchov\u00fd kout poskytuje praktick\u00fd sprchov\u00fd set BORA. Vyrobeno z prvot\u0159\u00eddn\u00edho plastu s nerezovou povrchovou \u00fapravou zabra\u0148uje odlupov\u00e1n\u00ed barvy a korozi. Tato povrchov\u00e1 \u00faprava zaji\u0161\u0165uje snadnou \u00fadr\u017ebu. Set obsahuje praktickou poli\u010dku a dr\u017e\u00e1k na ru\u010dn\u00ed sprchu. Materi\u00e1l:\u00a0pochromovan\u00fd plast Rozm\u011bry:\u00a0d\u00e9lka 63,5 cm, pr\u016fm\u011br\u00a0\u00d8 25 mm Sprchov\u00e1 ty\u010d\u00a0bez p\u0159\u00edslu\u0161enstv\u00ed [&hellip;]<\/p>\n","protected":false},"featured_media":22480,"comment_status":"open","ping_status":"open","template":"","meta":[],"product_brand":[],"product_cat":[95],"product_tag":[],"class_list":{"0":"post-22380","1":"product","2":"type-product","3":"status-publish","4":"has-post-thumbnail","6":"product_cat-koupelna","8":"first","9":"instock","10":"sale","11":"shipping-taxable","12":"purchasable","13":"product-type-simple"},"yoast_head":"<!-- This site is optimized with the Yoast SEO plugin v26.8 - https:\/\/yoast.com\/product\/yoast-seo-wordpress\/ -->\n<title>Sprchov\u00fd set BORA bez p\u0159\u00edslu\u0161enstv\u00ed Origin\u00e1ln\u00ed -<\/title>\n<meta name=\"robots\" content=\"index, follow, max-snippet:-1, max-image-preview:large, max-video-preview:-1\" \/>\n<link rel=\"canonical\" href=\"https:\/\/www.domkraftpro.com\/index.php\/produkt\/sprchovy-set-bora-bez-prislusenstvi-originalni-22380\/\" \/>\n<meta property=\"og:locale\" content=\"cs_CZ\" \/>\n<meta property=\"og:type\" content=\"article\" \/>\n<meta property=\"og:title\" content=\"Sprchov\u00fd set BORA bez p\u0159\u00edslu\u0161enstv\u00ed Origin\u00e1ln\u00ed -\" \/>\n<meta property=\"og:description\" content=\"Sprchov\u00fd set BORA bez p\u0159\u00edslu\u0161enstv\u00ed Elegantn\u00ed \u0159e\u0161en\u00ed pro V\u00e1\u0161 sprchov\u00fd kout poskytuje praktick\u00fd sprchov\u00fd set BORA. Vyrobeno z prvot\u0159\u00eddn\u00edho plastu s nerezovou povrchovou \u00fapravou zabra\u0148uje odlupov\u00e1n\u00ed barvy a korozi. Tato povrchov\u00e1 \u00faprava zaji\u0161\u0165uje snadnou \u00fadr\u017ebu. Set obsahuje praktickou poli\u010dku a dr\u017e\u00e1k na ru\u010dn\u00ed sprchu. Materi\u00e1l:\u00a0pochromovan\u00fd plast Rozm\u011bry:\u00a0d\u00e9lka 63,5 cm, pr\u016fm\u011br\u00a0\u00d8 25 mm Sprchov\u00e1 ty\u010d\u00a0bez p\u0159\u00edslu\u0161enstv\u00ed [&hellip;]\" \/>\n<meta property=\"og:url\" content=\"https:\/\/www.domkraftpro.com\/index.php\/produkt\/sprchovy-set-bora-bez-prislusenstvi-originalni-22380\/\" \/>\n<meta property=\"og:image\" content=\"https:\/\/www.domkraftpro.com\/wp-content\/uploads\/2026\/SK0006635-CZ20260425-093041-0-1777080643-sprchovy-set-bora-bez-prislusenstvi.webp\" \/>\n\t<meta property=\"og:image:width\" content=\"205\" \/>\n\t<meta property=\"og:image:height\" content=\"800\" \/>\n\t<meta property=\"og:image:type\" content=\"image\/webp\" \/>\n<meta name=\"twitter:card\" content=\"summary_large_image\" \/>\n<script type=\"application\/ld+json\" class=\"yoast-schema-graph\">{\"@context\":\"https:\/\/schema.org\",\"@graph\":[{\"@type\":\"WebPage\",\"@id\":\"https:\/\/www.domkraftpro.com\/index.php\/produkt\/sprchovy-set-bora-bez-prislusenstvi-originalni-22380\/\",\"url\":\"https:\/\/www.domkraftpro.com\/index.php\/produkt\/sprchovy-set-bora-bez-prislusenstvi-originalni-22380\/\",\"name\":\"Sprchov\u00fd set BORA bez p\u0159\u00edslu\u0161enstv\u00ed Origin\u00e1ln\u00ed -\",\"isPartOf\":{\"@id\":\"https:\/\/www.domkraftpro.com\/#website\"},\"primaryImageOfPage\":{\"@id\":\"https:\/\/www.domkraftpro.com\/index.php\/produkt\/sprchovy-set-bora-bez-prislusenstvi-originalni-22380\/#primaryimage\"},\"image\":{\"@id\":\"https:\/\/www.domkraftpro.com\/index.php\/produkt\/sprchovy-set-bora-bez-prislusenstvi-originalni-22380\/#primaryimage\"},\"thumbnailUrl\":\"https:\/\/www.domkraftpro.com\/wp-content\/uploads\/2026\/SK0006635-CZ20260425-093041-0-1777080643-sprchovy-set-bora-bez-prislusenstvi.webp\",\"datePublished\":\"2026-04-27T04:41:19+00:00\",\"breadcrumb\":{\"@id\":\"https:\/\/www.domkraftpro.com\/index.php\/produkt\/sprchovy-set-bora-bez-prislusenstvi-originalni-22380\/#breadcrumb\"},\"inLanguage\":\"cs\",\"potentialAction\":[{\"@type\":\"ReadAction\",\"target\":[\"https:\/\/www.domkraftpro.com\/index.php\/produkt\/sprchovy-set-bora-bez-prislusenstvi-originalni-22380\/\"]}]},{\"@type\":\"ImageObject\",\"inLanguage\":\"cs\",\"@id\":\"https:\/\/www.domkraftpro.com\/index.php\/produkt\/sprchovy-set-bora-bez-prislusenstvi-originalni-22380\/#primaryimage\",\"url\":\"https:\/\/www.domkraftpro.com\/wp-content\/uploads\/2026\/SK0006635-CZ20260425-093041-0-1777080643-sprchovy-set-bora-bez-prislusenstvi.webp\",\"contentUrl\":\"https:\/\/www.domkraftpro.com\/wp-content\/uploads\/2026\/SK0006635-CZ20260425-093041-0-1777080643-sprchovy-set-bora-bez-prislusenstvi.webp\",\"width\":205,\"height\":800},{\"@type\":\"BreadcrumbList\",\"@id\":\"https:\/\/www.domkraftpro.com\/index.php\/produkt\/sprchovy-set-bora-bez-prislusenstvi-originalni-22380\/#breadcrumb\",\"itemListElement\":[{\"@type\":\"ListItem\",\"position\":1,\"name\":\"Home\",\"item\":\"https:\/\/www.domkraftpro.com\/\"},{\"@type\":\"ListItem\",\"position\":2,\"name\":\"Products\",\"item\":\"https:\/\/www.domkraftpro.com\/index.php\/products\/\"},{\"@type\":\"ListItem\",\"position\":3,\"name\":\"Sprchov\u00fd set BORA bez p\u0159\u00edslu\u0161enstv\u00ed Origin\u00e1ln\u00ed\"}]},{\"@type\":\"WebSite\",\"@id\":\"https:\/\/www.domkraftpro.com\/#website\",\"url\":\"https:\/\/www.domkraftpro.com\/\",\"name\":\"\",\"description\":\"\",\"potentialAction\":[{\"@type\":\"SearchAction\",\"target\":{\"@type\":\"EntryPoint\",\"urlTemplate\":\"https:\/\/www.domkraftpro.com\/?s={search_term_string}\"},\"query-input\":{\"@type\":\"PropertyValueSpecification\",\"valueRequired\":true,\"valueName\":\"search_term_string\"}}],\"inLanguage\":\"cs\"}]}<\/script>\n<!-- \/ Yoast SEO plugin. -->","yoast_head_json":{"title":"Sprchov\u00fd set BORA bez p\u0159\u00edslu\u0161enstv\u00ed Origin\u00e1ln\u00ed -","robots":{"index":"index","follow":"follow","max-snippet":"max-snippet:-1","max-image-preview":"max-image-preview:large","max-video-preview":"max-video-preview:-1"},"canonical":"https:\/\/www.domkraftpro.com\/index.php\/produkt\/sprchovy-set-bora-bez-prislusenstvi-originalni-22380\/","og_locale":"cs_CZ","og_type":"article","og_title":"Sprchov\u00fd set BORA bez p\u0159\u00edslu\u0161enstv\u00ed Origin\u00e1ln\u00ed -","og_description":"Sprchov\u00fd set BORA bez p\u0159\u00edslu\u0161enstv\u00ed Elegantn\u00ed \u0159e\u0161en\u00ed pro V\u00e1\u0161 sprchov\u00fd kout poskytuje praktick\u00fd sprchov\u00fd set BORA. Vyrobeno z prvot\u0159\u00eddn\u00edho plastu s nerezovou povrchovou \u00fapravou zabra\u0148uje odlupov\u00e1n\u00ed barvy a korozi. Tato povrchov\u00e1 \u00faprava zaji\u0161\u0165uje snadnou \u00fadr\u017ebu. Set obsahuje praktickou poli\u010dku a dr\u017e\u00e1k na ru\u010dn\u00ed sprchu. Materi\u00e1l:\u00a0pochromovan\u00fd plast Rozm\u011bry:\u00a0d\u00e9lka 63,5 cm, pr\u016fm\u011br\u00a0\u00d8 25 mm Sprchov\u00e1 ty\u010d\u00a0bez p\u0159\u00edslu\u0161enstv\u00ed [&hellip;]","og_url":"https:\/\/www.domkraftpro.com\/index.php\/produkt\/sprchovy-set-bora-bez-prislusenstvi-originalni-22380\/","og_image":[{"width":205,"height":800,"url":"https:\/\/www.domkraftpro.com\/wp-content\/uploads\/2026\/SK0006635-CZ20260425-093041-0-1777080643-sprchovy-set-bora-bez-prislusenstvi.webp","type":"image\/webp"}],"twitter_card":"summary_large_image","schema":{"@context":"https:\/\/schema.org","@graph":[{"@type":"WebPage","@id":"https:\/\/www.domkraftpro.com\/index.php\/produkt\/sprchovy-set-bora-bez-prislusenstvi-originalni-22380\/","url":"https:\/\/www.domkraftpro.com\/index.php\/produkt\/sprchovy-set-bora-bez-prislusenstvi-originalni-22380\/","name":"Sprchov\u00fd set BORA bez p\u0159\u00edslu\u0161enstv\u00ed Origin\u00e1ln\u00ed -","isPartOf":{"@id":"https:\/\/www.domkraftpro.com\/#website"},"primaryImageOfPage":{"@id":"https:\/\/www.domkraftpro.com\/index.php\/produkt\/sprchovy-set-bora-bez-prislusenstvi-originalni-22380\/#primaryimage"},"image":{"@id":"https:\/\/www.domkraftpro.com\/index.php\/produkt\/sprchovy-set-bora-bez-prislusenstvi-originalni-22380\/#primaryimage"},"thumbnailUrl":"https:\/\/www.domkraftpro.com\/wp-content\/uploads\/2026\/SK0006635-CZ20260425-093041-0-1777080643-sprchovy-set-bora-bez-prislusenstvi.webp","datePublished":"2026-04-27T04:41:19+00:00","breadcrumb":{"@id":"https:\/\/www.domkraftpro.com\/index.php\/produkt\/sprchovy-set-bora-bez-prislusenstvi-originalni-22380\/#breadcrumb"},"inLanguage":"cs","potentialAction":[{"@type":"ReadAction","target":["https:\/\/www.domkraftpro.com\/index.php\/produkt\/sprchovy-set-bora-bez-prislusenstvi-originalni-22380\/"]}]},{"@type":"ImageObject","inLanguage":"cs","@id":"https:\/\/www.domkraftpro.com\/index.php\/produkt\/sprchovy-set-bora-bez-prislusenstvi-originalni-22380\/#primaryimage","url":"https:\/\/www.domkraftpro.com\/wp-content\/uploads\/2026\/SK0006635-CZ20260425-093041-0-1777080643-sprchovy-set-bora-bez-prislusenstvi.webp","contentUrl":"https:\/\/www.domkraftpro.com\/wp-content\/uploads\/2026\/SK0006635-CZ20260425-093041-0-1777080643-sprchovy-set-bora-bez-prislusenstvi.webp","width":205,"height":800},{"@type":"BreadcrumbList","@id":"https:\/\/www.domkraftpro.com\/index.php\/produkt\/sprchovy-set-bora-bez-prislusenstvi-originalni-22380\/#breadcrumb","itemListElement":[{"@type":"ListItem","position":1,"name":"Home","item":"https:\/\/www.domkraftpro.com\/"},{"@type":"ListItem","position":2,"name":"Products","item":"https:\/\/www.domkraftpro.com\/index.php\/products\/"},{"@type":"ListItem","position":3,"name":"Sprchov\u00fd set BORA bez p\u0159\u00edslu\u0161enstv\u00ed Origin\u00e1ln\u00ed"}]},{"@type":"WebSite","@id":"https:\/\/www.domkraftpro.com\/#website","url":"https:\/\/www.domkraftpro.com\/","name":"","description":"","potentialAction":[{"@type":"SearchAction","target":{"@type":"EntryPoint","urlTemplate":"https:\/\/www.domkraftpro.com\/?s={search_term_string}"},"query-input":{"@type":"PropertyValueSpecification","valueRequired":true,"valueName":"search_term_string"}}],"inLanguage":"cs"}]}},"_links":{"self":[{"href":"https:\/\/www.domkraftpro.com\/index.php\/wp-json\/wp\/v2\/product\/22380","targetHints":{"allow":["GET"]}}],"collection":[{"href":"https:\/\/www.domkraftpro.com\/index.php\/wp-json\/wp\/v2\/product"}],"about":[{"href":"https:\/\/www.domkraftpro.com\/index.php\/wp-json\/wp\/v2\/types\/product"}],"replies":[{"embeddable":true,"href":"https:\/\/www.domkraftpro.com\/index.php\/wp-json\/wp\/v2\/comments?post=22380"}],"wp:featuredmedia":[{"embeddable":true,"href":"https:\/\/www.domkraftpro.com\/index.php\/wp-json\/wp\/v2\/media\/22480"}],"wp:attachment":[{"href":"https:\/\/www.domkraftpro.com\/index.php\/wp-json\/wp\/v2\/media?parent=22380"}],"wp:term":[{"taxonomy":"product_brand","embeddable":true,"href":"https:\/\/www.domkraftpro.com\/index.php\/wp-json\/wp\/v2\/product_brand?post=22380"},{"taxonomy":"product_cat","embeddable":true,"href":"https:\/\/www.domkraftpro.com\/index.php\/wp-json\/wp\/v2\/product_cat?post=22380"},{"taxonomy":"product_tag","embeddable":true,"href":"https:\/\/www.domkraftpro.com\/index.php\/wp-json\/wp\/v2\/product_tag?post=22380"}],"curies":[{"name":"wp","href":"https:\/\/api.w.org\/{rel}","templated":true}]}}