{"id":22378,"date":"2026-04-27T04:41:19","date_gmt":"2026-04-27T04:41:19","guid":{"rendered":""},"modified":"2026-04-27T04:41:19","modified_gmt":"2026-04-27T04:41:19","slug":"bidetova-baterie-rea-lungo-chromova-rychle-dodani-22378","status":"publish","type":"product","link":"https:\/\/www.domkraftpro.com\/index.php\/produkt\/bidetova-baterie-rea-lungo-chromova-rychle-dodani-22378\/","title":{"rendered":"Bidetov\u00e1 baterie REA LUNGO &#8211; chromov\u00e1 Rychl\u00e9 Dod\u00e1n\u00ed"},"content":{"rendered":"<div class=\"tabs__content-outer\" id=\"tab_description\" data-hash=\"description\" data-tabindex=\"-1\">\n<div class=\"tabs__content toggle_description\" id=\"content_description\">\n<div class=\"wysiwyg-content\">\n<div class=\"product__tab product__description full-width\">\n<div class=\"container\">\n<div >\n<h3>Bidetov\u00e1 baterie REA LUNGO &#8211; chromov\u00e1<\/h3>\n<p><span style=\"font-family: verdana, geneva, sans-serif;\">T\u011blo modern\u00ed bidetov\u00e9 baterie<strong>\u00a0<\/strong>je vyrobeno z mosazi s chromovou povrchovou \u00fapravou. Tato technika zaru\u010duje vysok\u00fd lesk a chr\u00e1n\u00ed baterii p\u0159ed po\u0161kr\u00e1b\u00e1n\u00edm a koroz\u00ed. Baterie se hod\u00ed ke ka\u017ed\u00e9mu bidetu. Syst\u00e9m uvnit\u0159 baterie efektivn\u011b provzdu\u0161\u0148uje vodu, co\u017e p\u0159in\u00e1\u0161\u00ed ni\u017e\u0161\u00ed spot\u0159ebu. Dod\u00e1v\u00e1no v\u010detn\u011b hadi\u010dek, t\u011bsn\u011bn\u00ed a mont\u00e1\u017en\u00edho p\u0159\u00edslu\u0161enstv\u00ed.\u00a0<\/span><\/p>\n<p><span style=\"font-family: verdana, geneva, sans-serif;\"><strong>Parametry:<\/strong><\/span><\/p>\n<ul>\n<li style=\"font-family: verdana, geneva, sans-serif;\"><span style=\"font-family: verdana, geneva, sans-serif;\">V\u00fd\u0161ka: 17 cm\u00a0<\/span><\/li>\n<li style=\"font-family: verdana, geneva, sans-serif;\"><span style=\"font-family: verdana, geneva, sans-serif;\">D\u00e9lka v\u00fdtoku: 9 cm\u00a0<\/span><\/li>\n<li style=\"font-family: verdana, geneva, sans-serif;\"><span style=\"font-family: verdana, geneva, sans-serif;\">Hlava: keramick\u00e1\u00a0<\/span><\/li>\n<li style=\"font-family: verdana, geneva, sans-serif;\"><span style=\"font-family: verdana, geneva, sans-serif;\">P\u0159ipojen\u00ed: 3\/8&#8243;\u00a0<\/span><\/li>\n<li style=\"font-family: verdana, geneva, sans-serif;\"><span style=\"font-family: verdana, geneva, sans-serif;\">typ mont\u00e1\u017ee: stoj\u00edc\u00ed na desku nebo bidet\u00a0<\/span><\/li>\n<\/ul>\n<p><b>Vlastnosti<\/b><\/p>\n<ul>\n<li><span>Materi\u00e1l:<\/span> mosaz<\/li>\n<li><span>Barva:<\/span> St\u0159\u00edbrn\u00e1<\/li>\n<\/ul>\n<\/div><\/div>\n<\/p><\/div>\n<\/p><\/div>\n<\/p><\/div>\n","protected":false},"excerpt":{"rendered":"<p>Bidetov\u00e1 baterie REA LUNGO &#8211; chromov\u00e1 T\u011blo modern\u00ed bidetov\u00e9 baterie\u00a0je vyrobeno z mosazi s chromovou povrchovou \u00fapravou. Tato technika zaru\u010duje vysok\u00fd lesk a chr\u00e1n\u00ed baterii p\u0159ed po\u0161kr\u00e1b\u00e1n\u00edm a koroz\u00ed. Baterie se hod\u00ed ke ka\u017ed\u00e9mu bidetu. Syst\u00e9m uvnit\u0159 baterie efektivn\u011b provzdu\u0161\u0148uje vodu, co\u017e p\u0159in\u00e1\u0161\u00ed ni\u017e\u0161\u00ed spot\u0159ebu. Dod\u00e1v\u00e1no v\u010detn\u011b hadi\u010dek, t\u011bsn\u011bn\u00ed a mont\u00e1\u017en\u00edho p\u0159\u00edslu\u0161enstv\u00ed.\u00a0 Parametry: V\u00fd\u0161ka: 17 [&hellip;]<\/p>\n","protected":false},"featured_media":22478,"comment_status":"open","ping_status":"open","template":"","meta":[],"product_brand":[],"product_cat":[95],"product_tag":[],"class_list":{"0":"post-22378","1":"product","2":"type-product","3":"status-publish","4":"has-post-thumbnail","6":"product_cat-koupelna","8":"first","9":"instock","10":"sale","11":"shipping-taxable","12":"purchasable","13":"product-type-simple"},"yoast_head":"<!-- This site is optimized with the Yoast SEO plugin v26.8 - https:\/\/yoast.com\/product\/yoast-seo-wordpress\/ -->\n<title>Bidetov\u00e1 baterie REA LUNGO - chromov\u00e1 Rychl\u00e9 Dod\u00e1n\u00ed -<\/title>\n<meta name=\"robots\" content=\"index, follow, max-snippet:-1, max-image-preview:large, max-video-preview:-1\" \/>\n<link rel=\"canonical\" href=\"https:\/\/www.domkraftpro.com\/index.php\/produkt\/bidetova-baterie-rea-lungo-chromova-rychle-dodani-22378\/\" \/>\n<meta property=\"og:locale\" content=\"cs_CZ\" \/>\n<meta property=\"og:type\" content=\"article\" \/>\n<meta property=\"og:title\" content=\"Bidetov\u00e1 baterie REA LUNGO - chromov\u00e1 Rychl\u00e9 Dod\u00e1n\u00ed -\" \/>\n<meta property=\"og:description\" content=\"Bidetov\u00e1 baterie REA LUNGO &#8211; chromov\u00e1 T\u011blo modern\u00ed bidetov\u00e9 baterie\u00a0je vyrobeno z mosazi s chromovou povrchovou \u00fapravou. Tato technika zaru\u010duje vysok\u00fd lesk a chr\u00e1n\u00ed baterii p\u0159ed po\u0161kr\u00e1b\u00e1n\u00edm a koroz\u00ed. Baterie se hod\u00ed ke ka\u017ed\u00e9mu bidetu. Syst\u00e9m uvnit\u0159 baterie efektivn\u011b provzdu\u0161\u0148uje vodu, co\u017e p\u0159in\u00e1\u0161\u00ed ni\u017e\u0161\u00ed spot\u0159ebu. Dod\u00e1v\u00e1no v\u010detn\u011b hadi\u010dek, t\u011bsn\u011bn\u00ed a mont\u00e1\u017en\u00edho p\u0159\u00edslu\u0161enstv\u00ed.\u00a0 Parametry: V\u00fd\u0161ka: 17 [&hellip;]\" \/>\n<meta property=\"og:url\" content=\"https:\/\/www.domkraftpro.com\/index.php\/produkt\/bidetova-baterie-rea-lungo-chromova-rychle-dodani-22378\/\" \/>\n<meta property=\"og:image\" content=\"https:\/\/www.domkraftpro.com\/wp-content\/uploads\/2026\/SK0006633-CZ20260425-093041-0-1777080643-6b03c0347c52a5e84b28df1b5d1ebbae.webp\" \/>\n\t<meta property=\"og:image:width\" content=\"611\" \/>\n\t<meta property=\"og:image:height\" content=\"800\" \/>\n\t<meta property=\"og:image:type\" content=\"image\/webp\" \/>\n<meta name=\"twitter:card\" content=\"summary_large_image\" \/>\n<meta name=\"twitter:label1\" content=\"Odhadovan\u00e1 doba \u010dten\u00ed\" \/>\n\t<meta name=\"twitter:data1\" content=\"1 minuta\" \/>\n<script type=\"application\/ld+json\" class=\"yoast-schema-graph\">{\"@context\":\"https:\/\/schema.org\",\"@graph\":[{\"@type\":\"WebPage\",\"@id\":\"https:\/\/www.domkraftpro.com\/index.php\/produkt\/bidetova-baterie-rea-lungo-chromova-rychle-dodani-22378\/\",\"url\":\"https:\/\/www.domkraftpro.com\/index.php\/produkt\/bidetova-baterie-rea-lungo-chromova-rychle-dodani-22378\/\",\"name\":\"Bidetov\u00e1 baterie REA LUNGO - chromov\u00e1 Rychl\u00e9 Dod\u00e1n\u00ed -\",\"isPartOf\":{\"@id\":\"https:\/\/www.domkraftpro.com\/#website\"},\"primaryImageOfPage\":{\"@id\":\"https:\/\/www.domkraftpro.com\/index.php\/produkt\/bidetova-baterie-rea-lungo-chromova-rychle-dodani-22378\/#primaryimage\"},\"image\":{\"@id\":\"https:\/\/www.domkraftpro.com\/index.php\/produkt\/bidetova-baterie-rea-lungo-chromova-rychle-dodani-22378\/#primaryimage\"},\"thumbnailUrl\":\"https:\/\/www.domkraftpro.com\/wp-content\/uploads\/2026\/SK0006633-CZ20260425-093041-0-1777080643-6b03c0347c52a5e84b28df1b5d1ebbae.webp\",\"datePublished\":\"2026-04-27T04:41:19+00:00\",\"breadcrumb\":{\"@id\":\"https:\/\/www.domkraftpro.com\/index.php\/produkt\/bidetova-baterie-rea-lungo-chromova-rychle-dodani-22378\/#breadcrumb\"},\"inLanguage\":\"cs\",\"potentialAction\":[{\"@type\":\"ReadAction\",\"target\":[\"https:\/\/www.domkraftpro.com\/index.php\/produkt\/bidetova-baterie-rea-lungo-chromova-rychle-dodani-22378\/\"]}]},{\"@type\":\"ImageObject\",\"inLanguage\":\"cs\",\"@id\":\"https:\/\/www.domkraftpro.com\/index.php\/produkt\/bidetova-baterie-rea-lungo-chromova-rychle-dodani-22378\/#primaryimage\",\"url\":\"https:\/\/www.domkraftpro.com\/wp-content\/uploads\/2026\/SK0006633-CZ20260425-093041-0-1777080643-6b03c0347c52a5e84b28df1b5d1ebbae.webp\",\"contentUrl\":\"https:\/\/www.domkraftpro.com\/wp-content\/uploads\/2026\/SK0006633-CZ20260425-093041-0-1777080643-6b03c0347c52a5e84b28df1b5d1ebbae.webp\",\"width\":611,\"height\":800},{\"@type\":\"BreadcrumbList\",\"@id\":\"https:\/\/www.domkraftpro.com\/index.php\/produkt\/bidetova-baterie-rea-lungo-chromova-rychle-dodani-22378\/#breadcrumb\",\"itemListElement\":[{\"@type\":\"ListItem\",\"position\":1,\"name\":\"Home\",\"item\":\"https:\/\/www.domkraftpro.com\/\"},{\"@type\":\"ListItem\",\"position\":2,\"name\":\"Products\",\"item\":\"https:\/\/www.domkraftpro.com\/index.php\/products\/\"},{\"@type\":\"ListItem\",\"position\":3,\"name\":\"Bidetov\u00e1 baterie REA LUNGO &#8211; chromov\u00e1 Rychl\u00e9 Dod\u00e1n\u00ed\"}]},{\"@type\":\"WebSite\",\"@id\":\"https:\/\/www.domkraftpro.com\/#website\",\"url\":\"https:\/\/www.domkraftpro.com\/\",\"name\":\"\",\"description\":\"\",\"potentialAction\":[{\"@type\":\"SearchAction\",\"target\":{\"@type\":\"EntryPoint\",\"urlTemplate\":\"https:\/\/www.domkraftpro.com\/?s={search_term_string}\"},\"query-input\":{\"@type\":\"PropertyValueSpecification\",\"valueRequired\":true,\"valueName\":\"search_term_string\"}}],\"inLanguage\":\"cs\"}]}<\/script>\n<!-- \/ Yoast SEO plugin. -->","yoast_head_json":{"title":"Bidetov\u00e1 baterie REA LUNGO - chromov\u00e1 Rychl\u00e9 Dod\u00e1n\u00ed -","robots":{"index":"index","follow":"follow","max-snippet":"max-snippet:-1","max-image-preview":"max-image-preview:large","max-video-preview":"max-video-preview:-1"},"canonical":"https:\/\/www.domkraftpro.com\/index.php\/produkt\/bidetova-baterie-rea-lungo-chromova-rychle-dodani-22378\/","og_locale":"cs_CZ","og_type":"article","og_title":"Bidetov\u00e1 baterie REA LUNGO - chromov\u00e1 Rychl\u00e9 Dod\u00e1n\u00ed -","og_description":"Bidetov\u00e1 baterie REA LUNGO &#8211; chromov\u00e1 T\u011blo modern\u00ed bidetov\u00e9 baterie\u00a0je vyrobeno z mosazi s chromovou povrchovou \u00fapravou. Tato technika zaru\u010duje vysok\u00fd lesk a chr\u00e1n\u00ed baterii p\u0159ed po\u0161kr\u00e1b\u00e1n\u00edm a koroz\u00ed. Baterie se hod\u00ed ke ka\u017ed\u00e9mu bidetu. Syst\u00e9m uvnit\u0159 baterie efektivn\u011b provzdu\u0161\u0148uje vodu, co\u017e p\u0159in\u00e1\u0161\u00ed ni\u017e\u0161\u00ed spot\u0159ebu. Dod\u00e1v\u00e1no v\u010detn\u011b hadi\u010dek, t\u011bsn\u011bn\u00ed a mont\u00e1\u017en\u00edho p\u0159\u00edslu\u0161enstv\u00ed.\u00a0 Parametry: V\u00fd\u0161ka: 17 [&hellip;]","og_url":"https:\/\/www.domkraftpro.com\/index.php\/produkt\/bidetova-baterie-rea-lungo-chromova-rychle-dodani-22378\/","og_image":[{"width":611,"height":800,"url":"https:\/\/www.domkraftpro.com\/wp-content\/uploads\/2026\/SK0006633-CZ20260425-093041-0-1777080643-6b03c0347c52a5e84b28df1b5d1ebbae.webp","type":"image\/webp"}],"twitter_card":"summary_large_image","twitter_misc":{"Odhadovan\u00e1 doba \u010dten\u00ed":"1 minuta"},"schema":{"@context":"https:\/\/schema.org","@graph":[{"@type":"WebPage","@id":"https:\/\/www.domkraftpro.com\/index.php\/produkt\/bidetova-baterie-rea-lungo-chromova-rychle-dodani-22378\/","url":"https:\/\/www.domkraftpro.com\/index.php\/produkt\/bidetova-baterie-rea-lungo-chromova-rychle-dodani-22378\/","name":"Bidetov\u00e1 baterie REA LUNGO - chromov\u00e1 Rychl\u00e9 Dod\u00e1n\u00ed -","isPartOf":{"@id":"https:\/\/www.domkraftpro.com\/#website"},"primaryImageOfPage":{"@id":"https:\/\/www.domkraftpro.com\/index.php\/produkt\/bidetova-baterie-rea-lungo-chromova-rychle-dodani-22378\/#primaryimage"},"image":{"@id":"https:\/\/www.domkraftpro.com\/index.php\/produkt\/bidetova-baterie-rea-lungo-chromova-rychle-dodani-22378\/#primaryimage"},"thumbnailUrl":"https:\/\/www.domkraftpro.com\/wp-content\/uploads\/2026\/SK0006633-CZ20260425-093041-0-1777080643-6b03c0347c52a5e84b28df1b5d1ebbae.webp","datePublished":"2026-04-27T04:41:19+00:00","breadcrumb":{"@id":"https:\/\/www.domkraftpro.com\/index.php\/produkt\/bidetova-baterie-rea-lungo-chromova-rychle-dodani-22378\/#breadcrumb"},"inLanguage":"cs","potentialAction":[{"@type":"ReadAction","target":["https:\/\/www.domkraftpro.com\/index.php\/produkt\/bidetova-baterie-rea-lungo-chromova-rychle-dodani-22378\/"]}]},{"@type":"ImageObject","inLanguage":"cs","@id":"https:\/\/www.domkraftpro.com\/index.php\/produkt\/bidetova-baterie-rea-lungo-chromova-rychle-dodani-22378\/#primaryimage","url":"https:\/\/www.domkraftpro.com\/wp-content\/uploads\/2026\/SK0006633-CZ20260425-093041-0-1777080643-6b03c0347c52a5e84b28df1b5d1ebbae.webp","contentUrl":"https:\/\/www.domkraftpro.com\/wp-content\/uploads\/2026\/SK0006633-CZ20260425-093041-0-1777080643-6b03c0347c52a5e84b28df1b5d1ebbae.webp","width":611,"height":800},{"@type":"BreadcrumbList","@id":"https:\/\/www.domkraftpro.com\/index.php\/produkt\/bidetova-baterie-rea-lungo-chromova-rychle-dodani-22378\/#breadcrumb","itemListElement":[{"@type":"ListItem","position":1,"name":"Home","item":"https:\/\/www.domkraftpro.com\/"},{"@type":"ListItem","position":2,"name":"Products","item":"https:\/\/www.domkraftpro.com\/index.php\/products\/"},{"@type":"ListItem","position":3,"name":"Bidetov\u00e1 baterie REA LUNGO &#8211; chromov\u00e1 Rychl\u00e9 Dod\u00e1n\u00ed"}]},{"@type":"WebSite","@id":"https:\/\/www.domkraftpro.com\/#website","url":"https:\/\/www.domkraftpro.com\/","name":"","description":"","potentialAction":[{"@type":"SearchAction","target":{"@type":"EntryPoint","urlTemplate":"https:\/\/www.domkraftpro.com\/?s={search_term_string}"},"query-input":{"@type":"PropertyValueSpecification","valueRequired":true,"valueName":"search_term_string"}}],"inLanguage":"cs"}]}},"_links":{"self":[{"href":"https:\/\/www.domkraftpro.com\/index.php\/wp-json\/wp\/v2\/product\/22378","targetHints":{"allow":["GET"]}}],"collection":[{"href":"https:\/\/www.domkraftpro.com\/index.php\/wp-json\/wp\/v2\/product"}],"about":[{"href":"https:\/\/www.domkraftpro.com\/index.php\/wp-json\/wp\/v2\/types\/product"}],"replies":[{"embeddable":true,"href":"https:\/\/www.domkraftpro.com\/index.php\/wp-json\/wp\/v2\/comments?post=22378"}],"wp:featuredmedia":[{"embeddable":true,"href":"https:\/\/www.domkraftpro.com\/index.php\/wp-json\/wp\/v2\/media\/22478"}],"wp:attachment":[{"href":"https:\/\/www.domkraftpro.com\/index.php\/wp-json\/wp\/v2\/media?parent=22378"}],"wp:term":[{"taxonomy":"product_brand","embeddable":true,"href":"https:\/\/www.domkraftpro.com\/index.php\/wp-json\/wp\/v2\/product_brand?post=22378"},{"taxonomy":"product_cat","embeddable":true,"href":"https:\/\/www.domkraftpro.com\/index.php\/wp-json\/wp\/v2\/product_cat?post=22378"},{"taxonomy":"product_tag","embeddable":true,"href":"https:\/\/www.domkraftpro.com\/index.php\/wp-json\/wp\/v2\/product_tag?post=22378"}],"curies":[{"name":"wp","href":"https:\/\/api.w.org\/{rel}","templated":true}]}}