{"id":22372,"date":"2026-04-27T04:41:19","date_gmt":"2026-04-27T04:41:19","guid":{"rendered":""},"modified":"2026-04-27T04:41:19","modified_gmt":"2026-04-27T04:41:19","slug":"primo-od-vyrobce-umyvadlo-z-liteho-mramoru-mexen-nora-bile-23056001-22372","status":"publish","type":"product","link":"https:\/\/www.domkraftpro.com\/index.php\/produkt\/primo-od-vyrobce-umyvadlo-z-liteho-mramoru-mexen-nora-bile-23056001-22372\/","title":{"rendered":"P\u0159\u00edmo Od V\u00fdrobce Umyvadlo z lit\u00e9ho mramoru MEXEN NORA &#8211; b\u00edl\u00e9, 23056001"},"content":{"rendered":"<div class=\"tabs__content-outer\" id=\"tab_description\" data-hash=\"description\" data-tabindex=\"-1\">\n<div class=\"tabs__content toggle_description\" id=\"content_description\">\n<div class=\"wysiwyg-content\">\n<div class=\"product__tab product__description full-width\">\n<div class=\"container\">\n<div >\n<h3>Umyvadlo z lit\u00e9ho mramoru NORA &#8211; b\u00edl\u00e9<\/h3>\n<p><span style=\"font-family: verdana, geneva, sans-serif; font-size: 12pt;\">Umyvadlo vyroben\u00e9 z lit\u00e9ho mramoru je kr\u00e1sn\u00e9,\u00a0mimo\u0159\u00e1dn\u011b funk\u010dn\u00ed a modern\u00ed.\u00a0Dokonale pasuje do modern\u00ed koupelny, kde dopl\u0148uje estetiku koupelny a dod\u00e1v\u00e1 pocit luxusu.\u00a0Umyvadlo je vyrobeno z vysoce kvalitn\u00edho lit\u00e9ho mramoru, kter\u00fd se vyzna\u010duje obrovskou odolnost\u00ed proti po\u0161kr\u00e1b\u00e1n\u00ed, po\u0161kozen\u00ed i vysok\u00fdm teplot\u00e1m.\u00a0<\/span><\/p>\n<p><span style=\"font-family: verdana, geneva, sans-serif; font-size: 12pt;\"><strong>Parametry:<\/strong>\u00a0<\/span><\/p>\n<ul>\n<li style=\"font-family: verdana, geneva, sans-serif; font-size: 12pt;\"><span style=\"font-family: verdana, geneva, sans-serif; font-size: 12pt;\">Materi\u00e1l: konglomer\u00e1t &#8211; lit\u00fd mramor\u00a0<\/span><\/li>\n<li style=\"font-family: verdana, geneva, sans-serif; font-size: 12pt;\"><span style=\"font-family: verdana, geneva, sans-serif; font-size: 12pt;\">Barva: b\u00edl\u00e1\u00a0<\/span><\/li>\n<li style=\"font-family: verdana, geneva, sans-serif; font-size: 12pt;\"><span style=\"font-family: verdana, geneva, sans-serif; font-size: 12pt;\">Rozm\u011bry umyvadla: 600 x 360 x 140 mm\u00a0<\/span><\/li>\n<li style=\"font-family: verdana, geneva, sans-serif; font-size: 12pt;\"><span style=\"font-family: verdana, geneva, sans-serif; font-size: 12pt;\">Hloubka umyvadla: 120 mm\u00a0<\/span><\/li>\n<li style=\"font-family: verdana, geneva, sans-serif; font-size: 12pt;\"><span style=\"font-family: verdana, geneva, sans-serif; font-size: 12pt;\">Otvor pro baterii: Ne\u00a0<\/span><\/li>\n<li style=\"font-family: verdana, geneva, sans-serif; font-size: 12pt;\"><span style=\"font-family: verdana, geneva, sans-serif; font-size: 12pt;\">P\u0159epadov\u00fd otvor: Ne <\/span><\/li>\n<li style=\"font-family: verdana, geneva, sans-serif; font-size: 12pt;\"><span style=\"font-family: verdana, geneva, sans-serif; font-size: 12pt;\">Pr\u016fm\u011br odtoku: 45 mm\u00a0<\/span><\/li>\n<li style=\"font-family: verdana, geneva, sans-serif; font-size: 12pt;\"><span style=\"font-family: verdana, geneva, sans-serif; font-size: 12pt;\">Instalace umyvadla na sk\u0159\u00ed\u0148ku nebo desku.\u00a0<\/span><\/li>\n<li style=\"font-family: verdana, geneva, sans-serif; font-size: 12pt;\"><span style=\"font-family: verdana, geneva, sans-serif; font-size: 12pt;\">Baterie nen\u00ed sou\u010d\u00e1st\u00ed v\u00fdrobku, ale m\u016f\u017eete ji dokoupit u n\u00e1s v eshopu.\u00a0<\/span><\/li>\n<\/ul>\n<p><span style=\"font-family: verdana, geneva, sans-serif; font-size: 12pt;\">K tomuto umyvadlu si u n\u00e1s v eshopu m\u016f\u017eete dokoupit sifon s click\/clack\u00a0z\u00e1tkou bez p\u0159epadu. Toto \u0159e\u0161en\u00ed m\u00e1 velmi jednoduch\u00e9 ovl\u00e1d\u00e1n\u00ed, k otev\u0159en\u00ed a uzav\u0159en\u00ed sta\u010d\u00ed stisk prstem. Prvn\u00edm stisknut\u00edm krytky se v\u00fdpus\u0165 uzav\u0159e, druh\u00fdm stiskem otev\u0159e. Pro \u010dist\u011bn\u00ed odtoku lze krytku snadno od\u0161roubovat.\u00a0<\/span><\/p>\n<\/div><\/div>\n<\/p><\/div>\n<\/p><\/div>\n<\/p><\/div>\n","protected":false},"excerpt":{"rendered":"<p>Umyvadlo z lit\u00e9ho mramoru NORA &#8211; b\u00edl\u00e9 Umyvadlo vyroben\u00e9 z lit\u00e9ho mramoru je kr\u00e1sn\u00e9,\u00a0mimo\u0159\u00e1dn\u011b funk\u010dn\u00ed a modern\u00ed.\u00a0Dokonale pasuje do modern\u00ed koupelny, kde dopl\u0148uje estetiku koupelny a dod\u00e1v\u00e1 pocit luxusu.\u00a0Umyvadlo je vyrobeno z vysoce kvalitn\u00edho lit\u00e9ho mramoru, kter\u00fd se vyzna\u010duje obrovskou odolnost\u00ed proti po\u0161kr\u00e1b\u00e1n\u00ed, po\u0161kozen\u00ed i vysok\u00fdm teplot\u00e1m.\u00a0 Parametry:\u00a0 Materi\u00e1l: konglomer\u00e1t &#8211; lit\u00fd mramor\u00a0 Barva: b\u00edl\u00e1\u00a0 [&hellip;]<\/p>\n","protected":false},"featured_media":22472,"comment_status":"open","ping_status":"open","template":"","meta":[],"product_brand":[],"product_cat":[95],"product_tag":[],"class_list":{"0":"post-22372","1":"product","2":"type-product","3":"status-publish","4":"has-post-thumbnail","6":"product_cat-koupelna","8":"first","9":"instock","10":"sale","11":"shipping-taxable","12":"purchasable","13":"product-type-simple"},"yoast_head":"<!-- This site is optimized with the Yoast SEO plugin v26.8 - https:\/\/yoast.com\/product\/yoast-seo-wordpress\/ -->\n<title>P\u0159\u00edmo Od V\u00fdrobce Umyvadlo z lit\u00e9ho mramoru MEXEN NORA - b\u00edl\u00e9, 23056001 -<\/title>\n<meta name=\"robots\" content=\"index, follow, max-snippet:-1, max-image-preview:large, max-video-preview:-1\" \/>\n<link rel=\"canonical\" href=\"https:\/\/www.domkraftpro.com\/index.php\/produkt\/primo-od-vyrobce-umyvadlo-z-liteho-mramoru-mexen-nora-bile-23056001-22372\/\" \/>\n<meta property=\"og:locale\" content=\"cs_CZ\" \/>\n<meta property=\"og:type\" content=\"article\" \/>\n<meta property=\"og:title\" content=\"P\u0159\u00edmo Od V\u00fdrobce Umyvadlo z lit\u00e9ho mramoru MEXEN NORA - b\u00edl\u00e9, 23056001 -\" \/>\n<meta property=\"og:description\" content=\"Umyvadlo z lit\u00e9ho mramoru NORA &#8211; b\u00edl\u00e9 Umyvadlo vyroben\u00e9 z lit\u00e9ho mramoru je kr\u00e1sn\u00e9,\u00a0mimo\u0159\u00e1dn\u011b funk\u010dn\u00ed a modern\u00ed.\u00a0Dokonale pasuje do modern\u00ed koupelny, kde dopl\u0148uje estetiku koupelny a dod\u00e1v\u00e1 pocit luxusu.\u00a0Umyvadlo je vyrobeno z vysoce kvalitn\u00edho lit\u00e9ho mramoru, kter\u00fd se vyzna\u010duje obrovskou odolnost\u00ed proti po\u0161kr\u00e1b\u00e1n\u00ed, po\u0161kozen\u00ed i vysok\u00fdm teplot\u00e1m.\u00a0 Parametry:\u00a0 Materi\u00e1l: konglomer\u00e1t &#8211; lit\u00fd mramor\u00a0 Barva: b\u00edl\u00e1\u00a0 [&hellip;]\" \/>\n<meta property=\"og:url\" content=\"https:\/\/www.domkraftpro.com\/index.php\/produkt\/primo-od-vyrobce-umyvadlo-z-liteho-mramoru-mexen-nora-bile-23056001-22372\/\" \/>\n<meta property=\"og:image\" content=\"https:\/\/www.domkraftpro.com\/wp-content\/uploads\/2026\/SK0006627-CZ20260425-093041-0-1777080643-export_nvfo-bj.webp\" \/>\n\t<meta property=\"og:image:width\" content=\"1000\" \/>\n\t<meta property=\"og:image:height\" content=\"524\" \/>\n\t<meta property=\"og:image:type\" content=\"image\/webp\" \/>\n<meta name=\"twitter:card\" content=\"summary_large_image\" \/>\n<meta name=\"twitter:label1\" content=\"Odhadovan\u00e1 doba \u010dten\u00ed\" \/>\n\t<meta name=\"twitter:data1\" content=\"1 minuta\" \/>\n<script type=\"application\/ld+json\" class=\"yoast-schema-graph\">{\"@context\":\"https:\/\/schema.org\",\"@graph\":[{\"@type\":\"WebPage\",\"@id\":\"https:\/\/www.domkraftpro.com\/index.php\/produkt\/primo-od-vyrobce-umyvadlo-z-liteho-mramoru-mexen-nora-bile-23056001-22372\/\",\"url\":\"https:\/\/www.domkraftpro.com\/index.php\/produkt\/primo-od-vyrobce-umyvadlo-z-liteho-mramoru-mexen-nora-bile-23056001-22372\/\",\"name\":\"P\u0159\u00edmo Od V\u00fdrobce Umyvadlo z lit\u00e9ho mramoru MEXEN NORA - b\u00edl\u00e9, 23056001 -\",\"isPartOf\":{\"@id\":\"https:\/\/www.domkraftpro.com\/#website\"},\"primaryImageOfPage\":{\"@id\":\"https:\/\/www.domkraftpro.com\/index.php\/produkt\/primo-od-vyrobce-umyvadlo-z-liteho-mramoru-mexen-nora-bile-23056001-22372\/#primaryimage\"},\"image\":{\"@id\":\"https:\/\/www.domkraftpro.com\/index.php\/produkt\/primo-od-vyrobce-umyvadlo-z-liteho-mramoru-mexen-nora-bile-23056001-22372\/#primaryimage\"},\"thumbnailUrl\":\"https:\/\/www.domkraftpro.com\/wp-content\/uploads\/2026\/SK0006627-CZ20260425-093041-0-1777080643-export_nvfo-bj.webp\",\"datePublished\":\"2026-04-27T04:41:19+00:00\",\"breadcrumb\":{\"@id\":\"https:\/\/www.domkraftpro.com\/index.php\/produkt\/primo-od-vyrobce-umyvadlo-z-liteho-mramoru-mexen-nora-bile-23056001-22372\/#breadcrumb\"},\"inLanguage\":\"cs\",\"potentialAction\":[{\"@type\":\"ReadAction\",\"target\":[\"https:\/\/www.domkraftpro.com\/index.php\/produkt\/primo-od-vyrobce-umyvadlo-z-liteho-mramoru-mexen-nora-bile-23056001-22372\/\"]}]},{\"@type\":\"ImageObject\",\"inLanguage\":\"cs\",\"@id\":\"https:\/\/www.domkraftpro.com\/index.php\/produkt\/primo-od-vyrobce-umyvadlo-z-liteho-mramoru-mexen-nora-bile-23056001-22372\/#primaryimage\",\"url\":\"https:\/\/www.domkraftpro.com\/wp-content\/uploads\/2026\/SK0006627-CZ20260425-093041-0-1777080643-export_nvfo-bj.webp\",\"contentUrl\":\"https:\/\/www.domkraftpro.com\/wp-content\/uploads\/2026\/SK0006627-CZ20260425-093041-0-1777080643-export_nvfo-bj.webp\",\"width\":1000,\"height\":524},{\"@type\":\"BreadcrumbList\",\"@id\":\"https:\/\/www.domkraftpro.com\/index.php\/produkt\/primo-od-vyrobce-umyvadlo-z-liteho-mramoru-mexen-nora-bile-23056001-22372\/#breadcrumb\",\"itemListElement\":[{\"@type\":\"ListItem\",\"position\":1,\"name\":\"Home\",\"item\":\"https:\/\/www.domkraftpro.com\/\"},{\"@type\":\"ListItem\",\"position\":2,\"name\":\"Products\",\"item\":\"https:\/\/www.domkraftpro.com\/index.php\/products\/\"},{\"@type\":\"ListItem\",\"position\":3,\"name\":\"P\u0159\u00edmo Od V\u00fdrobce Umyvadlo z lit\u00e9ho mramoru MEXEN NORA &#8211; b\u00edl\u00e9, 23056001\"}]},{\"@type\":\"WebSite\",\"@id\":\"https:\/\/www.domkraftpro.com\/#website\",\"url\":\"https:\/\/www.domkraftpro.com\/\",\"name\":\"\",\"description\":\"\",\"potentialAction\":[{\"@type\":\"SearchAction\",\"target\":{\"@type\":\"EntryPoint\",\"urlTemplate\":\"https:\/\/www.domkraftpro.com\/?s={search_term_string}\"},\"query-input\":{\"@type\":\"PropertyValueSpecification\",\"valueRequired\":true,\"valueName\":\"search_term_string\"}}],\"inLanguage\":\"cs\"}]}<\/script>\n<!-- \/ Yoast SEO plugin. -->","yoast_head_json":{"title":"P\u0159\u00edmo Od V\u00fdrobce Umyvadlo z lit\u00e9ho mramoru MEXEN NORA - b\u00edl\u00e9, 23056001 -","robots":{"index":"index","follow":"follow","max-snippet":"max-snippet:-1","max-image-preview":"max-image-preview:large","max-video-preview":"max-video-preview:-1"},"canonical":"https:\/\/www.domkraftpro.com\/index.php\/produkt\/primo-od-vyrobce-umyvadlo-z-liteho-mramoru-mexen-nora-bile-23056001-22372\/","og_locale":"cs_CZ","og_type":"article","og_title":"P\u0159\u00edmo Od V\u00fdrobce Umyvadlo z lit\u00e9ho mramoru MEXEN NORA - b\u00edl\u00e9, 23056001 -","og_description":"Umyvadlo z lit\u00e9ho mramoru NORA &#8211; b\u00edl\u00e9 Umyvadlo vyroben\u00e9 z lit\u00e9ho mramoru je kr\u00e1sn\u00e9,\u00a0mimo\u0159\u00e1dn\u011b funk\u010dn\u00ed a modern\u00ed.\u00a0Dokonale pasuje do modern\u00ed koupelny, kde dopl\u0148uje estetiku koupelny a dod\u00e1v\u00e1 pocit luxusu.\u00a0Umyvadlo je vyrobeno z vysoce kvalitn\u00edho lit\u00e9ho mramoru, kter\u00fd se vyzna\u010duje obrovskou odolnost\u00ed proti po\u0161kr\u00e1b\u00e1n\u00ed, po\u0161kozen\u00ed i vysok\u00fdm teplot\u00e1m.\u00a0 Parametry:\u00a0 Materi\u00e1l: konglomer\u00e1t &#8211; lit\u00fd mramor\u00a0 Barva: b\u00edl\u00e1\u00a0 [&hellip;]","og_url":"https:\/\/www.domkraftpro.com\/index.php\/produkt\/primo-od-vyrobce-umyvadlo-z-liteho-mramoru-mexen-nora-bile-23056001-22372\/","og_image":[{"width":1000,"height":524,"url":"https:\/\/www.domkraftpro.com\/wp-content\/uploads\/2026\/SK0006627-CZ20260425-093041-0-1777080643-export_nvfo-bj.webp","type":"image\/webp"}],"twitter_card":"summary_large_image","twitter_misc":{"Odhadovan\u00e1 doba \u010dten\u00ed":"1 minuta"},"schema":{"@context":"https:\/\/schema.org","@graph":[{"@type":"WebPage","@id":"https:\/\/www.domkraftpro.com\/index.php\/produkt\/primo-od-vyrobce-umyvadlo-z-liteho-mramoru-mexen-nora-bile-23056001-22372\/","url":"https:\/\/www.domkraftpro.com\/index.php\/produkt\/primo-od-vyrobce-umyvadlo-z-liteho-mramoru-mexen-nora-bile-23056001-22372\/","name":"P\u0159\u00edmo Od V\u00fdrobce Umyvadlo z lit\u00e9ho mramoru MEXEN NORA - b\u00edl\u00e9, 23056001 -","isPartOf":{"@id":"https:\/\/www.domkraftpro.com\/#website"},"primaryImageOfPage":{"@id":"https:\/\/www.domkraftpro.com\/index.php\/produkt\/primo-od-vyrobce-umyvadlo-z-liteho-mramoru-mexen-nora-bile-23056001-22372\/#primaryimage"},"image":{"@id":"https:\/\/www.domkraftpro.com\/index.php\/produkt\/primo-od-vyrobce-umyvadlo-z-liteho-mramoru-mexen-nora-bile-23056001-22372\/#primaryimage"},"thumbnailUrl":"https:\/\/www.domkraftpro.com\/wp-content\/uploads\/2026\/SK0006627-CZ20260425-093041-0-1777080643-export_nvfo-bj.webp","datePublished":"2026-04-27T04:41:19+00:00","breadcrumb":{"@id":"https:\/\/www.domkraftpro.com\/index.php\/produkt\/primo-od-vyrobce-umyvadlo-z-liteho-mramoru-mexen-nora-bile-23056001-22372\/#breadcrumb"},"inLanguage":"cs","potentialAction":[{"@type":"ReadAction","target":["https:\/\/www.domkraftpro.com\/index.php\/produkt\/primo-od-vyrobce-umyvadlo-z-liteho-mramoru-mexen-nora-bile-23056001-22372\/"]}]},{"@type":"ImageObject","inLanguage":"cs","@id":"https:\/\/www.domkraftpro.com\/index.php\/produkt\/primo-od-vyrobce-umyvadlo-z-liteho-mramoru-mexen-nora-bile-23056001-22372\/#primaryimage","url":"https:\/\/www.domkraftpro.com\/wp-content\/uploads\/2026\/SK0006627-CZ20260425-093041-0-1777080643-export_nvfo-bj.webp","contentUrl":"https:\/\/www.domkraftpro.com\/wp-content\/uploads\/2026\/SK0006627-CZ20260425-093041-0-1777080643-export_nvfo-bj.webp","width":1000,"height":524},{"@type":"BreadcrumbList","@id":"https:\/\/www.domkraftpro.com\/index.php\/produkt\/primo-od-vyrobce-umyvadlo-z-liteho-mramoru-mexen-nora-bile-23056001-22372\/#breadcrumb","itemListElement":[{"@type":"ListItem","position":1,"name":"Home","item":"https:\/\/www.domkraftpro.com\/"},{"@type":"ListItem","position":2,"name":"Products","item":"https:\/\/www.domkraftpro.com\/index.php\/products\/"},{"@type":"ListItem","position":3,"name":"P\u0159\u00edmo Od V\u00fdrobce Umyvadlo z lit\u00e9ho mramoru MEXEN NORA &#8211; b\u00edl\u00e9, 23056001"}]},{"@type":"WebSite","@id":"https:\/\/www.domkraftpro.com\/#website","url":"https:\/\/www.domkraftpro.com\/","name":"","description":"","potentialAction":[{"@type":"SearchAction","target":{"@type":"EntryPoint","urlTemplate":"https:\/\/www.domkraftpro.com\/?s={search_term_string}"},"query-input":{"@type":"PropertyValueSpecification","valueRequired":true,"valueName":"search_term_string"}}],"inLanguage":"cs"}]}},"_links":{"self":[{"href":"https:\/\/www.domkraftpro.com\/index.php\/wp-json\/wp\/v2\/product\/22372","targetHints":{"allow":["GET"]}}],"collection":[{"href":"https:\/\/www.domkraftpro.com\/index.php\/wp-json\/wp\/v2\/product"}],"about":[{"href":"https:\/\/www.domkraftpro.com\/index.php\/wp-json\/wp\/v2\/types\/product"}],"replies":[{"embeddable":true,"href":"https:\/\/www.domkraftpro.com\/index.php\/wp-json\/wp\/v2\/comments?post=22372"}],"wp:featuredmedia":[{"embeddable":true,"href":"https:\/\/www.domkraftpro.com\/index.php\/wp-json\/wp\/v2\/media\/22472"}],"wp:attachment":[{"href":"https:\/\/www.domkraftpro.com\/index.php\/wp-json\/wp\/v2\/media?parent=22372"}],"wp:term":[{"taxonomy":"product_brand","embeddable":true,"href":"https:\/\/www.domkraftpro.com\/index.php\/wp-json\/wp\/v2\/product_brand?post=22372"},{"taxonomy":"product_cat","embeddable":true,"href":"https:\/\/www.domkraftpro.com\/index.php\/wp-json\/wp\/v2\/product_cat?post=22372"},{"taxonomy":"product_tag","embeddable":true,"href":"https:\/\/www.domkraftpro.com\/index.php\/wp-json\/wp\/v2\/product_tag?post=22372"}],"curies":[{"name":"wp","href":"https:\/\/api.w.org\/{rel}","templated":true}]}}