{"id":22371,"date":"2026-04-27T04:41:19","date_gmt":"2026-04-27T04:41:19","guid":{"rendered":""},"modified":"2026-04-27T04:41:19","modified_gmt":"2026-04-27T04:41:19","slug":"kovovy-drzak-toaletniho-papiru-cerny-doprava-zdarma-22371","status":"publish","type":"product","link":"https:\/\/www.domkraftpro.com\/index.php\/produkt\/kovovy-drzak-toaletniho-papiru-cerny-doprava-zdarma-22371\/","title":{"rendered":"Kovov\u00fd dr\u017e\u00e1k toaletn\u00edho pap\u00edru &#8211; \u010dern\u00fd Doprava Zdarma"},"content":{"rendered":"<div class=\"tabs__content-outer\" id=\"tab_description\" data-hash=\"description\" data-tabindex=\"-1\">\n<div class=\"tabs__content toggle_description\" id=\"content_description\">\n<div class=\"wysiwyg-content\">\n<div class=\"product__tab product__description full-width\">\n<div class=\"container\">\n<div >\n<h3>Kovov\u00fd dr\u017e\u00e1k toaletn\u00edho pap\u00edru &#8211; \u010dern\u00fd<\/h3>\n<p>Voln\u011b stoj\u00edc\u00ed<strong> dr\u017e\u00e1k toaletn\u00edho pap\u00edru<\/strong>, kter\u00fd je skv\u011bl\u00fd svoj\u00ed jednoduchost\u00ed a <strong>minimalistick\u00fdm<\/strong> designem. Vyroben je z <strong>kvalitn\u00ed<\/strong>, <strong>\u010dern\u011b<\/strong> lakovan\u00e9 <strong>oceli<\/strong>. Dr\u017e\u00e1k &#8211; stojan pojme celkem <strong>5 rol\u00ed toaletn\u00edho pap\u00edru<\/strong>.<\/p>\n<ul>\n<li>Materi\u00e1l:\u00a0lakovan\u00e1 ocel<\/li>\n<li><strong>Barva<\/strong>: \u010dern\u00e1 matn\u00e1<\/li>\n<li>Rozm\u011bry produktu:18,00 cm x 55,50 cm x 15,00 cm<\/li>\n<\/ul>\n<p><b>Vlastnosti<\/b><\/p>\n<ul>\n<li><span>Materi\u00e1l:<\/span> Ocel<\/li>\n<li><span>Barva:<\/span> \u010cern\u00e1<\/li>\n<li><span>Instalace:<\/span> Voln\u011b stoj\u00edc\u00ed<\/li>\n<li><span>Skupina_artiklu:<\/span> S23B2<\/li>\n<\/ul>\n<\/div><\/div>\n<\/p><\/div>\n<\/p><\/div>\n<\/p><\/div>\n","protected":false},"excerpt":{"rendered":"<p>Kovov\u00fd dr\u017e\u00e1k toaletn\u00edho pap\u00edru &#8211; \u010dern\u00fd Voln\u011b stoj\u00edc\u00ed dr\u017e\u00e1k toaletn\u00edho pap\u00edru, kter\u00fd je skv\u011bl\u00fd svoj\u00ed jednoduchost\u00ed a minimalistick\u00fdm designem. Vyroben je z kvalitn\u00ed, \u010dern\u011b lakovan\u00e9 oceli. Dr\u017e\u00e1k &#8211; stojan pojme celkem 5 rol\u00ed toaletn\u00edho pap\u00edru. Materi\u00e1l:\u00a0lakovan\u00e1 ocel Barva: \u010dern\u00e1 matn\u00e1 Rozm\u011bry produktu:18,00 cm x 55,50 cm x 15,00 cm Vlastnosti Materi\u00e1l: Ocel Barva: \u010cern\u00e1 Instalace: [&hellip;]<\/p>\n","protected":false},"featured_media":22471,"comment_status":"open","ping_status":"open","template":"","meta":[],"product_brand":[],"product_cat":[95],"product_tag":[],"class_list":{"0":"post-22371","1":"product","2":"type-product","3":"status-publish","4":"has-post-thumbnail","6":"product_cat-koupelna","8":"first","9":"instock","10":"sale","11":"shipping-taxable","12":"purchasable","13":"product-type-simple"},"yoast_head":"<!-- This site is optimized with the Yoast SEO plugin v26.8 - https:\/\/yoast.com\/product\/yoast-seo-wordpress\/ -->\n<title>Kovov\u00fd dr\u017e\u00e1k toaletn\u00edho pap\u00edru - \u010dern\u00fd Doprava Zdarma -<\/title>\n<meta name=\"robots\" content=\"index, follow, max-snippet:-1, max-image-preview:large, max-video-preview:-1\" \/>\n<link rel=\"canonical\" href=\"https:\/\/www.domkraftpro.com\/index.php\/produkt\/kovovy-drzak-toaletniho-papiru-cerny-doprava-zdarma-22371\/\" \/>\n<meta property=\"og:locale\" content=\"cs_CZ\" \/>\n<meta property=\"og:type\" content=\"article\" \/>\n<meta property=\"og:title\" content=\"Kovov\u00fd dr\u017e\u00e1k toaletn\u00edho pap\u00edru - \u010dern\u00fd Doprava Zdarma -\" \/>\n<meta property=\"og:description\" content=\"Kovov\u00fd dr\u017e\u00e1k toaletn\u00edho pap\u00edru &#8211; \u010dern\u00fd Voln\u011b stoj\u00edc\u00ed dr\u017e\u00e1k toaletn\u00edho pap\u00edru, kter\u00fd je skv\u011bl\u00fd svoj\u00ed jednoduchost\u00ed a minimalistick\u00fdm designem. Vyroben je z kvalitn\u00ed, \u010dern\u011b lakovan\u00e9 oceli. Dr\u017e\u00e1k &#8211; stojan pojme celkem 5 rol\u00ed toaletn\u00edho pap\u00edru. Materi\u00e1l:\u00a0lakovan\u00e1 ocel Barva: \u010dern\u00e1 matn\u00e1 Rozm\u011bry produktu:18,00 cm x 55,50 cm x 15,00 cm Vlastnosti Materi\u00e1l: Ocel Barva: \u010cern\u00e1 Instalace: [&hellip;]\" \/>\n<meta property=\"og:url\" content=\"https:\/\/www.domkraftpro.com\/index.php\/produkt\/kovovy-drzak-toaletniho-papiru-cerny-doprava-zdarma-22371\/\" \/>\n<meta property=\"og:image\" content=\"https:\/\/www.domkraftpro.com\/wp-content\/uploads\/2026\/SK0006626-CZ20260425-093041-0-1777080643-drzak-toaletniho-papiru-kov-cerna-barva.webp\" \/>\n\t<meta property=\"og:image:width\" content=\"281\" \/>\n\t<meta property=\"og:image:height\" content=\"800\" \/>\n\t<meta property=\"og:image:type\" content=\"image\/webp\" \/>\n<meta name=\"twitter:card\" content=\"summary_large_image\" \/>\n<script type=\"application\/ld+json\" class=\"yoast-schema-graph\">{\"@context\":\"https:\/\/schema.org\",\"@graph\":[{\"@type\":\"WebPage\",\"@id\":\"https:\/\/www.domkraftpro.com\/index.php\/produkt\/kovovy-drzak-toaletniho-papiru-cerny-doprava-zdarma-22371\/\",\"url\":\"https:\/\/www.domkraftpro.com\/index.php\/produkt\/kovovy-drzak-toaletniho-papiru-cerny-doprava-zdarma-22371\/\",\"name\":\"Kovov\u00fd dr\u017e\u00e1k toaletn\u00edho pap\u00edru - \u010dern\u00fd Doprava Zdarma -\",\"isPartOf\":{\"@id\":\"https:\/\/www.domkraftpro.com\/#website\"},\"primaryImageOfPage\":{\"@id\":\"https:\/\/www.domkraftpro.com\/index.php\/produkt\/kovovy-drzak-toaletniho-papiru-cerny-doprava-zdarma-22371\/#primaryimage\"},\"image\":{\"@id\":\"https:\/\/www.domkraftpro.com\/index.php\/produkt\/kovovy-drzak-toaletniho-papiru-cerny-doprava-zdarma-22371\/#primaryimage\"},\"thumbnailUrl\":\"https:\/\/www.domkraftpro.com\/wp-content\/uploads\/2026\/SK0006626-CZ20260425-093041-0-1777080643-drzak-toaletniho-papiru-kov-cerna-barva.webp\",\"datePublished\":\"2026-04-27T04:41:19+00:00\",\"breadcrumb\":{\"@id\":\"https:\/\/www.domkraftpro.com\/index.php\/produkt\/kovovy-drzak-toaletniho-papiru-cerny-doprava-zdarma-22371\/#breadcrumb\"},\"inLanguage\":\"cs\",\"potentialAction\":[{\"@type\":\"ReadAction\",\"target\":[\"https:\/\/www.domkraftpro.com\/index.php\/produkt\/kovovy-drzak-toaletniho-papiru-cerny-doprava-zdarma-22371\/\"]}]},{\"@type\":\"ImageObject\",\"inLanguage\":\"cs\",\"@id\":\"https:\/\/www.domkraftpro.com\/index.php\/produkt\/kovovy-drzak-toaletniho-papiru-cerny-doprava-zdarma-22371\/#primaryimage\",\"url\":\"https:\/\/www.domkraftpro.com\/wp-content\/uploads\/2026\/SK0006626-CZ20260425-093041-0-1777080643-drzak-toaletniho-papiru-kov-cerna-barva.webp\",\"contentUrl\":\"https:\/\/www.domkraftpro.com\/wp-content\/uploads\/2026\/SK0006626-CZ20260425-093041-0-1777080643-drzak-toaletniho-papiru-kov-cerna-barva.webp\",\"width\":281,\"height\":800},{\"@type\":\"BreadcrumbList\",\"@id\":\"https:\/\/www.domkraftpro.com\/index.php\/produkt\/kovovy-drzak-toaletniho-papiru-cerny-doprava-zdarma-22371\/#breadcrumb\",\"itemListElement\":[{\"@type\":\"ListItem\",\"position\":1,\"name\":\"Home\",\"item\":\"https:\/\/www.domkraftpro.com\/\"},{\"@type\":\"ListItem\",\"position\":2,\"name\":\"Products\",\"item\":\"https:\/\/www.domkraftpro.com\/index.php\/products\/\"},{\"@type\":\"ListItem\",\"position\":3,\"name\":\"Kovov\u00fd dr\u017e\u00e1k toaletn\u00edho pap\u00edru &#8211; \u010dern\u00fd Doprava Zdarma\"}]},{\"@type\":\"WebSite\",\"@id\":\"https:\/\/www.domkraftpro.com\/#website\",\"url\":\"https:\/\/www.domkraftpro.com\/\",\"name\":\"\",\"description\":\"\",\"potentialAction\":[{\"@type\":\"SearchAction\",\"target\":{\"@type\":\"EntryPoint\",\"urlTemplate\":\"https:\/\/www.domkraftpro.com\/?s={search_term_string}\"},\"query-input\":{\"@type\":\"PropertyValueSpecification\",\"valueRequired\":true,\"valueName\":\"search_term_string\"}}],\"inLanguage\":\"cs\"}]}<\/script>\n<!-- \/ Yoast SEO plugin. -->","yoast_head_json":{"title":"Kovov\u00fd dr\u017e\u00e1k toaletn\u00edho pap\u00edru - \u010dern\u00fd Doprava Zdarma -","robots":{"index":"index","follow":"follow","max-snippet":"max-snippet:-1","max-image-preview":"max-image-preview:large","max-video-preview":"max-video-preview:-1"},"canonical":"https:\/\/www.domkraftpro.com\/index.php\/produkt\/kovovy-drzak-toaletniho-papiru-cerny-doprava-zdarma-22371\/","og_locale":"cs_CZ","og_type":"article","og_title":"Kovov\u00fd dr\u017e\u00e1k toaletn\u00edho pap\u00edru - \u010dern\u00fd Doprava Zdarma -","og_description":"Kovov\u00fd dr\u017e\u00e1k toaletn\u00edho pap\u00edru &#8211; \u010dern\u00fd Voln\u011b stoj\u00edc\u00ed dr\u017e\u00e1k toaletn\u00edho pap\u00edru, kter\u00fd je skv\u011bl\u00fd svoj\u00ed jednoduchost\u00ed a minimalistick\u00fdm designem. Vyroben je z kvalitn\u00ed, \u010dern\u011b lakovan\u00e9 oceli. Dr\u017e\u00e1k &#8211; stojan pojme celkem 5 rol\u00ed toaletn\u00edho pap\u00edru. Materi\u00e1l:\u00a0lakovan\u00e1 ocel Barva: \u010dern\u00e1 matn\u00e1 Rozm\u011bry produktu:18,00 cm x 55,50 cm x 15,00 cm Vlastnosti Materi\u00e1l: Ocel Barva: \u010cern\u00e1 Instalace: [&hellip;]","og_url":"https:\/\/www.domkraftpro.com\/index.php\/produkt\/kovovy-drzak-toaletniho-papiru-cerny-doprava-zdarma-22371\/","og_image":[{"width":281,"height":800,"url":"https:\/\/www.domkraftpro.com\/wp-content\/uploads\/2026\/SK0006626-CZ20260425-093041-0-1777080643-drzak-toaletniho-papiru-kov-cerna-barva.webp","type":"image\/webp"}],"twitter_card":"summary_large_image","schema":{"@context":"https:\/\/schema.org","@graph":[{"@type":"WebPage","@id":"https:\/\/www.domkraftpro.com\/index.php\/produkt\/kovovy-drzak-toaletniho-papiru-cerny-doprava-zdarma-22371\/","url":"https:\/\/www.domkraftpro.com\/index.php\/produkt\/kovovy-drzak-toaletniho-papiru-cerny-doprava-zdarma-22371\/","name":"Kovov\u00fd dr\u017e\u00e1k toaletn\u00edho pap\u00edru - \u010dern\u00fd Doprava Zdarma -","isPartOf":{"@id":"https:\/\/www.domkraftpro.com\/#website"},"primaryImageOfPage":{"@id":"https:\/\/www.domkraftpro.com\/index.php\/produkt\/kovovy-drzak-toaletniho-papiru-cerny-doprava-zdarma-22371\/#primaryimage"},"image":{"@id":"https:\/\/www.domkraftpro.com\/index.php\/produkt\/kovovy-drzak-toaletniho-papiru-cerny-doprava-zdarma-22371\/#primaryimage"},"thumbnailUrl":"https:\/\/www.domkraftpro.com\/wp-content\/uploads\/2026\/SK0006626-CZ20260425-093041-0-1777080643-drzak-toaletniho-papiru-kov-cerna-barva.webp","datePublished":"2026-04-27T04:41:19+00:00","breadcrumb":{"@id":"https:\/\/www.domkraftpro.com\/index.php\/produkt\/kovovy-drzak-toaletniho-papiru-cerny-doprava-zdarma-22371\/#breadcrumb"},"inLanguage":"cs","potentialAction":[{"@type":"ReadAction","target":["https:\/\/www.domkraftpro.com\/index.php\/produkt\/kovovy-drzak-toaletniho-papiru-cerny-doprava-zdarma-22371\/"]}]},{"@type":"ImageObject","inLanguage":"cs","@id":"https:\/\/www.domkraftpro.com\/index.php\/produkt\/kovovy-drzak-toaletniho-papiru-cerny-doprava-zdarma-22371\/#primaryimage","url":"https:\/\/www.domkraftpro.com\/wp-content\/uploads\/2026\/SK0006626-CZ20260425-093041-0-1777080643-drzak-toaletniho-papiru-kov-cerna-barva.webp","contentUrl":"https:\/\/www.domkraftpro.com\/wp-content\/uploads\/2026\/SK0006626-CZ20260425-093041-0-1777080643-drzak-toaletniho-papiru-kov-cerna-barva.webp","width":281,"height":800},{"@type":"BreadcrumbList","@id":"https:\/\/www.domkraftpro.com\/index.php\/produkt\/kovovy-drzak-toaletniho-papiru-cerny-doprava-zdarma-22371\/#breadcrumb","itemListElement":[{"@type":"ListItem","position":1,"name":"Home","item":"https:\/\/www.domkraftpro.com\/"},{"@type":"ListItem","position":2,"name":"Products","item":"https:\/\/www.domkraftpro.com\/index.php\/products\/"},{"@type":"ListItem","position":3,"name":"Kovov\u00fd dr\u017e\u00e1k toaletn\u00edho pap\u00edru &#8211; \u010dern\u00fd Doprava Zdarma"}]},{"@type":"WebSite","@id":"https:\/\/www.domkraftpro.com\/#website","url":"https:\/\/www.domkraftpro.com\/","name":"","description":"","potentialAction":[{"@type":"SearchAction","target":{"@type":"EntryPoint","urlTemplate":"https:\/\/www.domkraftpro.com\/?s={search_term_string}"},"query-input":{"@type":"PropertyValueSpecification","valueRequired":true,"valueName":"search_term_string"}}],"inLanguage":"cs"}]}},"_links":{"self":[{"href":"https:\/\/www.domkraftpro.com\/index.php\/wp-json\/wp\/v2\/product\/22371","targetHints":{"allow":["GET"]}}],"collection":[{"href":"https:\/\/www.domkraftpro.com\/index.php\/wp-json\/wp\/v2\/product"}],"about":[{"href":"https:\/\/www.domkraftpro.com\/index.php\/wp-json\/wp\/v2\/types\/product"}],"replies":[{"embeddable":true,"href":"https:\/\/www.domkraftpro.com\/index.php\/wp-json\/wp\/v2\/comments?post=22371"}],"wp:featuredmedia":[{"embeddable":true,"href":"https:\/\/www.domkraftpro.com\/index.php\/wp-json\/wp\/v2\/media\/22471"}],"wp:attachment":[{"href":"https:\/\/www.domkraftpro.com\/index.php\/wp-json\/wp\/v2\/media?parent=22371"}],"wp:term":[{"taxonomy":"product_brand","embeddable":true,"href":"https:\/\/www.domkraftpro.com\/index.php\/wp-json\/wp\/v2\/product_brand?post=22371"},{"taxonomy":"product_cat","embeddable":true,"href":"https:\/\/www.domkraftpro.com\/index.php\/wp-json\/wp\/v2\/product_cat?post=22371"},{"taxonomy":"product_tag","embeddable":true,"href":"https:\/\/www.domkraftpro.com\/index.php\/wp-json\/wp\/v2\/product_tag?post=22371"}],"curies":[{"name":"wp","href":"https:\/\/api.w.org\/{rel}","templated":true}]}}