{"id":22370,"date":"2026-04-27T04:41:19","date_gmt":"2026-04-27T04:41:19","guid":{"rendered":""},"modified":"2026-04-27T04:41:19","modified_gmt":"2026-04-27T04:41:19","slug":"bavlnena-osuska-soft-70x140-cm-bezova-hit-sezony-22370","status":"publish","type":"product","link":"https:\/\/www.domkraftpro.com\/index.php\/produkt\/bavlnena-osuska-soft-70x140-cm-bezova-hit-sezony-22370\/","title":{"rendered":"Bavln\u011bn\u00e1 osu\u0161ka SOFT &#8211; 70&#215;140 cm &#8211; b\u00e9\u017eov\u00e1 Hit Sez\u00f3ny"},"content":{"rendered":"<div class=\"tabs__content-outer\" id=\"tab_description\" data-hash=\"description\" data-tabindex=\"-1\">\n<div class=\"tabs__content toggle_description\" id=\"content_description\">\n<div class=\"wysiwyg-content\">\n<div class=\"product__tab product__description full-width\">\n<div class=\"container\">\n<div >\n<h3>Bavln\u011bn\u00e1 osu\u0161ka SOFT &#8211; 70&#215;140 cm &#8211; b\u00e9\u017eov\u00e1<\/h3>\n<p><span data-offset-key=\"20uiv-169-0\">Osu\u0161ka z kolekce SOFT\u00a0<\/span><span data-offset-key=\"20uiv-171-0\">ze 100%\u00a0<\/span><span data-offset-key=\"20uiv-176-0\">b<\/span><span data-offset-key=\"20uiv-177-0\">av<\/span><span data-offset-key=\"20uiv-178-0\">l<\/span><span data-offset-key=\"20uiv-179-0\">ny<\/span><span data-offset-key=\"20uiv-188-0\">\u00a0je<\/span><span data-offset-key=\"20uiv-189-0\"> ide<\/span><span data-offset-key=\"20uiv-190-0\">\u00e1<\/span><span data-offset-key=\"20uiv-191-0\">ln<\/span><span data-offset-key=\"20uiv-192-0\">\u00ed<\/span><span data-offset-key=\"20uiv-193-0\"> pro<\/span><span data-offset-key=\"20uiv-194-0\"> v<\/span><span data-offset-key=\"20uiv-195-0\">\u0161<\/span><span data-offset-key=\"20uiv-196-0\">e<\/span><span data-offset-key=\"20uiv-197-0\">chn<\/span><span data-offset-key=\"20uiv-198-0\">y<\/span><span data-offset-key=\"20uiv-199-0\">,<\/span><span data-offset-key=\"20uiv-200-0\"> k<\/span><span data-offset-key=\"20uiv-201-0\">te<\/span><span data-offset-key=\"20uiv-202-0\">\u0159<\/span><span data-offset-key=\"20uiv-203-0\">\u00ed<\/span><span data-offset-key=\"20uiv-204-0\"> h<\/span><span data-offset-key=\"20uiv-205-0\">led<\/span><span data-offset-key=\"20uiv-206-0\">aj<\/span><span data-offset-key=\"20uiv-207-0\">\u00ed<\/span><span data-offset-key=\"20uiv-208-0\"> m<\/span><span data-offset-key=\"20uiv-209-0\">\u011b<\/span><span data-offset-key=\"20uiv-210-0\">kk<\/span><span data-offset-key=\"20uiv-211-0\">\u00fd<\/span><span data-offset-key=\"20uiv-212-0\"> a<\/span><span data-offset-key=\"20uiv-213-0\"> na<\/span><span data-offset-key=\"20uiv-214-0\"> dot<\/span><span data-offset-key=\"20uiv-215-0\">ek<\/span><span data-offset-key=\"20uiv-216-0\"> p<\/span><span data-offset-key=\"20uiv-217-0\">\u0159<\/span><span data-offset-key=\"20uiv-218-0\">\u00ed<\/span><span data-offset-key=\"20uiv-219-0\">j<\/span><span data-offset-key=\"20uiv-220-0\">emn<\/span><span data-offset-key=\"20uiv-221-0\">\u00fd<\/span><span data-offset-key=\"20uiv-222-0\"> k<\/span><span data-offset-key=\"20uiv-223-0\">ouse<\/span><span data-offset-key=\"20uiv-224-0\">k<\/span><span data-offset-key=\"20uiv-225-0\">.<\/span><span data-offset-key=\"20uiv-226-0\"> Je<\/span><span data-offset-key=\"20uiv-227-0\">j\u00ed<\/span><span data-offset-key=\"20uiv-228-0\"> v<\/span><span data-offset-key=\"20uiv-229-0\">ys<\/span><span data-offset-key=\"20uiv-230-0\">ok<\/span><span data-offset-key=\"20uiv-231-0\">\u00e1<\/span><span data-offset-key=\"20uiv-232-0\"> absor<\/span><span data-offset-key=\"20uiv-233-0\">pc<\/span><span data-offset-key=\"20uiv-234-0\">e<\/span><span data-offset-key=\"20uiv-235-0\"> v<\/span><span data-offset-key=\"20uiv-236-0\">ody<\/span><span data-offset-key=\"20uiv-237-0\"> a<\/span><span data-offset-key=\"20uiv-238-0\"> od<\/span><span data-offset-key=\"20uiv-239-0\">oln<\/span><span data-offset-key=\"20uiv-240-0\">ost<\/span><span data-offset-key=\"20uiv-242-0\">\u00a0v<\/span><span data-offset-key=\"20uiv-243-0\">\u00e1s<\/span><span data-offset-key=\"20uiv-244-0\"> ro<\/span><span data-offset-key=\"20uiv-245-0\">z<\/span><span data-offset-key=\"20uiv-246-0\">hod<\/span><span data-offset-key=\"20uiv-247-0\">n<\/span><span data-offset-key=\"20uiv-248-0\">\u011b<\/span><span data-offset-key=\"20uiv-249-0\"> ne<\/span><span data-offset-key=\"20uiv-250-0\">z<\/span><span data-offset-key=\"20uiv-251-0\">kl<\/span><span data-offset-key=\"20uiv-252-0\">ame<\/span><span data-offset-key=\"20uiv-253-0\">.<\/span><span data-offset-key=\"20uiv-254-0\"> Na\u00a0jedn\u00e9 z krat\u0161\u00edch stran\u00a0se nach\u00e1z\u00ed elegantn\u00ed minimalistick\u00e1 v\u00fd\u0161ivka.<\/span><\/p>\n<p><strong>Parametry:\u00a0<\/strong><\/p>\n<ul>\n<li>materi\u00e1l: 100% bavlna<\/li>\n<li>gram\u00e1\u017e: 370 g \/ m2\u00a0<\/li>\n<li>rozm\u011br: 70 x 140 cm<\/li>\n<\/ul>\n<\/div><\/div>\n<\/p><\/div>\n<\/p><\/div>\n<\/p><\/div>\n","protected":false},"excerpt":{"rendered":"<p>Bavln\u011bn\u00e1 osu\u0161ka SOFT &#8211; 70&#215;140 cm &#8211; b\u00e9\u017eov\u00e1 Osu\u0161ka z kolekce SOFT\u00a0ze 100%\u00a0bavlny\u00a0je ide\u00e1ln\u00ed pro v\u0161echny, kte\u0159\u00ed hledaj\u00ed m\u011bkk\u00fd a na dotek p\u0159\u00edjemn\u00fd kousek. Jej\u00ed vysok\u00e1 absorpce vody a odolnost\u00a0v\u00e1s rozhodn\u011b nezklame. Na\u00a0jedn\u00e9 z krat\u0161\u00edch stran\u00a0se nach\u00e1z\u00ed elegantn\u00ed minimalistick\u00e1 v\u00fd\u0161ivka. Parametry:\u00a0 materi\u00e1l: 100% bavlna gram\u00e1\u017e: 370 g \/ m2\u00a0 rozm\u011br: 70 x 140 cm<\/p>\n","protected":false},"featured_media":22470,"comment_status":"open","ping_status":"open","template":"","meta":[],"product_brand":[],"product_cat":[95],"product_tag":[],"class_list":{"0":"post-22370","1":"product","2":"type-product","3":"status-publish","4":"has-post-thumbnail","6":"product_cat-koupelna","8":"first","9":"instock","10":"sale","11":"shipping-taxable","12":"purchasable","13":"product-type-simple"},"yoast_head":"<!-- This site is optimized with the Yoast SEO plugin v26.8 - https:\/\/yoast.com\/product\/yoast-seo-wordpress\/ -->\n<title>Bavln\u011bn\u00e1 osu\u0161ka SOFT - 70x140 cm - b\u00e9\u017eov\u00e1 Hit Sez\u00f3ny -<\/title>\n<meta name=\"robots\" content=\"index, follow, max-snippet:-1, max-image-preview:large, max-video-preview:-1\" \/>\n<link rel=\"canonical\" href=\"https:\/\/www.domkraftpro.com\/index.php\/produkt\/bavlnena-osuska-soft-70x140-cm-bezova-hit-sezony-22370\/\" \/>\n<meta property=\"og:locale\" content=\"cs_CZ\" \/>\n<meta property=\"og:type\" content=\"article\" \/>\n<meta property=\"og:title\" content=\"Bavln\u011bn\u00e1 osu\u0161ka SOFT - 70x140 cm - b\u00e9\u017eov\u00e1 Hit Sez\u00f3ny -\" \/>\n<meta property=\"og:description\" content=\"Bavln\u011bn\u00e1 osu\u0161ka SOFT &#8211; 70&#215;140 cm &#8211; b\u00e9\u017eov\u00e1 Osu\u0161ka z kolekce SOFT\u00a0ze 100%\u00a0bavlny\u00a0je ide\u00e1ln\u00ed pro v\u0161echny, kte\u0159\u00ed hledaj\u00ed m\u011bkk\u00fd a na dotek p\u0159\u00edjemn\u00fd kousek. Jej\u00ed vysok\u00e1 absorpce vody a odolnost\u00a0v\u00e1s rozhodn\u011b nezklame. Na\u00a0jedn\u00e9 z krat\u0161\u00edch stran\u00a0se nach\u00e1z\u00ed elegantn\u00ed minimalistick\u00e1 v\u00fd\u0161ivka. Parametry:\u00a0 materi\u00e1l: 100% bavlna gram\u00e1\u017e: 370 g \/ m2\u00a0 rozm\u011br: 70 x 140 cm\" \/>\n<meta property=\"og:url\" content=\"https:\/\/www.domkraftpro.com\/index.php\/produkt\/bavlnena-osuska-soft-70x140-cm-bezova-hit-sezony-22370\/\" \/>\n<meta property=\"og:image\" content=\"https:\/\/www.domkraftpro.com\/wp-content\/uploads\/2026\/SK0006625-CZ20260425-093041-0-1777080643-bavlnena-osuska-70x140_cm-bezova.webp\" \/>\n\t<meta property=\"og:image:width\" content=\"651\" \/>\n\t<meta property=\"og:image:height\" content=\"580\" \/>\n\t<meta property=\"og:image:type\" content=\"image\/webp\" \/>\n<meta name=\"twitter:card\" content=\"summary_large_image\" \/>\n<script type=\"application\/ld+json\" class=\"yoast-schema-graph\">{\"@context\":\"https:\/\/schema.org\",\"@graph\":[{\"@type\":\"WebPage\",\"@id\":\"https:\/\/www.domkraftpro.com\/index.php\/produkt\/bavlnena-osuska-soft-70x140-cm-bezova-hit-sezony-22370\/\",\"url\":\"https:\/\/www.domkraftpro.com\/index.php\/produkt\/bavlnena-osuska-soft-70x140-cm-bezova-hit-sezony-22370\/\",\"name\":\"Bavln\u011bn\u00e1 osu\u0161ka SOFT - 70x140 cm - b\u00e9\u017eov\u00e1 Hit Sez\u00f3ny -\",\"isPartOf\":{\"@id\":\"https:\/\/www.domkraftpro.com\/#website\"},\"primaryImageOfPage\":{\"@id\":\"https:\/\/www.domkraftpro.com\/index.php\/produkt\/bavlnena-osuska-soft-70x140-cm-bezova-hit-sezony-22370\/#primaryimage\"},\"image\":{\"@id\":\"https:\/\/www.domkraftpro.com\/index.php\/produkt\/bavlnena-osuska-soft-70x140-cm-bezova-hit-sezony-22370\/#primaryimage\"},\"thumbnailUrl\":\"https:\/\/www.domkraftpro.com\/wp-content\/uploads\/2026\/SK0006625-CZ20260425-093041-0-1777080643-bavlnena-osuska-70x140_cm-bezova.webp\",\"datePublished\":\"2026-04-27T04:41:19+00:00\",\"breadcrumb\":{\"@id\":\"https:\/\/www.domkraftpro.com\/index.php\/produkt\/bavlnena-osuska-soft-70x140-cm-bezova-hit-sezony-22370\/#breadcrumb\"},\"inLanguage\":\"cs\",\"potentialAction\":[{\"@type\":\"ReadAction\",\"target\":[\"https:\/\/www.domkraftpro.com\/index.php\/produkt\/bavlnena-osuska-soft-70x140-cm-bezova-hit-sezony-22370\/\"]}]},{\"@type\":\"ImageObject\",\"inLanguage\":\"cs\",\"@id\":\"https:\/\/www.domkraftpro.com\/index.php\/produkt\/bavlnena-osuska-soft-70x140-cm-bezova-hit-sezony-22370\/#primaryimage\",\"url\":\"https:\/\/www.domkraftpro.com\/wp-content\/uploads\/2026\/SK0006625-CZ20260425-093041-0-1777080643-bavlnena-osuska-70x140_cm-bezova.webp\",\"contentUrl\":\"https:\/\/www.domkraftpro.com\/wp-content\/uploads\/2026\/SK0006625-CZ20260425-093041-0-1777080643-bavlnena-osuska-70x140_cm-bezova.webp\",\"width\":651,\"height\":580},{\"@type\":\"BreadcrumbList\",\"@id\":\"https:\/\/www.domkraftpro.com\/index.php\/produkt\/bavlnena-osuska-soft-70x140-cm-bezova-hit-sezony-22370\/#breadcrumb\",\"itemListElement\":[{\"@type\":\"ListItem\",\"position\":1,\"name\":\"Home\",\"item\":\"https:\/\/www.domkraftpro.com\/\"},{\"@type\":\"ListItem\",\"position\":2,\"name\":\"Products\",\"item\":\"https:\/\/www.domkraftpro.com\/index.php\/products\/\"},{\"@type\":\"ListItem\",\"position\":3,\"name\":\"Bavln\u011bn\u00e1 osu\u0161ka SOFT &#8211; 70&#215;140 cm &#8211; b\u00e9\u017eov\u00e1 Hit Sez\u00f3ny\"}]},{\"@type\":\"WebSite\",\"@id\":\"https:\/\/www.domkraftpro.com\/#website\",\"url\":\"https:\/\/www.domkraftpro.com\/\",\"name\":\"\",\"description\":\"\",\"potentialAction\":[{\"@type\":\"SearchAction\",\"target\":{\"@type\":\"EntryPoint\",\"urlTemplate\":\"https:\/\/www.domkraftpro.com\/?s={search_term_string}\"},\"query-input\":{\"@type\":\"PropertyValueSpecification\",\"valueRequired\":true,\"valueName\":\"search_term_string\"}}],\"inLanguage\":\"cs\"}]}<\/script>\n<!-- \/ Yoast SEO plugin. -->","yoast_head_json":{"title":"Bavln\u011bn\u00e1 osu\u0161ka SOFT - 70x140 cm - b\u00e9\u017eov\u00e1 Hit Sez\u00f3ny -","robots":{"index":"index","follow":"follow","max-snippet":"max-snippet:-1","max-image-preview":"max-image-preview:large","max-video-preview":"max-video-preview:-1"},"canonical":"https:\/\/www.domkraftpro.com\/index.php\/produkt\/bavlnena-osuska-soft-70x140-cm-bezova-hit-sezony-22370\/","og_locale":"cs_CZ","og_type":"article","og_title":"Bavln\u011bn\u00e1 osu\u0161ka SOFT - 70x140 cm - b\u00e9\u017eov\u00e1 Hit Sez\u00f3ny -","og_description":"Bavln\u011bn\u00e1 osu\u0161ka SOFT &#8211; 70&#215;140 cm &#8211; b\u00e9\u017eov\u00e1 Osu\u0161ka z kolekce SOFT\u00a0ze 100%\u00a0bavlny\u00a0je ide\u00e1ln\u00ed pro v\u0161echny, kte\u0159\u00ed hledaj\u00ed m\u011bkk\u00fd a na dotek p\u0159\u00edjemn\u00fd kousek. Jej\u00ed vysok\u00e1 absorpce vody a odolnost\u00a0v\u00e1s rozhodn\u011b nezklame. Na\u00a0jedn\u00e9 z krat\u0161\u00edch stran\u00a0se nach\u00e1z\u00ed elegantn\u00ed minimalistick\u00e1 v\u00fd\u0161ivka. Parametry:\u00a0 materi\u00e1l: 100% bavlna gram\u00e1\u017e: 370 g \/ m2\u00a0 rozm\u011br: 70 x 140 cm","og_url":"https:\/\/www.domkraftpro.com\/index.php\/produkt\/bavlnena-osuska-soft-70x140-cm-bezova-hit-sezony-22370\/","og_image":[{"width":651,"height":580,"url":"https:\/\/www.domkraftpro.com\/wp-content\/uploads\/2026\/SK0006625-CZ20260425-093041-0-1777080643-bavlnena-osuska-70x140_cm-bezova.webp","type":"image\/webp"}],"twitter_card":"summary_large_image","schema":{"@context":"https:\/\/schema.org","@graph":[{"@type":"WebPage","@id":"https:\/\/www.domkraftpro.com\/index.php\/produkt\/bavlnena-osuska-soft-70x140-cm-bezova-hit-sezony-22370\/","url":"https:\/\/www.domkraftpro.com\/index.php\/produkt\/bavlnena-osuska-soft-70x140-cm-bezova-hit-sezony-22370\/","name":"Bavln\u011bn\u00e1 osu\u0161ka SOFT - 70x140 cm - b\u00e9\u017eov\u00e1 Hit Sez\u00f3ny -","isPartOf":{"@id":"https:\/\/www.domkraftpro.com\/#website"},"primaryImageOfPage":{"@id":"https:\/\/www.domkraftpro.com\/index.php\/produkt\/bavlnena-osuska-soft-70x140-cm-bezova-hit-sezony-22370\/#primaryimage"},"image":{"@id":"https:\/\/www.domkraftpro.com\/index.php\/produkt\/bavlnena-osuska-soft-70x140-cm-bezova-hit-sezony-22370\/#primaryimage"},"thumbnailUrl":"https:\/\/www.domkraftpro.com\/wp-content\/uploads\/2026\/SK0006625-CZ20260425-093041-0-1777080643-bavlnena-osuska-70x140_cm-bezova.webp","datePublished":"2026-04-27T04:41:19+00:00","breadcrumb":{"@id":"https:\/\/www.domkraftpro.com\/index.php\/produkt\/bavlnena-osuska-soft-70x140-cm-bezova-hit-sezony-22370\/#breadcrumb"},"inLanguage":"cs","potentialAction":[{"@type":"ReadAction","target":["https:\/\/www.domkraftpro.com\/index.php\/produkt\/bavlnena-osuska-soft-70x140-cm-bezova-hit-sezony-22370\/"]}]},{"@type":"ImageObject","inLanguage":"cs","@id":"https:\/\/www.domkraftpro.com\/index.php\/produkt\/bavlnena-osuska-soft-70x140-cm-bezova-hit-sezony-22370\/#primaryimage","url":"https:\/\/www.domkraftpro.com\/wp-content\/uploads\/2026\/SK0006625-CZ20260425-093041-0-1777080643-bavlnena-osuska-70x140_cm-bezova.webp","contentUrl":"https:\/\/www.domkraftpro.com\/wp-content\/uploads\/2026\/SK0006625-CZ20260425-093041-0-1777080643-bavlnena-osuska-70x140_cm-bezova.webp","width":651,"height":580},{"@type":"BreadcrumbList","@id":"https:\/\/www.domkraftpro.com\/index.php\/produkt\/bavlnena-osuska-soft-70x140-cm-bezova-hit-sezony-22370\/#breadcrumb","itemListElement":[{"@type":"ListItem","position":1,"name":"Home","item":"https:\/\/www.domkraftpro.com\/"},{"@type":"ListItem","position":2,"name":"Products","item":"https:\/\/www.domkraftpro.com\/index.php\/products\/"},{"@type":"ListItem","position":3,"name":"Bavln\u011bn\u00e1 osu\u0161ka SOFT &#8211; 70&#215;140 cm &#8211; b\u00e9\u017eov\u00e1 Hit Sez\u00f3ny"}]},{"@type":"WebSite","@id":"https:\/\/www.domkraftpro.com\/#website","url":"https:\/\/www.domkraftpro.com\/","name":"","description":"","potentialAction":[{"@type":"SearchAction","target":{"@type":"EntryPoint","urlTemplate":"https:\/\/www.domkraftpro.com\/?s={search_term_string}"},"query-input":{"@type":"PropertyValueSpecification","valueRequired":true,"valueName":"search_term_string"}}],"inLanguage":"cs"}]}},"_links":{"self":[{"href":"https:\/\/www.domkraftpro.com\/index.php\/wp-json\/wp\/v2\/product\/22370","targetHints":{"allow":["GET"]}}],"collection":[{"href":"https:\/\/www.domkraftpro.com\/index.php\/wp-json\/wp\/v2\/product"}],"about":[{"href":"https:\/\/www.domkraftpro.com\/index.php\/wp-json\/wp\/v2\/types\/product"}],"replies":[{"embeddable":true,"href":"https:\/\/www.domkraftpro.com\/index.php\/wp-json\/wp\/v2\/comments?post=22370"}],"wp:featuredmedia":[{"embeddable":true,"href":"https:\/\/www.domkraftpro.com\/index.php\/wp-json\/wp\/v2\/media\/22470"}],"wp:attachment":[{"href":"https:\/\/www.domkraftpro.com\/index.php\/wp-json\/wp\/v2\/media?parent=22370"}],"wp:term":[{"taxonomy":"product_brand","embeddable":true,"href":"https:\/\/www.domkraftpro.com\/index.php\/wp-json\/wp\/v2\/product_brand?post=22370"},{"taxonomy":"product_cat","embeddable":true,"href":"https:\/\/www.domkraftpro.com\/index.php\/wp-json\/wp\/v2\/product_cat?post=22370"},{"taxonomy":"product_tag","embeddable":true,"href":"https:\/\/www.domkraftpro.com\/index.php\/wp-json\/wp\/v2\/product_tag?post=22370"}],"curies":[{"name":"wp","href":"https:\/\/api.w.org\/{rel}","templated":true}]}}