{"id":22369,"date":"2026-04-27T04:41:19","date_gmt":"2026-04-27T04:41:19","guid":{"rendered":""},"modified":"2026-04-27T04:41:19","modified_gmt":"2026-04-27T04:41:19","slug":"vikendova-akce-isvea-infinity-oval-keramicke-umyvadlo-na-desku-55x36cm-bila-10nf65055-22369","status":"publish","type":"product","link":"https:\/\/www.domkraftpro.com\/index.php\/produkt\/vikendova-akce-isvea-infinity-oval-keramicke-umyvadlo-na-desku-55x36cm-bila-10nf65055-22369\/","title":{"rendered":"V\u00edkendov\u00e1 Akce Isvea INFINITY OVAL keramick\u00e9 umyvadlo na desku, 55x36cm, b\u00edl\u00e1 10NF65055"},"content":{"rendered":"<div class=\"tabs__content-outer\" id=\"tab_description\" data-hash=\"description\" data-tabindex=\"-1\">\n<div class=\"tabs__content toggle_description\" id=\"content_description\">\n<div class=\"wysiwyg-content\">\n<div class=\"product__tab product__description full-width\">\n<div class=\"container\">\n<div >\n<h3>Isvea INFINITY OVAL keramick\u00e9 umyvadlo na desku, 55x36cm, b\u00edl\u00e1 10NF65055<\/h3>\n<p><\/p>\n<p><b>Vlastnosti<\/b><\/p>\n<ul>\n<li><span>Materi\u00e1l:<\/span> Keramika<\/li>\n<li><span>Barva:<\/span> B\u00edl\u00e1<\/li>\n<li><span>Instalace:<\/span> K postaven\u00ed<\/li>\n<li><span>P\u0159epad:<\/span> Ne<\/li>\n<li><span>Tvar:<\/span> Ov\u00e1l\/Elipsa<\/li>\n<li><span>Otvor pro baterii:<\/span> Bez otvoru<\/li>\n<li><span>Rozm\u011br:<\/span> 55&#215;36 cm<\/li>\n<li><span>\u0160\u00ed\u0159ka:<\/span> 550 mm<\/li>\n<li><span>V\u00fd\u0161ka:<\/span> 120 mm<\/li>\n<li><span>Hloubka:<\/span> 360 mm<\/li>\n<li><span>Typ umyvadla:<\/span> Umyvadlo na desku<\/li>\n<\/ul>\n<\/div><\/div>\n<\/p><\/div>\n<\/p><\/div>\n<\/p><\/div>\n","protected":false},"excerpt":{"rendered":"<p>Isvea INFINITY OVAL keramick\u00e9 umyvadlo na desku, 55x36cm, b\u00edl\u00e1 10NF65055 Vlastnosti Materi\u00e1l: Keramika Barva: B\u00edl\u00e1 Instalace: K postaven\u00ed P\u0159epad: Ne Tvar: Ov\u00e1l\/Elipsa Otvor pro baterii: Bez otvoru Rozm\u011br: 55&#215;36 cm \u0160\u00ed\u0159ka: 550 mm V\u00fd\u0161ka: 120 mm Hloubka: 360 mm Typ umyvadla: Umyvadlo na desku<\/p>\n","protected":false},"featured_media":22469,"comment_status":"open","ping_status":"open","template":"","meta":[],"product_brand":[],"product_cat":[95],"product_tag":[],"class_list":{"0":"post-22369","1":"product","2":"type-product","3":"status-publish","4":"has-post-thumbnail","6":"product_cat-koupelna","8":"first","9":"instock","10":"sale","11":"shipping-taxable","12":"purchasable","13":"product-type-simple"},"yoast_head":"<!-- This site is optimized with the Yoast SEO plugin v26.8 - https:\/\/yoast.com\/product\/yoast-seo-wordpress\/ -->\n<title>V\u00edkendov\u00e1 Akce Isvea INFINITY OVAL keramick\u00e9 umyvadlo na desku, 55x36cm, b\u00edl\u00e1 10NF65055 -<\/title>\n<meta name=\"robots\" content=\"index, follow, max-snippet:-1, max-image-preview:large, max-video-preview:-1\" \/>\n<link rel=\"canonical\" href=\"https:\/\/www.domkraftpro.com\/index.php\/produkt\/vikendova-akce-isvea-infinity-oval-keramicke-umyvadlo-na-desku-55x36cm-bila-10nf65055-22369\/\" \/>\n<meta property=\"og:locale\" content=\"cs_CZ\" \/>\n<meta property=\"og:type\" content=\"article\" \/>\n<meta property=\"og:title\" content=\"V\u00edkendov\u00e1 Akce Isvea INFINITY OVAL keramick\u00e9 umyvadlo na desku, 55x36cm, b\u00edl\u00e1 10NF65055 -\" \/>\n<meta property=\"og:description\" content=\"Isvea INFINITY OVAL keramick\u00e9 umyvadlo na desku, 55x36cm, b\u00edl\u00e1 10NF65055 Vlastnosti Materi\u00e1l: Keramika Barva: B\u00edl\u00e1 Instalace: K postaven\u00ed P\u0159epad: Ne Tvar: Ov\u00e1l\/Elipsa Otvor pro baterii: Bez otvoru Rozm\u011br: 55&#215;36 cm \u0160\u00ed\u0159ka: 550 mm V\u00fd\u0161ka: 120 mm Hloubka: 360 mm Typ umyvadla: Umyvadlo na desku\" \/>\n<meta property=\"og:url\" content=\"https:\/\/www.domkraftpro.com\/index.php\/produkt\/vikendova-akce-isvea-infinity-oval-keramicke-umyvadlo-na-desku-55x36cm-bila-10nf65055-22369\/\" \/>\n<meta property=\"og:image\" content=\"https:\/\/www.domkraftpro.com\/wp-content\/uploads\/2026\/SK0006624-CZ20260425-093041-0-1777080643-8e1adf7f59b13922eb380b32603e5fdf.webp\" \/>\n\t<meta property=\"og:image:width\" content=\"914\" \/>\n\t<meta property=\"og:image:height\" content=\"643\" \/>\n\t<meta property=\"og:image:type\" content=\"image\/webp\" \/>\n<meta name=\"twitter:card\" content=\"summary_large_image\" \/>\n<script type=\"application\/ld+json\" class=\"yoast-schema-graph\">{\"@context\":\"https:\/\/schema.org\",\"@graph\":[{\"@type\":\"WebPage\",\"@id\":\"https:\/\/www.domkraftpro.com\/index.php\/produkt\/vikendova-akce-isvea-infinity-oval-keramicke-umyvadlo-na-desku-55x36cm-bila-10nf65055-22369\/\",\"url\":\"https:\/\/www.domkraftpro.com\/index.php\/produkt\/vikendova-akce-isvea-infinity-oval-keramicke-umyvadlo-na-desku-55x36cm-bila-10nf65055-22369\/\",\"name\":\"V\u00edkendov\u00e1 Akce Isvea INFINITY OVAL keramick\u00e9 umyvadlo na desku, 55x36cm, b\u00edl\u00e1 10NF65055 -\",\"isPartOf\":{\"@id\":\"https:\/\/www.domkraftpro.com\/#website\"},\"primaryImageOfPage\":{\"@id\":\"https:\/\/www.domkraftpro.com\/index.php\/produkt\/vikendova-akce-isvea-infinity-oval-keramicke-umyvadlo-na-desku-55x36cm-bila-10nf65055-22369\/#primaryimage\"},\"image\":{\"@id\":\"https:\/\/www.domkraftpro.com\/index.php\/produkt\/vikendova-akce-isvea-infinity-oval-keramicke-umyvadlo-na-desku-55x36cm-bila-10nf65055-22369\/#primaryimage\"},\"thumbnailUrl\":\"https:\/\/www.domkraftpro.com\/wp-content\/uploads\/2026\/SK0006624-CZ20260425-093041-0-1777080643-8e1adf7f59b13922eb380b32603e5fdf.webp\",\"datePublished\":\"2026-04-27T04:41:19+00:00\",\"breadcrumb\":{\"@id\":\"https:\/\/www.domkraftpro.com\/index.php\/produkt\/vikendova-akce-isvea-infinity-oval-keramicke-umyvadlo-na-desku-55x36cm-bila-10nf65055-22369\/#breadcrumb\"},\"inLanguage\":\"cs\",\"potentialAction\":[{\"@type\":\"ReadAction\",\"target\":[\"https:\/\/www.domkraftpro.com\/index.php\/produkt\/vikendova-akce-isvea-infinity-oval-keramicke-umyvadlo-na-desku-55x36cm-bila-10nf65055-22369\/\"]}]},{\"@type\":\"ImageObject\",\"inLanguage\":\"cs\",\"@id\":\"https:\/\/www.domkraftpro.com\/index.php\/produkt\/vikendova-akce-isvea-infinity-oval-keramicke-umyvadlo-na-desku-55x36cm-bila-10nf65055-22369\/#primaryimage\",\"url\":\"https:\/\/www.domkraftpro.com\/wp-content\/uploads\/2026\/SK0006624-CZ20260425-093041-0-1777080643-8e1adf7f59b13922eb380b32603e5fdf.webp\",\"contentUrl\":\"https:\/\/www.domkraftpro.com\/wp-content\/uploads\/2026\/SK0006624-CZ20260425-093041-0-1777080643-8e1adf7f59b13922eb380b32603e5fdf.webp\",\"width\":914,\"height\":643},{\"@type\":\"BreadcrumbList\",\"@id\":\"https:\/\/www.domkraftpro.com\/index.php\/produkt\/vikendova-akce-isvea-infinity-oval-keramicke-umyvadlo-na-desku-55x36cm-bila-10nf65055-22369\/#breadcrumb\",\"itemListElement\":[{\"@type\":\"ListItem\",\"position\":1,\"name\":\"Home\",\"item\":\"https:\/\/www.domkraftpro.com\/\"},{\"@type\":\"ListItem\",\"position\":2,\"name\":\"Products\",\"item\":\"https:\/\/www.domkraftpro.com\/index.php\/products\/\"},{\"@type\":\"ListItem\",\"position\":3,\"name\":\"V\u00edkendov\u00e1 Akce Isvea INFINITY OVAL keramick\u00e9 umyvadlo na desku, 55x36cm, b\u00edl\u00e1 10NF65055\"}]},{\"@type\":\"WebSite\",\"@id\":\"https:\/\/www.domkraftpro.com\/#website\",\"url\":\"https:\/\/www.domkraftpro.com\/\",\"name\":\"\",\"description\":\"\",\"potentialAction\":[{\"@type\":\"SearchAction\",\"target\":{\"@type\":\"EntryPoint\",\"urlTemplate\":\"https:\/\/www.domkraftpro.com\/?s={search_term_string}\"},\"query-input\":{\"@type\":\"PropertyValueSpecification\",\"valueRequired\":true,\"valueName\":\"search_term_string\"}}],\"inLanguage\":\"cs\"}]}<\/script>\n<!-- \/ Yoast SEO plugin. -->","yoast_head_json":{"title":"V\u00edkendov\u00e1 Akce Isvea INFINITY OVAL keramick\u00e9 umyvadlo na desku, 55x36cm, b\u00edl\u00e1 10NF65055 -","robots":{"index":"index","follow":"follow","max-snippet":"max-snippet:-1","max-image-preview":"max-image-preview:large","max-video-preview":"max-video-preview:-1"},"canonical":"https:\/\/www.domkraftpro.com\/index.php\/produkt\/vikendova-akce-isvea-infinity-oval-keramicke-umyvadlo-na-desku-55x36cm-bila-10nf65055-22369\/","og_locale":"cs_CZ","og_type":"article","og_title":"V\u00edkendov\u00e1 Akce Isvea INFINITY OVAL keramick\u00e9 umyvadlo na desku, 55x36cm, b\u00edl\u00e1 10NF65055 -","og_description":"Isvea INFINITY OVAL keramick\u00e9 umyvadlo na desku, 55x36cm, b\u00edl\u00e1 10NF65055 Vlastnosti Materi\u00e1l: Keramika Barva: B\u00edl\u00e1 Instalace: K postaven\u00ed P\u0159epad: Ne Tvar: Ov\u00e1l\/Elipsa Otvor pro baterii: Bez otvoru Rozm\u011br: 55&#215;36 cm \u0160\u00ed\u0159ka: 550 mm V\u00fd\u0161ka: 120 mm Hloubka: 360 mm Typ umyvadla: Umyvadlo na desku","og_url":"https:\/\/www.domkraftpro.com\/index.php\/produkt\/vikendova-akce-isvea-infinity-oval-keramicke-umyvadlo-na-desku-55x36cm-bila-10nf65055-22369\/","og_image":[{"width":914,"height":643,"url":"https:\/\/www.domkraftpro.com\/wp-content\/uploads\/2026\/SK0006624-CZ20260425-093041-0-1777080643-8e1adf7f59b13922eb380b32603e5fdf.webp","type":"image\/webp"}],"twitter_card":"summary_large_image","schema":{"@context":"https:\/\/schema.org","@graph":[{"@type":"WebPage","@id":"https:\/\/www.domkraftpro.com\/index.php\/produkt\/vikendova-akce-isvea-infinity-oval-keramicke-umyvadlo-na-desku-55x36cm-bila-10nf65055-22369\/","url":"https:\/\/www.domkraftpro.com\/index.php\/produkt\/vikendova-akce-isvea-infinity-oval-keramicke-umyvadlo-na-desku-55x36cm-bila-10nf65055-22369\/","name":"V\u00edkendov\u00e1 Akce Isvea INFINITY OVAL keramick\u00e9 umyvadlo na desku, 55x36cm, b\u00edl\u00e1 10NF65055 -","isPartOf":{"@id":"https:\/\/www.domkraftpro.com\/#website"},"primaryImageOfPage":{"@id":"https:\/\/www.domkraftpro.com\/index.php\/produkt\/vikendova-akce-isvea-infinity-oval-keramicke-umyvadlo-na-desku-55x36cm-bila-10nf65055-22369\/#primaryimage"},"image":{"@id":"https:\/\/www.domkraftpro.com\/index.php\/produkt\/vikendova-akce-isvea-infinity-oval-keramicke-umyvadlo-na-desku-55x36cm-bila-10nf65055-22369\/#primaryimage"},"thumbnailUrl":"https:\/\/www.domkraftpro.com\/wp-content\/uploads\/2026\/SK0006624-CZ20260425-093041-0-1777080643-8e1adf7f59b13922eb380b32603e5fdf.webp","datePublished":"2026-04-27T04:41:19+00:00","breadcrumb":{"@id":"https:\/\/www.domkraftpro.com\/index.php\/produkt\/vikendova-akce-isvea-infinity-oval-keramicke-umyvadlo-na-desku-55x36cm-bila-10nf65055-22369\/#breadcrumb"},"inLanguage":"cs","potentialAction":[{"@type":"ReadAction","target":["https:\/\/www.domkraftpro.com\/index.php\/produkt\/vikendova-akce-isvea-infinity-oval-keramicke-umyvadlo-na-desku-55x36cm-bila-10nf65055-22369\/"]}]},{"@type":"ImageObject","inLanguage":"cs","@id":"https:\/\/www.domkraftpro.com\/index.php\/produkt\/vikendova-akce-isvea-infinity-oval-keramicke-umyvadlo-na-desku-55x36cm-bila-10nf65055-22369\/#primaryimage","url":"https:\/\/www.domkraftpro.com\/wp-content\/uploads\/2026\/SK0006624-CZ20260425-093041-0-1777080643-8e1adf7f59b13922eb380b32603e5fdf.webp","contentUrl":"https:\/\/www.domkraftpro.com\/wp-content\/uploads\/2026\/SK0006624-CZ20260425-093041-0-1777080643-8e1adf7f59b13922eb380b32603e5fdf.webp","width":914,"height":643},{"@type":"BreadcrumbList","@id":"https:\/\/www.domkraftpro.com\/index.php\/produkt\/vikendova-akce-isvea-infinity-oval-keramicke-umyvadlo-na-desku-55x36cm-bila-10nf65055-22369\/#breadcrumb","itemListElement":[{"@type":"ListItem","position":1,"name":"Home","item":"https:\/\/www.domkraftpro.com\/"},{"@type":"ListItem","position":2,"name":"Products","item":"https:\/\/www.domkraftpro.com\/index.php\/products\/"},{"@type":"ListItem","position":3,"name":"V\u00edkendov\u00e1 Akce Isvea INFINITY OVAL keramick\u00e9 umyvadlo na desku, 55x36cm, b\u00edl\u00e1 10NF65055"}]},{"@type":"WebSite","@id":"https:\/\/www.domkraftpro.com\/#website","url":"https:\/\/www.domkraftpro.com\/","name":"","description":"","potentialAction":[{"@type":"SearchAction","target":{"@type":"EntryPoint","urlTemplate":"https:\/\/www.domkraftpro.com\/?s={search_term_string}"},"query-input":{"@type":"PropertyValueSpecification","valueRequired":true,"valueName":"search_term_string"}}],"inLanguage":"cs"}]}},"_links":{"self":[{"href":"https:\/\/www.domkraftpro.com\/index.php\/wp-json\/wp\/v2\/product\/22369","targetHints":{"allow":["GET"]}}],"collection":[{"href":"https:\/\/www.domkraftpro.com\/index.php\/wp-json\/wp\/v2\/product"}],"about":[{"href":"https:\/\/www.domkraftpro.com\/index.php\/wp-json\/wp\/v2\/types\/product"}],"replies":[{"embeddable":true,"href":"https:\/\/www.domkraftpro.com\/index.php\/wp-json\/wp\/v2\/comments?post=22369"}],"wp:featuredmedia":[{"embeddable":true,"href":"https:\/\/www.domkraftpro.com\/index.php\/wp-json\/wp\/v2\/media\/22469"}],"wp:attachment":[{"href":"https:\/\/www.domkraftpro.com\/index.php\/wp-json\/wp\/v2\/media?parent=22369"}],"wp:term":[{"taxonomy":"product_brand","embeddable":true,"href":"https:\/\/www.domkraftpro.com\/index.php\/wp-json\/wp\/v2\/product_brand?post=22369"},{"taxonomy":"product_cat","embeddable":true,"href":"https:\/\/www.domkraftpro.com\/index.php\/wp-json\/wp\/v2\/product_cat?post=22369"},{"taxonomy":"product_tag","embeddable":true,"href":"https:\/\/www.domkraftpro.com\/index.php\/wp-json\/wp\/v2\/product_tag?post=22369"}],"curies":[{"name":"wp","href":"https:\/\/api.w.org\/{rel}","templated":true}]}}