{"id":22368,"date":"2026-04-27T04:41:19","date_gmt":"2026-04-27T04:41:19","guid":{"rendered":""},"modified":"2026-04-27T04:41:19","modified_gmt":"2026-04-27T04:41:19","slug":"originalni-ovladaci-tlacitko-splachovadla-mexen-fenix-11-bile-matne-dvojcinne-plastove-601100-22368","status":"publish","type":"product","link":"https:\/\/www.domkraftpro.com\/index.php\/produkt\/originalni-ovladaci-tlacitko-splachovadla-mexen-fenix-11-bile-matne-dvojcinne-plastove-601100-22368\/","title":{"rendered":"Origin\u00e1ln\u00ed Ovl\u00e1dac\u00ed tla\u010d\u00edtko splachovadla Mexen Fenix 11 &#8211; b\u00edl\u00e9 matn\u00e9 &#8211; dvoj\u010dinn\u00e9 &#8211; plastov\u00e9, 601100"},"content":{"rendered":"<div class=\"tabs__content-outer\" id=\"tab_description\" data-hash=\"description\" data-tabindex=\"-1\">\n<div class=\"tabs__content toggle_description\" id=\"content_description\">\n<div class=\"wysiwyg-content\">\n<div class=\"product__tab product__description full-width\">\n<div class=\"container\">\n<div >\n<h3>Ovl\u00e1dac\u00ed tla\u010d\u00edtko splachovadla Fenix 11 &#8211; b\u00edl\u00e9 matn\u00e9 &#8211; dvoj\u010dinn\u00e9 &#8211; plastov\u00e9<\/h3>\n<p><span style=\"font-family: verdana, geneva, sans-serif;\">Kvalitn\u00ed tla\u010d\u00edtko k ovl\u00e1d\u00e1n\u00ed podom\u00edtkov\u00e9ho splachovadla. Ur\u010den\u00e9 pro WC modul\u00a0 Fenix slim.\u00a0<\/span><\/p>\n<p><span style=\"font-family: verdana, geneva, sans-serif;\"><strong>Parametry:<\/strong>\u00a0<\/span><\/p>\n<ul>\n<li style=\"font-family: verdana, geneva, sans-serif;\"><span style=\"font-family: verdana, geneva, sans-serif;\">Rozm\u011bry: 245 x 165 x 13,7 mm\u00a0<\/span><\/li>\n<li style=\"font-family: verdana, geneva, sans-serif;\"><span style=\"font-family: verdana, geneva, sans-serif;\">Materi\u00e1l: plast\u00a0<\/span><\/li>\n<li style=\"font-family: verdana, geneva, sans-serif;\"><span style=\"font-family: verdana, geneva, sans-serif;\">Barva: b\u00edl\u00e1 matn\u00e1\u00a0<\/span><\/li>\n<li style=\"font-family: verdana, geneva, sans-serif;\"><span style=\"font-family: verdana, geneva, sans-serif;\">Funk\u010dn\u00ed tla\u010d\u00edtka: 2\u00a0<\/span><\/li>\n<\/ul>\n<\/div><\/div>\n<\/p><\/div>\n<\/p><\/div>\n<\/p><\/div>\n","protected":false},"excerpt":{"rendered":"<p>Ovl\u00e1dac\u00ed tla\u010d\u00edtko splachovadla Fenix 11 &#8211; b\u00edl\u00e9 matn\u00e9 &#8211; dvoj\u010dinn\u00e9 &#8211; plastov\u00e9 Kvalitn\u00ed tla\u010d\u00edtko k ovl\u00e1d\u00e1n\u00ed podom\u00edtkov\u00e9ho splachovadla. Ur\u010den\u00e9 pro WC modul\u00a0 Fenix slim.\u00a0 Parametry:\u00a0 Rozm\u011bry: 245 x 165 x 13,7 mm\u00a0 Materi\u00e1l: plast\u00a0 Barva: b\u00edl\u00e1 matn\u00e1\u00a0 Funk\u010dn\u00ed tla\u010d\u00edtka: 2\u00a0<\/p>\n","protected":false},"featured_media":22468,"comment_status":"open","ping_status":"open","template":"","meta":[],"product_brand":[],"product_cat":[95],"product_tag":[],"class_list":{"0":"post-22368","1":"product","2":"type-product","3":"status-publish","4":"has-post-thumbnail","6":"product_cat-koupelna","8":"first","9":"instock","10":"sale","11":"shipping-taxable","12":"purchasable","13":"product-type-simple"},"yoast_head":"<!-- This site is optimized with the Yoast SEO plugin v26.8 - https:\/\/yoast.com\/product\/yoast-seo-wordpress\/ -->\n<title>Origin\u00e1ln\u00ed Ovl\u00e1dac\u00ed tla\u010d\u00edtko splachovadla Mexen Fenix 11 - b\u00edl\u00e9 matn\u00e9 - dvoj\u010dinn\u00e9 - plastov\u00e9, 601100 -<\/title>\n<meta name=\"robots\" content=\"index, follow, max-snippet:-1, max-image-preview:large, max-video-preview:-1\" \/>\n<link rel=\"canonical\" href=\"https:\/\/www.domkraftpro.com\/index.php\/produkt\/originalni-ovladaci-tlacitko-splachovadla-mexen-fenix-11-bile-matne-dvojcinne-plastove-601100-22368\/\" \/>\n<meta property=\"og:locale\" content=\"cs_CZ\" \/>\n<meta property=\"og:type\" content=\"article\" \/>\n<meta property=\"og:title\" content=\"Origin\u00e1ln\u00ed Ovl\u00e1dac\u00ed tla\u010d\u00edtko splachovadla Mexen Fenix 11 - b\u00edl\u00e9 matn\u00e9 - dvoj\u010dinn\u00e9 - plastov\u00e9, 601100 -\" \/>\n<meta property=\"og:description\" content=\"Ovl\u00e1dac\u00ed tla\u010d\u00edtko splachovadla Fenix 11 &#8211; b\u00edl\u00e9 matn\u00e9 &#8211; dvoj\u010dinn\u00e9 &#8211; plastov\u00e9 Kvalitn\u00ed tla\u010d\u00edtko k ovl\u00e1d\u00e1n\u00ed podom\u00edtkov\u00e9ho splachovadla. Ur\u010den\u00e9 pro WC modul\u00a0 Fenix slim.\u00a0 Parametry:\u00a0 Rozm\u011bry: 245 x 165 x 13,7 mm\u00a0 Materi\u00e1l: plast\u00a0 Barva: b\u00edl\u00e1 matn\u00e1\u00a0 Funk\u010dn\u00ed tla\u010d\u00edtka: 2\u00a0\" \/>\n<meta property=\"og:url\" content=\"https:\/\/www.domkraftpro.com\/index.php\/produkt\/originalni-ovladaci-tlacitko-splachovadla-mexen-fenix-11-bile-matne-dvojcinne-plastove-601100-22368\/\" \/>\n<meta property=\"og:image\" content=\"https:\/\/www.domkraftpro.com\/wp-content\/uploads\/2026\/SK0006623-CZ20260425-093041-0-1777080643-export_5mi7-vk.webp\" \/>\n\t<meta property=\"og:image:width\" content=\"1000\" \/>\n\t<meta property=\"og:image:height\" content=\"662\" \/>\n\t<meta property=\"og:image:type\" content=\"image\/webp\" \/>\n<meta name=\"twitter:card\" content=\"summary_large_image\" \/>\n<script type=\"application\/ld+json\" class=\"yoast-schema-graph\">{\"@context\":\"https:\/\/schema.org\",\"@graph\":[{\"@type\":\"WebPage\",\"@id\":\"https:\/\/www.domkraftpro.com\/index.php\/produkt\/originalni-ovladaci-tlacitko-splachovadla-mexen-fenix-11-bile-matne-dvojcinne-plastove-601100-22368\/\",\"url\":\"https:\/\/www.domkraftpro.com\/index.php\/produkt\/originalni-ovladaci-tlacitko-splachovadla-mexen-fenix-11-bile-matne-dvojcinne-plastove-601100-22368\/\",\"name\":\"Origin\u00e1ln\u00ed Ovl\u00e1dac\u00ed tla\u010d\u00edtko splachovadla Mexen Fenix 11 - b\u00edl\u00e9 matn\u00e9 - dvoj\u010dinn\u00e9 - plastov\u00e9, 601100 -\",\"isPartOf\":{\"@id\":\"https:\/\/www.domkraftpro.com\/#website\"},\"primaryImageOfPage\":{\"@id\":\"https:\/\/www.domkraftpro.com\/index.php\/produkt\/originalni-ovladaci-tlacitko-splachovadla-mexen-fenix-11-bile-matne-dvojcinne-plastove-601100-22368\/#primaryimage\"},\"image\":{\"@id\":\"https:\/\/www.domkraftpro.com\/index.php\/produkt\/originalni-ovladaci-tlacitko-splachovadla-mexen-fenix-11-bile-matne-dvojcinne-plastove-601100-22368\/#primaryimage\"},\"thumbnailUrl\":\"https:\/\/www.domkraftpro.com\/wp-content\/uploads\/2026\/SK0006623-CZ20260425-093041-0-1777080643-export_5mi7-vk.webp\",\"datePublished\":\"2026-04-27T04:41:19+00:00\",\"breadcrumb\":{\"@id\":\"https:\/\/www.domkraftpro.com\/index.php\/produkt\/originalni-ovladaci-tlacitko-splachovadla-mexen-fenix-11-bile-matne-dvojcinne-plastove-601100-22368\/#breadcrumb\"},\"inLanguage\":\"cs\",\"potentialAction\":[{\"@type\":\"ReadAction\",\"target\":[\"https:\/\/www.domkraftpro.com\/index.php\/produkt\/originalni-ovladaci-tlacitko-splachovadla-mexen-fenix-11-bile-matne-dvojcinne-plastove-601100-22368\/\"]}]},{\"@type\":\"ImageObject\",\"inLanguage\":\"cs\",\"@id\":\"https:\/\/www.domkraftpro.com\/index.php\/produkt\/originalni-ovladaci-tlacitko-splachovadla-mexen-fenix-11-bile-matne-dvojcinne-plastove-601100-22368\/#primaryimage\",\"url\":\"https:\/\/www.domkraftpro.com\/wp-content\/uploads\/2026\/SK0006623-CZ20260425-093041-0-1777080643-export_5mi7-vk.webp\",\"contentUrl\":\"https:\/\/www.domkraftpro.com\/wp-content\/uploads\/2026\/SK0006623-CZ20260425-093041-0-1777080643-export_5mi7-vk.webp\",\"width\":1000,\"height\":662},{\"@type\":\"BreadcrumbList\",\"@id\":\"https:\/\/www.domkraftpro.com\/index.php\/produkt\/originalni-ovladaci-tlacitko-splachovadla-mexen-fenix-11-bile-matne-dvojcinne-plastove-601100-22368\/#breadcrumb\",\"itemListElement\":[{\"@type\":\"ListItem\",\"position\":1,\"name\":\"Home\",\"item\":\"https:\/\/www.domkraftpro.com\/\"},{\"@type\":\"ListItem\",\"position\":2,\"name\":\"Products\",\"item\":\"https:\/\/www.domkraftpro.com\/index.php\/products\/\"},{\"@type\":\"ListItem\",\"position\":3,\"name\":\"Origin\u00e1ln\u00ed Ovl\u00e1dac\u00ed tla\u010d\u00edtko splachovadla Mexen Fenix 11 &#8211; b\u00edl\u00e9 matn\u00e9 &#8211; dvoj\u010dinn\u00e9 &#8211; plastov\u00e9, 601100\"}]},{\"@type\":\"WebSite\",\"@id\":\"https:\/\/www.domkraftpro.com\/#website\",\"url\":\"https:\/\/www.domkraftpro.com\/\",\"name\":\"\",\"description\":\"\",\"potentialAction\":[{\"@type\":\"SearchAction\",\"target\":{\"@type\":\"EntryPoint\",\"urlTemplate\":\"https:\/\/www.domkraftpro.com\/?s={search_term_string}\"},\"query-input\":{\"@type\":\"PropertyValueSpecification\",\"valueRequired\":true,\"valueName\":\"search_term_string\"}}],\"inLanguage\":\"cs\"}]}<\/script>\n<!-- \/ Yoast SEO plugin. -->","yoast_head_json":{"title":"Origin\u00e1ln\u00ed Ovl\u00e1dac\u00ed tla\u010d\u00edtko splachovadla Mexen Fenix 11 - b\u00edl\u00e9 matn\u00e9 - dvoj\u010dinn\u00e9 - plastov\u00e9, 601100 -","robots":{"index":"index","follow":"follow","max-snippet":"max-snippet:-1","max-image-preview":"max-image-preview:large","max-video-preview":"max-video-preview:-1"},"canonical":"https:\/\/www.domkraftpro.com\/index.php\/produkt\/originalni-ovladaci-tlacitko-splachovadla-mexen-fenix-11-bile-matne-dvojcinne-plastove-601100-22368\/","og_locale":"cs_CZ","og_type":"article","og_title":"Origin\u00e1ln\u00ed Ovl\u00e1dac\u00ed tla\u010d\u00edtko splachovadla Mexen Fenix 11 - b\u00edl\u00e9 matn\u00e9 - dvoj\u010dinn\u00e9 - plastov\u00e9, 601100 -","og_description":"Ovl\u00e1dac\u00ed tla\u010d\u00edtko splachovadla Fenix 11 &#8211; b\u00edl\u00e9 matn\u00e9 &#8211; dvoj\u010dinn\u00e9 &#8211; plastov\u00e9 Kvalitn\u00ed tla\u010d\u00edtko k ovl\u00e1d\u00e1n\u00ed podom\u00edtkov\u00e9ho splachovadla. Ur\u010den\u00e9 pro WC modul\u00a0 Fenix slim.\u00a0 Parametry:\u00a0 Rozm\u011bry: 245 x 165 x 13,7 mm\u00a0 Materi\u00e1l: plast\u00a0 Barva: b\u00edl\u00e1 matn\u00e1\u00a0 Funk\u010dn\u00ed tla\u010d\u00edtka: 2\u00a0","og_url":"https:\/\/www.domkraftpro.com\/index.php\/produkt\/originalni-ovladaci-tlacitko-splachovadla-mexen-fenix-11-bile-matne-dvojcinne-plastove-601100-22368\/","og_image":[{"width":1000,"height":662,"url":"https:\/\/www.domkraftpro.com\/wp-content\/uploads\/2026\/SK0006623-CZ20260425-093041-0-1777080643-export_5mi7-vk.webp","type":"image\/webp"}],"twitter_card":"summary_large_image","schema":{"@context":"https:\/\/schema.org","@graph":[{"@type":"WebPage","@id":"https:\/\/www.domkraftpro.com\/index.php\/produkt\/originalni-ovladaci-tlacitko-splachovadla-mexen-fenix-11-bile-matne-dvojcinne-plastove-601100-22368\/","url":"https:\/\/www.domkraftpro.com\/index.php\/produkt\/originalni-ovladaci-tlacitko-splachovadla-mexen-fenix-11-bile-matne-dvojcinne-plastove-601100-22368\/","name":"Origin\u00e1ln\u00ed Ovl\u00e1dac\u00ed tla\u010d\u00edtko splachovadla Mexen Fenix 11 - b\u00edl\u00e9 matn\u00e9 - dvoj\u010dinn\u00e9 - plastov\u00e9, 601100 -","isPartOf":{"@id":"https:\/\/www.domkraftpro.com\/#website"},"primaryImageOfPage":{"@id":"https:\/\/www.domkraftpro.com\/index.php\/produkt\/originalni-ovladaci-tlacitko-splachovadla-mexen-fenix-11-bile-matne-dvojcinne-plastove-601100-22368\/#primaryimage"},"image":{"@id":"https:\/\/www.domkraftpro.com\/index.php\/produkt\/originalni-ovladaci-tlacitko-splachovadla-mexen-fenix-11-bile-matne-dvojcinne-plastove-601100-22368\/#primaryimage"},"thumbnailUrl":"https:\/\/www.domkraftpro.com\/wp-content\/uploads\/2026\/SK0006623-CZ20260425-093041-0-1777080643-export_5mi7-vk.webp","datePublished":"2026-04-27T04:41:19+00:00","breadcrumb":{"@id":"https:\/\/www.domkraftpro.com\/index.php\/produkt\/originalni-ovladaci-tlacitko-splachovadla-mexen-fenix-11-bile-matne-dvojcinne-plastove-601100-22368\/#breadcrumb"},"inLanguage":"cs","potentialAction":[{"@type":"ReadAction","target":["https:\/\/www.domkraftpro.com\/index.php\/produkt\/originalni-ovladaci-tlacitko-splachovadla-mexen-fenix-11-bile-matne-dvojcinne-plastove-601100-22368\/"]}]},{"@type":"ImageObject","inLanguage":"cs","@id":"https:\/\/www.domkraftpro.com\/index.php\/produkt\/originalni-ovladaci-tlacitko-splachovadla-mexen-fenix-11-bile-matne-dvojcinne-plastove-601100-22368\/#primaryimage","url":"https:\/\/www.domkraftpro.com\/wp-content\/uploads\/2026\/SK0006623-CZ20260425-093041-0-1777080643-export_5mi7-vk.webp","contentUrl":"https:\/\/www.domkraftpro.com\/wp-content\/uploads\/2026\/SK0006623-CZ20260425-093041-0-1777080643-export_5mi7-vk.webp","width":1000,"height":662},{"@type":"BreadcrumbList","@id":"https:\/\/www.domkraftpro.com\/index.php\/produkt\/originalni-ovladaci-tlacitko-splachovadla-mexen-fenix-11-bile-matne-dvojcinne-plastove-601100-22368\/#breadcrumb","itemListElement":[{"@type":"ListItem","position":1,"name":"Home","item":"https:\/\/www.domkraftpro.com\/"},{"@type":"ListItem","position":2,"name":"Products","item":"https:\/\/www.domkraftpro.com\/index.php\/products\/"},{"@type":"ListItem","position":3,"name":"Origin\u00e1ln\u00ed Ovl\u00e1dac\u00ed tla\u010d\u00edtko splachovadla Mexen Fenix 11 &#8211; b\u00edl\u00e9 matn\u00e9 &#8211; dvoj\u010dinn\u00e9 &#8211; plastov\u00e9, 601100"}]},{"@type":"WebSite","@id":"https:\/\/www.domkraftpro.com\/#website","url":"https:\/\/www.domkraftpro.com\/","name":"","description":"","potentialAction":[{"@type":"SearchAction","target":{"@type":"EntryPoint","urlTemplate":"https:\/\/www.domkraftpro.com\/?s={search_term_string}"},"query-input":{"@type":"PropertyValueSpecification","valueRequired":true,"valueName":"search_term_string"}}],"inLanguage":"cs"}]}},"_links":{"self":[{"href":"https:\/\/www.domkraftpro.com\/index.php\/wp-json\/wp\/v2\/product\/22368","targetHints":{"allow":["GET"]}}],"collection":[{"href":"https:\/\/www.domkraftpro.com\/index.php\/wp-json\/wp\/v2\/product"}],"about":[{"href":"https:\/\/www.domkraftpro.com\/index.php\/wp-json\/wp\/v2\/types\/product"}],"replies":[{"embeddable":true,"href":"https:\/\/www.domkraftpro.com\/index.php\/wp-json\/wp\/v2\/comments?post=22368"}],"wp:featuredmedia":[{"embeddable":true,"href":"https:\/\/www.domkraftpro.com\/index.php\/wp-json\/wp\/v2\/media\/22468"}],"wp:attachment":[{"href":"https:\/\/www.domkraftpro.com\/index.php\/wp-json\/wp\/v2\/media?parent=22368"}],"wp:term":[{"taxonomy":"product_brand","embeddable":true,"href":"https:\/\/www.domkraftpro.com\/index.php\/wp-json\/wp\/v2\/product_brand?post=22368"},{"taxonomy":"product_cat","embeddable":true,"href":"https:\/\/www.domkraftpro.com\/index.php\/wp-json\/wp\/v2\/product_cat?post=22368"},{"taxonomy":"product_tag","embeddable":true,"href":"https:\/\/www.domkraftpro.com\/index.php\/wp-json\/wp\/v2\/product_tag?post=22368"}],"curies":[{"name":"wp","href":"https:\/\/api.w.org\/{rel}","templated":true}]}}