{"id":22367,"date":"2026-04-27T04:41:19","date_gmt":"2026-04-27T04:41:19","guid":{"rendered":""},"modified":"2026-04-27T04:41:19","modified_gmt":"2026-04-27T04:41:19","slug":"vikendova-akce-podlahova-vanova-baterie-illusion-ii-zlata-22367","status":"publish","type":"product","link":"https:\/\/www.domkraftpro.com\/index.php\/produkt\/vikendova-akce-podlahova-vanova-baterie-illusion-ii-zlata-22367\/","title":{"rendered":"V\u00edkendov\u00e1 Akce Podlahov\u00e1 vanov\u00e1 baterie ILLUSION II &#8211; zlat\u00e1"},"content":{"rendered":"<div class=\"tabs__content-outer\" id=\"tab_description\" data-hash=\"description\" data-tabindex=\"-1\">\n<div class=\"tabs__content toggle_description\" id=\"content_description\">\n<div class=\"wysiwyg-content\">\n<div class=\"product__tab product__description full-width\">\n<div class=\"container\">\n<div >\n<h3>Podlahov\u00e1 vanov\u00e1 baterie ILLUSION II &#8211; zlat\u00e1<\/h3>\n<p><strong>Vysok\u00e1 vanov\u00e1 baterie ILLUSION II<\/strong> s v\u00fd\u0161kou <strong>1100 mm<\/strong>\u00a0je ur\u010dena<strong> pro instalaci do podlahy<\/strong> a ocen\u00edte ji zejm\u00e9na pokud m\u00e1te voln\u011b stoj\u00edc\u00ed vanu. Dod\u00e1v\u00e1no <strong>v\u010detn\u011b p\u0159\u00edslu\u0161enstv\u00ed<\/strong> &#8211; sprchov\u00e1 hlavice s hadic\u00ed. <strong>Stoj\u00e1nkov\u00e1 vanov\u00e1 baterie<\/strong> pro modern\u00ed koupelny.\u00a0<\/p>\n<p>Vanov\u00e1 stoj\u00e1nkov\u00e1 baterie je<strong> dod\u00e1v\u00e1na v\u010detn\u011b p\u0159\u00edslu\u0161enstv\u00ed (sprchov\u00e1 r\u016f\u017eice a hadice)<\/strong>.\u00a0<\/p>\n<p>Stoj\u00e1nkov\u00e1\u00a0<strong>baterie do podlahy<\/strong> vypad\u00e1 skv\u011ble v kombinaci s\u00a0voln\u011b stoj\u00edc\u00ed vanou.\u00a0<\/p>\n<p><strong>P\u0159ednosti\u00a0vysok\u00e9\u00a0vanov\u00e9 baterie\u00a0ILLUSION II:<\/strong><\/p>\n<ul>\n<li><strong>Elegantn\u00e9, \u010dist\u00e9 linie<\/strong><\/li>\n<li><strong>Vanov\u00e1\u00a0baterie\u00a0vysok\u00e1, stoj\u00e1nkov\u00e1\u00a0<\/strong><\/li>\n<li><strong>Mont\u00e1\u017e do podlahy<\/strong><\/li>\n<li><strong>V\u00fd\u0161ka:\u00a0<\/strong>1100 mm<\/li>\n<li><strong>Anti line aretator\u00a0<\/strong>(proti usazov\u00e1n\u00ed vodn\u00edho kamene)<\/li>\n<li><strong>Proveden\u00ed:<\/strong>\u00a0zlat\u00e1<\/li>\n<li><strong>Modern\u00ed perl\u00e1tor<\/strong><\/li>\n<li><strong>Prov\u011b\u0159en\u00e1<\/strong>\u00a0technologie<\/li>\n<li><strong>Keramick\u00e1 kartu\u0161e<\/strong><\/li>\n<li><strong>P\u00e1kov\u00e9 ovl\u00e1d\u00e1n\u00ed<\/strong><\/li>\n<li><strong>Sou\u010d\u00e1st\u00ed balen\u00ed:<\/strong>\u00a0baterie,\u00a0sprchov\u00e1 ru\u017eice, hadice<\/li>\n<li><strong>\u00daspora vody<\/strong><\/li>\n<li><strong>Z\u00c1RUKA 5 LET<\/strong><\/li>\n<\/ul>\n<p><b>Vlastnosti<\/b><\/p>\n<ul>\n<li><span>Ovl\u00e1d\u00e1n\u00ed_baterie:<\/span> P\u00e1kov\u00e9<\/li>\n<li><span>Druh baterie:<\/span> Stoj\u00e1nkov\u00e9<\/li>\n<li><span>Vyu\u017eit\u00ed_baterie:<\/span> Koupelnov\u00e9<\/li>\n<\/ul>\n<\/div><\/div>\n<\/p><\/div>\n<\/p><\/div>\n<\/p><\/div>\n","protected":false},"excerpt":{"rendered":"<p>Podlahov\u00e1 vanov\u00e1 baterie ILLUSION II &#8211; zlat\u00e1 Vysok\u00e1 vanov\u00e1 baterie ILLUSION II s v\u00fd\u0161kou 1100 mm\u00a0je ur\u010dena pro instalaci do podlahy a ocen\u00edte ji zejm\u00e9na pokud m\u00e1te voln\u011b stoj\u00edc\u00ed vanu. Dod\u00e1v\u00e1no v\u010detn\u011b p\u0159\u00edslu\u0161enstv\u00ed &#8211; sprchov\u00e1 hlavice s hadic\u00ed. Stoj\u00e1nkov\u00e1 vanov\u00e1 baterie pro modern\u00ed koupelny.\u00a0 Vanov\u00e1 stoj\u00e1nkov\u00e1 baterie je dod\u00e1v\u00e1na v\u010detn\u011b p\u0159\u00edslu\u0161enstv\u00ed (sprchov\u00e1 r\u016f\u017eice a hadice).\u00a0 [&hellip;]<\/p>\n","protected":false},"featured_media":22467,"comment_status":"open","ping_status":"open","template":"","meta":[],"product_brand":[],"product_cat":[95],"product_tag":[],"class_list":{"0":"post-22367","1":"product","2":"type-product","3":"status-publish","4":"has-post-thumbnail","6":"product_cat-koupelna","8":"first","9":"instock","10":"sale","11":"shipping-taxable","12":"purchasable","13":"product-type-simple"},"yoast_head":"<!-- This site is optimized with the Yoast SEO plugin v26.8 - https:\/\/yoast.com\/product\/yoast-seo-wordpress\/ -->\n<title>V\u00edkendov\u00e1 Akce Podlahov\u00e1 vanov\u00e1 baterie ILLUSION II - zlat\u00e1 -<\/title>\n<meta name=\"robots\" content=\"index, follow, max-snippet:-1, max-image-preview:large, max-video-preview:-1\" \/>\n<link rel=\"canonical\" href=\"https:\/\/www.domkraftpro.com\/index.php\/produkt\/vikendova-akce-podlahova-vanova-baterie-illusion-ii-zlata-22367\/\" \/>\n<meta property=\"og:locale\" content=\"cs_CZ\" \/>\n<meta property=\"og:type\" content=\"article\" \/>\n<meta property=\"og:title\" content=\"V\u00edkendov\u00e1 Akce Podlahov\u00e1 vanov\u00e1 baterie ILLUSION II - zlat\u00e1 -\" \/>\n<meta property=\"og:description\" content=\"Podlahov\u00e1 vanov\u00e1 baterie ILLUSION II &#8211; zlat\u00e1 Vysok\u00e1 vanov\u00e1 baterie ILLUSION II s v\u00fd\u0161kou 1100 mm\u00a0je ur\u010dena pro instalaci do podlahy a ocen\u00edte ji zejm\u00e9na pokud m\u00e1te voln\u011b stoj\u00edc\u00ed vanu. Dod\u00e1v\u00e1no v\u010detn\u011b p\u0159\u00edslu\u0161enstv\u00ed &#8211; sprchov\u00e1 hlavice s hadic\u00ed. Stoj\u00e1nkov\u00e1 vanov\u00e1 baterie pro modern\u00ed koupelny.\u00a0 Vanov\u00e1 stoj\u00e1nkov\u00e1 baterie je dod\u00e1v\u00e1na v\u010detn\u011b p\u0159\u00edslu\u0161enstv\u00ed (sprchov\u00e1 r\u016f\u017eice a hadice).\u00a0 [&hellip;]\" \/>\n<meta property=\"og:url\" content=\"https:\/\/www.domkraftpro.com\/index.php\/produkt\/vikendova-akce-podlahova-vanova-baterie-illusion-ii-zlata-22367\/\" \/>\n<meta property=\"og:image\" content=\"https:\/\/www.domkraftpro.com\/wp-content\/uploads\/2026\/SK0006622-CZ20260425-093041-0-1777080643-stojankova-vanova-baterie-illusion-ii-zlata.webp\" \/>\n\t<meta property=\"og:image:width\" content=\"159\" \/>\n\t<meta property=\"og:image:height\" content=\"800\" \/>\n\t<meta property=\"og:image:type\" content=\"image\/webp\" \/>\n<meta name=\"twitter:card\" content=\"summary_large_image\" \/>\n<meta name=\"twitter:label1\" content=\"Odhadovan\u00e1 doba \u010dten\u00ed\" \/>\n\t<meta name=\"twitter:data1\" content=\"1 minuta\" \/>\n<script type=\"application\/ld+json\" class=\"yoast-schema-graph\">{\"@context\":\"https:\/\/schema.org\",\"@graph\":[{\"@type\":\"WebPage\",\"@id\":\"https:\/\/www.domkraftpro.com\/index.php\/produkt\/vikendova-akce-podlahova-vanova-baterie-illusion-ii-zlata-22367\/\",\"url\":\"https:\/\/www.domkraftpro.com\/index.php\/produkt\/vikendova-akce-podlahova-vanova-baterie-illusion-ii-zlata-22367\/\",\"name\":\"V\u00edkendov\u00e1 Akce Podlahov\u00e1 vanov\u00e1 baterie ILLUSION II - zlat\u00e1 -\",\"isPartOf\":{\"@id\":\"https:\/\/www.domkraftpro.com\/#website\"},\"primaryImageOfPage\":{\"@id\":\"https:\/\/www.domkraftpro.com\/index.php\/produkt\/vikendova-akce-podlahova-vanova-baterie-illusion-ii-zlata-22367\/#primaryimage\"},\"image\":{\"@id\":\"https:\/\/www.domkraftpro.com\/index.php\/produkt\/vikendova-akce-podlahova-vanova-baterie-illusion-ii-zlata-22367\/#primaryimage\"},\"thumbnailUrl\":\"https:\/\/www.domkraftpro.com\/wp-content\/uploads\/2026\/SK0006622-CZ20260425-093041-0-1777080643-stojankova-vanova-baterie-illusion-ii-zlata.webp\",\"datePublished\":\"2026-04-27T04:41:19+00:00\",\"breadcrumb\":{\"@id\":\"https:\/\/www.domkraftpro.com\/index.php\/produkt\/vikendova-akce-podlahova-vanova-baterie-illusion-ii-zlata-22367\/#breadcrumb\"},\"inLanguage\":\"cs\",\"potentialAction\":[{\"@type\":\"ReadAction\",\"target\":[\"https:\/\/www.domkraftpro.com\/index.php\/produkt\/vikendova-akce-podlahova-vanova-baterie-illusion-ii-zlata-22367\/\"]}]},{\"@type\":\"ImageObject\",\"inLanguage\":\"cs\",\"@id\":\"https:\/\/www.domkraftpro.com\/index.php\/produkt\/vikendova-akce-podlahova-vanova-baterie-illusion-ii-zlata-22367\/#primaryimage\",\"url\":\"https:\/\/www.domkraftpro.com\/wp-content\/uploads\/2026\/SK0006622-CZ20260425-093041-0-1777080643-stojankova-vanova-baterie-illusion-ii-zlata.webp\",\"contentUrl\":\"https:\/\/www.domkraftpro.com\/wp-content\/uploads\/2026\/SK0006622-CZ20260425-093041-0-1777080643-stojankova-vanova-baterie-illusion-ii-zlata.webp\",\"width\":159,\"height\":800},{\"@type\":\"BreadcrumbList\",\"@id\":\"https:\/\/www.domkraftpro.com\/index.php\/produkt\/vikendova-akce-podlahova-vanova-baterie-illusion-ii-zlata-22367\/#breadcrumb\",\"itemListElement\":[{\"@type\":\"ListItem\",\"position\":1,\"name\":\"Home\",\"item\":\"https:\/\/www.domkraftpro.com\/\"},{\"@type\":\"ListItem\",\"position\":2,\"name\":\"Products\",\"item\":\"https:\/\/www.domkraftpro.com\/index.php\/products\/\"},{\"@type\":\"ListItem\",\"position\":3,\"name\":\"V\u00edkendov\u00e1 Akce Podlahov\u00e1 vanov\u00e1 baterie ILLUSION II &#8211; zlat\u00e1\"}]},{\"@type\":\"WebSite\",\"@id\":\"https:\/\/www.domkraftpro.com\/#website\",\"url\":\"https:\/\/www.domkraftpro.com\/\",\"name\":\"\",\"description\":\"\",\"potentialAction\":[{\"@type\":\"SearchAction\",\"target\":{\"@type\":\"EntryPoint\",\"urlTemplate\":\"https:\/\/www.domkraftpro.com\/?s={search_term_string}\"},\"query-input\":{\"@type\":\"PropertyValueSpecification\",\"valueRequired\":true,\"valueName\":\"search_term_string\"}}],\"inLanguage\":\"cs\"}]}<\/script>\n<!-- \/ Yoast SEO plugin. -->","yoast_head_json":{"title":"V\u00edkendov\u00e1 Akce Podlahov\u00e1 vanov\u00e1 baterie ILLUSION II - zlat\u00e1 -","robots":{"index":"index","follow":"follow","max-snippet":"max-snippet:-1","max-image-preview":"max-image-preview:large","max-video-preview":"max-video-preview:-1"},"canonical":"https:\/\/www.domkraftpro.com\/index.php\/produkt\/vikendova-akce-podlahova-vanova-baterie-illusion-ii-zlata-22367\/","og_locale":"cs_CZ","og_type":"article","og_title":"V\u00edkendov\u00e1 Akce Podlahov\u00e1 vanov\u00e1 baterie ILLUSION II - zlat\u00e1 -","og_description":"Podlahov\u00e1 vanov\u00e1 baterie ILLUSION II &#8211; zlat\u00e1 Vysok\u00e1 vanov\u00e1 baterie ILLUSION II s v\u00fd\u0161kou 1100 mm\u00a0je ur\u010dena pro instalaci do podlahy a ocen\u00edte ji zejm\u00e9na pokud m\u00e1te voln\u011b stoj\u00edc\u00ed vanu. Dod\u00e1v\u00e1no v\u010detn\u011b p\u0159\u00edslu\u0161enstv\u00ed &#8211; sprchov\u00e1 hlavice s hadic\u00ed. Stoj\u00e1nkov\u00e1 vanov\u00e1 baterie pro modern\u00ed koupelny.\u00a0 Vanov\u00e1 stoj\u00e1nkov\u00e1 baterie je dod\u00e1v\u00e1na v\u010detn\u011b p\u0159\u00edslu\u0161enstv\u00ed (sprchov\u00e1 r\u016f\u017eice a hadice).\u00a0 [&hellip;]","og_url":"https:\/\/www.domkraftpro.com\/index.php\/produkt\/vikendova-akce-podlahova-vanova-baterie-illusion-ii-zlata-22367\/","og_image":[{"width":159,"height":800,"url":"https:\/\/www.domkraftpro.com\/wp-content\/uploads\/2026\/SK0006622-CZ20260425-093041-0-1777080643-stojankova-vanova-baterie-illusion-ii-zlata.webp","type":"image\/webp"}],"twitter_card":"summary_large_image","twitter_misc":{"Odhadovan\u00e1 doba \u010dten\u00ed":"1 minuta"},"schema":{"@context":"https:\/\/schema.org","@graph":[{"@type":"WebPage","@id":"https:\/\/www.domkraftpro.com\/index.php\/produkt\/vikendova-akce-podlahova-vanova-baterie-illusion-ii-zlata-22367\/","url":"https:\/\/www.domkraftpro.com\/index.php\/produkt\/vikendova-akce-podlahova-vanova-baterie-illusion-ii-zlata-22367\/","name":"V\u00edkendov\u00e1 Akce Podlahov\u00e1 vanov\u00e1 baterie ILLUSION II - zlat\u00e1 -","isPartOf":{"@id":"https:\/\/www.domkraftpro.com\/#website"},"primaryImageOfPage":{"@id":"https:\/\/www.domkraftpro.com\/index.php\/produkt\/vikendova-akce-podlahova-vanova-baterie-illusion-ii-zlata-22367\/#primaryimage"},"image":{"@id":"https:\/\/www.domkraftpro.com\/index.php\/produkt\/vikendova-akce-podlahova-vanova-baterie-illusion-ii-zlata-22367\/#primaryimage"},"thumbnailUrl":"https:\/\/www.domkraftpro.com\/wp-content\/uploads\/2026\/SK0006622-CZ20260425-093041-0-1777080643-stojankova-vanova-baterie-illusion-ii-zlata.webp","datePublished":"2026-04-27T04:41:19+00:00","breadcrumb":{"@id":"https:\/\/www.domkraftpro.com\/index.php\/produkt\/vikendova-akce-podlahova-vanova-baterie-illusion-ii-zlata-22367\/#breadcrumb"},"inLanguage":"cs","potentialAction":[{"@type":"ReadAction","target":["https:\/\/www.domkraftpro.com\/index.php\/produkt\/vikendova-akce-podlahova-vanova-baterie-illusion-ii-zlata-22367\/"]}]},{"@type":"ImageObject","inLanguage":"cs","@id":"https:\/\/www.domkraftpro.com\/index.php\/produkt\/vikendova-akce-podlahova-vanova-baterie-illusion-ii-zlata-22367\/#primaryimage","url":"https:\/\/www.domkraftpro.com\/wp-content\/uploads\/2026\/SK0006622-CZ20260425-093041-0-1777080643-stojankova-vanova-baterie-illusion-ii-zlata.webp","contentUrl":"https:\/\/www.domkraftpro.com\/wp-content\/uploads\/2026\/SK0006622-CZ20260425-093041-0-1777080643-stojankova-vanova-baterie-illusion-ii-zlata.webp","width":159,"height":800},{"@type":"BreadcrumbList","@id":"https:\/\/www.domkraftpro.com\/index.php\/produkt\/vikendova-akce-podlahova-vanova-baterie-illusion-ii-zlata-22367\/#breadcrumb","itemListElement":[{"@type":"ListItem","position":1,"name":"Home","item":"https:\/\/www.domkraftpro.com\/"},{"@type":"ListItem","position":2,"name":"Products","item":"https:\/\/www.domkraftpro.com\/index.php\/products\/"},{"@type":"ListItem","position":3,"name":"V\u00edkendov\u00e1 Akce Podlahov\u00e1 vanov\u00e1 baterie ILLUSION II &#8211; zlat\u00e1"}]},{"@type":"WebSite","@id":"https:\/\/www.domkraftpro.com\/#website","url":"https:\/\/www.domkraftpro.com\/","name":"","description":"","potentialAction":[{"@type":"SearchAction","target":{"@type":"EntryPoint","urlTemplate":"https:\/\/www.domkraftpro.com\/?s={search_term_string}"},"query-input":{"@type":"PropertyValueSpecification","valueRequired":true,"valueName":"search_term_string"}}],"inLanguage":"cs"}]}},"_links":{"self":[{"href":"https:\/\/www.domkraftpro.com\/index.php\/wp-json\/wp\/v2\/product\/22367","targetHints":{"allow":["GET"]}}],"collection":[{"href":"https:\/\/www.domkraftpro.com\/index.php\/wp-json\/wp\/v2\/product"}],"about":[{"href":"https:\/\/www.domkraftpro.com\/index.php\/wp-json\/wp\/v2\/types\/product"}],"replies":[{"embeddable":true,"href":"https:\/\/www.domkraftpro.com\/index.php\/wp-json\/wp\/v2\/comments?post=22367"}],"wp:featuredmedia":[{"embeddable":true,"href":"https:\/\/www.domkraftpro.com\/index.php\/wp-json\/wp\/v2\/media\/22467"}],"wp:attachment":[{"href":"https:\/\/www.domkraftpro.com\/index.php\/wp-json\/wp\/v2\/media?parent=22367"}],"wp:term":[{"taxonomy":"product_brand","embeddable":true,"href":"https:\/\/www.domkraftpro.com\/index.php\/wp-json\/wp\/v2\/product_brand?post=22367"},{"taxonomy":"product_cat","embeddable":true,"href":"https:\/\/www.domkraftpro.com\/index.php\/wp-json\/wp\/v2\/product_cat?post=22367"},{"taxonomy":"product_tag","embeddable":true,"href":"https:\/\/www.domkraftpro.com\/index.php\/wp-json\/wp\/v2\/product_tag?post=22367"}],"curies":[{"name":"wp","href":"https:\/\/api.w.org\/{rel}","templated":true}]}}