{"id":22366,"date":"2026-04-27T04:41:19","date_gmt":"2026-04-27T04:41:19","guid":{"rendered":""},"modified":"2026-04-27T04:41:19","modified_gmt":"2026-04-27T04:41:19","slug":"nejprodavanejsi-zavesne-wc-mexen-lena-rimless-bile-zlate-vzorovane-duroplast-sedatko-slim-30224009-22366","status":"publish","type":"product","link":"https:\/\/www.domkraftpro.com\/index.php\/produkt\/nejprodavanejsi-zavesne-wc-mexen-lena-rimless-bile-zlate-vzorovane-duroplast-sedatko-slim-30224009-22366\/","title":{"rendered":"Nejprod\u00e1van\u011bj\u0161\u00ed Z\u00e1v\u011bsn\u00e9 WC MEXEN LENA RIMLESS &#8211; b\u00edl\u00e9\/zlat\u00e9 vzorovan\u00e9 + Duroplast sed\u00e1tko slim, 30224009"},"content":{"rendered":"<div class=\"tabs__content-outer\" id=\"tab_description\" data-hash=\"description\" data-tabindex=\"-1\">\n<div class=\"tabs__content toggle_description\" id=\"content_description\">\n<div class=\"wysiwyg-content\">\n<div class=\"product__tab product__description full-width\">\n<div class=\"container\">\n<div >\n<h3>Z\u00e1v\u011bsn\u00e9 WC LENA RIMLESS &#8211; b\u00edl\u00e9\/zlat\u00e9 vzorovan\u00e9 + Duroplast sed\u00e1tko slim<\/h3>\n<p><span style=\"font-family: verdana, geneva, sans-serif; font-size: 12pt;\">Z\u00e1v\u011bsn\u00e9 WC V\u00e1m bude dobr\u00fdm spole\u010dn\u00edkem v modern\u00ed koupeln\u011b stejn\u011b jako ve WC m\u00edstnosti. D\u00edky sv\u00fdm rozm\u011br\u016fm m\u016f\u017ee z\u00e1v\u011bsn\u00e9 WC u\u0161et\u0159it\u00a0prostor, kter\u00fd m\u016f\u017eete vyu\u017e\u00edt na n\u011bco jin\u00e9ho, nap\u0159\u00edklad na prodlou\u017een\u00ed koupelny, a tak si dop\u0159\u00e1t prostor nap\u0159\u00edklad pro vanu.\u00a0<\/span><\/p>\n<p><span style=\"font-family: verdana, geneva, sans-serif; font-size: 12pt;\">Syst\u00e9m RIMLESS zaru\u010duje <strong>hygienick\u00e9 splachov\u00e1n\u00ed d\u00edky klozetu bez okrajov\u00e9ho splachovac\u00edho kruhu<\/strong>. WC je tak bez z\u00e1hyb\u016f, kde se b\u011b\u017en\u011b usazuj\u00ed ne\u010distoty a bakterie. \u010ci\u0161t\u011bn\u00ed je tak pohodln\u011bj\u0161\u00ed a efektivn\u011bj\u0161\u00ed.\u00a0<\/span><\/p>\n<p><span style=\"font-family: verdana, geneva, sans-serif; font-size: 12pt;\"><strong>Z\u00e1v\u011bsn\u00e9 WC<\/strong>\u00a0je velmi odoln\u00e9 a je tvo\u0159eno ze stejn\u00fdch materi\u00e1l\u016f, jako klasick\u00e9 z\u00e1chody. Nosnost je velmi vysok\u00e1, a proto se nemus\u00edte b\u00e1t, i kdy\u017e m\u00e1te n\u011bjak\u00e9 to kilo nav\u00edc. D\u00edky sv\u00e9mu skv\u011bl\u00e9mu designu a u\u017eitn\u00e9 hodnot\u011b nav\u00edc z\u00e1v\u011bsn\u00e1 WC ta klasick\u00e1, stojac\u00ed WC, v mnohem p\u0159ed\u010d\u00ed. Z\u00e1v\u011bsn\u00e9 m\u00edsy jsou tak pr\u00e1vem v sou\u010dasn\u00e9 dob\u011b ch\u00e1p\u00e1ny jako dominanta modern\u00ed koupelny.<\/span><\/p>\n<p><span style=\"font-family: verdana, geneva, sans-serif; font-size: 12pt;\"><strong>Z\u00e1chodov\u00e9 prk\u00e9nko<\/strong> vyroben\u00e9 z velmi odoln\u00e9ho materi\u00e1lu <strong>Duroplast<\/strong> je nejen pohodln\u00e9, ale i praktick\u00e9! Disponuje syst\u00e9mem pomal\u00e9ho uzav\u00edr\u00e1n\u00ed &#8222;<strong>Soft Close<\/strong>&#8220; a tla\u010d\u00edtky pro snadn\u00e9 sejmut\u00ed sed\u00e1tka ze z\u00e1chodu. \u010ci\u0161t\u011bn\u00ed prk\u00e9nka i prostoru kolem n\u011bj je tedy velmi snadn\u00e9 a rychl\u00e9.\u00a0<\/span><\/p>\n<p><span style=\"font-family: verdana, geneva, sans-serif; font-size: 12pt;\"><strong>Parametry\u00a0<\/strong><\/span><\/p>\n<ul>\n<li style=\"font-family: verdana, geneva, sans-serif; font-size: 12pt;\"><span style=\"font-family: verdana, geneva, sans-serif; font-size: 12pt;\">Materi\u00e1l: sanit\u00e1rn\u00ed keramika\u00a0<\/span><\/li>\n<li style=\"font-family: verdana, geneva, sans-serif; font-size: 12pt;\"><span style=\"font-family: verdana, geneva, sans-serif; font-size: 12pt;\">Barva m\u00edsy: b\u00edl\u00e1 leskl\u00e1, zlat\u00e1 leskl\u00e1\u00a0<\/span><\/li>\n<li style=\"font-family: verdana, geneva, sans-serif; font-size: 12pt;\"><span style=\"font-family: verdana, geneva, sans-serif; font-size: 12pt;\">Rozm\u011br: 480 x 360 x 355 mm\u00a0<\/span><\/li>\n<li style=\"font-family: verdana, geneva, sans-serif; font-size: 12pt;\"><span style=\"font-family: verdana, geneva, sans-serif; font-size: 12pt;\">Rozte\u010d \u0161roub\u016f: 18 cm\u00a0<\/span><\/li>\n<li style=\"font-family: verdana, geneva, sans-serif; font-size: 12pt;\"><span style=\"font-family: verdana, geneva, sans-serif; font-size: 12pt;\">WC prk\u00e9nko: Ano, duroplast, pololesk, tich\u00e9 zav\u00edr\u00e1n\u00ed, mo\u017enost sund\u00e1n\u00ed kv\u016fli \u010di\u0161t\u011bn\u00ed\u00a0<\/span><\/li>\n<\/ul>\n<\/div><\/div>\n<\/p><\/div>\n<\/p><\/div>\n<\/p><\/div>\n","protected":false},"excerpt":{"rendered":"<p>Z\u00e1v\u011bsn\u00e9 WC LENA RIMLESS &#8211; b\u00edl\u00e9\/zlat\u00e9 vzorovan\u00e9 + Duroplast sed\u00e1tko slim Z\u00e1v\u011bsn\u00e9 WC V\u00e1m bude dobr\u00fdm spole\u010dn\u00edkem v modern\u00ed koupeln\u011b stejn\u011b jako ve WC m\u00edstnosti. D\u00edky sv\u00fdm rozm\u011br\u016fm m\u016f\u017ee z\u00e1v\u011bsn\u00e9 WC u\u0161et\u0159it\u00a0prostor, kter\u00fd m\u016f\u017eete vyu\u017e\u00edt na n\u011bco jin\u00e9ho, nap\u0159\u00edklad na prodlou\u017een\u00ed koupelny, a tak si dop\u0159\u00e1t prostor nap\u0159\u00edklad pro vanu.\u00a0 Syst\u00e9m RIMLESS zaru\u010duje hygienick\u00e9 splachov\u00e1n\u00ed [&hellip;]<\/p>\n","protected":false},"featured_media":22466,"comment_status":"open","ping_status":"open","template":"","meta":[],"product_brand":[],"product_cat":[95],"product_tag":[],"class_list":{"0":"post-22366","1":"product","2":"type-product","3":"status-publish","4":"has-post-thumbnail","6":"product_cat-koupelna","8":"first","9":"instock","10":"sale","11":"shipping-taxable","12":"purchasable","13":"product-type-simple"},"yoast_head":"<!-- This site is optimized with the Yoast SEO plugin v26.8 - https:\/\/yoast.com\/product\/yoast-seo-wordpress\/ -->\n<title>Nejprod\u00e1van\u011bj\u0161\u00ed Z\u00e1v\u011bsn\u00e9 WC MEXEN LENA RIMLESS - b\u00edl\u00e9\/zlat\u00e9 vzorovan\u00e9 + Duroplast sed\u00e1tko slim, 30224009 -<\/title>\n<meta name=\"robots\" content=\"index, follow, max-snippet:-1, max-image-preview:large, max-video-preview:-1\" \/>\n<link rel=\"canonical\" href=\"https:\/\/www.domkraftpro.com\/index.php\/produkt\/nejprodavanejsi-zavesne-wc-mexen-lena-rimless-bile-zlate-vzorovane-duroplast-sedatko-slim-30224009-22366\/\" \/>\n<meta property=\"og:locale\" content=\"cs_CZ\" \/>\n<meta property=\"og:type\" content=\"article\" \/>\n<meta property=\"og:title\" content=\"Nejprod\u00e1van\u011bj\u0161\u00ed Z\u00e1v\u011bsn\u00e9 WC MEXEN LENA RIMLESS - b\u00edl\u00e9\/zlat\u00e9 vzorovan\u00e9 + Duroplast sed\u00e1tko slim, 30224009 -\" \/>\n<meta property=\"og:description\" content=\"Z\u00e1v\u011bsn\u00e9 WC LENA RIMLESS &#8211; b\u00edl\u00e9\/zlat\u00e9 vzorovan\u00e9 + Duroplast sed\u00e1tko slim Z\u00e1v\u011bsn\u00e9 WC V\u00e1m bude dobr\u00fdm spole\u010dn\u00edkem v modern\u00ed koupeln\u011b stejn\u011b jako ve WC m\u00edstnosti. D\u00edky sv\u00fdm rozm\u011br\u016fm m\u016f\u017ee z\u00e1v\u011bsn\u00e9 WC u\u0161et\u0159it\u00a0prostor, kter\u00fd m\u016f\u017eete vyu\u017e\u00edt na n\u011bco jin\u00e9ho, nap\u0159\u00edklad na prodlou\u017een\u00ed koupelny, a tak si dop\u0159\u00e1t prostor nap\u0159\u00edklad pro vanu.\u00a0 Syst\u00e9m RIMLESS zaru\u010duje hygienick\u00e9 splachov\u00e1n\u00ed [&hellip;]\" \/>\n<meta property=\"og:url\" content=\"https:\/\/www.domkraftpro.com\/index.php\/produkt\/nejprodavanejsi-zavesne-wc-mexen-lena-rimless-bile-zlate-vzorovane-duroplast-sedatko-slim-30224009-22366\/\" \/>\n<meta property=\"og:image\" content=\"https:\/\/www.domkraftpro.com\/wp-content\/uploads\/2026\/SK0006621-CZ20260425-093041-0-1777080643-export_1ka7-cz.webp\" \/>\n\t<meta property=\"og:image:width\" content=\"1000\" \/>\n\t<meta property=\"og:image:height\" content=\"799\" \/>\n\t<meta property=\"og:image:type\" content=\"image\/webp\" \/>\n<meta name=\"twitter:card\" content=\"summary_large_image\" \/>\n<meta name=\"twitter:label1\" content=\"Odhadovan\u00e1 doba \u010dten\u00ed\" \/>\n\t<meta name=\"twitter:data1\" content=\"2 minuty\" \/>\n<script type=\"application\/ld+json\" class=\"yoast-schema-graph\">{\"@context\":\"https:\/\/schema.org\",\"@graph\":[{\"@type\":\"WebPage\",\"@id\":\"https:\/\/www.domkraftpro.com\/index.php\/produkt\/nejprodavanejsi-zavesne-wc-mexen-lena-rimless-bile-zlate-vzorovane-duroplast-sedatko-slim-30224009-22366\/\",\"url\":\"https:\/\/www.domkraftpro.com\/index.php\/produkt\/nejprodavanejsi-zavesne-wc-mexen-lena-rimless-bile-zlate-vzorovane-duroplast-sedatko-slim-30224009-22366\/\",\"name\":\"Nejprod\u00e1van\u011bj\u0161\u00ed Z\u00e1v\u011bsn\u00e9 WC MEXEN LENA RIMLESS - b\u00edl\u00e9\/zlat\u00e9 vzorovan\u00e9 + Duroplast sed\u00e1tko slim, 30224009 -\",\"isPartOf\":{\"@id\":\"https:\/\/www.domkraftpro.com\/#website\"},\"primaryImageOfPage\":{\"@id\":\"https:\/\/www.domkraftpro.com\/index.php\/produkt\/nejprodavanejsi-zavesne-wc-mexen-lena-rimless-bile-zlate-vzorovane-duroplast-sedatko-slim-30224009-22366\/#primaryimage\"},\"image\":{\"@id\":\"https:\/\/www.domkraftpro.com\/index.php\/produkt\/nejprodavanejsi-zavesne-wc-mexen-lena-rimless-bile-zlate-vzorovane-duroplast-sedatko-slim-30224009-22366\/#primaryimage\"},\"thumbnailUrl\":\"https:\/\/www.domkraftpro.com\/wp-content\/uploads\/2026\/SK0006621-CZ20260425-093041-0-1777080643-export_1ka7-cz.webp\",\"datePublished\":\"2026-04-27T04:41:19+00:00\",\"breadcrumb\":{\"@id\":\"https:\/\/www.domkraftpro.com\/index.php\/produkt\/nejprodavanejsi-zavesne-wc-mexen-lena-rimless-bile-zlate-vzorovane-duroplast-sedatko-slim-30224009-22366\/#breadcrumb\"},\"inLanguage\":\"cs\",\"potentialAction\":[{\"@type\":\"ReadAction\",\"target\":[\"https:\/\/www.domkraftpro.com\/index.php\/produkt\/nejprodavanejsi-zavesne-wc-mexen-lena-rimless-bile-zlate-vzorovane-duroplast-sedatko-slim-30224009-22366\/\"]}]},{\"@type\":\"ImageObject\",\"inLanguage\":\"cs\",\"@id\":\"https:\/\/www.domkraftpro.com\/index.php\/produkt\/nejprodavanejsi-zavesne-wc-mexen-lena-rimless-bile-zlate-vzorovane-duroplast-sedatko-slim-30224009-22366\/#primaryimage\",\"url\":\"https:\/\/www.domkraftpro.com\/wp-content\/uploads\/2026\/SK0006621-CZ20260425-093041-0-1777080643-export_1ka7-cz.webp\",\"contentUrl\":\"https:\/\/www.domkraftpro.com\/wp-content\/uploads\/2026\/SK0006621-CZ20260425-093041-0-1777080643-export_1ka7-cz.webp\",\"width\":1000,\"height\":799},{\"@type\":\"BreadcrumbList\",\"@id\":\"https:\/\/www.domkraftpro.com\/index.php\/produkt\/nejprodavanejsi-zavesne-wc-mexen-lena-rimless-bile-zlate-vzorovane-duroplast-sedatko-slim-30224009-22366\/#breadcrumb\",\"itemListElement\":[{\"@type\":\"ListItem\",\"position\":1,\"name\":\"Home\",\"item\":\"https:\/\/www.domkraftpro.com\/\"},{\"@type\":\"ListItem\",\"position\":2,\"name\":\"Products\",\"item\":\"https:\/\/www.domkraftpro.com\/index.php\/products\/\"},{\"@type\":\"ListItem\",\"position\":3,\"name\":\"Nejprod\u00e1van\u011bj\u0161\u00ed Z\u00e1v\u011bsn\u00e9 WC MEXEN LENA RIMLESS &#8211; b\u00edl\u00e9\/zlat\u00e9 vzorovan\u00e9 + Duroplast sed\u00e1tko slim, 30224009\"}]},{\"@type\":\"WebSite\",\"@id\":\"https:\/\/www.domkraftpro.com\/#website\",\"url\":\"https:\/\/www.domkraftpro.com\/\",\"name\":\"\",\"description\":\"\",\"potentialAction\":[{\"@type\":\"SearchAction\",\"target\":{\"@type\":\"EntryPoint\",\"urlTemplate\":\"https:\/\/www.domkraftpro.com\/?s={search_term_string}\"},\"query-input\":{\"@type\":\"PropertyValueSpecification\",\"valueRequired\":true,\"valueName\":\"search_term_string\"}}],\"inLanguage\":\"cs\"}]}<\/script>\n<!-- \/ Yoast SEO plugin. -->","yoast_head_json":{"title":"Nejprod\u00e1van\u011bj\u0161\u00ed Z\u00e1v\u011bsn\u00e9 WC MEXEN LENA RIMLESS - b\u00edl\u00e9\/zlat\u00e9 vzorovan\u00e9 + Duroplast sed\u00e1tko slim, 30224009 -","robots":{"index":"index","follow":"follow","max-snippet":"max-snippet:-1","max-image-preview":"max-image-preview:large","max-video-preview":"max-video-preview:-1"},"canonical":"https:\/\/www.domkraftpro.com\/index.php\/produkt\/nejprodavanejsi-zavesne-wc-mexen-lena-rimless-bile-zlate-vzorovane-duroplast-sedatko-slim-30224009-22366\/","og_locale":"cs_CZ","og_type":"article","og_title":"Nejprod\u00e1van\u011bj\u0161\u00ed Z\u00e1v\u011bsn\u00e9 WC MEXEN LENA RIMLESS - b\u00edl\u00e9\/zlat\u00e9 vzorovan\u00e9 + Duroplast sed\u00e1tko slim, 30224009 -","og_description":"Z\u00e1v\u011bsn\u00e9 WC LENA RIMLESS &#8211; b\u00edl\u00e9\/zlat\u00e9 vzorovan\u00e9 + Duroplast sed\u00e1tko slim Z\u00e1v\u011bsn\u00e9 WC V\u00e1m bude dobr\u00fdm spole\u010dn\u00edkem v modern\u00ed koupeln\u011b stejn\u011b jako ve WC m\u00edstnosti. D\u00edky sv\u00fdm rozm\u011br\u016fm m\u016f\u017ee z\u00e1v\u011bsn\u00e9 WC u\u0161et\u0159it\u00a0prostor, kter\u00fd m\u016f\u017eete vyu\u017e\u00edt na n\u011bco jin\u00e9ho, nap\u0159\u00edklad na prodlou\u017een\u00ed koupelny, a tak si dop\u0159\u00e1t prostor nap\u0159\u00edklad pro vanu.\u00a0 Syst\u00e9m RIMLESS zaru\u010duje hygienick\u00e9 splachov\u00e1n\u00ed [&hellip;]","og_url":"https:\/\/www.domkraftpro.com\/index.php\/produkt\/nejprodavanejsi-zavesne-wc-mexen-lena-rimless-bile-zlate-vzorovane-duroplast-sedatko-slim-30224009-22366\/","og_image":[{"width":1000,"height":799,"url":"https:\/\/www.domkraftpro.com\/wp-content\/uploads\/2026\/SK0006621-CZ20260425-093041-0-1777080643-export_1ka7-cz.webp","type":"image\/webp"}],"twitter_card":"summary_large_image","twitter_misc":{"Odhadovan\u00e1 doba \u010dten\u00ed":"2 minuty"},"schema":{"@context":"https:\/\/schema.org","@graph":[{"@type":"WebPage","@id":"https:\/\/www.domkraftpro.com\/index.php\/produkt\/nejprodavanejsi-zavesne-wc-mexen-lena-rimless-bile-zlate-vzorovane-duroplast-sedatko-slim-30224009-22366\/","url":"https:\/\/www.domkraftpro.com\/index.php\/produkt\/nejprodavanejsi-zavesne-wc-mexen-lena-rimless-bile-zlate-vzorovane-duroplast-sedatko-slim-30224009-22366\/","name":"Nejprod\u00e1van\u011bj\u0161\u00ed Z\u00e1v\u011bsn\u00e9 WC MEXEN LENA RIMLESS - b\u00edl\u00e9\/zlat\u00e9 vzorovan\u00e9 + Duroplast sed\u00e1tko slim, 30224009 -","isPartOf":{"@id":"https:\/\/www.domkraftpro.com\/#website"},"primaryImageOfPage":{"@id":"https:\/\/www.domkraftpro.com\/index.php\/produkt\/nejprodavanejsi-zavesne-wc-mexen-lena-rimless-bile-zlate-vzorovane-duroplast-sedatko-slim-30224009-22366\/#primaryimage"},"image":{"@id":"https:\/\/www.domkraftpro.com\/index.php\/produkt\/nejprodavanejsi-zavesne-wc-mexen-lena-rimless-bile-zlate-vzorovane-duroplast-sedatko-slim-30224009-22366\/#primaryimage"},"thumbnailUrl":"https:\/\/www.domkraftpro.com\/wp-content\/uploads\/2026\/SK0006621-CZ20260425-093041-0-1777080643-export_1ka7-cz.webp","datePublished":"2026-04-27T04:41:19+00:00","breadcrumb":{"@id":"https:\/\/www.domkraftpro.com\/index.php\/produkt\/nejprodavanejsi-zavesne-wc-mexen-lena-rimless-bile-zlate-vzorovane-duroplast-sedatko-slim-30224009-22366\/#breadcrumb"},"inLanguage":"cs","potentialAction":[{"@type":"ReadAction","target":["https:\/\/www.domkraftpro.com\/index.php\/produkt\/nejprodavanejsi-zavesne-wc-mexen-lena-rimless-bile-zlate-vzorovane-duroplast-sedatko-slim-30224009-22366\/"]}]},{"@type":"ImageObject","inLanguage":"cs","@id":"https:\/\/www.domkraftpro.com\/index.php\/produkt\/nejprodavanejsi-zavesne-wc-mexen-lena-rimless-bile-zlate-vzorovane-duroplast-sedatko-slim-30224009-22366\/#primaryimage","url":"https:\/\/www.domkraftpro.com\/wp-content\/uploads\/2026\/SK0006621-CZ20260425-093041-0-1777080643-export_1ka7-cz.webp","contentUrl":"https:\/\/www.domkraftpro.com\/wp-content\/uploads\/2026\/SK0006621-CZ20260425-093041-0-1777080643-export_1ka7-cz.webp","width":1000,"height":799},{"@type":"BreadcrumbList","@id":"https:\/\/www.domkraftpro.com\/index.php\/produkt\/nejprodavanejsi-zavesne-wc-mexen-lena-rimless-bile-zlate-vzorovane-duroplast-sedatko-slim-30224009-22366\/#breadcrumb","itemListElement":[{"@type":"ListItem","position":1,"name":"Home","item":"https:\/\/www.domkraftpro.com\/"},{"@type":"ListItem","position":2,"name":"Products","item":"https:\/\/www.domkraftpro.com\/index.php\/products\/"},{"@type":"ListItem","position":3,"name":"Nejprod\u00e1van\u011bj\u0161\u00ed Z\u00e1v\u011bsn\u00e9 WC MEXEN LENA RIMLESS &#8211; b\u00edl\u00e9\/zlat\u00e9 vzorovan\u00e9 + Duroplast sed\u00e1tko slim, 30224009"}]},{"@type":"WebSite","@id":"https:\/\/www.domkraftpro.com\/#website","url":"https:\/\/www.domkraftpro.com\/","name":"","description":"","potentialAction":[{"@type":"SearchAction","target":{"@type":"EntryPoint","urlTemplate":"https:\/\/www.domkraftpro.com\/?s={search_term_string}"},"query-input":{"@type":"PropertyValueSpecification","valueRequired":true,"valueName":"search_term_string"}}],"inLanguage":"cs"}]}},"_links":{"self":[{"href":"https:\/\/www.domkraftpro.com\/index.php\/wp-json\/wp\/v2\/product\/22366","targetHints":{"allow":["GET"]}}],"collection":[{"href":"https:\/\/www.domkraftpro.com\/index.php\/wp-json\/wp\/v2\/product"}],"about":[{"href":"https:\/\/www.domkraftpro.com\/index.php\/wp-json\/wp\/v2\/types\/product"}],"replies":[{"embeddable":true,"href":"https:\/\/www.domkraftpro.com\/index.php\/wp-json\/wp\/v2\/comments?post=22366"}],"wp:featuredmedia":[{"embeddable":true,"href":"https:\/\/www.domkraftpro.com\/index.php\/wp-json\/wp\/v2\/media\/22466"}],"wp:attachment":[{"href":"https:\/\/www.domkraftpro.com\/index.php\/wp-json\/wp\/v2\/media?parent=22366"}],"wp:term":[{"taxonomy":"product_brand","embeddable":true,"href":"https:\/\/www.domkraftpro.com\/index.php\/wp-json\/wp\/v2\/product_brand?post=22366"},{"taxonomy":"product_cat","embeddable":true,"href":"https:\/\/www.domkraftpro.com\/index.php\/wp-json\/wp\/v2\/product_cat?post=22366"},{"taxonomy":"product_tag","embeddable":true,"href":"https:\/\/www.domkraftpro.com\/index.php\/wp-json\/wp\/v2\/product_tag?post=22366"}],"curies":[{"name":"wp","href":"https:\/\/api.w.org\/{rel}","templated":true}]}}