{"id":22365,"date":"2026-04-27T04:41:19","date_gmt":"2026-04-27T04:41:19","guid":{"rendered":""},"modified":"2026-04-27T04:41:19","modified_gmt":"2026-04-27T04:41:19","slug":"sprchova-vanicka-mexen-slim-100x140-cm-cerna-40701014-akcni-nabidka-22365","status":"publish","type":"product","link":"https:\/\/www.domkraftpro.com\/index.php\/produkt\/sprchova-vanicka-mexen-slim-100x140-cm-cerna-40701014-akcni-nabidka-22365\/","title":{"rendered":"Sprchov\u00e1 vani\u010dka MEXEN SLIM 100&#215;140 cm &#8211; \u010dern\u00e1, 40701014 Ak\u010dn\u00ed Nab\u00eddka"},"content":{"rendered":"<div class=\"tabs__content-outer\" id=\"tab_description\" data-hash=\"description\" data-tabindex=\"-1\">\n<div class=\"tabs__content toggle_description\" id=\"content_description\">\n<div class=\"wysiwyg-content\">\n<div class=\"product__tab product__description full-width\">\n<div class=\"container\">\n<div >\n<h3>Sprchov\u00e1 vani\u010dka SLIM 100&#215;140 cm &#8211; \u010dern\u00e1<\/h3>\n<p><span style=\"font-family: verdana, geneva, sans-serif; font-size: 12pt;\"><strong>Vani\u010dka<\/strong>\u00a0je vyrobena ze stoprocentn\u00edho akryl\u00e1tov\u00e9ho polymeru \u0161pi\u010dkov\u00e9 kvality, kter\u00fd se velice snadno udr\u017euje.\u00a0<strong>Vani\u010dka<\/strong>\u00a0je univerz\u00e1ln\u00ed a lze ji pou\u017e\u00edt ke v\u0161em\u00a0<strong>sprchov\u00fdm kout\u016fm<\/strong> rozm\u011bru 100 x 140 cm. Samonosnou\u00a0<strong>akryl\u00e1tovou vani\u010dku<\/strong>\u00a0lze snadno instalovat na podlahu. <strong>Sifon nen\u00ed sou\u010d\u00e1st\u00ed balen\u00ed.<\/strong>\u00a0<\/span><\/p>\n<p><span style=\"font-family: verdana, geneva, sans-serif; font-size: 12pt;\">Rozm\u011br: 1000x1400x50 mm\u00a0<\/span><\/p>\n<\/div><\/div>\n<\/p><\/div>\n<\/p><\/div>\n<\/p><\/div>\n","protected":false},"excerpt":{"rendered":"<p>Sprchov\u00e1 vani\u010dka SLIM 100&#215;140 cm &#8211; \u010dern\u00e1 Vani\u010dka\u00a0je vyrobena ze stoprocentn\u00edho akryl\u00e1tov\u00e9ho polymeru \u0161pi\u010dkov\u00e9 kvality, kter\u00fd se velice snadno udr\u017euje.\u00a0Vani\u010dka\u00a0je univerz\u00e1ln\u00ed a lze ji pou\u017e\u00edt ke v\u0161em\u00a0sprchov\u00fdm kout\u016fm rozm\u011bru 100 x 140 cm. Samonosnou\u00a0akryl\u00e1tovou vani\u010dku\u00a0lze snadno instalovat na podlahu. Sifon nen\u00ed sou\u010d\u00e1st\u00ed balen\u00ed.\u00a0 Rozm\u011br: 1000x1400x50 mm\u00a0<\/p>\n","protected":false},"featured_media":22465,"comment_status":"open","ping_status":"open","template":"","meta":[],"product_brand":[],"product_cat":[95],"product_tag":[],"class_list":{"0":"post-22365","1":"product","2":"type-product","3":"status-publish","4":"has-post-thumbnail","6":"product_cat-koupelna","8":"first","9":"instock","10":"sale","11":"shipping-taxable","12":"purchasable","13":"product-type-simple"},"yoast_head":"<!-- This site is optimized with the Yoast SEO plugin v26.8 - https:\/\/yoast.com\/product\/yoast-seo-wordpress\/ -->\n<title>Sprchov\u00e1 vani\u010dka MEXEN SLIM 100x140 cm - \u010dern\u00e1, 40701014 Ak\u010dn\u00ed Nab\u00eddka -<\/title>\n<meta name=\"robots\" content=\"index, follow, max-snippet:-1, max-image-preview:large, max-video-preview:-1\" \/>\n<link rel=\"canonical\" href=\"https:\/\/www.domkraftpro.com\/index.php\/produkt\/sprchova-vanicka-mexen-slim-100x140-cm-cerna-40701014-akcni-nabidka-22365\/\" \/>\n<meta property=\"og:locale\" content=\"cs_CZ\" \/>\n<meta property=\"og:type\" content=\"article\" \/>\n<meta property=\"og:title\" content=\"Sprchov\u00e1 vani\u010dka MEXEN SLIM 100x140 cm - \u010dern\u00e1, 40701014 Ak\u010dn\u00ed Nab\u00eddka -\" \/>\n<meta property=\"og:description\" content=\"Sprchov\u00e1 vani\u010dka SLIM 100&#215;140 cm &#8211; \u010dern\u00e1 Vani\u010dka\u00a0je vyrobena ze stoprocentn\u00edho akryl\u00e1tov\u00e9ho polymeru \u0161pi\u010dkov\u00e9 kvality, kter\u00fd se velice snadno udr\u017euje.\u00a0Vani\u010dka\u00a0je univerz\u00e1ln\u00ed a lze ji pou\u017e\u00edt ke v\u0161em\u00a0sprchov\u00fdm kout\u016fm rozm\u011bru 100 x 140 cm. Samonosnou\u00a0akryl\u00e1tovou vani\u010dku\u00a0lze snadno instalovat na podlahu. Sifon nen\u00ed sou\u010d\u00e1st\u00ed balen\u00ed.\u00a0 Rozm\u011br: 1000x1400x50 mm\u00a0\" \/>\n<meta property=\"og:url\" content=\"https:\/\/www.domkraftpro.com\/index.php\/produkt\/sprchova-vanicka-mexen-slim-100x140-cm-cerna-40701014-akcni-nabidka-22365\/\" \/>\n<meta property=\"og:image\" content=\"https:\/\/www.domkraftpro.com\/wp-content\/uploads\/2026\/SK0006620-CZ20260425-093041-0-1777080643-export_q47x-z0.webp\" \/>\n\t<meta property=\"og:image:width\" content=\"1000\" \/>\n\t<meta property=\"og:image:height\" content=\"664\" \/>\n\t<meta property=\"og:image:type\" content=\"image\/webp\" \/>\n<meta name=\"twitter:card\" content=\"summary_large_image\" \/>\n<script type=\"application\/ld+json\" class=\"yoast-schema-graph\">{\"@context\":\"https:\/\/schema.org\",\"@graph\":[{\"@type\":\"WebPage\",\"@id\":\"https:\/\/www.domkraftpro.com\/index.php\/produkt\/sprchova-vanicka-mexen-slim-100x140-cm-cerna-40701014-akcni-nabidka-22365\/\",\"url\":\"https:\/\/www.domkraftpro.com\/index.php\/produkt\/sprchova-vanicka-mexen-slim-100x140-cm-cerna-40701014-akcni-nabidka-22365\/\",\"name\":\"Sprchov\u00e1 vani\u010dka MEXEN SLIM 100x140 cm - \u010dern\u00e1, 40701014 Ak\u010dn\u00ed Nab\u00eddka -\",\"isPartOf\":{\"@id\":\"https:\/\/www.domkraftpro.com\/#website\"},\"primaryImageOfPage\":{\"@id\":\"https:\/\/www.domkraftpro.com\/index.php\/produkt\/sprchova-vanicka-mexen-slim-100x140-cm-cerna-40701014-akcni-nabidka-22365\/#primaryimage\"},\"image\":{\"@id\":\"https:\/\/www.domkraftpro.com\/index.php\/produkt\/sprchova-vanicka-mexen-slim-100x140-cm-cerna-40701014-akcni-nabidka-22365\/#primaryimage\"},\"thumbnailUrl\":\"https:\/\/www.domkraftpro.com\/wp-content\/uploads\/2026\/SK0006620-CZ20260425-093041-0-1777080643-export_q47x-z0.webp\",\"datePublished\":\"2026-04-27T04:41:19+00:00\",\"breadcrumb\":{\"@id\":\"https:\/\/www.domkraftpro.com\/index.php\/produkt\/sprchova-vanicka-mexen-slim-100x140-cm-cerna-40701014-akcni-nabidka-22365\/#breadcrumb\"},\"inLanguage\":\"cs\",\"potentialAction\":[{\"@type\":\"ReadAction\",\"target\":[\"https:\/\/www.domkraftpro.com\/index.php\/produkt\/sprchova-vanicka-mexen-slim-100x140-cm-cerna-40701014-akcni-nabidka-22365\/\"]}]},{\"@type\":\"ImageObject\",\"inLanguage\":\"cs\",\"@id\":\"https:\/\/www.domkraftpro.com\/index.php\/produkt\/sprchova-vanicka-mexen-slim-100x140-cm-cerna-40701014-akcni-nabidka-22365\/#primaryimage\",\"url\":\"https:\/\/www.domkraftpro.com\/wp-content\/uploads\/2026\/SK0006620-CZ20260425-093041-0-1777080643-export_q47x-z0.webp\",\"contentUrl\":\"https:\/\/www.domkraftpro.com\/wp-content\/uploads\/2026\/SK0006620-CZ20260425-093041-0-1777080643-export_q47x-z0.webp\",\"width\":1000,\"height\":664},{\"@type\":\"BreadcrumbList\",\"@id\":\"https:\/\/www.domkraftpro.com\/index.php\/produkt\/sprchova-vanicka-mexen-slim-100x140-cm-cerna-40701014-akcni-nabidka-22365\/#breadcrumb\",\"itemListElement\":[{\"@type\":\"ListItem\",\"position\":1,\"name\":\"Home\",\"item\":\"https:\/\/www.domkraftpro.com\/\"},{\"@type\":\"ListItem\",\"position\":2,\"name\":\"Products\",\"item\":\"https:\/\/www.domkraftpro.com\/index.php\/products\/\"},{\"@type\":\"ListItem\",\"position\":3,\"name\":\"Sprchov\u00e1 vani\u010dka MEXEN SLIM 100&#215;140 cm &#8211; \u010dern\u00e1, 40701014 Ak\u010dn\u00ed Nab\u00eddka\"}]},{\"@type\":\"WebSite\",\"@id\":\"https:\/\/www.domkraftpro.com\/#website\",\"url\":\"https:\/\/www.domkraftpro.com\/\",\"name\":\"\",\"description\":\"\",\"potentialAction\":[{\"@type\":\"SearchAction\",\"target\":{\"@type\":\"EntryPoint\",\"urlTemplate\":\"https:\/\/www.domkraftpro.com\/?s={search_term_string}\"},\"query-input\":{\"@type\":\"PropertyValueSpecification\",\"valueRequired\":true,\"valueName\":\"search_term_string\"}}],\"inLanguage\":\"cs\"}]}<\/script>\n<!-- \/ Yoast SEO plugin. -->","yoast_head_json":{"title":"Sprchov\u00e1 vani\u010dka MEXEN SLIM 100x140 cm - \u010dern\u00e1, 40701014 Ak\u010dn\u00ed Nab\u00eddka -","robots":{"index":"index","follow":"follow","max-snippet":"max-snippet:-1","max-image-preview":"max-image-preview:large","max-video-preview":"max-video-preview:-1"},"canonical":"https:\/\/www.domkraftpro.com\/index.php\/produkt\/sprchova-vanicka-mexen-slim-100x140-cm-cerna-40701014-akcni-nabidka-22365\/","og_locale":"cs_CZ","og_type":"article","og_title":"Sprchov\u00e1 vani\u010dka MEXEN SLIM 100x140 cm - \u010dern\u00e1, 40701014 Ak\u010dn\u00ed Nab\u00eddka -","og_description":"Sprchov\u00e1 vani\u010dka SLIM 100&#215;140 cm &#8211; \u010dern\u00e1 Vani\u010dka\u00a0je vyrobena ze stoprocentn\u00edho akryl\u00e1tov\u00e9ho polymeru \u0161pi\u010dkov\u00e9 kvality, kter\u00fd se velice snadno udr\u017euje.\u00a0Vani\u010dka\u00a0je univerz\u00e1ln\u00ed a lze ji pou\u017e\u00edt ke v\u0161em\u00a0sprchov\u00fdm kout\u016fm rozm\u011bru 100 x 140 cm. Samonosnou\u00a0akryl\u00e1tovou vani\u010dku\u00a0lze snadno instalovat na podlahu. Sifon nen\u00ed sou\u010d\u00e1st\u00ed balen\u00ed.\u00a0 Rozm\u011br: 1000x1400x50 mm\u00a0","og_url":"https:\/\/www.domkraftpro.com\/index.php\/produkt\/sprchova-vanicka-mexen-slim-100x140-cm-cerna-40701014-akcni-nabidka-22365\/","og_image":[{"width":1000,"height":664,"url":"https:\/\/www.domkraftpro.com\/wp-content\/uploads\/2026\/SK0006620-CZ20260425-093041-0-1777080643-export_q47x-z0.webp","type":"image\/webp"}],"twitter_card":"summary_large_image","schema":{"@context":"https:\/\/schema.org","@graph":[{"@type":"WebPage","@id":"https:\/\/www.domkraftpro.com\/index.php\/produkt\/sprchova-vanicka-mexen-slim-100x140-cm-cerna-40701014-akcni-nabidka-22365\/","url":"https:\/\/www.domkraftpro.com\/index.php\/produkt\/sprchova-vanicka-mexen-slim-100x140-cm-cerna-40701014-akcni-nabidka-22365\/","name":"Sprchov\u00e1 vani\u010dka MEXEN SLIM 100x140 cm - \u010dern\u00e1, 40701014 Ak\u010dn\u00ed Nab\u00eddka -","isPartOf":{"@id":"https:\/\/www.domkraftpro.com\/#website"},"primaryImageOfPage":{"@id":"https:\/\/www.domkraftpro.com\/index.php\/produkt\/sprchova-vanicka-mexen-slim-100x140-cm-cerna-40701014-akcni-nabidka-22365\/#primaryimage"},"image":{"@id":"https:\/\/www.domkraftpro.com\/index.php\/produkt\/sprchova-vanicka-mexen-slim-100x140-cm-cerna-40701014-akcni-nabidka-22365\/#primaryimage"},"thumbnailUrl":"https:\/\/www.domkraftpro.com\/wp-content\/uploads\/2026\/SK0006620-CZ20260425-093041-0-1777080643-export_q47x-z0.webp","datePublished":"2026-04-27T04:41:19+00:00","breadcrumb":{"@id":"https:\/\/www.domkraftpro.com\/index.php\/produkt\/sprchova-vanicka-mexen-slim-100x140-cm-cerna-40701014-akcni-nabidka-22365\/#breadcrumb"},"inLanguage":"cs","potentialAction":[{"@type":"ReadAction","target":["https:\/\/www.domkraftpro.com\/index.php\/produkt\/sprchova-vanicka-mexen-slim-100x140-cm-cerna-40701014-akcni-nabidka-22365\/"]}]},{"@type":"ImageObject","inLanguage":"cs","@id":"https:\/\/www.domkraftpro.com\/index.php\/produkt\/sprchova-vanicka-mexen-slim-100x140-cm-cerna-40701014-akcni-nabidka-22365\/#primaryimage","url":"https:\/\/www.domkraftpro.com\/wp-content\/uploads\/2026\/SK0006620-CZ20260425-093041-0-1777080643-export_q47x-z0.webp","contentUrl":"https:\/\/www.domkraftpro.com\/wp-content\/uploads\/2026\/SK0006620-CZ20260425-093041-0-1777080643-export_q47x-z0.webp","width":1000,"height":664},{"@type":"BreadcrumbList","@id":"https:\/\/www.domkraftpro.com\/index.php\/produkt\/sprchova-vanicka-mexen-slim-100x140-cm-cerna-40701014-akcni-nabidka-22365\/#breadcrumb","itemListElement":[{"@type":"ListItem","position":1,"name":"Home","item":"https:\/\/www.domkraftpro.com\/"},{"@type":"ListItem","position":2,"name":"Products","item":"https:\/\/www.domkraftpro.com\/index.php\/products\/"},{"@type":"ListItem","position":3,"name":"Sprchov\u00e1 vani\u010dka MEXEN SLIM 100&#215;140 cm &#8211; \u010dern\u00e1, 40701014 Ak\u010dn\u00ed Nab\u00eddka"}]},{"@type":"WebSite","@id":"https:\/\/www.domkraftpro.com\/#website","url":"https:\/\/www.domkraftpro.com\/","name":"","description":"","potentialAction":[{"@type":"SearchAction","target":{"@type":"EntryPoint","urlTemplate":"https:\/\/www.domkraftpro.com\/?s={search_term_string}"},"query-input":{"@type":"PropertyValueSpecification","valueRequired":true,"valueName":"search_term_string"}}],"inLanguage":"cs"}]}},"_links":{"self":[{"href":"https:\/\/www.domkraftpro.com\/index.php\/wp-json\/wp\/v2\/product\/22365","targetHints":{"allow":["GET"]}}],"collection":[{"href":"https:\/\/www.domkraftpro.com\/index.php\/wp-json\/wp\/v2\/product"}],"about":[{"href":"https:\/\/www.domkraftpro.com\/index.php\/wp-json\/wp\/v2\/types\/product"}],"replies":[{"embeddable":true,"href":"https:\/\/www.domkraftpro.com\/index.php\/wp-json\/wp\/v2\/comments?post=22365"}],"wp:featuredmedia":[{"embeddable":true,"href":"https:\/\/www.domkraftpro.com\/index.php\/wp-json\/wp\/v2\/media\/22465"}],"wp:attachment":[{"href":"https:\/\/www.domkraftpro.com\/index.php\/wp-json\/wp\/v2\/media?parent=22365"}],"wp:term":[{"taxonomy":"product_brand","embeddable":true,"href":"https:\/\/www.domkraftpro.com\/index.php\/wp-json\/wp\/v2\/product_brand?post=22365"},{"taxonomy":"product_cat","embeddable":true,"href":"https:\/\/www.domkraftpro.com\/index.php\/wp-json\/wp\/v2\/product_cat?post=22365"},{"taxonomy":"product_tag","embeddable":true,"href":"https:\/\/www.domkraftpro.com\/index.php\/wp-json\/wp\/v2\/product_tag?post=22365"}],"curies":[{"name":"wp","href":"https:\/\/api.w.org\/{rel}","templated":true}]}}