{"id":22139,"date":"2026-04-27T04:41:19","date_gmt":"2026-04-27T04:41:19","guid":{"rendered":""},"modified":"2026-04-27T04:41:19","modified_gmt":"2026-04-27T04:41:19","slug":"akce-novaservis-nobless-tina-sprchova-baterie-podomitkova-bila-chrom-38050-1-22139","status":"publish","type":"product","link":"https:\/\/www.domkraftpro.com\/index.php\/produkt\/akce-novaservis-nobless-tina-sprchova-baterie-podomitkova-bila-chrom-38050-1-22139\/","title":{"rendered":"Akce Novaservis Nobless Tina Sprchov\u00e1 baterie podom\u00edtkov\u00e1 b\u00edl\u00e1\/chrom 38050,1"},"content":{"rendered":"<div class=\"ProductDetail-content NoFixImageContainer\" id=\"productDescription\">\n<div class=\"Heading\">\n<h2 class=\"Heading-title\">Popis produktu <span class=''>Novaservis Nobless Tina Sprchov\u00e1 baterie podom\u00edtkov\u00e1 b\u00edl\u00e1\/chrom 38050,1<\/span><\/h2>\n<\/p><\/div>\n<div class=\"ProductDetailContent\">                                                                    <\/div>\n<div class=\"ProductDetailContent\">\n<div class=\"ProductDetailContent-item\">                                            Kvalitn\u00ed a odoln\u00e1 keramick\u00e1 kartu\u0161e 35 mm <b>s\u00a0prodlou\u017eenou z\u00e1rukou\u00a05\u00a0let<\/b>. Prvot\u0159\u00eddn\u00ed chromov\u00e9 proveden\u00ed. Sprchov\u00e1 podom\u00edtkov\u00e1 baterie s 1 v\u00fdvodem. Baterie obsahuje podom\u00edtkov\u00e9 p\u0159ipojen\u00ed 1\/2\u201c.<\/p>\n<p>K tomuto produktu V\u00e1m r\u00e1di nab\u00eddneme b\u00edl\u00e9 koupelnov\u00e9 dopl\u0148ky.                                        <\/p><\/div>\n<div class=\"ProductDetailContent-item\">\n<ul>\n<li>Hloubka krabice [mm]: <strong>200 mm<\/strong><\/li>\n<li>\u0160\u00ed\u0159ka krabice [mm]: <strong>100 mm<\/strong><\/li>\n<li>V\u00fd\u0161ka krabice [mm]: <strong>150 mm<\/strong><\/li>\n<li>Proveden\u00ed: <strong>b\u00edl\u00e1-chrom<\/strong><\/li>\n<li>V\u00fd\u0161ka [mm]: <strong>160 mm<\/strong><\/li>\n<li>\u0160\u00ed\u0159ka [mm]: <strong>160 mm<\/strong><\/li>\n<li>Hloubka [mm]: <strong>100 mm<\/strong><\/li>\n<li>Z\u00e1ruka na t\u011bsnost kartu\u0161e [rok]: <strong>5 rok<\/strong><\/li>\n<li>Pr\u016ftok p\u0159i dynamick\u00e9m tlaku 3 bary &#8211; v\u00fdvod [l\/m]: <strong>27 l\/m<\/strong><\/li>\n<li>Typ kartu\u0161e: <strong>35 mm<\/strong><\/li>\n<li>P\u0159\u00edslu\u0161enstv\u00ed: <strong>1 v\u00fdvod<\/strong><\/li>\n<\/ul><\/div>\n<div class=\"ProductDetailContent-item\">                                            Koncept B\u00cdL\u00c1\/CHROM p\u016fsob\u00ed opravdu LUXUSN\u011a. Dokonal\u00e9 k\u0159ivky ze s\u00e9rie TINA \u00fa\u017easn\u011b vyniknou v b\u00edl\u00e9 barv\u011b. Obl\u00edben\u00fd vzhled a \u0161pi\u010dkov\u00e1 kvalita. L\u00edbiv\u00fd a modern\u00ed design rovn\u00fdch a obl\u00fdch hran. <\/p><\/div>\n<\/p><\/div>\n<\/p><\/div>\n<\/p><\/div>\n<\/p><\/div>\n","protected":false},"excerpt":{"rendered":"<p>Popis produktu Novaservis Nobless Tina Sprchov\u00e1 baterie podom\u00edtkov\u00e1 b\u00edl\u00e1\/chrom 38050,1 Kvalitn\u00ed a odoln\u00e1 keramick\u00e1 kartu\u0161e 35 mm s\u00a0prodlou\u017eenou z\u00e1rukou\u00a05\u00a0let. Prvot\u0159\u00eddn\u00ed chromov\u00e9 proveden\u00ed. Sprchov\u00e1 podom\u00edtkov\u00e1 baterie s 1 v\u00fdvodem. Baterie obsahuje podom\u00edtkov\u00e9 p\u0159ipojen\u00ed 1\/2\u201c. K tomuto produktu V\u00e1m r\u00e1di nab\u00eddneme b\u00edl\u00e9 koupelnov\u00e9 dopl\u0148ky. Hloubka krabice [mm]: 200 mm \u0160\u00ed\u0159ka krabice [mm]: 100 mm V\u00fd\u0161ka krabice [mm]: [&hellip;]<\/p>\n","protected":false},"featured_media":22239,"comment_status":"open","ping_status":"open","template":"","meta":[],"product_brand":[],"product_cat":[90],"product_tag":[],"class_list":{"0":"post-22139","1":"product","2":"type-product","3":"status-publish","4":"has-post-thumbnail","6":"product_cat-koupelny","8":"first","9":"instock","10":"sale","11":"shipping-taxable","12":"purchasable","13":"product-type-simple"},"yoast_head":"<!-- This site is optimized with the Yoast SEO plugin v26.8 - https:\/\/yoast.com\/product\/yoast-seo-wordpress\/ -->\n<title>Akce Novaservis Nobless Tina Sprchov\u00e1 baterie podom\u00edtkov\u00e1 b\u00edl\u00e1\/chrom 38050,1 -<\/title>\n<meta name=\"robots\" content=\"index, follow, max-snippet:-1, max-image-preview:large, max-video-preview:-1\" \/>\n<link rel=\"canonical\" href=\"https:\/\/www.domkraftpro.com\/index.php\/produkt\/akce-novaservis-nobless-tina-sprchova-baterie-podomitkova-bila-chrom-38050-1-22139\/\" \/>\n<meta property=\"og:locale\" content=\"cs_CZ\" \/>\n<meta property=\"og:type\" content=\"article\" \/>\n<meta property=\"og:title\" content=\"Akce Novaservis Nobless Tina Sprchov\u00e1 baterie podom\u00edtkov\u00e1 b\u00edl\u00e1\/chrom 38050,1 -\" \/>\n<meta property=\"og:description\" content=\"Popis produktu Novaservis Nobless Tina Sprchov\u00e1 baterie podom\u00edtkov\u00e1 b\u00edl\u00e1\/chrom 38050,1 Kvalitn\u00ed a odoln\u00e1 keramick\u00e1 kartu\u0161e 35 mm s\u00a0prodlou\u017eenou z\u00e1rukou\u00a05\u00a0let. Prvot\u0159\u00eddn\u00ed chromov\u00e9 proveden\u00ed. Sprchov\u00e1 podom\u00edtkov\u00e1 baterie s 1 v\u00fdvodem. Baterie obsahuje podom\u00edtkov\u00e9 p\u0159ipojen\u00ed 1\/2\u201c. K tomuto produktu V\u00e1m r\u00e1di nab\u00eddneme b\u00edl\u00e9 koupelnov\u00e9 dopl\u0148ky. Hloubka krabice [mm]: 200 mm \u0160\u00ed\u0159ka krabice [mm]: 100 mm V\u00fd\u0161ka krabice [mm]: [&hellip;]\" \/>\n<meta property=\"og:url\" content=\"https:\/\/www.domkraftpro.com\/index.php\/produkt\/akce-novaservis-nobless-tina-sprchova-baterie-podomitkova-bila-chrom-38050-1-22139\/\" \/>\n<meta property=\"og:image\" content=\"https:\/\/www.domkraftpro.com\/wp-content\/uploads\/2026\/SK0008337-CZ20260425-092632-0-1777080397-novaservis-nobless-tina-sprchova-baterie-podomitkova-bila-c.webp\" \/>\n\t<meta property=\"og:image:width\" content=\"500\" \/>\n\t<meta property=\"og:image:height\" content=\"600\" \/>\n\t<meta property=\"og:image:type\" content=\"image\/webp\" \/>\n<meta name=\"twitter:card\" content=\"summary_large_image\" \/>\n<meta name=\"twitter:label1\" content=\"Odhadovan\u00e1 doba \u010dten\u00ed\" \/>\n\t<meta name=\"twitter:data1\" content=\"1 minuta\" \/>\n<script type=\"application\/ld+json\" class=\"yoast-schema-graph\">{\"@context\":\"https:\/\/schema.org\",\"@graph\":[{\"@type\":\"WebPage\",\"@id\":\"https:\/\/www.domkraftpro.com\/index.php\/produkt\/akce-novaservis-nobless-tina-sprchova-baterie-podomitkova-bila-chrom-38050-1-22139\/\",\"url\":\"https:\/\/www.domkraftpro.com\/index.php\/produkt\/akce-novaservis-nobless-tina-sprchova-baterie-podomitkova-bila-chrom-38050-1-22139\/\",\"name\":\"Akce Novaservis Nobless Tina Sprchov\u00e1 baterie podom\u00edtkov\u00e1 b\u00edl\u00e1\/chrom 38050,1 -\",\"isPartOf\":{\"@id\":\"https:\/\/www.domkraftpro.com\/#website\"},\"primaryImageOfPage\":{\"@id\":\"https:\/\/www.domkraftpro.com\/index.php\/produkt\/akce-novaservis-nobless-tina-sprchova-baterie-podomitkova-bila-chrom-38050-1-22139\/#primaryimage\"},\"image\":{\"@id\":\"https:\/\/www.domkraftpro.com\/index.php\/produkt\/akce-novaservis-nobless-tina-sprchova-baterie-podomitkova-bila-chrom-38050-1-22139\/#primaryimage\"},\"thumbnailUrl\":\"https:\/\/www.domkraftpro.com\/wp-content\/uploads\/2026\/SK0008337-CZ20260425-092632-0-1777080397-novaservis-nobless-tina-sprchova-baterie-podomitkova-bila-c.webp\",\"datePublished\":\"2026-04-27T04:41:19+00:00\",\"breadcrumb\":{\"@id\":\"https:\/\/www.domkraftpro.com\/index.php\/produkt\/akce-novaservis-nobless-tina-sprchova-baterie-podomitkova-bila-chrom-38050-1-22139\/#breadcrumb\"},\"inLanguage\":\"cs\",\"potentialAction\":[{\"@type\":\"ReadAction\",\"target\":[\"https:\/\/www.domkraftpro.com\/index.php\/produkt\/akce-novaservis-nobless-tina-sprchova-baterie-podomitkova-bila-chrom-38050-1-22139\/\"]}]},{\"@type\":\"ImageObject\",\"inLanguage\":\"cs\",\"@id\":\"https:\/\/www.domkraftpro.com\/index.php\/produkt\/akce-novaservis-nobless-tina-sprchova-baterie-podomitkova-bila-chrom-38050-1-22139\/#primaryimage\",\"url\":\"https:\/\/www.domkraftpro.com\/wp-content\/uploads\/2026\/SK0008337-CZ20260425-092632-0-1777080397-novaservis-nobless-tina-sprchova-baterie-podomitkova-bila-c.webp\",\"contentUrl\":\"https:\/\/www.domkraftpro.com\/wp-content\/uploads\/2026\/SK0008337-CZ20260425-092632-0-1777080397-novaservis-nobless-tina-sprchova-baterie-podomitkova-bila-c.webp\",\"width\":500,\"height\":600},{\"@type\":\"BreadcrumbList\",\"@id\":\"https:\/\/www.domkraftpro.com\/index.php\/produkt\/akce-novaservis-nobless-tina-sprchova-baterie-podomitkova-bila-chrom-38050-1-22139\/#breadcrumb\",\"itemListElement\":[{\"@type\":\"ListItem\",\"position\":1,\"name\":\"Home\",\"item\":\"https:\/\/www.domkraftpro.com\/\"},{\"@type\":\"ListItem\",\"position\":2,\"name\":\"Products\",\"item\":\"https:\/\/www.domkraftpro.com\/index.php\/products\/\"},{\"@type\":\"ListItem\",\"position\":3,\"name\":\"Akce Novaservis Nobless Tina Sprchov\u00e1 baterie podom\u00edtkov\u00e1 b\u00edl\u00e1\/chrom 38050,1\"}]},{\"@type\":\"WebSite\",\"@id\":\"https:\/\/www.domkraftpro.com\/#website\",\"url\":\"https:\/\/www.domkraftpro.com\/\",\"name\":\"\",\"description\":\"\",\"potentialAction\":[{\"@type\":\"SearchAction\",\"target\":{\"@type\":\"EntryPoint\",\"urlTemplate\":\"https:\/\/www.domkraftpro.com\/?s={search_term_string}\"},\"query-input\":{\"@type\":\"PropertyValueSpecification\",\"valueRequired\":true,\"valueName\":\"search_term_string\"}}],\"inLanguage\":\"cs\"}]}<\/script>\n<!-- \/ Yoast SEO plugin. -->","yoast_head_json":{"title":"Akce Novaservis Nobless Tina Sprchov\u00e1 baterie podom\u00edtkov\u00e1 b\u00edl\u00e1\/chrom 38050,1 -","robots":{"index":"index","follow":"follow","max-snippet":"max-snippet:-1","max-image-preview":"max-image-preview:large","max-video-preview":"max-video-preview:-1"},"canonical":"https:\/\/www.domkraftpro.com\/index.php\/produkt\/akce-novaservis-nobless-tina-sprchova-baterie-podomitkova-bila-chrom-38050-1-22139\/","og_locale":"cs_CZ","og_type":"article","og_title":"Akce Novaservis Nobless Tina Sprchov\u00e1 baterie podom\u00edtkov\u00e1 b\u00edl\u00e1\/chrom 38050,1 -","og_description":"Popis produktu Novaservis Nobless Tina Sprchov\u00e1 baterie podom\u00edtkov\u00e1 b\u00edl\u00e1\/chrom 38050,1 Kvalitn\u00ed a odoln\u00e1 keramick\u00e1 kartu\u0161e 35 mm s\u00a0prodlou\u017eenou z\u00e1rukou\u00a05\u00a0let. Prvot\u0159\u00eddn\u00ed chromov\u00e9 proveden\u00ed. Sprchov\u00e1 podom\u00edtkov\u00e1 baterie s 1 v\u00fdvodem. Baterie obsahuje podom\u00edtkov\u00e9 p\u0159ipojen\u00ed 1\/2\u201c. K tomuto produktu V\u00e1m r\u00e1di nab\u00eddneme b\u00edl\u00e9 koupelnov\u00e9 dopl\u0148ky. Hloubka krabice [mm]: 200 mm \u0160\u00ed\u0159ka krabice [mm]: 100 mm V\u00fd\u0161ka krabice [mm]: [&hellip;]","og_url":"https:\/\/www.domkraftpro.com\/index.php\/produkt\/akce-novaservis-nobless-tina-sprchova-baterie-podomitkova-bila-chrom-38050-1-22139\/","og_image":[{"width":500,"height":600,"url":"https:\/\/www.domkraftpro.com\/wp-content\/uploads\/2026\/SK0008337-CZ20260425-092632-0-1777080397-novaservis-nobless-tina-sprchova-baterie-podomitkova-bila-c.webp","type":"image\/webp"}],"twitter_card":"summary_large_image","twitter_misc":{"Odhadovan\u00e1 doba \u010dten\u00ed":"1 minuta"},"schema":{"@context":"https:\/\/schema.org","@graph":[{"@type":"WebPage","@id":"https:\/\/www.domkraftpro.com\/index.php\/produkt\/akce-novaservis-nobless-tina-sprchova-baterie-podomitkova-bila-chrom-38050-1-22139\/","url":"https:\/\/www.domkraftpro.com\/index.php\/produkt\/akce-novaservis-nobless-tina-sprchova-baterie-podomitkova-bila-chrom-38050-1-22139\/","name":"Akce Novaservis Nobless Tina Sprchov\u00e1 baterie podom\u00edtkov\u00e1 b\u00edl\u00e1\/chrom 38050,1 -","isPartOf":{"@id":"https:\/\/www.domkraftpro.com\/#website"},"primaryImageOfPage":{"@id":"https:\/\/www.domkraftpro.com\/index.php\/produkt\/akce-novaservis-nobless-tina-sprchova-baterie-podomitkova-bila-chrom-38050-1-22139\/#primaryimage"},"image":{"@id":"https:\/\/www.domkraftpro.com\/index.php\/produkt\/akce-novaservis-nobless-tina-sprchova-baterie-podomitkova-bila-chrom-38050-1-22139\/#primaryimage"},"thumbnailUrl":"https:\/\/www.domkraftpro.com\/wp-content\/uploads\/2026\/SK0008337-CZ20260425-092632-0-1777080397-novaservis-nobless-tina-sprchova-baterie-podomitkova-bila-c.webp","datePublished":"2026-04-27T04:41:19+00:00","breadcrumb":{"@id":"https:\/\/www.domkraftpro.com\/index.php\/produkt\/akce-novaservis-nobless-tina-sprchova-baterie-podomitkova-bila-chrom-38050-1-22139\/#breadcrumb"},"inLanguage":"cs","potentialAction":[{"@type":"ReadAction","target":["https:\/\/www.domkraftpro.com\/index.php\/produkt\/akce-novaservis-nobless-tina-sprchova-baterie-podomitkova-bila-chrom-38050-1-22139\/"]}]},{"@type":"ImageObject","inLanguage":"cs","@id":"https:\/\/www.domkraftpro.com\/index.php\/produkt\/akce-novaservis-nobless-tina-sprchova-baterie-podomitkova-bila-chrom-38050-1-22139\/#primaryimage","url":"https:\/\/www.domkraftpro.com\/wp-content\/uploads\/2026\/SK0008337-CZ20260425-092632-0-1777080397-novaservis-nobless-tina-sprchova-baterie-podomitkova-bila-c.webp","contentUrl":"https:\/\/www.domkraftpro.com\/wp-content\/uploads\/2026\/SK0008337-CZ20260425-092632-0-1777080397-novaservis-nobless-tina-sprchova-baterie-podomitkova-bila-c.webp","width":500,"height":600},{"@type":"BreadcrumbList","@id":"https:\/\/www.domkraftpro.com\/index.php\/produkt\/akce-novaservis-nobless-tina-sprchova-baterie-podomitkova-bila-chrom-38050-1-22139\/#breadcrumb","itemListElement":[{"@type":"ListItem","position":1,"name":"Home","item":"https:\/\/www.domkraftpro.com\/"},{"@type":"ListItem","position":2,"name":"Products","item":"https:\/\/www.domkraftpro.com\/index.php\/products\/"},{"@type":"ListItem","position":3,"name":"Akce Novaservis Nobless Tina Sprchov\u00e1 baterie podom\u00edtkov\u00e1 b\u00edl\u00e1\/chrom 38050,1"}]},{"@type":"WebSite","@id":"https:\/\/www.domkraftpro.com\/#website","url":"https:\/\/www.domkraftpro.com\/","name":"","description":"","potentialAction":[{"@type":"SearchAction","target":{"@type":"EntryPoint","urlTemplate":"https:\/\/www.domkraftpro.com\/?s={search_term_string}"},"query-input":{"@type":"PropertyValueSpecification","valueRequired":true,"valueName":"search_term_string"}}],"inLanguage":"cs"}]}},"_links":{"self":[{"href":"https:\/\/www.domkraftpro.com\/index.php\/wp-json\/wp\/v2\/product\/22139","targetHints":{"allow":["GET"]}}],"collection":[{"href":"https:\/\/www.domkraftpro.com\/index.php\/wp-json\/wp\/v2\/product"}],"about":[{"href":"https:\/\/www.domkraftpro.com\/index.php\/wp-json\/wp\/v2\/types\/product"}],"replies":[{"embeddable":true,"href":"https:\/\/www.domkraftpro.com\/index.php\/wp-json\/wp\/v2\/comments?post=22139"}],"wp:featuredmedia":[{"embeddable":true,"href":"https:\/\/www.domkraftpro.com\/index.php\/wp-json\/wp\/v2\/media\/22239"}],"wp:attachment":[{"href":"https:\/\/www.domkraftpro.com\/index.php\/wp-json\/wp\/v2\/media?parent=22139"}],"wp:term":[{"taxonomy":"product_brand","embeddable":true,"href":"https:\/\/www.domkraftpro.com\/index.php\/wp-json\/wp\/v2\/product_brand?post=22139"},{"taxonomy":"product_cat","embeddable":true,"href":"https:\/\/www.domkraftpro.com\/index.php\/wp-json\/wp\/v2\/product_cat?post=22139"},{"taxonomy":"product_tag","embeddable":true,"href":"https:\/\/www.domkraftpro.com\/index.php\/wp-json\/wp\/v2\/product_tag?post=22139"}],"curies":[{"name":"wp","href":"https:\/\/api.w.org\/{rel}","templated":true}]}}