{"id":21910,"date":"2026-04-27T04:41:18","date_gmt":"2026-04-27T04:41:18","guid":{"rendered":""},"modified":"2026-04-27T04:41:18","modified_gmt":"2026-04-27T04:41:18","slug":"znackovy-topny-zebrik-do-koupelny-elektricky-korado-koralux-linear-max-e-1820x600mm-1000-w-bila-21910","status":"publish","type":"product","link":"https:\/\/www.domkraftpro.com\/index.php\/produkt\/znackovy-topny-zebrik-do-koupelny-elektricky-korado-koralux-linear-max-e-1820x600mm-1000-w-bila-21910\/","title":{"rendered":"Zna\u010dkov\u00fd Topn\u00fd \u017eeb\u0159\u00edk do koupelny elektrick\u00fd Korado Koralux Linear Max-E 1820x600mm 1000 W b\u00edl\u00e1"},"content":{"rendered":"<div class=\"ProductDetail-content NoFixImageContainer\" id=\"productDescription\">\n<div class=\"Heading\">\n<h2 class=\"Heading-title\">Popis produktu <span class=''>Topn\u00fd \u017eeb\u0159\u00edk do koupelny elektrick\u00fd Korado Koralux Linear Max-E 1820x600mm 1000 W b\u00edl\u00e1<\/span><\/h2>\n<\/p><\/div>\n<div class=\"ProductDetailContent\">\n<p><span style=\"color:rgb(0, 0, 0)\"><span style=\"font-family:arial,helvetica,sans-serif\"><span style=\"font-size:16px\">Trubkov&aacute; otopn&aacute; t\u011blesa KORALUX LINEAR MAX -E jsou vyr&aacute;b\u011bna jako samostatn&aacute; p\u0159&iacute;motopn&aacute; elektrick&aacute; otopn&aacute; t\u011blesa. Jsou osazena elektrick&yacute;m topn&yacute;m t\u011blesem vybaven&yacute;m omezova\u010dem teploty a napln\u011bna nemrznouc&iacute; sm\u011bs&iacute;, co\u017e umo\u017e\u0148uje pou\u017eit&iacute; v objektech s p\u0159edpokl&aacute;dan&yacute;m poklesem teploty do -10 &deg;C.<\/span><\/span><\/span><\/p>\n<p><span style=\"color:rgb(0, 0, 0)\"><span style=\"font-family:arial,helvetica,sans-serif\"><span style=\"font-size:16px\"><strong>Technick&eacute; parametry (v&scaron;eobecn&eacute;):<\/strong><\/span><\/span><\/span><\/p>\n<ul>\n<li><span style=\"color:rgb(0, 0, 0)\"><span style=\"font-family:arial,helvetica,sans-serif\"><span style=\"font-size:16px\">Hloubka B 35 mm<\/span><\/span><\/span><\/li>\n<li><span style=\"color:rgb(0, 0, 0)\"><span style=\"font-family:arial,helvetica,sans-serif\"><span style=\"font-size:16px\">P\u0159ipojovac&iacute; rozte\u010d H=L 50 mm<\/span><\/span><\/span><\/li>\n<li><span style=\"color:rgb(0, 0, 0)\"><span style=\"font-family:arial,helvetica,sans-serif\"><span style=\"font-size:16px\">P\u0159ipojovac&iacute; z&aacute;vit 4 &times; G&frac12; vnit\u0159n&iacute;<\/span><\/span><\/span><\/li>\n<li><span style=\"color:rgb(0, 0, 0)\"><span style=\"font-family:arial,helvetica,sans-serif\"><span style=\"font-size:16px\">Nejvy&scaron;&scaron;&iacute; p\u0159&iacute;pustn&yacute; provozn&iacute; p\u0159etlak 1,0 MPa<\/span><\/span><\/span><\/li>\n<li><span style=\"color:rgb(0, 0, 0)\"><span style=\"font-family:arial,helvetica,sans-serif\"><span style=\"font-size:16px\">Zku&scaron;ebn&iacute; p\u0159etlak 1,3 MPa<\/span><\/span><\/span><\/li>\n<li><span style=\"color:rgb(0, 0, 0)\"><span style=\"font-family:arial,helvetica,sans-serif\"><span style=\"font-size:16px\">Nejvy&scaron;&scaron;&iacute; p\u0159&iacute;pustn&aacute; provozn&iacute; teplota 110 &deg;C<\/span><\/span><\/span><\/li>\n<li><span style=\"color:rgb(0, 0, 0)\"><span style=\"font-family:arial,helvetica,sans-serif\"><span style=\"font-size:16px\">Pr\u016ftokov&yacute; sou\u010dinitel AT = 2,1 &times; 10-4 m<\/span><\/span><\/span><\/li>\n<li><span style=\"color:rgb(0, 0, 0)\"><span style=\"font-family:arial,helvetica,sans-serif\"><span style=\"font-size:16px\">Sou\u010dinitel odporu (DN 15) &xi;T = 1,8<\/span><\/span><\/span><\/li>\n<li><span style=\"color:rgb(0, 0, 0)\"><span style=\"font-family:arial,helvetica,sans-serif\"><span style=\"font-size:16px\">ocelov&eacute; trubky &Oslash; 24mm<\/span><\/span><\/span><\/li>\n<\/ul>\n<p><span style=\"color:rgb(0, 0, 0)\"><span style=\"font-family:arial,helvetica,sans-serif\"><span style=\"font-size:16px\">P\u0159&iacute;motopn&aacute; elektrick&aacute; t\u011blesa KORALUX LINEAR MAX &#8211; E mohou b&yacute;t instalov&aacute;na pouze ve svisl&eacute; poloze a nevy\u017eaduj&iacute; p\u0159i provozu expanzn&iacute; ani pojistn&eacute; tlakov&eacute; za\u0159&iacute;zen&iacute;.<\/span><\/span><\/span><\/p>\n<\/p><\/div>\n<div class=\"ProductDetailContent\">                                                                    <\/div>\n<\/p><\/div>\n<\/p><\/div>\n<\/p><\/div>\n","protected":false},"excerpt":{"rendered":"<p>Popis produktu Topn\u00fd \u017eeb\u0159\u00edk do koupelny elektrick\u00fd Korado Koralux Linear Max-E 1820x600mm 1000 W b\u00edl\u00e1 Trubkov&aacute; otopn&aacute; t\u011blesa KORALUX LINEAR MAX -E jsou vyr&aacute;b\u011bna jako samostatn&aacute; p\u0159&iacute;motopn&aacute; elektrick&aacute; otopn&aacute; t\u011blesa. Jsou osazena elektrick&yacute;m topn&yacute;m t\u011blesem vybaven&yacute;m omezova\u010dem teploty a napln\u011bna nemrznouc&iacute; sm\u011bs&iacute;, co\u017e umo\u017e\u0148uje pou\u017eit&iacute; v objektech s p\u0159edpokl&aacute;dan&yacute;m poklesem teploty do -10 &deg;C. Technick&eacute; [&hellip;]<\/p>\n","protected":false},"featured_media":22010,"comment_status":"open","ping_status":"open","template":"","meta":[],"product_brand":[],"product_cat":[91],"product_tag":[],"class_list":{"0":"post-21910","1":"product","2":"type-product","3":"status-publish","4":"has-post-thumbnail","6":"product_cat-topeni","8":"first","9":"instock","10":"sale","11":"shipping-taxable","12":"purchasable","13":"product-type-simple"},"yoast_head":"<!-- This site is optimized with the Yoast SEO plugin v26.8 - https:\/\/yoast.com\/product\/yoast-seo-wordpress\/ -->\n<title>Zna\u010dkov\u00fd Topn\u00fd \u017eeb\u0159\u00edk do koupelny elektrick\u00fd Korado Koralux Linear Max-E 1820x600mm 1000 W b\u00edl\u00e1 -<\/title>\n<meta name=\"robots\" content=\"index, follow, max-snippet:-1, max-image-preview:large, max-video-preview:-1\" \/>\n<link rel=\"canonical\" href=\"https:\/\/www.domkraftpro.com\/index.php\/produkt\/znackovy-topny-zebrik-do-koupelny-elektricky-korado-koralux-linear-max-e-1820x600mm-1000-w-bila-21910\/\" \/>\n<meta property=\"og:locale\" content=\"cs_CZ\" \/>\n<meta property=\"og:type\" content=\"article\" \/>\n<meta property=\"og:title\" content=\"Zna\u010dkov\u00fd Topn\u00fd \u017eeb\u0159\u00edk do koupelny elektrick\u00fd Korado Koralux Linear Max-E 1820x600mm 1000 W b\u00edl\u00e1 -\" \/>\n<meta property=\"og:description\" content=\"Popis produktu Topn\u00fd \u017eeb\u0159\u00edk do koupelny elektrick\u00fd Korado Koralux Linear Max-E 1820x600mm 1000 W b\u00edl\u00e1 Trubkov&aacute; otopn&aacute; t\u011blesa KORALUX LINEAR MAX -E jsou vyr&aacute;b\u011bna jako samostatn&aacute; p\u0159&iacute;motopn&aacute; elektrick&aacute; otopn&aacute; t\u011blesa. Jsou osazena elektrick&yacute;m topn&yacute;m t\u011blesem vybaven&yacute;m omezova\u010dem teploty a napln\u011bna nemrznouc&iacute; sm\u011bs&iacute;, co\u017e umo\u017e\u0148uje pou\u017eit&iacute; v objektech s p\u0159edpokl&aacute;dan&yacute;m poklesem teploty do -10 &deg;C. Technick&eacute; [&hellip;]\" \/>\n<meta property=\"og:url\" content=\"https:\/\/www.domkraftpro.com\/index.php\/produkt\/znackovy-topny-zebrik-do-koupelny-elektricky-korado-koralux-linear-max-e-1820x600mm-1000-w-bila-21910\/\" \/>\n<meta property=\"og:image\" content=\"https:\/\/www.domkraftpro.com\/wp-content\/uploads\/2026\/SK0008206-CZ20260425-092632-0-1777080397-topny-zebrik-do-koupelny-elektricky-korado-koralux-linear-m.webp\" \/>\n\t<meta property=\"og:image:width\" content=\"510\" \/>\n\t<meta property=\"og:image:height\" content=\"600\" \/>\n\t<meta property=\"og:image:type\" content=\"image\/webp\" \/>\n<meta name=\"twitter:card\" content=\"summary_large_image\" \/>\n<meta name=\"twitter:label1\" content=\"Odhadovan\u00e1 doba \u010dten\u00ed\" \/>\n\t<meta name=\"twitter:data1\" content=\"1 minuta\" \/>\n<script type=\"application\/ld+json\" class=\"yoast-schema-graph\">{\"@context\":\"https:\/\/schema.org\",\"@graph\":[{\"@type\":\"WebPage\",\"@id\":\"https:\/\/www.domkraftpro.com\/index.php\/produkt\/znackovy-topny-zebrik-do-koupelny-elektricky-korado-koralux-linear-max-e-1820x600mm-1000-w-bila-21910\/\",\"url\":\"https:\/\/www.domkraftpro.com\/index.php\/produkt\/znackovy-topny-zebrik-do-koupelny-elektricky-korado-koralux-linear-max-e-1820x600mm-1000-w-bila-21910\/\",\"name\":\"Zna\u010dkov\u00fd Topn\u00fd \u017eeb\u0159\u00edk do koupelny elektrick\u00fd Korado Koralux Linear Max-E 1820x600mm 1000 W b\u00edl\u00e1 -\",\"isPartOf\":{\"@id\":\"https:\/\/www.domkraftpro.com\/#website\"},\"primaryImageOfPage\":{\"@id\":\"https:\/\/www.domkraftpro.com\/index.php\/produkt\/znackovy-topny-zebrik-do-koupelny-elektricky-korado-koralux-linear-max-e-1820x600mm-1000-w-bila-21910\/#primaryimage\"},\"image\":{\"@id\":\"https:\/\/www.domkraftpro.com\/index.php\/produkt\/znackovy-topny-zebrik-do-koupelny-elektricky-korado-koralux-linear-max-e-1820x600mm-1000-w-bila-21910\/#primaryimage\"},\"thumbnailUrl\":\"https:\/\/www.domkraftpro.com\/wp-content\/uploads\/2026\/SK0008206-CZ20260425-092632-0-1777080397-topny-zebrik-do-koupelny-elektricky-korado-koralux-linear-m.webp\",\"datePublished\":\"2026-04-27T04:41:18+00:00\",\"breadcrumb\":{\"@id\":\"https:\/\/www.domkraftpro.com\/index.php\/produkt\/znackovy-topny-zebrik-do-koupelny-elektricky-korado-koralux-linear-max-e-1820x600mm-1000-w-bila-21910\/#breadcrumb\"},\"inLanguage\":\"cs\",\"potentialAction\":[{\"@type\":\"ReadAction\",\"target\":[\"https:\/\/www.domkraftpro.com\/index.php\/produkt\/znackovy-topny-zebrik-do-koupelny-elektricky-korado-koralux-linear-max-e-1820x600mm-1000-w-bila-21910\/\"]}]},{\"@type\":\"ImageObject\",\"inLanguage\":\"cs\",\"@id\":\"https:\/\/www.domkraftpro.com\/index.php\/produkt\/znackovy-topny-zebrik-do-koupelny-elektricky-korado-koralux-linear-max-e-1820x600mm-1000-w-bila-21910\/#primaryimage\",\"url\":\"https:\/\/www.domkraftpro.com\/wp-content\/uploads\/2026\/SK0008206-CZ20260425-092632-0-1777080397-topny-zebrik-do-koupelny-elektricky-korado-koralux-linear-m.webp\",\"contentUrl\":\"https:\/\/www.domkraftpro.com\/wp-content\/uploads\/2026\/SK0008206-CZ20260425-092632-0-1777080397-topny-zebrik-do-koupelny-elektricky-korado-koralux-linear-m.webp\",\"width\":510,\"height\":600},{\"@type\":\"BreadcrumbList\",\"@id\":\"https:\/\/www.domkraftpro.com\/index.php\/produkt\/znackovy-topny-zebrik-do-koupelny-elektricky-korado-koralux-linear-max-e-1820x600mm-1000-w-bila-21910\/#breadcrumb\",\"itemListElement\":[{\"@type\":\"ListItem\",\"position\":1,\"name\":\"Home\",\"item\":\"https:\/\/www.domkraftpro.com\/\"},{\"@type\":\"ListItem\",\"position\":2,\"name\":\"Products\",\"item\":\"https:\/\/www.domkraftpro.com\/index.php\/products\/\"},{\"@type\":\"ListItem\",\"position\":3,\"name\":\"Zna\u010dkov\u00fd Topn\u00fd \u017eeb\u0159\u00edk do koupelny elektrick\u00fd Korado Koralux Linear Max-E 1820x600mm 1000 W b\u00edl\u00e1\"}]},{\"@type\":\"WebSite\",\"@id\":\"https:\/\/www.domkraftpro.com\/#website\",\"url\":\"https:\/\/www.domkraftpro.com\/\",\"name\":\"\",\"description\":\"\",\"potentialAction\":[{\"@type\":\"SearchAction\",\"target\":{\"@type\":\"EntryPoint\",\"urlTemplate\":\"https:\/\/www.domkraftpro.com\/?s={search_term_string}\"},\"query-input\":{\"@type\":\"PropertyValueSpecification\",\"valueRequired\":true,\"valueName\":\"search_term_string\"}}],\"inLanguage\":\"cs\"}]}<\/script>\n<!-- \/ Yoast SEO plugin. -->","yoast_head_json":{"title":"Zna\u010dkov\u00fd Topn\u00fd \u017eeb\u0159\u00edk do koupelny elektrick\u00fd Korado Koralux Linear Max-E 1820x600mm 1000 W b\u00edl\u00e1 -","robots":{"index":"index","follow":"follow","max-snippet":"max-snippet:-1","max-image-preview":"max-image-preview:large","max-video-preview":"max-video-preview:-1"},"canonical":"https:\/\/www.domkraftpro.com\/index.php\/produkt\/znackovy-topny-zebrik-do-koupelny-elektricky-korado-koralux-linear-max-e-1820x600mm-1000-w-bila-21910\/","og_locale":"cs_CZ","og_type":"article","og_title":"Zna\u010dkov\u00fd Topn\u00fd \u017eeb\u0159\u00edk do koupelny elektrick\u00fd Korado Koralux Linear Max-E 1820x600mm 1000 W b\u00edl\u00e1 -","og_description":"Popis produktu Topn\u00fd \u017eeb\u0159\u00edk do koupelny elektrick\u00fd Korado Koralux Linear Max-E 1820x600mm 1000 W b\u00edl\u00e1 Trubkov&aacute; otopn&aacute; t\u011blesa KORALUX LINEAR MAX -E jsou vyr&aacute;b\u011bna jako samostatn&aacute; p\u0159&iacute;motopn&aacute; elektrick&aacute; otopn&aacute; t\u011blesa. Jsou osazena elektrick&yacute;m topn&yacute;m t\u011blesem vybaven&yacute;m omezova\u010dem teploty a napln\u011bna nemrznouc&iacute; sm\u011bs&iacute;, co\u017e umo\u017e\u0148uje pou\u017eit&iacute; v objektech s p\u0159edpokl&aacute;dan&yacute;m poklesem teploty do -10 &deg;C. Technick&eacute; [&hellip;]","og_url":"https:\/\/www.domkraftpro.com\/index.php\/produkt\/znackovy-topny-zebrik-do-koupelny-elektricky-korado-koralux-linear-max-e-1820x600mm-1000-w-bila-21910\/","og_image":[{"width":510,"height":600,"url":"https:\/\/www.domkraftpro.com\/wp-content\/uploads\/2026\/SK0008206-CZ20260425-092632-0-1777080397-topny-zebrik-do-koupelny-elektricky-korado-koralux-linear-m.webp","type":"image\/webp"}],"twitter_card":"summary_large_image","twitter_misc":{"Odhadovan\u00e1 doba \u010dten\u00ed":"1 minuta"},"schema":{"@context":"https:\/\/schema.org","@graph":[{"@type":"WebPage","@id":"https:\/\/www.domkraftpro.com\/index.php\/produkt\/znackovy-topny-zebrik-do-koupelny-elektricky-korado-koralux-linear-max-e-1820x600mm-1000-w-bila-21910\/","url":"https:\/\/www.domkraftpro.com\/index.php\/produkt\/znackovy-topny-zebrik-do-koupelny-elektricky-korado-koralux-linear-max-e-1820x600mm-1000-w-bila-21910\/","name":"Zna\u010dkov\u00fd Topn\u00fd \u017eeb\u0159\u00edk do koupelny elektrick\u00fd Korado Koralux Linear Max-E 1820x600mm 1000 W b\u00edl\u00e1 -","isPartOf":{"@id":"https:\/\/www.domkraftpro.com\/#website"},"primaryImageOfPage":{"@id":"https:\/\/www.domkraftpro.com\/index.php\/produkt\/znackovy-topny-zebrik-do-koupelny-elektricky-korado-koralux-linear-max-e-1820x600mm-1000-w-bila-21910\/#primaryimage"},"image":{"@id":"https:\/\/www.domkraftpro.com\/index.php\/produkt\/znackovy-topny-zebrik-do-koupelny-elektricky-korado-koralux-linear-max-e-1820x600mm-1000-w-bila-21910\/#primaryimage"},"thumbnailUrl":"https:\/\/www.domkraftpro.com\/wp-content\/uploads\/2026\/SK0008206-CZ20260425-092632-0-1777080397-topny-zebrik-do-koupelny-elektricky-korado-koralux-linear-m.webp","datePublished":"2026-04-27T04:41:18+00:00","breadcrumb":{"@id":"https:\/\/www.domkraftpro.com\/index.php\/produkt\/znackovy-topny-zebrik-do-koupelny-elektricky-korado-koralux-linear-max-e-1820x600mm-1000-w-bila-21910\/#breadcrumb"},"inLanguage":"cs","potentialAction":[{"@type":"ReadAction","target":["https:\/\/www.domkraftpro.com\/index.php\/produkt\/znackovy-topny-zebrik-do-koupelny-elektricky-korado-koralux-linear-max-e-1820x600mm-1000-w-bila-21910\/"]}]},{"@type":"ImageObject","inLanguage":"cs","@id":"https:\/\/www.domkraftpro.com\/index.php\/produkt\/znackovy-topny-zebrik-do-koupelny-elektricky-korado-koralux-linear-max-e-1820x600mm-1000-w-bila-21910\/#primaryimage","url":"https:\/\/www.domkraftpro.com\/wp-content\/uploads\/2026\/SK0008206-CZ20260425-092632-0-1777080397-topny-zebrik-do-koupelny-elektricky-korado-koralux-linear-m.webp","contentUrl":"https:\/\/www.domkraftpro.com\/wp-content\/uploads\/2026\/SK0008206-CZ20260425-092632-0-1777080397-topny-zebrik-do-koupelny-elektricky-korado-koralux-linear-m.webp","width":510,"height":600},{"@type":"BreadcrumbList","@id":"https:\/\/www.domkraftpro.com\/index.php\/produkt\/znackovy-topny-zebrik-do-koupelny-elektricky-korado-koralux-linear-max-e-1820x600mm-1000-w-bila-21910\/#breadcrumb","itemListElement":[{"@type":"ListItem","position":1,"name":"Home","item":"https:\/\/www.domkraftpro.com\/"},{"@type":"ListItem","position":2,"name":"Products","item":"https:\/\/www.domkraftpro.com\/index.php\/products\/"},{"@type":"ListItem","position":3,"name":"Zna\u010dkov\u00fd Topn\u00fd \u017eeb\u0159\u00edk do koupelny elektrick\u00fd Korado Koralux Linear Max-E 1820x600mm 1000 W b\u00edl\u00e1"}]},{"@type":"WebSite","@id":"https:\/\/www.domkraftpro.com\/#website","url":"https:\/\/www.domkraftpro.com\/","name":"","description":"","potentialAction":[{"@type":"SearchAction","target":{"@type":"EntryPoint","urlTemplate":"https:\/\/www.domkraftpro.com\/?s={search_term_string}"},"query-input":{"@type":"PropertyValueSpecification","valueRequired":true,"valueName":"search_term_string"}}],"inLanguage":"cs"}]}},"_links":{"self":[{"href":"https:\/\/www.domkraftpro.com\/index.php\/wp-json\/wp\/v2\/product\/21910","targetHints":{"allow":["GET"]}}],"collection":[{"href":"https:\/\/www.domkraftpro.com\/index.php\/wp-json\/wp\/v2\/product"}],"about":[{"href":"https:\/\/www.domkraftpro.com\/index.php\/wp-json\/wp\/v2\/types\/product"}],"replies":[{"embeddable":true,"href":"https:\/\/www.domkraftpro.com\/index.php\/wp-json\/wp\/v2\/comments?post=21910"}],"wp:featuredmedia":[{"embeddable":true,"href":"https:\/\/www.domkraftpro.com\/index.php\/wp-json\/wp\/v2\/media\/22010"}],"wp:attachment":[{"href":"https:\/\/www.domkraftpro.com\/index.php\/wp-json\/wp\/v2\/media?parent=21910"}],"wp:term":[{"taxonomy":"product_brand","embeddable":true,"href":"https:\/\/www.domkraftpro.com\/index.php\/wp-json\/wp\/v2\/product_brand?post=21910"},{"taxonomy":"product_cat","embeddable":true,"href":"https:\/\/www.domkraftpro.com\/index.php\/wp-json\/wp\/v2\/product_cat?post=21910"},{"taxonomy":"product_tag","embeddable":true,"href":"https:\/\/www.domkraftpro.com\/index.php\/wp-json\/wp\/v2\/product_tag?post=21910"}],"curies":[{"name":"wp","href":"https:\/\/api.w.org\/{rel}","templated":true}]}}