{"id":21774,"date":"2026-04-27T04:41:18","date_gmt":"2026-04-27T04:41:18","guid":{"rendered":""},"modified":"2026-04-27T04:41:18","modified_gmt":"2026-04-27T04:41:18","slug":"akce-topny-zebrik-do-koupelny-elektricky-korado-koralux-linear-classic-e-1820x450mm-600w-bila-21774","status":"publish","type":"product","link":"https:\/\/www.domkraftpro.com\/produkt\/akce-topny-zebrik-do-koupelny-elektricky-korado-koralux-linear-classic-e-1820x450mm-600w-bila-21774\/","title":{"rendered":"Akce Topn\u00fd \u017eeb\u0159\u00edk do koupelny elektrick\u00fd Korado Koralux Linear Classic-E 1820x450mm 600W b\u00edl\u00e1"},"content":{"rendered":"<div class=\"ProductDetail-content NoFixImageContainer\" id=\"productDescription\">\n<div class=\"Heading\">\n<h2 class=\"Heading-title\">Popis produktu <span class=''>Topn\u00fd \u017eeb\u0159\u00edk do koupelny elektrick\u00fd Korado Koralux Linear Classic-E 1820x450mm 600W b\u00edl\u00e1<\/span><\/h2>\n<\/p><\/div>\n<div class=\"ProductDetailContent\">\n<div><span style=\"font-size:16px\">Trubkov&eacute; otopn&eacute; t\u011bleso KORALUX LINEAR CLASSIC m\u016f\u017ee b&yacute;t vyr&aacute;b\u011bno jako samostatn&eacute; p\u0159&iacute;motopn&eacute; elektrick&eacute; otopn&eacute; t\u011bleso. Je osazeno elektrick&yacute;m topn&yacute;m t\u011blesem vybaven&yacute;m omezova\u010dem teploty a&nbsp;napln\u011bno nemrznouc&iacute; sm\u011bs&iacute;, co\u017e umo\u017e\u0148uje pou\u017eit&iacute; v&nbsp;objektech s&nbsp;p\u0159edpokl&aacute;dan&yacute;m poklesem teploty do&nbsp;-10&deg;C.<\/span><\/div>\n<div>&nbsp;<\/div>\n<div><span style=\"font-size:16px\"><strong>Technick&eacute; parametry (v&scaron;eobecn&eacute;):<\/strong><\/span><\/div>\n<ul>\n<li><span style=\"font-size:16px\">V&yacute;&scaron;ka (H) 700, 900, 1220, 1500, 1820 mm<\/span><\/li>\n<li><span style=\"font-size:16px\">D&eacute;lka (L) 450, 500, 600, 750 mm<\/span><\/li>\n<li><span style=\"font-size:16px\">Hloubka (B) 30 mm<\/span><\/li>\n<li><span style=\"font-size:16px\">Jmenovit&eacute; nap\u011bt&iacute; 230 V\/50 Hz<\/span><\/li>\n<li><span style=\"font-size:16px\">Rozsah v&yacute;konu 200 &divide; 700 W<\/span><\/li>\n<li><span style=\"font-size:16px\">Omezova\u010d teploty max. 90 &deg;C<\/span><\/li>\n<li><span style=\"font-size:16px\">Kryt&iacute; IP 44<\/span><\/li>\n<li><span style=\"font-size:16px\">T\u0159&iacute;da spot\u0159ebi\u010de 1<\/span><\/li>\n<li><span style=\"font-size:16px\">D&eacute;lka p\u0159ipojovac&iacute;ho kabelu 1,5 m<\/span><\/li>\n<li><span style=\"font-size:16px\">Pracovn&iacute; poloha Vertik&aacute;ln&iacute; s el. p\u0159&iacute;vodem dole<\/span><\/li>\n<\/ul>\n<p><span style=\"font-size:16px\">P\u0159ipojuje se na pevn&yacute; elektrick&yacute; rozvod p\u0159&iacute;vodn&iacute;m kabelem do instala\u010dn&iacute; krabice nebo lze na p\u0159&iacute;vodn&iacute; kabel namontovat dodate\u010dn\u011b p\u0159&iacute;slu&scaron;enstv&iacute; pro p\u0159ipojen&iacute; do s&iacute;\u0165ov&eacute; z&aacute;suvky. V z&aacute;vislosti na po\u017eadovan&eacute;m komfortu obsluhy a hospod&aacute;rnosti provozu se jedn&aacute; o:<\/span><\/p>\n<ul>\n<li><span style=\"font-size:16px\">s&iacute;\u0165ovou vidlici s ru\u010dn&iacute;m sp&iacute;na\u010dem VS 1 (obchodn&iacute; ozna\u010den&iacute; Z-SKV-0002)<\/span><\/li>\n<li><span style=\"font-size:16px\">elektrick&yacute; regul&aacute;tor teploty RE10A (obchodn&iacute; ozna\u010den&iacute; Z-SKV-0004).<\/span><\/li>\n<\/ul>\n<p><span style=\"font-size:16px\">P\u0159&iacute;motopn&aacute; elektrick&aacute; t\u011blesa&nbsp;<strong>KORALUX LINEAR CLASSIC &#8211; E<\/strong>&nbsp;mohou b&yacute;t instalov&aacute;na pouze ve svisl&eacute; poloze a nevy\u017eaduj&iacute; p\u0159i provozu expanzn&iacute; ani pojistn&eacute; tlakov&eacute; za\u0159&iacute;zen&iacute;.<\/span><\/p>\n<\/p><\/div>\n<div class=\"ProductDetailContent\">                                                                    <\/div>\n<\/p><\/div>\n<\/p><\/div>\n<\/p><\/div>\n","protected":false},"excerpt":{"rendered":"<p>Popis produktu Topn\u00fd \u017eeb\u0159\u00edk do koupelny elektrick\u00fd Korado Koralux Linear Classic-E 1820x450mm 600W b\u00edl\u00e1 Trubkov&eacute; otopn&eacute; t\u011bleso KORALUX LINEAR CLASSIC m\u016f\u017ee b&yacute;t vyr&aacute;b\u011bno jako samostatn&eacute; p\u0159&iacute;motopn&eacute; elektrick&eacute; otopn&eacute; t\u011bleso. Je osazeno elektrick&yacute;m topn&yacute;m t\u011blesem vybaven&yacute;m omezova\u010dem teploty a&nbsp;napln\u011bno nemrznouc&iacute; sm\u011bs&iacute;, co\u017e umo\u017e\u0148uje pou\u017eit&iacute; v&nbsp;objektech s&nbsp;p\u0159edpokl&aacute;dan&yacute;m poklesem teploty do&nbsp;-10&deg;C. &nbsp; Technick&eacute; parametry (v&scaron;eobecn&eacute;): V&yacute;&scaron;ka (H) 700, [&hellip;]<\/p>\n","protected":false},"featured_media":21874,"comment_status":"open","ping_status":"open","template":"","meta":[],"product_brand":[],"product_cat":[91],"product_tag":[],"class_list":{"0":"post-21774","1":"product","2":"type-product","3":"status-publish","4":"has-post-thumbnail","6":"product_cat-topeni","8":"first","9":"instock","10":"sale","11":"shipping-taxable","12":"purchasable","13":"product-type-simple"},"yoast_head":"<!-- This site is optimized with the Yoast SEO plugin v26.8 - https:\/\/yoast.com\/product\/yoast-seo-wordpress\/ -->\n<title>Akce Topn\u00fd \u017eeb\u0159\u00edk do koupelny elektrick\u00fd Korado Koralux Linear Classic-E 1820x450mm 600W b\u00edl\u00e1 -<\/title>\n<meta name=\"robots\" content=\"index, follow, max-snippet:-1, max-image-preview:large, max-video-preview:-1\" \/>\n<link rel=\"canonical\" href=\"https:\/\/www.domkraftpro.com\/index.php\/produkt\/akce-topny-zebrik-do-koupelny-elektricky-korado-koralux-linear-classic-e-1820x450mm-600w-bila-21774\/\" \/>\n<meta property=\"og:locale\" content=\"cs_CZ\" \/>\n<meta property=\"og:type\" content=\"article\" \/>\n<meta property=\"og:title\" content=\"Akce Topn\u00fd \u017eeb\u0159\u00edk do koupelny elektrick\u00fd Korado Koralux Linear Classic-E 1820x450mm 600W b\u00edl\u00e1 -\" \/>\n<meta property=\"og:description\" content=\"Popis produktu Topn\u00fd \u017eeb\u0159\u00edk do koupelny elektrick\u00fd Korado Koralux Linear Classic-E 1820x450mm 600W b\u00edl\u00e1 Trubkov&eacute; otopn&eacute; t\u011bleso KORALUX LINEAR CLASSIC m\u016f\u017ee b&yacute;t vyr&aacute;b\u011bno jako samostatn&eacute; p\u0159&iacute;motopn&eacute; elektrick&eacute; otopn&eacute; t\u011bleso. Je osazeno elektrick&yacute;m topn&yacute;m t\u011blesem vybaven&yacute;m omezova\u010dem teploty a&nbsp;napln\u011bno nemrznouc&iacute; sm\u011bs&iacute;, co\u017e umo\u017e\u0148uje pou\u017eit&iacute; v&nbsp;objektech s&nbsp;p\u0159edpokl&aacute;dan&yacute;m poklesem teploty do&nbsp;-10&deg;C. &nbsp; Technick&eacute; parametry (v&scaron;eobecn&eacute;): V&yacute;&scaron;ka (H) 700, [&hellip;]\" \/>\n<meta property=\"og:url\" content=\"https:\/\/www.domkraftpro.com\/index.php\/produkt\/akce-topny-zebrik-do-koupelny-elektricky-korado-koralux-linear-classic-e-1820x450mm-600w-bila-21774\/\" \/>\n<meta property=\"og:image\" content=\"https:\/\/www.domkraftpro.com\/wp-content\/uploads\/2026\/SK0008170-CZ20260425-092632-0-1777080397-topny-zebrik-do-koupelny-elektricky-korado-koralux-linear-c.webp\" \/>\n\t<meta property=\"og:image:width\" content=\"600\" \/>\n\t<meta property=\"og:image:height\" content=\"566\" \/>\n\t<meta property=\"og:image:type\" content=\"image\/webp\" \/>\n<meta name=\"twitter:card\" content=\"summary_large_image\" \/>\n<meta name=\"twitter:label1\" content=\"Odhadovan\u00e1 doba \u010dten\u00ed\" \/>\n\t<meta name=\"twitter:data1\" content=\"2 minuty\" \/>\n<script type=\"application\/ld+json\" class=\"yoast-schema-graph\">{\"@context\":\"https:\/\/schema.org\",\"@graph\":[{\"@type\":\"WebPage\",\"@id\":\"https:\/\/www.domkraftpro.com\/index.php\/produkt\/akce-topny-zebrik-do-koupelny-elektricky-korado-koralux-linear-classic-e-1820x450mm-600w-bila-21774\/\",\"url\":\"https:\/\/www.domkraftpro.com\/index.php\/produkt\/akce-topny-zebrik-do-koupelny-elektricky-korado-koralux-linear-classic-e-1820x450mm-600w-bila-21774\/\",\"name\":\"Akce Topn\u00fd \u017eeb\u0159\u00edk do koupelny elektrick\u00fd Korado Koralux Linear Classic-E 1820x450mm 600W b\u00edl\u00e1 -\",\"isPartOf\":{\"@id\":\"https:\/\/www.domkraftpro.com\/#website\"},\"primaryImageOfPage\":{\"@id\":\"https:\/\/www.domkraftpro.com\/index.php\/produkt\/akce-topny-zebrik-do-koupelny-elektricky-korado-koralux-linear-classic-e-1820x450mm-600w-bila-21774\/#primaryimage\"},\"image\":{\"@id\":\"https:\/\/www.domkraftpro.com\/index.php\/produkt\/akce-topny-zebrik-do-koupelny-elektricky-korado-koralux-linear-classic-e-1820x450mm-600w-bila-21774\/#primaryimage\"},\"thumbnailUrl\":\"https:\/\/www.domkraftpro.com\/wp-content\/uploads\/2026\/SK0008170-CZ20260425-092632-0-1777080397-topny-zebrik-do-koupelny-elektricky-korado-koralux-linear-c.webp\",\"datePublished\":\"2026-04-27T04:41:18+00:00\",\"breadcrumb\":{\"@id\":\"https:\/\/www.domkraftpro.com\/index.php\/produkt\/akce-topny-zebrik-do-koupelny-elektricky-korado-koralux-linear-classic-e-1820x450mm-600w-bila-21774\/#breadcrumb\"},\"inLanguage\":\"cs\",\"potentialAction\":[{\"@type\":\"ReadAction\",\"target\":[\"https:\/\/www.domkraftpro.com\/index.php\/produkt\/akce-topny-zebrik-do-koupelny-elektricky-korado-koralux-linear-classic-e-1820x450mm-600w-bila-21774\/\"]}]},{\"@type\":\"ImageObject\",\"inLanguage\":\"cs\",\"@id\":\"https:\/\/www.domkraftpro.com\/index.php\/produkt\/akce-topny-zebrik-do-koupelny-elektricky-korado-koralux-linear-classic-e-1820x450mm-600w-bila-21774\/#primaryimage\",\"url\":\"https:\/\/www.domkraftpro.com\/wp-content\/uploads\/2026\/SK0008170-CZ20260425-092632-0-1777080397-topny-zebrik-do-koupelny-elektricky-korado-koralux-linear-c.webp\",\"contentUrl\":\"https:\/\/www.domkraftpro.com\/wp-content\/uploads\/2026\/SK0008170-CZ20260425-092632-0-1777080397-topny-zebrik-do-koupelny-elektricky-korado-koralux-linear-c.webp\",\"width\":600,\"height\":566},{\"@type\":\"BreadcrumbList\",\"@id\":\"https:\/\/www.domkraftpro.com\/index.php\/produkt\/akce-topny-zebrik-do-koupelny-elektricky-korado-koralux-linear-classic-e-1820x450mm-600w-bila-21774\/#breadcrumb\",\"itemListElement\":[{\"@type\":\"ListItem\",\"position\":1,\"name\":\"Home\",\"item\":\"https:\/\/www.domkraftpro.com\/\"},{\"@type\":\"ListItem\",\"position\":2,\"name\":\"Products\",\"item\":\"https:\/\/www.domkraftpro.com\/products\/\"},{\"@type\":\"ListItem\",\"position\":3,\"name\":\"Akce Topn\u00fd \u017eeb\u0159\u00edk do koupelny elektrick\u00fd Korado Koralux Linear Classic-E 1820x450mm 600W b\u00edl\u00e1\"}]},{\"@type\":\"WebSite\",\"@id\":\"https:\/\/www.domkraftpro.com\/#website\",\"url\":\"https:\/\/www.domkraftpro.com\/\",\"name\":\"\",\"description\":\"\",\"potentialAction\":[{\"@type\":\"SearchAction\",\"target\":{\"@type\":\"EntryPoint\",\"urlTemplate\":\"https:\/\/www.domkraftpro.com\/?s={search_term_string}\"},\"query-input\":{\"@type\":\"PropertyValueSpecification\",\"valueRequired\":true,\"valueName\":\"search_term_string\"}}],\"inLanguage\":\"cs\"}]}<\/script>\n<!-- \/ Yoast SEO plugin. -->","yoast_head_json":{"title":"Akce Topn\u00fd \u017eeb\u0159\u00edk do koupelny elektrick\u00fd Korado Koralux Linear Classic-E 1820x450mm 600W b\u00edl\u00e1 -","robots":{"index":"index","follow":"follow","max-snippet":"max-snippet:-1","max-image-preview":"max-image-preview:large","max-video-preview":"max-video-preview:-1"},"canonical":"https:\/\/www.domkraftpro.com\/index.php\/produkt\/akce-topny-zebrik-do-koupelny-elektricky-korado-koralux-linear-classic-e-1820x450mm-600w-bila-21774\/","og_locale":"cs_CZ","og_type":"article","og_title":"Akce Topn\u00fd \u017eeb\u0159\u00edk do koupelny elektrick\u00fd Korado Koralux Linear Classic-E 1820x450mm 600W b\u00edl\u00e1 -","og_description":"Popis produktu Topn\u00fd \u017eeb\u0159\u00edk do koupelny elektrick\u00fd Korado Koralux Linear Classic-E 1820x450mm 600W b\u00edl\u00e1 Trubkov&eacute; otopn&eacute; t\u011bleso KORALUX LINEAR CLASSIC m\u016f\u017ee b&yacute;t vyr&aacute;b\u011bno jako samostatn&eacute; p\u0159&iacute;motopn&eacute; elektrick&eacute; otopn&eacute; t\u011bleso. Je osazeno elektrick&yacute;m topn&yacute;m t\u011blesem vybaven&yacute;m omezova\u010dem teploty a&nbsp;napln\u011bno nemrznouc&iacute; sm\u011bs&iacute;, co\u017e umo\u017e\u0148uje pou\u017eit&iacute; v&nbsp;objektech s&nbsp;p\u0159edpokl&aacute;dan&yacute;m poklesem teploty do&nbsp;-10&deg;C. &nbsp; Technick&eacute; parametry (v&scaron;eobecn&eacute;): V&yacute;&scaron;ka (H) 700, [&hellip;]","og_url":"https:\/\/www.domkraftpro.com\/index.php\/produkt\/akce-topny-zebrik-do-koupelny-elektricky-korado-koralux-linear-classic-e-1820x450mm-600w-bila-21774\/","og_image":[{"width":600,"height":566,"url":"https:\/\/www.domkraftpro.com\/wp-content\/uploads\/2026\/SK0008170-CZ20260425-092632-0-1777080397-topny-zebrik-do-koupelny-elektricky-korado-koralux-linear-c.webp","type":"image\/webp"}],"twitter_card":"summary_large_image","twitter_misc":{"Odhadovan\u00e1 doba \u010dten\u00ed":"2 minuty"},"schema":{"@context":"https:\/\/schema.org","@graph":[{"@type":"WebPage","@id":"https:\/\/www.domkraftpro.com\/index.php\/produkt\/akce-topny-zebrik-do-koupelny-elektricky-korado-koralux-linear-classic-e-1820x450mm-600w-bila-21774\/","url":"https:\/\/www.domkraftpro.com\/index.php\/produkt\/akce-topny-zebrik-do-koupelny-elektricky-korado-koralux-linear-classic-e-1820x450mm-600w-bila-21774\/","name":"Akce Topn\u00fd \u017eeb\u0159\u00edk do koupelny elektrick\u00fd Korado Koralux Linear Classic-E 1820x450mm 600W b\u00edl\u00e1 -","isPartOf":{"@id":"https:\/\/www.domkraftpro.com\/#website"},"primaryImageOfPage":{"@id":"https:\/\/www.domkraftpro.com\/index.php\/produkt\/akce-topny-zebrik-do-koupelny-elektricky-korado-koralux-linear-classic-e-1820x450mm-600w-bila-21774\/#primaryimage"},"image":{"@id":"https:\/\/www.domkraftpro.com\/index.php\/produkt\/akce-topny-zebrik-do-koupelny-elektricky-korado-koralux-linear-classic-e-1820x450mm-600w-bila-21774\/#primaryimage"},"thumbnailUrl":"https:\/\/www.domkraftpro.com\/wp-content\/uploads\/2026\/SK0008170-CZ20260425-092632-0-1777080397-topny-zebrik-do-koupelny-elektricky-korado-koralux-linear-c.webp","datePublished":"2026-04-27T04:41:18+00:00","breadcrumb":{"@id":"https:\/\/www.domkraftpro.com\/index.php\/produkt\/akce-topny-zebrik-do-koupelny-elektricky-korado-koralux-linear-classic-e-1820x450mm-600w-bila-21774\/#breadcrumb"},"inLanguage":"cs","potentialAction":[{"@type":"ReadAction","target":["https:\/\/www.domkraftpro.com\/index.php\/produkt\/akce-topny-zebrik-do-koupelny-elektricky-korado-koralux-linear-classic-e-1820x450mm-600w-bila-21774\/"]}]},{"@type":"ImageObject","inLanguage":"cs","@id":"https:\/\/www.domkraftpro.com\/index.php\/produkt\/akce-topny-zebrik-do-koupelny-elektricky-korado-koralux-linear-classic-e-1820x450mm-600w-bila-21774\/#primaryimage","url":"https:\/\/www.domkraftpro.com\/wp-content\/uploads\/2026\/SK0008170-CZ20260425-092632-0-1777080397-topny-zebrik-do-koupelny-elektricky-korado-koralux-linear-c.webp","contentUrl":"https:\/\/www.domkraftpro.com\/wp-content\/uploads\/2026\/SK0008170-CZ20260425-092632-0-1777080397-topny-zebrik-do-koupelny-elektricky-korado-koralux-linear-c.webp","width":600,"height":566},{"@type":"BreadcrumbList","@id":"https:\/\/www.domkraftpro.com\/index.php\/produkt\/akce-topny-zebrik-do-koupelny-elektricky-korado-koralux-linear-classic-e-1820x450mm-600w-bila-21774\/#breadcrumb","itemListElement":[{"@type":"ListItem","position":1,"name":"Home","item":"https:\/\/www.domkraftpro.com\/"},{"@type":"ListItem","position":2,"name":"Products","item":"https:\/\/www.domkraftpro.com\/products\/"},{"@type":"ListItem","position":3,"name":"Akce Topn\u00fd \u017eeb\u0159\u00edk do koupelny elektrick\u00fd Korado Koralux Linear Classic-E 1820x450mm 600W b\u00edl\u00e1"}]},{"@type":"WebSite","@id":"https:\/\/www.domkraftpro.com\/#website","url":"https:\/\/www.domkraftpro.com\/","name":"","description":"","potentialAction":[{"@type":"SearchAction","target":{"@type":"EntryPoint","urlTemplate":"https:\/\/www.domkraftpro.com\/?s={search_term_string}"},"query-input":{"@type":"PropertyValueSpecification","valueRequired":true,"valueName":"search_term_string"}}],"inLanguage":"cs"}]}},"_links":{"self":[{"href":"https:\/\/www.domkraftpro.com\/wp-json\/wp\/v2\/product\/21774","targetHints":{"allow":["GET"]}}],"collection":[{"href":"https:\/\/www.domkraftpro.com\/wp-json\/wp\/v2\/product"}],"about":[{"href":"https:\/\/www.domkraftpro.com\/wp-json\/wp\/v2\/types\/product"}],"replies":[{"embeddable":true,"href":"https:\/\/www.domkraftpro.com\/wp-json\/wp\/v2\/comments?post=21774"}],"wp:featuredmedia":[{"embeddable":true,"href":"https:\/\/www.domkraftpro.com\/wp-json\/wp\/v2\/media\/21874"}],"wp:attachment":[{"href":"https:\/\/www.domkraftpro.com\/wp-json\/wp\/v2\/media?parent=21774"}],"wp:term":[{"taxonomy":"product_brand","embeddable":true,"href":"https:\/\/www.domkraftpro.com\/wp-json\/wp\/v2\/product_brand?post=21774"},{"taxonomy":"product_cat","embeddable":true,"href":"https:\/\/www.domkraftpro.com\/wp-json\/wp\/v2\/product_cat?post=21774"},{"taxonomy":"product_tag","embeddable":true,"href":"https:\/\/www.domkraftpro.com\/wp-json\/wp\/v2\/product_tag?post=21774"}],"curies":[{"name":"wp","href":"https:\/\/api.w.org\/{rel}","templated":true}]}}