{"id":21588,"date":"2026-04-27T04:41:17","date_gmt":"2026-04-27T04:41:17","guid":{"rendered":""},"modified":"2026-04-27T04:41:17","modified_gmt":"2026-04-27T04:41:17","slug":"znackovy-jika-dino-umyvadlova-baterie-nastenna-100-mm-chrom-h3517270043101-21588","status":"publish","type":"product","link":"https:\/\/www.domkraftpro.com\/index.php\/produkt\/znackovy-jika-dino-umyvadlova-baterie-nastenna-100-mm-chrom-h3517270043101-21588\/","title":{"rendered":"Zna\u010dkov\u00fd Jika Dino Umyvadlov\u00e1 baterie n\u00e1st\u011bnn\u00e1, 100 mm, chrom H3517270043101"},"content":{"rendered":"<div class=\"ProductDetail-content NoFixImageContainer\" id=\"productDescription\">\n<div class=\"Heading\">\n<h2 class=\"Heading-title\">Popis produktu <span class=''>Jika Dino Umyvadlov\u00e1 baterie n\u00e1st\u011bnn\u00e1, 100 mm, chrom H3517270043101<\/span><\/h2>\n<\/p><\/div>\n<div class=\"ProductDetailContent\">\n<ul>\n<li><span style=\"font-size:16px\"><span style=\"color:#000000\"><span style=\"font-family:source sans pro,sans-serif\">s&nbsp;keramickou kartu\u0161\u00ed 35 mm<\/span><\/span><\/span><\/li>\n<li><span style=\"font-size:16px\"><span style=\"color:#000000\"><span style=\"font-family:source sans pro,sans-serif\">rozte\u010d: 100 mm<\/span><\/span><\/span><\/li>\n<li><span style=\"font-size:16px\"><span style=\"color:#000000\"><span style=\"font-family:source sans pro,sans-serif\">d\u00e9lka ram\u00ednka 210 mm<\/span><\/span><\/span><\/li>\n<\/ul>\n<p><span style=\"font-size:16px\">Koupelnov\u00e9 baterie Dino p\u0159edstavuj\u00ed kvalitu za dostupnou cenu. Pe\u010dliv\u011b zpracovan\u00e9 chromov\u00e9 baterie se vyzna\u010duj\u00ed klasick\u00fdm a nest\u00e1rnouc\u00edm stylem. D\u00edky nejnov\u011bj\u0161\u00edm pou\u017eit\u00fdm technologi\u00edm v\u00fdborn\u011b vypadaj\u00ed a budou va\u0161i koupelnu zdobit po dlouh\u00e1 l\u00e9ta. Baterie obsahuj\u00ed vysoce kvalitn\u00ed keramickou kartu\u0161. Tuto umyvadlovou n\u00e1st\u011bnnou baterii s ram\u00e9nkem 210 mm a rozte\u010d\u00ed 100 nebo 150 mm ocen\u00ed u\u017e\u00edvatel\u00e9 d\u0159ez\u016f \u010di hlubok\u00fdch umyvadel bez otvoru pro baterii. Garantujeme 5ti letou z\u00e1ruku na povrch baterie a na keramickou kartu\u0161. Testov\u00e1no na 70 000 cykl\u016f.<\/span><\/p>\n<\/p><\/div>\n<div class=\"ProductDetailContent\">                                                                    <\/div>\n<\/p><\/div>\n<\/p><\/div>\n<\/p><\/div>\n","protected":false},"excerpt":{"rendered":"<p>Popis produktu Jika Dino Umyvadlov\u00e1 baterie n\u00e1st\u011bnn\u00e1, 100 mm, chrom H3517270043101 s&nbsp;keramickou kartu\u0161\u00ed 35 mm rozte\u010d: 100 mm d\u00e9lka ram\u00ednka 210 mm Koupelnov\u00e9 baterie Dino p\u0159edstavuj\u00ed kvalitu za dostupnou cenu. Pe\u010dliv\u011b zpracovan\u00e9 chromov\u00e9 baterie se vyzna\u010duj\u00ed klasick\u00fdm a nest\u00e1rnouc\u00edm stylem. D\u00edky nejnov\u011bj\u0161\u00edm pou\u017eit\u00fdm technologi\u00edm v\u00fdborn\u011b vypadaj\u00ed a budou va\u0161i koupelnu zdobit po dlouh\u00e1 l\u00e9ta. Baterie [&hellip;]<\/p>\n","protected":false},"featured_media":21688,"comment_status":"open","ping_status":"open","template":"","meta":[],"product_brand":[],"product_cat":[90],"product_tag":[],"class_list":{"0":"post-21588","1":"product","2":"type-product","3":"status-publish","4":"has-post-thumbnail","6":"product_cat-koupelny","8":"first","9":"instock","10":"sale","11":"shipping-taxable","12":"purchasable","13":"product-type-simple"},"yoast_head":"<!-- This site is optimized with the Yoast SEO plugin v26.8 - https:\/\/yoast.com\/product\/yoast-seo-wordpress\/ -->\n<title>Zna\u010dkov\u00fd Jika Dino Umyvadlov\u00e1 baterie n\u00e1st\u011bnn\u00e1, 100 mm, chrom H3517270043101 -<\/title>\n<meta name=\"robots\" content=\"index, follow, max-snippet:-1, max-image-preview:large, max-video-preview:-1\" \/>\n<link rel=\"canonical\" href=\"https:\/\/www.domkraftpro.com\/index.php\/produkt\/znackovy-jika-dino-umyvadlova-baterie-nastenna-100-mm-chrom-h3517270043101-21588\/\" \/>\n<meta property=\"og:locale\" content=\"cs_CZ\" \/>\n<meta property=\"og:type\" content=\"article\" \/>\n<meta property=\"og:title\" content=\"Zna\u010dkov\u00fd Jika Dino Umyvadlov\u00e1 baterie n\u00e1st\u011bnn\u00e1, 100 mm, chrom H3517270043101 -\" \/>\n<meta property=\"og:description\" content=\"Popis produktu Jika Dino Umyvadlov\u00e1 baterie n\u00e1st\u011bnn\u00e1, 100 mm, chrom H3517270043101 s&nbsp;keramickou kartu\u0161\u00ed 35 mm rozte\u010d: 100 mm d\u00e9lka ram\u00ednka 210 mm Koupelnov\u00e9 baterie Dino p\u0159edstavuj\u00ed kvalitu za dostupnou cenu. Pe\u010dliv\u011b zpracovan\u00e9 chromov\u00e9 baterie se vyzna\u010duj\u00ed klasick\u00fdm a nest\u00e1rnouc\u00edm stylem. D\u00edky nejnov\u011bj\u0161\u00edm pou\u017eit\u00fdm technologi\u00edm v\u00fdborn\u011b vypadaj\u00ed a budou va\u0161i koupelnu zdobit po dlouh\u00e1 l\u00e9ta. Baterie [&hellip;]\" \/>\n<meta property=\"og:url\" content=\"https:\/\/www.domkraftpro.com\/index.php\/produkt\/znackovy-jika-dino-umyvadlova-baterie-nastenna-100-mm-chrom-h3517270043101-21588\/\" \/>\n<meta property=\"og:image\" content=\"https:\/\/www.domkraftpro.com\/wp-content\/uploads\/2026\/SK0008084-CZ20260425-092632-0-1777080397-jika-dino-umyvadlova-baterie-nastenna-100-mm-chrom-h3517270.webp\" \/>\n\t<meta property=\"og:image:width\" content=\"600\" \/>\n\t<meta property=\"og:image:height\" content=\"600\" \/>\n\t<meta property=\"og:image:type\" content=\"image\/webp\" \/>\n<meta name=\"twitter:card\" content=\"summary_large_image\" \/>\n<meta name=\"twitter:label1\" content=\"Odhadovan\u00e1 doba \u010dten\u00ed\" \/>\n\t<meta name=\"twitter:data1\" content=\"1 minuta\" \/>\n<script type=\"application\/ld+json\" class=\"yoast-schema-graph\">{\"@context\":\"https:\/\/schema.org\",\"@graph\":[{\"@type\":\"WebPage\",\"@id\":\"https:\/\/www.domkraftpro.com\/index.php\/produkt\/znackovy-jika-dino-umyvadlova-baterie-nastenna-100-mm-chrom-h3517270043101-21588\/\",\"url\":\"https:\/\/www.domkraftpro.com\/index.php\/produkt\/znackovy-jika-dino-umyvadlova-baterie-nastenna-100-mm-chrom-h3517270043101-21588\/\",\"name\":\"Zna\u010dkov\u00fd Jika Dino Umyvadlov\u00e1 baterie n\u00e1st\u011bnn\u00e1, 100 mm, chrom H3517270043101 -\",\"isPartOf\":{\"@id\":\"https:\/\/www.domkraftpro.com\/#website\"},\"primaryImageOfPage\":{\"@id\":\"https:\/\/www.domkraftpro.com\/index.php\/produkt\/znackovy-jika-dino-umyvadlova-baterie-nastenna-100-mm-chrom-h3517270043101-21588\/#primaryimage\"},\"image\":{\"@id\":\"https:\/\/www.domkraftpro.com\/index.php\/produkt\/znackovy-jika-dino-umyvadlova-baterie-nastenna-100-mm-chrom-h3517270043101-21588\/#primaryimage\"},\"thumbnailUrl\":\"https:\/\/www.domkraftpro.com\/wp-content\/uploads\/2026\/SK0008084-CZ20260425-092632-0-1777080397-jika-dino-umyvadlova-baterie-nastenna-100-mm-chrom-h3517270.webp\",\"datePublished\":\"2026-04-27T04:41:17+00:00\",\"breadcrumb\":{\"@id\":\"https:\/\/www.domkraftpro.com\/index.php\/produkt\/znackovy-jika-dino-umyvadlova-baterie-nastenna-100-mm-chrom-h3517270043101-21588\/#breadcrumb\"},\"inLanguage\":\"cs\",\"potentialAction\":[{\"@type\":\"ReadAction\",\"target\":[\"https:\/\/www.domkraftpro.com\/index.php\/produkt\/znackovy-jika-dino-umyvadlova-baterie-nastenna-100-mm-chrom-h3517270043101-21588\/\"]}]},{\"@type\":\"ImageObject\",\"inLanguage\":\"cs\",\"@id\":\"https:\/\/www.domkraftpro.com\/index.php\/produkt\/znackovy-jika-dino-umyvadlova-baterie-nastenna-100-mm-chrom-h3517270043101-21588\/#primaryimage\",\"url\":\"https:\/\/www.domkraftpro.com\/wp-content\/uploads\/2026\/SK0008084-CZ20260425-092632-0-1777080397-jika-dino-umyvadlova-baterie-nastenna-100-mm-chrom-h3517270.webp\",\"contentUrl\":\"https:\/\/www.domkraftpro.com\/wp-content\/uploads\/2026\/SK0008084-CZ20260425-092632-0-1777080397-jika-dino-umyvadlova-baterie-nastenna-100-mm-chrom-h3517270.webp\",\"width\":600,\"height\":600},{\"@type\":\"BreadcrumbList\",\"@id\":\"https:\/\/www.domkraftpro.com\/index.php\/produkt\/znackovy-jika-dino-umyvadlova-baterie-nastenna-100-mm-chrom-h3517270043101-21588\/#breadcrumb\",\"itemListElement\":[{\"@type\":\"ListItem\",\"position\":1,\"name\":\"Home\",\"item\":\"https:\/\/www.domkraftpro.com\/\"},{\"@type\":\"ListItem\",\"position\":2,\"name\":\"Products\",\"item\":\"https:\/\/www.domkraftpro.com\/index.php\/products\/\"},{\"@type\":\"ListItem\",\"position\":3,\"name\":\"Zna\u010dkov\u00fd Jika Dino Umyvadlov\u00e1 baterie n\u00e1st\u011bnn\u00e1, 100 mm, chrom H3517270043101\"}]},{\"@type\":\"WebSite\",\"@id\":\"https:\/\/www.domkraftpro.com\/#website\",\"url\":\"https:\/\/www.domkraftpro.com\/\",\"name\":\"\",\"description\":\"\",\"potentialAction\":[{\"@type\":\"SearchAction\",\"target\":{\"@type\":\"EntryPoint\",\"urlTemplate\":\"https:\/\/www.domkraftpro.com\/?s={search_term_string}\"},\"query-input\":{\"@type\":\"PropertyValueSpecification\",\"valueRequired\":true,\"valueName\":\"search_term_string\"}}],\"inLanguage\":\"cs\"}]}<\/script>\n<!-- \/ Yoast SEO plugin. -->","yoast_head_json":{"title":"Zna\u010dkov\u00fd Jika Dino Umyvadlov\u00e1 baterie n\u00e1st\u011bnn\u00e1, 100 mm, chrom H3517270043101 -","robots":{"index":"index","follow":"follow","max-snippet":"max-snippet:-1","max-image-preview":"max-image-preview:large","max-video-preview":"max-video-preview:-1"},"canonical":"https:\/\/www.domkraftpro.com\/index.php\/produkt\/znackovy-jika-dino-umyvadlova-baterie-nastenna-100-mm-chrom-h3517270043101-21588\/","og_locale":"cs_CZ","og_type":"article","og_title":"Zna\u010dkov\u00fd Jika Dino Umyvadlov\u00e1 baterie n\u00e1st\u011bnn\u00e1, 100 mm, chrom H3517270043101 -","og_description":"Popis produktu Jika Dino Umyvadlov\u00e1 baterie n\u00e1st\u011bnn\u00e1, 100 mm, chrom H3517270043101 s&nbsp;keramickou kartu\u0161\u00ed 35 mm rozte\u010d: 100 mm d\u00e9lka ram\u00ednka 210 mm Koupelnov\u00e9 baterie Dino p\u0159edstavuj\u00ed kvalitu za dostupnou cenu. Pe\u010dliv\u011b zpracovan\u00e9 chromov\u00e9 baterie se vyzna\u010duj\u00ed klasick\u00fdm a nest\u00e1rnouc\u00edm stylem. D\u00edky nejnov\u011bj\u0161\u00edm pou\u017eit\u00fdm technologi\u00edm v\u00fdborn\u011b vypadaj\u00ed a budou va\u0161i koupelnu zdobit po dlouh\u00e1 l\u00e9ta. Baterie [&hellip;]","og_url":"https:\/\/www.domkraftpro.com\/index.php\/produkt\/znackovy-jika-dino-umyvadlova-baterie-nastenna-100-mm-chrom-h3517270043101-21588\/","og_image":[{"width":600,"height":600,"url":"https:\/\/www.domkraftpro.com\/wp-content\/uploads\/2026\/SK0008084-CZ20260425-092632-0-1777080397-jika-dino-umyvadlova-baterie-nastenna-100-mm-chrom-h3517270.webp","type":"image\/webp"}],"twitter_card":"summary_large_image","twitter_misc":{"Odhadovan\u00e1 doba \u010dten\u00ed":"1 minuta"},"schema":{"@context":"https:\/\/schema.org","@graph":[{"@type":"WebPage","@id":"https:\/\/www.domkraftpro.com\/index.php\/produkt\/znackovy-jika-dino-umyvadlova-baterie-nastenna-100-mm-chrom-h3517270043101-21588\/","url":"https:\/\/www.domkraftpro.com\/index.php\/produkt\/znackovy-jika-dino-umyvadlova-baterie-nastenna-100-mm-chrom-h3517270043101-21588\/","name":"Zna\u010dkov\u00fd Jika Dino Umyvadlov\u00e1 baterie n\u00e1st\u011bnn\u00e1, 100 mm, chrom H3517270043101 -","isPartOf":{"@id":"https:\/\/www.domkraftpro.com\/#website"},"primaryImageOfPage":{"@id":"https:\/\/www.domkraftpro.com\/index.php\/produkt\/znackovy-jika-dino-umyvadlova-baterie-nastenna-100-mm-chrom-h3517270043101-21588\/#primaryimage"},"image":{"@id":"https:\/\/www.domkraftpro.com\/index.php\/produkt\/znackovy-jika-dino-umyvadlova-baterie-nastenna-100-mm-chrom-h3517270043101-21588\/#primaryimage"},"thumbnailUrl":"https:\/\/www.domkraftpro.com\/wp-content\/uploads\/2026\/SK0008084-CZ20260425-092632-0-1777080397-jika-dino-umyvadlova-baterie-nastenna-100-mm-chrom-h3517270.webp","datePublished":"2026-04-27T04:41:17+00:00","breadcrumb":{"@id":"https:\/\/www.domkraftpro.com\/index.php\/produkt\/znackovy-jika-dino-umyvadlova-baterie-nastenna-100-mm-chrom-h3517270043101-21588\/#breadcrumb"},"inLanguage":"cs","potentialAction":[{"@type":"ReadAction","target":["https:\/\/www.domkraftpro.com\/index.php\/produkt\/znackovy-jika-dino-umyvadlova-baterie-nastenna-100-mm-chrom-h3517270043101-21588\/"]}]},{"@type":"ImageObject","inLanguage":"cs","@id":"https:\/\/www.domkraftpro.com\/index.php\/produkt\/znackovy-jika-dino-umyvadlova-baterie-nastenna-100-mm-chrom-h3517270043101-21588\/#primaryimage","url":"https:\/\/www.domkraftpro.com\/wp-content\/uploads\/2026\/SK0008084-CZ20260425-092632-0-1777080397-jika-dino-umyvadlova-baterie-nastenna-100-mm-chrom-h3517270.webp","contentUrl":"https:\/\/www.domkraftpro.com\/wp-content\/uploads\/2026\/SK0008084-CZ20260425-092632-0-1777080397-jika-dino-umyvadlova-baterie-nastenna-100-mm-chrom-h3517270.webp","width":600,"height":600},{"@type":"BreadcrumbList","@id":"https:\/\/www.domkraftpro.com\/index.php\/produkt\/znackovy-jika-dino-umyvadlova-baterie-nastenna-100-mm-chrom-h3517270043101-21588\/#breadcrumb","itemListElement":[{"@type":"ListItem","position":1,"name":"Home","item":"https:\/\/www.domkraftpro.com\/"},{"@type":"ListItem","position":2,"name":"Products","item":"https:\/\/www.domkraftpro.com\/index.php\/products\/"},{"@type":"ListItem","position":3,"name":"Zna\u010dkov\u00fd Jika Dino Umyvadlov\u00e1 baterie n\u00e1st\u011bnn\u00e1, 100 mm, chrom H3517270043101"}]},{"@type":"WebSite","@id":"https:\/\/www.domkraftpro.com\/#website","url":"https:\/\/www.domkraftpro.com\/","name":"","description":"","potentialAction":[{"@type":"SearchAction","target":{"@type":"EntryPoint","urlTemplate":"https:\/\/www.domkraftpro.com\/?s={search_term_string}"},"query-input":{"@type":"PropertyValueSpecification","valueRequired":true,"valueName":"search_term_string"}}],"inLanguage":"cs"}]}},"_links":{"self":[{"href":"https:\/\/www.domkraftpro.com\/index.php\/wp-json\/wp\/v2\/product\/21588","targetHints":{"allow":["GET"]}}],"collection":[{"href":"https:\/\/www.domkraftpro.com\/index.php\/wp-json\/wp\/v2\/product"}],"about":[{"href":"https:\/\/www.domkraftpro.com\/index.php\/wp-json\/wp\/v2\/types\/product"}],"replies":[{"embeddable":true,"href":"https:\/\/www.domkraftpro.com\/index.php\/wp-json\/wp\/v2\/comments?post=21588"}],"wp:featuredmedia":[{"embeddable":true,"href":"https:\/\/www.domkraftpro.com\/index.php\/wp-json\/wp\/v2\/media\/21688"}],"wp:attachment":[{"href":"https:\/\/www.domkraftpro.com\/index.php\/wp-json\/wp\/v2\/media?parent=21588"}],"wp:term":[{"taxonomy":"product_brand","embeddable":true,"href":"https:\/\/www.domkraftpro.com\/index.php\/wp-json\/wp\/v2\/product_brand?post=21588"},{"taxonomy":"product_cat","embeddable":true,"href":"https:\/\/www.domkraftpro.com\/index.php\/wp-json\/wp\/v2\/product_cat?post=21588"},{"taxonomy":"product_tag","embeddable":true,"href":"https:\/\/www.domkraftpro.com\/index.php\/wp-json\/wp\/v2\/product_tag?post=21588"}],"curies":[{"name":"wp","href":"https:\/\/api.w.org\/{rel}","templated":true}]}}