{"id":21579,"date":"2026-04-27T04:41:17","date_gmt":"2026-04-27T04:41:17","guid":{"rendered":""},"modified":"2026-04-27T04:41:17","modified_gmt":"2026-04-27T04:41:17","slug":"znackovy-jika-zeta-wc-prkenko-duroplast-slow-close-h8932760000001-21579","status":"publish","type":"product","link":"https:\/\/www.domkraftpro.com\/index.php\/produkt\/znackovy-jika-zeta-wc-prkenko-duroplast-slow-close-h8932760000001-21579\/","title":{"rendered":"Zna\u010dkov\u00fd Jika Zeta WC prk\u00e9nko duroplast, slow close H8932760000001"},"content":{"rendered":"<div class=\"ProductDetail-content NoFixImageContainer\" id=\"productDescription\">\n<div class=\"Heading\">\n<h2 class=\"Heading-title\">Popis produktu <span class=''>Jika Zeta WC prk\u00e9nko duroplast, slow close H8932760000001<\/span><\/h2>\n<\/p><\/div>\n<div class=\"ProductDetailContent\">\n<p><strong>WC prk\u00e9nko s poklopem Zeta<\/strong> je vyrobeno z odoln\u00e9ho <strong>duroplastu<\/strong> a je nab\u00edzeno s plastov\u00fdmi \u00fachytkami. Doporu\u010dujeme jej pro <strong>samostatn\u011b stoj\u00edc\u00ed i z\u00e1v\u011bsn\u00e9 klozety<\/strong> stejn\u00e9 s\u00e9rie.<\/p>\n<p>Prk\u00e9nko je <strong>d\u00e9lkov\u011b nastaviteln\u00e9 od 400 do 440 mm<\/strong>, tvarov\u011b pevn\u00e9 a na dotyk tvrd\u0161\u00ed, co\u017e zaji\u0161\u0165uje <strong>komfort a designovou dokonalost<\/strong>. <strong>D\u016fmysln\u00fd mechanismus Slowclose<\/strong> umo\u017e\u0148uje <strong>pomal\u00e9 a samo\u010dinn\u00e9 skl\u00e1p\u011bn\u00ed<\/strong> poklopu a prk\u00e9nka.<\/p>\n<p>\u00dadr\u017ebu klozetu usnad\u0148uje <strong>syst\u00e9m Quick<\/strong>, kter\u00fd umo\u017e\u0148uje <strong>snadnou mont\u00e1\u017e a demont\u00e1\u017e prk\u00e9nka<\/strong>. Na <strong>WC prk\u00e9nko s poklopem Zeta<\/strong> poskytujeme <strong>z\u00e1ruku 5 let<\/strong>, kter\u00e1 potvrzuje jeho kvalitu a dlouhou \u017eivotnost.<\/p>\n<p><strong>Technick\u00e9 parametry<\/strong><\/p>\n<ul>\n<li><strong>Druh v\u00fdrobku:<\/strong> WC prk\u00e9nko<\/li>\n<li><strong>Materi\u00e1l:<\/strong> plast<\/li>\n<li><strong>Ur\u010den\u00ed:<\/strong> k WC<\/li>\n<li><strong>Barva popisn\u00e1:<\/strong> b\u00edl\u00e1<\/li>\n<li><strong>Barva z\u00e1kladn\u00ed:<\/strong> b\u00edl\u00e1<\/li>\n<li><strong>Softclose:<\/strong> ne<\/li>\n<li><strong>Rozte\u010d upevn\u011bn\u00ed:<\/strong> 15\u201316 cm<\/li>\n<li><strong>Materi\u00e1l \u00fachyt\u016f:<\/strong> plast<\/li>\n<li><strong>\u0160\u00ed\u0159ka:<\/strong> 37 cm<\/li>\n<li><strong>D\u00e9lka:<\/strong> 40 cm<\/li>\n<li><strong>Balen\u00ed:<\/strong> 1 ks<\/li>\n<li><strong>Hmotnost balen\u00ed:<\/strong> 2,30 kg<\/li>\n<\/ul><\/div>\n<div class=\"ProductDetailContent\">\n<div class=\"ProductDetailContent-item\">\n<div style=\"background-color:#f9f9f9; border-left:5px solid #4caf50; border-radius:8px; box-shadow:0 4px 12px rgba(0,0,0,0.1); font-family:Arial,sans-serif; margin-bottom:20px; padding:25px 20px 20px 20px; position:relative\"><!-- Ikona info v lev\u00e9m horn\u00edm rohu --><\/p>\n<div style=\"align-items:center; background-color:#4caf50; border-radius:50%; color:#ffffff; display:flex; font-size:18px; font-weight:bold; height:30px; justify-content:center; left:-10px; position:absolute; top:-10px; width:30px\">i<\/div>\n<h3 style=\"margin-left:15px\">\u2705 Jak spr\u00e1vn\u011b vybrat WC sed\u00e1tko<\/h3>\n<p>Jedn\u00edm z nejd\u016fle\u017eit\u011bj\u0161\u00edch krok\u016f p\u0159i v\u00fdb\u011bru WC sed\u00e1tka je spr\u00e1vn\u00e9 zam\u011b\u0159en\u00ed. \u010casem se m\u016f\u017ee st\u00e1t, \u017ee se sed\u00e1tko po\u0161kod\u00ed nebo ho budete cht\u00edt vym\u011bnit za nov\u00e9. Na jak\u00e9 rozm\u011bry si tedy d\u00e1t p\u0159i v\u00fdm\u011bn\u011b pozor?<\/p>\n<p><strong>Kl\u00ed\u010dov\u00e9 rozm\u011bry:<\/strong><\/p>\n<ul>\n<li>A \u2013 <strong>Rozte\u010d otvor\u016f<\/strong> pro uchycen\u00ed sed\u00e1tka k m\u00edse pomoc\u00ed pant\u016f<\/li>\n<li>B \u2013 <strong>Vn\u011bj\u0161\u00ed rozm\u011bry<\/strong>: \u0161\u00ed\u0159ka a d\u00e9lka sed\u00e1tka<\/li>\n<li>C \u2013 <strong>Vnit\u0159n\u00ed rozm\u011bry<\/strong>: \u0161\u00ed\u0159ka a d\u00e9lka otvoru<\/li>\n<li>D \u2013 <strong>Celkov\u00e1 d\u00e9lka<\/strong> sed\u00e1tka: od st\u0159edu pant\u016f po nejzaz\u0161\u00ed bod prk\u00e9nka<\/li>\n<\/ul>\n<p>Tyto rozm\u011bry doporu\u010dujeme p\u0159ed koup\u00ed pe\u010dliv\u011b p\u0159em\u011b\u0159it. M\u016f\u017eete je vid\u011bt zn\u00e1zorn\u011bn\u00e9 na n\u00e1sleduj\u00edc\u00edm obr\u00e1zku \u010di p\u0159\u00edkladu.<\/p>\n<p><strong>Nem\u016f\u017eete-li zm\u011b\u0159it star\u00e9 sed\u00e1tko<\/strong>, je t\u0159eba zm\u011b\u0159it p\u0159edev\u0161\u00edm:<\/p>\n<ul>\n<li><strong>Vn\u011bj\u0161\u00ed \u0161\u00ed\u0159ku m\u00edsy<\/strong> v jej\u00edm nej\u0161ir\u0161\u00edm m\u00edst\u011b<\/li>\n<li><strong>D\u00e9lku m\u00edsy<\/strong>: od st\u0159edu mont\u00e1\u017en\u00edch otvor\u016f (pro panty) po p\u0159edn\u00ed okraj m\u00edsy<\/li>\n<\/ul>\n<p>V tomto p\u0159\u00edpad\u011b jsou pro v\u00fdb\u011br nejd\u016fle\u017eit\u011bj\u0161\u00ed body <strong>B a D<\/strong>.<\/p>\n<p><strong>Pozn\u00e1mka:<\/strong> Sed\u00e1tko m\u016f\u017ee b\u00fdt p\u0159ibli\u017en\u011b o 2\u20133 cm \u0161ir\u0161\u00ed a del\u0161\u00ed ne\u017e m\u00edsa, ale <strong>nikdy ne men\u0161\u00ed<\/strong>.<\/p>\n<\/div>\n<\/p><\/div>\n<\/p><\/div>\n<\/p><\/div>\n<\/p><\/div>\n<\/p><\/div>\n","protected":false},"excerpt":{"rendered":"<p>Popis produktu Jika Zeta WC prk\u00e9nko duroplast, slow close H8932760000001 WC prk\u00e9nko s poklopem Zeta je vyrobeno z odoln\u00e9ho duroplastu a je nab\u00edzeno s plastov\u00fdmi \u00fachytkami. Doporu\u010dujeme jej pro samostatn\u011b stoj\u00edc\u00ed i z\u00e1v\u011bsn\u00e9 klozety stejn\u00e9 s\u00e9rie. Prk\u00e9nko je d\u00e9lkov\u011b nastaviteln\u00e9 od 400 do 440 mm, tvarov\u011b pevn\u00e9 a na dotyk tvrd\u0161\u00ed, co\u017e zaji\u0161\u0165uje komfort a [&hellip;]<\/p>\n","protected":false},"featured_media":21679,"comment_status":"open","ping_status":"open","template":"","meta":[],"product_brand":[],"product_cat":[90],"product_tag":[],"class_list":{"0":"post-21579","1":"product","2":"type-product","3":"status-publish","4":"has-post-thumbnail","6":"product_cat-koupelny","8":"first","9":"instock","10":"sale","11":"shipping-taxable","12":"purchasable","13":"product-type-simple"},"yoast_head":"<!-- This site is optimized with the Yoast SEO plugin v26.8 - https:\/\/yoast.com\/product\/yoast-seo-wordpress\/ -->\n<title>Zna\u010dkov\u00fd Jika Zeta WC prk\u00e9nko duroplast, slow close H8932760000001 -<\/title>\n<meta name=\"robots\" content=\"index, follow, max-snippet:-1, max-image-preview:large, max-video-preview:-1\" \/>\n<link rel=\"canonical\" href=\"https:\/\/www.domkraftpro.com\/index.php\/produkt\/znackovy-jika-zeta-wc-prkenko-duroplast-slow-close-h8932760000001-21579\/\" \/>\n<meta property=\"og:locale\" content=\"cs_CZ\" \/>\n<meta property=\"og:type\" content=\"article\" \/>\n<meta property=\"og:title\" content=\"Zna\u010dkov\u00fd Jika Zeta WC prk\u00e9nko duroplast, slow close H8932760000001 -\" \/>\n<meta property=\"og:description\" content=\"Popis produktu Jika Zeta WC prk\u00e9nko duroplast, slow close H8932760000001 WC prk\u00e9nko s poklopem Zeta je vyrobeno z odoln\u00e9ho duroplastu a je nab\u00edzeno s plastov\u00fdmi \u00fachytkami. Doporu\u010dujeme jej pro samostatn\u011b stoj\u00edc\u00ed i z\u00e1v\u011bsn\u00e9 klozety stejn\u00e9 s\u00e9rie. Prk\u00e9nko je d\u00e9lkov\u011b nastaviteln\u00e9 od 400 do 440 mm, tvarov\u011b pevn\u00e9 a na dotyk tvrd\u0161\u00ed, co\u017e zaji\u0161\u0165uje komfort a [&hellip;]\" \/>\n<meta property=\"og:url\" content=\"https:\/\/www.domkraftpro.com\/index.php\/produkt\/znackovy-jika-zeta-wc-prkenko-duroplast-slow-close-h8932760000001-21579\/\" \/>\n<meta property=\"og:image\" content=\"https:\/\/www.domkraftpro.com\/wp-content\/uploads\/2026\/SK0008075-CZ20260425-092632-0-1777080397-jika-zeta-wc-prkenko-duroplast-slow-close-h8932760000001-12.webp\" \/>\n\t<meta property=\"og:image:width\" content=\"600\" \/>\n\t<meta property=\"og:image:height\" content=\"600\" \/>\n\t<meta property=\"og:image:type\" content=\"image\/webp\" \/>\n<meta name=\"twitter:card\" content=\"summary_large_image\" \/>\n<meta name=\"twitter:label1\" content=\"Odhadovan\u00e1 doba \u010dten\u00ed\" \/>\n\t<meta name=\"twitter:data1\" content=\"2 minuty\" \/>\n<script type=\"application\/ld+json\" class=\"yoast-schema-graph\">{\"@context\":\"https:\/\/schema.org\",\"@graph\":[{\"@type\":\"WebPage\",\"@id\":\"https:\/\/www.domkraftpro.com\/index.php\/produkt\/znackovy-jika-zeta-wc-prkenko-duroplast-slow-close-h8932760000001-21579\/\",\"url\":\"https:\/\/www.domkraftpro.com\/index.php\/produkt\/znackovy-jika-zeta-wc-prkenko-duroplast-slow-close-h8932760000001-21579\/\",\"name\":\"Zna\u010dkov\u00fd Jika Zeta WC prk\u00e9nko duroplast, slow close H8932760000001 -\",\"isPartOf\":{\"@id\":\"https:\/\/www.domkraftpro.com\/#website\"},\"primaryImageOfPage\":{\"@id\":\"https:\/\/www.domkraftpro.com\/index.php\/produkt\/znackovy-jika-zeta-wc-prkenko-duroplast-slow-close-h8932760000001-21579\/#primaryimage\"},\"image\":{\"@id\":\"https:\/\/www.domkraftpro.com\/index.php\/produkt\/znackovy-jika-zeta-wc-prkenko-duroplast-slow-close-h8932760000001-21579\/#primaryimage\"},\"thumbnailUrl\":\"https:\/\/www.domkraftpro.com\/wp-content\/uploads\/2026\/SK0008075-CZ20260425-092632-0-1777080397-jika-zeta-wc-prkenko-duroplast-slow-close-h8932760000001-12.webp\",\"datePublished\":\"2026-04-27T04:41:17+00:00\",\"breadcrumb\":{\"@id\":\"https:\/\/www.domkraftpro.com\/index.php\/produkt\/znackovy-jika-zeta-wc-prkenko-duroplast-slow-close-h8932760000001-21579\/#breadcrumb\"},\"inLanguage\":\"cs\",\"potentialAction\":[{\"@type\":\"ReadAction\",\"target\":[\"https:\/\/www.domkraftpro.com\/index.php\/produkt\/znackovy-jika-zeta-wc-prkenko-duroplast-slow-close-h8932760000001-21579\/\"]}]},{\"@type\":\"ImageObject\",\"inLanguage\":\"cs\",\"@id\":\"https:\/\/www.domkraftpro.com\/index.php\/produkt\/znackovy-jika-zeta-wc-prkenko-duroplast-slow-close-h8932760000001-21579\/#primaryimage\",\"url\":\"https:\/\/www.domkraftpro.com\/wp-content\/uploads\/2026\/SK0008075-CZ20260425-092632-0-1777080397-jika-zeta-wc-prkenko-duroplast-slow-close-h8932760000001-12.webp\",\"contentUrl\":\"https:\/\/www.domkraftpro.com\/wp-content\/uploads\/2026\/SK0008075-CZ20260425-092632-0-1777080397-jika-zeta-wc-prkenko-duroplast-slow-close-h8932760000001-12.webp\",\"width\":600,\"height\":600},{\"@type\":\"BreadcrumbList\",\"@id\":\"https:\/\/www.domkraftpro.com\/index.php\/produkt\/znackovy-jika-zeta-wc-prkenko-duroplast-slow-close-h8932760000001-21579\/#breadcrumb\",\"itemListElement\":[{\"@type\":\"ListItem\",\"position\":1,\"name\":\"Home\",\"item\":\"https:\/\/www.domkraftpro.com\/\"},{\"@type\":\"ListItem\",\"position\":2,\"name\":\"Products\",\"item\":\"https:\/\/www.domkraftpro.com\/index.php\/products\/\"},{\"@type\":\"ListItem\",\"position\":3,\"name\":\"Zna\u010dkov\u00fd Jika Zeta WC prk\u00e9nko duroplast, slow close H8932760000001\"}]},{\"@type\":\"WebSite\",\"@id\":\"https:\/\/www.domkraftpro.com\/#website\",\"url\":\"https:\/\/www.domkraftpro.com\/\",\"name\":\"\",\"description\":\"\",\"potentialAction\":[{\"@type\":\"SearchAction\",\"target\":{\"@type\":\"EntryPoint\",\"urlTemplate\":\"https:\/\/www.domkraftpro.com\/?s={search_term_string}\"},\"query-input\":{\"@type\":\"PropertyValueSpecification\",\"valueRequired\":true,\"valueName\":\"search_term_string\"}}],\"inLanguage\":\"cs\"}]}<\/script>\n<!-- \/ Yoast SEO plugin. -->","yoast_head_json":{"title":"Zna\u010dkov\u00fd Jika Zeta WC prk\u00e9nko duroplast, slow close H8932760000001 -","robots":{"index":"index","follow":"follow","max-snippet":"max-snippet:-1","max-image-preview":"max-image-preview:large","max-video-preview":"max-video-preview:-1"},"canonical":"https:\/\/www.domkraftpro.com\/index.php\/produkt\/znackovy-jika-zeta-wc-prkenko-duroplast-slow-close-h8932760000001-21579\/","og_locale":"cs_CZ","og_type":"article","og_title":"Zna\u010dkov\u00fd Jika Zeta WC prk\u00e9nko duroplast, slow close H8932760000001 -","og_description":"Popis produktu Jika Zeta WC prk\u00e9nko duroplast, slow close H8932760000001 WC prk\u00e9nko s poklopem Zeta je vyrobeno z odoln\u00e9ho duroplastu a je nab\u00edzeno s plastov\u00fdmi \u00fachytkami. Doporu\u010dujeme jej pro samostatn\u011b stoj\u00edc\u00ed i z\u00e1v\u011bsn\u00e9 klozety stejn\u00e9 s\u00e9rie. Prk\u00e9nko je d\u00e9lkov\u011b nastaviteln\u00e9 od 400 do 440 mm, tvarov\u011b pevn\u00e9 a na dotyk tvrd\u0161\u00ed, co\u017e zaji\u0161\u0165uje komfort a [&hellip;]","og_url":"https:\/\/www.domkraftpro.com\/index.php\/produkt\/znackovy-jika-zeta-wc-prkenko-duroplast-slow-close-h8932760000001-21579\/","og_image":[{"width":600,"height":600,"url":"https:\/\/www.domkraftpro.com\/wp-content\/uploads\/2026\/SK0008075-CZ20260425-092632-0-1777080397-jika-zeta-wc-prkenko-duroplast-slow-close-h8932760000001-12.webp","type":"image\/webp"}],"twitter_card":"summary_large_image","twitter_misc":{"Odhadovan\u00e1 doba \u010dten\u00ed":"2 minuty"},"schema":{"@context":"https:\/\/schema.org","@graph":[{"@type":"WebPage","@id":"https:\/\/www.domkraftpro.com\/index.php\/produkt\/znackovy-jika-zeta-wc-prkenko-duroplast-slow-close-h8932760000001-21579\/","url":"https:\/\/www.domkraftpro.com\/index.php\/produkt\/znackovy-jika-zeta-wc-prkenko-duroplast-slow-close-h8932760000001-21579\/","name":"Zna\u010dkov\u00fd Jika Zeta WC prk\u00e9nko duroplast, slow close H8932760000001 -","isPartOf":{"@id":"https:\/\/www.domkraftpro.com\/#website"},"primaryImageOfPage":{"@id":"https:\/\/www.domkraftpro.com\/index.php\/produkt\/znackovy-jika-zeta-wc-prkenko-duroplast-slow-close-h8932760000001-21579\/#primaryimage"},"image":{"@id":"https:\/\/www.domkraftpro.com\/index.php\/produkt\/znackovy-jika-zeta-wc-prkenko-duroplast-slow-close-h8932760000001-21579\/#primaryimage"},"thumbnailUrl":"https:\/\/www.domkraftpro.com\/wp-content\/uploads\/2026\/SK0008075-CZ20260425-092632-0-1777080397-jika-zeta-wc-prkenko-duroplast-slow-close-h8932760000001-12.webp","datePublished":"2026-04-27T04:41:17+00:00","breadcrumb":{"@id":"https:\/\/www.domkraftpro.com\/index.php\/produkt\/znackovy-jika-zeta-wc-prkenko-duroplast-slow-close-h8932760000001-21579\/#breadcrumb"},"inLanguage":"cs","potentialAction":[{"@type":"ReadAction","target":["https:\/\/www.domkraftpro.com\/index.php\/produkt\/znackovy-jika-zeta-wc-prkenko-duroplast-slow-close-h8932760000001-21579\/"]}]},{"@type":"ImageObject","inLanguage":"cs","@id":"https:\/\/www.domkraftpro.com\/index.php\/produkt\/znackovy-jika-zeta-wc-prkenko-duroplast-slow-close-h8932760000001-21579\/#primaryimage","url":"https:\/\/www.domkraftpro.com\/wp-content\/uploads\/2026\/SK0008075-CZ20260425-092632-0-1777080397-jika-zeta-wc-prkenko-duroplast-slow-close-h8932760000001-12.webp","contentUrl":"https:\/\/www.domkraftpro.com\/wp-content\/uploads\/2026\/SK0008075-CZ20260425-092632-0-1777080397-jika-zeta-wc-prkenko-duroplast-slow-close-h8932760000001-12.webp","width":600,"height":600},{"@type":"BreadcrumbList","@id":"https:\/\/www.domkraftpro.com\/index.php\/produkt\/znackovy-jika-zeta-wc-prkenko-duroplast-slow-close-h8932760000001-21579\/#breadcrumb","itemListElement":[{"@type":"ListItem","position":1,"name":"Home","item":"https:\/\/www.domkraftpro.com\/"},{"@type":"ListItem","position":2,"name":"Products","item":"https:\/\/www.domkraftpro.com\/index.php\/products\/"},{"@type":"ListItem","position":3,"name":"Zna\u010dkov\u00fd Jika Zeta WC prk\u00e9nko duroplast, slow close H8932760000001"}]},{"@type":"WebSite","@id":"https:\/\/www.domkraftpro.com\/#website","url":"https:\/\/www.domkraftpro.com\/","name":"","description":"","potentialAction":[{"@type":"SearchAction","target":{"@type":"EntryPoint","urlTemplate":"https:\/\/www.domkraftpro.com\/?s={search_term_string}"},"query-input":{"@type":"PropertyValueSpecification","valueRequired":true,"valueName":"search_term_string"}}],"inLanguage":"cs"}]}},"_links":{"self":[{"href":"https:\/\/www.domkraftpro.com\/index.php\/wp-json\/wp\/v2\/product\/21579","targetHints":{"allow":["GET"]}}],"collection":[{"href":"https:\/\/www.domkraftpro.com\/index.php\/wp-json\/wp\/v2\/product"}],"about":[{"href":"https:\/\/www.domkraftpro.com\/index.php\/wp-json\/wp\/v2\/types\/product"}],"replies":[{"embeddable":true,"href":"https:\/\/www.domkraftpro.com\/index.php\/wp-json\/wp\/v2\/comments?post=21579"}],"wp:featuredmedia":[{"embeddable":true,"href":"https:\/\/www.domkraftpro.com\/index.php\/wp-json\/wp\/v2\/media\/21679"}],"wp:attachment":[{"href":"https:\/\/www.domkraftpro.com\/index.php\/wp-json\/wp\/v2\/media?parent=21579"}],"wp:term":[{"taxonomy":"product_brand","embeddable":true,"href":"https:\/\/www.domkraftpro.com\/index.php\/wp-json\/wp\/v2\/product_brand?post=21579"},{"taxonomy":"product_cat","embeddable":true,"href":"https:\/\/www.domkraftpro.com\/index.php\/wp-json\/wp\/v2\/product_cat?post=21579"},{"taxonomy":"product_tag","embeddable":true,"href":"https:\/\/www.domkraftpro.com\/index.php\/wp-json\/wp\/v2\/product_tag?post=21579"}],"curies":[{"name":"wp","href":"https:\/\/api.w.org\/{rel}","templated":true}]}}