{"id":20958,"date":"2026-04-27T04:41:15","date_gmt":"2026-04-27T04:41:15","guid":{"rendered":""},"modified":"2026-04-27T04:41:15","modified_gmt":"2026-04-27T04:41:15","slug":"originalni-protronix-cidlo-kvality-vzduchu-co2-ads-co2-24-24v-ac-dc-20958","status":"publish","type":"product","link":"https:\/\/www.domkraftpro.com\/produkt\/originalni-protronix-cidlo-kvality-vzduchu-co2-ads-co2-24-24v-ac-dc-20958\/","title":{"rendered":"Origin\u00e1ln\u00ed Protronix \u010cidlo kvality vzduchu CO2 (ADS-CO2-24) 24V AC\/DC"},"content":{"rendered":"<div class=\"ProductDetail-content NoFixImageContainer\" id=\"productDescription\">\n<div class=\"Heading\">\n<h2 class=\"Heading-title\">Popis produktu <span class=''>Protronix \u010cidlo kvality vzduchu CO2 (ADS-CO2-24) 24V AC\/DC<\/span><\/h2>\n<\/p><\/div>\n<div class=\"ProductDetailContent\">\n<p><span style=\"font-size:16px\"><span style=\"font-family:arial,arial,tahoma,sans-serif\">Pou\u017e\u00edv\u00e1 se pro m\u011b\u0159en\u00ed koncentrace CO<\/span><sub>2<\/sub><span style=\"font-family:arial,arial,tahoma,sans-serif\">&nbsp;v prostoru. Je vhodn\u00e9 pro syst\u00e9my kontroluj\u00edc\u00ed kvalitu vzduchu, ventila\u010dn\u00ed a rekupera\u010dn\u00ed syst\u00e9my v restaurac\u00edch,&nbsp;obchodech, kancel\u00e1\u0159\u00edch, dom\u00e1cnostech, bytech atd.<\/span><\/span><\/p>\n<ul>\n<li><span style=\"font-size:16px\">Nastaviteln\u00e1 \u00farove\u0148 sp\u00edn\u00e1n\u00ed rel\u00e9<\/span><\/li>\n<li><span style=\"font-size:16px\">Nap\u00e1jen\u00ed 24 V AC\/DC<\/span><\/li>\n<li><span style=\"font-size:16px\">Analogov\u00fd v\u00fdstup<\/span><\/li>\n<li><span style=\"font-size:16px\">V\u00fdstupn\u00ed rel\u00e9\u200b<\/span><\/li>\n<li><span style=\"font-size:16px\">Pokro\u010dil\u00fd princip NDIR<\/span><\/li>\n<li><span style=\"font-size:16px\">Senzor CO2 \u2013 2000ppm<\/span><\/li>\n<li><span style=\"font-size:16px\">Nap\u00e1jen\u00ed 14-24 VDC<\/span><\/li>\n<li><span style=\"font-size:16px\">V\u00fdstup Analogov\u00fd, Rel\u00e9<\/span><\/li>\n<li><span style=\"font-size:16px\">Priv\u00e1tn\u00ed D\u016fm \/ Byt Lo\u017enice, Ob\u00fdvac\u00ed pokoj<\/span><\/li>\n<li><span style=\"font-size:16px\">Komer\u010dn\u00ed prostory Haly<\/span><\/li>\n<\/ul><\/div>\n<div class=\"ProductDetailContent\">                                                                    <\/div>\n<\/p><\/div>\n<\/p><\/div>\n<\/p><\/div>\n","protected":false},"excerpt":{"rendered":"<p>Popis produktu Protronix \u010cidlo kvality vzduchu CO2 (ADS-CO2-24) 24V AC\/DC Pou\u017e\u00edv\u00e1 se pro m\u011b\u0159en\u00ed koncentrace CO2&nbsp;v prostoru. Je vhodn\u00e9 pro syst\u00e9my kontroluj\u00edc\u00ed kvalitu vzduchu, ventila\u010dn\u00ed a rekupera\u010dn\u00ed syst\u00e9my v restaurac\u00edch,&nbsp;obchodech, kancel\u00e1\u0159\u00edch, dom\u00e1cnostech, bytech atd. Nastaviteln\u00e1 \u00farove\u0148 sp\u00edn\u00e1n\u00ed rel\u00e9 Nap\u00e1jen\u00ed 24 V AC\/DC Analogov\u00fd v\u00fdstup V\u00fdstupn\u00ed rel\u00e9\u200b Pokro\u010dil\u00fd princip NDIR Senzor CO2 \u2013 2000ppm Nap\u00e1jen\u00ed 14-24 [&hellip;]<\/p>\n","protected":false},"featured_media":21058,"comment_status":"open","ping_status":"open","template":"","meta":[],"product_brand":[],"product_cat":[93],"product_tag":[],"class_list":{"0":"post-20958","1":"product","2":"type-product","3":"status-publish","4":"has-post-thumbnail","6":"product_cat-rekuperace-vzduchu-a-vody-vetrani","8":"first","9":"instock","10":"sale","11":"shipping-taxable","12":"purchasable","13":"product-type-simple"},"yoast_head":"<!-- This site is optimized with the Yoast SEO plugin v26.8 - https:\/\/yoast.com\/product\/yoast-seo-wordpress\/ -->\n<title>Origin\u00e1ln\u00ed Protronix \u010cidlo kvality vzduchu CO2 (ADS-CO2-24) 24V AC\/DC -<\/title>\n<meta name=\"robots\" content=\"index, follow, max-snippet:-1, max-image-preview:large, max-video-preview:-1\" \/>\n<link rel=\"canonical\" href=\"https:\/\/www.domkraftpro.com\/index.php\/produkt\/originalni-protronix-cidlo-kvality-vzduchu-co2-ads-co2-24-24v-ac-dc-20958\/\" \/>\n<meta property=\"og:locale\" content=\"cs_CZ\" \/>\n<meta property=\"og:type\" content=\"article\" \/>\n<meta property=\"og:title\" content=\"Origin\u00e1ln\u00ed Protronix \u010cidlo kvality vzduchu CO2 (ADS-CO2-24) 24V AC\/DC -\" \/>\n<meta property=\"og:description\" content=\"Popis produktu Protronix \u010cidlo kvality vzduchu CO2 (ADS-CO2-24) 24V AC\/DC Pou\u017e\u00edv\u00e1 se pro m\u011b\u0159en\u00ed koncentrace CO2&nbsp;v prostoru. Je vhodn\u00e9 pro syst\u00e9my kontroluj\u00edc\u00ed kvalitu vzduchu, ventila\u010dn\u00ed a rekupera\u010dn\u00ed syst\u00e9my v restaurac\u00edch,&nbsp;obchodech, kancel\u00e1\u0159\u00edch, dom\u00e1cnostech, bytech atd. Nastaviteln\u00e1 \u00farove\u0148 sp\u00edn\u00e1n\u00ed rel\u00e9 Nap\u00e1jen\u00ed 24 V AC\/DC Analogov\u00fd v\u00fdstup V\u00fdstupn\u00ed rel\u00e9\u200b Pokro\u010dil\u00fd princip NDIR Senzor CO2 \u2013 2000ppm Nap\u00e1jen\u00ed 14-24 [&hellip;]\" \/>\n<meta property=\"og:url\" content=\"https:\/\/www.domkraftpro.com\/index.php\/produkt\/originalni-protronix-cidlo-kvality-vzduchu-co2-ads-co2-24-24v-ac-dc-20958\/\" \/>\n<meta property=\"og:image\" content=\"https:\/\/www.domkraftpro.com\/wp-content\/uploads\/2026\/SK0007751-CZ20260425-092632-0-1777080397-protronix-cidlo-kvality-vzduchu-co2-ads-co2-24-24v-ac-dc-92.webp\" \/>\n\t<meta property=\"og:image:width\" content=\"600\" \/>\n\t<meta property=\"og:image:height\" content=\"600\" \/>\n\t<meta property=\"og:image:type\" content=\"image\/webp\" \/>\n<meta name=\"twitter:card\" content=\"summary_large_image\" \/>\n<script type=\"application\/ld+json\" class=\"yoast-schema-graph\">{\"@context\":\"https:\/\/schema.org\",\"@graph\":[{\"@type\":\"WebPage\",\"@id\":\"https:\/\/www.domkraftpro.com\/index.php\/produkt\/originalni-protronix-cidlo-kvality-vzduchu-co2-ads-co2-24-24v-ac-dc-20958\/\",\"url\":\"https:\/\/www.domkraftpro.com\/index.php\/produkt\/originalni-protronix-cidlo-kvality-vzduchu-co2-ads-co2-24-24v-ac-dc-20958\/\",\"name\":\"Origin\u00e1ln\u00ed Protronix \u010cidlo kvality vzduchu CO2 (ADS-CO2-24) 24V AC\/DC -\",\"isPartOf\":{\"@id\":\"https:\/\/www.domkraftpro.com\/#website\"},\"primaryImageOfPage\":{\"@id\":\"https:\/\/www.domkraftpro.com\/index.php\/produkt\/originalni-protronix-cidlo-kvality-vzduchu-co2-ads-co2-24-24v-ac-dc-20958\/#primaryimage\"},\"image\":{\"@id\":\"https:\/\/www.domkraftpro.com\/index.php\/produkt\/originalni-protronix-cidlo-kvality-vzduchu-co2-ads-co2-24-24v-ac-dc-20958\/#primaryimage\"},\"thumbnailUrl\":\"https:\/\/www.domkraftpro.com\/wp-content\/uploads\/2026\/SK0007751-CZ20260425-092632-0-1777080397-protronix-cidlo-kvality-vzduchu-co2-ads-co2-24-24v-ac-dc-92.webp\",\"datePublished\":\"2026-04-27T04:41:15+00:00\",\"breadcrumb\":{\"@id\":\"https:\/\/www.domkraftpro.com\/index.php\/produkt\/originalni-protronix-cidlo-kvality-vzduchu-co2-ads-co2-24-24v-ac-dc-20958\/#breadcrumb\"},\"inLanguage\":\"cs\",\"potentialAction\":[{\"@type\":\"ReadAction\",\"target\":[\"https:\/\/www.domkraftpro.com\/index.php\/produkt\/originalni-protronix-cidlo-kvality-vzduchu-co2-ads-co2-24-24v-ac-dc-20958\/\"]}]},{\"@type\":\"ImageObject\",\"inLanguage\":\"cs\",\"@id\":\"https:\/\/www.domkraftpro.com\/index.php\/produkt\/originalni-protronix-cidlo-kvality-vzduchu-co2-ads-co2-24-24v-ac-dc-20958\/#primaryimage\",\"url\":\"https:\/\/www.domkraftpro.com\/wp-content\/uploads\/2026\/SK0007751-CZ20260425-092632-0-1777080397-protronix-cidlo-kvality-vzduchu-co2-ads-co2-24-24v-ac-dc-92.webp\",\"contentUrl\":\"https:\/\/www.domkraftpro.com\/wp-content\/uploads\/2026\/SK0007751-CZ20260425-092632-0-1777080397-protronix-cidlo-kvality-vzduchu-co2-ads-co2-24-24v-ac-dc-92.webp\",\"width\":600,\"height\":600},{\"@type\":\"BreadcrumbList\",\"@id\":\"https:\/\/www.domkraftpro.com\/index.php\/produkt\/originalni-protronix-cidlo-kvality-vzduchu-co2-ads-co2-24-24v-ac-dc-20958\/#breadcrumb\",\"itemListElement\":[{\"@type\":\"ListItem\",\"position\":1,\"name\":\"Home\",\"item\":\"https:\/\/www.domkraftpro.com\/\"},{\"@type\":\"ListItem\",\"position\":2,\"name\":\"Products\",\"item\":\"https:\/\/www.domkraftpro.com\/products\/\"},{\"@type\":\"ListItem\",\"position\":3,\"name\":\"Origin\u00e1ln\u00ed Protronix \u010cidlo kvality vzduchu CO2 (ADS-CO2-24) 24V AC\/DC\"}]},{\"@type\":\"WebSite\",\"@id\":\"https:\/\/www.domkraftpro.com\/#website\",\"url\":\"https:\/\/www.domkraftpro.com\/\",\"name\":\"\",\"description\":\"\",\"potentialAction\":[{\"@type\":\"SearchAction\",\"target\":{\"@type\":\"EntryPoint\",\"urlTemplate\":\"https:\/\/www.domkraftpro.com\/?s={search_term_string}\"},\"query-input\":{\"@type\":\"PropertyValueSpecification\",\"valueRequired\":true,\"valueName\":\"search_term_string\"}}],\"inLanguage\":\"cs\"}]}<\/script>\n<!-- \/ Yoast SEO plugin. -->","yoast_head_json":{"title":"Origin\u00e1ln\u00ed Protronix \u010cidlo kvality vzduchu CO2 (ADS-CO2-24) 24V AC\/DC -","robots":{"index":"index","follow":"follow","max-snippet":"max-snippet:-1","max-image-preview":"max-image-preview:large","max-video-preview":"max-video-preview:-1"},"canonical":"https:\/\/www.domkraftpro.com\/index.php\/produkt\/originalni-protronix-cidlo-kvality-vzduchu-co2-ads-co2-24-24v-ac-dc-20958\/","og_locale":"cs_CZ","og_type":"article","og_title":"Origin\u00e1ln\u00ed Protronix \u010cidlo kvality vzduchu CO2 (ADS-CO2-24) 24V AC\/DC -","og_description":"Popis produktu Protronix \u010cidlo kvality vzduchu CO2 (ADS-CO2-24) 24V AC\/DC Pou\u017e\u00edv\u00e1 se pro m\u011b\u0159en\u00ed koncentrace CO2&nbsp;v prostoru. Je vhodn\u00e9 pro syst\u00e9my kontroluj\u00edc\u00ed kvalitu vzduchu, ventila\u010dn\u00ed a rekupera\u010dn\u00ed syst\u00e9my v restaurac\u00edch,&nbsp;obchodech, kancel\u00e1\u0159\u00edch, dom\u00e1cnostech, bytech atd. Nastaviteln\u00e1 \u00farove\u0148 sp\u00edn\u00e1n\u00ed rel\u00e9 Nap\u00e1jen\u00ed 24 V AC\/DC Analogov\u00fd v\u00fdstup V\u00fdstupn\u00ed rel\u00e9\u200b Pokro\u010dil\u00fd princip NDIR Senzor CO2 \u2013 2000ppm Nap\u00e1jen\u00ed 14-24 [&hellip;]","og_url":"https:\/\/www.domkraftpro.com\/index.php\/produkt\/originalni-protronix-cidlo-kvality-vzduchu-co2-ads-co2-24-24v-ac-dc-20958\/","og_image":[{"width":600,"height":600,"url":"https:\/\/www.domkraftpro.com\/wp-content\/uploads\/2026\/SK0007751-CZ20260425-092632-0-1777080397-protronix-cidlo-kvality-vzduchu-co2-ads-co2-24-24v-ac-dc-92.webp","type":"image\/webp"}],"twitter_card":"summary_large_image","schema":{"@context":"https:\/\/schema.org","@graph":[{"@type":"WebPage","@id":"https:\/\/www.domkraftpro.com\/index.php\/produkt\/originalni-protronix-cidlo-kvality-vzduchu-co2-ads-co2-24-24v-ac-dc-20958\/","url":"https:\/\/www.domkraftpro.com\/index.php\/produkt\/originalni-protronix-cidlo-kvality-vzduchu-co2-ads-co2-24-24v-ac-dc-20958\/","name":"Origin\u00e1ln\u00ed Protronix \u010cidlo kvality vzduchu CO2 (ADS-CO2-24) 24V AC\/DC -","isPartOf":{"@id":"https:\/\/www.domkraftpro.com\/#website"},"primaryImageOfPage":{"@id":"https:\/\/www.domkraftpro.com\/index.php\/produkt\/originalni-protronix-cidlo-kvality-vzduchu-co2-ads-co2-24-24v-ac-dc-20958\/#primaryimage"},"image":{"@id":"https:\/\/www.domkraftpro.com\/index.php\/produkt\/originalni-protronix-cidlo-kvality-vzduchu-co2-ads-co2-24-24v-ac-dc-20958\/#primaryimage"},"thumbnailUrl":"https:\/\/www.domkraftpro.com\/wp-content\/uploads\/2026\/SK0007751-CZ20260425-092632-0-1777080397-protronix-cidlo-kvality-vzduchu-co2-ads-co2-24-24v-ac-dc-92.webp","datePublished":"2026-04-27T04:41:15+00:00","breadcrumb":{"@id":"https:\/\/www.domkraftpro.com\/index.php\/produkt\/originalni-protronix-cidlo-kvality-vzduchu-co2-ads-co2-24-24v-ac-dc-20958\/#breadcrumb"},"inLanguage":"cs","potentialAction":[{"@type":"ReadAction","target":["https:\/\/www.domkraftpro.com\/index.php\/produkt\/originalni-protronix-cidlo-kvality-vzduchu-co2-ads-co2-24-24v-ac-dc-20958\/"]}]},{"@type":"ImageObject","inLanguage":"cs","@id":"https:\/\/www.domkraftpro.com\/index.php\/produkt\/originalni-protronix-cidlo-kvality-vzduchu-co2-ads-co2-24-24v-ac-dc-20958\/#primaryimage","url":"https:\/\/www.domkraftpro.com\/wp-content\/uploads\/2026\/SK0007751-CZ20260425-092632-0-1777080397-protronix-cidlo-kvality-vzduchu-co2-ads-co2-24-24v-ac-dc-92.webp","contentUrl":"https:\/\/www.domkraftpro.com\/wp-content\/uploads\/2026\/SK0007751-CZ20260425-092632-0-1777080397-protronix-cidlo-kvality-vzduchu-co2-ads-co2-24-24v-ac-dc-92.webp","width":600,"height":600},{"@type":"BreadcrumbList","@id":"https:\/\/www.domkraftpro.com\/index.php\/produkt\/originalni-protronix-cidlo-kvality-vzduchu-co2-ads-co2-24-24v-ac-dc-20958\/#breadcrumb","itemListElement":[{"@type":"ListItem","position":1,"name":"Home","item":"https:\/\/www.domkraftpro.com\/"},{"@type":"ListItem","position":2,"name":"Products","item":"https:\/\/www.domkraftpro.com\/products\/"},{"@type":"ListItem","position":3,"name":"Origin\u00e1ln\u00ed Protronix \u010cidlo kvality vzduchu CO2 (ADS-CO2-24) 24V AC\/DC"}]},{"@type":"WebSite","@id":"https:\/\/www.domkraftpro.com\/#website","url":"https:\/\/www.domkraftpro.com\/","name":"","description":"","potentialAction":[{"@type":"SearchAction","target":{"@type":"EntryPoint","urlTemplate":"https:\/\/www.domkraftpro.com\/?s={search_term_string}"},"query-input":{"@type":"PropertyValueSpecification","valueRequired":true,"valueName":"search_term_string"}}],"inLanguage":"cs"}]}},"_links":{"self":[{"href":"https:\/\/www.domkraftpro.com\/wp-json\/wp\/v2\/product\/20958","targetHints":{"allow":["GET"]}}],"collection":[{"href":"https:\/\/www.domkraftpro.com\/wp-json\/wp\/v2\/product"}],"about":[{"href":"https:\/\/www.domkraftpro.com\/wp-json\/wp\/v2\/types\/product"}],"replies":[{"embeddable":true,"href":"https:\/\/www.domkraftpro.com\/wp-json\/wp\/v2\/comments?post=20958"}],"wp:featuredmedia":[{"embeddable":true,"href":"https:\/\/www.domkraftpro.com\/wp-json\/wp\/v2\/media\/21058"}],"wp:attachment":[{"href":"https:\/\/www.domkraftpro.com\/wp-json\/wp\/v2\/media?parent=20958"}],"wp:term":[{"taxonomy":"product_brand","embeddable":true,"href":"https:\/\/www.domkraftpro.com\/wp-json\/wp\/v2\/product_brand?post=20958"},{"taxonomy":"product_cat","embeddable":true,"href":"https:\/\/www.domkraftpro.com\/wp-json\/wp\/v2\/product_cat?post=20958"},{"taxonomy":"product_tag","embeddable":true,"href":"https:\/\/www.domkraftpro.com\/wp-json\/wp\/v2\/product_tag?post=20958"}],"curies":[{"name":"wp","href":"https:\/\/api.w.org\/{rel}","templated":true}]}}