{"id":20956,"date":"2026-04-27T04:41:15","date_gmt":"2026-04-27T04:41:15","guid":{"rendered":""},"modified":"2026-04-27T04:41:15","modified_gmt":"2026-04-27T04:41:15","slug":"sleva-protronix-prostorove-cidlo-relativni-vlhkosti-teploty-s-rele-nlii-rh-t-r-20956","status":"publish","type":"product","link":"https:\/\/www.domkraftpro.com\/produkt\/sleva-protronix-prostorove-cidlo-relativni-vlhkosti-teploty-s-rele-nlii-rh-t-r-20956\/","title":{"rendered":"Sleva Protronix Prostorov\u00e9 \u010didlo relativn\u00ed vlhkosti + teploty s rel\u00e9, NLII-RH\/T\/R"},"content":{"rendered":"<div class=\"ProductDetail-content NoFixImageContainer\" id=\"productDescription\">\n<div class=\"Heading\">\n<h2 class=\"Heading-title\">Popis produktu <span class=''>Protronix Prostorov\u00e9 \u010didlo relativn\u00ed vlhkosti + teploty s rel\u00e9, NLII-RH\/T\/R<\/span><\/h2>\n<\/p><\/div>\n<div class=\"ProductDetailContent\">\n<p><span style=\"font-size:16px\">Prostorov&eacute; \u010didlo NLII-RH+T-R slou\u017e&iacute; pro sledov&aacute;n&iacute; kvality vzduchu v interi&eacute;ru budov a pro \u0159&iacute;zen&iacute; v&yacute;konu ventila\u010dn&iacute;ch (HVAC) syst&eacute;m\u016f dle aktu&aacute;ln&iacute; &uacute;rovn\u011b relativn&iacute; vlhkosti a teploty.<\/span><\/p>\n<p><span style=\"font-size:16px\">\u010cidlo RH je elektronick&eacute; \u010didlo relativn&iacute; vlhkosti s&nbsp;kapacitn&iacute;m polymern&iacute;m senzorem. \u010cidlo m&aacute; vestav\u011bn&eacute; dva samostatn&eacute; analogov&eacute; v&yacute;stupy &ndash; jeden pro&nbsp;aktu&aacute;ln&iacute; relativn&iacute; vlhkost vzduchu a&nbsp;druh&yacute; pro&nbsp;aktu&aacute;ln&iacute; teplotu vzduchu. D&aacute;le \u010didlo obsahuje jedno rel&eacute; s&nbsp;p\u0159ep&iacute;nac&iacute;m kontaktem. Zkratovac&iacute; propojkou je mo\u017eno nastavit reakci rel&eacute; bu\u010f na&nbsp;RH, nebo T. Oto\u010dn&yacute;m p\u0159ep&iacute;na\u010dem lze jednodu&scaron;e nastavit &uacute;rove\u0148 kvality vzduchu, p\u0159i&nbsp;kter&eacute; rel&eacute; sepne.<\/span><\/p>\n<p><span style=\"font-size:16px\">Pomoc&iacute; t\u0159&iacute; LED indik&aacute;tor\u016f lze snadno zjistit okam\u017eitou kvalitu vzduchu. &Uacute;rove\u0148&nbsp;<em>eco<\/em>&nbsp;indikuje dobrou &uacute;rove\u0148 kvality vzduchu, nutnou pro&nbsp;dosa\u017een&iacute; pocitu dobr&eacute; pohody a&nbsp;sou\u010dasn\u011b optimalizovanou spot\u0159ebu energie, pot\u0159ebnou na&nbsp;vyt&aacute;p\u011bn&iacute; \u010di klimatizaci vnit\u0159n&iacute;ch prostor.<\/span><\/p>\n<\/p><\/div>\n<div class=\"ProductDetailContent\">                                                                    <\/div>\n<\/p><\/div>\n<\/p><\/div>\n<\/p><\/div>\n","protected":false},"excerpt":{"rendered":"<p>Popis produktu Protronix Prostorov\u00e9 \u010didlo relativn\u00ed vlhkosti + teploty s rel\u00e9, NLII-RH\/T\/R Prostorov&eacute; \u010didlo NLII-RH+T-R slou\u017e&iacute; pro sledov&aacute;n&iacute; kvality vzduchu v interi&eacute;ru budov a pro \u0159&iacute;zen&iacute; v&yacute;konu ventila\u010dn&iacute;ch (HVAC) syst&eacute;m\u016f dle aktu&aacute;ln&iacute; &uacute;rovn\u011b relativn&iacute; vlhkosti a teploty. \u010cidlo RH je elektronick&eacute; \u010didlo relativn&iacute; vlhkosti s&nbsp;kapacitn&iacute;m polymern&iacute;m senzorem. \u010cidlo m&aacute; vestav\u011bn&eacute; dva samostatn&eacute; analogov&eacute; v&yacute;stupy &ndash; [&hellip;]<\/p>\n","protected":false},"featured_media":21056,"template":"","meta":[],"product_brand":[],"product_cat":[93],"product_tag":[],"class_list":{"0":"post-20956","1":"product","2":"type-product","3":"status-publish","4":"has-post-thumbnail","6":"product_cat-rekuperace-vzduchu-a-vody-vetrani","8":"first","9":"instock","10":"sale","11":"shipping-taxable","12":"purchasable","13":"product-type-simple"},"yoast_head":"<!-- This site is optimized with the Yoast SEO plugin v26.8 - https:\/\/yoast.com\/product\/yoast-seo-wordpress\/ -->\n<title>Sleva Protronix Prostorov\u00e9 \u010didlo relativn\u00ed vlhkosti + teploty s rel\u00e9, NLII-RH\/T\/R - Koupelna &amp; N\u00e1\u0159ad\u00ed &amp; Osv\u011btlen\u00ed a Stavebn\u00ed pot\u0159by<\/title>\n<meta name=\"robots\" content=\"index, follow, max-snippet:-1, max-image-preview:large, max-video-preview:-1\" \/>\n<link rel=\"canonical\" href=\"https:\/\/www.domkraftpro.com\/index.php\/produkt\/sleva-protronix-prostorove-cidlo-relativni-vlhkosti-teploty-s-rele-nlii-rh-t-r-20956\/\" \/>\n<meta property=\"og:locale\" content=\"cs_CZ\" \/>\n<meta property=\"og:type\" content=\"article\" \/>\n<meta property=\"og:title\" content=\"Sleva Protronix Prostorov\u00e9 \u010didlo relativn\u00ed vlhkosti + teploty s rel\u00e9, NLII-RH\/T\/R - Koupelna &amp; N\u00e1\u0159ad\u00ed &amp; Osv\u011btlen\u00ed a Stavebn\u00ed pot\u0159by\" \/>\n<meta property=\"og:description\" content=\"Popis produktu Protronix Prostorov\u00e9 \u010didlo relativn\u00ed vlhkosti + teploty s rel\u00e9, NLII-RH\/T\/R Prostorov&eacute; \u010didlo NLII-RH+T-R slou\u017e&iacute; pro sledov&aacute;n&iacute; kvality vzduchu v interi&eacute;ru budov a pro \u0159&iacute;zen&iacute; v&yacute;konu ventila\u010dn&iacute;ch (HVAC) syst&eacute;m\u016f dle aktu&aacute;ln&iacute; &uacute;rovn\u011b relativn&iacute; vlhkosti a teploty. \u010cidlo RH je elektronick&eacute; \u010didlo relativn&iacute; vlhkosti s&nbsp;kapacitn&iacute;m polymern&iacute;m senzorem. \u010cidlo m&aacute; vestav\u011bn&eacute; dva samostatn&eacute; analogov&eacute; v&yacute;stupy &ndash; [&hellip;]\" \/>\n<meta property=\"og:url\" content=\"https:\/\/www.domkraftpro.com\/index.php\/produkt\/sleva-protronix-prostorove-cidlo-relativni-vlhkosti-teploty-s-rele-nlii-rh-t-r-20956\/\" \/>\n<meta property=\"og:site_name\" content=\"Koupelna &amp; N\u00e1\u0159ad\u00ed &amp; Osv\u011btlen\u00ed a Stavebn\u00ed pot\u0159by\" \/>\n<meta property=\"og:image\" content=\"https:\/\/www.domkraftpro.com\/wp-content\/uploads\/2026\/SK0007749-CZ20260425-092632-0-1777080397-protronix-prostorove-cidlo-relativni-vlhkosti-teploty-s-rel.webp\" \/>\n\t<meta property=\"og:image:width\" content=\"600\" \/>\n\t<meta property=\"og:image:height\" content=\"600\" \/>\n\t<meta property=\"og:image:type\" content=\"image\/webp\" \/>\n<meta name=\"twitter:card\" content=\"summary_large_image\" \/>\n<meta name=\"twitter:label1\" content=\"Odhadovan\u00e1 doba \u010dten\u00ed\" \/>\n\t<meta name=\"twitter:data1\" content=\"1 minuta\" \/>\n<script type=\"application\/ld+json\" class=\"yoast-schema-graph\">{\"@context\":\"https:\/\/schema.org\",\"@graph\":[{\"@type\":\"WebPage\",\"@id\":\"https:\/\/www.domkraftpro.com\/index.php\/produkt\/sleva-protronix-prostorove-cidlo-relativni-vlhkosti-teploty-s-rele-nlii-rh-t-r-20956\/\",\"url\":\"https:\/\/www.domkraftpro.com\/index.php\/produkt\/sleva-protronix-prostorove-cidlo-relativni-vlhkosti-teploty-s-rele-nlii-rh-t-r-20956\/\",\"name\":\"Sleva Protronix Prostorov\u00e9 \u010didlo relativn\u00ed vlhkosti + teploty s rel\u00e9, NLII-RH\/T\/R - Koupelna &amp; N\u00e1\u0159ad\u00ed &amp; Osv\u011btlen\u00ed a Stavebn\u00ed pot\u0159by\",\"isPartOf\":{\"@id\":\"https:\/\/www.domkraftpro.com\/#website\"},\"primaryImageOfPage\":{\"@id\":\"https:\/\/www.domkraftpro.com\/index.php\/produkt\/sleva-protronix-prostorove-cidlo-relativni-vlhkosti-teploty-s-rele-nlii-rh-t-r-20956\/#primaryimage\"},\"image\":{\"@id\":\"https:\/\/www.domkraftpro.com\/index.php\/produkt\/sleva-protronix-prostorove-cidlo-relativni-vlhkosti-teploty-s-rele-nlii-rh-t-r-20956\/#primaryimage\"},\"thumbnailUrl\":\"https:\/\/www.domkraftpro.com\/wp-content\/uploads\/2026\/SK0007749-CZ20260425-092632-0-1777080397-protronix-prostorove-cidlo-relativni-vlhkosti-teploty-s-rel.webp\",\"datePublished\":\"2026-04-27T04:41:15+00:00\",\"breadcrumb\":{\"@id\":\"https:\/\/www.domkraftpro.com\/index.php\/produkt\/sleva-protronix-prostorove-cidlo-relativni-vlhkosti-teploty-s-rele-nlii-rh-t-r-20956\/#breadcrumb\"},\"inLanguage\":\"cs\",\"potentialAction\":[{\"@type\":\"ReadAction\",\"target\":[\"https:\/\/www.domkraftpro.com\/index.php\/produkt\/sleva-protronix-prostorove-cidlo-relativni-vlhkosti-teploty-s-rele-nlii-rh-t-r-20956\/\"]}]},{\"@type\":\"ImageObject\",\"inLanguage\":\"cs\",\"@id\":\"https:\/\/www.domkraftpro.com\/index.php\/produkt\/sleva-protronix-prostorove-cidlo-relativni-vlhkosti-teploty-s-rele-nlii-rh-t-r-20956\/#primaryimage\",\"url\":\"https:\/\/www.domkraftpro.com\/wp-content\/uploads\/2026\/SK0007749-CZ20260425-092632-0-1777080397-protronix-prostorove-cidlo-relativni-vlhkosti-teploty-s-rel.webp\",\"contentUrl\":\"https:\/\/www.domkraftpro.com\/wp-content\/uploads\/2026\/SK0007749-CZ20260425-092632-0-1777080397-protronix-prostorove-cidlo-relativni-vlhkosti-teploty-s-rel.webp\",\"width\":600,\"height\":600},{\"@type\":\"BreadcrumbList\",\"@id\":\"https:\/\/www.domkraftpro.com\/index.php\/produkt\/sleva-protronix-prostorove-cidlo-relativni-vlhkosti-teploty-s-rele-nlii-rh-t-r-20956\/#breadcrumb\",\"itemListElement\":[{\"@type\":\"ListItem\",\"position\":1,\"name\":\"Home\",\"item\":\"https:\/\/www.domkraftpro.com\/\"},{\"@type\":\"ListItem\",\"position\":2,\"name\":\"Products\",\"item\":\"https:\/\/www.domkraftpro.com\/products\/\"},{\"@type\":\"ListItem\",\"position\":3,\"name\":\"Sleva Protronix Prostorov\u00e9 \u010didlo relativn\u00ed vlhkosti + teploty s rel\u00e9, NLII-RH\/T\/R\"}]},{\"@type\":\"WebSite\",\"@id\":\"https:\/\/www.domkraftpro.com\/#website\",\"url\":\"https:\/\/www.domkraftpro.com\/\",\"name\":\"Koupelna &amp; N\u00e1\u0159ad\u00ed &amp; Osv\u011btlen\u00ed a Stavebn\u00ed pot\u0159by\",\"description\":\"Koupelna &amp; N\u00e1\u0159ad\u00ed &amp; Osv\u011btlen\u00ed a Stavebn\u00ed pot\u0159by\",\"publisher\":{\"@id\":\"https:\/\/www.domkraftpro.com\/#organization\"},\"potentialAction\":[{\"@type\":\"SearchAction\",\"target\":{\"@type\":\"EntryPoint\",\"urlTemplate\":\"https:\/\/www.domkraftpro.com\/?s={search_term_string}\"},\"query-input\":{\"@type\":\"PropertyValueSpecification\",\"valueRequired\":true,\"valueName\":\"search_term_string\"}}],\"inLanguage\":\"cs\"},{\"@type\":\"Organization\",\"@id\":\"https:\/\/www.domkraftpro.com\/#organization\",\"name\":\"Koupelna &amp; N\u00e1\u0159ad\u00ed &amp; Osv\u011btlen\u00ed a Stavebn\u00ed pot\u0159by\",\"url\":\"https:\/\/www.domkraftpro.com\/\",\"logo\":{\"@type\":\"ImageObject\",\"inLanguage\":\"cs\",\"@id\":\"https:\/\/www.domkraftpro.com\/#\/schema\/logo\/image\/\",\"url\":\"https:\/\/www.domkraftpro.com\/wp-content\/uploads\/2026\/04\/domkraftpro_logo.svg\",\"contentUrl\":\"https:\/\/www.domkraftpro.com\/wp-content\/uploads\/2026\/04\/domkraftpro_logo.svg\",\"width\":760,\"height\":180,\"caption\":\"Koupelna &amp; N\u00e1\u0159ad\u00ed &amp; Osv\u011btlen\u00ed a Stavebn\u00ed pot\u0159by\"},\"image\":{\"@id\":\"https:\/\/www.domkraftpro.com\/#\/schema\/logo\/image\/\"}}]}<\/script>\n<!-- \/ Yoast SEO plugin. -->","yoast_head_json":{"title":"Sleva Protronix Prostorov\u00e9 \u010didlo relativn\u00ed vlhkosti + teploty s rel\u00e9, NLII-RH\/T\/R - Koupelna &amp; N\u00e1\u0159ad\u00ed &amp; Osv\u011btlen\u00ed a Stavebn\u00ed pot\u0159by","robots":{"index":"index","follow":"follow","max-snippet":"max-snippet:-1","max-image-preview":"max-image-preview:large","max-video-preview":"max-video-preview:-1"},"canonical":"https:\/\/www.domkraftpro.com\/index.php\/produkt\/sleva-protronix-prostorove-cidlo-relativni-vlhkosti-teploty-s-rele-nlii-rh-t-r-20956\/","og_locale":"cs_CZ","og_type":"article","og_title":"Sleva Protronix Prostorov\u00e9 \u010didlo relativn\u00ed vlhkosti + teploty s rel\u00e9, NLII-RH\/T\/R - Koupelna &amp; N\u00e1\u0159ad\u00ed &amp; Osv\u011btlen\u00ed a Stavebn\u00ed pot\u0159by","og_description":"Popis produktu Protronix Prostorov\u00e9 \u010didlo relativn\u00ed vlhkosti + teploty s rel\u00e9, NLII-RH\/T\/R Prostorov&eacute; \u010didlo NLII-RH+T-R slou\u017e&iacute; pro sledov&aacute;n&iacute; kvality vzduchu v interi&eacute;ru budov a pro \u0159&iacute;zen&iacute; v&yacute;konu ventila\u010dn&iacute;ch (HVAC) syst&eacute;m\u016f dle aktu&aacute;ln&iacute; &uacute;rovn\u011b relativn&iacute; vlhkosti a teploty. \u010cidlo RH je elektronick&eacute; \u010didlo relativn&iacute; vlhkosti s&nbsp;kapacitn&iacute;m polymern&iacute;m senzorem. \u010cidlo m&aacute; vestav\u011bn&eacute; dva samostatn&eacute; analogov&eacute; v&yacute;stupy &ndash; [&hellip;]","og_url":"https:\/\/www.domkraftpro.com\/index.php\/produkt\/sleva-protronix-prostorove-cidlo-relativni-vlhkosti-teploty-s-rele-nlii-rh-t-r-20956\/","og_site_name":"Koupelna &amp; N\u00e1\u0159ad\u00ed &amp; Osv\u011btlen\u00ed a Stavebn\u00ed pot\u0159by","og_image":[{"width":600,"height":600,"url":"https:\/\/www.domkraftpro.com\/wp-content\/uploads\/2026\/SK0007749-CZ20260425-092632-0-1777080397-protronix-prostorove-cidlo-relativni-vlhkosti-teploty-s-rel.webp","type":"image\/webp"}],"twitter_card":"summary_large_image","twitter_misc":{"Odhadovan\u00e1 doba \u010dten\u00ed":"1 minuta"},"schema":{"@context":"https:\/\/schema.org","@graph":[{"@type":"WebPage","@id":"https:\/\/www.domkraftpro.com\/index.php\/produkt\/sleva-protronix-prostorove-cidlo-relativni-vlhkosti-teploty-s-rele-nlii-rh-t-r-20956\/","url":"https:\/\/www.domkraftpro.com\/index.php\/produkt\/sleva-protronix-prostorove-cidlo-relativni-vlhkosti-teploty-s-rele-nlii-rh-t-r-20956\/","name":"Sleva Protronix Prostorov\u00e9 \u010didlo relativn\u00ed vlhkosti + teploty s rel\u00e9, NLII-RH\/T\/R - Koupelna &amp; N\u00e1\u0159ad\u00ed &amp; Osv\u011btlen\u00ed a Stavebn\u00ed pot\u0159by","isPartOf":{"@id":"https:\/\/www.domkraftpro.com\/#website"},"primaryImageOfPage":{"@id":"https:\/\/www.domkraftpro.com\/index.php\/produkt\/sleva-protronix-prostorove-cidlo-relativni-vlhkosti-teploty-s-rele-nlii-rh-t-r-20956\/#primaryimage"},"image":{"@id":"https:\/\/www.domkraftpro.com\/index.php\/produkt\/sleva-protronix-prostorove-cidlo-relativni-vlhkosti-teploty-s-rele-nlii-rh-t-r-20956\/#primaryimage"},"thumbnailUrl":"https:\/\/www.domkraftpro.com\/wp-content\/uploads\/2026\/SK0007749-CZ20260425-092632-0-1777080397-protronix-prostorove-cidlo-relativni-vlhkosti-teploty-s-rel.webp","datePublished":"2026-04-27T04:41:15+00:00","breadcrumb":{"@id":"https:\/\/www.domkraftpro.com\/index.php\/produkt\/sleva-protronix-prostorove-cidlo-relativni-vlhkosti-teploty-s-rele-nlii-rh-t-r-20956\/#breadcrumb"},"inLanguage":"cs","potentialAction":[{"@type":"ReadAction","target":["https:\/\/www.domkraftpro.com\/index.php\/produkt\/sleva-protronix-prostorove-cidlo-relativni-vlhkosti-teploty-s-rele-nlii-rh-t-r-20956\/"]}]},{"@type":"ImageObject","inLanguage":"cs","@id":"https:\/\/www.domkraftpro.com\/index.php\/produkt\/sleva-protronix-prostorove-cidlo-relativni-vlhkosti-teploty-s-rele-nlii-rh-t-r-20956\/#primaryimage","url":"https:\/\/www.domkraftpro.com\/wp-content\/uploads\/2026\/SK0007749-CZ20260425-092632-0-1777080397-protronix-prostorove-cidlo-relativni-vlhkosti-teploty-s-rel.webp","contentUrl":"https:\/\/www.domkraftpro.com\/wp-content\/uploads\/2026\/SK0007749-CZ20260425-092632-0-1777080397-protronix-prostorove-cidlo-relativni-vlhkosti-teploty-s-rel.webp","width":600,"height":600},{"@type":"BreadcrumbList","@id":"https:\/\/www.domkraftpro.com\/index.php\/produkt\/sleva-protronix-prostorove-cidlo-relativni-vlhkosti-teploty-s-rele-nlii-rh-t-r-20956\/#breadcrumb","itemListElement":[{"@type":"ListItem","position":1,"name":"Home","item":"https:\/\/www.domkraftpro.com\/"},{"@type":"ListItem","position":2,"name":"Products","item":"https:\/\/www.domkraftpro.com\/products\/"},{"@type":"ListItem","position":3,"name":"Sleva Protronix Prostorov\u00e9 \u010didlo relativn\u00ed vlhkosti + teploty s rel\u00e9, NLII-RH\/T\/R"}]},{"@type":"WebSite","@id":"https:\/\/www.domkraftpro.com\/#website","url":"https:\/\/www.domkraftpro.com\/","name":"Koupelna &amp; N\u00e1\u0159ad\u00ed &amp; Osv\u011btlen\u00ed a Stavebn\u00ed pot\u0159by","description":"Koupelna &amp; N\u00e1\u0159ad\u00ed &amp; Osv\u011btlen\u00ed a Stavebn\u00ed pot\u0159by","publisher":{"@id":"https:\/\/www.domkraftpro.com\/#organization"},"potentialAction":[{"@type":"SearchAction","target":{"@type":"EntryPoint","urlTemplate":"https:\/\/www.domkraftpro.com\/?s={search_term_string}"},"query-input":{"@type":"PropertyValueSpecification","valueRequired":true,"valueName":"search_term_string"}}],"inLanguage":"cs"},{"@type":"Organization","@id":"https:\/\/www.domkraftpro.com\/#organization","name":"Koupelna &amp; N\u00e1\u0159ad\u00ed &amp; Osv\u011btlen\u00ed a Stavebn\u00ed pot\u0159by","url":"https:\/\/www.domkraftpro.com\/","logo":{"@type":"ImageObject","inLanguage":"cs","@id":"https:\/\/www.domkraftpro.com\/#\/schema\/logo\/image\/","url":"https:\/\/www.domkraftpro.com\/wp-content\/uploads\/2026\/04\/domkraftpro_logo.svg","contentUrl":"https:\/\/www.domkraftpro.com\/wp-content\/uploads\/2026\/04\/domkraftpro_logo.svg","width":760,"height":180,"caption":"Koupelna &amp; N\u00e1\u0159ad\u00ed &amp; Osv\u011btlen\u00ed a Stavebn\u00ed pot\u0159by"},"image":{"@id":"https:\/\/www.domkraftpro.com\/#\/schema\/logo\/image\/"}}]}},"_links":{"self":[{"href":"https:\/\/www.domkraftpro.com\/wp-json\/wp\/v2\/product\/20956","targetHints":{"allow":["GET"]}}],"collection":[{"href":"https:\/\/www.domkraftpro.com\/wp-json\/wp\/v2\/product"}],"about":[{"href":"https:\/\/www.domkraftpro.com\/wp-json\/wp\/v2\/types\/product"}],"wp:featuredmedia":[{"embeddable":true,"href":"https:\/\/www.domkraftpro.com\/wp-json\/wp\/v2\/media\/21056"}],"wp:attachment":[{"href":"https:\/\/www.domkraftpro.com\/wp-json\/wp\/v2\/media?parent=20956"}],"wp:term":[{"taxonomy":"product_brand","embeddable":true,"href":"https:\/\/www.domkraftpro.com\/wp-json\/wp\/v2\/product_brand?post=20956"},{"taxonomy":"product_cat","embeddable":true,"href":"https:\/\/www.domkraftpro.com\/wp-json\/wp\/v2\/product_cat?post=20956"},{"taxonomy":"product_tag","embeddable":true,"href":"https:\/\/www.domkraftpro.com\/wp-json\/wp\/v2\/product_tag?post=20956"}],"curies":[{"name":"wp","href":"https:\/\/api.w.org\/{rel}","templated":true}]}}