{"id":20953,"date":"2026-04-27T04:41:15","date_gmt":"2026-04-27T04:41:15","guid":{"rendered":""},"modified":"2026-04-27T04:41:15","modified_gmt":"2026-04-27T04:41:15","slug":"primo-od-vyrobce-protronix-prostorove-cidlo-relativni-vlhkosti-co2-nlii-co2-rh-20953","status":"publish","type":"product","link":"https:\/\/www.domkraftpro.com\/index.php\/produkt\/primo-od-vyrobce-protronix-prostorove-cidlo-relativni-vlhkosti-co2-nlii-co2-rh-20953\/","title":{"rendered":"P\u0159\u00edmo Od V\u00fdrobce Protronix Prostorov\u00e9 \u010didlo relativn\u00ed vlhkosti + CO2, NLII-CO2+RH"},"content":{"rendered":"<div class=\"ProductDetail-content NoFixImageContainer\" id=\"productDescription\">\n<div class=\"Heading\">\n<h2 class=\"Heading-title\">Popis produktu <span class=''>Protronix Prostorov\u00e9 \u010didlo relativn\u00ed vlhkosti + CO2, NLII-CO2+RH<\/span><\/h2>\n<\/p><\/div>\n<div class=\"ProductDetailContent\">\n<p><span style=\"color:#000000\"><span style=\"font-size:16px\">Prostorov\u00e9 \u010didlo NLII-CO2+RH slou\u017e\u00ed pro sledov\u00e1n\u00ed kvality vzduchu v interi\u00e9ru budov a pro \u0159\u00edzen\u00ed v\u00fdkonu ventila\u010dn\u00edch (HVAC) syst\u00e9m\u016f dle aktu\u00e1ln\u00ed \u00farovn\u011b zne\u010di\u0161t\u011bn\u00ed vzduchu.<\/span><\/span><\/p>\n<p><span style=\"color:#000000\"><span style=\"font-size:16px\">M\u011b\u0159en\u00ed CO<sup>2<\/sup>&nbsp;pracuje na&nbsp;principu z\u00e1vislosti \u00fatlumu infra\u010derven\u00e9ho z\u00e1\u0159en\u00ed na&nbsp;koncentraci CO<sup>2<\/sup>&nbsp;ve&nbsp;vzduchu (tzv. NDIR). Vestav\u011bn\u00e1 automatick\u00e1 kalibra\u010dn\u00ed funkce zaji\u0161\u0165uje velmi dobrou dlouhodobou stabilitu. M\u011b\u0159en\u00ed relativn\u00ed vlhkosti pracuje na&nbsp;principu kapacitn\u00edho polymern\u00edho sn\u00edma\u010de.<\/span><\/span><\/p>\n<p><span style=\"color:#000000\"><span style=\"font-size:16px\">\u010cidlo m\u00e1 vestav\u011bn\u00e9 dva samostatn\u00e9 analogov\u00e9 v\u00fdstupy \u2013 jeden pro&nbsp;aktu\u00e1ln\u00ed koncentraci CO<sup>2<\/sup>&nbsp;a&nbsp;druh\u00fd pro&nbsp;aktu\u00e1ln\u00ed relativn\u00ed vlhkost vzduchu.&nbsp;<\/span><\/span><\/p>\n<p><span style=\"color:#000000\"><span style=\"font-size:16px\">Pomoc\u00ed t\u0159\u00ed LED indik\u00e1tor\u016f lze snadno zjistit okam\u017eitou kvalitu vzduchu. \u00darove\u0148&nbsp;<em>eco&nbsp;<\/em>indikuje dobrou \u00farove\u0148 kvality vzduchu, nutnou pro&nbsp;dosa\u017een\u00ed pocitu dobr\u00e9 pohody a&nbsp;sou\u010dasn\u011b optimalizovanou spot\u0159ebu energie, pot\u0159ebnou na&nbsp;vyt\u00e1p\u011bn\u00ed \u010di klimatizaci vnit\u0159n\u00edch prostor.<\/span><\/span><\/p>\n<\/p><\/div>\n<div class=\"ProductDetailContent\">                                                                    <\/div>\n<\/p><\/div>\n<\/p><\/div>\n<\/p><\/div>\n","protected":false},"excerpt":{"rendered":"<p>Popis produktu Protronix Prostorov\u00e9 \u010didlo relativn\u00ed vlhkosti + CO2, NLII-CO2+RH Prostorov\u00e9 \u010didlo NLII-CO2+RH slou\u017e\u00ed pro sledov\u00e1n\u00ed kvality vzduchu v interi\u00e9ru budov a pro \u0159\u00edzen\u00ed v\u00fdkonu ventila\u010dn\u00edch (HVAC) syst\u00e9m\u016f dle aktu\u00e1ln\u00ed \u00farovn\u011b zne\u010di\u0161t\u011bn\u00ed vzduchu. M\u011b\u0159en\u00ed CO2&nbsp;pracuje na&nbsp;principu z\u00e1vislosti \u00fatlumu infra\u010derven\u00e9ho z\u00e1\u0159en\u00ed na&nbsp;koncentraci CO2&nbsp;ve&nbsp;vzduchu (tzv. NDIR). Vestav\u011bn\u00e1 automatick\u00e1 kalibra\u010dn\u00ed funkce zaji\u0161\u0165uje velmi dobrou dlouhodobou stabilitu. M\u011b\u0159en\u00ed relativn\u00ed [&hellip;]<\/p>\n","protected":false},"featured_media":21053,"comment_status":"open","ping_status":"open","template":"","meta":[],"product_brand":[],"product_cat":[93],"product_tag":[],"class_list":{"0":"post-20953","1":"product","2":"type-product","3":"status-publish","4":"has-post-thumbnail","6":"product_cat-rekuperace-vzduchu-a-vody-vetrani","8":"first","9":"instock","10":"sale","11":"shipping-taxable","12":"purchasable","13":"product-type-simple"},"yoast_head":"<!-- This site is optimized with the Yoast SEO plugin v26.8 - https:\/\/yoast.com\/product\/yoast-seo-wordpress\/ -->\n<title>P\u0159\u00edmo Od V\u00fdrobce Protronix Prostorov\u00e9 \u010didlo relativn\u00ed vlhkosti + CO2, NLII-CO2+RH -<\/title>\n<meta name=\"robots\" content=\"index, follow, max-snippet:-1, max-image-preview:large, max-video-preview:-1\" \/>\n<link rel=\"canonical\" href=\"https:\/\/www.domkraftpro.com\/index.php\/produkt\/primo-od-vyrobce-protronix-prostorove-cidlo-relativni-vlhkosti-co2-nlii-co2-rh-20953\/\" \/>\n<meta property=\"og:locale\" content=\"cs_CZ\" \/>\n<meta property=\"og:type\" content=\"article\" \/>\n<meta property=\"og:title\" content=\"P\u0159\u00edmo Od V\u00fdrobce Protronix Prostorov\u00e9 \u010didlo relativn\u00ed vlhkosti + CO2, NLII-CO2+RH -\" \/>\n<meta property=\"og:description\" content=\"Popis produktu Protronix Prostorov\u00e9 \u010didlo relativn\u00ed vlhkosti + CO2, NLII-CO2+RH Prostorov\u00e9 \u010didlo NLII-CO2+RH slou\u017e\u00ed pro sledov\u00e1n\u00ed kvality vzduchu v interi\u00e9ru budov a pro \u0159\u00edzen\u00ed v\u00fdkonu ventila\u010dn\u00edch (HVAC) syst\u00e9m\u016f dle aktu\u00e1ln\u00ed \u00farovn\u011b zne\u010di\u0161t\u011bn\u00ed vzduchu. M\u011b\u0159en\u00ed CO2&nbsp;pracuje na&nbsp;principu z\u00e1vislosti \u00fatlumu infra\u010derven\u00e9ho z\u00e1\u0159en\u00ed na&nbsp;koncentraci CO2&nbsp;ve&nbsp;vzduchu (tzv. NDIR). Vestav\u011bn\u00e1 automatick\u00e1 kalibra\u010dn\u00ed funkce zaji\u0161\u0165uje velmi dobrou dlouhodobou stabilitu. M\u011b\u0159en\u00ed relativn\u00ed [&hellip;]\" \/>\n<meta property=\"og:url\" content=\"https:\/\/www.domkraftpro.com\/index.php\/produkt\/primo-od-vyrobce-protronix-prostorove-cidlo-relativni-vlhkosti-co2-nlii-co2-rh-20953\/\" \/>\n<meta property=\"og:image\" content=\"https:\/\/www.domkraftpro.com\/wp-content\/uploads\/2026\/SK0007746-CZ20260425-092632-0-1777080397-protronix-prostorove-cidlo-relativni-vlhkosti-co2-nlii-co2-.webp\" \/>\n\t<meta property=\"og:image:width\" content=\"600\" \/>\n\t<meta property=\"og:image:height\" content=\"600\" \/>\n\t<meta property=\"og:image:type\" content=\"image\/webp\" \/>\n<meta name=\"twitter:card\" content=\"summary_large_image\" \/>\n<meta name=\"twitter:label1\" content=\"Odhadovan\u00e1 doba \u010dten\u00ed\" \/>\n\t<meta name=\"twitter:data1\" content=\"1 minuta\" \/>\n<script type=\"application\/ld+json\" class=\"yoast-schema-graph\">{\"@context\":\"https:\/\/schema.org\",\"@graph\":[{\"@type\":\"WebPage\",\"@id\":\"https:\/\/www.domkraftpro.com\/index.php\/produkt\/primo-od-vyrobce-protronix-prostorove-cidlo-relativni-vlhkosti-co2-nlii-co2-rh-20953\/\",\"url\":\"https:\/\/www.domkraftpro.com\/index.php\/produkt\/primo-od-vyrobce-protronix-prostorove-cidlo-relativni-vlhkosti-co2-nlii-co2-rh-20953\/\",\"name\":\"P\u0159\u00edmo Od V\u00fdrobce Protronix Prostorov\u00e9 \u010didlo relativn\u00ed vlhkosti + CO2, NLII-CO2+RH -\",\"isPartOf\":{\"@id\":\"https:\/\/www.domkraftpro.com\/#website\"},\"primaryImageOfPage\":{\"@id\":\"https:\/\/www.domkraftpro.com\/index.php\/produkt\/primo-od-vyrobce-protronix-prostorove-cidlo-relativni-vlhkosti-co2-nlii-co2-rh-20953\/#primaryimage\"},\"image\":{\"@id\":\"https:\/\/www.domkraftpro.com\/index.php\/produkt\/primo-od-vyrobce-protronix-prostorove-cidlo-relativni-vlhkosti-co2-nlii-co2-rh-20953\/#primaryimage\"},\"thumbnailUrl\":\"https:\/\/www.domkraftpro.com\/wp-content\/uploads\/2026\/SK0007746-CZ20260425-092632-0-1777080397-protronix-prostorove-cidlo-relativni-vlhkosti-co2-nlii-co2-.webp\",\"datePublished\":\"2026-04-27T04:41:15+00:00\",\"breadcrumb\":{\"@id\":\"https:\/\/www.domkraftpro.com\/index.php\/produkt\/primo-od-vyrobce-protronix-prostorove-cidlo-relativni-vlhkosti-co2-nlii-co2-rh-20953\/#breadcrumb\"},\"inLanguage\":\"cs\",\"potentialAction\":[{\"@type\":\"ReadAction\",\"target\":[\"https:\/\/www.domkraftpro.com\/index.php\/produkt\/primo-od-vyrobce-protronix-prostorove-cidlo-relativni-vlhkosti-co2-nlii-co2-rh-20953\/\"]}]},{\"@type\":\"ImageObject\",\"inLanguage\":\"cs\",\"@id\":\"https:\/\/www.domkraftpro.com\/index.php\/produkt\/primo-od-vyrobce-protronix-prostorove-cidlo-relativni-vlhkosti-co2-nlii-co2-rh-20953\/#primaryimage\",\"url\":\"https:\/\/www.domkraftpro.com\/wp-content\/uploads\/2026\/SK0007746-CZ20260425-092632-0-1777080397-protronix-prostorove-cidlo-relativni-vlhkosti-co2-nlii-co2-.webp\",\"contentUrl\":\"https:\/\/www.domkraftpro.com\/wp-content\/uploads\/2026\/SK0007746-CZ20260425-092632-0-1777080397-protronix-prostorove-cidlo-relativni-vlhkosti-co2-nlii-co2-.webp\",\"width\":600,\"height\":600},{\"@type\":\"BreadcrumbList\",\"@id\":\"https:\/\/www.domkraftpro.com\/index.php\/produkt\/primo-od-vyrobce-protronix-prostorove-cidlo-relativni-vlhkosti-co2-nlii-co2-rh-20953\/#breadcrumb\",\"itemListElement\":[{\"@type\":\"ListItem\",\"position\":1,\"name\":\"Home\",\"item\":\"https:\/\/www.domkraftpro.com\/\"},{\"@type\":\"ListItem\",\"position\":2,\"name\":\"Products\",\"item\":\"https:\/\/www.domkraftpro.com\/index.php\/products\/\"},{\"@type\":\"ListItem\",\"position\":3,\"name\":\"P\u0159\u00edmo Od V\u00fdrobce Protronix Prostorov\u00e9 \u010didlo relativn\u00ed vlhkosti + CO2, NLII-CO2+RH\"}]},{\"@type\":\"WebSite\",\"@id\":\"https:\/\/www.domkraftpro.com\/#website\",\"url\":\"https:\/\/www.domkraftpro.com\/\",\"name\":\"\",\"description\":\"\",\"potentialAction\":[{\"@type\":\"SearchAction\",\"target\":{\"@type\":\"EntryPoint\",\"urlTemplate\":\"https:\/\/www.domkraftpro.com\/?s={search_term_string}\"},\"query-input\":{\"@type\":\"PropertyValueSpecification\",\"valueRequired\":true,\"valueName\":\"search_term_string\"}}],\"inLanguage\":\"cs\"}]}<\/script>\n<!-- \/ Yoast SEO plugin. -->","yoast_head_json":{"title":"P\u0159\u00edmo Od V\u00fdrobce Protronix Prostorov\u00e9 \u010didlo relativn\u00ed vlhkosti + CO2, NLII-CO2+RH -","robots":{"index":"index","follow":"follow","max-snippet":"max-snippet:-1","max-image-preview":"max-image-preview:large","max-video-preview":"max-video-preview:-1"},"canonical":"https:\/\/www.domkraftpro.com\/index.php\/produkt\/primo-od-vyrobce-protronix-prostorove-cidlo-relativni-vlhkosti-co2-nlii-co2-rh-20953\/","og_locale":"cs_CZ","og_type":"article","og_title":"P\u0159\u00edmo Od V\u00fdrobce Protronix Prostorov\u00e9 \u010didlo relativn\u00ed vlhkosti + CO2, NLII-CO2+RH -","og_description":"Popis produktu Protronix Prostorov\u00e9 \u010didlo relativn\u00ed vlhkosti + CO2, NLII-CO2+RH Prostorov\u00e9 \u010didlo NLII-CO2+RH slou\u017e\u00ed pro sledov\u00e1n\u00ed kvality vzduchu v interi\u00e9ru budov a pro \u0159\u00edzen\u00ed v\u00fdkonu ventila\u010dn\u00edch (HVAC) syst\u00e9m\u016f dle aktu\u00e1ln\u00ed \u00farovn\u011b zne\u010di\u0161t\u011bn\u00ed vzduchu. M\u011b\u0159en\u00ed CO2&nbsp;pracuje na&nbsp;principu z\u00e1vislosti \u00fatlumu infra\u010derven\u00e9ho z\u00e1\u0159en\u00ed na&nbsp;koncentraci CO2&nbsp;ve&nbsp;vzduchu (tzv. NDIR). Vestav\u011bn\u00e1 automatick\u00e1 kalibra\u010dn\u00ed funkce zaji\u0161\u0165uje velmi dobrou dlouhodobou stabilitu. M\u011b\u0159en\u00ed relativn\u00ed [&hellip;]","og_url":"https:\/\/www.domkraftpro.com\/index.php\/produkt\/primo-od-vyrobce-protronix-prostorove-cidlo-relativni-vlhkosti-co2-nlii-co2-rh-20953\/","og_image":[{"width":600,"height":600,"url":"https:\/\/www.domkraftpro.com\/wp-content\/uploads\/2026\/SK0007746-CZ20260425-092632-0-1777080397-protronix-prostorove-cidlo-relativni-vlhkosti-co2-nlii-co2-.webp","type":"image\/webp"}],"twitter_card":"summary_large_image","twitter_misc":{"Odhadovan\u00e1 doba \u010dten\u00ed":"1 minuta"},"schema":{"@context":"https:\/\/schema.org","@graph":[{"@type":"WebPage","@id":"https:\/\/www.domkraftpro.com\/index.php\/produkt\/primo-od-vyrobce-protronix-prostorove-cidlo-relativni-vlhkosti-co2-nlii-co2-rh-20953\/","url":"https:\/\/www.domkraftpro.com\/index.php\/produkt\/primo-od-vyrobce-protronix-prostorove-cidlo-relativni-vlhkosti-co2-nlii-co2-rh-20953\/","name":"P\u0159\u00edmo Od V\u00fdrobce Protronix Prostorov\u00e9 \u010didlo relativn\u00ed vlhkosti + CO2, NLII-CO2+RH -","isPartOf":{"@id":"https:\/\/www.domkraftpro.com\/#website"},"primaryImageOfPage":{"@id":"https:\/\/www.domkraftpro.com\/index.php\/produkt\/primo-od-vyrobce-protronix-prostorove-cidlo-relativni-vlhkosti-co2-nlii-co2-rh-20953\/#primaryimage"},"image":{"@id":"https:\/\/www.domkraftpro.com\/index.php\/produkt\/primo-od-vyrobce-protronix-prostorove-cidlo-relativni-vlhkosti-co2-nlii-co2-rh-20953\/#primaryimage"},"thumbnailUrl":"https:\/\/www.domkraftpro.com\/wp-content\/uploads\/2026\/SK0007746-CZ20260425-092632-0-1777080397-protronix-prostorove-cidlo-relativni-vlhkosti-co2-nlii-co2-.webp","datePublished":"2026-04-27T04:41:15+00:00","breadcrumb":{"@id":"https:\/\/www.domkraftpro.com\/index.php\/produkt\/primo-od-vyrobce-protronix-prostorove-cidlo-relativni-vlhkosti-co2-nlii-co2-rh-20953\/#breadcrumb"},"inLanguage":"cs","potentialAction":[{"@type":"ReadAction","target":["https:\/\/www.domkraftpro.com\/index.php\/produkt\/primo-od-vyrobce-protronix-prostorove-cidlo-relativni-vlhkosti-co2-nlii-co2-rh-20953\/"]}]},{"@type":"ImageObject","inLanguage":"cs","@id":"https:\/\/www.domkraftpro.com\/index.php\/produkt\/primo-od-vyrobce-protronix-prostorove-cidlo-relativni-vlhkosti-co2-nlii-co2-rh-20953\/#primaryimage","url":"https:\/\/www.domkraftpro.com\/wp-content\/uploads\/2026\/SK0007746-CZ20260425-092632-0-1777080397-protronix-prostorove-cidlo-relativni-vlhkosti-co2-nlii-co2-.webp","contentUrl":"https:\/\/www.domkraftpro.com\/wp-content\/uploads\/2026\/SK0007746-CZ20260425-092632-0-1777080397-protronix-prostorove-cidlo-relativni-vlhkosti-co2-nlii-co2-.webp","width":600,"height":600},{"@type":"BreadcrumbList","@id":"https:\/\/www.domkraftpro.com\/index.php\/produkt\/primo-od-vyrobce-protronix-prostorove-cidlo-relativni-vlhkosti-co2-nlii-co2-rh-20953\/#breadcrumb","itemListElement":[{"@type":"ListItem","position":1,"name":"Home","item":"https:\/\/www.domkraftpro.com\/"},{"@type":"ListItem","position":2,"name":"Products","item":"https:\/\/www.domkraftpro.com\/index.php\/products\/"},{"@type":"ListItem","position":3,"name":"P\u0159\u00edmo Od V\u00fdrobce Protronix Prostorov\u00e9 \u010didlo relativn\u00ed vlhkosti + CO2, NLII-CO2+RH"}]},{"@type":"WebSite","@id":"https:\/\/www.domkraftpro.com\/#website","url":"https:\/\/www.domkraftpro.com\/","name":"","description":"","potentialAction":[{"@type":"SearchAction","target":{"@type":"EntryPoint","urlTemplate":"https:\/\/www.domkraftpro.com\/?s={search_term_string}"},"query-input":{"@type":"PropertyValueSpecification","valueRequired":true,"valueName":"search_term_string"}}],"inLanguage":"cs"}]}},"_links":{"self":[{"href":"https:\/\/www.domkraftpro.com\/index.php\/wp-json\/wp\/v2\/product\/20953","targetHints":{"allow":["GET"]}}],"collection":[{"href":"https:\/\/www.domkraftpro.com\/index.php\/wp-json\/wp\/v2\/product"}],"about":[{"href":"https:\/\/www.domkraftpro.com\/index.php\/wp-json\/wp\/v2\/types\/product"}],"replies":[{"embeddable":true,"href":"https:\/\/www.domkraftpro.com\/index.php\/wp-json\/wp\/v2\/comments?post=20953"}],"wp:featuredmedia":[{"embeddable":true,"href":"https:\/\/www.domkraftpro.com\/index.php\/wp-json\/wp\/v2\/media\/21053"}],"wp:attachment":[{"href":"https:\/\/www.domkraftpro.com\/index.php\/wp-json\/wp\/v2\/media?parent=20953"}],"wp:term":[{"taxonomy":"product_brand","embeddable":true,"href":"https:\/\/www.domkraftpro.com\/index.php\/wp-json\/wp\/v2\/product_brand?post=20953"},{"taxonomy":"product_cat","embeddable":true,"href":"https:\/\/www.domkraftpro.com\/index.php\/wp-json\/wp\/v2\/product_cat?post=20953"},{"taxonomy":"product_tag","embeddable":true,"href":"https:\/\/www.domkraftpro.com\/index.php\/wp-json\/wp\/v2\/product_tag?post=20953"}],"curies":[{"name":"wp","href":"https:\/\/api.w.org\/{rel}","templated":true}]}}