{"id":20781,"date":"2026-04-27T04:41:15","date_gmt":"2026-04-27T04:41:15","guid":{"rendered":""},"modified":"2026-04-27T04:41:15","modified_gmt":"2026-04-27T04:41:15","slug":"znackovy-mereo-kasia-nastenny-kohoutek-1-2-20781","status":"publish","type":"product","link":"https:\/\/www.domkraftpro.com\/index.php\/produkt\/znackovy-mereo-kasia-nastenny-kohoutek-1-2-20781\/","title":{"rendered":"Zna\u010dkov\u00fd Mereo Kasia N\u00e1st\u011bnn\u00fd kohoutek 1\/2&#8243;"},"content":{"rendered":"<div class=\"ProductDetail-content NoFixImageContainer\" id=\"productDescription\">\n<div class=\"Heading\">\n<h2 class=\"Heading-title\">Popis produktu <span class=''>Mereo Kasia N\u00e1st\u011bnn\u00fd kohoutek 1\/2&#8243;<\/span><\/h2>\n<\/p><\/div>\n<div class=\"ProductDetailContent\">                                                                    <\/div>\n<div class=\"ProductDetailContent\">\n<div class=\"ProductDetailContent-item\">                                            Vodovodn\u00ed baterie vyzna\u010duj\u00edc\u00ed se spolehlivost\u00ed, dlouhou \u017eivotnost\u00ed, elegantn\u00edm vzhledem a kvalitn\u00ed povrchovou \u00fapravou. N\u00e1st\u011bnn\u00e9 baterie jsou v rozte\u010di 100 i 150 mm. Kr\u00e1tk\u00fd chod ovl\u00e1dac\u00ed hlavice zaji\u0161\u0165uj\u00edc\u00ed pln\u00e9 otev\u0159en\u00ed pooto\u010den\u00edm o 90\u00b0.<\/p>\n<p>&#8211; kohoutek je dod\u00e1v\u00e1n s keramick\u00fdm vr\u0161kem<br \/>&#8211; garantovan\u00e1 z\u00e1ruka 5 let<br \/>&#8211; servis vodovodn\u00edch bateri\u00ed zaji\u0161t\u011bn\u00fd v r\u00e1mci \u010cR a SR                                        <\/div>\n<div class=\"ProductDetailContent-item\">\n<ul>\n<li>Typ: <strong>Klasick\u00e9 oto\u010dn\u00e9<\/strong><\/li>\n<li>Barva: <strong>Chrom<\/strong><\/li>\n<li>S\u00e9rie: <strong>Kasia<\/strong><\/li>\n<li>Design: <strong>Obl\u00fd<\/strong><\/li>\n<li>Materi\u00e1l: <strong>Pochromovan\u00e1 mosaz<\/strong><\/li>\n<li>Varianta: <strong>N\u00e1st\u011bnn\u00e1<\/strong><\/li>\n<li>Ovl\u00e1d\u00e1n\u00ed baterie: <strong>Kohoutkov\u00e1<\/strong><\/li>\n<\/ul><\/div>\n<\/p><\/div>\n<\/p><\/div>\n<\/p><\/div>\n<\/p><\/div>\n","protected":false},"excerpt":{"rendered":"<p>Popis produktu Mereo Kasia N\u00e1st\u011bnn\u00fd kohoutek 1\/2&#8243; Vodovodn\u00ed baterie vyzna\u010duj\u00edc\u00ed se spolehlivost\u00ed, dlouhou \u017eivotnost\u00ed, elegantn\u00edm vzhledem a kvalitn\u00ed povrchovou \u00fapravou. N\u00e1st\u011bnn\u00e9 baterie jsou v rozte\u010di 100 i 150 mm. Kr\u00e1tk\u00fd chod ovl\u00e1dac\u00ed hlavice zaji\u0161\u0165uj\u00edc\u00ed pln\u00e9 otev\u0159en\u00ed pooto\u010den\u00edm o 90\u00b0. &#8211; kohoutek je dod\u00e1v\u00e1n s keramick\u00fdm vr\u0161kem&#8211; garantovan\u00e1 z\u00e1ruka 5 let&#8211; servis vodovodn\u00edch bateri\u00ed zaji\u0161t\u011bn\u00fd v [&hellip;]<\/p>\n","protected":false},"featured_media":20881,"comment_status":"open","ping_status":"open","template":"","meta":[],"product_brand":[],"product_cat":[90],"product_tag":[],"class_list":{"0":"post-20781","1":"product","2":"type-product","3":"status-publish","4":"has-post-thumbnail","6":"product_cat-koupelny","8":"first","9":"instock","10":"sale","11":"shipping-taxable","12":"purchasable","13":"product-type-simple"},"yoast_head":"<!-- This site is optimized with the Yoast SEO plugin v26.8 - https:\/\/yoast.com\/product\/yoast-seo-wordpress\/ -->\n<title>Zna\u010dkov\u00fd Mereo Kasia N\u00e1st\u011bnn\u00fd kohoutek 1\/2&quot; -<\/title>\n<meta name=\"robots\" content=\"index, follow, max-snippet:-1, max-image-preview:large, max-video-preview:-1\" \/>\n<link rel=\"canonical\" href=\"https:\/\/www.domkraftpro.com\/index.php\/produkt\/znackovy-mereo-kasia-nastenny-kohoutek-1-2-20781\/\" \/>\n<meta property=\"og:locale\" content=\"cs_CZ\" \/>\n<meta property=\"og:type\" content=\"article\" \/>\n<meta property=\"og:title\" content=\"Zna\u010dkov\u00fd Mereo Kasia N\u00e1st\u011bnn\u00fd kohoutek 1\/2&quot; -\" \/>\n<meta property=\"og:description\" content=\"Popis produktu Mereo Kasia N\u00e1st\u011bnn\u00fd kohoutek 1\/2&#8243; Vodovodn\u00ed baterie vyzna\u010duj\u00edc\u00ed se spolehlivost\u00ed, dlouhou \u017eivotnost\u00ed, elegantn\u00edm vzhledem a kvalitn\u00ed povrchovou \u00fapravou. N\u00e1st\u011bnn\u00e9 baterie jsou v rozte\u010di 100 i 150 mm. Kr\u00e1tk\u00fd chod ovl\u00e1dac\u00ed hlavice zaji\u0161\u0165uj\u00edc\u00ed pln\u00e9 otev\u0159en\u00ed pooto\u010den\u00edm o 90\u00b0. &#8211; kohoutek je dod\u00e1v\u00e1n s keramick\u00fdm vr\u0161kem&#8211; garantovan\u00e1 z\u00e1ruka 5 let&#8211; servis vodovodn\u00edch bateri\u00ed zaji\u0161t\u011bn\u00fd v [&hellip;]\" \/>\n<meta property=\"og:url\" content=\"https:\/\/www.domkraftpro.com\/index.php\/produkt\/znackovy-mereo-kasia-nastenny-kohoutek-1-2-20781\/\" \/>\n<meta property=\"og:image\" content=\"https:\/\/www.domkraftpro.com\/wp-content\/uploads\/2026\/SK0007674-CZ20260425-092632-0-1777080397-mereo-kasia-nastenny-kohoutek-1-2-986589.webp\" \/>\n\t<meta property=\"og:image:width\" content=\"600\" \/>\n\t<meta property=\"og:image:height\" content=\"600\" \/>\n\t<meta property=\"og:image:type\" content=\"image\/webp\" \/>\n<meta name=\"twitter:card\" content=\"summary_large_image\" \/>\n<script type=\"application\/ld+json\" class=\"yoast-schema-graph\">{\"@context\":\"https:\/\/schema.org\",\"@graph\":[{\"@type\":\"WebPage\",\"@id\":\"https:\/\/www.domkraftpro.com\/index.php\/produkt\/znackovy-mereo-kasia-nastenny-kohoutek-1-2-20781\/\",\"url\":\"https:\/\/www.domkraftpro.com\/index.php\/produkt\/znackovy-mereo-kasia-nastenny-kohoutek-1-2-20781\/\",\"name\":\"Zna\u010dkov\u00fd Mereo Kasia N\u00e1st\u011bnn\u00fd kohoutek 1\/2\\\" -\",\"isPartOf\":{\"@id\":\"https:\/\/www.domkraftpro.com\/#website\"},\"primaryImageOfPage\":{\"@id\":\"https:\/\/www.domkraftpro.com\/index.php\/produkt\/znackovy-mereo-kasia-nastenny-kohoutek-1-2-20781\/#primaryimage\"},\"image\":{\"@id\":\"https:\/\/www.domkraftpro.com\/index.php\/produkt\/znackovy-mereo-kasia-nastenny-kohoutek-1-2-20781\/#primaryimage\"},\"thumbnailUrl\":\"https:\/\/www.domkraftpro.com\/wp-content\/uploads\/2026\/SK0007674-CZ20260425-092632-0-1777080397-mereo-kasia-nastenny-kohoutek-1-2-986589.webp\",\"datePublished\":\"2026-04-27T04:41:15+00:00\",\"breadcrumb\":{\"@id\":\"https:\/\/www.domkraftpro.com\/index.php\/produkt\/znackovy-mereo-kasia-nastenny-kohoutek-1-2-20781\/#breadcrumb\"},\"inLanguage\":\"cs\",\"potentialAction\":[{\"@type\":\"ReadAction\",\"target\":[\"https:\/\/www.domkraftpro.com\/index.php\/produkt\/znackovy-mereo-kasia-nastenny-kohoutek-1-2-20781\/\"]}]},{\"@type\":\"ImageObject\",\"inLanguage\":\"cs\",\"@id\":\"https:\/\/www.domkraftpro.com\/index.php\/produkt\/znackovy-mereo-kasia-nastenny-kohoutek-1-2-20781\/#primaryimage\",\"url\":\"https:\/\/www.domkraftpro.com\/wp-content\/uploads\/2026\/SK0007674-CZ20260425-092632-0-1777080397-mereo-kasia-nastenny-kohoutek-1-2-986589.webp\",\"contentUrl\":\"https:\/\/www.domkraftpro.com\/wp-content\/uploads\/2026\/SK0007674-CZ20260425-092632-0-1777080397-mereo-kasia-nastenny-kohoutek-1-2-986589.webp\",\"width\":600,\"height\":600},{\"@type\":\"BreadcrumbList\",\"@id\":\"https:\/\/www.domkraftpro.com\/index.php\/produkt\/znackovy-mereo-kasia-nastenny-kohoutek-1-2-20781\/#breadcrumb\",\"itemListElement\":[{\"@type\":\"ListItem\",\"position\":1,\"name\":\"Home\",\"item\":\"https:\/\/www.domkraftpro.com\/\"},{\"@type\":\"ListItem\",\"position\":2,\"name\":\"Products\",\"item\":\"https:\/\/www.domkraftpro.com\/index.php\/products\/\"},{\"@type\":\"ListItem\",\"position\":3,\"name\":\"Zna\u010dkov\u00fd Mereo Kasia N\u00e1st\u011bnn\u00fd kohoutek 1\/2&#8243;\"}]},{\"@type\":\"WebSite\",\"@id\":\"https:\/\/www.domkraftpro.com\/#website\",\"url\":\"https:\/\/www.domkraftpro.com\/\",\"name\":\"\",\"description\":\"\",\"potentialAction\":[{\"@type\":\"SearchAction\",\"target\":{\"@type\":\"EntryPoint\",\"urlTemplate\":\"https:\/\/www.domkraftpro.com\/?s={search_term_string}\"},\"query-input\":{\"@type\":\"PropertyValueSpecification\",\"valueRequired\":true,\"valueName\":\"search_term_string\"}}],\"inLanguage\":\"cs\"}]}<\/script>\n<!-- \/ Yoast SEO plugin. -->","yoast_head_json":{"title":"Zna\u010dkov\u00fd Mereo Kasia N\u00e1st\u011bnn\u00fd kohoutek 1\/2\" -","robots":{"index":"index","follow":"follow","max-snippet":"max-snippet:-1","max-image-preview":"max-image-preview:large","max-video-preview":"max-video-preview:-1"},"canonical":"https:\/\/www.domkraftpro.com\/index.php\/produkt\/znackovy-mereo-kasia-nastenny-kohoutek-1-2-20781\/","og_locale":"cs_CZ","og_type":"article","og_title":"Zna\u010dkov\u00fd Mereo Kasia N\u00e1st\u011bnn\u00fd kohoutek 1\/2\" -","og_description":"Popis produktu Mereo Kasia N\u00e1st\u011bnn\u00fd kohoutek 1\/2&#8243; Vodovodn\u00ed baterie vyzna\u010duj\u00edc\u00ed se spolehlivost\u00ed, dlouhou \u017eivotnost\u00ed, elegantn\u00edm vzhledem a kvalitn\u00ed povrchovou \u00fapravou. N\u00e1st\u011bnn\u00e9 baterie jsou v rozte\u010di 100 i 150 mm. Kr\u00e1tk\u00fd chod ovl\u00e1dac\u00ed hlavice zaji\u0161\u0165uj\u00edc\u00ed pln\u00e9 otev\u0159en\u00ed pooto\u010den\u00edm o 90\u00b0. &#8211; kohoutek je dod\u00e1v\u00e1n s keramick\u00fdm vr\u0161kem&#8211; garantovan\u00e1 z\u00e1ruka 5 let&#8211; servis vodovodn\u00edch bateri\u00ed zaji\u0161t\u011bn\u00fd v [&hellip;]","og_url":"https:\/\/www.domkraftpro.com\/index.php\/produkt\/znackovy-mereo-kasia-nastenny-kohoutek-1-2-20781\/","og_image":[{"width":600,"height":600,"url":"https:\/\/www.domkraftpro.com\/wp-content\/uploads\/2026\/SK0007674-CZ20260425-092632-0-1777080397-mereo-kasia-nastenny-kohoutek-1-2-986589.webp","type":"image\/webp"}],"twitter_card":"summary_large_image","schema":{"@context":"https:\/\/schema.org","@graph":[{"@type":"WebPage","@id":"https:\/\/www.domkraftpro.com\/index.php\/produkt\/znackovy-mereo-kasia-nastenny-kohoutek-1-2-20781\/","url":"https:\/\/www.domkraftpro.com\/index.php\/produkt\/znackovy-mereo-kasia-nastenny-kohoutek-1-2-20781\/","name":"Zna\u010dkov\u00fd Mereo Kasia N\u00e1st\u011bnn\u00fd kohoutek 1\/2\" -","isPartOf":{"@id":"https:\/\/www.domkraftpro.com\/#website"},"primaryImageOfPage":{"@id":"https:\/\/www.domkraftpro.com\/index.php\/produkt\/znackovy-mereo-kasia-nastenny-kohoutek-1-2-20781\/#primaryimage"},"image":{"@id":"https:\/\/www.domkraftpro.com\/index.php\/produkt\/znackovy-mereo-kasia-nastenny-kohoutek-1-2-20781\/#primaryimage"},"thumbnailUrl":"https:\/\/www.domkraftpro.com\/wp-content\/uploads\/2026\/SK0007674-CZ20260425-092632-0-1777080397-mereo-kasia-nastenny-kohoutek-1-2-986589.webp","datePublished":"2026-04-27T04:41:15+00:00","breadcrumb":{"@id":"https:\/\/www.domkraftpro.com\/index.php\/produkt\/znackovy-mereo-kasia-nastenny-kohoutek-1-2-20781\/#breadcrumb"},"inLanguage":"cs","potentialAction":[{"@type":"ReadAction","target":["https:\/\/www.domkraftpro.com\/index.php\/produkt\/znackovy-mereo-kasia-nastenny-kohoutek-1-2-20781\/"]}]},{"@type":"ImageObject","inLanguage":"cs","@id":"https:\/\/www.domkraftpro.com\/index.php\/produkt\/znackovy-mereo-kasia-nastenny-kohoutek-1-2-20781\/#primaryimage","url":"https:\/\/www.domkraftpro.com\/wp-content\/uploads\/2026\/SK0007674-CZ20260425-092632-0-1777080397-mereo-kasia-nastenny-kohoutek-1-2-986589.webp","contentUrl":"https:\/\/www.domkraftpro.com\/wp-content\/uploads\/2026\/SK0007674-CZ20260425-092632-0-1777080397-mereo-kasia-nastenny-kohoutek-1-2-986589.webp","width":600,"height":600},{"@type":"BreadcrumbList","@id":"https:\/\/www.domkraftpro.com\/index.php\/produkt\/znackovy-mereo-kasia-nastenny-kohoutek-1-2-20781\/#breadcrumb","itemListElement":[{"@type":"ListItem","position":1,"name":"Home","item":"https:\/\/www.domkraftpro.com\/"},{"@type":"ListItem","position":2,"name":"Products","item":"https:\/\/www.domkraftpro.com\/index.php\/products\/"},{"@type":"ListItem","position":3,"name":"Zna\u010dkov\u00fd Mereo Kasia N\u00e1st\u011bnn\u00fd kohoutek 1\/2&#8243;"}]},{"@type":"WebSite","@id":"https:\/\/www.domkraftpro.com\/#website","url":"https:\/\/www.domkraftpro.com\/","name":"","description":"","potentialAction":[{"@type":"SearchAction","target":{"@type":"EntryPoint","urlTemplate":"https:\/\/www.domkraftpro.com\/?s={search_term_string}"},"query-input":{"@type":"PropertyValueSpecification","valueRequired":true,"valueName":"search_term_string"}}],"inLanguage":"cs"}]}},"_links":{"self":[{"href":"https:\/\/www.domkraftpro.com\/index.php\/wp-json\/wp\/v2\/product\/20781","targetHints":{"allow":["GET"]}}],"collection":[{"href":"https:\/\/www.domkraftpro.com\/index.php\/wp-json\/wp\/v2\/product"}],"about":[{"href":"https:\/\/www.domkraftpro.com\/index.php\/wp-json\/wp\/v2\/types\/product"}],"replies":[{"embeddable":true,"href":"https:\/\/www.domkraftpro.com\/index.php\/wp-json\/wp\/v2\/comments?post=20781"}],"wp:featuredmedia":[{"embeddable":true,"href":"https:\/\/www.domkraftpro.com\/index.php\/wp-json\/wp\/v2\/media\/20881"}],"wp:attachment":[{"href":"https:\/\/www.domkraftpro.com\/index.php\/wp-json\/wp\/v2\/media?parent=20781"}],"wp:term":[{"taxonomy":"product_brand","embeddable":true,"href":"https:\/\/www.domkraftpro.com\/index.php\/wp-json\/wp\/v2\/product_brand?post=20781"},{"taxonomy":"product_cat","embeddable":true,"href":"https:\/\/www.domkraftpro.com\/index.php\/wp-json\/wp\/v2\/product_cat?post=20781"},{"taxonomy":"product_tag","embeddable":true,"href":"https:\/\/www.domkraftpro.com\/index.php\/wp-json\/wp\/v2\/product_tag?post=20781"}],"curies":[{"name":"wp","href":"https:\/\/api.w.org\/{rel}","templated":true}]}}