{"id":20779,"date":"2026-04-27T04:41:15","date_gmt":"2026-04-27T04:41:15","guid":{"rendered":""},"modified":"2026-04-27T04:41:15","modified_gmt":"2026-04-27T04:41:15","slug":"akce-polysan-tigra-l-asymetricka-vana-s-podstavcem-150x75x46cm-20779","status":"publish","type":"product","link":"https:\/\/www.domkraftpro.com\/produkt\/akce-polysan-tigra-l-asymetricka-vana-s-podstavcem-150x75x46cm-20779\/","title":{"rendered":"Akce Polysan Tigra L Asymetrick\u00e1 vana s podstavcem 150x75x46cm"},"content":{"rendered":"<div class=\"ProductDetail-content NoFixImageContainer\" id=\"productDescription\">\n<div class=\"Heading\">\n<h2 class=\"Heading-title\">Popis produktu <span class=''>Polysan Tigra L Asymetrick\u00e1 vana s podstavcem 150x75x46cm<\/span><\/h2>\n<\/p><\/div>\n<div class=\"ProductDetailContent\">                                                                    <\/div>\n<div class=\"ProductDetailContent\">\n<div class=\"ProductDetailContent-item\">                                            Barva: B\u00edl\u00e1<br \/>\u0160\u00ed\u0159ka: 750 mm<br \/>V\u00fd\u0161ka: 460 mm<br \/>Balen\u00ed: 1 ks<br \/>Tvar: Asymetrick\u00e9<br \/>Instalace: Mo\u017enost panelu;Instalace do lev\u00e9ho rohu<br \/>Pr\u016fm\u011br odpadu: 52 mm<br \/>Rozm\u011br: 150x75x46cm<br \/>Objem: 180 l<br \/>D\u00e9lka: 1500 mm<br \/>Materi\u00e1l: Akryl\u00e1t<br \/>Z\u00e1ruka: 10 let                                        <\/div>\n<div class=\"ProductDetailContent-item\">\n<ul style=\"list-style-type: disc;\">\n<li>Asymetrick\u00e9 vany jsou ur\u010deny do mal\u00fdch koupelen<\/li>\n<li>Vnit\u0159n\u00ed prostor vany je v\u011bt\u0161\u00ed ne\u017e u klasick\u00e9 obd\u00e9ln\u00edkov\u00e9<\/li>\n<li>V&nbsp;kombinaci se sprchovou z\u00e1st\u011bnou vy\u0159e\u0161\u00ed sprchov\u00e1n\u00ed v&nbsp;mal\u00e9m prostoru<\/li>\n<li><strong>Podm\u00ednkou z\u00e1ruky na produkt je pou\u017eit\u00ed doporu\u010den\u00e9ho typu podstavce<\/strong><strong><br \/><\/strong><\/li>\n<li>Tvar vany TIGRA <strong>neumo\u017e\u0148uje<\/strong> mont\u00e1\u017e vanov\u00e9 soupravy s napou\u0161t\u011bn\u00edm<\/li>\n<\/ul><\/div>\n<div class=\"ProductDetailContent-item\">\n<h3>Vysv\u011btlivky<\/h3>\n<div class=\"product-explanation-item\">\n<h3>Akryl\u00e1t<\/h3>\n<p style=\"text-align: justify;\">Akryl\u00e1tov\u00e9 vany a vani\u010dky jsou vyr\u00e1b\u011bny ze zna\u010dkov\u00e9ho akryl\u00e1tu Akripol. Na rozd\u00edl od koextrudovan\u00fdch akryl\u00e1tov\u00fdch desek, kter\u00e9 maj\u00ed m\u011bk\u010d\u00ed povrch a men\u0161\u00ed chemickou odolnost, se akryl\u00e1t Akripol vyr\u00e1b\u00ed lit\u00edm. To mj. znamen\u00e1, \u017ee je probarven\u00fd v cel\u00e9 tlou\u0161\u0165ce, pln\u011b st\u00e1lobarevn\u00fd, nepor\u00e9zn\u00ed a s vysokou povrchovou pevnost\u00ed. M\u00e1 hladk\u00fd povrch s minim\u00e1ln\u00ed mo\u017enost\u00ed uklouznut\u00ed a dob\u0159e tlum\u00ed hluk dopadaj\u00edc\u00ed vody.<\/p>\n<\/div><\/div>\n<div class=\"ProductDetailContent-item\">\n<div style=\"background-color:#f9f9f9; border-left:5px solid #4caf50; border-radius:8px; box-shadow:0 4px 12px rgba(0,0,0,0.1); font-family:Arial,sans-serif; margin-bottom:20px; padding:25px 20px 20px 20px; position:relative\"><!-- Ikona info v lev\u00e9m horn\u00edm rohu --><\/p>\n<div style=\"align-items:center; background-color:#4caf50; border-radius:50%; color:#ffffff; display:flex; font-size:18px; font-weight:bold; height:30px; justify-content:center; left:-10px; position:absolute; top:-10px; width:30px\">i<\/div>\n<h3 style=\"margin-left:15px\">\u2705 Kvalitn\u00ed mont\u00e1\u017e vany je z\u00e1klad pohodln\u00e9ho koup\u00e1n\u00ed \u2013 nechte to na n\u00e1s<\/h3>\n<p>Spr\u00e1vn\u00e1 mont\u00e1\u017e <strong>vany<\/strong> je kl\u00ed\u010dem k jej\u00ed dlouh\u00e9 \u017eivotnosti, bezpe\u010dnosti i bezprobl\u00e9mov\u00e9mu provozu. A\u0165 u\u017e se jedn\u00e1 o klasickou <strong>obd\u00e9ln\u00edkovou vanu<\/strong>, <strong>rohovou<\/strong>, <strong>asymetrickou<\/strong> \u010di <strong>voln\u011b stoj\u00edc\u00ed<\/strong>, je v\u017edy d\u016fle\u017eit\u00e9 zajistit precizn\u00ed usazen\u00ed, stabilitu a pe\u010dliv\u00e9 ut\u011bsn\u011bn\u00ed v\u0161ech napojen\u00ed.<\/p>\n<p><strong>Nab\u00edz\u00edme odbornou mont\u00e1\u017e van v\u0161ech typ\u016f i zna\u010dek<\/strong>. Postar\u00e1me se o p\u0159esn\u00e9 zam\u011b\u0159en\u00ed, demont\u00e1\u017e p\u016fvodn\u00ed vany, p\u0159\u00edpravu prostoru, instalaci vany v\u010detn\u011b napojen\u00ed na odpad a vodu, i osazen\u00ed <strong>vanov\u00e9 baterie<\/strong> nebo <strong>vanov\u00e9 z\u00e1st\u011bny<\/strong>. Po dokon\u010den\u00ed v\u017edy d\u016fsledn\u011b otestujeme funk\u010dnost a db\u00e1me na \u010dist\u00fd a profesion\u00e1ln\u00ed v\u00fdstup.<\/p>\n<p><strong>Mont\u00e1\u017e vany p\u0159enechte zku\u0161en\u00fdm odborn\u00edk\u016fm<\/strong>, vyhnete se nep\u0159esnostem, net\u011bsnostem nebo probl\u00e9m\u016fm s podlahou a izolac\u00ed. Pracujeme rychle, pe\u010dliv\u011b a s respektem k va\u0161emu interi\u00e9ru.<\/p>\n<\/div><\/div>\n<\/p><\/div>\n<\/p><\/div>\n<\/p><\/div>\n<\/p><\/div>\n","protected":false},"excerpt":{"rendered":"<p>Popis produktu Polysan Tigra L Asymetrick\u00e1 vana s podstavcem 150x75x46cm Barva: B\u00edl\u00e1\u0160\u00ed\u0159ka: 750 mmV\u00fd\u0161ka: 460 mmBalen\u00ed: 1 ksTvar: Asymetrick\u00e9Instalace: Mo\u017enost panelu;Instalace do lev\u00e9ho rohuPr\u016fm\u011br odpadu: 52 mmRozm\u011br: 150x75x46cmObjem: 180 lD\u00e9lka: 1500 mmMateri\u00e1l: Akryl\u00e1tZ\u00e1ruka: 10 let Asymetrick\u00e9 vany jsou ur\u010deny do mal\u00fdch koupelen Vnit\u0159n\u00ed prostor vany je v\u011bt\u0161\u00ed ne\u017e u klasick\u00e9 obd\u00e9ln\u00edkov\u00e9 V&nbsp;kombinaci se sprchovou z\u00e1st\u011bnou [&hellip;]<\/p>\n","protected":false},"featured_media":20879,"template":"","meta":[],"product_brand":[],"product_cat":[90],"product_tag":[],"class_list":{"0":"post-20779","1":"product","2":"type-product","3":"status-publish","4":"has-post-thumbnail","6":"product_cat-koupelny","8":"first","9":"instock","10":"sale","11":"shipping-taxable","12":"purchasable","13":"product-type-simple"},"yoast_head":"<!-- This site is optimized with the Yoast SEO plugin v26.8 - https:\/\/yoast.com\/product\/yoast-seo-wordpress\/ -->\n<title>Akce Polysan Tigra L Asymetrick\u00e1 vana s podstavcem 150x75x46cm - Koupelna &amp; N\u00e1\u0159ad\u00ed &amp; Osv\u011btlen\u00ed a Stavebn\u00ed pot\u0159by<\/title>\n<meta name=\"robots\" content=\"index, follow, max-snippet:-1, max-image-preview:large, max-video-preview:-1\" \/>\n<link rel=\"canonical\" href=\"https:\/\/www.domkraftpro.com\/index.php\/produkt\/akce-polysan-tigra-l-asymetricka-vana-s-podstavcem-150x75x46cm-20779\/\" \/>\n<meta property=\"og:locale\" content=\"cs_CZ\" \/>\n<meta property=\"og:type\" content=\"article\" \/>\n<meta property=\"og:title\" content=\"Akce Polysan Tigra L Asymetrick\u00e1 vana s podstavcem 150x75x46cm - Koupelna &amp; N\u00e1\u0159ad\u00ed &amp; Osv\u011btlen\u00ed a Stavebn\u00ed pot\u0159by\" \/>\n<meta property=\"og:description\" content=\"Popis produktu Polysan Tigra L Asymetrick\u00e1 vana s podstavcem 150x75x46cm Barva: B\u00edl\u00e1\u0160\u00ed\u0159ka: 750 mmV\u00fd\u0161ka: 460 mmBalen\u00ed: 1 ksTvar: Asymetrick\u00e9Instalace: Mo\u017enost panelu;Instalace do lev\u00e9ho rohuPr\u016fm\u011br odpadu: 52 mmRozm\u011br: 150x75x46cmObjem: 180 lD\u00e9lka: 1500 mmMateri\u00e1l: Akryl\u00e1tZ\u00e1ruka: 10 let Asymetrick\u00e9 vany jsou ur\u010deny do mal\u00fdch koupelen Vnit\u0159n\u00ed prostor vany je v\u011bt\u0161\u00ed ne\u017e u klasick\u00e9 obd\u00e9ln\u00edkov\u00e9 V&nbsp;kombinaci se sprchovou z\u00e1st\u011bnou [&hellip;]\" \/>\n<meta property=\"og:url\" content=\"https:\/\/www.domkraftpro.com\/index.php\/produkt\/akce-polysan-tigra-l-asymetricka-vana-s-podstavcem-150x75x46cm-20779\/\" \/>\n<meta property=\"og:site_name\" content=\"Koupelna &amp; N\u00e1\u0159ad\u00ed &amp; Osv\u011btlen\u00ed a Stavebn\u00ed pot\u0159by\" \/>\n<meta property=\"og:image\" content=\"https:\/\/www.domkraftpro.com\/wp-content\/uploads\/2026\/SK0007672-CZ20260425-092632-0-1777080397-polysan-tigra-l-asymetricka-vana-s-podstavcem-150x75x46cm-4.webp\" \/>\n\t<meta property=\"og:image:width\" content=\"600\" \/>\n\t<meta property=\"og:image:height\" content=\"285\" \/>\n\t<meta property=\"og:image:type\" content=\"image\/webp\" \/>\n<meta name=\"twitter:card\" content=\"summary_large_image\" \/>\n<meta name=\"twitter:label1\" content=\"Odhadovan\u00e1 doba \u010dten\u00ed\" \/>\n\t<meta name=\"twitter:data1\" content=\"2 minuty\" \/>\n<script type=\"application\/ld+json\" class=\"yoast-schema-graph\">{\"@context\":\"https:\/\/schema.org\",\"@graph\":[{\"@type\":\"WebPage\",\"@id\":\"https:\/\/www.domkraftpro.com\/index.php\/produkt\/akce-polysan-tigra-l-asymetricka-vana-s-podstavcem-150x75x46cm-20779\/\",\"url\":\"https:\/\/www.domkraftpro.com\/index.php\/produkt\/akce-polysan-tigra-l-asymetricka-vana-s-podstavcem-150x75x46cm-20779\/\",\"name\":\"Akce Polysan Tigra L Asymetrick\u00e1 vana s podstavcem 150x75x46cm - Koupelna &amp; N\u00e1\u0159ad\u00ed &amp; Osv\u011btlen\u00ed a Stavebn\u00ed pot\u0159by\",\"isPartOf\":{\"@id\":\"https:\/\/www.domkraftpro.com\/#website\"},\"primaryImageOfPage\":{\"@id\":\"https:\/\/www.domkraftpro.com\/index.php\/produkt\/akce-polysan-tigra-l-asymetricka-vana-s-podstavcem-150x75x46cm-20779\/#primaryimage\"},\"image\":{\"@id\":\"https:\/\/www.domkraftpro.com\/index.php\/produkt\/akce-polysan-tigra-l-asymetricka-vana-s-podstavcem-150x75x46cm-20779\/#primaryimage\"},\"thumbnailUrl\":\"https:\/\/www.domkraftpro.com\/wp-content\/uploads\/2026\/SK0007672-CZ20260425-092632-0-1777080397-polysan-tigra-l-asymetricka-vana-s-podstavcem-150x75x46cm-4.webp\",\"datePublished\":\"2026-04-27T04:41:15+00:00\",\"breadcrumb\":{\"@id\":\"https:\/\/www.domkraftpro.com\/index.php\/produkt\/akce-polysan-tigra-l-asymetricka-vana-s-podstavcem-150x75x46cm-20779\/#breadcrumb\"},\"inLanguage\":\"cs\",\"potentialAction\":[{\"@type\":\"ReadAction\",\"target\":[\"https:\/\/www.domkraftpro.com\/index.php\/produkt\/akce-polysan-tigra-l-asymetricka-vana-s-podstavcem-150x75x46cm-20779\/\"]}]},{\"@type\":\"ImageObject\",\"inLanguage\":\"cs\",\"@id\":\"https:\/\/www.domkraftpro.com\/index.php\/produkt\/akce-polysan-tigra-l-asymetricka-vana-s-podstavcem-150x75x46cm-20779\/#primaryimage\",\"url\":\"https:\/\/www.domkraftpro.com\/wp-content\/uploads\/2026\/SK0007672-CZ20260425-092632-0-1777080397-polysan-tigra-l-asymetricka-vana-s-podstavcem-150x75x46cm-4.webp\",\"contentUrl\":\"https:\/\/www.domkraftpro.com\/wp-content\/uploads\/2026\/SK0007672-CZ20260425-092632-0-1777080397-polysan-tigra-l-asymetricka-vana-s-podstavcem-150x75x46cm-4.webp\",\"width\":600,\"height\":285},{\"@type\":\"BreadcrumbList\",\"@id\":\"https:\/\/www.domkraftpro.com\/index.php\/produkt\/akce-polysan-tigra-l-asymetricka-vana-s-podstavcem-150x75x46cm-20779\/#breadcrumb\",\"itemListElement\":[{\"@type\":\"ListItem\",\"position\":1,\"name\":\"Home\",\"item\":\"https:\/\/www.domkraftpro.com\/\"},{\"@type\":\"ListItem\",\"position\":2,\"name\":\"Products\",\"item\":\"https:\/\/www.domkraftpro.com\/products\/\"},{\"@type\":\"ListItem\",\"position\":3,\"name\":\"Akce Polysan Tigra L Asymetrick\u00e1 vana s podstavcem 150x75x46cm\"}]},{\"@type\":\"WebSite\",\"@id\":\"https:\/\/www.domkraftpro.com\/#website\",\"url\":\"https:\/\/www.domkraftpro.com\/\",\"name\":\"Koupelna &amp; N\u00e1\u0159ad\u00ed &amp; Osv\u011btlen\u00ed a Stavebn\u00ed pot\u0159by\",\"description\":\"Koupelna &amp; N\u00e1\u0159ad\u00ed &amp; Osv\u011btlen\u00ed a Stavebn\u00ed pot\u0159by\",\"publisher\":{\"@id\":\"https:\/\/www.domkraftpro.com\/#organization\"},\"potentialAction\":[{\"@type\":\"SearchAction\",\"target\":{\"@type\":\"EntryPoint\",\"urlTemplate\":\"https:\/\/www.domkraftpro.com\/?s={search_term_string}\"},\"query-input\":{\"@type\":\"PropertyValueSpecification\",\"valueRequired\":true,\"valueName\":\"search_term_string\"}}],\"inLanguage\":\"cs\"},{\"@type\":\"Organization\",\"@id\":\"https:\/\/www.domkraftpro.com\/#organization\",\"name\":\"Koupelna &amp; N\u00e1\u0159ad\u00ed &amp; Osv\u011btlen\u00ed a Stavebn\u00ed pot\u0159by\",\"url\":\"https:\/\/www.domkraftpro.com\/\",\"logo\":{\"@type\":\"ImageObject\",\"inLanguage\":\"cs\",\"@id\":\"https:\/\/www.domkraftpro.com\/#\/schema\/logo\/image\/\",\"url\":\"https:\/\/www.domkraftpro.com\/wp-content\/uploads\/2026\/04\/domkraftpro_logo.svg\",\"contentUrl\":\"https:\/\/www.domkraftpro.com\/wp-content\/uploads\/2026\/04\/domkraftpro_logo.svg\",\"width\":760,\"height\":180,\"caption\":\"Koupelna &amp; N\u00e1\u0159ad\u00ed &amp; Osv\u011btlen\u00ed a Stavebn\u00ed pot\u0159by\"},\"image\":{\"@id\":\"https:\/\/www.domkraftpro.com\/#\/schema\/logo\/image\/\"}}]}<\/script>\n<!-- \/ Yoast SEO plugin. -->","yoast_head_json":{"title":"Akce Polysan Tigra L Asymetrick\u00e1 vana s podstavcem 150x75x46cm - Koupelna &amp; N\u00e1\u0159ad\u00ed &amp; Osv\u011btlen\u00ed a Stavebn\u00ed pot\u0159by","robots":{"index":"index","follow":"follow","max-snippet":"max-snippet:-1","max-image-preview":"max-image-preview:large","max-video-preview":"max-video-preview:-1"},"canonical":"https:\/\/www.domkraftpro.com\/index.php\/produkt\/akce-polysan-tigra-l-asymetricka-vana-s-podstavcem-150x75x46cm-20779\/","og_locale":"cs_CZ","og_type":"article","og_title":"Akce Polysan Tigra L Asymetrick\u00e1 vana s podstavcem 150x75x46cm - Koupelna &amp; N\u00e1\u0159ad\u00ed &amp; Osv\u011btlen\u00ed a Stavebn\u00ed pot\u0159by","og_description":"Popis produktu Polysan Tigra L Asymetrick\u00e1 vana s podstavcem 150x75x46cm Barva: B\u00edl\u00e1\u0160\u00ed\u0159ka: 750 mmV\u00fd\u0161ka: 460 mmBalen\u00ed: 1 ksTvar: Asymetrick\u00e9Instalace: Mo\u017enost panelu;Instalace do lev\u00e9ho rohuPr\u016fm\u011br odpadu: 52 mmRozm\u011br: 150x75x46cmObjem: 180 lD\u00e9lka: 1500 mmMateri\u00e1l: Akryl\u00e1tZ\u00e1ruka: 10 let Asymetrick\u00e9 vany jsou ur\u010deny do mal\u00fdch koupelen Vnit\u0159n\u00ed prostor vany je v\u011bt\u0161\u00ed ne\u017e u klasick\u00e9 obd\u00e9ln\u00edkov\u00e9 V&nbsp;kombinaci se sprchovou z\u00e1st\u011bnou [&hellip;]","og_url":"https:\/\/www.domkraftpro.com\/index.php\/produkt\/akce-polysan-tigra-l-asymetricka-vana-s-podstavcem-150x75x46cm-20779\/","og_site_name":"Koupelna &amp; N\u00e1\u0159ad\u00ed &amp; Osv\u011btlen\u00ed a Stavebn\u00ed pot\u0159by","og_image":[{"width":600,"height":285,"url":"https:\/\/www.domkraftpro.com\/wp-content\/uploads\/2026\/SK0007672-CZ20260425-092632-0-1777080397-polysan-tigra-l-asymetricka-vana-s-podstavcem-150x75x46cm-4.webp","type":"image\/webp"}],"twitter_card":"summary_large_image","twitter_misc":{"Odhadovan\u00e1 doba \u010dten\u00ed":"2 minuty"},"schema":{"@context":"https:\/\/schema.org","@graph":[{"@type":"WebPage","@id":"https:\/\/www.domkraftpro.com\/index.php\/produkt\/akce-polysan-tigra-l-asymetricka-vana-s-podstavcem-150x75x46cm-20779\/","url":"https:\/\/www.domkraftpro.com\/index.php\/produkt\/akce-polysan-tigra-l-asymetricka-vana-s-podstavcem-150x75x46cm-20779\/","name":"Akce Polysan Tigra L Asymetrick\u00e1 vana s podstavcem 150x75x46cm - Koupelna &amp; N\u00e1\u0159ad\u00ed &amp; Osv\u011btlen\u00ed a Stavebn\u00ed pot\u0159by","isPartOf":{"@id":"https:\/\/www.domkraftpro.com\/#website"},"primaryImageOfPage":{"@id":"https:\/\/www.domkraftpro.com\/index.php\/produkt\/akce-polysan-tigra-l-asymetricka-vana-s-podstavcem-150x75x46cm-20779\/#primaryimage"},"image":{"@id":"https:\/\/www.domkraftpro.com\/index.php\/produkt\/akce-polysan-tigra-l-asymetricka-vana-s-podstavcem-150x75x46cm-20779\/#primaryimage"},"thumbnailUrl":"https:\/\/www.domkraftpro.com\/wp-content\/uploads\/2026\/SK0007672-CZ20260425-092632-0-1777080397-polysan-tigra-l-asymetricka-vana-s-podstavcem-150x75x46cm-4.webp","datePublished":"2026-04-27T04:41:15+00:00","breadcrumb":{"@id":"https:\/\/www.domkraftpro.com\/index.php\/produkt\/akce-polysan-tigra-l-asymetricka-vana-s-podstavcem-150x75x46cm-20779\/#breadcrumb"},"inLanguage":"cs","potentialAction":[{"@type":"ReadAction","target":["https:\/\/www.domkraftpro.com\/index.php\/produkt\/akce-polysan-tigra-l-asymetricka-vana-s-podstavcem-150x75x46cm-20779\/"]}]},{"@type":"ImageObject","inLanguage":"cs","@id":"https:\/\/www.domkraftpro.com\/index.php\/produkt\/akce-polysan-tigra-l-asymetricka-vana-s-podstavcem-150x75x46cm-20779\/#primaryimage","url":"https:\/\/www.domkraftpro.com\/wp-content\/uploads\/2026\/SK0007672-CZ20260425-092632-0-1777080397-polysan-tigra-l-asymetricka-vana-s-podstavcem-150x75x46cm-4.webp","contentUrl":"https:\/\/www.domkraftpro.com\/wp-content\/uploads\/2026\/SK0007672-CZ20260425-092632-0-1777080397-polysan-tigra-l-asymetricka-vana-s-podstavcem-150x75x46cm-4.webp","width":600,"height":285},{"@type":"BreadcrumbList","@id":"https:\/\/www.domkraftpro.com\/index.php\/produkt\/akce-polysan-tigra-l-asymetricka-vana-s-podstavcem-150x75x46cm-20779\/#breadcrumb","itemListElement":[{"@type":"ListItem","position":1,"name":"Home","item":"https:\/\/www.domkraftpro.com\/"},{"@type":"ListItem","position":2,"name":"Products","item":"https:\/\/www.domkraftpro.com\/products\/"},{"@type":"ListItem","position":3,"name":"Akce Polysan Tigra L Asymetrick\u00e1 vana s podstavcem 150x75x46cm"}]},{"@type":"WebSite","@id":"https:\/\/www.domkraftpro.com\/#website","url":"https:\/\/www.domkraftpro.com\/","name":"Koupelna &amp; N\u00e1\u0159ad\u00ed &amp; Osv\u011btlen\u00ed a Stavebn\u00ed pot\u0159by","description":"Koupelna &amp; N\u00e1\u0159ad\u00ed &amp; Osv\u011btlen\u00ed a Stavebn\u00ed pot\u0159by","publisher":{"@id":"https:\/\/www.domkraftpro.com\/#organization"},"potentialAction":[{"@type":"SearchAction","target":{"@type":"EntryPoint","urlTemplate":"https:\/\/www.domkraftpro.com\/?s={search_term_string}"},"query-input":{"@type":"PropertyValueSpecification","valueRequired":true,"valueName":"search_term_string"}}],"inLanguage":"cs"},{"@type":"Organization","@id":"https:\/\/www.domkraftpro.com\/#organization","name":"Koupelna &amp; N\u00e1\u0159ad\u00ed &amp; Osv\u011btlen\u00ed a Stavebn\u00ed pot\u0159by","url":"https:\/\/www.domkraftpro.com\/","logo":{"@type":"ImageObject","inLanguage":"cs","@id":"https:\/\/www.domkraftpro.com\/#\/schema\/logo\/image\/","url":"https:\/\/www.domkraftpro.com\/wp-content\/uploads\/2026\/04\/domkraftpro_logo.svg","contentUrl":"https:\/\/www.domkraftpro.com\/wp-content\/uploads\/2026\/04\/domkraftpro_logo.svg","width":760,"height":180,"caption":"Koupelna &amp; N\u00e1\u0159ad\u00ed &amp; Osv\u011btlen\u00ed a Stavebn\u00ed pot\u0159by"},"image":{"@id":"https:\/\/www.domkraftpro.com\/#\/schema\/logo\/image\/"}}]}},"_links":{"self":[{"href":"https:\/\/www.domkraftpro.com\/wp-json\/wp\/v2\/product\/20779","targetHints":{"allow":["GET"]}}],"collection":[{"href":"https:\/\/www.domkraftpro.com\/wp-json\/wp\/v2\/product"}],"about":[{"href":"https:\/\/www.domkraftpro.com\/wp-json\/wp\/v2\/types\/product"}],"wp:featuredmedia":[{"embeddable":true,"href":"https:\/\/www.domkraftpro.com\/wp-json\/wp\/v2\/media\/20879"}],"wp:attachment":[{"href":"https:\/\/www.domkraftpro.com\/wp-json\/wp\/v2\/media?parent=20779"}],"wp:term":[{"taxonomy":"product_brand","embeddable":true,"href":"https:\/\/www.domkraftpro.com\/wp-json\/wp\/v2\/product_brand?post=20779"},{"taxonomy":"product_cat","embeddable":true,"href":"https:\/\/www.domkraftpro.com\/wp-json\/wp\/v2\/product_cat?post=20779"},{"taxonomy":"product_tag","embeddable":true,"href":"https:\/\/www.domkraftpro.com\/wp-json\/wp\/v2\/product_tag?post=20779"}],"curies":[{"name":"wp","href":"https:\/\/api.w.org\/{rel}","templated":true}]}}