{"id":20761,"date":"2026-04-27T04:41:15","date_gmt":"2026-04-27T04:41:15","guid":{"rendered":""},"modified":"2026-04-27T04:41:15","modified_gmt":"2026-04-27T04:41:15","slug":"akce-polysan-mirai-sprchova-vanicka-obdelnikova-90x80cm-lity-mramor-prava-20761","status":"publish","type":"product","link":"https:\/\/www.domkraftpro.com\/produkt\/akce-polysan-mirai-sprchova-vanicka-obdelnikova-90x80cm-lity-mramor-prava-20761\/","title":{"rendered":"Akce Polysan Mirai Sprchov\u00e1 vani\u010dka obd\u00e9ln\u00edkov\u00e1 90x80cm lit\u00fd mramor prav\u00e1"},"content":{"rendered":"<div class=\"ProductDetail-content NoFixImageContainer\" id=\"productDescription\">\n<div class=\"Heading\">\n<h2 class=\"Heading-title\">Popis produktu <span class=''>Polysan Mirai Sprchov\u00e1 vani\u010dka obd\u00e9ln\u00edkov\u00e1 90x80cm lit\u00fd mramor prav\u00e1<\/span><\/h2>\n<\/p><\/div>\n<div class=\"ProductDetailContent\">                                                                    <\/div>\n<div class=\"ProductDetailContent\">\n<div class=\"ProductDetailContent-item\">                                            Barva: B\u00edl\u00e1<br \/>\u0160\u00ed\u0159ka: 800 mm<br \/>V\u00fd\u0161ka: 18 mm<br \/>Balen\u00ed: 1 ks<br \/>Tvar: Obd\u00e9ln\u00edkov\u00e9<br \/>Instalace: Pod obklad<br \/>Pr\u016fm\u011br odpadu: 90 mm<br \/>Rozm\u011br: 90x80x1,8 cm<br \/>D\u00e9lka: 900 mm<br \/>Materi\u00e1l: Lit\u00fd mramor<br \/>Z\u00e1ruka: 2 roky                                        <\/div>\n<div class=\"ProductDetailContent-item\">\n<h3>Vysv\u011btlivky<\/h3>\n<div class=\"product-explanation-item\">\n<h3><strong>Lit\u00fd mramor &#8211; materi\u00e1l s tepeln\u011b-izola\u010dn\u00edmi vlastnostmi, kter\u00e9 ocen\u00edte p\u0159i ka\u017ed\u00e9m doteku<\/strong><\/h3>\n<p style=\"text-align: justify;\">Pou\u017e\u00edv\u00e1 se pro v\u00fdrobu sprchov\u00fdch vani\u010dek, van, umyvadel i dal\u0161\u00edch produkt\u016f. Vyr\u00e1b\u00ed se ze sm\u011bsi mlet\u00e9ho v\u00e1pence, skl\u00e1\u0159sk\u00e9ho p\u00edsku, polyesterov\u00e9 prysky\u0159ice a barviv. V\u00fdrobky z lit\u00e9ho mramoru se vyzna\u010duj\u00ed vysokou pevnost\u00ed, stabilitou a elegantn\u00edm designem.<\/p>\n<\/div><\/div>\n<div class=\"ProductDetailContent-item\">\n<h3>Popis s\u00e9rie<\/h3>\n<p>Vani\u010dky MIRAI byly navr\u017eeny pro instalaci do obkladu.<\/p>\n<ul>\n<li>Zv\u00fd\u0161en\u00fd lem vani\u010dky umo\u017e\u0148uje plynul\u00e9 napojen\u00ed na obklad. Voda ze st\u011bny p\u0159irozen\u011b st\u00e9k\u00e1 do vani\u010dky.<\/li>\n<li>Dr\u00e1\u017eky na spodn\u00ed stran\u011b umo\u017e\u0148uj\u00ed vani\u010dku nalepit p\u0159\u00edmo na podlahu. D\u00edky n\u00edzk\u00e9 v\u00fd\u0161ce 18 mm lze dla\u017ebu nalepit do stejn\u00e9 roviny s vani\u010dkou.<\/li>\n<li>Zapu\u0161t\u011bn\u00ed vani\u010dky do obkladu umo\u017e\u0148uje jednoduchou instalaci sprchov\u00e9 z\u00e1st\u011bny.<\/li>\n<li>Snadn\u00e9 \u010di\u0161t\u011bn\u00ed. Vyj\u00edmateln\u00fd sifon pln\u011b \u010distiteln\u00fd a\u017e po odpadn\u00ed potrub\u00ed.<\/li>\n<li>Materi\u00e1l: lit\u00fd mramor, homogenn\u00ed materi\u00e1l s vysokou stabilitou<\/li>\n<li>Standardn\u00ed proveden\u00ed v b\u00edl\u00e9 barv\u011b, mo\u017eno objednat i barevn\u00e9 proveden\u00ed dle vzorn\u00edku RAL lesk za p\u0159\u00edplatek 30 % k z\u00e1kladn\u00ed cen\u011b.&nbsp;<br \/><span>(Barevn\u00e9 proveden\u00ed RAL mat nen\u00ed mo\u017en\u00e9.)<\/span><\/li>\n<li>Velk\u00fd odpadn\u00ed v\u00fdkon. Pr\u016ftok 43 l\/min.<\/li>\n<li>Podlahy nab\u00edz\u00edme v \u0161\u00ed\u0159ce od 80 do 100 cm a v d\u00e9lce od 80 do 120 cm.<\/li>\n<li>Bezbari\u00e9rov\u00fd p\u0159\u00edstup, modern\u00ed vzhled, snadn\u00fd p\u0159\u00edstup a \u00fadr\u017eba.<\/li>\n<\/ul>\n<p>&nbsp; &nbsp; &nbsp; &nbsp;&nbsp;<\/p>\n<p><strong>Na sprchov\u00e9 vani\u010dky POLYSAN vyroben\u00e9 z lit\u00e9ho mramoru poskytujeme z\u00e1ruku 2 roky.<\/strong><br \/><strong>Podm\u00ednkou z\u00e1ruky je spr\u00e1vn\u00e9 usazen\u00ed podle n\u00e1vodu.<\/strong><\/p>\n<\/p><\/div>\n<\/p><\/div>\n<\/p><\/div>\n<\/p><\/div>\n<\/p><\/div>\n","protected":false},"excerpt":{"rendered":"<p>Popis produktu Polysan Mirai Sprchov\u00e1 vani\u010dka obd\u00e9ln\u00edkov\u00e1 90x80cm lit\u00fd mramor prav\u00e1 Barva: B\u00edl\u00e1\u0160\u00ed\u0159ka: 800 mmV\u00fd\u0161ka: 18 mmBalen\u00ed: 1 ksTvar: Obd\u00e9ln\u00edkov\u00e9Instalace: Pod obkladPr\u016fm\u011br odpadu: 90 mmRozm\u011br: 90x80x1,8 cmD\u00e9lka: 900 mmMateri\u00e1l: Lit\u00fd mramorZ\u00e1ruka: 2 roky Vysv\u011btlivky Lit\u00fd mramor &#8211; materi\u00e1l s tepeln\u011b-izola\u010dn\u00edmi vlastnostmi, kter\u00e9 ocen\u00edte p\u0159i ka\u017ed\u00e9m doteku Pou\u017e\u00edv\u00e1 se pro v\u00fdrobu sprchov\u00fdch vani\u010dek, van, umyvadel i [&hellip;]<\/p>\n","protected":false},"featured_media":20861,"template":"","meta":[],"product_brand":[],"product_cat":[90],"product_tag":[],"class_list":{"0":"post-20761","1":"product","2":"type-product","3":"status-publish","4":"has-post-thumbnail","6":"product_cat-koupelny","8":"first","9":"instock","10":"sale","11":"shipping-taxable","12":"purchasable","13":"product-type-simple"},"yoast_head":"<!-- This site is optimized with the Yoast SEO plugin v26.8 - https:\/\/yoast.com\/product\/yoast-seo-wordpress\/ -->\n<title>Akce Polysan Mirai Sprchov\u00e1 vani\u010dka obd\u00e9ln\u00edkov\u00e1 90x80cm lit\u00fd mramor prav\u00e1 - Koupelna &amp; N\u00e1\u0159ad\u00ed &amp; Osv\u011btlen\u00ed a Stavebn\u00ed pot\u0159by<\/title>\n<meta name=\"robots\" content=\"index, follow, max-snippet:-1, max-image-preview:large, max-video-preview:-1\" \/>\n<link rel=\"canonical\" href=\"https:\/\/www.domkraftpro.com\/index.php\/produkt\/akce-polysan-mirai-sprchova-vanicka-obdelnikova-90x80cm-lity-mramor-prava-20761\/\" \/>\n<meta property=\"og:locale\" content=\"cs_CZ\" \/>\n<meta property=\"og:type\" content=\"article\" \/>\n<meta property=\"og:title\" content=\"Akce Polysan Mirai Sprchov\u00e1 vani\u010dka obd\u00e9ln\u00edkov\u00e1 90x80cm lit\u00fd mramor prav\u00e1 - Koupelna &amp; N\u00e1\u0159ad\u00ed &amp; Osv\u011btlen\u00ed a Stavebn\u00ed pot\u0159by\" \/>\n<meta property=\"og:description\" content=\"Popis produktu Polysan Mirai Sprchov\u00e1 vani\u010dka obd\u00e9ln\u00edkov\u00e1 90x80cm lit\u00fd mramor prav\u00e1 Barva: B\u00edl\u00e1\u0160\u00ed\u0159ka: 800 mmV\u00fd\u0161ka: 18 mmBalen\u00ed: 1 ksTvar: Obd\u00e9ln\u00edkov\u00e9Instalace: Pod obkladPr\u016fm\u011br odpadu: 90 mmRozm\u011br: 90x80x1,8 cmD\u00e9lka: 900 mmMateri\u00e1l: Lit\u00fd mramorZ\u00e1ruka: 2 roky Vysv\u011btlivky Lit\u00fd mramor &#8211; materi\u00e1l s tepeln\u011b-izola\u010dn\u00edmi vlastnostmi, kter\u00e9 ocen\u00edte p\u0159i ka\u017ed\u00e9m doteku Pou\u017e\u00edv\u00e1 se pro v\u00fdrobu sprchov\u00fdch vani\u010dek, van, umyvadel i [&hellip;]\" \/>\n<meta property=\"og:url\" content=\"https:\/\/www.domkraftpro.com\/index.php\/produkt\/akce-polysan-mirai-sprchova-vanicka-obdelnikova-90x80cm-lity-mramor-prava-20761\/\" \/>\n<meta property=\"og:site_name\" content=\"Koupelna &amp; N\u00e1\u0159ad\u00ed &amp; Osv\u011btlen\u00ed a Stavebn\u00ed pot\u0159by\" \/>\n<meta property=\"og:image\" content=\"https:\/\/www.domkraftpro.com\/wp-content\/uploads\/2026\/SK0007654-CZ20260425-092632-0-1777080397-polysan-mirai-sprchova-vanicka-obdelnikova-90x80cm-lity-mra.webp\" \/>\n\t<meta property=\"og:image:width\" content=\"600\" \/>\n\t<meta property=\"og:image:height\" content=\"534\" \/>\n\t<meta property=\"og:image:type\" content=\"image\/webp\" \/>\n<meta name=\"twitter:card\" content=\"summary_large_image\" \/>\n<meta name=\"twitter:label1\" content=\"Odhadovan\u00e1 doba \u010dten\u00ed\" \/>\n\t<meta name=\"twitter:data1\" content=\"2 minuty\" \/>\n<script type=\"application\/ld+json\" class=\"yoast-schema-graph\">{\"@context\":\"https:\/\/schema.org\",\"@graph\":[{\"@type\":\"WebPage\",\"@id\":\"https:\/\/www.domkraftpro.com\/index.php\/produkt\/akce-polysan-mirai-sprchova-vanicka-obdelnikova-90x80cm-lity-mramor-prava-20761\/\",\"url\":\"https:\/\/www.domkraftpro.com\/index.php\/produkt\/akce-polysan-mirai-sprchova-vanicka-obdelnikova-90x80cm-lity-mramor-prava-20761\/\",\"name\":\"Akce Polysan Mirai Sprchov\u00e1 vani\u010dka obd\u00e9ln\u00edkov\u00e1 90x80cm lit\u00fd mramor prav\u00e1 - Koupelna &amp; N\u00e1\u0159ad\u00ed &amp; Osv\u011btlen\u00ed a Stavebn\u00ed pot\u0159by\",\"isPartOf\":{\"@id\":\"https:\/\/www.domkraftpro.com\/#website\"},\"primaryImageOfPage\":{\"@id\":\"https:\/\/www.domkraftpro.com\/index.php\/produkt\/akce-polysan-mirai-sprchova-vanicka-obdelnikova-90x80cm-lity-mramor-prava-20761\/#primaryimage\"},\"image\":{\"@id\":\"https:\/\/www.domkraftpro.com\/index.php\/produkt\/akce-polysan-mirai-sprchova-vanicka-obdelnikova-90x80cm-lity-mramor-prava-20761\/#primaryimage\"},\"thumbnailUrl\":\"https:\/\/www.domkraftpro.com\/wp-content\/uploads\/2026\/SK0007654-CZ20260425-092632-0-1777080397-polysan-mirai-sprchova-vanicka-obdelnikova-90x80cm-lity-mra.webp\",\"datePublished\":\"2026-04-27T04:41:15+00:00\",\"breadcrumb\":{\"@id\":\"https:\/\/www.domkraftpro.com\/index.php\/produkt\/akce-polysan-mirai-sprchova-vanicka-obdelnikova-90x80cm-lity-mramor-prava-20761\/#breadcrumb\"},\"inLanguage\":\"cs\",\"potentialAction\":[{\"@type\":\"ReadAction\",\"target\":[\"https:\/\/www.domkraftpro.com\/index.php\/produkt\/akce-polysan-mirai-sprchova-vanicka-obdelnikova-90x80cm-lity-mramor-prava-20761\/\"]}]},{\"@type\":\"ImageObject\",\"inLanguage\":\"cs\",\"@id\":\"https:\/\/www.domkraftpro.com\/index.php\/produkt\/akce-polysan-mirai-sprchova-vanicka-obdelnikova-90x80cm-lity-mramor-prava-20761\/#primaryimage\",\"url\":\"https:\/\/www.domkraftpro.com\/wp-content\/uploads\/2026\/SK0007654-CZ20260425-092632-0-1777080397-polysan-mirai-sprchova-vanicka-obdelnikova-90x80cm-lity-mra.webp\",\"contentUrl\":\"https:\/\/www.domkraftpro.com\/wp-content\/uploads\/2026\/SK0007654-CZ20260425-092632-0-1777080397-polysan-mirai-sprchova-vanicka-obdelnikova-90x80cm-lity-mra.webp\",\"width\":600,\"height\":534},{\"@type\":\"BreadcrumbList\",\"@id\":\"https:\/\/www.domkraftpro.com\/index.php\/produkt\/akce-polysan-mirai-sprchova-vanicka-obdelnikova-90x80cm-lity-mramor-prava-20761\/#breadcrumb\",\"itemListElement\":[{\"@type\":\"ListItem\",\"position\":1,\"name\":\"Home\",\"item\":\"https:\/\/www.domkraftpro.com\/\"},{\"@type\":\"ListItem\",\"position\":2,\"name\":\"Products\",\"item\":\"https:\/\/www.domkraftpro.com\/products\/\"},{\"@type\":\"ListItem\",\"position\":3,\"name\":\"Akce Polysan Mirai Sprchov\u00e1 vani\u010dka obd\u00e9ln\u00edkov\u00e1 90x80cm lit\u00fd mramor prav\u00e1\"}]},{\"@type\":\"WebSite\",\"@id\":\"https:\/\/www.domkraftpro.com\/#website\",\"url\":\"https:\/\/www.domkraftpro.com\/\",\"name\":\"Koupelna &amp; N\u00e1\u0159ad\u00ed &amp; Osv\u011btlen\u00ed a Stavebn\u00ed pot\u0159by\",\"description\":\"Koupelna &amp; N\u00e1\u0159ad\u00ed &amp; Osv\u011btlen\u00ed a Stavebn\u00ed pot\u0159by\",\"publisher\":{\"@id\":\"https:\/\/www.domkraftpro.com\/#organization\"},\"potentialAction\":[{\"@type\":\"SearchAction\",\"target\":{\"@type\":\"EntryPoint\",\"urlTemplate\":\"https:\/\/www.domkraftpro.com\/?s={search_term_string}\"},\"query-input\":{\"@type\":\"PropertyValueSpecification\",\"valueRequired\":true,\"valueName\":\"search_term_string\"}}],\"inLanguage\":\"cs\"},{\"@type\":\"Organization\",\"@id\":\"https:\/\/www.domkraftpro.com\/#organization\",\"name\":\"Koupelna &amp; N\u00e1\u0159ad\u00ed &amp; Osv\u011btlen\u00ed a Stavebn\u00ed pot\u0159by\",\"url\":\"https:\/\/www.domkraftpro.com\/\",\"logo\":{\"@type\":\"ImageObject\",\"inLanguage\":\"cs\",\"@id\":\"https:\/\/www.domkraftpro.com\/#\/schema\/logo\/image\/\",\"url\":\"https:\/\/www.domkraftpro.com\/wp-content\/uploads\/2026\/04\/domkraftpro_logo.svg\",\"contentUrl\":\"https:\/\/www.domkraftpro.com\/wp-content\/uploads\/2026\/04\/domkraftpro_logo.svg\",\"width\":760,\"height\":180,\"caption\":\"Koupelna &amp; N\u00e1\u0159ad\u00ed &amp; Osv\u011btlen\u00ed a Stavebn\u00ed pot\u0159by\"},\"image\":{\"@id\":\"https:\/\/www.domkraftpro.com\/#\/schema\/logo\/image\/\"}}]}<\/script>\n<!-- \/ Yoast SEO plugin. -->","yoast_head_json":{"title":"Akce Polysan Mirai Sprchov\u00e1 vani\u010dka obd\u00e9ln\u00edkov\u00e1 90x80cm lit\u00fd mramor prav\u00e1 - Koupelna &amp; N\u00e1\u0159ad\u00ed &amp; Osv\u011btlen\u00ed a Stavebn\u00ed pot\u0159by","robots":{"index":"index","follow":"follow","max-snippet":"max-snippet:-1","max-image-preview":"max-image-preview:large","max-video-preview":"max-video-preview:-1"},"canonical":"https:\/\/www.domkraftpro.com\/index.php\/produkt\/akce-polysan-mirai-sprchova-vanicka-obdelnikova-90x80cm-lity-mramor-prava-20761\/","og_locale":"cs_CZ","og_type":"article","og_title":"Akce Polysan Mirai Sprchov\u00e1 vani\u010dka obd\u00e9ln\u00edkov\u00e1 90x80cm lit\u00fd mramor prav\u00e1 - Koupelna &amp; N\u00e1\u0159ad\u00ed &amp; Osv\u011btlen\u00ed a Stavebn\u00ed pot\u0159by","og_description":"Popis produktu Polysan Mirai Sprchov\u00e1 vani\u010dka obd\u00e9ln\u00edkov\u00e1 90x80cm lit\u00fd mramor prav\u00e1 Barva: B\u00edl\u00e1\u0160\u00ed\u0159ka: 800 mmV\u00fd\u0161ka: 18 mmBalen\u00ed: 1 ksTvar: Obd\u00e9ln\u00edkov\u00e9Instalace: Pod obkladPr\u016fm\u011br odpadu: 90 mmRozm\u011br: 90x80x1,8 cmD\u00e9lka: 900 mmMateri\u00e1l: Lit\u00fd mramorZ\u00e1ruka: 2 roky Vysv\u011btlivky Lit\u00fd mramor &#8211; materi\u00e1l s tepeln\u011b-izola\u010dn\u00edmi vlastnostmi, kter\u00e9 ocen\u00edte p\u0159i ka\u017ed\u00e9m doteku Pou\u017e\u00edv\u00e1 se pro v\u00fdrobu sprchov\u00fdch vani\u010dek, van, umyvadel i [&hellip;]","og_url":"https:\/\/www.domkraftpro.com\/index.php\/produkt\/akce-polysan-mirai-sprchova-vanicka-obdelnikova-90x80cm-lity-mramor-prava-20761\/","og_site_name":"Koupelna &amp; N\u00e1\u0159ad\u00ed &amp; Osv\u011btlen\u00ed a Stavebn\u00ed pot\u0159by","og_image":[{"width":600,"height":534,"url":"https:\/\/www.domkraftpro.com\/wp-content\/uploads\/2026\/SK0007654-CZ20260425-092632-0-1777080397-polysan-mirai-sprchova-vanicka-obdelnikova-90x80cm-lity-mra.webp","type":"image\/webp"}],"twitter_card":"summary_large_image","twitter_misc":{"Odhadovan\u00e1 doba \u010dten\u00ed":"2 minuty"},"schema":{"@context":"https:\/\/schema.org","@graph":[{"@type":"WebPage","@id":"https:\/\/www.domkraftpro.com\/index.php\/produkt\/akce-polysan-mirai-sprchova-vanicka-obdelnikova-90x80cm-lity-mramor-prava-20761\/","url":"https:\/\/www.domkraftpro.com\/index.php\/produkt\/akce-polysan-mirai-sprchova-vanicka-obdelnikova-90x80cm-lity-mramor-prava-20761\/","name":"Akce Polysan Mirai Sprchov\u00e1 vani\u010dka obd\u00e9ln\u00edkov\u00e1 90x80cm lit\u00fd mramor prav\u00e1 - Koupelna &amp; N\u00e1\u0159ad\u00ed &amp; Osv\u011btlen\u00ed a Stavebn\u00ed pot\u0159by","isPartOf":{"@id":"https:\/\/www.domkraftpro.com\/#website"},"primaryImageOfPage":{"@id":"https:\/\/www.domkraftpro.com\/index.php\/produkt\/akce-polysan-mirai-sprchova-vanicka-obdelnikova-90x80cm-lity-mramor-prava-20761\/#primaryimage"},"image":{"@id":"https:\/\/www.domkraftpro.com\/index.php\/produkt\/akce-polysan-mirai-sprchova-vanicka-obdelnikova-90x80cm-lity-mramor-prava-20761\/#primaryimage"},"thumbnailUrl":"https:\/\/www.domkraftpro.com\/wp-content\/uploads\/2026\/SK0007654-CZ20260425-092632-0-1777080397-polysan-mirai-sprchova-vanicka-obdelnikova-90x80cm-lity-mra.webp","datePublished":"2026-04-27T04:41:15+00:00","breadcrumb":{"@id":"https:\/\/www.domkraftpro.com\/index.php\/produkt\/akce-polysan-mirai-sprchova-vanicka-obdelnikova-90x80cm-lity-mramor-prava-20761\/#breadcrumb"},"inLanguage":"cs","potentialAction":[{"@type":"ReadAction","target":["https:\/\/www.domkraftpro.com\/index.php\/produkt\/akce-polysan-mirai-sprchova-vanicka-obdelnikova-90x80cm-lity-mramor-prava-20761\/"]}]},{"@type":"ImageObject","inLanguage":"cs","@id":"https:\/\/www.domkraftpro.com\/index.php\/produkt\/akce-polysan-mirai-sprchova-vanicka-obdelnikova-90x80cm-lity-mramor-prava-20761\/#primaryimage","url":"https:\/\/www.domkraftpro.com\/wp-content\/uploads\/2026\/SK0007654-CZ20260425-092632-0-1777080397-polysan-mirai-sprchova-vanicka-obdelnikova-90x80cm-lity-mra.webp","contentUrl":"https:\/\/www.domkraftpro.com\/wp-content\/uploads\/2026\/SK0007654-CZ20260425-092632-0-1777080397-polysan-mirai-sprchova-vanicka-obdelnikova-90x80cm-lity-mra.webp","width":600,"height":534},{"@type":"BreadcrumbList","@id":"https:\/\/www.domkraftpro.com\/index.php\/produkt\/akce-polysan-mirai-sprchova-vanicka-obdelnikova-90x80cm-lity-mramor-prava-20761\/#breadcrumb","itemListElement":[{"@type":"ListItem","position":1,"name":"Home","item":"https:\/\/www.domkraftpro.com\/"},{"@type":"ListItem","position":2,"name":"Products","item":"https:\/\/www.domkraftpro.com\/products\/"},{"@type":"ListItem","position":3,"name":"Akce Polysan Mirai Sprchov\u00e1 vani\u010dka obd\u00e9ln\u00edkov\u00e1 90x80cm lit\u00fd mramor prav\u00e1"}]},{"@type":"WebSite","@id":"https:\/\/www.domkraftpro.com\/#website","url":"https:\/\/www.domkraftpro.com\/","name":"Koupelna &amp; N\u00e1\u0159ad\u00ed &amp; Osv\u011btlen\u00ed a Stavebn\u00ed pot\u0159by","description":"Koupelna &amp; N\u00e1\u0159ad\u00ed &amp; Osv\u011btlen\u00ed a Stavebn\u00ed pot\u0159by","publisher":{"@id":"https:\/\/www.domkraftpro.com\/#organization"},"potentialAction":[{"@type":"SearchAction","target":{"@type":"EntryPoint","urlTemplate":"https:\/\/www.domkraftpro.com\/?s={search_term_string}"},"query-input":{"@type":"PropertyValueSpecification","valueRequired":true,"valueName":"search_term_string"}}],"inLanguage":"cs"},{"@type":"Organization","@id":"https:\/\/www.domkraftpro.com\/#organization","name":"Koupelna &amp; N\u00e1\u0159ad\u00ed &amp; Osv\u011btlen\u00ed a Stavebn\u00ed pot\u0159by","url":"https:\/\/www.domkraftpro.com\/","logo":{"@type":"ImageObject","inLanguage":"cs","@id":"https:\/\/www.domkraftpro.com\/#\/schema\/logo\/image\/","url":"https:\/\/www.domkraftpro.com\/wp-content\/uploads\/2026\/04\/domkraftpro_logo.svg","contentUrl":"https:\/\/www.domkraftpro.com\/wp-content\/uploads\/2026\/04\/domkraftpro_logo.svg","width":760,"height":180,"caption":"Koupelna &amp; N\u00e1\u0159ad\u00ed &amp; Osv\u011btlen\u00ed a Stavebn\u00ed pot\u0159by"},"image":{"@id":"https:\/\/www.domkraftpro.com\/#\/schema\/logo\/image\/"}}]}},"_links":{"self":[{"href":"https:\/\/www.domkraftpro.com\/wp-json\/wp\/v2\/product\/20761","targetHints":{"allow":["GET"]}}],"collection":[{"href":"https:\/\/www.domkraftpro.com\/wp-json\/wp\/v2\/product"}],"about":[{"href":"https:\/\/www.domkraftpro.com\/wp-json\/wp\/v2\/types\/product"}],"wp:featuredmedia":[{"embeddable":true,"href":"https:\/\/www.domkraftpro.com\/wp-json\/wp\/v2\/media\/20861"}],"wp:attachment":[{"href":"https:\/\/www.domkraftpro.com\/wp-json\/wp\/v2\/media?parent=20761"}],"wp:term":[{"taxonomy":"product_brand","embeddable":true,"href":"https:\/\/www.domkraftpro.com\/wp-json\/wp\/v2\/product_brand?post=20761"},{"taxonomy":"product_cat","embeddable":true,"href":"https:\/\/www.domkraftpro.com\/wp-json\/wp\/v2\/product_cat?post=20761"},{"taxonomy":"product_tag","embeddable":true,"href":"https:\/\/www.domkraftpro.com\/wp-json\/wp\/v2\/product_tag?post=20761"}],"curies":[{"name":"wp","href":"https:\/\/api.w.org\/{rel}","templated":true}]}}