{"id":20158,"date":"2026-04-27T04:41:13","date_gmt":"2026-04-27T04:41:13","guid":{"rendered":""},"modified":"2026-04-27T04:41:13","modified_gmt":"2026-04-27T04:41:13","slug":"akce-sapho-uzavrena-konzole-49x15x3-cm-brousena-nerez-1-ks-20158","status":"publish","type":"product","link":"https:\/\/www.domkraftpro.com\/index.php\/produkt\/akce-sapho-uzavrena-konzole-49x15x3-cm-brousena-nerez-1-ks-20158\/","title":{"rendered":"Akce Sapho Uzav\u0159en\u00e1 konzole 49x15x3 cm, brou\u0161en\u00e1 nerez, 1 ks"},"content":{"rendered":"<div class=\"ProductDetail-content NoFixImageContainer\" id=\"productDescription\">\n<div class=\"Heading\">\n<h2 class=\"Heading-title\">Popis produktu <span class=''>Sapho Uzav\u0159en\u00e1 konzole 49x15x3 cm, brou\u0161en\u00e1 nerez, 1 ks<\/span><\/h2>\n<\/p><\/div>\n<div class=\"ProductDetailContent\">                                                                    <\/div>\n<div class=\"ProductDetailContent\">\n<div class=\"ProductDetailContent-item\">                                            Barva: Nerez mat<br \/>\u0160\u00ed\u0159ka: 30 mm<br \/>V\u00fd\u0161ka: 150 mm<br \/>Hloubka: 490 mm<br \/>Balen\u00ed: 1 ks<br \/>Rozm\u011br: 3x15x49 cm<br \/>Materi\u00e1l: Nerez<br \/>Z\u00e1ruka: 2 roky                                        <\/div>\n<div class=\"ProductDetailContent-item\">\n<p>Nerezov\u00e1 konzole pro&nbsp;desky AVICE&nbsp;a OLIVER&nbsp;a&nbsp;pro umyvadla z lit\u00e9ho mramoru s\u00e9rie FLAVIA<\/p>\n<ul>\n<li>materi\u00e1l: brou\u0161en\u00e1 nerez&nbsp;<\/li>\n<li>v balen\u00ed 1 ks<\/li>\n<\/ul>\n<p><strong>N\u00e1hrada za produkt k\u00f3du 30380.<\/strong><\/p>\n<\/p><\/div>\n<\/p><\/div>\n<\/p><\/div>\n<\/p><\/div>\n<\/p><\/div>\n","protected":false},"excerpt":{"rendered":"<p>Popis produktu Sapho Uzav\u0159en\u00e1 konzole 49x15x3 cm, brou\u0161en\u00e1 nerez, 1 ks Barva: Nerez mat\u0160\u00ed\u0159ka: 30 mmV\u00fd\u0161ka: 150 mmHloubka: 490 mmBalen\u00ed: 1 ksRozm\u011br: 3x15x49 cmMateri\u00e1l: NerezZ\u00e1ruka: 2 roky Nerezov\u00e1 konzole pro&nbsp;desky AVICE&nbsp;a OLIVER&nbsp;a&nbsp;pro umyvadla z lit\u00e9ho mramoru s\u00e9rie FLAVIA materi\u00e1l: brou\u0161en\u00e1 nerez&nbsp; v balen\u00ed 1 ks N\u00e1hrada za produkt k\u00f3du 30380.<\/p>\n","protected":false},"featured_media":20258,"comment_status":"open","ping_status":"open","template":"","meta":[],"product_brand":[],"product_cat":[90],"product_tag":[],"class_list":{"0":"post-20158","1":"product","2":"type-product","3":"status-publish","4":"has-post-thumbnail","6":"product_cat-koupelny","8":"first","9":"instock","10":"sale","11":"shipping-taxable","12":"purchasable","13":"product-type-simple"},"yoast_head":"<!-- This site is optimized with the Yoast SEO plugin v26.8 - https:\/\/yoast.com\/product\/yoast-seo-wordpress\/ -->\n<title>Akce Sapho Uzav\u0159en\u00e1 konzole 49x15x3 cm, brou\u0161en\u00e1 nerez, 1 ks -<\/title>\n<meta name=\"robots\" content=\"index, follow, max-snippet:-1, max-image-preview:large, max-video-preview:-1\" \/>\n<link rel=\"canonical\" href=\"https:\/\/www.domkraftpro.com\/index.php\/produkt\/akce-sapho-uzavrena-konzole-49x15x3-cm-brousena-nerez-1-ks-20158\/\" \/>\n<meta property=\"og:locale\" content=\"cs_CZ\" \/>\n<meta property=\"og:type\" content=\"article\" \/>\n<meta property=\"og:title\" content=\"Akce Sapho Uzav\u0159en\u00e1 konzole 49x15x3 cm, brou\u0161en\u00e1 nerez, 1 ks -\" \/>\n<meta property=\"og:description\" content=\"Popis produktu Sapho Uzav\u0159en\u00e1 konzole 49x15x3 cm, brou\u0161en\u00e1 nerez, 1 ks Barva: Nerez mat\u0160\u00ed\u0159ka: 30 mmV\u00fd\u0161ka: 150 mmHloubka: 490 mmBalen\u00ed: 1 ksRozm\u011br: 3x15x49 cmMateri\u00e1l: NerezZ\u00e1ruka: 2 roky Nerezov\u00e1 konzole pro&nbsp;desky AVICE&nbsp;a OLIVER&nbsp;a&nbsp;pro umyvadla z lit\u00e9ho mramoru s\u00e9rie FLAVIA materi\u00e1l: brou\u0161en\u00e1 nerez&nbsp; v balen\u00ed 1 ks N\u00e1hrada za produkt k\u00f3du 30380.\" \/>\n<meta property=\"og:url\" content=\"https:\/\/www.domkraftpro.com\/index.php\/produkt\/akce-sapho-uzavrena-konzole-49x15x3-cm-brousena-nerez-1-ks-20158\/\" \/>\n<meta property=\"og:image\" content=\"https:\/\/www.domkraftpro.com\/wp-content\/uploads\/2026\/SK0007323-CZ20260425-092632-0-1777080397-sapho-uzavrena-konzole-49x15x3-cm-brousena-nerez-1-ks-44465.webp\" \/>\n\t<meta property=\"og:image:width\" content=\"600\" \/>\n\t<meta property=\"og:image:height\" content=\"267\" \/>\n\t<meta property=\"og:image:type\" content=\"image\/webp\" \/>\n<meta name=\"twitter:card\" content=\"summary_large_image\" \/>\n<script type=\"application\/ld+json\" class=\"yoast-schema-graph\">{\"@context\":\"https:\/\/schema.org\",\"@graph\":[{\"@type\":\"WebPage\",\"@id\":\"https:\/\/www.domkraftpro.com\/index.php\/produkt\/akce-sapho-uzavrena-konzole-49x15x3-cm-brousena-nerez-1-ks-20158\/\",\"url\":\"https:\/\/www.domkraftpro.com\/index.php\/produkt\/akce-sapho-uzavrena-konzole-49x15x3-cm-brousena-nerez-1-ks-20158\/\",\"name\":\"Akce Sapho Uzav\u0159en\u00e1 konzole 49x15x3 cm, brou\u0161en\u00e1 nerez, 1 ks -\",\"isPartOf\":{\"@id\":\"https:\/\/www.domkraftpro.com\/#website\"},\"primaryImageOfPage\":{\"@id\":\"https:\/\/www.domkraftpro.com\/index.php\/produkt\/akce-sapho-uzavrena-konzole-49x15x3-cm-brousena-nerez-1-ks-20158\/#primaryimage\"},\"image\":{\"@id\":\"https:\/\/www.domkraftpro.com\/index.php\/produkt\/akce-sapho-uzavrena-konzole-49x15x3-cm-brousena-nerez-1-ks-20158\/#primaryimage\"},\"thumbnailUrl\":\"https:\/\/www.domkraftpro.com\/wp-content\/uploads\/2026\/SK0007323-CZ20260425-092632-0-1777080397-sapho-uzavrena-konzole-49x15x3-cm-brousena-nerez-1-ks-44465.webp\",\"datePublished\":\"2026-04-27T04:41:13+00:00\",\"breadcrumb\":{\"@id\":\"https:\/\/www.domkraftpro.com\/index.php\/produkt\/akce-sapho-uzavrena-konzole-49x15x3-cm-brousena-nerez-1-ks-20158\/#breadcrumb\"},\"inLanguage\":\"cs\",\"potentialAction\":[{\"@type\":\"ReadAction\",\"target\":[\"https:\/\/www.domkraftpro.com\/index.php\/produkt\/akce-sapho-uzavrena-konzole-49x15x3-cm-brousena-nerez-1-ks-20158\/\"]}]},{\"@type\":\"ImageObject\",\"inLanguage\":\"cs\",\"@id\":\"https:\/\/www.domkraftpro.com\/index.php\/produkt\/akce-sapho-uzavrena-konzole-49x15x3-cm-brousena-nerez-1-ks-20158\/#primaryimage\",\"url\":\"https:\/\/www.domkraftpro.com\/wp-content\/uploads\/2026\/SK0007323-CZ20260425-092632-0-1777080397-sapho-uzavrena-konzole-49x15x3-cm-brousena-nerez-1-ks-44465.webp\",\"contentUrl\":\"https:\/\/www.domkraftpro.com\/wp-content\/uploads\/2026\/SK0007323-CZ20260425-092632-0-1777080397-sapho-uzavrena-konzole-49x15x3-cm-brousena-nerez-1-ks-44465.webp\",\"width\":600,\"height\":267},{\"@type\":\"BreadcrumbList\",\"@id\":\"https:\/\/www.domkraftpro.com\/index.php\/produkt\/akce-sapho-uzavrena-konzole-49x15x3-cm-brousena-nerez-1-ks-20158\/#breadcrumb\",\"itemListElement\":[{\"@type\":\"ListItem\",\"position\":1,\"name\":\"Home\",\"item\":\"https:\/\/www.domkraftpro.com\/\"},{\"@type\":\"ListItem\",\"position\":2,\"name\":\"Products\",\"item\":\"https:\/\/www.domkraftpro.com\/index.php\/products\/\"},{\"@type\":\"ListItem\",\"position\":3,\"name\":\"Akce Sapho Uzav\u0159en\u00e1 konzole 49x15x3 cm, brou\u0161en\u00e1 nerez, 1 ks\"}]},{\"@type\":\"WebSite\",\"@id\":\"https:\/\/www.domkraftpro.com\/#website\",\"url\":\"https:\/\/www.domkraftpro.com\/\",\"name\":\"\",\"description\":\"\",\"potentialAction\":[{\"@type\":\"SearchAction\",\"target\":{\"@type\":\"EntryPoint\",\"urlTemplate\":\"https:\/\/www.domkraftpro.com\/?s={search_term_string}\"},\"query-input\":{\"@type\":\"PropertyValueSpecification\",\"valueRequired\":true,\"valueName\":\"search_term_string\"}}],\"inLanguage\":\"cs\"}]}<\/script>\n<!-- \/ Yoast SEO plugin. -->","yoast_head_json":{"title":"Akce Sapho Uzav\u0159en\u00e1 konzole 49x15x3 cm, brou\u0161en\u00e1 nerez, 1 ks -","robots":{"index":"index","follow":"follow","max-snippet":"max-snippet:-1","max-image-preview":"max-image-preview:large","max-video-preview":"max-video-preview:-1"},"canonical":"https:\/\/www.domkraftpro.com\/index.php\/produkt\/akce-sapho-uzavrena-konzole-49x15x3-cm-brousena-nerez-1-ks-20158\/","og_locale":"cs_CZ","og_type":"article","og_title":"Akce Sapho Uzav\u0159en\u00e1 konzole 49x15x3 cm, brou\u0161en\u00e1 nerez, 1 ks -","og_description":"Popis produktu Sapho Uzav\u0159en\u00e1 konzole 49x15x3 cm, brou\u0161en\u00e1 nerez, 1 ks Barva: Nerez mat\u0160\u00ed\u0159ka: 30 mmV\u00fd\u0161ka: 150 mmHloubka: 490 mmBalen\u00ed: 1 ksRozm\u011br: 3x15x49 cmMateri\u00e1l: NerezZ\u00e1ruka: 2 roky Nerezov\u00e1 konzole pro&nbsp;desky AVICE&nbsp;a OLIVER&nbsp;a&nbsp;pro umyvadla z lit\u00e9ho mramoru s\u00e9rie FLAVIA materi\u00e1l: brou\u0161en\u00e1 nerez&nbsp; v balen\u00ed 1 ks N\u00e1hrada za produkt k\u00f3du 30380.","og_url":"https:\/\/www.domkraftpro.com\/index.php\/produkt\/akce-sapho-uzavrena-konzole-49x15x3-cm-brousena-nerez-1-ks-20158\/","og_image":[{"width":600,"height":267,"url":"https:\/\/www.domkraftpro.com\/wp-content\/uploads\/2026\/SK0007323-CZ20260425-092632-0-1777080397-sapho-uzavrena-konzole-49x15x3-cm-brousena-nerez-1-ks-44465.webp","type":"image\/webp"}],"twitter_card":"summary_large_image","schema":{"@context":"https:\/\/schema.org","@graph":[{"@type":"WebPage","@id":"https:\/\/www.domkraftpro.com\/index.php\/produkt\/akce-sapho-uzavrena-konzole-49x15x3-cm-brousena-nerez-1-ks-20158\/","url":"https:\/\/www.domkraftpro.com\/index.php\/produkt\/akce-sapho-uzavrena-konzole-49x15x3-cm-brousena-nerez-1-ks-20158\/","name":"Akce Sapho Uzav\u0159en\u00e1 konzole 49x15x3 cm, brou\u0161en\u00e1 nerez, 1 ks -","isPartOf":{"@id":"https:\/\/www.domkraftpro.com\/#website"},"primaryImageOfPage":{"@id":"https:\/\/www.domkraftpro.com\/index.php\/produkt\/akce-sapho-uzavrena-konzole-49x15x3-cm-brousena-nerez-1-ks-20158\/#primaryimage"},"image":{"@id":"https:\/\/www.domkraftpro.com\/index.php\/produkt\/akce-sapho-uzavrena-konzole-49x15x3-cm-brousena-nerez-1-ks-20158\/#primaryimage"},"thumbnailUrl":"https:\/\/www.domkraftpro.com\/wp-content\/uploads\/2026\/SK0007323-CZ20260425-092632-0-1777080397-sapho-uzavrena-konzole-49x15x3-cm-brousena-nerez-1-ks-44465.webp","datePublished":"2026-04-27T04:41:13+00:00","breadcrumb":{"@id":"https:\/\/www.domkraftpro.com\/index.php\/produkt\/akce-sapho-uzavrena-konzole-49x15x3-cm-brousena-nerez-1-ks-20158\/#breadcrumb"},"inLanguage":"cs","potentialAction":[{"@type":"ReadAction","target":["https:\/\/www.domkraftpro.com\/index.php\/produkt\/akce-sapho-uzavrena-konzole-49x15x3-cm-brousena-nerez-1-ks-20158\/"]}]},{"@type":"ImageObject","inLanguage":"cs","@id":"https:\/\/www.domkraftpro.com\/index.php\/produkt\/akce-sapho-uzavrena-konzole-49x15x3-cm-brousena-nerez-1-ks-20158\/#primaryimage","url":"https:\/\/www.domkraftpro.com\/wp-content\/uploads\/2026\/SK0007323-CZ20260425-092632-0-1777080397-sapho-uzavrena-konzole-49x15x3-cm-brousena-nerez-1-ks-44465.webp","contentUrl":"https:\/\/www.domkraftpro.com\/wp-content\/uploads\/2026\/SK0007323-CZ20260425-092632-0-1777080397-sapho-uzavrena-konzole-49x15x3-cm-brousena-nerez-1-ks-44465.webp","width":600,"height":267},{"@type":"BreadcrumbList","@id":"https:\/\/www.domkraftpro.com\/index.php\/produkt\/akce-sapho-uzavrena-konzole-49x15x3-cm-brousena-nerez-1-ks-20158\/#breadcrumb","itemListElement":[{"@type":"ListItem","position":1,"name":"Home","item":"https:\/\/www.domkraftpro.com\/"},{"@type":"ListItem","position":2,"name":"Products","item":"https:\/\/www.domkraftpro.com\/index.php\/products\/"},{"@type":"ListItem","position":3,"name":"Akce Sapho Uzav\u0159en\u00e1 konzole 49x15x3 cm, brou\u0161en\u00e1 nerez, 1 ks"}]},{"@type":"WebSite","@id":"https:\/\/www.domkraftpro.com\/#website","url":"https:\/\/www.domkraftpro.com\/","name":"","description":"","potentialAction":[{"@type":"SearchAction","target":{"@type":"EntryPoint","urlTemplate":"https:\/\/www.domkraftpro.com\/?s={search_term_string}"},"query-input":{"@type":"PropertyValueSpecification","valueRequired":true,"valueName":"search_term_string"}}],"inLanguage":"cs"}]}},"_links":{"self":[{"href":"https:\/\/www.domkraftpro.com\/index.php\/wp-json\/wp\/v2\/product\/20158","targetHints":{"allow":["GET"]}}],"collection":[{"href":"https:\/\/www.domkraftpro.com\/index.php\/wp-json\/wp\/v2\/product"}],"about":[{"href":"https:\/\/www.domkraftpro.com\/index.php\/wp-json\/wp\/v2\/types\/product"}],"replies":[{"embeddable":true,"href":"https:\/\/www.domkraftpro.com\/index.php\/wp-json\/wp\/v2\/comments?post=20158"}],"wp:featuredmedia":[{"embeddable":true,"href":"https:\/\/www.domkraftpro.com\/index.php\/wp-json\/wp\/v2\/media\/20258"}],"wp:attachment":[{"href":"https:\/\/www.domkraftpro.com\/index.php\/wp-json\/wp\/v2\/media?parent=20158"}],"wp:term":[{"taxonomy":"product_brand","embeddable":true,"href":"https:\/\/www.domkraftpro.com\/index.php\/wp-json\/wp\/v2\/product_brand?post=20158"},{"taxonomy":"product_cat","embeddable":true,"href":"https:\/\/www.domkraftpro.com\/index.php\/wp-json\/wp\/v2\/product_cat?post=20158"},{"taxonomy":"product_tag","embeddable":true,"href":"https:\/\/www.domkraftpro.com\/index.php\/wp-json\/wp\/v2\/product_tag?post=20158"}],"curies":[{"name":"wp","href":"https:\/\/api.w.org\/{rel}","templated":true}]}}