{"id":20137,"date":"2026-04-27T04:41:13","date_gmt":"2026-04-27T04:41:13","guid":{"rendered":""},"modified":"2026-04-27T04:41:13","modified_gmt":"2026-04-27T04:41:13","slug":"znackovy-drzak-na-rucniky-520mm-sapho-tabella-brousena-nerez-20137","status":"publish","type":"product","link":"https:\/\/www.domkraftpro.com\/index.php\/produkt\/znackovy-drzak-na-rucniky-520mm-sapho-tabella-brousena-nerez-20137\/","title":{"rendered":"Zna\u010dkov\u00fd Dr\u017e\u00e1k na ru\u010dn\u00edky 520mm Sapho TABELLA brou\u0161en\u00e1 nerez"},"content":{"rendered":"<div class=\"ProductDetail-content NoFixImageContainer\" id=\"productDescription\">\n<div class=\"Heading\">\n<h2 class=\"Heading-title\">Popis produktu <span class=''>Dr\u017e\u00e1k na ru\u010dn\u00edky 520mm Sapho TABELLA brou\u0161en\u00e1 nerez<\/span><\/h2>\n<\/p><\/div>\n<div class=\"ProductDetailContent\">                                                                    <\/div>\n<div class=\"ProductDetailContent\">\n<div class=\"ProductDetailContent-item\">                                            Barva: Brou\u0161en\u00fd nerez<br \/>Balen\u00ed: 1 ks<br \/>Rozm\u011br: 520 mm<br \/>Materi\u00e1l: Nerez<br \/>Z\u00e1ruka: 2 roky                                        <\/div>\n<div class=\"ProductDetailContent-item\">\n<p>Praktick\u00fd dr\u017e\u00e1k ru\u010dn\u00edk\u016f pro otopn\u00e1 t\u011blesa TABELLA MI1149, MI1147, MI1549 a MI1547<\/p>\n<ul>\n<li>Na jedno otopn\u00e9 t\u011bleso je mo\u017eno pou\u017e\u00edt 2 dr\u017e\u00e1ky ru\u010dn\u00edk\u016f.<\/li>\n<\/ul><\/div>\n<div class=\"ProductDetailContent-item\">\n<h3>Popis s\u00e9rie<\/h3>\n<p style=\"text-align: justify;\">Origin\u00e1ln\u00ed, v\u00fdjime\u010dn\u011b ultra tenk\u00e9 radi\u00e1tory kr\u00e1sn\u00fdch elegantn\u00edch tvar\u016f budou nejen zdrojem tepla, ale i designov\u00fdm prvkem koupelny. Radi\u00e1tor je vyroben z uhl\u00edkov\u00e9 oceli o tlou\u0161\u0165ce 10 mm.&nbsp;S p\u0159ipojen\u00edm na okruh \u00fast\u0159edn\u00edho vyt\u00e1p\u011bn\u00ed, se st\u0159edov\u00fdm p\u0159ipojen\u00edm 50 mm.<\/p>\n<ul>\n<li><span style=\"text-align: justify;\">Topn\u00e9 t\u011bleso doporu\u010dujeme doplnit o praktick\u00e9 dr\u017e\u00e1ky ru\u010dn\u00edk\u016f z brou\u0161en\u00e9 oceli, kter\u00e9 jsou k dokoupen\u00ed<\/span><\/li>\n<li>P\u0159ipojovac\u00ed ventily nejsou sou\u010d\u00e1st\u00ed balen\u00ed<span style=\"text-align: justify;\"><\/span><\/li>\n<\/ul><\/div>\n<\/p><\/div>\n<\/p><\/div>\n<\/p><\/div>\n<\/p><\/div>\n","protected":false},"excerpt":{"rendered":"<p>Popis produktu Dr\u017e\u00e1k na ru\u010dn\u00edky 520mm Sapho TABELLA brou\u0161en\u00e1 nerez Barva: Brou\u0161en\u00fd nerezBalen\u00ed: 1 ksRozm\u011br: 520 mmMateri\u00e1l: NerezZ\u00e1ruka: 2 roky Praktick\u00fd dr\u017e\u00e1k ru\u010dn\u00edk\u016f pro otopn\u00e1 t\u011blesa TABELLA MI1149, MI1147, MI1549 a MI1547 Na jedno otopn\u00e9 t\u011bleso je mo\u017eno pou\u017e\u00edt 2 dr\u017e\u00e1ky ru\u010dn\u00edk\u016f. Popis s\u00e9rie Origin\u00e1ln\u00ed, v\u00fdjime\u010dn\u011b ultra tenk\u00e9 radi\u00e1tory kr\u00e1sn\u00fdch elegantn\u00edch tvar\u016f budou nejen zdrojem [&hellip;]<\/p>\n","protected":false},"featured_media":20237,"comment_status":"open","ping_status":"open","template":"","meta":[],"product_brand":[],"product_cat":[90],"product_tag":[],"class_list":{"0":"post-20137","1":"product","2":"type-product","3":"status-publish","4":"has-post-thumbnail","6":"product_cat-koupelny","8":"first","9":"instock","10":"sale","11":"shipping-taxable","12":"purchasable","13":"product-type-simple"},"yoast_head":"<!-- This site is optimized with the Yoast SEO plugin v26.8 - https:\/\/yoast.com\/product\/yoast-seo-wordpress\/ -->\n<title>Zna\u010dkov\u00fd Dr\u017e\u00e1k na ru\u010dn\u00edky 520mm Sapho TABELLA brou\u0161en\u00e1 nerez -<\/title>\n<meta name=\"robots\" content=\"index, follow, max-snippet:-1, max-image-preview:large, max-video-preview:-1\" \/>\n<link rel=\"canonical\" href=\"https:\/\/www.domkraftpro.com\/index.php\/produkt\/znackovy-drzak-na-rucniky-520mm-sapho-tabella-brousena-nerez-20137\/\" \/>\n<meta property=\"og:locale\" content=\"cs_CZ\" \/>\n<meta property=\"og:type\" content=\"article\" \/>\n<meta property=\"og:title\" content=\"Zna\u010dkov\u00fd Dr\u017e\u00e1k na ru\u010dn\u00edky 520mm Sapho TABELLA brou\u0161en\u00e1 nerez -\" \/>\n<meta property=\"og:description\" content=\"Popis produktu Dr\u017e\u00e1k na ru\u010dn\u00edky 520mm Sapho TABELLA brou\u0161en\u00e1 nerez Barva: Brou\u0161en\u00fd nerezBalen\u00ed: 1 ksRozm\u011br: 520 mmMateri\u00e1l: NerezZ\u00e1ruka: 2 roky Praktick\u00fd dr\u017e\u00e1k ru\u010dn\u00edk\u016f pro otopn\u00e1 t\u011blesa TABELLA MI1149, MI1147, MI1549 a MI1547 Na jedno otopn\u00e9 t\u011bleso je mo\u017eno pou\u017e\u00edt 2 dr\u017e\u00e1ky ru\u010dn\u00edk\u016f. Popis s\u00e9rie Origin\u00e1ln\u00ed, v\u00fdjime\u010dn\u011b ultra tenk\u00e9 radi\u00e1tory kr\u00e1sn\u00fdch elegantn\u00edch tvar\u016f budou nejen zdrojem [&hellip;]\" \/>\n<meta property=\"og:url\" content=\"https:\/\/www.domkraftpro.com\/index.php\/produkt\/znackovy-drzak-na-rucniky-520mm-sapho-tabella-brousena-nerez-20137\/\" \/>\n<meta property=\"og:image\" content=\"https:\/\/www.domkraftpro.com\/wp-content\/uploads\/2026\/SK0007302-CZ20260425-092632-0-1777080397-drzak-na-rucniky-520mm-sapho-tabella-brousena-nerez-446525..webp\" \/>\n\t<meta property=\"og:image:width\" content=\"600\" \/>\n\t<meta property=\"og:image:height\" content=\"358\" \/>\n\t<meta property=\"og:image:type\" content=\"image\/webp\" \/>\n<meta name=\"twitter:card\" content=\"summary_large_image\" \/>\n<meta name=\"twitter:label1\" content=\"Odhadovan\u00e1 doba \u010dten\u00ed\" \/>\n\t<meta name=\"twitter:data1\" content=\"1 minuta\" \/>\n<script type=\"application\/ld+json\" class=\"yoast-schema-graph\">{\"@context\":\"https:\/\/schema.org\",\"@graph\":[{\"@type\":\"WebPage\",\"@id\":\"https:\/\/www.domkraftpro.com\/index.php\/produkt\/znackovy-drzak-na-rucniky-520mm-sapho-tabella-brousena-nerez-20137\/\",\"url\":\"https:\/\/www.domkraftpro.com\/index.php\/produkt\/znackovy-drzak-na-rucniky-520mm-sapho-tabella-brousena-nerez-20137\/\",\"name\":\"Zna\u010dkov\u00fd Dr\u017e\u00e1k na ru\u010dn\u00edky 520mm Sapho TABELLA brou\u0161en\u00e1 nerez -\",\"isPartOf\":{\"@id\":\"https:\/\/www.domkraftpro.com\/#website\"},\"primaryImageOfPage\":{\"@id\":\"https:\/\/www.domkraftpro.com\/index.php\/produkt\/znackovy-drzak-na-rucniky-520mm-sapho-tabella-brousena-nerez-20137\/#primaryimage\"},\"image\":{\"@id\":\"https:\/\/www.domkraftpro.com\/index.php\/produkt\/znackovy-drzak-na-rucniky-520mm-sapho-tabella-brousena-nerez-20137\/#primaryimage\"},\"thumbnailUrl\":\"https:\/\/www.domkraftpro.com\/wp-content\/uploads\/2026\/SK0007302-CZ20260425-092632-0-1777080397-drzak-na-rucniky-520mm-sapho-tabella-brousena-nerez-446525..webp\",\"datePublished\":\"2026-04-27T04:41:13+00:00\",\"breadcrumb\":{\"@id\":\"https:\/\/www.domkraftpro.com\/index.php\/produkt\/znackovy-drzak-na-rucniky-520mm-sapho-tabella-brousena-nerez-20137\/#breadcrumb\"},\"inLanguage\":\"cs\",\"potentialAction\":[{\"@type\":\"ReadAction\",\"target\":[\"https:\/\/www.domkraftpro.com\/index.php\/produkt\/znackovy-drzak-na-rucniky-520mm-sapho-tabella-brousena-nerez-20137\/\"]}]},{\"@type\":\"ImageObject\",\"inLanguage\":\"cs\",\"@id\":\"https:\/\/www.domkraftpro.com\/index.php\/produkt\/znackovy-drzak-na-rucniky-520mm-sapho-tabella-brousena-nerez-20137\/#primaryimage\",\"url\":\"https:\/\/www.domkraftpro.com\/wp-content\/uploads\/2026\/SK0007302-CZ20260425-092632-0-1777080397-drzak-na-rucniky-520mm-sapho-tabella-brousena-nerez-446525..webp\",\"contentUrl\":\"https:\/\/www.domkraftpro.com\/wp-content\/uploads\/2026\/SK0007302-CZ20260425-092632-0-1777080397-drzak-na-rucniky-520mm-sapho-tabella-brousena-nerez-446525..webp\",\"width\":600,\"height\":358},{\"@type\":\"BreadcrumbList\",\"@id\":\"https:\/\/www.domkraftpro.com\/index.php\/produkt\/znackovy-drzak-na-rucniky-520mm-sapho-tabella-brousena-nerez-20137\/#breadcrumb\",\"itemListElement\":[{\"@type\":\"ListItem\",\"position\":1,\"name\":\"Home\",\"item\":\"https:\/\/www.domkraftpro.com\/\"},{\"@type\":\"ListItem\",\"position\":2,\"name\":\"Products\",\"item\":\"https:\/\/www.domkraftpro.com\/index.php\/products\/\"},{\"@type\":\"ListItem\",\"position\":3,\"name\":\"Zna\u010dkov\u00fd Dr\u017e\u00e1k na ru\u010dn\u00edky 520mm Sapho TABELLA brou\u0161en\u00e1 nerez\"}]},{\"@type\":\"WebSite\",\"@id\":\"https:\/\/www.domkraftpro.com\/#website\",\"url\":\"https:\/\/www.domkraftpro.com\/\",\"name\":\"\",\"description\":\"\",\"potentialAction\":[{\"@type\":\"SearchAction\",\"target\":{\"@type\":\"EntryPoint\",\"urlTemplate\":\"https:\/\/www.domkraftpro.com\/?s={search_term_string}\"},\"query-input\":{\"@type\":\"PropertyValueSpecification\",\"valueRequired\":true,\"valueName\":\"search_term_string\"}}],\"inLanguage\":\"cs\"}]}<\/script>\n<!-- \/ Yoast SEO plugin. -->","yoast_head_json":{"title":"Zna\u010dkov\u00fd Dr\u017e\u00e1k na ru\u010dn\u00edky 520mm Sapho TABELLA brou\u0161en\u00e1 nerez -","robots":{"index":"index","follow":"follow","max-snippet":"max-snippet:-1","max-image-preview":"max-image-preview:large","max-video-preview":"max-video-preview:-1"},"canonical":"https:\/\/www.domkraftpro.com\/index.php\/produkt\/znackovy-drzak-na-rucniky-520mm-sapho-tabella-brousena-nerez-20137\/","og_locale":"cs_CZ","og_type":"article","og_title":"Zna\u010dkov\u00fd Dr\u017e\u00e1k na ru\u010dn\u00edky 520mm Sapho TABELLA brou\u0161en\u00e1 nerez -","og_description":"Popis produktu Dr\u017e\u00e1k na ru\u010dn\u00edky 520mm Sapho TABELLA brou\u0161en\u00e1 nerez Barva: Brou\u0161en\u00fd nerezBalen\u00ed: 1 ksRozm\u011br: 520 mmMateri\u00e1l: NerezZ\u00e1ruka: 2 roky Praktick\u00fd dr\u017e\u00e1k ru\u010dn\u00edk\u016f pro otopn\u00e1 t\u011blesa TABELLA MI1149, MI1147, MI1549 a MI1547 Na jedno otopn\u00e9 t\u011bleso je mo\u017eno pou\u017e\u00edt 2 dr\u017e\u00e1ky ru\u010dn\u00edk\u016f. Popis s\u00e9rie Origin\u00e1ln\u00ed, v\u00fdjime\u010dn\u011b ultra tenk\u00e9 radi\u00e1tory kr\u00e1sn\u00fdch elegantn\u00edch tvar\u016f budou nejen zdrojem [&hellip;]","og_url":"https:\/\/www.domkraftpro.com\/index.php\/produkt\/znackovy-drzak-na-rucniky-520mm-sapho-tabella-brousena-nerez-20137\/","og_image":[{"width":600,"height":358,"url":"https:\/\/www.domkraftpro.com\/wp-content\/uploads\/2026\/SK0007302-CZ20260425-092632-0-1777080397-drzak-na-rucniky-520mm-sapho-tabella-brousena-nerez-446525..webp","type":"image\/webp"}],"twitter_card":"summary_large_image","twitter_misc":{"Odhadovan\u00e1 doba \u010dten\u00ed":"1 minuta"},"schema":{"@context":"https:\/\/schema.org","@graph":[{"@type":"WebPage","@id":"https:\/\/www.domkraftpro.com\/index.php\/produkt\/znackovy-drzak-na-rucniky-520mm-sapho-tabella-brousena-nerez-20137\/","url":"https:\/\/www.domkraftpro.com\/index.php\/produkt\/znackovy-drzak-na-rucniky-520mm-sapho-tabella-brousena-nerez-20137\/","name":"Zna\u010dkov\u00fd Dr\u017e\u00e1k na ru\u010dn\u00edky 520mm Sapho TABELLA brou\u0161en\u00e1 nerez -","isPartOf":{"@id":"https:\/\/www.domkraftpro.com\/#website"},"primaryImageOfPage":{"@id":"https:\/\/www.domkraftpro.com\/index.php\/produkt\/znackovy-drzak-na-rucniky-520mm-sapho-tabella-brousena-nerez-20137\/#primaryimage"},"image":{"@id":"https:\/\/www.domkraftpro.com\/index.php\/produkt\/znackovy-drzak-na-rucniky-520mm-sapho-tabella-brousena-nerez-20137\/#primaryimage"},"thumbnailUrl":"https:\/\/www.domkraftpro.com\/wp-content\/uploads\/2026\/SK0007302-CZ20260425-092632-0-1777080397-drzak-na-rucniky-520mm-sapho-tabella-brousena-nerez-446525..webp","datePublished":"2026-04-27T04:41:13+00:00","breadcrumb":{"@id":"https:\/\/www.domkraftpro.com\/index.php\/produkt\/znackovy-drzak-na-rucniky-520mm-sapho-tabella-brousena-nerez-20137\/#breadcrumb"},"inLanguage":"cs","potentialAction":[{"@type":"ReadAction","target":["https:\/\/www.domkraftpro.com\/index.php\/produkt\/znackovy-drzak-na-rucniky-520mm-sapho-tabella-brousena-nerez-20137\/"]}]},{"@type":"ImageObject","inLanguage":"cs","@id":"https:\/\/www.domkraftpro.com\/index.php\/produkt\/znackovy-drzak-na-rucniky-520mm-sapho-tabella-brousena-nerez-20137\/#primaryimage","url":"https:\/\/www.domkraftpro.com\/wp-content\/uploads\/2026\/SK0007302-CZ20260425-092632-0-1777080397-drzak-na-rucniky-520mm-sapho-tabella-brousena-nerez-446525..webp","contentUrl":"https:\/\/www.domkraftpro.com\/wp-content\/uploads\/2026\/SK0007302-CZ20260425-092632-0-1777080397-drzak-na-rucniky-520mm-sapho-tabella-brousena-nerez-446525..webp","width":600,"height":358},{"@type":"BreadcrumbList","@id":"https:\/\/www.domkraftpro.com\/index.php\/produkt\/znackovy-drzak-na-rucniky-520mm-sapho-tabella-brousena-nerez-20137\/#breadcrumb","itemListElement":[{"@type":"ListItem","position":1,"name":"Home","item":"https:\/\/www.domkraftpro.com\/"},{"@type":"ListItem","position":2,"name":"Products","item":"https:\/\/www.domkraftpro.com\/index.php\/products\/"},{"@type":"ListItem","position":3,"name":"Zna\u010dkov\u00fd Dr\u017e\u00e1k na ru\u010dn\u00edky 520mm Sapho TABELLA brou\u0161en\u00e1 nerez"}]},{"@type":"WebSite","@id":"https:\/\/www.domkraftpro.com\/#website","url":"https:\/\/www.domkraftpro.com\/","name":"","description":"","potentialAction":[{"@type":"SearchAction","target":{"@type":"EntryPoint","urlTemplate":"https:\/\/www.domkraftpro.com\/?s={search_term_string}"},"query-input":{"@type":"PropertyValueSpecification","valueRequired":true,"valueName":"search_term_string"}}],"inLanguage":"cs"}]}},"_links":{"self":[{"href":"https:\/\/www.domkraftpro.com\/index.php\/wp-json\/wp\/v2\/product\/20137","targetHints":{"allow":["GET"]}}],"collection":[{"href":"https:\/\/www.domkraftpro.com\/index.php\/wp-json\/wp\/v2\/product"}],"about":[{"href":"https:\/\/www.domkraftpro.com\/index.php\/wp-json\/wp\/v2\/types\/product"}],"replies":[{"embeddable":true,"href":"https:\/\/www.domkraftpro.com\/index.php\/wp-json\/wp\/v2\/comments?post=20137"}],"wp:featuredmedia":[{"embeddable":true,"href":"https:\/\/www.domkraftpro.com\/index.php\/wp-json\/wp\/v2\/media\/20237"}],"wp:attachment":[{"href":"https:\/\/www.domkraftpro.com\/index.php\/wp-json\/wp\/v2\/media?parent=20137"}],"wp:term":[{"taxonomy":"product_brand","embeddable":true,"href":"https:\/\/www.domkraftpro.com\/index.php\/wp-json\/wp\/v2\/product_brand?post=20137"},{"taxonomy":"product_cat","embeddable":true,"href":"https:\/\/www.domkraftpro.com\/index.php\/wp-json\/wp\/v2\/product_cat?post=20137"},{"taxonomy":"product_tag","embeddable":true,"href":"https:\/\/www.domkraftpro.com\/index.php\/wp-json\/wp\/v2\/product_tag?post=20137"}],"curies":[{"name":"wp","href":"https:\/\/api.w.org\/{rel}","templated":true}]}}