{"id":20109,"date":"2026-04-27T04:41:13","date_gmt":"2026-04-27T04:41:13","guid":{"rendered":""},"modified":"2026-04-27T04:41:13","modified_gmt":"2026-04-27T04:41:13","slug":"koupit-online-sapho-melange-taco-black-16-5x16-5-bal-0-55-m2-20109","status":"publish","type":"product","link":"https:\/\/www.domkraftpro.com\/index.php\/produkt\/koupit-online-sapho-melange-taco-black-16-5x16-5-bal-0-55-m2-20109\/","title":{"rendered":"Koupit Online Sapho MELANGE Taco Black 16,5X16,5 (bal.= 0,55 m2)"},"content":{"rendered":"<div class=\"ProductDetail-content NoFixImageContainer\" id=\"productDescription\">\n<div class=\"Heading\">\n<h2 class=\"Heading-title\">Popis produktu <span class=''>Sapho MELANGE Taco Black 16,5X16,5 (bal.= 0,55 m2)<\/span><\/h2>\n<\/p><\/div>\n<div class=\"ProductDetailContent\">                                                                    <\/div>\n<div class=\"ProductDetailContent\">\n<div class=\"ProductDetailContent-item\">                                            Balen\u00ed: 1 ks<br \/>Pou\u017eit\u00ed: Obklad;Dla\u017eba<br \/>Rozm\u011br: 16,5&#215;16,5 cm<br \/>Povrch: Mat<br \/>Po\u010det ks v balen\u00ed: 20<br \/>Materi\u00e1l: Keramika<br \/>Tlou\u0161\u0165ka: 8 mm<br \/>Balen\u00ed obsahuje: 0.55 m2<br \/>Z\u00e1ruka: 2 roky                                        <\/div>\n<div class=\"ProductDetailContent-item\">\n<h3>Vysv\u011btlivky<\/h3>\n<div class=\"product-explanation-item\">\n<h3>Matn\u00fd povrch<\/h3>\n<p>Matn\u00e1 glazura dla\u017edice.<\/p>\n<\/p>\n<div class=\"clear\"><!-- --><\/div>\n<\/div>\n<div class=\"product-explanation-item\">\n<h3>Obklad<\/h3>\n<p style=\"text-align: justify;\">Dla\u017edice lze pou\u017e\u00edt pouze k aplikaci na st\u011bny (= jako obkl\u00e1da\u010dka).<\/p>\n<div class=\"clear\"><!-- --><\/div>\n<\/div>\n<div class=\"product-explanation-item\">\n<h3>Dla\u017eba<\/h3>\n<p style=\"text-align: justify;\">Dla\u017edice vhodn\u00e1 pro pokl\u00e1dku na podlahu (= jako dla\u017eba), z\u00e1rove\u0148 lze pou\u017e\u00edt i pro obklad st\u011bn.<\/p>\n<div class=\"clear\"><!-- --><\/div>\n<\/div><\/div>\n<\/p><\/div>\n<\/p><\/div>\n<\/p><\/div>\n<\/p><\/div>\n","protected":false},"excerpt":{"rendered":"<p>Popis produktu Sapho MELANGE Taco Black 16,5X16,5 (bal.= 0,55 m2) Balen\u00ed: 1 ksPou\u017eit\u00ed: Obklad;Dla\u017ebaRozm\u011br: 16,5&#215;16,5 cmPovrch: MatPo\u010det ks v balen\u00ed: 20Materi\u00e1l: KeramikaTlou\u0161\u0165ka: 8 mmBalen\u00ed obsahuje: 0.55 m2Z\u00e1ruka: 2 roky Vysv\u011btlivky Matn\u00fd povrch Matn\u00e1 glazura dla\u017edice. Obklad Dla\u017edice lze pou\u017e\u00edt pouze k aplikaci na st\u011bny (= jako obkl\u00e1da\u010dka). Dla\u017eba Dla\u017edice vhodn\u00e1 pro pokl\u00e1dku na podlahu (= [&hellip;]<\/p>\n","protected":false},"featured_media":20209,"comment_status":"open","ping_status":"open","template":"","meta":[],"product_brand":[],"product_cat":[92],"product_tag":[],"class_list":{"0":"post-20109","1":"product","2":"type-product","3":"status-publish","4":"has-post-thumbnail","6":"product_cat-dlazba-a-obklady","8":"first","9":"instock","10":"sale","11":"shipping-taxable","12":"purchasable","13":"product-type-simple"},"yoast_head":"<!-- This site is optimized with the Yoast SEO plugin v26.8 - https:\/\/yoast.com\/product\/yoast-seo-wordpress\/ -->\n<title>Koupit Online Sapho MELANGE Taco Black 16,5X16,5 (bal.= 0,55 m2) -<\/title>\n<meta name=\"robots\" content=\"index, follow, max-snippet:-1, max-image-preview:large, max-video-preview:-1\" \/>\n<link rel=\"canonical\" href=\"https:\/\/www.domkraftpro.com\/index.php\/produkt\/koupit-online-sapho-melange-taco-black-16-5x16-5-bal-0-55-m2-20109\/\" \/>\n<meta property=\"og:locale\" content=\"cs_CZ\" \/>\n<meta property=\"og:type\" content=\"article\" \/>\n<meta property=\"og:title\" content=\"Koupit Online Sapho MELANGE Taco Black 16,5X16,5 (bal.= 0,55 m2) -\" \/>\n<meta property=\"og:description\" content=\"Popis produktu Sapho MELANGE Taco Black 16,5X16,5 (bal.= 0,55 m2) Balen\u00ed: 1 ksPou\u017eit\u00ed: Obklad;Dla\u017ebaRozm\u011br: 16,5&#215;16,5 cmPovrch: MatPo\u010det ks v balen\u00ed: 20Materi\u00e1l: KeramikaTlou\u0161\u0165ka: 8 mmBalen\u00ed obsahuje: 0.55 m2Z\u00e1ruka: 2 roky Vysv\u011btlivky Matn\u00fd povrch Matn\u00e1 glazura dla\u017edice. Obklad Dla\u017edice lze pou\u017e\u00edt pouze k aplikaci na st\u011bny (= jako obkl\u00e1da\u010dka). Dla\u017eba Dla\u017edice vhodn\u00e1 pro pokl\u00e1dku na podlahu (= [&hellip;]\" \/>\n<meta property=\"og:url\" content=\"https:\/\/www.domkraftpro.com\/index.php\/produkt\/koupit-online-sapho-melange-taco-black-16-5x16-5-bal-0-55-m2-20109\/\" \/>\n<meta property=\"og:image\" content=\"https:\/\/www.domkraftpro.com\/wp-content\/uploads\/2026\/SK0007271-CZ20260425-092632-0-1777080397-sapho-melange-taco-black-16-5x16-5-bal-0-55-m2-446133.webp\" \/>\n\t<meta property=\"og:image:width\" content=\"130\" \/>\n\t<meta property=\"og:image:height\" content=\"132\" \/>\n\t<meta property=\"og:image:type\" content=\"image\/webp\" \/>\n<meta name=\"twitter:card\" content=\"summary_large_image\" \/>\n<script type=\"application\/ld+json\" class=\"yoast-schema-graph\">{\"@context\":\"https:\/\/schema.org\",\"@graph\":[{\"@type\":\"WebPage\",\"@id\":\"https:\/\/www.domkraftpro.com\/index.php\/produkt\/koupit-online-sapho-melange-taco-black-16-5x16-5-bal-0-55-m2-20109\/\",\"url\":\"https:\/\/www.domkraftpro.com\/index.php\/produkt\/koupit-online-sapho-melange-taco-black-16-5x16-5-bal-0-55-m2-20109\/\",\"name\":\"Koupit Online Sapho MELANGE Taco Black 16,5X16,5 (bal.= 0,55 m2) -\",\"isPartOf\":{\"@id\":\"https:\/\/www.domkraftpro.com\/#website\"},\"primaryImageOfPage\":{\"@id\":\"https:\/\/www.domkraftpro.com\/index.php\/produkt\/koupit-online-sapho-melange-taco-black-16-5x16-5-bal-0-55-m2-20109\/#primaryimage\"},\"image\":{\"@id\":\"https:\/\/www.domkraftpro.com\/index.php\/produkt\/koupit-online-sapho-melange-taco-black-16-5x16-5-bal-0-55-m2-20109\/#primaryimage\"},\"thumbnailUrl\":\"https:\/\/www.domkraftpro.com\/wp-content\/uploads\/2026\/SK0007271-CZ20260425-092632-0-1777080397-sapho-melange-taco-black-16-5x16-5-bal-0-55-m2-446133.webp\",\"datePublished\":\"2026-04-27T04:41:13+00:00\",\"breadcrumb\":{\"@id\":\"https:\/\/www.domkraftpro.com\/index.php\/produkt\/koupit-online-sapho-melange-taco-black-16-5x16-5-bal-0-55-m2-20109\/#breadcrumb\"},\"inLanguage\":\"cs\",\"potentialAction\":[{\"@type\":\"ReadAction\",\"target\":[\"https:\/\/www.domkraftpro.com\/index.php\/produkt\/koupit-online-sapho-melange-taco-black-16-5x16-5-bal-0-55-m2-20109\/\"]}]},{\"@type\":\"ImageObject\",\"inLanguage\":\"cs\",\"@id\":\"https:\/\/www.domkraftpro.com\/index.php\/produkt\/koupit-online-sapho-melange-taco-black-16-5x16-5-bal-0-55-m2-20109\/#primaryimage\",\"url\":\"https:\/\/www.domkraftpro.com\/wp-content\/uploads\/2026\/SK0007271-CZ20260425-092632-0-1777080397-sapho-melange-taco-black-16-5x16-5-bal-0-55-m2-446133.webp\",\"contentUrl\":\"https:\/\/www.domkraftpro.com\/wp-content\/uploads\/2026\/SK0007271-CZ20260425-092632-0-1777080397-sapho-melange-taco-black-16-5x16-5-bal-0-55-m2-446133.webp\",\"width\":130,\"height\":132},{\"@type\":\"BreadcrumbList\",\"@id\":\"https:\/\/www.domkraftpro.com\/index.php\/produkt\/koupit-online-sapho-melange-taco-black-16-5x16-5-bal-0-55-m2-20109\/#breadcrumb\",\"itemListElement\":[{\"@type\":\"ListItem\",\"position\":1,\"name\":\"Home\",\"item\":\"https:\/\/www.domkraftpro.com\/\"},{\"@type\":\"ListItem\",\"position\":2,\"name\":\"Products\",\"item\":\"https:\/\/www.domkraftpro.com\/index.php\/products\/\"},{\"@type\":\"ListItem\",\"position\":3,\"name\":\"Koupit Online Sapho MELANGE Taco Black 16,5X16,5 (bal.= 0,55 m2)\"}]},{\"@type\":\"WebSite\",\"@id\":\"https:\/\/www.domkraftpro.com\/#website\",\"url\":\"https:\/\/www.domkraftpro.com\/\",\"name\":\"\",\"description\":\"\",\"potentialAction\":[{\"@type\":\"SearchAction\",\"target\":{\"@type\":\"EntryPoint\",\"urlTemplate\":\"https:\/\/www.domkraftpro.com\/?s={search_term_string}\"},\"query-input\":{\"@type\":\"PropertyValueSpecification\",\"valueRequired\":true,\"valueName\":\"search_term_string\"}}],\"inLanguage\":\"cs\"}]}<\/script>\n<!-- \/ Yoast SEO plugin. -->","yoast_head_json":{"title":"Koupit Online Sapho MELANGE Taco Black 16,5X16,5 (bal.= 0,55 m2) -","robots":{"index":"index","follow":"follow","max-snippet":"max-snippet:-1","max-image-preview":"max-image-preview:large","max-video-preview":"max-video-preview:-1"},"canonical":"https:\/\/www.domkraftpro.com\/index.php\/produkt\/koupit-online-sapho-melange-taco-black-16-5x16-5-bal-0-55-m2-20109\/","og_locale":"cs_CZ","og_type":"article","og_title":"Koupit Online Sapho MELANGE Taco Black 16,5X16,5 (bal.= 0,55 m2) -","og_description":"Popis produktu Sapho MELANGE Taco Black 16,5X16,5 (bal.= 0,55 m2) Balen\u00ed: 1 ksPou\u017eit\u00ed: Obklad;Dla\u017ebaRozm\u011br: 16,5&#215;16,5 cmPovrch: MatPo\u010det ks v balen\u00ed: 20Materi\u00e1l: KeramikaTlou\u0161\u0165ka: 8 mmBalen\u00ed obsahuje: 0.55 m2Z\u00e1ruka: 2 roky Vysv\u011btlivky Matn\u00fd povrch Matn\u00e1 glazura dla\u017edice. Obklad Dla\u017edice lze pou\u017e\u00edt pouze k aplikaci na st\u011bny (= jako obkl\u00e1da\u010dka). Dla\u017eba Dla\u017edice vhodn\u00e1 pro pokl\u00e1dku na podlahu (= [&hellip;]","og_url":"https:\/\/www.domkraftpro.com\/index.php\/produkt\/koupit-online-sapho-melange-taco-black-16-5x16-5-bal-0-55-m2-20109\/","og_image":[{"width":130,"height":132,"url":"https:\/\/www.domkraftpro.com\/wp-content\/uploads\/2026\/SK0007271-CZ20260425-092632-0-1777080397-sapho-melange-taco-black-16-5x16-5-bal-0-55-m2-446133.webp","type":"image\/webp"}],"twitter_card":"summary_large_image","schema":{"@context":"https:\/\/schema.org","@graph":[{"@type":"WebPage","@id":"https:\/\/www.domkraftpro.com\/index.php\/produkt\/koupit-online-sapho-melange-taco-black-16-5x16-5-bal-0-55-m2-20109\/","url":"https:\/\/www.domkraftpro.com\/index.php\/produkt\/koupit-online-sapho-melange-taco-black-16-5x16-5-bal-0-55-m2-20109\/","name":"Koupit Online Sapho MELANGE Taco Black 16,5X16,5 (bal.= 0,55 m2) -","isPartOf":{"@id":"https:\/\/www.domkraftpro.com\/#website"},"primaryImageOfPage":{"@id":"https:\/\/www.domkraftpro.com\/index.php\/produkt\/koupit-online-sapho-melange-taco-black-16-5x16-5-bal-0-55-m2-20109\/#primaryimage"},"image":{"@id":"https:\/\/www.domkraftpro.com\/index.php\/produkt\/koupit-online-sapho-melange-taco-black-16-5x16-5-bal-0-55-m2-20109\/#primaryimage"},"thumbnailUrl":"https:\/\/www.domkraftpro.com\/wp-content\/uploads\/2026\/SK0007271-CZ20260425-092632-0-1777080397-sapho-melange-taco-black-16-5x16-5-bal-0-55-m2-446133.webp","datePublished":"2026-04-27T04:41:13+00:00","breadcrumb":{"@id":"https:\/\/www.domkraftpro.com\/index.php\/produkt\/koupit-online-sapho-melange-taco-black-16-5x16-5-bal-0-55-m2-20109\/#breadcrumb"},"inLanguage":"cs","potentialAction":[{"@type":"ReadAction","target":["https:\/\/www.domkraftpro.com\/index.php\/produkt\/koupit-online-sapho-melange-taco-black-16-5x16-5-bal-0-55-m2-20109\/"]}]},{"@type":"ImageObject","inLanguage":"cs","@id":"https:\/\/www.domkraftpro.com\/index.php\/produkt\/koupit-online-sapho-melange-taco-black-16-5x16-5-bal-0-55-m2-20109\/#primaryimage","url":"https:\/\/www.domkraftpro.com\/wp-content\/uploads\/2026\/SK0007271-CZ20260425-092632-0-1777080397-sapho-melange-taco-black-16-5x16-5-bal-0-55-m2-446133.webp","contentUrl":"https:\/\/www.domkraftpro.com\/wp-content\/uploads\/2026\/SK0007271-CZ20260425-092632-0-1777080397-sapho-melange-taco-black-16-5x16-5-bal-0-55-m2-446133.webp","width":130,"height":132},{"@type":"BreadcrumbList","@id":"https:\/\/www.domkraftpro.com\/index.php\/produkt\/koupit-online-sapho-melange-taco-black-16-5x16-5-bal-0-55-m2-20109\/#breadcrumb","itemListElement":[{"@type":"ListItem","position":1,"name":"Home","item":"https:\/\/www.domkraftpro.com\/"},{"@type":"ListItem","position":2,"name":"Products","item":"https:\/\/www.domkraftpro.com\/index.php\/products\/"},{"@type":"ListItem","position":3,"name":"Koupit Online Sapho MELANGE Taco Black 16,5X16,5 (bal.= 0,55 m2)"}]},{"@type":"WebSite","@id":"https:\/\/www.domkraftpro.com\/#website","url":"https:\/\/www.domkraftpro.com\/","name":"","description":"","potentialAction":[{"@type":"SearchAction","target":{"@type":"EntryPoint","urlTemplate":"https:\/\/www.domkraftpro.com\/?s={search_term_string}"},"query-input":{"@type":"PropertyValueSpecification","valueRequired":true,"valueName":"search_term_string"}}],"inLanguage":"cs"}]}},"_links":{"self":[{"href":"https:\/\/www.domkraftpro.com\/index.php\/wp-json\/wp\/v2\/product\/20109","targetHints":{"allow":["GET"]}}],"collection":[{"href":"https:\/\/www.domkraftpro.com\/index.php\/wp-json\/wp\/v2\/product"}],"about":[{"href":"https:\/\/www.domkraftpro.com\/index.php\/wp-json\/wp\/v2\/types\/product"}],"replies":[{"embeddable":true,"href":"https:\/\/www.domkraftpro.com\/index.php\/wp-json\/wp\/v2\/comments?post=20109"}],"wp:featuredmedia":[{"embeddable":true,"href":"https:\/\/www.domkraftpro.com\/index.php\/wp-json\/wp\/v2\/media\/20209"}],"wp:attachment":[{"href":"https:\/\/www.domkraftpro.com\/index.php\/wp-json\/wp\/v2\/media?parent=20109"}],"wp:term":[{"taxonomy":"product_brand","embeddable":true,"href":"https:\/\/www.domkraftpro.com\/index.php\/wp-json\/wp\/v2\/product_brand?post=20109"},{"taxonomy":"product_cat","embeddable":true,"href":"https:\/\/www.domkraftpro.com\/index.php\/wp-json\/wp\/v2\/product_cat?post=20109"},{"taxonomy":"product_tag","embeddable":true,"href":"https:\/\/www.domkraftpro.com\/index.php\/wp-json\/wp\/v2\/product_tag?post=20109"}],"curies":[{"name":"wp","href":"https:\/\/api.w.org\/{rel}","templated":true}]}}