{"id":20101,"date":"2026-04-27T04:41:13","date_gmt":"2026-04-27T04:41:13","guid":{"rendered":""},"modified":"2026-04-27T04:41:13","modified_gmt":"2026-04-27T04:41:13","slug":"obklad-aqualine-wembley-beige-20x60-bal-1-44-m2-kup-ted-20101","status":"publish","type":"product","link":"https:\/\/www.domkraftpro.com\/produkt\/obklad-aqualine-wembley-beige-20x60-bal-1-44-m2-kup-ted-20101\/","title":{"rendered":"Obklad Aqualine WEMBLEY Beige 20&#215;60 (bal=1,44 m2) Kup Te\u010f"},"content":{"rendered":"<div class=\"ProductDetail-content NoFixImageContainer\" id=\"productDescription\">\n<div class=\"Heading\">\n<h2 class=\"Heading-title\">Popis produktu <span class=''>Obklad Aqualine WEMBLEY Beige 20&#215;60 (bal=1,44 m2)<\/span><\/h2>\n<\/p><\/div>\n<div class=\"ProductDetailContent\">                                                                    <\/div>\n<div class=\"ProductDetailContent\">\n<div class=\"ProductDetailContent-item\">                                            Balen\u00ed: 1 ks<br \/>Pou\u017eit\u00ed: Obklad<br \/>Rozm\u011br: 20&#215;60 cm<br \/>Povrch: Lesk<br \/>Po\u010det ks v balen\u00ed: 12<br \/>Materi\u00e1l: Keramika<br \/>Tlou\u0161\u0165ka: 7 mm<br \/>Balen\u00ed obsahuje: 1.44 m2<br \/>Z\u00e1ruka: 2 roky                                        <\/div>\n<div class=\"ProductDetailContent-item\">\n<h3>Vysv\u011btlivky<\/h3>\n<div class=\"product-explanation-item\">\n<h3>Leskl\u00fd povrch<\/h3>\n<p>Leskl\u00e1 glazura dla\u017edice.<\/p>\n<\/p>\n<div class=\"clear\"><!-- --><\/div>\n<\/div>\n<div class=\"product-explanation-item\">\n<h3>Obklad<\/h3>\n<p style=\"text-align: justify;\">Dla\u017edice lze pou\u017e\u00edt pouze k aplikaci na st\u011bny (= jako obkl\u00e1da\u010dka).<\/p>\n<div class=\"clear\"><!-- --><\/div>\n<\/div><\/div>\n<\/p><\/div>\n<\/p><\/div>\n<\/p><\/div>\n<\/p><\/div>\n","protected":false},"excerpt":{"rendered":"<p>Popis produktu Obklad Aqualine WEMBLEY Beige 20&#215;60 (bal=1,44 m2) Balen\u00ed: 1 ksPou\u017eit\u00ed: ObkladRozm\u011br: 20&#215;60 cmPovrch: LeskPo\u010det ks v balen\u00ed: 12Materi\u00e1l: KeramikaTlou\u0161\u0165ka: 7 mmBalen\u00ed obsahuje: 1.44 m2Z\u00e1ruka: 2 roky Vysv\u011btlivky Leskl\u00fd povrch Leskl\u00e1 glazura dla\u017edice. Obklad Dla\u017edice lze pou\u017e\u00edt pouze k aplikaci na st\u011bny (= jako obkl\u00e1da\u010dka).<\/p>\n","protected":false},"featured_media":20201,"template":"","meta":[],"product_brand":[],"product_cat":[92],"product_tag":[],"class_list":{"0":"post-20101","1":"product","2":"type-product","3":"status-publish","4":"has-post-thumbnail","6":"product_cat-dlazba-a-obklady","8":"first","9":"instock","10":"sale","11":"shipping-taxable","12":"purchasable","13":"product-type-simple"},"yoast_head":"<!-- This site is optimized with the Yoast SEO plugin v26.8 - https:\/\/yoast.com\/product\/yoast-seo-wordpress\/ -->\n<title>Obklad Aqualine WEMBLEY Beige 20x60 (bal=1,44 m2) Kup Te\u010f - Koupelna &amp; N\u00e1\u0159ad\u00ed &amp; Osv\u011btlen\u00ed a Stavebn\u00ed pot\u0159by<\/title>\n<meta name=\"robots\" content=\"index, follow, max-snippet:-1, max-image-preview:large, max-video-preview:-1\" \/>\n<link rel=\"canonical\" href=\"https:\/\/www.domkraftpro.com\/index.php\/produkt\/obklad-aqualine-wembley-beige-20x60-bal-1-44-m2-kup-ted-20101\/\" \/>\n<meta property=\"og:locale\" content=\"cs_CZ\" \/>\n<meta property=\"og:type\" content=\"article\" \/>\n<meta property=\"og:title\" content=\"Obklad Aqualine WEMBLEY Beige 20x60 (bal=1,44 m2) Kup Te\u010f - Koupelna &amp; N\u00e1\u0159ad\u00ed &amp; Osv\u011btlen\u00ed a Stavebn\u00ed pot\u0159by\" \/>\n<meta property=\"og:description\" content=\"Popis produktu Obklad Aqualine WEMBLEY Beige 20&#215;60 (bal=1,44 m2) Balen\u00ed: 1 ksPou\u017eit\u00ed: ObkladRozm\u011br: 20&#215;60 cmPovrch: LeskPo\u010det ks v balen\u00ed: 12Materi\u00e1l: KeramikaTlou\u0161\u0165ka: 7 mmBalen\u00ed obsahuje: 1.44 m2Z\u00e1ruka: 2 roky Vysv\u011btlivky Leskl\u00fd povrch Leskl\u00e1 glazura dla\u017edice. Obklad Dla\u017edice lze pou\u017e\u00edt pouze k aplikaci na st\u011bny (= jako obkl\u00e1da\u010dka).\" \/>\n<meta property=\"og:url\" content=\"https:\/\/www.domkraftpro.com\/index.php\/produkt\/obklad-aqualine-wembley-beige-20x60-bal-1-44-m2-kup-ted-20101\/\" \/>\n<meta property=\"og:site_name\" content=\"Koupelna &amp; N\u00e1\u0159ad\u00ed &amp; Osv\u011btlen\u00ed a Stavebn\u00ed pot\u0159by\" \/>\n<meta property=\"og:image\" content=\"https:\/\/www.domkraftpro.com\/wp-content\/uploads\/2026\/SK0007262-CZ20260425-092632-0-1777080397-obklad-aqualine-wembley-beige-20x60-bal-1-44-m2-446000.webp\" \/>\n\t<meta property=\"og:image:width\" content=\"600\" \/>\n\t<meta property=\"og:image:height\" content=\"200\" \/>\n\t<meta property=\"og:image:type\" content=\"image\/webp\" \/>\n<meta name=\"twitter:card\" content=\"summary_large_image\" \/>\n<script type=\"application\/ld+json\" class=\"yoast-schema-graph\">{\"@context\":\"https:\/\/schema.org\",\"@graph\":[{\"@type\":\"WebPage\",\"@id\":\"https:\/\/www.domkraftpro.com\/index.php\/produkt\/obklad-aqualine-wembley-beige-20x60-bal-1-44-m2-kup-ted-20101\/\",\"url\":\"https:\/\/www.domkraftpro.com\/index.php\/produkt\/obklad-aqualine-wembley-beige-20x60-bal-1-44-m2-kup-ted-20101\/\",\"name\":\"Obklad Aqualine WEMBLEY Beige 20x60 (bal=1,44 m2) Kup Te\u010f - Koupelna &amp; N\u00e1\u0159ad\u00ed &amp; Osv\u011btlen\u00ed a Stavebn\u00ed pot\u0159by\",\"isPartOf\":{\"@id\":\"https:\/\/www.domkraftpro.com\/#website\"},\"primaryImageOfPage\":{\"@id\":\"https:\/\/www.domkraftpro.com\/index.php\/produkt\/obklad-aqualine-wembley-beige-20x60-bal-1-44-m2-kup-ted-20101\/#primaryimage\"},\"image\":{\"@id\":\"https:\/\/www.domkraftpro.com\/index.php\/produkt\/obklad-aqualine-wembley-beige-20x60-bal-1-44-m2-kup-ted-20101\/#primaryimage\"},\"thumbnailUrl\":\"https:\/\/www.domkraftpro.com\/wp-content\/uploads\/2026\/SK0007262-CZ20260425-092632-0-1777080397-obklad-aqualine-wembley-beige-20x60-bal-1-44-m2-446000.webp\",\"datePublished\":\"2026-04-27T04:41:13+00:00\",\"breadcrumb\":{\"@id\":\"https:\/\/www.domkraftpro.com\/index.php\/produkt\/obklad-aqualine-wembley-beige-20x60-bal-1-44-m2-kup-ted-20101\/#breadcrumb\"},\"inLanguage\":\"cs\",\"potentialAction\":[{\"@type\":\"ReadAction\",\"target\":[\"https:\/\/www.domkraftpro.com\/index.php\/produkt\/obklad-aqualine-wembley-beige-20x60-bal-1-44-m2-kup-ted-20101\/\"]}]},{\"@type\":\"ImageObject\",\"inLanguage\":\"cs\",\"@id\":\"https:\/\/www.domkraftpro.com\/index.php\/produkt\/obklad-aqualine-wembley-beige-20x60-bal-1-44-m2-kup-ted-20101\/#primaryimage\",\"url\":\"https:\/\/www.domkraftpro.com\/wp-content\/uploads\/2026\/SK0007262-CZ20260425-092632-0-1777080397-obklad-aqualine-wembley-beige-20x60-bal-1-44-m2-446000.webp\",\"contentUrl\":\"https:\/\/www.domkraftpro.com\/wp-content\/uploads\/2026\/SK0007262-CZ20260425-092632-0-1777080397-obklad-aqualine-wembley-beige-20x60-bal-1-44-m2-446000.webp\",\"width\":600,\"height\":200},{\"@type\":\"BreadcrumbList\",\"@id\":\"https:\/\/www.domkraftpro.com\/index.php\/produkt\/obklad-aqualine-wembley-beige-20x60-bal-1-44-m2-kup-ted-20101\/#breadcrumb\",\"itemListElement\":[{\"@type\":\"ListItem\",\"position\":1,\"name\":\"Home\",\"item\":\"https:\/\/www.domkraftpro.com\/\"},{\"@type\":\"ListItem\",\"position\":2,\"name\":\"Products\",\"item\":\"https:\/\/www.domkraftpro.com\/products\/\"},{\"@type\":\"ListItem\",\"position\":3,\"name\":\"Obklad Aqualine WEMBLEY Beige 20&#215;60 (bal=1,44 m2) Kup Te\u010f\"}]},{\"@type\":\"WebSite\",\"@id\":\"https:\/\/www.domkraftpro.com\/#website\",\"url\":\"https:\/\/www.domkraftpro.com\/\",\"name\":\"Koupelna &amp; N\u00e1\u0159ad\u00ed &amp; Osv\u011btlen\u00ed a Stavebn\u00ed pot\u0159by\",\"description\":\"Koupelna &amp; N\u00e1\u0159ad\u00ed &amp; Osv\u011btlen\u00ed a Stavebn\u00ed pot\u0159by\",\"publisher\":{\"@id\":\"https:\/\/www.domkraftpro.com\/#organization\"},\"potentialAction\":[{\"@type\":\"SearchAction\",\"target\":{\"@type\":\"EntryPoint\",\"urlTemplate\":\"https:\/\/www.domkraftpro.com\/?s={search_term_string}\"},\"query-input\":{\"@type\":\"PropertyValueSpecification\",\"valueRequired\":true,\"valueName\":\"search_term_string\"}}],\"inLanguage\":\"cs\"},{\"@type\":\"Organization\",\"@id\":\"https:\/\/www.domkraftpro.com\/#organization\",\"name\":\"Koupelna &amp; N\u00e1\u0159ad\u00ed &amp; Osv\u011btlen\u00ed a Stavebn\u00ed pot\u0159by\",\"url\":\"https:\/\/www.domkraftpro.com\/\",\"logo\":{\"@type\":\"ImageObject\",\"inLanguage\":\"cs\",\"@id\":\"https:\/\/www.domkraftpro.com\/#\/schema\/logo\/image\/\",\"url\":\"https:\/\/www.domkraftpro.com\/wp-content\/uploads\/2026\/04\/domkraftpro_logo.svg\",\"contentUrl\":\"https:\/\/www.domkraftpro.com\/wp-content\/uploads\/2026\/04\/domkraftpro_logo.svg\",\"width\":760,\"height\":180,\"caption\":\"Koupelna &amp; N\u00e1\u0159ad\u00ed &amp; Osv\u011btlen\u00ed a Stavebn\u00ed pot\u0159by\"},\"image\":{\"@id\":\"https:\/\/www.domkraftpro.com\/#\/schema\/logo\/image\/\"}}]}<\/script>\n<!-- \/ Yoast SEO plugin. -->","yoast_head_json":{"title":"Obklad Aqualine WEMBLEY Beige 20x60 (bal=1,44 m2) Kup Te\u010f - Koupelna &amp; N\u00e1\u0159ad\u00ed &amp; Osv\u011btlen\u00ed a Stavebn\u00ed pot\u0159by","robots":{"index":"index","follow":"follow","max-snippet":"max-snippet:-1","max-image-preview":"max-image-preview:large","max-video-preview":"max-video-preview:-1"},"canonical":"https:\/\/www.domkraftpro.com\/index.php\/produkt\/obklad-aqualine-wembley-beige-20x60-bal-1-44-m2-kup-ted-20101\/","og_locale":"cs_CZ","og_type":"article","og_title":"Obklad Aqualine WEMBLEY Beige 20x60 (bal=1,44 m2) Kup Te\u010f - Koupelna &amp; N\u00e1\u0159ad\u00ed &amp; Osv\u011btlen\u00ed a Stavebn\u00ed pot\u0159by","og_description":"Popis produktu Obklad Aqualine WEMBLEY Beige 20&#215;60 (bal=1,44 m2) Balen\u00ed: 1 ksPou\u017eit\u00ed: ObkladRozm\u011br: 20&#215;60 cmPovrch: LeskPo\u010det ks v balen\u00ed: 12Materi\u00e1l: KeramikaTlou\u0161\u0165ka: 7 mmBalen\u00ed obsahuje: 1.44 m2Z\u00e1ruka: 2 roky Vysv\u011btlivky Leskl\u00fd povrch Leskl\u00e1 glazura dla\u017edice. Obklad Dla\u017edice lze pou\u017e\u00edt pouze k aplikaci na st\u011bny (= jako obkl\u00e1da\u010dka).","og_url":"https:\/\/www.domkraftpro.com\/index.php\/produkt\/obklad-aqualine-wembley-beige-20x60-bal-1-44-m2-kup-ted-20101\/","og_site_name":"Koupelna &amp; N\u00e1\u0159ad\u00ed &amp; Osv\u011btlen\u00ed a Stavebn\u00ed pot\u0159by","og_image":[{"width":600,"height":200,"url":"https:\/\/www.domkraftpro.com\/wp-content\/uploads\/2026\/SK0007262-CZ20260425-092632-0-1777080397-obklad-aqualine-wembley-beige-20x60-bal-1-44-m2-446000.webp","type":"image\/webp"}],"twitter_card":"summary_large_image","schema":{"@context":"https:\/\/schema.org","@graph":[{"@type":"WebPage","@id":"https:\/\/www.domkraftpro.com\/index.php\/produkt\/obklad-aqualine-wembley-beige-20x60-bal-1-44-m2-kup-ted-20101\/","url":"https:\/\/www.domkraftpro.com\/index.php\/produkt\/obklad-aqualine-wembley-beige-20x60-bal-1-44-m2-kup-ted-20101\/","name":"Obklad Aqualine WEMBLEY Beige 20x60 (bal=1,44 m2) Kup Te\u010f - Koupelna &amp; N\u00e1\u0159ad\u00ed &amp; Osv\u011btlen\u00ed a Stavebn\u00ed pot\u0159by","isPartOf":{"@id":"https:\/\/www.domkraftpro.com\/#website"},"primaryImageOfPage":{"@id":"https:\/\/www.domkraftpro.com\/index.php\/produkt\/obklad-aqualine-wembley-beige-20x60-bal-1-44-m2-kup-ted-20101\/#primaryimage"},"image":{"@id":"https:\/\/www.domkraftpro.com\/index.php\/produkt\/obklad-aqualine-wembley-beige-20x60-bal-1-44-m2-kup-ted-20101\/#primaryimage"},"thumbnailUrl":"https:\/\/www.domkraftpro.com\/wp-content\/uploads\/2026\/SK0007262-CZ20260425-092632-0-1777080397-obklad-aqualine-wembley-beige-20x60-bal-1-44-m2-446000.webp","datePublished":"2026-04-27T04:41:13+00:00","breadcrumb":{"@id":"https:\/\/www.domkraftpro.com\/index.php\/produkt\/obklad-aqualine-wembley-beige-20x60-bal-1-44-m2-kup-ted-20101\/#breadcrumb"},"inLanguage":"cs","potentialAction":[{"@type":"ReadAction","target":["https:\/\/www.domkraftpro.com\/index.php\/produkt\/obklad-aqualine-wembley-beige-20x60-bal-1-44-m2-kup-ted-20101\/"]}]},{"@type":"ImageObject","inLanguage":"cs","@id":"https:\/\/www.domkraftpro.com\/index.php\/produkt\/obklad-aqualine-wembley-beige-20x60-bal-1-44-m2-kup-ted-20101\/#primaryimage","url":"https:\/\/www.domkraftpro.com\/wp-content\/uploads\/2026\/SK0007262-CZ20260425-092632-0-1777080397-obklad-aqualine-wembley-beige-20x60-bal-1-44-m2-446000.webp","contentUrl":"https:\/\/www.domkraftpro.com\/wp-content\/uploads\/2026\/SK0007262-CZ20260425-092632-0-1777080397-obklad-aqualine-wembley-beige-20x60-bal-1-44-m2-446000.webp","width":600,"height":200},{"@type":"BreadcrumbList","@id":"https:\/\/www.domkraftpro.com\/index.php\/produkt\/obklad-aqualine-wembley-beige-20x60-bal-1-44-m2-kup-ted-20101\/#breadcrumb","itemListElement":[{"@type":"ListItem","position":1,"name":"Home","item":"https:\/\/www.domkraftpro.com\/"},{"@type":"ListItem","position":2,"name":"Products","item":"https:\/\/www.domkraftpro.com\/products\/"},{"@type":"ListItem","position":3,"name":"Obklad Aqualine WEMBLEY Beige 20&#215;60 (bal=1,44 m2) Kup Te\u010f"}]},{"@type":"WebSite","@id":"https:\/\/www.domkraftpro.com\/#website","url":"https:\/\/www.domkraftpro.com\/","name":"Koupelna &amp; N\u00e1\u0159ad\u00ed &amp; Osv\u011btlen\u00ed a Stavebn\u00ed pot\u0159by","description":"Koupelna &amp; N\u00e1\u0159ad\u00ed &amp; Osv\u011btlen\u00ed a Stavebn\u00ed pot\u0159by","publisher":{"@id":"https:\/\/www.domkraftpro.com\/#organization"},"potentialAction":[{"@type":"SearchAction","target":{"@type":"EntryPoint","urlTemplate":"https:\/\/www.domkraftpro.com\/?s={search_term_string}"},"query-input":{"@type":"PropertyValueSpecification","valueRequired":true,"valueName":"search_term_string"}}],"inLanguage":"cs"},{"@type":"Organization","@id":"https:\/\/www.domkraftpro.com\/#organization","name":"Koupelna &amp; N\u00e1\u0159ad\u00ed &amp; Osv\u011btlen\u00ed a Stavebn\u00ed pot\u0159by","url":"https:\/\/www.domkraftpro.com\/","logo":{"@type":"ImageObject","inLanguage":"cs","@id":"https:\/\/www.domkraftpro.com\/#\/schema\/logo\/image\/","url":"https:\/\/www.domkraftpro.com\/wp-content\/uploads\/2026\/04\/domkraftpro_logo.svg","contentUrl":"https:\/\/www.domkraftpro.com\/wp-content\/uploads\/2026\/04\/domkraftpro_logo.svg","width":760,"height":180,"caption":"Koupelna &amp; N\u00e1\u0159ad\u00ed &amp; Osv\u011btlen\u00ed a Stavebn\u00ed pot\u0159by"},"image":{"@id":"https:\/\/www.domkraftpro.com\/#\/schema\/logo\/image\/"}}]}},"_links":{"self":[{"href":"https:\/\/www.domkraftpro.com\/wp-json\/wp\/v2\/product\/20101","targetHints":{"allow":["GET"]}}],"collection":[{"href":"https:\/\/www.domkraftpro.com\/wp-json\/wp\/v2\/product"}],"about":[{"href":"https:\/\/www.domkraftpro.com\/wp-json\/wp\/v2\/types\/product"}],"wp:featuredmedia":[{"embeddable":true,"href":"https:\/\/www.domkraftpro.com\/wp-json\/wp\/v2\/media\/20201"}],"wp:attachment":[{"href":"https:\/\/www.domkraftpro.com\/wp-json\/wp\/v2\/media?parent=20101"}],"wp:term":[{"taxonomy":"product_brand","embeddable":true,"href":"https:\/\/www.domkraftpro.com\/wp-json\/wp\/v2\/product_brand?post=20101"},{"taxonomy":"product_cat","embeddable":true,"href":"https:\/\/www.domkraftpro.com\/wp-json\/wp\/v2\/product_cat?post=20101"},{"taxonomy":"product_tag","embeddable":true,"href":"https:\/\/www.domkraftpro.com\/wp-json\/wp\/v2\/product_tag?post=20101"}],"curies":[{"name":"wp","href":"https:\/\/api.w.org\/{rel}","templated":true}]}}