{"id":19978,"date":"2026-04-27T04:41:13","date_gmt":"2026-04-27T04:41:13","guid":{"rendered":""},"modified":"2026-04-27T04:41:13","modified_gmt":"2026-04-27T04:41:13","slug":"dlazba-aqualine-new-york-iron-light-45x45-bal-1-62-m2-primo-od-vyrobce-19978","status":"publish","type":"product","link":"https:\/\/www.domkraftpro.com\/produkt\/dlazba-aqualine-new-york-iron-light-45x45-bal-1-62-m2-primo-od-vyrobce-19978\/","title":{"rendered":"Dla\u017eba Aqualine NEW YORK\/IRON Light 45&#215;45 (bal=1,62 m2) P\u0159\u00edmo Od V\u00fdrobce"},"content":{"rendered":"<div class=\"ProductDetail-content NoFixImageContainer\" id=\"productDescription\">\n<div class=\"Heading\">\n<h2 class=\"Heading-title\">Popis produktu <span class=''>Dla\u017eba Aqualine NEW YORK\/IRON Light 45&#215;45 (bal=1,62 m2)<\/span><\/h2>\n<\/p><\/div>\n<div class=\"ProductDetailContent\">                                                                    <\/div>\n<div class=\"ProductDetailContent\">\n<div class=\"ProductDetailContent-item\">                                            Balen\u00ed: 1 ks<br \/>Ot\u011bruvzdornost: PEI IV<br \/>Pou\u017eit\u00ed: Dla\u017eba<br \/>Rozm\u011br: 45&#215;45 cm<br \/>Povrch: Mat<br \/>Po\u010det ks v balen\u00ed: 8<br \/>Materi\u00e1l: Keramika<br \/>Tlou\u0161\u0165ka: 9 mm<br \/>Balen\u00ed obsahuje: 1.62 m2<br \/>Z\u00e1ruka: 2 roky                                        <\/div>\n<div class=\"ProductDetailContent-item\">\n<h3>Vysv\u011btlivky<\/h3>\n<div class=\"product-explanation-item\">\n<h3>Pou\u017eit\u00ed glazovan\u00fdch dla\u017edic podle ot\u011bruvzdornosti:<\/h3>\n<p style=\"text-align: justify;\"><strong>Stupe\u0148 PEI IV.<\/strong> \u2013 ur\u010den pro intenzivn\u011bj\u0161\u00ed frekvenci chodc\u016f a siln\u011bj\u0161\u00ed zne\u010di\u0161t\u011bn\u00ed (nap\u0159. vnit\u0159n\u00ed prostory spr\u00e1vn\u00edch budov a chodby hotel\u016f, obchodn\u00ed m\u00edstnosti a kancel\u00e1\u0159e)<\/p>\n<div class=\"clear\"><!-- --><\/div>\n<\/div>\n<div class=\"product-explanation-item\">\n<h3>Matn\u00fd povrch<\/h3>\n<p>Matn\u00e1 glazura dla\u017edice.<\/p>\n<\/p>\n<div class=\"clear\"><!-- --><\/div>\n<\/div>\n<div class=\"product-explanation-item\">\n<h3>Dla\u017eba<\/h3>\n<p style=\"text-align: justify;\">Dla\u017edice vhodn\u00e1 pro pokl\u00e1dku na podlahu (= jako dla\u017eba), z\u00e1rove\u0148 lze pou\u017e\u00edt i pro obklad st\u011bn.<\/p>\n<div class=\"clear\"><!-- --><\/div>\n<\/div><\/div>\n<div class=\"ProductDetailContent-item\">\n<h3>Popis s\u00e9rie<\/h3>\n<p>Leskl\u00fd obklad s metalick\u00fdm n\u00e1dechem a mozaikov\u00fdm dekorem.<\/p>\n<\/p><\/div>\n<\/p><\/div>\n<\/p><\/div>\n<\/p><\/div>\n<\/p><\/div>\n","protected":false},"excerpt":{"rendered":"<p>Popis produktu Dla\u017eba Aqualine NEW YORK\/IRON Light 45&#215;45 (bal=1,62 m2) Balen\u00ed: 1 ksOt\u011bruvzdornost: PEI IVPou\u017eit\u00ed: Dla\u017ebaRozm\u011br: 45&#215;45 cmPovrch: MatPo\u010det ks v balen\u00ed: 8Materi\u00e1l: KeramikaTlou\u0161\u0165ka: 9 mmBalen\u00ed obsahuje: 1.62 m2Z\u00e1ruka: 2 roky Vysv\u011btlivky Pou\u017eit\u00ed glazovan\u00fdch dla\u017edic podle ot\u011bruvzdornosti: Stupe\u0148 PEI IV. \u2013 ur\u010den pro intenzivn\u011bj\u0161\u00ed frekvenci chodc\u016f a siln\u011bj\u0161\u00ed zne\u010di\u0161t\u011bn\u00ed (nap\u0159. vnit\u0159n\u00ed prostory spr\u00e1vn\u00edch budov a [&hellip;]<\/p>\n","protected":false},"featured_media":20078,"template":"","meta":[],"product_brand":[],"product_cat":[92],"product_tag":[],"class_list":{"0":"post-19978","1":"product","2":"type-product","3":"status-publish","4":"has-post-thumbnail","6":"product_cat-dlazba-a-obklady","8":"first","9":"instock","10":"sale","11":"shipping-taxable","12":"purchasable","13":"product-type-simple"},"yoast_head":"<!-- This site is optimized with the Yoast SEO plugin v26.8 - https:\/\/yoast.com\/product\/yoast-seo-wordpress\/ -->\n<title>Dla\u017eba Aqualine NEW YORK\/IRON Light 45x45 (bal=1,62 m2) P\u0159\u00edmo Od V\u00fdrobce - Koupelna &amp; N\u00e1\u0159ad\u00ed &amp; Osv\u011btlen\u00ed a Stavebn\u00ed pot\u0159by<\/title>\n<meta name=\"robots\" content=\"index, follow, max-snippet:-1, max-image-preview:large, max-video-preview:-1\" \/>\n<link rel=\"canonical\" href=\"https:\/\/www.domkraftpro.com\/index.php\/produkt\/dlazba-aqualine-new-york-iron-light-45x45-bal-1-62-m2-primo-od-vyrobce-19978\/\" \/>\n<meta property=\"og:locale\" content=\"cs_CZ\" \/>\n<meta property=\"og:type\" content=\"article\" \/>\n<meta property=\"og:title\" content=\"Dla\u017eba Aqualine NEW YORK\/IRON Light 45x45 (bal=1,62 m2) P\u0159\u00edmo Od V\u00fdrobce - Koupelna &amp; N\u00e1\u0159ad\u00ed &amp; Osv\u011btlen\u00ed a Stavebn\u00ed pot\u0159by\" \/>\n<meta property=\"og:description\" content=\"Popis produktu Dla\u017eba Aqualine NEW YORK\/IRON Light 45&#215;45 (bal=1,62 m2) Balen\u00ed: 1 ksOt\u011bruvzdornost: PEI IVPou\u017eit\u00ed: Dla\u017ebaRozm\u011br: 45&#215;45 cmPovrch: MatPo\u010det ks v balen\u00ed: 8Materi\u00e1l: KeramikaTlou\u0161\u0165ka: 9 mmBalen\u00ed obsahuje: 1.62 m2Z\u00e1ruka: 2 roky Vysv\u011btlivky Pou\u017eit\u00ed glazovan\u00fdch dla\u017edic podle ot\u011bruvzdornosti: Stupe\u0148 PEI IV. \u2013 ur\u010den pro intenzivn\u011bj\u0161\u00ed frekvenci chodc\u016f a siln\u011bj\u0161\u00ed zne\u010di\u0161t\u011bn\u00ed (nap\u0159. vnit\u0159n\u00ed prostory spr\u00e1vn\u00edch budov a [&hellip;]\" \/>\n<meta property=\"og:url\" content=\"https:\/\/www.domkraftpro.com\/index.php\/produkt\/dlazba-aqualine-new-york-iron-light-45x45-bal-1-62-m2-primo-od-vyrobce-19978\/\" \/>\n<meta property=\"og:site_name\" content=\"Koupelna &amp; N\u00e1\u0159ad\u00ed &amp; Osv\u011btlen\u00ed a Stavebn\u00ed pot\u0159by\" \/>\n<meta property=\"og:image\" content=\"https:\/\/www.domkraftpro.com\/wp-content\/uploads\/2026\/SK0007239-CZ20260425-092632-0-1777080397-dlazba-aqualine-new-york-iron-light-45x45-bal-1-62-m2-44601.webp\" \/>\n\t<meta property=\"og:image:width\" content=\"600\" \/>\n\t<meta property=\"og:image:height\" content=\"600\" \/>\n\t<meta property=\"og:image:type\" content=\"image\/webp\" \/>\n<meta name=\"twitter:card\" content=\"summary_large_image\" \/>\n<meta name=\"twitter:label1\" content=\"Odhadovan\u00e1 doba \u010dten\u00ed\" \/>\n\t<meta name=\"twitter:data1\" content=\"1 minuta\" \/>\n<script type=\"application\/ld+json\" class=\"yoast-schema-graph\">{\"@context\":\"https:\/\/schema.org\",\"@graph\":[{\"@type\":\"WebPage\",\"@id\":\"https:\/\/www.domkraftpro.com\/index.php\/produkt\/dlazba-aqualine-new-york-iron-light-45x45-bal-1-62-m2-primo-od-vyrobce-19978\/\",\"url\":\"https:\/\/www.domkraftpro.com\/index.php\/produkt\/dlazba-aqualine-new-york-iron-light-45x45-bal-1-62-m2-primo-od-vyrobce-19978\/\",\"name\":\"Dla\u017eba Aqualine NEW YORK\/IRON Light 45x45 (bal=1,62 m2) P\u0159\u00edmo Od V\u00fdrobce - Koupelna &amp; N\u00e1\u0159ad\u00ed &amp; Osv\u011btlen\u00ed a Stavebn\u00ed pot\u0159by\",\"isPartOf\":{\"@id\":\"https:\/\/www.domkraftpro.com\/#website\"},\"primaryImageOfPage\":{\"@id\":\"https:\/\/www.domkraftpro.com\/index.php\/produkt\/dlazba-aqualine-new-york-iron-light-45x45-bal-1-62-m2-primo-od-vyrobce-19978\/#primaryimage\"},\"image\":{\"@id\":\"https:\/\/www.domkraftpro.com\/index.php\/produkt\/dlazba-aqualine-new-york-iron-light-45x45-bal-1-62-m2-primo-od-vyrobce-19978\/#primaryimage\"},\"thumbnailUrl\":\"https:\/\/www.domkraftpro.com\/wp-content\/uploads\/2026\/SK0007239-CZ20260425-092632-0-1777080397-dlazba-aqualine-new-york-iron-light-45x45-bal-1-62-m2-44601.webp\",\"datePublished\":\"2026-04-27T04:41:13+00:00\",\"breadcrumb\":{\"@id\":\"https:\/\/www.domkraftpro.com\/index.php\/produkt\/dlazba-aqualine-new-york-iron-light-45x45-bal-1-62-m2-primo-od-vyrobce-19978\/#breadcrumb\"},\"inLanguage\":\"cs\",\"potentialAction\":[{\"@type\":\"ReadAction\",\"target\":[\"https:\/\/www.domkraftpro.com\/index.php\/produkt\/dlazba-aqualine-new-york-iron-light-45x45-bal-1-62-m2-primo-od-vyrobce-19978\/\"]}]},{\"@type\":\"ImageObject\",\"inLanguage\":\"cs\",\"@id\":\"https:\/\/www.domkraftpro.com\/index.php\/produkt\/dlazba-aqualine-new-york-iron-light-45x45-bal-1-62-m2-primo-od-vyrobce-19978\/#primaryimage\",\"url\":\"https:\/\/www.domkraftpro.com\/wp-content\/uploads\/2026\/SK0007239-CZ20260425-092632-0-1777080397-dlazba-aqualine-new-york-iron-light-45x45-bal-1-62-m2-44601.webp\",\"contentUrl\":\"https:\/\/www.domkraftpro.com\/wp-content\/uploads\/2026\/SK0007239-CZ20260425-092632-0-1777080397-dlazba-aqualine-new-york-iron-light-45x45-bal-1-62-m2-44601.webp\",\"width\":600,\"height\":600},{\"@type\":\"BreadcrumbList\",\"@id\":\"https:\/\/www.domkraftpro.com\/index.php\/produkt\/dlazba-aqualine-new-york-iron-light-45x45-bal-1-62-m2-primo-od-vyrobce-19978\/#breadcrumb\",\"itemListElement\":[{\"@type\":\"ListItem\",\"position\":1,\"name\":\"Home\",\"item\":\"https:\/\/www.domkraftpro.com\/\"},{\"@type\":\"ListItem\",\"position\":2,\"name\":\"Products\",\"item\":\"https:\/\/www.domkraftpro.com\/products\/\"},{\"@type\":\"ListItem\",\"position\":3,\"name\":\"Dla\u017eba Aqualine NEW YORK\/IRON Light 45&#215;45 (bal=1,62 m2) P\u0159\u00edmo Od V\u00fdrobce\"}]},{\"@type\":\"WebSite\",\"@id\":\"https:\/\/www.domkraftpro.com\/#website\",\"url\":\"https:\/\/www.domkraftpro.com\/\",\"name\":\"Koupelna &amp; N\u00e1\u0159ad\u00ed &amp; Osv\u011btlen\u00ed a Stavebn\u00ed pot\u0159by\",\"description\":\"Koupelna &amp; N\u00e1\u0159ad\u00ed &amp; Osv\u011btlen\u00ed a Stavebn\u00ed pot\u0159by\",\"publisher\":{\"@id\":\"https:\/\/www.domkraftpro.com\/#organization\"},\"potentialAction\":[{\"@type\":\"SearchAction\",\"target\":{\"@type\":\"EntryPoint\",\"urlTemplate\":\"https:\/\/www.domkraftpro.com\/?s={search_term_string}\"},\"query-input\":{\"@type\":\"PropertyValueSpecification\",\"valueRequired\":true,\"valueName\":\"search_term_string\"}}],\"inLanguage\":\"cs\"},{\"@type\":\"Organization\",\"@id\":\"https:\/\/www.domkraftpro.com\/#organization\",\"name\":\"Koupelna &amp; N\u00e1\u0159ad\u00ed &amp; Osv\u011btlen\u00ed a Stavebn\u00ed pot\u0159by\",\"url\":\"https:\/\/www.domkraftpro.com\/\",\"logo\":{\"@type\":\"ImageObject\",\"inLanguage\":\"cs\",\"@id\":\"https:\/\/www.domkraftpro.com\/#\/schema\/logo\/image\/\",\"url\":\"https:\/\/www.domkraftpro.com\/wp-content\/uploads\/2026\/04\/domkraftpro_logo.svg\",\"contentUrl\":\"https:\/\/www.domkraftpro.com\/wp-content\/uploads\/2026\/04\/domkraftpro_logo.svg\",\"width\":760,\"height\":180,\"caption\":\"Koupelna &amp; N\u00e1\u0159ad\u00ed &amp; Osv\u011btlen\u00ed a Stavebn\u00ed pot\u0159by\"},\"image\":{\"@id\":\"https:\/\/www.domkraftpro.com\/#\/schema\/logo\/image\/\"}}]}<\/script>\n<!-- \/ Yoast SEO plugin. -->","yoast_head_json":{"title":"Dla\u017eba Aqualine NEW YORK\/IRON Light 45x45 (bal=1,62 m2) P\u0159\u00edmo Od V\u00fdrobce - Koupelna &amp; N\u00e1\u0159ad\u00ed &amp; Osv\u011btlen\u00ed a Stavebn\u00ed pot\u0159by","robots":{"index":"index","follow":"follow","max-snippet":"max-snippet:-1","max-image-preview":"max-image-preview:large","max-video-preview":"max-video-preview:-1"},"canonical":"https:\/\/www.domkraftpro.com\/index.php\/produkt\/dlazba-aqualine-new-york-iron-light-45x45-bal-1-62-m2-primo-od-vyrobce-19978\/","og_locale":"cs_CZ","og_type":"article","og_title":"Dla\u017eba Aqualine NEW YORK\/IRON Light 45x45 (bal=1,62 m2) P\u0159\u00edmo Od V\u00fdrobce - Koupelna &amp; N\u00e1\u0159ad\u00ed &amp; Osv\u011btlen\u00ed a Stavebn\u00ed pot\u0159by","og_description":"Popis produktu Dla\u017eba Aqualine NEW YORK\/IRON Light 45&#215;45 (bal=1,62 m2) Balen\u00ed: 1 ksOt\u011bruvzdornost: PEI IVPou\u017eit\u00ed: Dla\u017ebaRozm\u011br: 45&#215;45 cmPovrch: MatPo\u010det ks v balen\u00ed: 8Materi\u00e1l: KeramikaTlou\u0161\u0165ka: 9 mmBalen\u00ed obsahuje: 1.62 m2Z\u00e1ruka: 2 roky Vysv\u011btlivky Pou\u017eit\u00ed glazovan\u00fdch dla\u017edic podle ot\u011bruvzdornosti: Stupe\u0148 PEI IV. \u2013 ur\u010den pro intenzivn\u011bj\u0161\u00ed frekvenci chodc\u016f a siln\u011bj\u0161\u00ed zne\u010di\u0161t\u011bn\u00ed (nap\u0159. vnit\u0159n\u00ed prostory spr\u00e1vn\u00edch budov a [&hellip;]","og_url":"https:\/\/www.domkraftpro.com\/index.php\/produkt\/dlazba-aqualine-new-york-iron-light-45x45-bal-1-62-m2-primo-od-vyrobce-19978\/","og_site_name":"Koupelna &amp; N\u00e1\u0159ad\u00ed &amp; Osv\u011btlen\u00ed a Stavebn\u00ed pot\u0159by","og_image":[{"width":600,"height":600,"url":"https:\/\/www.domkraftpro.com\/wp-content\/uploads\/2026\/SK0007239-CZ20260425-092632-0-1777080397-dlazba-aqualine-new-york-iron-light-45x45-bal-1-62-m2-44601.webp","type":"image\/webp"}],"twitter_card":"summary_large_image","twitter_misc":{"Odhadovan\u00e1 doba \u010dten\u00ed":"1 minuta"},"schema":{"@context":"https:\/\/schema.org","@graph":[{"@type":"WebPage","@id":"https:\/\/www.domkraftpro.com\/index.php\/produkt\/dlazba-aqualine-new-york-iron-light-45x45-bal-1-62-m2-primo-od-vyrobce-19978\/","url":"https:\/\/www.domkraftpro.com\/index.php\/produkt\/dlazba-aqualine-new-york-iron-light-45x45-bal-1-62-m2-primo-od-vyrobce-19978\/","name":"Dla\u017eba Aqualine NEW YORK\/IRON Light 45x45 (bal=1,62 m2) P\u0159\u00edmo Od V\u00fdrobce - Koupelna &amp; N\u00e1\u0159ad\u00ed &amp; Osv\u011btlen\u00ed a Stavebn\u00ed pot\u0159by","isPartOf":{"@id":"https:\/\/www.domkraftpro.com\/#website"},"primaryImageOfPage":{"@id":"https:\/\/www.domkraftpro.com\/index.php\/produkt\/dlazba-aqualine-new-york-iron-light-45x45-bal-1-62-m2-primo-od-vyrobce-19978\/#primaryimage"},"image":{"@id":"https:\/\/www.domkraftpro.com\/index.php\/produkt\/dlazba-aqualine-new-york-iron-light-45x45-bal-1-62-m2-primo-od-vyrobce-19978\/#primaryimage"},"thumbnailUrl":"https:\/\/www.domkraftpro.com\/wp-content\/uploads\/2026\/SK0007239-CZ20260425-092632-0-1777080397-dlazba-aqualine-new-york-iron-light-45x45-bal-1-62-m2-44601.webp","datePublished":"2026-04-27T04:41:13+00:00","breadcrumb":{"@id":"https:\/\/www.domkraftpro.com\/index.php\/produkt\/dlazba-aqualine-new-york-iron-light-45x45-bal-1-62-m2-primo-od-vyrobce-19978\/#breadcrumb"},"inLanguage":"cs","potentialAction":[{"@type":"ReadAction","target":["https:\/\/www.domkraftpro.com\/index.php\/produkt\/dlazba-aqualine-new-york-iron-light-45x45-bal-1-62-m2-primo-od-vyrobce-19978\/"]}]},{"@type":"ImageObject","inLanguage":"cs","@id":"https:\/\/www.domkraftpro.com\/index.php\/produkt\/dlazba-aqualine-new-york-iron-light-45x45-bal-1-62-m2-primo-od-vyrobce-19978\/#primaryimage","url":"https:\/\/www.domkraftpro.com\/wp-content\/uploads\/2026\/SK0007239-CZ20260425-092632-0-1777080397-dlazba-aqualine-new-york-iron-light-45x45-bal-1-62-m2-44601.webp","contentUrl":"https:\/\/www.domkraftpro.com\/wp-content\/uploads\/2026\/SK0007239-CZ20260425-092632-0-1777080397-dlazba-aqualine-new-york-iron-light-45x45-bal-1-62-m2-44601.webp","width":600,"height":600},{"@type":"BreadcrumbList","@id":"https:\/\/www.domkraftpro.com\/index.php\/produkt\/dlazba-aqualine-new-york-iron-light-45x45-bal-1-62-m2-primo-od-vyrobce-19978\/#breadcrumb","itemListElement":[{"@type":"ListItem","position":1,"name":"Home","item":"https:\/\/www.domkraftpro.com\/"},{"@type":"ListItem","position":2,"name":"Products","item":"https:\/\/www.domkraftpro.com\/products\/"},{"@type":"ListItem","position":3,"name":"Dla\u017eba Aqualine NEW YORK\/IRON Light 45&#215;45 (bal=1,62 m2) P\u0159\u00edmo Od V\u00fdrobce"}]},{"@type":"WebSite","@id":"https:\/\/www.domkraftpro.com\/#website","url":"https:\/\/www.domkraftpro.com\/","name":"Koupelna &amp; N\u00e1\u0159ad\u00ed &amp; Osv\u011btlen\u00ed a Stavebn\u00ed pot\u0159by","description":"Koupelna &amp; N\u00e1\u0159ad\u00ed &amp; Osv\u011btlen\u00ed a Stavebn\u00ed pot\u0159by","publisher":{"@id":"https:\/\/www.domkraftpro.com\/#organization"},"potentialAction":[{"@type":"SearchAction","target":{"@type":"EntryPoint","urlTemplate":"https:\/\/www.domkraftpro.com\/?s={search_term_string}"},"query-input":{"@type":"PropertyValueSpecification","valueRequired":true,"valueName":"search_term_string"}}],"inLanguage":"cs"},{"@type":"Organization","@id":"https:\/\/www.domkraftpro.com\/#organization","name":"Koupelna &amp; N\u00e1\u0159ad\u00ed &amp; Osv\u011btlen\u00ed a Stavebn\u00ed pot\u0159by","url":"https:\/\/www.domkraftpro.com\/","logo":{"@type":"ImageObject","inLanguage":"cs","@id":"https:\/\/www.domkraftpro.com\/#\/schema\/logo\/image\/","url":"https:\/\/www.domkraftpro.com\/wp-content\/uploads\/2026\/04\/domkraftpro_logo.svg","contentUrl":"https:\/\/www.domkraftpro.com\/wp-content\/uploads\/2026\/04\/domkraftpro_logo.svg","width":760,"height":180,"caption":"Koupelna &amp; N\u00e1\u0159ad\u00ed &amp; Osv\u011btlen\u00ed a Stavebn\u00ed pot\u0159by"},"image":{"@id":"https:\/\/www.domkraftpro.com\/#\/schema\/logo\/image\/"}}]}},"_links":{"self":[{"href":"https:\/\/www.domkraftpro.com\/wp-json\/wp\/v2\/product\/19978","targetHints":{"allow":["GET"]}}],"collection":[{"href":"https:\/\/www.domkraftpro.com\/wp-json\/wp\/v2\/product"}],"about":[{"href":"https:\/\/www.domkraftpro.com\/wp-json\/wp\/v2\/types\/product"}],"wp:featuredmedia":[{"embeddable":true,"href":"https:\/\/www.domkraftpro.com\/wp-json\/wp\/v2\/media\/20078"}],"wp:attachment":[{"href":"https:\/\/www.domkraftpro.com\/wp-json\/wp\/v2\/media?parent=19978"}],"wp:term":[{"taxonomy":"product_brand","embeddable":true,"href":"https:\/\/www.domkraftpro.com\/wp-json\/wp\/v2\/product_brand?post=19978"},{"taxonomy":"product_cat","embeddable":true,"href":"https:\/\/www.domkraftpro.com\/wp-json\/wp\/v2\/product_cat?post=19978"},{"taxonomy":"product_tag","embeddable":true,"href":"https:\/\/www.domkraftpro.com\/wp-json\/wp\/v2\/product_tag?post=19978"}],"curies":[{"name":"wp","href":"https:\/\/api.w.org\/{rel}","templated":true}]}}