{"id":19974,"date":"2026-04-27T04:41:13","date_gmt":"2026-04-27T04:41:13","guid":{"rendered":""},"modified":"2026-04-27T04:41:13","modified_gmt":"2026-04-27T04:41:13","slug":"hit-sezony-elektricka-topna-tyc-s-termostatem-pro-radiatory-rovny-kabel-aqualine-chrom-19974","status":"publish","type":"product","link":"https:\/\/www.domkraftpro.com\/index.php\/produkt\/hit-sezony-elektricka-topna-tyc-s-termostatem-pro-radiatory-rovny-kabel-aqualine-chrom-19974\/","title":{"rendered":"Hit Sez\u00f3ny Elektrick\u00e1 topn\u00e1 ty\u010d s termostatem pro radi\u00e1tory, rovn\u00fd kabel, Aqualine chrom"},"content":{"rendered":"<div class=\"ProductDetail-content NoFixImageContainer\" id=\"productDescription\">\n<div class=\"Heading\">\n<h2 class=\"Heading-title\">Popis produktu <span class=''>Elektrick\u00e1 topn\u00e1 ty\u010d s termostatem pro radi\u00e1tory, rovn\u00fd kabel, Aqualine chrom<\/span><\/h2>\n<\/p><\/div>\n<div class=\"ProductDetailContent\">                                                                    <\/div>\n<div class=\"ProductDetailContent\">\n<div class=\"ProductDetailContent-item\">\n<h3>Popis s\u00e9rie<\/h3>\n<p>Elektrick\u00e1 topn\u00e1 ty\u010d s&nbsp;termostatem pro automatick\u00e9 ovl\u00e1d\u00e1n\u00ed otopn\u00fdch t\u011bles<\/p>\n<p>Funkce:<\/p>\n<ul>\n<li>Komfort = termostat udr\u017euje teplotu kapaliny v&nbsp;otopn\u00e9m t\u011blese dle nastaven\u00ed u\u017eivatelem (od 40 \u00b0C do 65 \u00b0C)<\/li>\n<li>Boost = rychl\u00fd oh\u0159ev na maximum po dobu 2 hodin, pot\u00e9 se vrac\u00ed do re\u017eimu Komfort<\/li>\n<li>\u010casova\u010d = aktivace re\u017eimu Boost na 2 hodiny, n\u00e1sledn\u011b Komfort na 10 nebo 22 hodin, cyklus se st\u00e1le opakuje<\/li>\n<li>Nemrznouc\u00ed = pohotovostn\u00ed re\u017eim hl\u00edd\u00e1 nam\u011b\u0159enou teplotu, pokud klesne pod 10 \u00b0C, aktivuje se oh\u0159ev, aby nedo\u0161lo k&nbsp;zamrznut\u00ed kapaliny uvnit\u0159 otopn\u00e9ho t\u011blesa<\/li>\n<\/ul>\n<p>Technick\u00e9 parametry<\/p>\n<ul>\n<li>T\u0159\u00edda ochrany: I&nbsp;a II<\/li>\n<li>Provozn\u00ed nap\u011bt\u00ed: 230 V\/50 Hz<\/li>\n<li>Nastaven\u00ed teploty: Digit\u00e1ln\u011b<\/li>\n<li>Voliteln\u00fd teplotn\u00ed rozsah 40 \u00b0C \u00f7 65 \u00b0C, 10 \u00b0C (nemrznouc\u00ed)<\/li>\n<li>Maxim\u00e1ln\u00ed teplota tepeln\u00e9 pojistky: 152 \u00b0C<\/li>\n<li>P\u0159ipojovac\u00ed kabel: rovn\u00fd, \u0161ed\u00e1 barva, d\u00e9lka 1,2 m<\/li>\n<\/ul>\n<p>V p\u0159\u00edpad\u011b p\u0159ipojen\u00ed topn\u00e9 ty\u010de do otopn\u00e9ho t\u011blesa&nbsp;<strong>pouze na elektrick\u00e9 vyt\u00e1p\u011bn\u00ed<\/strong> je pot\u0159eba do druh\u00e9 stojny dokoupit z\u00e1slepku.<\/p>\n<\/p><\/div>\n<\/p><\/div>\n<\/p><\/div>\n<\/p><\/div>\n<\/p><\/div>\n","protected":false},"excerpt":{"rendered":"<p>Popis produktu Elektrick\u00e1 topn\u00e1 ty\u010d s termostatem pro radi\u00e1tory, rovn\u00fd kabel, Aqualine chrom Popis s\u00e9rie Elektrick\u00e1 topn\u00e1 ty\u010d s&nbsp;termostatem pro automatick\u00e9 ovl\u00e1d\u00e1n\u00ed otopn\u00fdch t\u011bles Funkce: Komfort = termostat udr\u017euje teplotu kapaliny v&nbsp;otopn\u00e9m t\u011blese dle nastaven\u00ed u\u017eivatelem (od 40 \u00b0C do 65 \u00b0C) Boost = rychl\u00fd oh\u0159ev na maximum po dobu 2 hodin, pot\u00e9 se vrac\u00ed [&hellip;]<\/p>\n","protected":false},"featured_media":20074,"comment_status":"open","ping_status":"open","template":"","meta":[],"product_brand":[],"product_cat":[91],"product_tag":[],"class_list":{"0":"post-19974","1":"product","2":"type-product","3":"status-publish","4":"has-post-thumbnail","6":"product_cat-topeni","8":"first","9":"instock","10":"sale","11":"shipping-taxable","12":"purchasable","13":"product-type-simple"},"yoast_head":"<!-- This site is optimized with the Yoast SEO plugin v26.8 - https:\/\/yoast.com\/product\/yoast-seo-wordpress\/ -->\n<title>Hit Sez\u00f3ny Elektrick\u00e1 topn\u00e1 ty\u010d s termostatem pro radi\u00e1tory, rovn\u00fd kabel, Aqualine chrom -<\/title>\n<meta name=\"robots\" content=\"index, follow, max-snippet:-1, max-image-preview:large, max-video-preview:-1\" \/>\n<link rel=\"canonical\" href=\"https:\/\/www.domkraftpro.com\/index.php\/produkt\/hit-sezony-elektricka-topna-tyc-s-termostatem-pro-radiatory-rovny-kabel-aqualine-chrom-19974\/\" \/>\n<meta property=\"og:locale\" content=\"cs_CZ\" \/>\n<meta property=\"og:type\" content=\"article\" \/>\n<meta property=\"og:title\" content=\"Hit Sez\u00f3ny Elektrick\u00e1 topn\u00e1 ty\u010d s termostatem pro radi\u00e1tory, rovn\u00fd kabel, Aqualine chrom -\" \/>\n<meta property=\"og:description\" content=\"Popis produktu Elektrick\u00e1 topn\u00e1 ty\u010d s termostatem pro radi\u00e1tory, rovn\u00fd kabel, Aqualine chrom Popis s\u00e9rie Elektrick\u00e1 topn\u00e1 ty\u010d s&nbsp;termostatem pro automatick\u00e9 ovl\u00e1d\u00e1n\u00ed otopn\u00fdch t\u011bles Funkce: Komfort = termostat udr\u017euje teplotu kapaliny v&nbsp;otopn\u00e9m t\u011blese dle nastaven\u00ed u\u017eivatelem (od 40 \u00b0C do 65 \u00b0C) Boost = rychl\u00fd oh\u0159ev na maximum po dobu 2 hodin, pot\u00e9 se vrac\u00ed [&hellip;]\" \/>\n<meta property=\"og:url\" content=\"https:\/\/www.domkraftpro.com\/index.php\/produkt\/hit-sezony-elektricka-topna-tyc-s-termostatem-pro-radiatory-rovny-kabel-aqualine-chrom-19974\/\" \/>\n<meta property=\"og:image\" content=\"https:\/\/www.domkraftpro.com\/wp-content\/uploads\/2026\/SK0007235-CZ20260425-092632-0-1777080397-elektricka-topna-tyc-s-termostatem-pro-radiatory-rovny-kabe.webp\" \/>\n\t<meta property=\"og:image:width\" content=\"600\" \/>\n\t<meta property=\"og:image:height\" content=\"600\" \/>\n\t<meta property=\"og:image:type\" content=\"image\/webp\" \/>\n<meta name=\"twitter:card\" content=\"summary_large_image\" \/>\n<meta name=\"twitter:label1\" content=\"Odhadovan\u00e1 doba \u010dten\u00ed\" \/>\n\t<meta name=\"twitter:data1\" content=\"1 minuta\" \/>\n<script type=\"application\/ld+json\" class=\"yoast-schema-graph\">{\"@context\":\"https:\/\/schema.org\",\"@graph\":[{\"@type\":\"WebPage\",\"@id\":\"https:\/\/www.domkraftpro.com\/index.php\/produkt\/hit-sezony-elektricka-topna-tyc-s-termostatem-pro-radiatory-rovny-kabel-aqualine-chrom-19974\/\",\"url\":\"https:\/\/www.domkraftpro.com\/index.php\/produkt\/hit-sezony-elektricka-topna-tyc-s-termostatem-pro-radiatory-rovny-kabel-aqualine-chrom-19974\/\",\"name\":\"Hit Sez\u00f3ny Elektrick\u00e1 topn\u00e1 ty\u010d s termostatem pro radi\u00e1tory, rovn\u00fd kabel, Aqualine chrom -\",\"isPartOf\":{\"@id\":\"https:\/\/www.domkraftpro.com\/#website\"},\"primaryImageOfPage\":{\"@id\":\"https:\/\/www.domkraftpro.com\/index.php\/produkt\/hit-sezony-elektricka-topna-tyc-s-termostatem-pro-radiatory-rovny-kabel-aqualine-chrom-19974\/#primaryimage\"},\"image\":{\"@id\":\"https:\/\/www.domkraftpro.com\/index.php\/produkt\/hit-sezony-elektricka-topna-tyc-s-termostatem-pro-radiatory-rovny-kabel-aqualine-chrom-19974\/#primaryimage\"},\"thumbnailUrl\":\"https:\/\/www.domkraftpro.com\/wp-content\/uploads\/2026\/SK0007235-CZ20260425-092632-0-1777080397-elektricka-topna-tyc-s-termostatem-pro-radiatory-rovny-kabe.webp\",\"datePublished\":\"2026-04-27T04:41:13+00:00\",\"breadcrumb\":{\"@id\":\"https:\/\/www.domkraftpro.com\/index.php\/produkt\/hit-sezony-elektricka-topna-tyc-s-termostatem-pro-radiatory-rovny-kabel-aqualine-chrom-19974\/#breadcrumb\"},\"inLanguage\":\"cs\",\"potentialAction\":[{\"@type\":\"ReadAction\",\"target\":[\"https:\/\/www.domkraftpro.com\/index.php\/produkt\/hit-sezony-elektricka-topna-tyc-s-termostatem-pro-radiatory-rovny-kabel-aqualine-chrom-19974\/\"]}]},{\"@type\":\"ImageObject\",\"inLanguage\":\"cs\",\"@id\":\"https:\/\/www.domkraftpro.com\/index.php\/produkt\/hit-sezony-elektricka-topna-tyc-s-termostatem-pro-radiatory-rovny-kabel-aqualine-chrom-19974\/#primaryimage\",\"url\":\"https:\/\/www.domkraftpro.com\/wp-content\/uploads\/2026\/SK0007235-CZ20260425-092632-0-1777080397-elektricka-topna-tyc-s-termostatem-pro-radiatory-rovny-kabe.webp\",\"contentUrl\":\"https:\/\/www.domkraftpro.com\/wp-content\/uploads\/2026\/SK0007235-CZ20260425-092632-0-1777080397-elektricka-topna-tyc-s-termostatem-pro-radiatory-rovny-kabe.webp\",\"width\":600,\"height\":600},{\"@type\":\"BreadcrumbList\",\"@id\":\"https:\/\/www.domkraftpro.com\/index.php\/produkt\/hit-sezony-elektricka-topna-tyc-s-termostatem-pro-radiatory-rovny-kabel-aqualine-chrom-19974\/#breadcrumb\",\"itemListElement\":[{\"@type\":\"ListItem\",\"position\":1,\"name\":\"Home\",\"item\":\"https:\/\/www.domkraftpro.com\/\"},{\"@type\":\"ListItem\",\"position\":2,\"name\":\"Products\",\"item\":\"https:\/\/www.domkraftpro.com\/index.php\/products\/\"},{\"@type\":\"ListItem\",\"position\":3,\"name\":\"Hit Sez\u00f3ny Elektrick\u00e1 topn\u00e1 ty\u010d s termostatem pro radi\u00e1tory, rovn\u00fd kabel, Aqualine chrom\"}]},{\"@type\":\"WebSite\",\"@id\":\"https:\/\/www.domkraftpro.com\/#website\",\"url\":\"https:\/\/www.domkraftpro.com\/\",\"name\":\"\",\"description\":\"\",\"potentialAction\":[{\"@type\":\"SearchAction\",\"target\":{\"@type\":\"EntryPoint\",\"urlTemplate\":\"https:\/\/www.domkraftpro.com\/?s={search_term_string}\"},\"query-input\":{\"@type\":\"PropertyValueSpecification\",\"valueRequired\":true,\"valueName\":\"search_term_string\"}}],\"inLanguage\":\"cs\"}]}<\/script>\n<!-- \/ Yoast SEO plugin. -->","yoast_head_json":{"title":"Hit Sez\u00f3ny Elektrick\u00e1 topn\u00e1 ty\u010d s termostatem pro radi\u00e1tory, rovn\u00fd kabel, Aqualine chrom -","robots":{"index":"index","follow":"follow","max-snippet":"max-snippet:-1","max-image-preview":"max-image-preview:large","max-video-preview":"max-video-preview:-1"},"canonical":"https:\/\/www.domkraftpro.com\/index.php\/produkt\/hit-sezony-elektricka-topna-tyc-s-termostatem-pro-radiatory-rovny-kabel-aqualine-chrom-19974\/","og_locale":"cs_CZ","og_type":"article","og_title":"Hit Sez\u00f3ny Elektrick\u00e1 topn\u00e1 ty\u010d s termostatem pro radi\u00e1tory, rovn\u00fd kabel, Aqualine chrom -","og_description":"Popis produktu Elektrick\u00e1 topn\u00e1 ty\u010d s termostatem pro radi\u00e1tory, rovn\u00fd kabel, Aqualine chrom Popis s\u00e9rie Elektrick\u00e1 topn\u00e1 ty\u010d s&nbsp;termostatem pro automatick\u00e9 ovl\u00e1d\u00e1n\u00ed otopn\u00fdch t\u011bles Funkce: Komfort = termostat udr\u017euje teplotu kapaliny v&nbsp;otopn\u00e9m t\u011blese dle nastaven\u00ed u\u017eivatelem (od 40 \u00b0C do 65 \u00b0C) Boost = rychl\u00fd oh\u0159ev na maximum po dobu 2 hodin, pot\u00e9 se vrac\u00ed [&hellip;]","og_url":"https:\/\/www.domkraftpro.com\/index.php\/produkt\/hit-sezony-elektricka-topna-tyc-s-termostatem-pro-radiatory-rovny-kabel-aqualine-chrom-19974\/","og_image":[{"width":600,"height":600,"url":"https:\/\/www.domkraftpro.com\/wp-content\/uploads\/2026\/SK0007235-CZ20260425-092632-0-1777080397-elektricka-topna-tyc-s-termostatem-pro-radiatory-rovny-kabe.webp","type":"image\/webp"}],"twitter_card":"summary_large_image","twitter_misc":{"Odhadovan\u00e1 doba \u010dten\u00ed":"1 minuta"},"schema":{"@context":"https:\/\/schema.org","@graph":[{"@type":"WebPage","@id":"https:\/\/www.domkraftpro.com\/index.php\/produkt\/hit-sezony-elektricka-topna-tyc-s-termostatem-pro-radiatory-rovny-kabel-aqualine-chrom-19974\/","url":"https:\/\/www.domkraftpro.com\/index.php\/produkt\/hit-sezony-elektricka-topna-tyc-s-termostatem-pro-radiatory-rovny-kabel-aqualine-chrom-19974\/","name":"Hit Sez\u00f3ny Elektrick\u00e1 topn\u00e1 ty\u010d s termostatem pro radi\u00e1tory, rovn\u00fd kabel, Aqualine chrom -","isPartOf":{"@id":"https:\/\/www.domkraftpro.com\/#website"},"primaryImageOfPage":{"@id":"https:\/\/www.domkraftpro.com\/index.php\/produkt\/hit-sezony-elektricka-topna-tyc-s-termostatem-pro-radiatory-rovny-kabel-aqualine-chrom-19974\/#primaryimage"},"image":{"@id":"https:\/\/www.domkraftpro.com\/index.php\/produkt\/hit-sezony-elektricka-topna-tyc-s-termostatem-pro-radiatory-rovny-kabel-aqualine-chrom-19974\/#primaryimage"},"thumbnailUrl":"https:\/\/www.domkraftpro.com\/wp-content\/uploads\/2026\/SK0007235-CZ20260425-092632-0-1777080397-elektricka-topna-tyc-s-termostatem-pro-radiatory-rovny-kabe.webp","datePublished":"2026-04-27T04:41:13+00:00","breadcrumb":{"@id":"https:\/\/www.domkraftpro.com\/index.php\/produkt\/hit-sezony-elektricka-topna-tyc-s-termostatem-pro-radiatory-rovny-kabel-aqualine-chrom-19974\/#breadcrumb"},"inLanguage":"cs","potentialAction":[{"@type":"ReadAction","target":["https:\/\/www.domkraftpro.com\/index.php\/produkt\/hit-sezony-elektricka-topna-tyc-s-termostatem-pro-radiatory-rovny-kabel-aqualine-chrom-19974\/"]}]},{"@type":"ImageObject","inLanguage":"cs","@id":"https:\/\/www.domkraftpro.com\/index.php\/produkt\/hit-sezony-elektricka-topna-tyc-s-termostatem-pro-radiatory-rovny-kabel-aqualine-chrom-19974\/#primaryimage","url":"https:\/\/www.domkraftpro.com\/wp-content\/uploads\/2026\/SK0007235-CZ20260425-092632-0-1777080397-elektricka-topna-tyc-s-termostatem-pro-radiatory-rovny-kabe.webp","contentUrl":"https:\/\/www.domkraftpro.com\/wp-content\/uploads\/2026\/SK0007235-CZ20260425-092632-0-1777080397-elektricka-topna-tyc-s-termostatem-pro-radiatory-rovny-kabe.webp","width":600,"height":600},{"@type":"BreadcrumbList","@id":"https:\/\/www.domkraftpro.com\/index.php\/produkt\/hit-sezony-elektricka-topna-tyc-s-termostatem-pro-radiatory-rovny-kabel-aqualine-chrom-19974\/#breadcrumb","itemListElement":[{"@type":"ListItem","position":1,"name":"Home","item":"https:\/\/www.domkraftpro.com\/"},{"@type":"ListItem","position":2,"name":"Products","item":"https:\/\/www.domkraftpro.com\/index.php\/products\/"},{"@type":"ListItem","position":3,"name":"Hit Sez\u00f3ny Elektrick\u00e1 topn\u00e1 ty\u010d s termostatem pro radi\u00e1tory, rovn\u00fd kabel, Aqualine chrom"}]},{"@type":"WebSite","@id":"https:\/\/www.domkraftpro.com\/#website","url":"https:\/\/www.domkraftpro.com\/","name":"","description":"","potentialAction":[{"@type":"SearchAction","target":{"@type":"EntryPoint","urlTemplate":"https:\/\/www.domkraftpro.com\/?s={search_term_string}"},"query-input":{"@type":"PropertyValueSpecification","valueRequired":true,"valueName":"search_term_string"}}],"inLanguage":"cs"}]}},"_links":{"self":[{"href":"https:\/\/www.domkraftpro.com\/index.php\/wp-json\/wp\/v2\/product\/19974","targetHints":{"allow":["GET"]}}],"collection":[{"href":"https:\/\/www.domkraftpro.com\/index.php\/wp-json\/wp\/v2\/product"}],"about":[{"href":"https:\/\/www.domkraftpro.com\/index.php\/wp-json\/wp\/v2\/types\/product"}],"replies":[{"embeddable":true,"href":"https:\/\/www.domkraftpro.com\/index.php\/wp-json\/wp\/v2\/comments?post=19974"}],"wp:featuredmedia":[{"embeddable":true,"href":"https:\/\/www.domkraftpro.com\/index.php\/wp-json\/wp\/v2\/media\/20074"}],"wp:attachment":[{"href":"https:\/\/www.domkraftpro.com\/index.php\/wp-json\/wp\/v2\/media?parent=19974"}],"wp:term":[{"taxonomy":"product_brand","embeddable":true,"href":"https:\/\/www.domkraftpro.com\/index.php\/wp-json\/wp\/v2\/product_brand?post=19974"},{"taxonomy":"product_cat","embeddable":true,"href":"https:\/\/www.domkraftpro.com\/index.php\/wp-json\/wp\/v2\/product_cat?post=19974"},{"taxonomy":"product_tag","embeddable":true,"href":"https:\/\/www.domkraftpro.com\/index.php\/wp-json\/wp\/v2\/product_tag?post=19974"}],"curies":[{"name":"wp","href":"https:\/\/api.w.org\/{rel}","templated":true}]}}