{"id":19891,"date":"2026-04-27T04:41:13","date_gmt":"2026-04-27T04:41:13","guid":{"rendered":""},"modified":"2026-04-27T04:41:13","modified_gmt":"2026-04-27T04:41:13","slug":"znackovy-sapho-tailor-rockstone-deska-180x50-cm-provedeni-limce-f-19891","status":"publish","type":"product","link":"https:\/\/www.domkraftpro.com\/index.php\/produkt\/znackovy-sapho-tailor-rockstone-deska-180x50-cm-provedeni-limce-f-19891\/","title":{"rendered":"Zna\u010dkov\u00fd Sapho TAILOR rockstone deska 180&#215;50 cm, proveden\u00ed l\u00edmce F"},"content":{"rendered":"<div class=\"ProductDetail-content NoFixImageContainer\" id=\"productDescription\">\n<div class=\"Heading\">\n<h2 class=\"Heading-title\">Popis produktu <span class=''>Sapho TAILOR rockstone deska 180&#215;50 cm, proveden\u00ed l\u00edmce F<\/span><\/h2>\n<\/p><\/div>\n<div class=\"ProductDetailContent\">                                                                    <\/div>\n<div class=\"ProductDetailContent\">\n<div class=\"ProductDetailContent-item\">                                            \u0160\u00ed\u0159ka: 1800 mm<br \/>V\u00fd\u0161ka: 110 mm<br \/>Hloubka: 500 mm<br \/>Balen\u00ed: 1 ks<br \/>Rozm\u011br: 180&#215;50 cm<br \/>Materi\u00e1l: Solid Surface &#8211; Um\u011bl\u00fd k\u00e1men<br \/>Typ sk\u0159\u00ed\u0148ky: Deska<br \/>Typ l\u00edmce: Proveden\u00ed l\u00edmce F<br \/>Z\u00e1ruka: 2 roky<br \/>Jin\u00e9 barevn\u00e9 proveden\u00ed: Dle vzorn\u00edku<br \/>Typ umyvadla: Umyvadlo na desku<br \/>Instalace: Z\u00e1v\u011bsn\u00e9 na st\u011bnu                                        <\/div>\n<div class=\"ProductDetailContent-item\">\n<h3>Vysv\u011btlivky<\/h3>\n<div class=\"product-explanation-item\">\n<h3>Desky lze vyrobit v tomto barevn\u00e9m proveden\u00ed:<\/h3>\n<div style=\"float: left; width: 16%; text-align: center;\">0101 Glacier white<\/div>\n<div style=\"float: left; width: 16%; text-align: center;\">0683 Shining gray<\/div>\n<div style=\"float: left; width: 16%; text-align: center;\">4033 Concrete<\/div>\n<div style=\"float: left; width: 16%; text-align: center;\">0701 Platinum<\/div>\n<div style=\"float: left; width: 16%; text-align: center;\">0201 Midnight<\/div>\n<div style=\"float: left; width: 16%; text-align: center;\">0548 Rare rock<\/div>\n<div style=\"clear: both;\"><\/div>\n<div style=\"float: left; width: 100%; text-align: center;\"> <\/div>\n<div style=\"clear: both;\"><\/div>\n<div style=\"float: left; width: 16%; text-align: center;\">2055 Terra<\/div>\n<div style=\"float: left; width: 16%; text-align: center;\">0119 Bone<\/div>\n<div style=\"float: left; width: 16%; text-align: center;\">0798 Jasmine white<\/div>\n<div style=\"float: left; width: 16%; text-align: center;\">1077 Custard<\/div>\n<div style=\"float: left; width: 16%; text-align: center;\">0503 Matterhorn<\/div>\n<div style=\"float: left; width: 16%; text-align: center;\">0598 Black Attica<\/div>\n<div style=\"clear: both;\"><\/div>\n<div style=\"float: left; width: 100%; text-align: center;\"> <\/div>\n<div style=\"clear: both;\"><\/div>\n<div style=\"float: left; width: 16%; text-align: center;\">0826 Riverbed<\/div>\n<div style=\"float: left; width: 16%; text-align: center;\">0816 Cachet<\/div>\n<div style=\"float: left; width: 16%; text-align: center;\">A821 Chardonnay<\/div>\n<div style=\"clear: both;\"><\/div>\n<\/div>\n<div class=\"product-explanation-item\">\n<h3>Solid Surface (Rockstone, um\u011bl\u00fd k\u00e1men, technick\u00fd mramor)<\/h3>\n<p style=\"text-align: justify;\">Solid Surface je masivn\u00ed nepor\u00e9zn\u00ed materi\u00e1l vyroben\u00fd ze sm\u011bsi p\u0159\u00edrodn\u00edho kamene a akryl\u00e1tu. M\u00e1 homogenn\u00ed pevn\u00fd povrch a pou\u017e\u00edv\u00e1 se p\u0159edev\u0161\u00edm pro v\u00fdrobu pracovn\u00edch desek. D\u00edky rozmanitosti barev a textur se dob\u0159e kombinuje s jin\u00fdmi materi\u00e1ly. P\u00e9\u010de o n\u011bj je snadn\u00e1: \u0161kr\u00e1bance lze snadno odstranit pomoc\u00ed m\u011bkk\u00fdch \u010distic\u00edch prost\u0159edk\u016f a znovu tak obnovit lesk povrchu. Nav\u00edc vynik\u00e1 odolnost\u00ed proti skvrn\u00e1m a je nenas\u00e1kav\u00fd.<\/p>\n<\/div><\/div>\n<div class=\"ProductDetailContent-item\">\n<h3>Popis s\u00e9rie<\/h3>\n<p style=\"text-align: justify;\">Desky Tailor jsou na zak\u00e1zku lepen\u00e9 a le\u0161t\u011bn\u00e9 desky z&nbsp;materi\u00e1lu Solid Surface &#8211; Rockstone o&nbsp;tlou\u0161\u0165ce 12 mm. Rockstone je masivn\u00ed homogenn\u00ed materi\u00e1l vyroben\u00fd z p\u0159\u00edrodn\u00edch miner\u00e1l\u016f a \u010dist\u00e9ho akrylov\u00e9ho polymeru. Otvory pro odpad&nbsp;umyvadla a stoj\u00e1nkovou vodovodn\u00ed baterii lze&nbsp;vyvrtat p\u0159ed mont\u00e1\u017e\u00ed desky korunkov\u00fdm vrt\u00e1kem. Na p\u0159\u00e1n\u00ed otvory vyvrt\u00e1me dle dodan\u00e9ho v\u00fdkresu za p\u0159\u00edplatek.&nbsp;Takt\u00e9\u017e lze zhotovit libovoln\u00fd rozm\u011br&nbsp;a\u017e&nbsp;do 350 cm d\u00e9lky 60 cm hloubky.&nbsp;V&nbsp;tomto p\u0159\u00edpad\u011b je cena na dotaz,&nbsp;pro kalkulaci ceny kontaktujte, pros\u00edm, na\u0161i podporu.&nbsp;P\u0159i objedn\u00e1n\u00ed nezapome\u0148te uv\u00e9st po\u017eadovan\u00e9 barevn\u00e9 proveden\u00ed desky.Podp\u011brn\u00e9 konzole k dokoupen\u00ed (do 1 m d\u00e9lky 2 ks konzol\u00ed, nad 1 m d\u00e9lky 3-4 konzole; cca ka\u017ed\u00fdch 0,5 m \/ 1 ks konzole).<br \/>Barevn\u00e9 proveden\u00ed dle vzorn\u00edku.<\/p>\n<p>Proveden\u00ed desek:<\/p>\n<\/p><\/div>\n<\/p><\/div>\n<\/p><\/div>\n<\/p><\/div>\n<\/p><\/div>\n","protected":false},"excerpt":{"rendered":"<p>Popis produktu Sapho TAILOR rockstone deska 180&#215;50 cm, proveden\u00ed l\u00edmce F \u0160\u00ed\u0159ka: 1800 mmV\u00fd\u0161ka: 110 mmHloubka: 500 mmBalen\u00ed: 1 ksRozm\u011br: 180&#215;50 cmMateri\u00e1l: Solid Surface &#8211; Um\u011bl\u00fd k\u00e1menTyp sk\u0159\u00ed\u0148ky: DeskaTyp l\u00edmce: Proveden\u00ed l\u00edmce FZ\u00e1ruka: 2 rokyJin\u00e9 barevn\u00e9 proveden\u00ed: Dle vzorn\u00edkuTyp umyvadla: Umyvadlo na deskuInstalace: Z\u00e1v\u011bsn\u00e9 na st\u011bnu Vysv\u011btlivky Desky lze vyrobit v tomto barevn\u00e9m proveden\u00ed: 0101 [&hellip;]<\/p>\n","protected":false},"featured_media":19991,"comment_status":"open","ping_status":"open","template":"","meta":[],"product_brand":[],"product_cat":[90],"product_tag":[],"class_list":{"0":"post-19891","1":"product","2":"type-product","3":"status-publish","4":"has-post-thumbnail","6":"product_cat-koupelny","8":"first","9":"instock","10":"sale","11":"shipping-taxable","12":"purchasable","13":"product-type-simple"},"yoast_head":"<!-- This site is optimized with the Yoast SEO plugin v26.8 - https:\/\/yoast.com\/product\/yoast-seo-wordpress\/ -->\n<title>Zna\u010dkov\u00fd Sapho TAILOR rockstone deska 180x50 cm, proveden\u00ed l\u00edmce F -<\/title>\n<meta name=\"robots\" content=\"index, follow, max-snippet:-1, max-image-preview:large, max-video-preview:-1\" \/>\n<link rel=\"canonical\" href=\"https:\/\/www.domkraftpro.com\/index.php\/produkt\/znackovy-sapho-tailor-rockstone-deska-180x50-cm-provedeni-limce-f-19891\/\" \/>\n<meta property=\"og:locale\" content=\"cs_CZ\" \/>\n<meta property=\"og:type\" content=\"article\" \/>\n<meta property=\"og:title\" content=\"Zna\u010dkov\u00fd Sapho TAILOR rockstone deska 180x50 cm, proveden\u00ed l\u00edmce F -\" \/>\n<meta property=\"og:description\" content=\"Popis produktu Sapho TAILOR rockstone deska 180&#215;50 cm, proveden\u00ed l\u00edmce F \u0160\u00ed\u0159ka: 1800 mmV\u00fd\u0161ka: 110 mmHloubka: 500 mmBalen\u00ed: 1 ksRozm\u011br: 180&#215;50 cmMateri\u00e1l: Solid Surface &#8211; Um\u011bl\u00fd k\u00e1menTyp sk\u0159\u00ed\u0148ky: DeskaTyp l\u00edmce: Proveden\u00ed l\u00edmce FZ\u00e1ruka: 2 rokyJin\u00e9 barevn\u00e9 proveden\u00ed: Dle vzorn\u00edkuTyp umyvadla: Umyvadlo na deskuInstalace: Z\u00e1v\u011bsn\u00e9 na st\u011bnu Vysv\u011btlivky Desky lze vyrobit v tomto barevn\u00e9m proveden\u00ed: 0101 [&hellip;]\" \/>\n<meta property=\"og:url\" content=\"https:\/\/www.domkraftpro.com\/index.php\/produkt\/znackovy-sapho-tailor-rockstone-deska-180x50-cm-provedeni-limce-f-19891\/\" \/>\n<meta property=\"og:image\" content=\"https:\/\/www.domkraftpro.com\/wp-content\/uploads\/2026\/SK0007152-CZ20260425-092632-0-1777080397-sapho-tailor-rockstone-deska-180x50-cm-provedeni-limce-f-44.webp\" \/>\n\t<meta property=\"og:image:width\" content=\"600\" \/>\n\t<meta property=\"og:image:height\" content=\"600\" \/>\n\t<meta property=\"og:image:type\" content=\"image\/webp\" \/>\n<meta name=\"twitter:card\" content=\"summary_large_image\" \/>\n<meta name=\"twitter:label1\" content=\"Odhadovan\u00e1 doba \u010dten\u00ed\" \/>\n\t<meta name=\"twitter:data1\" content=\"2 minuty\" \/>\n<script type=\"application\/ld+json\" class=\"yoast-schema-graph\">{\"@context\":\"https:\/\/schema.org\",\"@graph\":[{\"@type\":\"WebPage\",\"@id\":\"https:\/\/www.domkraftpro.com\/index.php\/produkt\/znackovy-sapho-tailor-rockstone-deska-180x50-cm-provedeni-limce-f-19891\/\",\"url\":\"https:\/\/www.domkraftpro.com\/index.php\/produkt\/znackovy-sapho-tailor-rockstone-deska-180x50-cm-provedeni-limce-f-19891\/\",\"name\":\"Zna\u010dkov\u00fd Sapho TAILOR rockstone deska 180x50 cm, proveden\u00ed l\u00edmce F -\",\"isPartOf\":{\"@id\":\"https:\/\/www.domkraftpro.com\/#website\"},\"primaryImageOfPage\":{\"@id\":\"https:\/\/www.domkraftpro.com\/index.php\/produkt\/znackovy-sapho-tailor-rockstone-deska-180x50-cm-provedeni-limce-f-19891\/#primaryimage\"},\"image\":{\"@id\":\"https:\/\/www.domkraftpro.com\/index.php\/produkt\/znackovy-sapho-tailor-rockstone-deska-180x50-cm-provedeni-limce-f-19891\/#primaryimage\"},\"thumbnailUrl\":\"https:\/\/www.domkraftpro.com\/wp-content\/uploads\/2026\/SK0007152-CZ20260425-092632-0-1777080397-sapho-tailor-rockstone-deska-180x50-cm-provedeni-limce-f-44.webp\",\"datePublished\":\"2026-04-27T04:41:13+00:00\",\"breadcrumb\":{\"@id\":\"https:\/\/www.domkraftpro.com\/index.php\/produkt\/znackovy-sapho-tailor-rockstone-deska-180x50-cm-provedeni-limce-f-19891\/#breadcrumb\"},\"inLanguage\":\"cs\",\"potentialAction\":[{\"@type\":\"ReadAction\",\"target\":[\"https:\/\/www.domkraftpro.com\/index.php\/produkt\/znackovy-sapho-tailor-rockstone-deska-180x50-cm-provedeni-limce-f-19891\/\"]}]},{\"@type\":\"ImageObject\",\"inLanguage\":\"cs\",\"@id\":\"https:\/\/www.domkraftpro.com\/index.php\/produkt\/znackovy-sapho-tailor-rockstone-deska-180x50-cm-provedeni-limce-f-19891\/#primaryimage\",\"url\":\"https:\/\/www.domkraftpro.com\/wp-content\/uploads\/2026\/SK0007152-CZ20260425-092632-0-1777080397-sapho-tailor-rockstone-deska-180x50-cm-provedeni-limce-f-44.webp\",\"contentUrl\":\"https:\/\/www.domkraftpro.com\/wp-content\/uploads\/2026\/SK0007152-CZ20260425-092632-0-1777080397-sapho-tailor-rockstone-deska-180x50-cm-provedeni-limce-f-44.webp\",\"width\":600,\"height\":600},{\"@type\":\"BreadcrumbList\",\"@id\":\"https:\/\/www.domkraftpro.com\/index.php\/produkt\/znackovy-sapho-tailor-rockstone-deska-180x50-cm-provedeni-limce-f-19891\/#breadcrumb\",\"itemListElement\":[{\"@type\":\"ListItem\",\"position\":1,\"name\":\"Home\",\"item\":\"https:\/\/www.domkraftpro.com\/\"},{\"@type\":\"ListItem\",\"position\":2,\"name\":\"Products\",\"item\":\"https:\/\/www.domkraftpro.com\/index.php\/products\/\"},{\"@type\":\"ListItem\",\"position\":3,\"name\":\"Zna\u010dkov\u00fd Sapho TAILOR rockstone deska 180&#215;50 cm, proveden\u00ed l\u00edmce F\"}]},{\"@type\":\"WebSite\",\"@id\":\"https:\/\/www.domkraftpro.com\/#website\",\"url\":\"https:\/\/www.domkraftpro.com\/\",\"name\":\"\",\"description\":\"\",\"potentialAction\":[{\"@type\":\"SearchAction\",\"target\":{\"@type\":\"EntryPoint\",\"urlTemplate\":\"https:\/\/www.domkraftpro.com\/?s={search_term_string}\"},\"query-input\":{\"@type\":\"PropertyValueSpecification\",\"valueRequired\":true,\"valueName\":\"search_term_string\"}}],\"inLanguage\":\"cs\"}]}<\/script>\n<!-- \/ Yoast SEO plugin. -->","yoast_head_json":{"title":"Zna\u010dkov\u00fd Sapho TAILOR rockstone deska 180x50 cm, proveden\u00ed l\u00edmce F -","robots":{"index":"index","follow":"follow","max-snippet":"max-snippet:-1","max-image-preview":"max-image-preview:large","max-video-preview":"max-video-preview:-1"},"canonical":"https:\/\/www.domkraftpro.com\/index.php\/produkt\/znackovy-sapho-tailor-rockstone-deska-180x50-cm-provedeni-limce-f-19891\/","og_locale":"cs_CZ","og_type":"article","og_title":"Zna\u010dkov\u00fd Sapho TAILOR rockstone deska 180x50 cm, proveden\u00ed l\u00edmce F -","og_description":"Popis produktu Sapho TAILOR rockstone deska 180&#215;50 cm, proveden\u00ed l\u00edmce F \u0160\u00ed\u0159ka: 1800 mmV\u00fd\u0161ka: 110 mmHloubka: 500 mmBalen\u00ed: 1 ksRozm\u011br: 180&#215;50 cmMateri\u00e1l: Solid Surface &#8211; Um\u011bl\u00fd k\u00e1menTyp sk\u0159\u00ed\u0148ky: DeskaTyp l\u00edmce: Proveden\u00ed l\u00edmce FZ\u00e1ruka: 2 rokyJin\u00e9 barevn\u00e9 proveden\u00ed: Dle vzorn\u00edkuTyp umyvadla: Umyvadlo na deskuInstalace: Z\u00e1v\u011bsn\u00e9 na st\u011bnu Vysv\u011btlivky Desky lze vyrobit v tomto barevn\u00e9m proveden\u00ed: 0101 [&hellip;]","og_url":"https:\/\/www.domkraftpro.com\/index.php\/produkt\/znackovy-sapho-tailor-rockstone-deska-180x50-cm-provedeni-limce-f-19891\/","og_image":[{"width":600,"height":600,"url":"https:\/\/www.domkraftpro.com\/wp-content\/uploads\/2026\/SK0007152-CZ20260425-092632-0-1777080397-sapho-tailor-rockstone-deska-180x50-cm-provedeni-limce-f-44.webp","type":"image\/webp"}],"twitter_card":"summary_large_image","twitter_misc":{"Odhadovan\u00e1 doba \u010dten\u00ed":"2 minuty"},"schema":{"@context":"https:\/\/schema.org","@graph":[{"@type":"WebPage","@id":"https:\/\/www.domkraftpro.com\/index.php\/produkt\/znackovy-sapho-tailor-rockstone-deska-180x50-cm-provedeni-limce-f-19891\/","url":"https:\/\/www.domkraftpro.com\/index.php\/produkt\/znackovy-sapho-tailor-rockstone-deska-180x50-cm-provedeni-limce-f-19891\/","name":"Zna\u010dkov\u00fd Sapho TAILOR rockstone deska 180x50 cm, proveden\u00ed l\u00edmce F -","isPartOf":{"@id":"https:\/\/www.domkraftpro.com\/#website"},"primaryImageOfPage":{"@id":"https:\/\/www.domkraftpro.com\/index.php\/produkt\/znackovy-sapho-tailor-rockstone-deska-180x50-cm-provedeni-limce-f-19891\/#primaryimage"},"image":{"@id":"https:\/\/www.domkraftpro.com\/index.php\/produkt\/znackovy-sapho-tailor-rockstone-deska-180x50-cm-provedeni-limce-f-19891\/#primaryimage"},"thumbnailUrl":"https:\/\/www.domkraftpro.com\/wp-content\/uploads\/2026\/SK0007152-CZ20260425-092632-0-1777080397-sapho-tailor-rockstone-deska-180x50-cm-provedeni-limce-f-44.webp","datePublished":"2026-04-27T04:41:13+00:00","breadcrumb":{"@id":"https:\/\/www.domkraftpro.com\/index.php\/produkt\/znackovy-sapho-tailor-rockstone-deska-180x50-cm-provedeni-limce-f-19891\/#breadcrumb"},"inLanguage":"cs","potentialAction":[{"@type":"ReadAction","target":["https:\/\/www.domkraftpro.com\/index.php\/produkt\/znackovy-sapho-tailor-rockstone-deska-180x50-cm-provedeni-limce-f-19891\/"]}]},{"@type":"ImageObject","inLanguage":"cs","@id":"https:\/\/www.domkraftpro.com\/index.php\/produkt\/znackovy-sapho-tailor-rockstone-deska-180x50-cm-provedeni-limce-f-19891\/#primaryimage","url":"https:\/\/www.domkraftpro.com\/wp-content\/uploads\/2026\/SK0007152-CZ20260425-092632-0-1777080397-sapho-tailor-rockstone-deska-180x50-cm-provedeni-limce-f-44.webp","contentUrl":"https:\/\/www.domkraftpro.com\/wp-content\/uploads\/2026\/SK0007152-CZ20260425-092632-0-1777080397-sapho-tailor-rockstone-deska-180x50-cm-provedeni-limce-f-44.webp","width":600,"height":600},{"@type":"BreadcrumbList","@id":"https:\/\/www.domkraftpro.com\/index.php\/produkt\/znackovy-sapho-tailor-rockstone-deska-180x50-cm-provedeni-limce-f-19891\/#breadcrumb","itemListElement":[{"@type":"ListItem","position":1,"name":"Home","item":"https:\/\/www.domkraftpro.com\/"},{"@type":"ListItem","position":2,"name":"Products","item":"https:\/\/www.domkraftpro.com\/index.php\/products\/"},{"@type":"ListItem","position":3,"name":"Zna\u010dkov\u00fd Sapho TAILOR rockstone deska 180&#215;50 cm, proveden\u00ed l\u00edmce F"}]},{"@type":"WebSite","@id":"https:\/\/www.domkraftpro.com\/#website","url":"https:\/\/www.domkraftpro.com\/","name":"","description":"","potentialAction":[{"@type":"SearchAction","target":{"@type":"EntryPoint","urlTemplate":"https:\/\/www.domkraftpro.com\/?s={search_term_string}"},"query-input":{"@type":"PropertyValueSpecification","valueRequired":true,"valueName":"search_term_string"}}],"inLanguage":"cs"}]}},"_links":{"self":[{"href":"https:\/\/www.domkraftpro.com\/index.php\/wp-json\/wp\/v2\/product\/19891","targetHints":{"allow":["GET"]}}],"collection":[{"href":"https:\/\/www.domkraftpro.com\/index.php\/wp-json\/wp\/v2\/product"}],"about":[{"href":"https:\/\/www.domkraftpro.com\/index.php\/wp-json\/wp\/v2\/types\/product"}],"replies":[{"embeddable":true,"href":"https:\/\/www.domkraftpro.com\/index.php\/wp-json\/wp\/v2\/comments?post=19891"}],"wp:featuredmedia":[{"embeddable":true,"href":"https:\/\/www.domkraftpro.com\/index.php\/wp-json\/wp\/v2\/media\/19991"}],"wp:attachment":[{"href":"https:\/\/www.domkraftpro.com\/index.php\/wp-json\/wp\/v2\/media?parent=19891"}],"wp:term":[{"taxonomy":"product_brand","embeddable":true,"href":"https:\/\/www.domkraftpro.com\/index.php\/wp-json\/wp\/v2\/product_brand?post=19891"},{"taxonomy":"product_cat","embeddable":true,"href":"https:\/\/www.domkraftpro.com\/index.php\/wp-json\/wp\/v2\/product_cat?post=19891"},{"taxonomy":"product_tag","embeddable":true,"href":"https:\/\/www.domkraftpro.com\/index.php\/wp-json\/wp\/v2\/product_tag?post=19891"}],"curies":[{"name":"wp","href":"https:\/\/api.w.org\/{rel}","templated":true}]}}