{"id":19776,"date":"2026-04-27T04:41:12","date_gmt":"2026-04-27T04:41:12","guid":{"rendered":""},"modified":"2026-04-27T04:41:12","modified_gmt":"2026-04-27T04:41:12","slug":"zoom-line-bocni-stena-80cm-polysan-cire-sklo-super-cena-19776","status":"publish","type":"product","link":"https:\/\/www.domkraftpro.com\/index.php\/produkt\/zoom-line-bocni-stena-80cm-polysan-cire-sklo-super-cena-19776\/","title":{"rendered":"Zoom Line Bo\u010dn\u00ed st\u011bna 80cm Polysan, \u010dir\u00e9 sklo Super Cena"},"content":{"rendered":"<div class=\"ProductDetail-content NoFixImageContainer\" id=\"productDescription\">\n<div class=\"Heading\">\n<h2 class=\"Heading-title\">Popis produktu <span class=''>Zoom Line Bo\u010dn\u00ed st\u011bna 80cm Polysan, \u010dir\u00e9 sklo<\/span><\/h2>\n<\/p><\/div>\n<div class=\"ProductDetailContent\">                                                                    <\/div>\n<div class=\"ProductDetailContent\">\n<div class=\"ProductDetailContent-item\">                                            V\u00fd\u0161ka: 1900 mm<br \/>Hloubka: 800 mm<br \/>Balen\u00ed: 1 ks<br \/>Tvar: Pevn\u00e1 st\u011bna ke sprchov\u00fdm dve\u0159\u00edm<br \/>Typ v\u00fdpln\u011b: \u010cIR\u00c9 sklo<br \/>\u00daprava skla: Antidrop<br \/>Tlou\u0161\u0165ka skla: 6 mm<br \/>Barva profilu: Chrom &#8211; Le\u0161t\u011bn\u00fd hlin\u00edk<br \/>Z\u00e1ruka: 2 roky                                        <\/div>\n<div class=\"ProductDetailContent-item\">\n<ul>\n<li>Instala\u010dn\u00ed rozm\u011br: 780\u00b110 mm<\/li>\n<li>Proveden\u00ed: variabiln\u00ed, lev\u00e9 i prav\u00e9<\/li>\n<\/ul>\n<p><strong>Cena je uveden\u00e1 jen za bo\u010dn\u00ed st\u011bnu. <\/strong><strong>Spojen\u00edm sprchov\u00fd dve\u0159\u00ed a bo\u010dn\u00ed st\u011bny m\u016f\u017eete vytvo\u0159it a\u017e 24 variant obd\u00e9ln\u00edkov\u00fdch a \u010dtvercov\u00fdch z\u00e1st\u011bn.&nbsp;<\/strong><\/p>\n<\/p><\/div>\n<div class=\"ProductDetailContent-item\">\n<h3>Vysv\u011btlivky<\/h3>\n<div class=\"product-explanation-item\">\n<h3>Antidrop<\/h3>\n<p style=\"text-align: justify;\">Antidrop je povrchov\u00e1 \u00faprava skla pro jeho snadnou \u00fadr\u017ebu. P\u0159i v\u00fdrob\u011b skla je nan\u00e1\u0161ena na jeho povrch s pou\u017eit\u00edm nanotechnologie a je obsa\u017eena v cen\u011b z\u00e1st\u011bn.<\/p>\n<\/div><\/div>\n<div class=\"ProductDetailContent-item\">\n<h3>Popis s\u00e9rie<\/h3>\n<p style=\"text-align: justify;\">Sv\u011b\u017e\u00ed design sprchov\u00fdch z\u00e1st\u011bn s\u00e9rie Zoom je propracov\u00e1n do nejmen\u0161\u00edch detail\u016f. Sprchov\u00e9 dve\u0159e&nbsp;s hranat\u00fdmi oto\u010dn\u00fdmi profily se zvedac\u00edm mechanismem umo\u017e\u0148uj\u00ed snadn\u00e9 otev\u00edr\u00e1n\u00ed vn\u011b i dovnit\u0159 a zaru\u010duj\u00ed maxim\u00e1ln\u00ed \u0161\u00ed\u0159ku vstupu. V\u00fdjimku tvo\u0159\u00ed \u010dtvrtkruhov\u00e9 z\u00e1st\u011bny typu ZL2615 (90&#215;90 cm) a ZL2616 (100&#215;100 cm), kter\u00e9 se otv\u00edraj\u00ed pouze sm\u011brem ven.<\/p>\n<p><strong>Celkov\u00e1 charakteristika sprchov\u00fdch z\u00e1st\u011bn s\u00e9rie Zoom line:<\/strong><\/p>\n<ul>\n<li>\u010cir\u00e9 bezpe\u010dnostn\u00ed sklo o s\u00edle 6 mm<\/li>\n<li>Povrchov\u00e1 \u00faprava Antidrop zabra\u0148uje usazov\u00e1n\u00ed vodn\u00edho kamene a usnad\u0148uje \u010di\u0161t\u011bn\u00ed<\/li>\n<li>Hlin\u00edkov\u00e9 oto\u010dn\u00e9 profily s le\u0161t\u011bn\u00fdm povrchem a integrovan\u00fdm zdvihov\u00fdm mechanismem<\/li>\n<li>Magnetick\u00e9 t\u011bsn\u011bn\u00ed je skryto v hlin\u00edkov\u00fdch profilech, kter\u00e9 dod\u00e1vaj\u00ed z\u00e1st\u011bn\u00e1m luxusn\u00ed vzhled<\/li>\n<li>V\u00fd\u0161ka 1900 mm<\/li>\n<li>Snadn\u00e1 mont\u00e1\u017e, tolerance a\u017e 20 mm nastaven\u00edm skel v profilu<\/li>\n<li>Dve\u0159e 700, 800 a 900 mm jsou jednod\u00edln\u00e9 a umo\u017e\u0148uj\u00ed maxim\u00e1ln\u00ed \u0161\u00ed\u0159ku vstupu<\/li>\n<li>Dve\u0159e 1000-1500 mm jsou d\u011bleny na \u010d\u00e1st pevnou a \u010d\u00e1st oto\u010dnou<\/li>\n<li>Dve\u0159e je mo\u017eno instalovat do niky nebo v kombinaci s bo\u010dn\u00ed st\u011bnou, umo\u017e\u0148uj\u00ed variabiln\u00ed instalaci s lev\u00fdm nebo prav\u00fdm otev\u00edr\u00e1n\u00edm<\/li>\n<li>Dvojk\u0159\u00eddl\u00e9 dve\u0159e 800, 900, 1000 a 1200 mm jsou vhodn\u00e9 pouze pro instalaci do niky, nelze je kombinovat s bo\u010dn\u00ed st\u011bnou<\/li>\n<li>Dve\u0159e 1600 a 1800 mm maj\u00ed 2 pevn\u00e9 \u010d\u00e1sti a 2 oto\u010dn\u00e9 \u010d\u00e1sti, vhodn\u00e9 pouze pro instalaci do niky, nelze je kombinovat s bo\u010dn\u00ed st\u011bnou<\/li>\n<li>Dve\u0159e&nbsp;<span>se&nbsp;zdvihov\u00fdm mechanismem profilu<\/span><\/li>\n<li>Vzp\u011bry jsou sou\u010d\u00e1st\u00ed balen\u00ed<\/li>\n<\/ul>\n<table style=\"height: 209px; width: 764px;\" border=\"0\">\n<tbody>\n<tr>\n<td><\/td>\n<td><\/td>\n<td><\/td>\n<td><\/td>\n<\/tr>\n<tr>\n<td>Speci\u00e1ln\u011b navr\u017een\u00e9 madlo <br \/>pro&nbsp;pohodln\u00e9 otev\u00edr\u00e1n\u00ed dve\u0159\u00ed.<\/td>\n<td>Ploch\u00e9 magnetick\u00e9 t\u011bsn\u011bn\u00ed <br \/>elegantn\u011b&nbsp;skryt\u00e9 v hlin\u00edkov\u00e9m <br \/>profilu umo\u017e\u0148uje&nbsp;otv\u00edrat dve\u0159e <br \/>na ob\u011b strany u v\u0161ech model\u016f <br \/>dve\u0159\u00ed do niky a v kombinaci&nbsp;<br \/>s bo\u010dn\u00ed st\u011bnou.<\/td>\n<td>Oto\u010dn\u00fd profil v minimalistick\u00e9m&nbsp;<br \/>proveden\u00ed se zvedac\u00ed funkc\u00ed <br \/>pro pohodln\u00e9 otev\u00edr\u00e1n\u00ed. <br \/>\u010cist\u00e1 linie &#8211; sklo&nbsp;prot\u00edn\u00e1 profil <br \/>na obou stran\u00e1ch&nbsp;ve stejn\u00e9 \u00farovni.<\/td>\n<td>St\u011bnov\u00e9 nerovnosti elegantn\u011b skryje<br \/>hlin\u00edkov\u00fd profil, do kter\u00e9ho se zasouv\u00e1<br \/>sklo dle pot\u0159eby a\u017e 20 mm. Stabilitu<br \/>skel zaji\u0161\u0165uje elegantn\u00ed vzp\u011bra <br \/>s nastaviteln\u00fdm \u00fahlem uchycen\u00ed na obou stran\u00e1ch.<\/td>\n<\/tr>\n<\/tbody>\n<\/table><\/div>\n<\/p><\/div>\n<\/p><\/div>\n<\/p><\/div>\n<\/p><\/div>\n","protected":false},"excerpt":{"rendered":"<p>Popis produktu Zoom Line Bo\u010dn\u00ed st\u011bna 80cm Polysan, \u010dir\u00e9 sklo V\u00fd\u0161ka: 1900 mmHloubka: 800 mmBalen\u00ed: 1 ksTvar: Pevn\u00e1 st\u011bna ke sprchov\u00fdm dve\u0159\u00edmTyp v\u00fdpln\u011b: \u010cIR\u00c9 sklo\u00daprava skla: AntidropTlou\u0161\u0165ka skla: 6 mmBarva profilu: Chrom &#8211; Le\u0161t\u011bn\u00fd hlin\u00edkZ\u00e1ruka: 2 roky Instala\u010dn\u00ed rozm\u011br: 780\u00b110 mm Proveden\u00ed: variabiln\u00ed, lev\u00e9 i prav\u00e9 Cena je uveden\u00e1 jen za bo\u010dn\u00ed st\u011bnu. Spojen\u00edm sprchov\u00fd [&hellip;]<\/p>\n","protected":false},"featured_media":19876,"comment_status":"open","ping_status":"open","template":"","meta":[],"product_brand":[],"product_cat":[90],"product_tag":[],"class_list":{"0":"post-19776","1":"product","2":"type-product","3":"status-publish","4":"has-post-thumbnail","6":"product_cat-koupelny","8":"first","9":"instock","10":"sale","11":"shipping-taxable","12":"purchasable","13":"product-type-simple"},"yoast_head":"<!-- This site is optimized with the Yoast SEO plugin v26.8 - https:\/\/yoast.com\/product\/yoast-seo-wordpress\/ -->\n<title>Zoom Line Bo\u010dn\u00ed st\u011bna 80cm Polysan, \u010dir\u00e9 sklo Super Cena -<\/title>\n<meta name=\"robots\" content=\"index, follow, max-snippet:-1, max-image-preview:large, max-video-preview:-1\" \/>\n<link rel=\"canonical\" href=\"https:\/\/www.domkraftpro.com\/index.php\/produkt\/zoom-line-bocni-stena-80cm-polysan-cire-sklo-super-cena-19776\/\" \/>\n<meta property=\"og:locale\" content=\"cs_CZ\" \/>\n<meta property=\"og:type\" content=\"article\" \/>\n<meta property=\"og:title\" content=\"Zoom Line Bo\u010dn\u00ed st\u011bna 80cm Polysan, \u010dir\u00e9 sklo Super Cena -\" \/>\n<meta property=\"og:description\" content=\"Popis produktu Zoom Line Bo\u010dn\u00ed st\u011bna 80cm Polysan, \u010dir\u00e9 sklo V\u00fd\u0161ka: 1900 mmHloubka: 800 mmBalen\u00ed: 1 ksTvar: Pevn\u00e1 st\u011bna ke sprchov\u00fdm dve\u0159\u00edmTyp v\u00fdpln\u011b: \u010cIR\u00c9 sklo\u00daprava skla: AntidropTlou\u0161\u0165ka skla: 6 mmBarva profilu: Chrom &#8211; Le\u0161t\u011bn\u00fd hlin\u00edkZ\u00e1ruka: 2 roky Instala\u010dn\u00ed rozm\u011br: 780\u00b110 mm Proveden\u00ed: variabiln\u00ed, lev\u00e9 i prav\u00e9 Cena je uveden\u00e1 jen za bo\u010dn\u00ed st\u011bnu. Spojen\u00edm sprchov\u00fd [&hellip;]\" \/>\n<meta property=\"og:url\" content=\"https:\/\/www.domkraftpro.com\/index.php\/produkt\/zoom-line-bocni-stena-80cm-polysan-cire-sklo-super-cena-19776\/\" \/>\n<meta property=\"og:image\" content=\"https:\/\/www.domkraftpro.com\/wp-content\/uploads\/2026\/SK0007137-CZ20260425-092632-0-1777080397-zoom-line-bocni-stena-80cm-polysan-cire-sklo-442901.webp\" \/>\n\t<meta property=\"og:image:width\" content=\"584\" \/>\n\t<meta property=\"og:image:height\" content=\"600\" \/>\n\t<meta property=\"og:image:type\" content=\"image\/webp\" \/>\n<meta name=\"twitter:card\" content=\"summary_large_image\" \/>\n<meta name=\"twitter:label1\" content=\"Odhadovan\u00e1 doba \u010dten\u00ed\" \/>\n\t<meta name=\"twitter:data1\" content=\"3 minuty\" \/>\n<script type=\"application\/ld+json\" class=\"yoast-schema-graph\">{\"@context\":\"https:\/\/schema.org\",\"@graph\":[{\"@type\":\"WebPage\",\"@id\":\"https:\/\/www.domkraftpro.com\/index.php\/produkt\/zoom-line-bocni-stena-80cm-polysan-cire-sklo-super-cena-19776\/\",\"url\":\"https:\/\/www.domkraftpro.com\/index.php\/produkt\/zoom-line-bocni-stena-80cm-polysan-cire-sklo-super-cena-19776\/\",\"name\":\"Zoom Line Bo\u010dn\u00ed st\u011bna 80cm Polysan, \u010dir\u00e9 sklo Super Cena -\",\"isPartOf\":{\"@id\":\"https:\/\/www.domkraftpro.com\/#website\"},\"primaryImageOfPage\":{\"@id\":\"https:\/\/www.domkraftpro.com\/index.php\/produkt\/zoom-line-bocni-stena-80cm-polysan-cire-sklo-super-cena-19776\/#primaryimage\"},\"image\":{\"@id\":\"https:\/\/www.domkraftpro.com\/index.php\/produkt\/zoom-line-bocni-stena-80cm-polysan-cire-sklo-super-cena-19776\/#primaryimage\"},\"thumbnailUrl\":\"https:\/\/www.domkraftpro.com\/wp-content\/uploads\/2026\/SK0007137-CZ20260425-092632-0-1777080397-zoom-line-bocni-stena-80cm-polysan-cire-sklo-442901.webp\",\"datePublished\":\"2026-04-27T04:41:12+00:00\",\"breadcrumb\":{\"@id\":\"https:\/\/www.domkraftpro.com\/index.php\/produkt\/zoom-line-bocni-stena-80cm-polysan-cire-sklo-super-cena-19776\/#breadcrumb\"},\"inLanguage\":\"cs\",\"potentialAction\":[{\"@type\":\"ReadAction\",\"target\":[\"https:\/\/www.domkraftpro.com\/index.php\/produkt\/zoom-line-bocni-stena-80cm-polysan-cire-sklo-super-cena-19776\/\"]}]},{\"@type\":\"ImageObject\",\"inLanguage\":\"cs\",\"@id\":\"https:\/\/www.domkraftpro.com\/index.php\/produkt\/zoom-line-bocni-stena-80cm-polysan-cire-sklo-super-cena-19776\/#primaryimage\",\"url\":\"https:\/\/www.domkraftpro.com\/wp-content\/uploads\/2026\/SK0007137-CZ20260425-092632-0-1777080397-zoom-line-bocni-stena-80cm-polysan-cire-sklo-442901.webp\",\"contentUrl\":\"https:\/\/www.domkraftpro.com\/wp-content\/uploads\/2026\/SK0007137-CZ20260425-092632-0-1777080397-zoom-line-bocni-stena-80cm-polysan-cire-sklo-442901.webp\",\"width\":584,\"height\":600},{\"@type\":\"BreadcrumbList\",\"@id\":\"https:\/\/www.domkraftpro.com\/index.php\/produkt\/zoom-line-bocni-stena-80cm-polysan-cire-sklo-super-cena-19776\/#breadcrumb\",\"itemListElement\":[{\"@type\":\"ListItem\",\"position\":1,\"name\":\"Home\",\"item\":\"https:\/\/www.domkraftpro.com\/\"},{\"@type\":\"ListItem\",\"position\":2,\"name\":\"Products\",\"item\":\"https:\/\/www.domkraftpro.com\/index.php\/products\/\"},{\"@type\":\"ListItem\",\"position\":3,\"name\":\"Zoom Line Bo\u010dn\u00ed st\u011bna 80cm Polysan, \u010dir\u00e9 sklo Super Cena\"}]},{\"@type\":\"WebSite\",\"@id\":\"https:\/\/www.domkraftpro.com\/#website\",\"url\":\"https:\/\/www.domkraftpro.com\/\",\"name\":\"\",\"description\":\"\",\"potentialAction\":[{\"@type\":\"SearchAction\",\"target\":{\"@type\":\"EntryPoint\",\"urlTemplate\":\"https:\/\/www.domkraftpro.com\/?s={search_term_string}\"},\"query-input\":{\"@type\":\"PropertyValueSpecification\",\"valueRequired\":true,\"valueName\":\"search_term_string\"}}],\"inLanguage\":\"cs\"}]}<\/script>\n<!-- \/ Yoast SEO plugin. -->","yoast_head_json":{"title":"Zoom Line Bo\u010dn\u00ed st\u011bna 80cm Polysan, \u010dir\u00e9 sklo Super Cena -","robots":{"index":"index","follow":"follow","max-snippet":"max-snippet:-1","max-image-preview":"max-image-preview:large","max-video-preview":"max-video-preview:-1"},"canonical":"https:\/\/www.domkraftpro.com\/index.php\/produkt\/zoom-line-bocni-stena-80cm-polysan-cire-sklo-super-cena-19776\/","og_locale":"cs_CZ","og_type":"article","og_title":"Zoom Line Bo\u010dn\u00ed st\u011bna 80cm Polysan, \u010dir\u00e9 sklo Super Cena -","og_description":"Popis produktu Zoom Line Bo\u010dn\u00ed st\u011bna 80cm Polysan, \u010dir\u00e9 sklo V\u00fd\u0161ka: 1900 mmHloubka: 800 mmBalen\u00ed: 1 ksTvar: Pevn\u00e1 st\u011bna ke sprchov\u00fdm dve\u0159\u00edmTyp v\u00fdpln\u011b: \u010cIR\u00c9 sklo\u00daprava skla: AntidropTlou\u0161\u0165ka skla: 6 mmBarva profilu: Chrom &#8211; Le\u0161t\u011bn\u00fd hlin\u00edkZ\u00e1ruka: 2 roky Instala\u010dn\u00ed rozm\u011br: 780\u00b110 mm Proveden\u00ed: variabiln\u00ed, lev\u00e9 i prav\u00e9 Cena je uveden\u00e1 jen za bo\u010dn\u00ed st\u011bnu. Spojen\u00edm sprchov\u00fd [&hellip;]","og_url":"https:\/\/www.domkraftpro.com\/index.php\/produkt\/zoom-line-bocni-stena-80cm-polysan-cire-sklo-super-cena-19776\/","og_image":[{"width":584,"height":600,"url":"https:\/\/www.domkraftpro.com\/wp-content\/uploads\/2026\/SK0007137-CZ20260425-092632-0-1777080397-zoom-line-bocni-stena-80cm-polysan-cire-sklo-442901.webp","type":"image\/webp"}],"twitter_card":"summary_large_image","twitter_misc":{"Odhadovan\u00e1 doba \u010dten\u00ed":"3 minuty"},"schema":{"@context":"https:\/\/schema.org","@graph":[{"@type":"WebPage","@id":"https:\/\/www.domkraftpro.com\/index.php\/produkt\/zoom-line-bocni-stena-80cm-polysan-cire-sklo-super-cena-19776\/","url":"https:\/\/www.domkraftpro.com\/index.php\/produkt\/zoom-line-bocni-stena-80cm-polysan-cire-sklo-super-cena-19776\/","name":"Zoom Line Bo\u010dn\u00ed st\u011bna 80cm Polysan, \u010dir\u00e9 sklo Super Cena -","isPartOf":{"@id":"https:\/\/www.domkraftpro.com\/#website"},"primaryImageOfPage":{"@id":"https:\/\/www.domkraftpro.com\/index.php\/produkt\/zoom-line-bocni-stena-80cm-polysan-cire-sklo-super-cena-19776\/#primaryimage"},"image":{"@id":"https:\/\/www.domkraftpro.com\/index.php\/produkt\/zoom-line-bocni-stena-80cm-polysan-cire-sklo-super-cena-19776\/#primaryimage"},"thumbnailUrl":"https:\/\/www.domkraftpro.com\/wp-content\/uploads\/2026\/SK0007137-CZ20260425-092632-0-1777080397-zoom-line-bocni-stena-80cm-polysan-cire-sklo-442901.webp","datePublished":"2026-04-27T04:41:12+00:00","breadcrumb":{"@id":"https:\/\/www.domkraftpro.com\/index.php\/produkt\/zoom-line-bocni-stena-80cm-polysan-cire-sklo-super-cena-19776\/#breadcrumb"},"inLanguage":"cs","potentialAction":[{"@type":"ReadAction","target":["https:\/\/www.domkraftpro.com\/index.php\/produkt\/zoom-line-bocni-stena-80cm-polysan-cire-sklo-super-cena-19776\/"]}]},{"@type":"ImageObject","inLanguage":"cs","@id":"https:\/\/www.domkraftpro.com\/index.php\/produkt\/zoom-line-bocni-stena-80cm-polysan-cire-sklo-super-cena-19776\/#primaryimage","url":"https:\/\/www.domkraftpro.com\/wp-content\/uploads\/2026\/SK0007137-CZ20260425-092632-0-1777080397-zoom-line-bocni-stena-80cm-polysan-cire-sklo-442901.webp","contentUrl":"https:\/\/www.domkraftpro.com\/wp-content\/uploads\/2026\/SK0007137-CZ20260425-092632-0-1777080397-zoom-line-bocni-stena-80cm-polysan-cire-sklo-442901.webp","width":584,"height":600},{"@type":"BreadcrumbList","@id":"https:\/\/www.domkraftpro.com\/index.php\/produkt\/zoom-line-bocni-stena-80cm-polysan-cire-sklo-super-cena-19776\/#breadcrumb","itemListElement":[{"@type":"ListItem","position":1,"name":"Home","item":"https:\/\/www.domkraftpro.com\/"},{"@type":"ListItem","position":2,"name":"Products","item":"https:\/\/www.domkraftpro.com\/index.php\/products\/"},{"@type":"ListItem","position":3,"name":"Zoom Line Bo\u010dn\u00ed st\u011bna 80cm Polysan, \u010dir\u00e9 sklo Super Cena"}]},{"@type":"WebSite","@id":"https:\/\/www.domkraftpro.com\/#website","url":"https:\/\/www.domkraftpro.com\/","name":"","description":"","potentialAction":[{"@type":"SearchAction","target":{"@type":"EntryPoint","urlTemplate":"https:\/\/www.domkraftpro.com\/?s={search_term_string}"},"query-input":{"@type":"PropertyValueSpecification","valueRequired":true,"valueName":"search_term_string"}}],"inLanguage":"cs"}]}},"_links":{"self":[{"href":"https:\/\/www.domkraftpro.com\/index.php\/wp-json\/wp\/v2\/product\/19776","targetHints":{"allow":["GET"]}}],"collection":[{"href":"https:\/\/www.domkraftpro.com\/index.php\/wp-json\/wp\/v2\/product"}],"about":[{"href":"https:\/\/www.domkraftpro.com\/index.php\/wp-json\/wp\/v2\/types\/product"}],"replies":[{"embeddable":true,"href":"https:\/\/www.domkraftpro.com\/index.php\/wp-json\/wp\/v2\/comments?post=19776"}],"wp:featuredmedia":[{"embeddable":true,"href":"https:\/\/www.domkraftpro.com\/index.php\/wp-json\/wp\/v2\/media\/19876"}],"wp:attachment":[{"href":"https:\/\/www.domkraftpro.com\/index.php\/wp-json\/wp\/v2\/media?parent=19776"}],"wp:term":[{"taxonomy":"product_brand","embeddable":true,"href":"https:\/\/www.domkraftpro.com\/index.php\/wp-json\/wp\/v2\/product_brand?post=19776"},{"taxonomy":"product_cat","embeddable":true,"href":"https:\/\/www.domkraftpro.com\/index.php\/wp-json\/wp\/v2\/product_cat?post=19776"},{"taxonomy":"product_tag","embeddable":true,"href":"https:\/\/www.domkraftpro.com\/index.php\/wp-json\/wp\/v2\/product_tag?post=19776"}],"curies":[{"name":"wp","href":"https:\/\/api.w.org\/{rel}","templated":true}]}}