{"id":19759,"date":"2026-04-27T04:41:12","date_gmt":"2026-04-27T04:41:12","guid":{"rendered":""},"modified":"2026-04-27T04:41:12","modified_gmt":"2026-04-27T04:41:12","slug":"top-prodej-sapho-magdalena-otopne-teleso-500x1200-mm-chrom-19759","status":"publish","type":"product","link":"https:\/\/www.domkraftpro.com\/index.php\/produkt\/top-prodej-sapho-magdalena-otopne-teleso-500x1200-mm-chrom-19759\/","title":{"rendered":"Top Prodej Sapho MAGDALENA otopn\u00e9 t\u011bleso 500&#215;1200 mm, chrom"},"content":{"rendered":"<div class=\"ProductDetail-content NoFixImageContainer\" id=\"productDescription\">\n<div class=\"Heading\">\n<h2 class=\"Heading-title\">Popis produktu <span class=''>Sapho MAGDALENA otopn\u00e9 t\u011bleso 500&#215;1200 mm, chrom<\/span><\/h2>\n<\/p><\/div>\n<div class=\"ProductDetailContent\">                                                                    <\/div>\n<div class=\"ProductDetailContent\">\n<div class=\"ProductDetailContent-item\">                                            Barva: Chrom<br \/>\u0160\u00ed\u0159ka: 500 mm<br \/>V\u00fd\u0161ka: 1200 mm<br \/>Balen\u00ed: 1 ks<br \/>Tvar: Tvar E<br \/>Doporu\u010den\u00e1 el. topn\u00e1 ty\u010d: 400 W<br \/>Mo\u017enost vyt\u00e1p\u011bn\u00ed: Elektrick\u00e9 vyt\u00e1p\u011bn\u00ed;\u00dast\u0159edn\u00ed vyt\u00e1p\u011bn\u00ed;Kombinovan\u00e9 vyt\u00e1p\u011bn\u00ed<br \/>Rozte\u010d p\u0159ipojen\u00ed: 100 mm<br \/>Teplotn\u00ed sp\u00e1d: 75\/65\/20 \u00b0C<br \/>Rozm\u011br: 500&#215;1200 mm<br \/>Objem: 3.88 l<br \/>Materi\u00e1l: Ocel<br \/>V\u00fdkon: 408 W<br \/>Instalace: Oto\u010dn\u00e9 o 180\u00b0<br \/>Z\u00e1ruka: 2 roky                                        <\/div>\n<div class=\"ProductDetailContent-item\">\n<h3>Vysv\u011btlivky<\/h3>\n<div class=\"product-explanation-item\">\n<h3>Elektrick\u00e9 vyt\u00e1p\u011bn\u00ed<\/h3>\n<p style=\"text-align: justify;\">Pokud je otopn\u00e9 t\u011bleso <strong>vyt\u00e1p\u011bno<\/strong> pouze elektricky, tozn. <strong>pouze za pomoci topn\u00e9 ty\u010de, je nutn\u00e9 zakoupit \u00bd&#8220; z\u00e1slepku k radi\u00e1tor\u016fm<\/strong>. Ta slou\u017e\u00ed k zaslepen\u00ed druh\u00e9ho otvoru v t\u011blese, kter\u00fd by byl jinak pou\u017eit pro p\u0159ipojovac\u00ed ventil \u00fast\u0159edn\u00edho vyt\u00e1p\u011bn\u00ed.<br \/>Topn\u00e9 t\u011bleso doporu\u010dujeme naplnit destilovanou vodou. Doporu\u010dujeme t\u00e9\u017e nemrznouc\u00ed teplonosnou antikorozn\u00ed kapalinou zna\u010dky LIKIDO.<br \/>Topnou ty\u010d doporu\u010dujeme se stejn\u00fdm nebo podobn\u00fdm v\u00fdkonem dle specifikace dan\u00e9ho topn\u00e9ho t\u011blesa. U topn\u00fdch ty\u010d\u00ed s termostatem se reguluje teplota kapaliny v radi\u00e1toru.<\/p>\n<div style=\"float: left; width: 25%; text-align: center;\"><strong>Topen\u00ed s p\u0159ipojovac\u00ed rozte\u010d\u00ed 50 mm<\/strong><\/div>\n<div style=\"float: left; width: 25%; text-align: center;\"><strong>Topen\u00ed s bo\u010dn\u00edm p\u0159ipojen\u00edm<\/strong><\/div>\n<div style=\"clear: both;\"><\/div>\n<\/div>\n<div class=\"product-explanation-item\">\n<h3>\u00dast\u0159edn\u00ed vyt\u00e1p\u011bn\u00ed<\/h3>\n<p style=\"text-align: justify;\">V p\u0159\u00edpad\u011b \u00fast\u0159edn\u00edho vyt\u00e1p\u011bn\u00ed je d\u016fle\u017eit\u00fd v\u00fdb\u011br p\u0159ipojovac\u00ed sady ventil\u016f. Na v\u00fdb\u011br je pou\u017eit\u00ed ru\u010dn\u00edho ventilu nebo ventilu s termostatickou hlavic\u00ed.<\/p>\n<p style=\"text-align: justify;\"><strong>Ru\u010dn\u00ed ventil:<\/strong> Ovl\u00e1dac\u00ed <strong>hlavice ventilu lze instalovat na levou \/ pravou stranu<\/strong> <strong>bez ohledu na m\u00edsto p\u0159\u00edvodu tepl\u00e9 vody.<\/strong> Ovl\u00e1d\u00e1n\u00ed regulace teploty je manu\u00e1ln\u00ed.<br \/><strong>Ventil s termostatickou hlavic\u00ed:<\/strong> Integrovan\u00fd termostat udr\u017euje nastavenou teplotu okol\u00ed. <strong>Termostatick\u00e1 hlavice mus\u00ed b\u00fdt v m\u00edst\u011b p\u0159\u00edvodu tepl\u00e9 vody.<\/strong><\/p>\n<p style=\"text-align: justify;\">N\u00e1mi nab\u00edzen\u00e9 p\u0159ipojovac\u00ed ventily (vyjma zn. AQUALINE) jsou dod\u00e1v\u00e1ny v\u010detn\u011b sv\u011brn\u00e9ho \u0161rouben\u00ed na nejb\u011b\u017en\u011bj\u0161\u00ed potrub\u00ed (\u00d815 mm Cu a \u00d816 mm Alupex), pro dopojen\u00ed tak nen\u00ed t\u0159eba nic dokupovat. Pro zakryt\u00ed p\u0159\u00edvodn\u00edch trubek a otvor\u016f ve zdi doporu\u010dujeme p\u0159ikoupit kryc\u00ed rozety.<\/p>\n<div style=\"float: left; width: 40%; text-align: center;\"><strong>Topen\u00ed s p\u0159ipojovac\u00ed rozte\u010d\u00ed 50 mm<\/strong><\/div>\n<div style=\"float: left; width: 40%; text-align: center;\"><strong>Topen\u00ed s bo\u010dn\u00edm p\u0159ipojen\u00edm<\/strong><\/div>\n<div style=\"float: left; width: 20%; text-align: center;\"><strong>Topen\u00ed s jednobodov\u00fdm p\u0159ipojen\u00edm<\/strong><\/div>\n<div style=\"clear: both;\"><\/div>\n<\/div>\n<div class=\"product-explanation-item\">\n<h3>Kombinace \u00fast\u0159edn\u00edho a elektrick\u00e9ho vyt\u00e1p\u011bn\u00ed<\/h3>\n<p style=\"text-align: justify;\">Kombinovan\u00e9 p\u0159ipojen\u00ed umo\u017e\u0148uje oh\u0159\u00edvat t\u011bleso jak centr\u00e1ln\u00edm syst\u00e9mem vyt\u00e1p\u011bn\u00ed, tak vyu\u017e\u00edt pro samostatn\u00fd oh\u0159ev elektrickou topnou ty\u010d mimo topnou sezonu. Topnou ty\u010d doporu\u010dujeme se stejn\u00fdm nebo podobn\u00fdm v\u00fdkonem dle specifikace dan\u00e9ho topn\u00e9ho t\u011blesa.<\/p>\n<p style=\"text-align: justify;\">Pokud se jedn\u00e1 o t\u011bleso se st\u0159edov\u00fdm p\u0159ipojen\u00edm, z\u00e1le\u017e\u00ed na tom, zda lze ty\u010d propojit p\u0159es ventil (v tomto p\u0159\u00edpad\u011b se pou\u017eije kombinovan\u00fd ventil) nebo se ty\u010d p\u0159ipojuje samostatn\u011b do stojny t\u011blesa (v tomto p\u0159\u00edpad\u011b se pou\u017eije klasick\u00fd ventil). V p\u0159\u00edpad\u011b bo\u010dn\u00edho p\u0159ipojen\u00ed se v\u017edy pou\u017eije kombinovan\u00fd ventil. Na v\u00fdb\u011br je pou\u017eit\u00ed ru\u010dn\u00edho ventilu nebo ventilu s termostatickou hlavic\u00ed. <\/p>\n<p style=\"text-align: justify;\"><strong>Ru\u010dn\u00ed ventil:<\/strong> Ovl\u00e1dac\u00ed <strong>hlavice ventilu lze instalovat na levou \/ pravou stranu<\/strong> <strong>bez ohledu na m\u00edsto p\u0159\u00edvodu tepl\u00e9 vody.<\/strong> Ovl\u00e1d\u00e1n\u00ed regulace teploty je manu\u00e1ln\u00ed.<br \/><strong>Ventil s termostatickou hlavic\u00ed:<\/strong> Integrovan\u00fd termostat udr\u017euje nastavenou teplotu okol\u00ed. <strong>Termostatick\u00e1 hlavice mus\u00ed b\u00fdt v m\u00edst\u011b p\u0159\u00edvodu tepl\u00e9 vody.<\/strong><\/p>\n<p style=\"text-align: justify;\">N\u00e1mi nab\u00edzen\u00e9 p\u0159ipojovac\u00ed ventily (vyjma zn. AQUALINE) jsou dod\u00e1v\u00e1ny v\u010detn\u011b sv\u011brn\u00e9ho \u0161rouben\u00ed na nejb\u011b\u017en\u011bj\u0161\u00ed potrub\u00ed (\u00d815 mm Cu a \u00d816 mm Alupex), pro dopojen\u00ed tak nen\u00ed t\u0159eba nic dokupovat. Pro zakryt\u00ed p\u0159\u00edvodn\u00edch trubek a otvor\u016f ve zdi doporu\u010dujeme p\u0159ikoupit kryc\u00ed rozety.<\/p>\n<div style=\"float: left; width: 40%; text-align: center;\"><strong>Topen\u00ed s p\u0159ipojovac\u00ed rozte\u010d\u00ed 50 mm<\/strong><\/div>\n<div style=\"float: left; width: 25%; text-align: center;\"><strong>Topen\u00ed s bo\u010dn\u00edm p\u0159ipojen\u00edm<\/strong><\/div>\n<div style=\"float: left; width: 25%; text-align: center;\"><strong>Topen\u00ed s jednobodov\u00fdm p\u0159ipojen\u00edm<\/strong><\/div>\n<div style=\"clear: both;\"><\/div>\n<\/div><\/div>\n<div class=\"ProductDetailContent-item\">\n<h3>Popis s\u00e9rie<\/h3>\n<p style=\"text-align: justify;\">Designov\u011b tvarovan\u00e9 koupelnov\u00e9 otopn\u00e9 t\u011bleso s v\u00fdjime\u010dn\u00fdm vzhledem je vyrobeno z pochromovan\u00fdch&nbsp;ocelov\u00fdch trubek. Radi\u00e1tor lze zav\u011bsit oboustrann\u011b.<\/p>\n<ul>\n<li>Topn\u00e1 ty\u010d a p\u0159ipojovac\u00ed ventily nejsou sou\u010d\u00e1st\u00ed balen\u00ed<\/li>\n<li>Topnou ty\u010d lze instalovat pouze do krajn\u00ed svisl\u00e9 trubky<\/li>\n<li>Atypick\u00e1 rozte\u010d p\u0159ipojen\u00ed 100 mm<\/li>\n<\/ul><\/div>\n<\/p><\/div>\n<\/p><\/div>\n<\/p><\/div>\n<\/p><\/div>\n","protected":false},"excerpt":{"rendered":"<p>Popis produktu Sapho MAGDALENA otopn\u00e9 t\u011bleso 500&#215;1200 mm, chrom Barva: Chrom\u0160\u00ed\u0159ka: 500 mmV\u00fd\u0161ka: 1200 mmBalen\u00ed: 1 ksTvar: Tvar EDoporu\u010den\u00e1 el. topn\u00e1 ty\u010d: 400 WMo\u017enost vyt\u00e1p\u011bn\u00ed: Elektrick\u00e9 vyt\u00e1p\u011bn\u00ed;\u00dast\u0159edn\u00ed vyt\u00e1p\u011bn\u00ed;Kombinovan\u00e9 vyt\u00e1p\u011bn\u00edRozte\u010d p\u0159ipojen\u00ed: 100 mmTeplotn\u00ed sp\u00e1d: 75\/65\/20 \u00b0CRozm\u011br: 500&#215;1200 mmObjem: 3.88 lMateri\u00e1l: OcelV\u00fdkon: 408 WInstalace: Oto\u010dn\u00e9 o 180\u00b0Z\u00e1ruka: 2 roky Vysv\u011btlivky Elektrick\u00e9 vyt\u00e1p\u011bn\u00ed Pokud je otopn\u00e9 t\u011bleso vyt\u00e1p\u011bno [&hellip;]<\/p>\n","protected":false},"featured_media":19859,"comment_status":"open","ping_status":"open","template":"","meta":[],"product_brand":[],"product_cat":[90],"product_tag":[],"class_list":{"0":"post-19759","1":"product","2":"type-product","3":"status-publish","4":"has-post-thumbnail","6":"product_cat-koupelny","8":"first","9":"instock","10":"sale","11":"shipping-taxable","12":"purchasable","13":"product-type-simple"},"yoast_head":"<!-- This site is optimized with the Yoast SEO plugin v26.8 - https:\/\/yoast.com\/product\/yoast-seo-wordpress\/ -->\n<title>Top Prodej Sapho MAGDALENA otopn\u00e9 t\u011bleso 500x1200 mm, chrom -<\/title>\n<meta name=\"robots\" content=\"index, follow, max-snippet:-1, max-image-preview:large, max-video-preview:-1\" \/>\n<link rel=\"canonical\" href=\"https:\/\/www.domkraftpro.com\/index.php\/produkt\/top-prodej-sapho-magdalena-otopne-teleso-500x1200-mm-chrom-19759\/\" \/>\n<meta property=\"og:locale\" content=\"cs_CZ\" \/>\n<meta property=\"og:type\" content=\"article\" \/>\n<meta property=\"og:title\" content=\"Top Prodej Sapho MAGDALENA otopn\u00e9 t\u011bleso 500x1200 mm, chrom -\" \/>\n<meta property=\"og:description\" content=\"Popis produktu Sapho MAGDALENA otopn\u00e9 t\u011bleso 500&#215;1200 mm, chrom Barva: Chrom\u0160\u00ed\u0159ka: 500 mmV\u00fd\u0161ka: 1200 mmBalen\u00ed: 1 ksTvar: Tvar EDoporu\u010den\u00e1 el. topn\u00e1 ty\u010d: 400 WMo\u017enost vyt\u00e1p\u011bn\u00ed: Elektrick\u00e9 vyt\u00e1p\u011bn\u00ed;\u00dast\u0159edn\u00ed vyt\u00e1p\u011bn\u00ed;Kombinovan\u00e9 vyt\u00e1p\u011bn\u00edRozte\u010d p\u0159ipojen\u00ed: 100 mmTeplotn\u00ed sp\u00e1d: 75\/65\/20 \u00b0CRozm\u011br: 500&#215;1200 mmObjem: 3.88 lMateri\u00e1l: OcelV\u00fdkon: 408 WInstalace: Oto\u010dn\u00e9 o 180\u00b0Z\u00e1ruka: 2 roky Vysv\u011btlivky Elektrick\u00e9 vyt\u00e1p\u011bn\u00ed Pokud je otopn\u00e9 t\u011bleso vyt\u00e1p\u011bno [&hellip;]\" \/>\n<meta property=\"og:url\" content=\"https:\/\/www.domkraftpro.com\/index.php\/produkt\/top-prodej-sapho-magdalena-otopne-teleso-500x1200-mm-chrom-19759\/\" \/>\n<meta property=\"og:image\" content=\"https:\/\/www.domkraftpro.com\/wp-content\/uploads\/2026\/SK0007120-CZ20260425-092632-0-1777080397-sapho-magdalena-otopne-teleso-500x1200-mm-chrom-444265.webp\" \/>\n\t<meta property=\"og:image:width\" content=\"267\" \/>\n\t<meta property=\"og:image:height\" content=\"600\" \/>\n\t<meta property=\"og:image:type\" content=\"image\/webp\" \/>\n<meta name=\"twitter:card\" content=\"summary_large_image\" \/>\n<meta name=\"twitter:label1\" content=\"Odhadovan\u00e1 doba \u010dten\u00ed\" \/>\n\t<meta name=\"twitter:data1\" content=\"3 minuty\" \/>\n<script type=\"application\/ld+json\" class=\"yoast-schema-graph\">{\"@context\":\"https:\/\/schema.org\",\"@graph\":[{\"@type\":\"WebPage\",\"@id\":\"https:\/\/www.domkraftpro.com\/index.php\/produkt\/top-prodej-sapho-magdalena-otopne-teleso-500x1200-mm-chrom-19759\/\",\"url\":\"https:\/\/www.domkraftpro.com\/index.php\/produkt\/top-prodej-sapho-magdalena-otopne-teleso-500x1200-mm-chrom-19759\/\",\"name\":\"Top Prodej Sapho MAGDALENA otopn\u00e9 t\u011bleso 500x1200 mm, chrom -\",\"isPartOf\":{\"@id\":\"https:\/\/www.domkraftpro.com\/#website\"},\"primaryImageOfPage\":{\"@id\":\"https:\/\/www.domkraftpro.com\/index.php\/produkt\/top-prodej-sapho-magdalena-otopne-teleso-500x1200-mm-chrom-19759\/#primaryimage\"},\"image\":{\"@id\":\"https:\/\/www.domkraftpro.com\/index.php\/produkt\/top-prodej-sapho-magdalena-otopne-teleso-500x1200-mm-chrom-19759\/#primaryimage\"},\"thumbnailUrl\":\"https:\/\/www.domkraftpro.com\/wp-content\/uploads\/2026\/SK0007120-CZ20260425-092632-0-1777080397-sapho-magdalena-otopne-teleso-500x1200-mm-chrom-444265.webp\",\"datePublished\":\"2026-04-27T04:41:12+00:00\",\"breadcrumb\":{\"@id\":\"https:\/\/www.domkraftpro.com\/index.php\/produkt\/top-prodej-sapho-magdalena-otopne-teleso-500x1200-mm-chrom-19759\/#breadcrumb\"},\"inLanguage\":\"cs\",\"potentialAction\":[{\"@type\":\"ReadAction\",\"target\":[\"https:\/\/www.domkraftpro.com\/index.php\/produkt\/top-prodej-sapho-magdalena-otopne-teleso-500x1200-mm-chrom-19759\/\"]}]},{\"@type\":\"ImageObject\",\"inLanguage\":\"cs\",\"@id\":\"https:\/\/www.domkraftpro.com\/index.php\/produkt\/top-prodej-sapho-magdalena-otopne-teleso-500x1200-mm-chrom-19759\/#primaryimage\",\"url\":\"https:\/\/www.domkraftpro.com\/wp-content\/uploads\/2026\/SK0007120-CZ20260425-092632-0-1777080397-sapho-magdalena-otopne-teleso-500x1200-mm-chrom-444265.webp\",\"contentUrl\":\"https:\/\/www.domkraftpro.com\/wp-content\/uploads\/2026\/SK0007120-CZ20260425-092632-0-1777080397-sapho-magdalena-otopne-teleso-500x1200-mm-chrom-444265.webp\",\"width\":267,\"height\":600},{\"@type\":\"BreadcrumbList\",\"@id\":\"https:\/\/www.domkraftpro.com\/index.php\/produkt\/top-prodej-sapho-magdalena-otopne-teleso-500x1200-mm-chrom-19759\/#breadcrumb\",\"itemListElement\":[{\"@type\":\"ListItem\",\"position\":1,\"name\":\"Home\",\"item\":\"https:\/\/www.domkraftpro.com\/\"},{\"@type\":\"ListItem\",\"position\":2,\"name\":\"Products\",\"item\":\"https:\/\/www.domkraftpro.com\/index.php\/products\/\"},{\"@type\":\"ListItem\",\"position\":3,\"name\":\"Top Prodej Sapho MAGDALENA otopn\u00e9 t\u011bleso 500&#215;1200 mm, chrom\"}]},{\"@type\":\"WebSite\",\"@id\":\"https:\/\/www.domkraftpro.com\/#website\",\"url\":\"https:\/\/www.domkraftpro.com\/\",\"name\":\"\",\"description\":\"\",\"potentialAction\":[{\"@type\":\"SearchAction\",\"target\":{\"@type\":\"EntryPoint\",\"urlTemplate\":\"https:\/\/www.domkraftpro.com\/?s={search_term_string}\"},\"query-input\":{\"@type\":\"PropertyValueSpecification\",\"valueRequired\":true,\"valueName\":\"search_term_string\"}}],\"inLanguage\":\"cs\"}]}<\/script>\n<!-- \/ Yoast SEO plugin. -->","yoast_head_json":{"title":"Top Prodej Sapho MAGDALENA otopn\u00e9 t\u011bleso 500x1200 mm, chrom -","robots":{"index":"index","follow":"follow","max-snippet":"max-snippet:-1","max-image-preview":"max-image-preview:large","max-video-preview":"max-video-preview:-1"},"canonical":"https:\/\/www.domkraftpro.com\/index.php\/produkt\/top-prodej-sapho-magdalena-otopne-teleso-500x1200-mm-chrom-19759\/","og_locale":"cs_CZ","og_type":"article","og_title":"Top Prodej Sapho MAGDALENA otopn\u00e9 t\u011bleso 500x1200 mm, chrom -","og_description":"Popis produktu Sapho MAGDALENA otopn\u00e9 t\u011bleso 500&#215;1200 mm, chrom Barva: Chrom\u0160\u00ed\u0159ka: 500 mmV\u00fd\u0161ka: 1200 mmBalen\u00ed: 1 ksTvar: Tvar EDoporu\u010den\u00e1 el. topn\u00e1 ty\u010d: 400 WMo\u017enost vyt\u00e1p\u011bn\u00ed: Elektrick\u00e9 vyt\u00e1p\u011bn\u00ed;\u00dast\u0159edn\u00ed vyt\u00e1p\u011bn\u00ed;Kombinovan\u00e9 vyt\u00e1p\u011bn\u00edRozte\u010d p\u0159ipojen\u00ed: 100 mmTeplotn\u00ed sp\u00e1d: 75\/65\/20 \u00b0CRozm\u011br: 500&#215;1200 mmObjem: 3.88 lMateri\u00e1l: OcelV\u00fdkon: 408 WInstalace: Oto\u010dn\u00e9 o 180\u00b0Z\u00e1ruka: 2 roky Vysv\u011btlivky Elektrick\u00e9 vyt\u00e1p\u011bn\u00ed Pokud je otopn\u00e9 t\u011bleso vyt\u00e1p\u011bno [&hellip;]","og_url":"https:\/\/www.domkraftpro.com\/index.php\/produkt\/top-prodej-sapho-magdalena-otopne-teleso-500x1200-mm-chrom-19759\/","og_image":[{"width":267,"height":600,"url":"https:\/\/www.domkraftpro.com\/wp-content\/uploads\/2026\/SK0007120-CZ20260425-092632-0-1777080397-sapho-magdalena-otopne-teleso-500x1200-mm-chrom-444265.webp","type":"image\/webp"}],"twitter_card":"summary_large_image","twitter_misc":{"Odhadovan\u00e1 doba \u010dten\u00ed":"3 minuty"},"schema":{"@context":"https:\/\/schema.org","@graph":[{"@type":"WebPage","@id":"https:\/\/www.domkraftpro.com\/index.php\/produkt\/top-prodej-sapho-magdalena-otopne-teleso-500x1200-mm-chrom-19759\/","url":"https:\/\/www.domkraftpro.com\/index.php\/produkt\/top-prodej-sapho-magdalena-otopne-teleso-500x1200-mm-chrom-19759\/","name":"Top Prodej Sapho MAGDALENA otopn\u00e9 t\u011bleso 500x1200 mm, chrom -","isPartOf":{"@id":"https:\/\/www.domkraftpro.com\/#website"},"primaryImageOfPage":{"@id":"https:\/\/www.domkraftpro.com\/index.php\/produkt\/top-prodej-sapho-magdalena-otopne-teleso-500x1200-mm-chrom-19759\/#primaryimage"},"image":{"@id":"https:\/\/www.domkraftpro.com\/index.php\/produkt\/top-prodej-sapho-magdalena-otopne-teleso-500x1200-mm-chrom-19759\/#primaryimage"},"thumbnailUrl":"https:\/\/www.domkraftpro.com\/wp-content\/uploads\/2026\/SK0007120-CZ20260425-092632-0-1777080397-sapho-magdalena-otopne-teleso-500x1200-mm-chrom-444265.webp","datePublished":"2026-04-27T04:41:12+00:00","breadcrumb":{"@id":"https:\/\/www.domkraftpro.com\/index.php\/produkt\/top-prodej-sapho-magdalena-otopne-teleso-500x1200-mm-chrom-19759\/#breadcrumb"},"inLanguage":"cs","potentialAction":[{"@type":"ReadAction","target":["https:\/\/www.domkraftpro.com\/index.php\/produkt\/top-prodej-sapho-magdalena-otopne-teleso-500x1200-mm-chrom-19759\/"]}]},{"@type":"ImageObject","inLanguage":"cs","@id":"https:\/\/www.domkraftpro.com\/index.php\/produkt\/top-prodej-sapho-magdalena-otopne-teleso-500x1200-mm-chrom-19759\/#primaryimage","url":"https:\/\/www.domkraftpro.com\/wp-content\/uploads\/2026\/SK0007120-CZ20260425-092632-0-1777080397-sapho-magdalena-otopne-teleso-500x1200-mm-chrom-444265.webp","contentUrl":"https:\/\/www.domkraftpro.com\/wp-content\/uploads\/2026\/SK0007120-CZ20260425-092632-0-1777080397-sapho-magdalena-otopne-teleso-500x1200-mm-chrom-444265.webp","width":267,"height":600},{"@type":"BreadcrumbList","@id":"https:\/\/www.domkraftpro.com\/index.php\/produkt\/top-prodej-sapho-magdalena-otopne-teleso-500x1200-mm-chrom-19759\/#breadcrumb","itemListElement":[{"@type":"ListItem","position":1,"name":"Home","item":"https:\/\/www.domkraftpro.com\/"},{"@type":"ListItem","position":2,"name":"Products","item":"https:\/\/www.domkraftpro.com\/index.php\/products\/"},{"@type":"ListItem","position":3,"name":"Top Prodej Sapho MAGDALENA otopn\u00e9 t\u011bleso 500&#215;1200 mm, chrom"}]},{"@type":"WebSite","@id":"https:\/\/www.domkraftpro.com\/#website","url":"https:\/\/www.domkraftpro.com\/","name":"","description":"","potentialAction":[{"@type":"SearchAction","target":{"@type":"EntryPoint","urlTemplate":"https:\/\/www.domkraftpro.com\/?s={search_term_string}"},"query-input":{"@type":"PropertyValueSpecification","valueRequired":true,"valueName":"search_term_string"}}],"inLanguage":"cs"}]}},"_links":{"self":[{"href":"https:\/\/www.domkraftpro.com\/index.php\/wp-json\/wp\/v2\/product\/19759","targetHints":{"allow":["GET"]}}],"collection":[{"href":"https:\/\/www.domkraftpro.com\/index.php\/wp-json\/wp\/v2\/product"}],"about":[{"href":"https:\/\/www.domkraftpro.com\/index.php\/wp-json\/wp\/v2\/types\/product"}],"replies":[{"embeddable":true,"href":"https:\/\/www.domkraftpro.com\/index.php\/wp-json\/wp\/v2\/comments?post=19759"}],"wp:featuredmedia":[{"embeddable":true,"href":"https:\/\/www.domkraftpro.com\/index.php\/wp-json\/wp\/v2\/media\/19859"}],"wp:attachment":[{"href":"https:\/\/www.domkraftpro.com\/index.php\/wp-json\/wp\/v2\/media?parent=19759"}],"wp:term":[{"taxonomy":"product_brand","embeddable":true,"href":"https:\/\/www.domkraftpro.com\/index.php\/wp-json\/wp\/v2\/product_brand?post=19759"},{"taxonomy":"product_cat","embeddable":true,"href":"https:\/\/www.domkraftpro.com\/index.php\/wp-json\/wp\/v2\/product_cat?post=19759"},{"taxonomy":"product_tag","embeddable":true,"href":"https:\/\/www.domkraftpro.com\/index.php\/wp-json\/wp\/v2\/product_tag?post=19759"}],"curies":[{"name":"wp","href":"https:\/\/api.w.org\/{rel}","templated":true}]}}