{"id":19758,"date":"2026-04-27T04:41:12","date_gmt":"2026-04-27T04:41:12","guid":{"rendered":""},"modified":"2026-04-27T04:41:12","modified_gmt":"2026-04-27T04:41:12","slug":"odeslani-ihned-elektricka-topna-tyc-sapho-caruso-brousena-nerez-19758","status":"publish","type":"product","link":"https:\/\/www.domkraftpro.com\/index.php\/produkt\/odeslani-ihned-elektricka-topna-tyc-sapho-caruso-brousena-nerez-19758\/","title":{"rendered":"Odesl\u00e1n\u00ed Ihned Elektrick\u00e1 topn\u00e1 ty\u010d, Sapho CARUSO brou\u0161en\u00e1 nerez"},"content":{"rendered":"<div class=\"ProductDetail-content NoFixImageContainer\" id=\"productDescription\">\n<div class=\"Heading\">\n<h2 class=\"Heading-title\">Popis produktu <span class=''>Elektrick\u00e1 topn\u00e1 ty\u010d, Sapho CARUSO brou\u0161en\u00e1 nerez<\/span><\/h2>\n<\/p><\/div>\n<div class=\"ProductDetailContent\">                                                                    <\/div>\n<div class=\"ProductDetailContent\">\n<div class=\"ProductDetailContent-item\">\n<h3>Popis s\u00e9rie<\/h3>\n<p>Elektrick\u00e1 topn\u00e1 ty\u010d vhodn\u00e1 k&nbsp;otopn\u00fdm t\u011bles\u016fm Volga, Vista, Sierra,&nbsp;Silvana a dal\u0161\u00ed<\/p>\n<ul>\n<li>Funkce ON\/OFF<\/li>\n<li>Max. teplota: 70 \u00b0C<\/li>\n<li>Profil: 30&#215;30 mm<\/li>\n<li>Kabel: 1,2 m<\/li>\n<\/ul>\n<p>V p\u0159\u00edpad\u011b p\u0159ipojen\u00ed topn\u00e9 ty\u010de do otopn\u00e9ho t\u011blesa<span>&nbsp;<\/span><strong>pouze na elektrick\u00e9 vyt\u00e1p\u011bn\u00ed<\/strong><span>&nbsp;<\/span>je pot\u0159eba do druh\u00e9 stojny dokoupit z\u00e1slepku.<\/p>\n<\/p><\/div>\n<\/p><\/div>\n<\/p><\/div>\n<\/p><\/div>\n<\/p><\/div>\n","protected":false},"excerpt":{"rendered":"<p>Popis produktu Elektrick\u00e1 topn\u00e1 ty\u010d, Sapho CARUSO brou\u0161en\u00e1 nerez Popis s\u00e9rie Elektrick\u00e1 topn\u00e1 ty\u010d vhodn\u00e1 k&nbsp;otopn\u00fdm t\u011bles\u016fm Volga, Vista, Sierra,&nbsp;Silvana a dal\u0161\u00ed Funkce ON\/OFF Max. teplota: 70 \u00b0C Profil: 30&#215;30 mm Kabel: 1,2 m V p\u0159\u00edpad\u011b p\u0159ipojen\u00ed topn\u00e9 ty\u010de do otopn\u00e9ho t\u011blesa&nbsp;pouze na elektrick\u00e9 vyt\u00e1p\u011bn\u00ed&nbsp;je pot\u0159eba do druh\u00e9 stojny dokoupit z\u00e1slepku.<\/p>\n","protected":false},"featured_media":19858,"comment_status":"open","ping_status":"open","template":"","meta":[],"product_brand":[],"product_cat":[91],"product_tag":[],"class_list":{"0":"post-19758","1":"product","2":"type-product","3":"status-publish","4":"has-post-thumbnail","6":"product_cat-topeni","8":"first","9":"instock","10":"sale","11":"shipping-taxable","12":"purchasable","13":"product-type-simple"},"yoast_head":"<!-- This site is optimized with the Yoast SEO plugin v26.8 - https:\/\/yoast.com\/product\/yoast-seo-wordpress\/ -->\n<title>Odesl\u00e1n\u00ed Ihned Elektrick\u00e1 topn\u00e1 ty\u010d, Sapho CARUSO brou\u0161en\u00e1 nerez -<\/title>\n<meta name=\"robots\" content=\"index, follow, max-snippet:-1, max-image-preview:large, max-video-preview:-1\" \/>\n<link rel=\"canonical\" href=\"https:\/\/www.domkraftpro.com\/index.php\/produkt\/odeslani-ihned-elektricka-topna-tyc-sapho-caruso-brousena-nerez-19758\/\" \/>\n<meta property=\"og:locale\" content=\"cs_CZ\" \/>\n<meta property=\"og:type\" content=\"article\" \/>\n<meta property=\"og:title\" content=\"Odesl\u00e1n\u00ed Ihned Elektrick\u00e1 topn\u00e1 ty\u010d, Sapho CARUSO brou\u0161en\u00e1 nerez -\" \/>\n<meta property=\"og:description\" content=\"Popis produktu Elektrick\u00e1 topn\u00e1 ty\u010d, Sapho CARUSO brou\u0161en\u00e1 nerez Popis s\u00e9rie Elektrick\u00e1 topn\u00e1 ty\u010d vhodn\u00e1 k&nbsp;otopn\u00fdm t\u011bles\u016fm Volga, Vista, Sierra,&nbsp;Silvana a dal\u0161\u00ed Funkce ON\/OFF Max. teplota: 70 \u00b0C Profil: 30&#215;30 mm Kabel: 1,2 m V p\u0159\u00edpad\u011b p\u0159ipojen\u00ed topn\u00e9 ty\u010de do otopn\u00e9ho t\u011blesa&nbsp;pouze na elektrick\u00e9 vyt\u00e1p\u011bn\u00ed&nbsp;je pot\u0159eba do druh\u00e9 stojny dokoupit z\u00e1slepku.\" \/>\n<meta property=\"og:url\" content=\"https:\/\/www.domkraftpro.com\/index.php\/produkt\/odeslani-ihned-elektricka-topna-tyc-sapho-caruso-brousena-nerez-19758\/\" \/>\n<meta property=\"og:image\" content=\"https:\/\/www.domkraftpro.com\/wp-content\/uploads\/2026\/SK0007118-CZ20260425-092632-0-1777080397-elektricka-topna-tyc-sapho-caruso-brousena-nerez-444246.webp\" \/>\n\t<meta property=\"og:image:width\" content=\"600\" \/>\n\t<meta property=\"og:image:height\" content=\"358\" \/>\n\t<meta property=\"og:image:type\" content=\"image\/webp\" \/>\n<meta name=\"twitter:card\" content=\"summary_large_image\" \/>\n<script type=\"application\/ld+json\" class=\"yoast-schema-graph\">{\"@context\":\"https:\/\/schema.org\",\"@graph\":[{\"@type\":\"WebPage\",\"@id\":\"https:\/\/www.domkraftpro.com\/index.php\/produkt\/odeslani-ihned-elektricka-topna-tyc-sapho-caruso-brousena-nerez-19758\/\",\"url\":\"https:\/\/www.domkraftpro.com\/index.php\/produkt\/odeslani-ihned-elektricka-topna-tyc-sapho-caruso-brousena-nerez-19758\/\",\"name\":\"Odesl\u00e1n\u00ed Ihned Elektrick\u00e1 topn\u00e1 ty\u010d, Sapho CARUSO brou\u0161en\u00e1 nerez -\",\"isPartOf\":{\"@id\":\"https:\/\/www.domkraftpro.com\/#website\"},\"primaryImageOfPage\":{\"@id\":\"https:\/\/www.domkraftpro.com\/index.php\/produkt\/odeslani-ihned-elektricka-topna-tyc-sapho-caruso-brousena-nerez-19758\/#primaryimage\"},\"image\":{\"@id\":\"https:\/\/www.domkraftpro.com\/index.php\/produkt\/odeslani-ihned-elektricka-topna-tyc-sapho-caruso-brousena-nerez-19758\/#primaryimage\"},\"thumbnailUrl\":\"https:\/\/www.domkraftpro.com\/wp-content\/uploads\/2026\/SK0007118-CZ20260425-092632-0-1777080397-elektricka-topna-tyc-sapho-caruso-brousena-nerez-444246.webp\",\"datePublished\":\"2026-04-27T04:41:12+00:00\",\"breadcrumb\":{\"@id\":\"https:\/\/www.domkraftpro.com\/index.php\/produkt\/odeslani-ihned-elektricka-topna-tyc-sapho-caruso-brousena-nerez-19758\/#breadcrumb\"},\"inLanguage\":\"cs\",\"potentialAction\":[{\"@type\":\"ReadAction\",\"target\":[\"https:\/\/www.domkraftpro.com\/index.php\/produkt\/odeslani-ihned-elektricka-topna-tyc-sapho-caruso-brousena-nerez-19758\/\"]}]},{\"@type\":\"ImageObject\",\"inLanguage\":\"cs\",\"@id\":\"https:\/\/www.domkraftpro.com\/index.php\/produkt\/odeslani-ihned-elektricka-topna-tyc-sapho-caruso-brousena-nerez-19758\/#primaryimage\",\"url\":\"https:\/\/www.domkraftpro.com\/wp-content\/uploads\/2026\/SK0007118-CZ20260425-092632-0-1777080397-elektricka-topna-tyc-sapho-caruso-brousena-nerez-444246.webp\",\"contentUrl\":\"https:\/\/www.domkraftpro.com\/wp-content\/uploads\/2026\/SK0007118-CZ20260425-092632-0-1777080397-elektricka-topna-tyc-sapho-caruso-brousena-nerez-444246.webp\",\"width\":600,\"height\":358},{\"@type\":\"BreadcrumbList\",\"@id\":\"https:\/\/www.domkraftpro.com\/index.php\/produkt\/odeslani-ihned-elektricka-topna-tyc-sapho-caruso-brousena-nerez-19758\/#breadcrumb\",\"itemListElement\":[{\"@type\":\"ListItem\",\"position\":1,\"name\":\"Home\",\"item\":\"https:\/\/www.domkraftpro.com\/\"},{\"@type\":\"ListItem\",\"position\":2,\"name\":\"Products\",\"item\":\"https:\/\/www.domkraftpro.com\/index.php\/products\/\"},{\"@type\":\"ListItem\",\"position\":3,\"name\":\"Odesl\u00e1n\u00ed Ihned Elektrick\u00e1 topn\u00e1 ty\u010d, Sapho CARUSO brou\u0161en\u00e1 nerez\"}]},{\"@type\":\"WebSite\",\"@id\":\"https:\/\/www.domkraftpro.com\/#website\",\"url\":\"https:\/\/www.domkraftpro.com\/\",\"name\":\"\",\"description\":\"\",\"potentialAction\":[{\"@type\":\"SearchAction\",\"target\":{\"@type\":\"EntryPoint\",\"urlTemplate\":\"https:\/\/www.domkraftpro.com\/?s={search_term_string}\"},\"query-input\":{\"@type\":\"PropertyValueSpecification\",\"valueRequired\":true,\"valueName\":\"search_term_string\"}}],\"inLanguage\":\"cs\"}]}<\/script>\n<!-- \/ Yoast SEO plugin. -->","yoast_head_json":{"title":"Odesl\u00e1n\u00ed Ihned Elektrick\u00e1 topn\u00e1 ty\u010d, Sapho CARUSO brou\u0161en\u00e1 nerez -","robots":{"index":"index","follow":"follow","max-snippet":"max-snippet:-1","max-image-preview":"max-image-preview:large","max-video-preview":"max-video-preview:-1"},"canonical":"https:\/\/www.domkraftpro.com\/index.php\/produkt\/odeslani-ihned-elektricka-topna-tyc-sapho-caruso-brousena-nerez-19758\/","og_locale":"cs_CZ","og_type":"article","og_title":"Odesl\u00e1n\u00ed Ihned Elektrick\u00e1 topn\u00e1 ty\u010d, Sapho CARUSO brou\u0161en\u00e1 nerez -","og_description":"Popis produktu Elektrick\u00e1 topn\u00e1 ty\u010d, Sapho CARUSO brou\u0161en\u00e1 nerez Popis s\u00e9rie Elektrick\u00e1 topn\u00e1 ty\u010d vhodn\u00e1 k&nbsp;otopn\u00fdm t\u011bles\u016fm Volga, Vista, Sierra,&nbsp;Silvana a dal\u0161\u00ed Funkce ON\/OFF Max. teplota: 70 \u00b0C Profil: 30&#215;30 mm Kabel: 1,2 m V p\u0159\u00edpad\u011b p\u0159ipojen\u00ed topn\u00e9 ty\u010de do otopn\u00e9ho t\u011blesa&nbsp;pouze na elektrick\u00e9 vyt\u00e1p\u011bn\u00ed&nbsp;je pot\u0159eba do druh\u00e9 stojny dokoupit z\u00e1slepku.","og_url":"https:\/\/www.domkraftpro.com\/index.php\/produkt\/odeslani-ihned-elektricka-topna-tyc-sapho-caruso-brousena-nerez-19758\/","og_image":[{"width":600,"height":358,"url":"https:\/\/www.domkraftpro.com\/wp-content\/uploads\/2026\/SK0007118-CZ20260425-092632-0-1777080397-elektricka-topna-tyc-sapho-caruso-brousena-nerez-444246.webp","type":"image\/webp"}],"twitter_card":"summary_large_image","schema":{"@context":"https:\/\/schema.org","@graph":[{"@type":"WebPage","@id":"https:\/\/www.domkraftpro.com\/index.php\/produkt\/odeslani-ihned-elektricka-topna-tyc-sapho-caruso-brousena-nerez-19758\/","url":"https:\/\/www.domkraftpro.com\/index.php\/produkt\/odeslani-ihned-elektricka-topna-tyc-sapho-caruso-brousena-nerez-19758\/","name":"Odesl\u00e1n\u00ed Ihned Elektrick\u00e1 topn\u00e1 ty\u010d, Sapho CARUSO brou\u0161en\u00e1 nerez -","isPartOf":{"@id":"https:\/\/www.domkraftpro.com\/#website"},"primaryImageOfPage":{"@id":"https:\/\/www.domkraftpro.com\/index.php\/produkt\/odeslani-ihned-elektricka-topna-tyc-sapho-caruso-brousena-nerez-19758\/#primaryimage"},"image":{"@id":"https:\/\/www.domkraftpro.com\/index.php\/produkt\/odeslani-ihned-elektricka-topna-tyc-sapho-caruso-brousena-nerez-19758\/#primaryimage"},"thumbnailUrl":"https:\/\/www.domkraftpro.com\/wp-content\/uploads\/2026\/SK0007118-CZ20260425-092632-0-1777080397-elektricka-topna-tyc-sapho-caruso-brousena-nerez-444246.webp","datePublished":"2026-04-27T04:41:12+00:00","breadcrumb":{"@id":"https:\/\/www.domkraftpro.com\/index.php\/produkt\/odeslani-ihned-elektricka-topna-tyc-sapho-caruso-brousena-nerez-19758\/#breadcrumb"},"inLanguage":"cs","potentialAction":[{"@type":"ReadAction","target":["https:\/\/www.domkraftpro.com\/index.php\/produkt\/odeslani-ihned-elektricka-topna-tyc-sapho-caruso-brousena-nerez-19758\/"]}]},{"@type":"ImageObject","inLanguage":"cs","@id":"https:\/\/www.domkraftpro.com\/index.php\/produkt\/odeslani-ihned-elektricka-topna-tyc-sapho-caruso-brousena-nerez-19758\/#primaryimage","url":"https:\/\/www.domkraftpro.com\/wp-content\/uploads\/2026\/SK0007118-CZ20260425-092632-0-1777080397-elektricka-topna-tyc-sapho-caruso-brousena-nerez-444246.webp","contentUrl":"https:\/\/www.domkraftpro.com\/wp-content\/uploads\/2026\/SK0007118-CZ20260425-092632-0-1777080397-elektricka-topna-tyc-sapho-caruso-brousena-nerez-444246.webp","width":600,"height":358},{"@type":"BreadcrumbList","@id":"https:\/\/www.domkraftpro.com\/index.php\/produkt\/odeslani-ihned-elektricka-topna-tyc-sapho-caruso-brousena-nerez-19758\/#breadcrumb","itemListElement":[{"@type":"ListItem","position":1,"name":"Home","item":"https:\/\/www.domkraftpro.com\/"},{"@type":"ListItem","position":2,"name":"Products","item":"https:\/\/www.domkraftpro.com\/index.php\/products\/"},{"@type":"ListItem","position":3,"name":"Odesl\u00e1n\u00ed Ihned Elektrick\u00e1 topn\u00e1 ty\u010d, Sapho CARUSO brou\u0161en\u00e1 nerez"}]},{"@type":"WebSite","@id":"https:\/\/www.domkraftpro.com\/#website","url":"https:\/\/www.domkraftpro.com\/","name":"","description":"","potentialAction":[{"@type":"SearchAction","target":{"@type":"EntryPoint","urlTemplate":"https:\/\/www.domkraftpro.com\/?s={search_term_string}"},"query-input":{"@type":"PropertyValueSpecification","valueRequired":true,"valueName":"search_term_string"}}],"inLanguage":"cs"}]}},"_links":{"self":[{"href":"https:\/\/www.domkraftpro.com\/index.php\/wp-json\/wp\/v2\/product\/19758","targetHints":{"allow":["GET"]}}],"collection":[{"href":"https:\/\/www.domkraftpro.com\/index.php\/wp-json\/wp\/v2\/product"}],"about":[{"href":"https:\/\/www.domkraftpro.com\/index.php\/wp-json\/wp\/v2\/types\/product"}],"replies":[{"embeddable":true,"href":"https:\/\/www.domkraftpro.com\/index.php\/wp-json\/wp\/v2\/comments?post=19758"}],"wp:featuredmedia":[{"embeddable":true,"href":"https:\/\/www.domkraftpro.com\/index.php\/wp-json\/wp\/v2\/media\/19858"}],"wp:attachment":[{"href":"https:\/\/www.domkraftpro.com\/index.php\/wp-json\/wp\/v2\/media?parent=19758"}],"wp:term":[{"taxonomy":"product_brand","embeddable":true,"href":"https:\/\/www.domkraftpro.com\/index.php\/wp-json\/wp\/v2\/product_brand?post=19758"},{"taxonomy":"product_cat","embeddable":true,"href":"https:\/\/www.domkraftpro.com\/index.php\/wp-json\/wp\/v2\/product_cat?post=19758"},{"taxonomy":"product_tag","embeddable":true,"href":"https:\/\/www.domkraftpro.com\/index.php\/wp-json\/wp\/v2\/product_tag?post=19758"}],"curies":[{"name":"wp","href":"https:\/\/api.w.org\/{rel}","templated":true}]}}