{"id":19757,"date":"2026-04-27T04:41:12","date_gmt":"2026-04-27T04:41:12","guid":{"rendered":""},"modified":"2026-04-27T04:41:12","modified_gmt":"2026-04-27T04:41:12","slug":"nejprodavanejsi-sapho-antik-nohy-k-umyvadlu-2-ks-19757","status":"publish","type":"product","link":"https:\/\/www.domkraftpro.com\/index.php\/produkt\/nejprodavanejsi-sapho-antik-nohy-k-umyvadlu-2-ks-19757\/","title":{"rendered":"Nejprod\u00e1van\u011bj\u0161\u00ed Sapho ANTIK nohy k umyvadlu (2 ks)"},"content":{"rendered":"<div class=\"ProductDetail-content NoFixImageContainer\" id=\"productDescription\">\n<div class=\"Heading\">\n<h2 class=\"Heading-title\">Popis produktu <span class=''>Sapho ANTIK nohy k umyvadlu (2 ks)<\/span><\/h2>\n<\/p><\/div>\n<div class=\"ProductDetailContent\">                                                                    <\/div>\n<div class=\"ProductDetailContent\">\n<div class=\"ProductDetailContent-item\">                                            Barva: B\u00edl\u00e1<br \/>Balen\u00ed: 1 ks<br \/>Materi\u00e1l: Keramika<br \/>Z\u00e1ruka: 2 roky                                        <\/div>\n<div class=\"ProductDetailContent-item\">\n<p>Nohy k umyvadl\u016fm ANTIK AN080 a AN100.<\/p>\n<\/p><\/div>\n<div class=\"ProductDetailContent-item\">\n<h3>Popis s\u00e9rie<\/h3>\n<p style=\"text-align: justify;\">S\u00e9rie sanit\u00e1rn\u00ed keramiky ANTIK v retro stylu zaujme elegantn\u00edmi liniemi. Obsahuje praktick\u00e1 umyvadla s odkladn\u00fdmi plochami pro pou\u017eit\u00ed jako n\u00e1st\u011bnn\u00e1 nebo dopln\u011bn\u00e1 podp\u011brn\u00fdmi nohami,&nbsp;z\u00e1v\u011bsn\u00e9 WC, bidet a WC kombi.<br \/>K retro umyvadl\u016fm a bidetu doporu\u010dujeme vodovodn\u00ed baterie ze s\u00e9rie Antea.<\/p>\n<\/p><\/div>\n<\/p><\/div>\n<\/p><\/div>\n<\/p><\/div>\n<\/p><\/div>\n","protected":false},"excerpt":{"rendered":"<p>Popis produktu Sapho ANTIK nohy k umyvadlu (2 ks) Barva: B\u00edl\u00e1Balen\u00ed: 1 ksMateri\u00e1l: KeramikaZ\u00e1ruka: 2 roky Nohy k umyvadl\u016fm ANTIK AN080 a AN100. Popis s\u00e9rie S\u00e9rie sanit\u00e1rn\u00ed keramiky ANTIK v retro stylu zaujme elegantn\u00edmi liniemi. Obsahuje praktick\u00e1 umyvadla s odkladn\u00fdmi plochami pro pou\u017eit\u00ed jako n\u00e1st\u011bnn\u00e1 nebo dopln\u011bn\u00e1 podp\u011brn\u00fdmi nohami,&nbsp;z\u00e1v\u011bsn\u00e9 WC, bidet a WC kombi.K retro [&hellip;]<\/p>\n","protected":false},"featured_media":19857,"comment_status":"open","ping_status":"open","template":"","meta":[],"product_brand":[],"product_cat":[90],"product_tag":[],"class_list":{"0":"post-19757","1":"product","2":"type-product","3":"status-publish","4":"has-post-thumbnail","6":"product_cat-koupelny","8":"first","9":"instock","10":"sale","11":"shipping-taxable","12":"purchasable","13":"product-type-simple"},"yoast_head":"<!-- This site is optimized with the Yoast SEO plugin v26.8 - https:\/\/yoast.com\/product\/yoast-seo-wordpress\/ -->\n<title>Nejprod\u00e1van\u011bj\u0161\u00ed Sapho ANTIK nohy k umyvadlu (2 ks) -<\/title>\n<meta name=\"robots\" content=\"index, follow, max-snippet:-1, max-image-preview:large, max-video-preview:-1\" \/>\n<link rel=\"canonical\" href=\"https:\/\/www.domkraftpro.com\/index.php\/produkt\/nejprodavanejsi-sapho-antik-nohy-k-umyvadlu-2-ks-19757\/\" \/>\n<meta property=\"og:locale\" content=\"cs_CZ\" \/>\n<meta property=\"og:type\" content=\"article\" \/>\n<meta property=\"og:title\" content=\"Nejprod\u00e1van\u011bj\u0161\u00ed Sapho ANTIK nohy k umyvadlu (2 ks) -\" \/>\n<meta property=\"og:description\" content=\"Popis produktu Sapho ANTIK nohy k umyvadlu (2 ks) Barva: B\u00edl\u00e1Balen\u00ed: 1 ksMateri\u00e1l: KeramikaZ\u00e1ruka: 2 roky Nohy k umyvadl\u016fm ANTIK AN080 a AN100. Popis s\u00e9rie S\u00e9rie sanit\u00e1rn\u00ed keramiky ANTIK v retro stylu zaujme elegantn\u00edmi liniemi. Obsahuje praktick\u00e1 umyvadla s odkladn\u00fdmi plochami pro pou\u017eit\u00ed jako n\u00e1st\u011bnn\u00e1 nebo dopln\u011bn\u00e1 podp\u011brn\u00fdmi nohami,&nbsp;z\u00e1v\u011bsn\u00e9 WC, bidet a WC kombi.K retro [&hellip;]\" \/>\n<meta property=\"og:url\" content=\"https:\/\/www.domkraftpro.com\/index.php\/produkt\/nejprodavanejsi-sapho-antik-nohy-k-umyvadlu-2-ks-19757\/\" \/>\n<meta property=\"og:image\" content=\"https:\/\/www.domkraftpro.com\/wp-content\/uploads\/2026\/SK0007117-CZ20260425-092632-0-1777080397-sapho-antik-nohy-k-umyvadlu-2-ks-444172.webp\" \/>\n\t<meta property=\"og:image:width\" content=\"293\" \/>\n\t<meta property=\"og:image:height\" content=\"600\" \/>\n\t<meta property=\"og:image:type\" content=\"image\/webp\" \/>\n<meta name=\"twitter:card\" content=\"summary_large_image\" \/>\n<script type=\"application\/ld+json\" class=\"yoast-schema-graph\">{\"@context\":\"https:\/\/schema.org\",\"@graph\":[{\"@type\":\"WebPage\",\"@id\":\"https:\/\/www.domkraftpro.com\/index.php\/produkt\/nejprodavanejsi-sapho-antik-nohy-k-umyvadlu-2-ks-19757\/\",\"url\":\"https:\/\/www.domkraftpro.com\/index.php\/produkt\/nejprodavanejsi-sapho-antik-nohy-k-umyvadlu-2-ks-19757\/\",\"name\":\"Nejprod\u00e1van\u011bj\u0161\u00ed Sapho ANTIK nohy k umyvadlu (2 ks) -\",\"isPartOf\":{\"@id\":\"https:\/\/www.domkraftpro.com\/#website\"},\"primaryImageOfPage\":{\"@id\":\"https:\/\/www.domkraftpro.com\/index.php\/produkt\/nejprodavanejsi-sapho-antik-nohy-k-umyvadlu-2-ks-19757\/#primaryimage\"},\"image\":{\"@id\":\"https:\/\/www.domkraftpro.com\/index.php\/produkt\/nejprodavanejsi-sapho-antik-nohy-k-umyvadlu-2-ks-19757\/#primaryimage\"},\"thumbnailUrl\":\"https:\/\/www.domkraftpro.com\/wp-content\/uploads\/2026\/SK0007117-CZ20260425-092632-0-1777080397-sapho-antik-nohy-k-umyvadlu-2-ks-444172.webp\",\"datePublished\":\"2026-04-27T04:41:12+00:00\",\"breadcrumb\":{\"@id\":\"https:\/\/www.domkraftpro.com\/index.php\/produkt\/nejprodavanejsi-sapho-antik-nohy-k-umyvadlu-2-ks-19757\/#breadcrumb\"},\"inLanguage\":\"cs\",\"potentialAction\":[{\"@type\":\"ReadAction\",\"target\":[\"https:\/\/www.domkraftpro.com\/index.php\/produkt\/nejprodavanejsi-sapho-antik-nohy-k-umyvadlu-2-ks-19757\/\"]}]},{\"@type\":\"ImageObject\",\"inLanguage\":\"cs\",\"@id\":\"https:\/\/www.domkraftpro.com\/index.php\/produkt\/nejprodavanejsi-sapho-antik-nohy-k-umyvadlu-2-ks-19757\/#primaryimage\",\"url\":\"https:\/\/www.domkraftpro.com\/wp-content\/uploads\/2026\/SK0007117-CZ20260425-092632-0-1777080397-sapho-antik-nohy-k-umyvadlu-2-ks-444172.webp\",\"contentUrl\":\"https:\/\/www.domkraftpro.com\/wp-content\/uploads\/2026\/SK0007117-CZ20260425-092632-0-1777080397-sapho-antik-nohy-k-umyvadlu-2-ks-444172.webp\",\"width\":293,\"height\":600},{\"@type\":\"BreadcrumbList\",\"@id\":\"https:\/\/www.domkraftpro.com\/index.php\/produkt\/nejprodavanejsi-sapho-antik-nohy-k-umyvadlu-2-ks-19757\/#breadcrumb\",\"itemListElement\":[{\"@type\":\"ListItem\",\"position\":1,\"name\":\"Home\",\"item\":\"https:\/\/www.domkraftpro.com\/\"},{\"@type\":\"ListItem\",\"position\":2,\"name\":\"Products\",\"item\":\"https:\/\/www.domkraftpro.com\/index.php\/products\/\"},{\"@type\":\"ListItem\",\"position\":3,\"name\":\"Nejprod\u00e1van\u011bj\u0161\u00ed Sapho ANTIK nohy k umyvadlu (2 ks)\"}]},{\"@type\":\"WebSite\",\"@id\":\"https:\/\/www.domkraftpro.com\/#website\",\"url\":\"https:\/\/www.domkraftpro.com\/\",\"name\":\"\",\"description\":\"\",\"potentialAction\":[{\"@type\":\"SearchAction\",\"target\":{\"@type\":\"EntryPoint\",\"urlTemplate\":\"https:\/\/www.domkraftpro.com\/?s={search_term_string}\"},\"query-input\":{\"@type\":\"PropertyValueSpecification\",\"valueRequired\":true,\"valueName\":\"search_term_string\"}}],\"inLanguage\":\"cs\"}]}<\/script>\n<!-- \/ Yoast SEO plugin. -->","yoast_head_json":{"title":"Nejprod\u00e1van\u011bj\u0161\u00ed Sapho ANTIK nohy k umyvadlu (2 ks) -","robots":{"index":"index","follow":"follow","max-snippet":"max-snippet:-1","max-image-preview":"max-image-preview:large","max-video-preview":"max-video-preview:-1"},"canonical":"https:\/\/www.domkraftpro.com\/index.php\/produkt\/nejprodavanejsi-sapho-antik-nohy-k-umyvadlu-2-ks-19757\/","og_locale":"cs_CZ","og_type":"article","og_title":"Nejprod\u00e1van\u011bj\u0161\u00ed Sapho ANTIK nohy k umyvadlu (2 ks) -","og_description":"Popis produktu Sapho ANTIK nohy k umyvadlu (2 ks) Barva: B\u00edl\u00e1Balen\u00ed: 1 ksMateri\u00e1l: KeramikaZ\u00e1ruka: 2 roky Nohy k umyvadl\u016fm ANTIK AN080 a AN100. Popis s\u00e9rie S\u00e9rie sanit\u00e1rn\u00ed keramiky ANTIK v retro stylu zaujme elegantn\u00edmi liniemi. Obsahuje praktick\u00e1 umyvadla s odkladn\u00fdmi plochami pro pou\u017eit\u00ed jako n\u00e1st\u011bnn\u00e1 nebo dopln\u011bn\u00e1 podp\u011brn\u00fdmi nohami,&nbsp;z\u00e1v\u011bsn\u00e9 WC, bidet a WC kombi.K retro [&hellip;]","og_url":"https:\/\/www.domkraftpro.com\/index.php\/produkt\/nejprodavanejsi-sapho-antik-nohy-k-umyvadlu-2-ks-19757\/","og_image":[{"width":293,"height":600,"url":"https:\/\/www.domkraftpro.com\/wp-content\/uploads\/2026\/SK0007117-CZ20260425-092632-0-1777080397-sapho-antik-nohy-k-umyvadlu-2-ks-444172.webp","type":"image\/webp"}],"twitter_card":"summary_large_image","schema":{"@context":"https:\/\/schema.org","@graph":[{"@type":"WebPage","@id":"https:\/\/www.domkraftpro.com\/index.php\/produkt\/nejprodavanejsi-sapho-antik-nohy-k-umyvadlu-2-ks-19757\/","url":"https:\/\/www.domkraftpro.com\/index.php\/produkt\/nejprodavanejsi-sapho-antik-nohy-k-umyvadlu-2-ks-19757\/","name":"Nejprod\u00e1van\u011bj\u0161\u00ed Sapho ANTIK nohy k umyvadlu (2 ks) -","isPartOf":{"@id":"https:\/\/www.domkraftpro.com\/#website"},"primaryImageOfPage":{"@id":"https:\/\/www.domkraftpro.com\/index.php\/produkt\/nejprodavanejsi-sapho-antik-nohy-k-umyvadlu-2-ks-19757\/#primaryimage"},"image":{"@id":"https:\/\/www.domkraftpro.com\/index.php\/produkt\/nejprodavanejsi-sapho-antik-nohy-k-umyvadlu-2-ks-19757\/#primaryimage"},"thumbnailUrl":"https:\/\/www.domkraftpro.com\/wp-content\/uploads\/2026\/SK0007117-CZ20260425-092632-0-1777080397-sapho-antik-nohy-k-umyvadlu-2-ks-444172.webp","datePublished":"2026-04-27T04:41:12+00:00","breadcrumb":{"@id":"https:\/\/www.domkraftpro.com\/index.php\/produkt\/nejprodavanejsi-sapho-antik-nohy-k-umyvadlu-2-ks-19757\/#breadcrumb"},"inLanguage":"cs","potentialAction":[{"@type":"ReadAction","target":["https:\/\/www.domkraftpro.com\/index.php\/produkt\/nejprodavanejsi-sapho-antik-nohy-k-umyvadlu-2-ks-19757\/"]}]},{"@type":"ImageObject","inLanguage":"cs","@id":"https:\/\/www.domkraftpro.com\/index.php\/produkt\/nejprodavanejsi-sapho-antik-nohy-k-umyvadlu-2-ks-19757\/#primaryimage","url":"https:\/\/www.domkraftpro.com\/wp-content\/uploads\/2026\/SK0007117-CZ20260425-092632-0-1777080397-sapho-antik-nohy-k-umyvadlu-2-ks-444172.webp","contentUrl":"https:\/\/www.domkraftpro.com\/wp-content\/uploads\/2026\/SK0007117-CZ20260425-092632-0-1777080397-sapho-antik-nohy-k-umyvadlu-2-ks-444172.webp","width":293,"height":600},{"@type":"BreadcrumbList","@id":"https:\/\/www.domkraftpro.com\/index.php\/produkt\/nejprodavanejsi-sapho-antik-nohy-k-umyvadlu-2-ks-19757\/#breadcrumb","itemListElement":[{"@type":"ListItem","position":1,"name":"Home","item":"https:\/\/www.domkraftpro.com\/"},{"@type":"ListItem","position":2,"name":"Products","item":"https:\/\/www.domkraftpro.com\/index.php\/products\/"},{"@type":"ListItem","position":3,"name":"Nejprod\u00e1van\u011bj\u0161\u00ed Sapho ANTIK nohy k umyvadlu (2 ks)"}]},{"@type":"WebSite","@id":"https:\/\/www.domkraftpro.com\/#website","url":"https:\/\/www.domkraftpro.com\/","name":"","description":"","potentialAction":[{"@type":"SearchAction","target":{"@type":"EntryPoint","urlTemplate":"https:\/\/www.domkraftpro.com\/?s={search_term_string}"},"query-input":{"@type":"PropertyValueSpecification","valueRequired":true,"valueName":"search_term_string"}}],"inLanguage":"cs"}]}},"_links":{"self":[{"href":"https:\/\/www.domkraftpro.com\/index.php\/wp-json\/wp\/v2\/product\/19757","targetHints":{"allow":["GET"]}}],"collection":[{"href":"https:\/\/www.domkraftpro.com\/index.php\/wp-json\/wp\/v2\/product"}],"about":[{"href":"https:\/\/www.domkraftpro.com\/index.php\/wp-json\/wp\/v2\/types\/product"}],"replies":[{"embeddable":true,"href":"https:\/\/www.domkraftpro.com\/index.php\/wp-json\/wp\/v2\/comments?post=19757"}],"wp:featuredmedia":[{"embeddable":true,"href":"https:\/\/www.domkraftpro.com\/index.php\/wp-json\/wp\/v2\/media\/19857"}],"wp:attachment":[{"href":"https:\/\/www.domkraftpro.com\/index.php\/wp-json\/wp\/v2\/media?parent=19757"}],"wp:term":[{"taxonomy":"product_brand","embeddable":true,"href":"https:\/\/www.domkraftpro.com\/index.php\/wp-json\/wp\/v2\/product_brand?post=19757"},{"taxonomy":"product_cat","embeddable":true,"href":"https:\/\/www.domkraftpro.com\/index.php\/wp-json\/wp\/v2\/product_cat?post=19757"},{"taxonomy":"product_tag","embeddable":true,"href":"https:\/\/www.domkraftpro.com\/index.php\/wp-json\/wp\/v2\/product_tag?post=19757"}],"curies":[{"name":"wp","href":"https:\/\/api.w.org\/{rel}","templated":true}]}}