{"id":19752,"date":"2026-04-27T04:41:12","date_gmt":"2026-04-27T04:41:12","guid":{"rendered":""},"modified":"2026-04-27T04:41:12","modified_gmt":"2026-04-27T04:41:12","slug":"sapho-brilla-wc-misa-zavesna-rimless-36-5x53-cm-bila-objednat-nyni-19752","status":"publish","type":"product","link":"https:\/\/www.domkraftpro.com\/index.php\/produkt\/sapho-brilla-wc-misa-zavesna-rimless-36-5x53-cm-bila-objednat-nyni-19752\/","title":{"rendered":"Sapho Brilla WC m\u00edsa z\u00e1v\u011bsn\u00e1 rimless 36,5&#215;53 cm b\u00edl\u00e1 Objednat Nyn\u00ed"},"content":{"rendered":"<div class=\"ProductDetail-content NoFixImageContainer\" id=\"productDescription\">\n<div class=\"Heading\">\n<h2 class=\"Heading-title\">Popis produktu <span class=''>Sapho Brilla WC m\u00edsa z\u00e1v\u011bsn\u00e1 rimless 36,5&#215;53 cm b\u00edl\u00e1<\/span><\/h2>\n<\/p><\/div>\n<div class=\"ProductDetailContent\">                                                                    <\/div>\n<div class=\"ProductDetailContent\">\n<div class=\"ProductDetailContent-item\">                                            Barva: B\u00edl\u00e1<br \/>\u0160\u00ed\u0159ka: 355 mm<br \/>Hloubka: 530 mm<br \/>Balen\u00ed: 1 ks<br \/>Rozm\u011br: 35,5&#215;53 cm<br \/>Materi\u00e1l: Keramika<br \/>Tvar: Klasik<br \/>V\u00fdbava: Rimless<br \/>Z\u00e1ruka: 2 roky                                        <\/div>\n<div class=\"ProductDetailContent-item\">\n<ul>\n<li>\n<div><strong>WC sed\u00e1tko je nutno objednat zvl\u00e1\u0161\u0165&nbsp;<\/strong><\/div>\n<\/li>\n<li>K z\u00e1v\u011bsn\u00e9mu WC nab\u00edz\u00edme ve stejn\u00e9m designu i bidet BRILLA, k\u00f3d&nbsp;100624<\/li>\n<\/ul>\n<\/p><\/div>\n<div class=\"ProductDetailContent-item\">\n<h3>Vysv\u011btlivky<\/h3>\n<div class=\"product-explanation-item\">\n<h3>Technologie splachov\u00e1n\u00ed Rimless<\/h3>\n<p style=\"text-align: justify;\">Rimless (NoRim) \u2013 toalety bez tradi\u010dn\u00edho oplachov\u00e9ho kruhu. Hladk\u00fd povrch bez dutin a z\u00e1hyb\u016f. Oplachov\u00e1 voda vyt\u00e9k\u00e1 rozd\u011blova\u010dem vody pouze ze zadn\u00ed \u010d\u00e1sti WC m\u00edsy a d\u00edky speci\u00e1ln\u00edmu tvaru keramiky dokonale opl\u00e1chne vnit\u0159n\u00ed prostor. V\u00fdhodou je snadn\u00e1 \u00fadr\u017eba a \u010di\u0161t\u011bn\u00ed WC m\u00edsy. Samoz\u0159ejmost\u00ed je du\u00e1ln\u00ed syst\u00e9m splachov\u00e1n\u00ed s mno\u017estv\u00edm vody 3 nebo 4,5 l.<\/p>\n<div style=\"float: left; width: 25%; text-align: center;\"><\/div>\n<div style=\"float: left; width: 25%; text-align: center;\">\n<\/div>\n<div style=\"float: left; width: 25%; text-align: center;\"><\/div>\n<div style=\"clear: both;\"><\/div>\n<\/div><\/div>\n<\/p><\/div>\n<\/p><\/div>\n<\/p><\/div>\n<\/p><\/div>\n","protected":false},"excerpt":{"rendered":"<p>Popis produktu Sapho Brilla WC m\u00edsa z\u00e1v\u011bsn\u00e1 rimless 36,5&#215;53 cm b\u00edl\u00e1 Barva: B\u00edl\u00e1\u0160\u00ed\u0159ka: 355 mmHloubka: 530 mmBalen\u00ed: 1 ksRozm\u011br: 35,5&#215;53 cmMateri\u00e1l: KeramikaTvar: KlasikV\u00fdbava: RimlessZ\u00e1ruka: 2 roky WC sed\u00e1tko je nutno objednat zvl\u00e1\u0161\u0165&nbsp; K z\u00e1v\u011bsn\u00e9mu WC nab\u00edz\u00edme ve stejn\u00e9m designu i bidet BRILLA, k\u00f3d&nbsp;100624 Vysv\u011btlivky Technologie splachov\u00e1n\u00ed Rimless Rimless (NoRim) \u2013 toalety bez tradi\u010dn\u00edho oplachov\u00e9ho kruhu. [&hellip;]<\/p>\n","protected":false},"featured_media":19852,"comment_status":"open","ping_status":"open","template":"","meta":[],"product_brand":[],"product_cat":[90],"product_tag":[],"class_list":{"0":"post-19752","1":"product","2":"type-product","3":"status-publish","4":"has-post-thumbnail","6":"product_cat-koupelny","8":"first","9":"instock","10":"sale","11":"shipping-taxable","12":"purchasable","13":"product-type-simple"},"yoast_head":"<!-- This site is optimized with the Yoast SEO plugin v26.8 - https:\/\/yoast.com\/product\/yoast-seo-wordpress\/ -->\n<title>Sapho Brilla WC m\u00edsa z\u00e1v\u011bsn\u00e1 rimless 36,5x53 cm b\u00edl\u00e1 Objednat Nyn\u00ed -<\/title>\n<meta name=\"robots\" content=\"index, follow, max-snippet:-1, max-image-preview:large, max-video-preview:-1\" \/>\n<link rel=\"canonical\" href=\"https:\/\/www.domkraftpro.com\/index.php\/produkt\/sapho-brilla-wc-misa-zavesna-rimless-36-5x53-cm-bila-objednat-nyni-19752\/\" \/>\n<meta property=\"og:locale\" content=\"cs_CZ\" \/>\n<meta property=\"og:type\" content=\"article\" \/>\n<meta property=\"og:title\" content=\"Sapho Brilla WC m\u00edsa z\u00e1v\u011bsn\u00e1 rimless 36,5x53 cm b\u00edl\u00e1 Objednat Nyn\u00ed -\" \/>\n<meta property=\"og:description\" content=\"Popis produktu Sapho Brilla WC m\u00edsa z\u00e1v\u011bsn\u00e1 rimless 36,5&#215;53 cm b\u00edl\u00e1 Barva: B\u00edl\u00e1\u0160\u00ed\u0159ka: 355 mmHloubka: 530 mmBalen\u00ed: 1 ksRozm\u011br: 35,5&#215;53 cmMateri\u00e1l: KeramikaTvar: KlasikV\u00fdbava: RimlessZ\u00e1ruka: 2 roky WC sed\u00e1tko je nutno objednat zvl\u00e1\u0161\u0165&nbsp; K z\u00e1v\u011bsn\u00e9mu WC nab\u00edz\u00edme ve stejn\u00e9m designu i bidet BRILLA, k\u00f3d&nbsp;100624 Vysv\u011btlivky Technologie splachov\u00e1n\u00ed Rimless Rimless (NoRim) \u2013 toalety bez tradi\u010dn\u00edho oplachov\u00e9ho kruhu. [&hellip;]\" \/>\n<meta property=\"og:url\" content=\"https:\/\/www.domkraftpro.com\/index.php\/produkt\/sapho-brilla-wc-misa-zavesna-rimless-36-5x53-cm-bila-objednat-nyni-19752\/\" \/>\n<meta property=\"og:image\" content=\"https:\/\/www.domkraftpro.com\/wp-content\/uploads\/2026\/SK0007112-CZ20260425-092632-0-1777080397-sapho-brilla-wc-misa-zavesna-rimless-36-5x53-cm-bila-444218.webp\" \/>\n\t<meta property=\"og:image:width\" content=\"600\" \/>\n\t<meta property=\"og:image:height\" content=\"511\" \/>\n\t<meta property=\"og:image:type\" content=\"image\/webp\" \/>\n<meta name=\"twitter:card\" content=\"summary_large_image\" \/>\n<meta name=\"twitter:label1\" content=\"Odhadovan\u00e1 doba \u010dten\u00ed\" \/>\n\t<meta name=\"twitter:data1\" content=\"1 minuta\" \/>\n<script type=\"application\/ld+json\" class=\"yoast-schema-graph\">{\"@context\":\"https:\/\/schema.org\",\"@graph\":[{\"@type\":\"WebPage\",\"@id\":\"https:\/\/www.domkraftpro.com\/index.php\/produkt\/sapho-brilla-wc-misa-zavesna-rimless-36-5x53-cm-bila-objednat-nyni-19752\/\",\"url\":\"https:\/\/www.domkraftpro.com\/index.php\/produkt\/sapho-brilla-wc-misa-zavesna-rimless-36-5x53-cm-bila-objednat-nyni-19752\/\",\"name\":\"Sapho Brilla WC m\u00edsa z\u00e1v\u011bsn\u00e1 rimless 36,5x53 cm b\u00edl\u00e1 Objednat Nyn\u00ed -\",\"isPartOf\":{\"@id\":\"https:\/\/www.domkraftpro.com\/#website\"},\"primaryImageOfPage\":{\"@id\":\"https:\/\/www.domkraftpro.com\/index.php\/produkt\/sapho-brilla-wc-misa-zavesna-rimless-36-5x53-cm-bila-objednat-nyni-19752\/#primaryimage\"},\"image\":{\"@id\":\"https:\/\/www.domkraftpro.com\/index.php\/produkt\/sapho-brilla-wc-misa-zavesna-rimless-36-5x53-cm-bila-objednat-nyni-19752\/#primaryimage\"},\"thumbnailUrl\":\"https:\/\/www.domkraftpro.com\/wp-content\/uploads\/2026\/SK0007112-CZ20260425-092632-0-1777080397-sapho-brilla-wc-misa-zavesna-rimless-36-5x53-cm-bila-444218.webp\",\"datePublished\":\"2026-04-27T04:41:12+00:00\",\"breadcrumb\":{\"@id\":\"https:\/\/www.domkraftpro.com\/index.php\/produkt\/sapho-brilla-wc-misa-zavesna-rimless-36-5x53-cm-bila-objednat-nyni-19752\/#breadcrumb\"},\"inLanguage\":\"cs\",\"potentialAction\":[{\"@type\":\"ReadAction\",\"target\":[\"https:\/\/www.domkraftpro.com\/index.php\/produkt\/sapho-brilla-wc-misa-zavesna-rimless-36-5x53-cm-bila-objednat-nyni-19752\/\"]}]},{\"@type\":\"ImageObject\",\"inLanguage\":\"cs\",\"@id\":\"https:\/\/www.domkraftpro.com\/index.php\/produkt\/sapho-brilla-wc-misa-zavesna-rimless-36-5x53-cm-bila-objednat-nyni-19752\/#primaryimage\",\"url\":\"https:\/\/www.domkraftpro.com\/wp-content\/uploads\/2026\/SK0007112-CZ20260425-092632-0-1777080397-sapho-brilla-wc-misa-zavesna-rimless-36-5x53-cm-bila-444218.webp\",\"contentUrl\":\"https:\/\/www.domkraftpro.com\/wp-content\/uploads\/2026\/SK0007112-CZ20260425-092632-0-1777080397-sapho-brilla-wc-misa-zavesna-rimless-36-5x53-cm-bila-444218.webp\",\"width\":600,\"height\":511},{\"@type\":\"BreadcrumbList\",\"@id\":\"https:\/\/www.domkraftpro.com\/index.php\/produkt\/sapho-brilla-wc-misa-zavesna-rimless-36-5x53-cm-bila-objednat-nyni-19752\/#breadcrumb\",\"itemListElement\":[{\"@type\":\"ListItem\",\"position\":1,\"name\":\"Home\",\"item\":\"https:\/\/www.domkraftpro.com\/\"},{\"@type\":\"ListItem\",\"position\":2,\"name\":\"Products\",\"item\":\"https:\/\/www.domkraftpro.com\/index.php\/products\/\"},{\"@type\":\"ListItem\",\"position\":3,\"name\":\"Sapho Brilla WC m\u00edsa z\u00e1v\u011bsn\u00e1 rimless 36,5&#215;53 cm b\u00edl\u00e1 Objednat Nyn\u00ed\"}]},{\"@type\":\"WebSite\",\"@id\":\"https:\/\/www.domkraftpro.com\/#website\",\"url\":\"https:\/\/www.domkraftpro.com\/\",\"name\":\"\",\"description\":\"\",\"potentialAction\":[{\"@type\":\"SearchAction\",\"target\":{\"@type\":\"EntryPoint\",\"urlTemplate\":\"https:\/\/www.domkraftpro.com\/?s={search_term_string}\"},\"query-input\":{\"@type\":\"PropertyValueSpecification\",\"valueRequired\":true,\"valueName\":\"search_term_string\"}}],\"inLanguage\":\"cs\"}]}<\/script>\n<!-- \/ Yoast SEO plugin. -->","yoast_head_json":{"title":"Sapho Brilla WC m\u00edsa z\u00e1v\u011bsn\u00e1 rimless 36,5x53 cm b\u00edl\u00e1 Objednat Nyn\u00ed -","robots":{"index":"index","follow":"follow","max-snippet":"max-snippet:-1","max-image-preview":"max-image-preview:large","max-video-preview":"max-video-preview:-1"},"canonical":"https:\/\/www.domkraftpro.com\/index.php\/produkt\/sapho-brilla-wc-misa-zavesna-rimless-36-5x53-cm-bila-objednat-nyni-19752\/","og_locale":"cs_CZ","og_type":"article","og_title":"Sapho Brilla WC m\u00edsa z\u00e1v\u011bsn\u00e1 rimless 36,5x53 cm b\u00edl\u00e1 Objednat Nyn\u00ed -","og_description":"Popis produktu Sapho Brilla WC m\u00edsa z\u00e1v\u011bsn\u00e1 rimless 36,5&#215;53 cm b\u00edl\u00e1 Barva: B\u00edl\u00e1\u0160\u00ed\u0159ka: 355 mmHloubka: 530 mmBalen\u00ed: 1 ksRozm\u011br: 35,5&#215;53 cmMateri\u00e1l: KeramikaTvar: KlasikV\u00fdbava: RimlessZ\u00e1ruka: 2 roky WC sed\u00e1tko je nutno objednat zvl\u00e1\u0161\u0165&nbsp; K z\u00e1v\u011bsn\u00e9mu WC nab\u00edz\u00edme ve stejn\u00e9m designu i bidet BRILLA, k\u00f3d&nbsp;100624 Vysv\u011btlivky Technologie splachov\u00e1n\u00ed Rimless Rimless (NoRim) \u2013 toalety bez tradi\u010dn\u00edho oplachov\u00e9ho kruhu. [&hellip;]","og_url":"https:\/\/www.domkraftpro.com\/index.php\/produkt\/sapho-brilla-wc-misa-zavesna-rimless-36-5x53-cm-bila-objednat-nyni-19752\/","og_image":[{"width":600,"height":511,"url":"https:\/\/www.domkraftpro.com\/wp-content\/uploads\/2026\/SK0007112-CZ20260425-092632-0-1777080397-sapho-brilla-wc-misa-zavesna-rimless-36-5x53-cm-bila-444218.webp","type":"image\/webp"}],"twitter_card":"summary_large_image","twitter_misc":{"Odhadovan\u00e1 doba \u010dten\u00ed":"1 minuta"},"schema":{"@context":"https:\/\/schema.org","@graph":[{"@type":"WebPage","@id":"https:\/\/www.domkraftpro.com\/index.php\/produkt\/sapho-brilla-wc-misa-zavesna-rimless-36-5x53-cm-bila-objednat-nyni-19752\/","url":"https:\/\/www.domkraftpro.com\/index.php\/produkt\/sapho-brilla-wc-misa-zavesna-rimless-36-5x53-cm-bila-objednat-nyni-19752\/","name":"Sapho Brilla WC m\u00edsa z\u00e1v\u011bsn\u00e1 rimless 36,5x53 cm b\u00edl\u00e1 Objednat Nyn\u00ed -","isPartOf":{"@id":"https:\/\/www.domkraftpro.com\/#website"},"primaryImageOfPage":{"@id":"https:\/\/www.domkraftpro.com\/index.php\/produkt\/sapho-brilla-wc-misa-zavesna-rimless-36-5x53-cm-bila-objednat-nyni-19752\/#primaryimage"},"image":{"@id":"https:\/\/www.domkraftpro.com\/index.php\/produkt\/sapho-brilla-wc-misa-zavesna-rimless-36-5x53-cm-bila-objednat-nyni-19752\/#primaryimage"},"thumbnailUrl":"https:\/\/www.domkraftpro.com\/wp-content\/uploads\/2026\/SK0007112-CZ20260425-092632-0-1777080397-sapho-brilla-wc-misa-zavesna-rimless-36-5x53-cm-bila-444218.webp","datePublished":"2026-04-27T04:41:12+00:00","breadcrumb":{"@id":"https:\/\/www.domkraftpro.com\/index.php\/produkt\/sapho-brilla-wc-misa-zavesna-rimless-36-5x53-cm-bila-objednat-nyni-19752\/#breadcrumb"},"inLanguage":"cs","potentialAction":[{"@type":"ReadAction","target":["https:\/\/www.domkraftpro.com\/index.php\/produkt\/sapho-brilla-wc-misa-zavesna-rimless-36-5x53-cm-bila-objednat-nyni-19752\/"]}]},{"@type":"ImageObject","inLanguage":"cs","@id":"https:\/\/www.domkraftpro.com\/index.php\/produkt\/sapho-brilla-wc-misa-zavesna-rimless-36-5x53-cm-bila-objednat-nyni-19752\/#primaryimage","url":"https:\/\/www.domkraftpro.com\/wp-content\/uploads\/2026\/SK0007112-CZ20260425-092632-0-1777080397-sapho-brilla-wc-misa-zavesna-rimless-36-5x53-cm-bila-444218.webp","contentUrl":"https:\/\/www.domkraftpro.com\/wp-content\/uploads\/2026\/SK0007112-CZ20260425-092632-0-1777080397-sapho-brilla-wc-misa-zavesna-rimless-36-5x53-cm-bila-444218.webp","width":600,"height":511},{"@type":"BreadcrumbList","@id":"https:\/\/www.domkraftpro.com\/index.php\/produkt\/sapho-brilla-wc-misa-zavesna-rimless-36-5x53-cm-bila-objednat-nyni-19752\/#breadcrumb","itemListElement":[{"@type":"ListItem","position":1,"name":"Home","item":"https:\/\/www.domkraftpro.com\/"},{"@type":"ListItem","position":2,"name":"Products","item":"https:\/\/www.domkraftpro.com\/index.php\/products\/"},{"@type":"ListItem","position":3,"name":"Sapho Brilla WC m\u00edsa z\u00e1v\u011bsn\u00e1 rimless 36,5&#215;53 cm b\u00edl\u00e1 Objednat Nyn\u00ed"}]},{"@type":"WebSite","@id":"https:\/\/www.domkraftpro.com\/#website","url":"https:\/\/www.domkraftpro.com\/","name":"","description":"","potentialAction":[{"@type":"SearchAction","target":{"@type":"EntryPoint","urlTemplate":"https:\/\/www.domkraftpro.com\/?s={search_term_string}"},"query-input":{"@type":"PropertyValueSpecification","valueRequired":true,"valueName":"search_term_string"}}],"inLanguage":"cs"}]}},"_links":{"self":[{"href":"https:\/\/www.domkraftpro.com\/index.php\/wp-json\/wp\/v2\/product\/19752","targetHints":{"allow":["GET"]}}],"collection":[{"href":"https:\/\/www.domkraftpro.com\/index.php\/wp-json\/wp\/v2\/product"}],"about":[{"href":"https:\/\/www.domkraftpro.com\/index.php\/wp-json\/wp\/v2\/types\/product"}],"replies":[{"embeddable":true,"href":"https:\/\/www.domkraftpro.com\/index.php\/wp-json\/wp\/v2\/comments?post=19752"}],"wp:featuredmedia":[{"embeddable":true,"href":"https:\/\/www.domkraftpro.com\/index.php\/wp-json\/wp\/v2\/media\/19852"}],"wp:attachment":[{"href":"https:\/\/www.domkraftpro.com\/index.php\/wp-json\/wp\/v2\/media?parent=19752"}],"wp:term":[{"taxonomy":"product_brand","embeddable":true,"href":"https:\/\/www.domkraftpro.com\/index.php\/wp-json\/wp\/v2\/product_brand?post=19752"},{"taxonomy":"product_cat","embeddable":true,"href":"https:\/\/www.domkraftpro.com\/index.php\/wp-json\/wp\/v2\/product_cat?post=19752"},{"taxonomy":"product_tag","embeddable":true,"href":"https:\/\/www.domkraftpro.com\/index.php\/wp-json\/wp\/v2\/product_tag?post=19752"}],"curies":[{"name":"wp","href":"https:\/\/api.w.org\/{rel}","templated":true}]}}