{"id":19744,"date":"2026-04-27T04:41:12","date_gmt":"2026-04-27T04:41:12","guid":{"rendered":""},"modified":"2026-04-27T04:41:12","modified_gmt":"2026-04-27T04:41:12","slug":"specialni-cena-sapho-purity-polozapustne-umyvadlo-50x42-cm-19744","status":"publish","type":"product","link":"https:\/\/www.domkraftpro.com\/index.php\/produkt\/specialni-cena-sapho-purity-polozapustne-umyvadlo-50x42-cm-19744\/","title":{"rendered":"Speci\u00e1ln\u00ed Cena Sapho Purity Poloz\u00e1pustn\u00e9 umyvadlo 50&#215;42 cm"},"content":{"rendered":"<div class=\"ProductDetail-content NoFixImageContainer\" id=\"productDescription\">\n<div class=\"Heading\">\n<h2 class=\"Heading-title\">Popis produktu <span class=''>Sapho Purity Poloz\u00e1pustn\u00e9 umyvadlo 50&#215;42 cm<\/span><\/h2>\n<\/p><\/div>\n<div class=\"ProductDetailContent\">                                                                    <\/div>\n<div class=\"ProductDetailContent\">\n<div class=\"ProductDetailContent-item\">                                            Barva: B\u00edl\u00e1<br \/>\u0160\u00ed\u0159ka: 500 mm<br \/>Hloubka: 420 mm<br \/>Balen\u00ed: 1 ks<br \/>Rozm\u011br: 50&#215;42 cm<br \/>Materi\u00e1l: Keramika<br \/>Otvor pro baterii: 1 otvor<br \/>P\u0159epad: ANO<br \/>Tvar: Obd\u00e9ln\u00edk<br \/>Z\u00e1ruka: 2 roky<br \/>Typ umyvadla: Z\u00e1pustn\u00e9 umyvadlo<br \/>Instalace: Poloz\u00e1pustn\u00e9                                        <\/div>\n<div class=\"ProductDetailContent-item\">\n<h3>Popis s\u00e9rie<\/h3>\n<p style=\"text-align: justify;\">Jak n\u00e1zev PURITY napov\u00edd\u00e1, vyzna\u010duje se s\u00e9rie \u010distotou geometrick\u00fdch k\u0159ivek se zam\u011b\u0159en\u00edm na jednoduchost a funk\u010dnost. S\u00e9rie nab\u00edz\u00ed p\u0159\u00edsn\u011b kvadratickou linii i jemn\u00e9 zaoblen\u00ed. Novinkou je z\u00e1v\u011bsn\u00e9 WC a urin\u00e1l, \u00fasp\u011b\u0161n\u011b kombinuj\u00edc\u00ed p\u0159\u00edmou linii a prohl\u00e9 k\u0159ivky hrany.<\/p>\n<\/p><\/div>\n<\/p><\/div>\n<\/p><\/div>\n<\/p><\/div>\n<\/p><\/div>\n","protected":false},"excerpt":{"rendered":"<p>Popis produktu Sapho Purity Poloz\u00e1pustn\u00e9 umyvadlo 50&#215;42 cm Barva: B\u00edl\u00e1\u0160\u00ed\u0159ka: 500 mmHloubka: 420 mmBalen\u00ed: 1 ksRozm\u011br: 50&#215;42 cmMateri\u00e1l: KeramikaOtvor pro baterii: 1 otvorP\u0159epad: ANOTvar: Obd\u00e9ln\u00edkZ\u00e1ruka: 2 rokyTyp umyvadla: Z\u00e1pustn\u00e9 umyvadloInstalace: Poloz\u00e1pustn\u00e9 Popis s\u00e9rie Jak n\u00e1zev PURITY napov\u00edd\u00e1, vyzna\u010duje se s\u00e9rie \u010distotou geometrick\u00fdch k\u0159ivek se zam\u011b\u0159en\u00edm na jednoduchost a funk\u010dnost. S\u00e9rie nab\u00edz\u00ed p\u0159\u00edsn\u011b kvadratickou linii i [&hellip;]<\/p>\n","protected":false},"featured_media":19844,"comment_status":"open","ping_status":"open","template":"","meta":[],"product_brand":[],"product_cat":[90],"product_tag":[],"class_list":{"0":"post-19744","1":"product","2":"type-product","3":"status-publish","4":"has-post-thumbnail","6":"product_cat-koupelny","8":"first","9":"instock","10":"sale","11":"shipping-taxable","12":"purchasable","13":"product-type-simple"},"yoast_head":"<!-- This site is optimized with the Yoast SEO plugin v26.8 - https:\/\/yoast.com\/product\/yoast-seo-wordpress\/ -->\n<title>Speci\u00e1ln\u00ed Cena Sapho Purity Poloz\u00e1pustn\u00e9 umyvadlo 50x42 cm -<\/title>\n<meta name=\"robots\" content=\"index, follow, max-snippet:-1, max-image-preview:large, max-video-preview:-1\" \/>\n<link rel=\"canonical\" href=\"https:\/\/www.domkraftpro.com\/index.php\/produkt\/specialni-cena-sapho-purity-polozapustne-umyvadlo-50x42-cm-19744\/\" \/>\n<meta property=\"og:locale\" content=\"cs_CZ\" \/>\n<meta property=\"og:type\" content=\"article\" \/>\n<meta property=\"og:title\" content=\"Speci\u00e1ln\u00ed Cena Sapho Purity Poloz\u00e1pustn\u00e9 umyvadlo 50x42 cm -\" \/>\n<meta property=\"og:description\" content=\"Popis produktu Sapho Purity Poloz\u00e1pustn\u00e9 umyvadlo 50&#215;42 cm Barva: B\u00edl\u00e1\u0160\u00ed\u0159ka: 500 mmHloubka: 420 mmBalen\u00ed: 1 ksRozm\u011br: 50&#215;42 cmMateri\u00e1l: KeramikaOtvor pro baterii: 1 otvorP\u0159epad: ANOTvar: Obd\u00e9ln\u00edkZ\u00e1ruka: 2 rokyTyp umyvadla: Z\u00e1pustn\u00e9 umyvadloInstalace: Poloz\u00e1pustn\u00e9 Popis s\u00e9rie Jak n\u00e1zev PURITY napov\u00edd\u00e1, vyzna\u010duje se s\u00e9rie \u010distotou geometrick\u00fdch k\u0159ivek se zam\u011b\u0159en\u00edm na jednoduchost a funk\u010dnost. S\u00e9rie nab\u00edz\u00ed p\u0159\u00edsn\u011b kvadratickou linii i [&hellip;]\" \/>\n<meta property=\"og:url\" content=\"https:\/\/www.domkraftpro.com\/index.php\/produkt\/specialni-cena-sapho-purity-polozapustne-umyvadlo-50x42-cm-19744\/\" \/>\n<meta property=\"og:image\" content=\"https:\/\/www.domkraftpro.com\/wp-content\/uploads\/2026\/SK0007104-CZ20260425-092632-0-1777080397-sapho-purity-polozapustne-umyvadlo-50x42-cm-440796.webp\" \/>\n\t<meta property=\"og:image:width\" content=\"600\" \/>\n\t<meta property=\"og:image:height\" content=\"416\" \/>\n\t<meta property=\"og:image:type\" content=\"image\/webp\" \/>\n<meta name=\"twitter:card\" content=\"summary_large_image\" \/>\n<script type=\"application\/ld+json\" class=\"yoast-schema-graph\">{\"@context\":\"https:\/\/schema.org\",\"@graph\":[{\"@type\":\"WebPage\",\"@id\":\"https:\/\/www.domkraftpro.com\/index.php\/produkt\/specialni-cena-sapho-purity-polozapustne-umyvadlo-50x42-cm-19744\/\",\"url\":\"https:\/\/www.domkraftpro.com\/index.php\/produkt\/specialni-cena-sapho-purity-polozapustne-umyvadlo-50x42-cm-19744\/\",\"name\":\"Speci\u00e1ln\u00ed Cena Sapho Purity Poloz\u00e1pustn\u00e9 umyvadlo 50x42 cm -\",\"isPartOf\":{\"@id\":\"https:\/\/www.domkraftpro.com\/#website\"},\"primaryImageOfPage\":{\"@id\":\"https:\/\/www.domkraftpro.com\/index.php\/produkt\/specialni-cena-sapho-purity-polozapustne-umyvadlo-50x42-cm-19744\/#primaryimage\"},\"image\":{\"@id\":\"https:\/\/www.domkraftpro.com\/index.php\/produkt\/specialni-cena-sapho-purity-polozapustne-umyvadlo-50x42-cm-19744\/#primaryimage\"},\"thumbnailUrl\":\"https:\/\/www.domkraftpro.com\/wp-content\/uploads\/2026\/SK0007104-CZ20260425-092632-0-1777080397-sapho-purity-polozapustne-umyvadlo-50x42-cm-440796.webp\",\"datePublished\":\"2026-04-27T04:41:12+00:00\",\"breadcrumb\":{\"@id\":\"https:\/\/www.domkraftpro.com\/index.php\/produkt\/specialni-cena-sapho-purity-polozapustne-umyvadlo-50x42-cm-19744\/#breadcrumb\"},\"inLanguage\":\"cs\",\"potentialAction\":[{\"@type\":\"ReadAction\",\"target\":[\"https:\/\/www.domkraftpro.com\/index.php\/produkt\/specialni-cena-sapho-purity-polozapustne-umyvadlo-50x42-cm-19744\/\"]}]},{\"@type\":\"ImageObject\",\"inLanguage\":\"cs\",\"@id\":\"https:\/\/www.domkraftpro.com\/index.php\/produkt\/specialni-cena-sapho-purity-polozapustne-umyvadlo-50x42-cm-19744\/#primaryimage\",\"url\":\"https:\/\/www.domkraftpro.com\/wp-content\/uploads\/2026\/SK0007104-CZ20260425-092632-0-1777080397-sapho-purity-polozapustne-umyvadlo-50x42-cm-440796.webp\",\"contentUrl\":\"https:\/\/www.domkraftpro.com\/wp-content\/uploads\/2026\/SK0007104-CZ20260425-092632-0-1777080397-sapho-purity-polozapustne-umyvadlo-50x42-cm-440796.webp\",\"width\":600,\"height\":416},{\"@type\":\"BreadcrumbList\",\"@id\":\"https:\/\/www.domkraftpro.com\/index.php\/produkt\/specialni-cena-sapho-purity-polozapustne-umyvadlo-50x42-cm-19744\/#breadcrumb\",\"itemListElement\":[{\"@type\":\"ListItem\",\"position\":1,\"name\":\"Home\",\"item\":\"https:\/\/www.domkraftpro.com\/\"},{\"@type\":\"ListItem\",\"position\":2,\"name\":\"Products\",\"item\":\"https:\/\/www.domkraftpro.com\/index.php\/products\/\"},{\"@type\":\"ListItem\",\"position\":3,\"name\":\"Speci\u00e1ln\u00ed Cena Sapho Purity Poloz\u00e1pustn\u00e9 umyvadlo 50&#215;42 cm\"}]},{\"@type\":\"WebSite\",\"@id\":\"https:\/\/www.domkraftpro.com\/#website\",\"url\":\"https:\/\/www.domkraftpro.com\/\",\"name\":\"\",\"description\":\"\",\"potentialAction\":[{\"@type\":\"SearchAction\",\"target\":{\"@type\":\"EntryPoint\",\"urlTemplate\":\"https:\/\/www.domkraftpro.com\/?s={search_term_string}\"},\"query-input\":{\"@type\":\"PropertyValueSpecification\",\"valueRequired\":true,\"valueName\":\"search_term_string\"}}],\"inLanguage\":\"cs\"}]}<\/script>\n<!-- \/ Yoast SEO plugin. -->","yoast_head_json":{"title":"Speci\u00e1ln\u00ed Cena Sapho Purity Poloz\u00e1pustn\u00e9 umyvadlo 50x42 cm -","robots":{"index":"index","follow":"follow","max-snippet":"max-snippet:-1","max-image-preview":"max-image-preview:large","max-video-preview":"max-video-preview:-1"},"canonical":"https:\/\/www.domkraftpro.com\/index.php\/produkt\/specialni-cena-sapho-purity-polozapustne-umyvadlo-50x42-cm-19744\/","og_locale":"cs_CZ","og_type":"article","og_title":"Speci\u00e1ln\u00ed Cena Sapho Purity Poloz\u00e1pustn\u00e9 umyvadlo 50x42 cm -","og_description":"Popis produktu Sapho Purity Poloz\u00e1pustn\u00e9 umyvadlo 50&#215;42 cm Barva: B\u00edl\u00e1\u0160\u00ed\u0159ka: 500 mmHloubka: 420 mmBalen\u00ed: 1 ksRozm\u011br: 50&#215;42 cmMateri\u00e1l: KeramikaOtvor pro baterii: 1 otvorP\u0159epad: ANOTvar: Obd\u00e9ln\u00edkZ\u00e1ruka: 2 rokyTyp umyvadla: Z\u00e1pustn\u00e9 umyvadloInstalace: Poloz\u00e1pustn\u00e9 Popis s\u00e9rie Jak n\u00e1zev PURITY napov\u00edd\u00e1, vyzna\u010duje se s\u00e9rie \u010distotou geometrick\u00fdch k\u0159ivek se zam\u011b\u0159en\u00edm na jednoduchost a funk\u010dnost. S\u00e9rie nab\u00edz\u00ed p\u0159\u00edsn\u011b kvadratickou linii i [&hellip;]","og_url":"https:\/\/www.domkraftpro.com\/index.php\/produkt\/specialni-cena-sapho-purity-polozapustne-umyvadlo-50x42-cm-19744\/","og_image":[{"width":600,"height":416,"url":"https:\/\/www.domkraftpro.com\/wp-content\/uploads\/2026\/SK0007104-CZ20260425-092632-0-1777080397-sapho-purity-polozapustne-umyvadlo-50x42-cm-440796.webp","type":"image\/webp"}],"twitter_card":"summary_large_image","schema":{"@context":"https:\/\/schema.org","@graph":[{"@type":"WebPage","@id":"https:\/\/www.domkraftpro.com\/index.php\/produkt\/specialni-cena-sapho-purity-polozapustne-umyvadlo-50x42-cm-19744\/","url":"https:\/\/www.domkraftpro.com\/index.php\/produkt\/specialni-cena-sapho-purity-polozapustne-umyvadlo-50x42-cm-19744\/","name":"Speci\u00e1ln\u00ed Cena Sapho Purity Poloz\u00e1pustn\u00e9 umyvadlo 50x42 cm -","isPartOf":{"@id":"https:\/\/www.domkraftpro.com\/#website"},"primaryImageOfPage":{"@id":"https:\/\/www.domkraftpro.com\/index.php\/produkt\/specialni-cena-sapho-purity-polozapustne-umyvadlo-50x42-cm-19744\/#primaryimage"},"image":{"@id":"https:\/\/www.domkraftpro.com\/index.php\/produkt\/specialni-cena-sapho-purity-polozapustne-umyvadlo-50x42-cm-19744\/#primaryimage"},"thumbnailUrl":"https:\/\/www.domkraftpro.com\/wp-content\/uploads\/2026\/SK0007104-CZ20260425-092632-0-1777080397-sapho-purity-polozapustne-umyvadlo-50x42-cm-440796.webp","datePublished":"2026-04-27T04:41:12+00:00","breadcrumb":{"@id":"https:\/\/www.domkraftpro.com\/index.php\/produkt\/specialni-cena-sapho-purity-polozapustne-umyvadlo-50x42-cm-19744\/#breadcrumb"},"inLanguage":"cs","potentialAction":[{"@type":"ReadAction","target":["https:\/\/www.domkraftpro.com\/index.php\/produkt\/specialni-cena-sapho-purity-polozapustne-umyvadlo-50x42-cm-19744\/"]}]},{"@type":"ImageObject","inLanguage":"cs","@id":"https:\/\/www.domkraftpro.com\/index.php\/produkt\/specialni-cena-sapho-purity-polozapustne-umyvadlo-50x42-cm-19744\/#primaryimage","url":"https:\/\/www.domkraftpro.com\/wp-content\/uploads\/2026\/SK0007104-CZ20260425-092632-0-1777080397-sapho-purity-polozapustne-umyvadlo-50x42-cm-440796.webp","contentUrl":"https:\/\/www.domkraftpro.com\/wp-content\/uploads\/2026\/SK0007104-CZ20260425-092632-0-1777080397-sapho-purity-polozapustne-umyvadlo-50x42-cm-440796.webp","width":600,"height":416},{"@type":"BreadcrumbList","@id":"https:\/\/www.domkraftpro.com\/index.php\/produkt\/specialni-cena-sapho-purity-polozapustne-umyvadlo-50x42-cm-19744\/#breadcrumb","itemListElement":[{"@type":"ListItem","position":1,"name":"Home","item":"https:\/\/www.domkraftpro.com\/"},{"@type":"ListItem","position":2,"name":"Products","item":"https:\/\/www.domkraftpro.com\/index.php\/products\/"},{"@type":"ListItem","position":3,"name":"Speci\u00e1ln\u00ed Cena Sapho Purity Poloz\u00e1pustn\u00e9 umyvadlo 50&#215;42 cm"}]},{"@type":"WebSite","@id":"https:\/\/www.domkraftpro.com\/#website","url":"https:\/\/www.domkraftpro.com\/","name":"","description":"","potentialAction":[{"@type":"SearchAction","target":{"@type":"EntryPoint","urlTemplate":"https:\/\/www.domkraftpro.com\/?s={search_term_string}"},"query-input":{"@type":"PropertyValueSpecification","valueRequired":true,"valueName":"search_term_string"}}],"inLanguage":"cs"}]}},"_links":{"self":[{"href":"https:\/\/www.domkraftpro.com\/index.php\/wp-json\/wp\/v2\/product\/19744","targetHints":{"allow":["GET"]}}],"collection":[{"href":"https:\/\/www.domkraftpro.com\/index.php\/wp-json\/wp\/v2\/product"}],"about":[{"href":"https:\/\/www.domkraftpro.com\/index.php\/wp-json\/wp\/v2\/types\/product"}],"replies":[{"embeddable":true,"href":"https:\/\/www.domkraftpro.com\/index.php\/wp-json\/wp\/v2\/comments?post=19744"}],"wp:featuredmedia":[{"embeddable":true,"href":"https:\/\/www.domkraftpro.com\/index.php\/wp-json\/wp\/v2\/media\/19844"}],"wp:attachment":[{"href":"https:\/\/www.domkraftpro.com\/index.php\/wp-json\/wp\/v2\/media?parent=19744"}],"wp:term":[{"taxonomy":"product_brand","embeddable":true,"href":"https:\/\/www.domkraftpro.com\/index.php\/wp-json\/wp\/v2\/product_brand?post=19744"},{"taxonomy":"product_cat","embeddable":true,"href":"https:\/\/www.domkraftpro.com\/index.php\/wp-json\/wp\/v2\/product_cat?post=19744"},{"taxonomy":"product_tag","embeddable":true,"href":"https:\/\/www.domkraftpro.com\/index.php\/wp-json\/wp\/v2\/product_tag?post=19744"}],"curies":[{"name":"wp","href":"https:\/\/api.w.org\/{rel}","templated":true}]}}