{"id":19742,"date":"2026-04-27T04:41:12","date_gmt":"2026-04-27T04:41:12","guid":{"rendered":""},"modified":"2026-04-27T04:41:12","modified_gmt":"2026-04-27T04:41:12","slug":"vikendova-akce-sapho-kryci-rozeta-hranata-brousena-nerez-19742","status":"publish","type":"product","link":"https:\/\/www.domkraftpro.com\/index.php\/produkt\/vikendova-akce-sapho-kryci-rozeta-hranata-brousena-nerez-19742\/","title":{"rendered":"V\u00edkendov\u00e1 Akce Sapho Kryc\u00ed rozeta hranat\u00e1, brou\u0161en\u00e1 nerez"},"content":{"rendered":"<div class=\"ProductDetail-content NoFixImageContainer\" id=\"productDescription\">\n<div class=\"Heading\">\n<h2 class=\"Heading-title\">Popis produktu <span class=''>Sapho Kryc\u00ed rozeta hranat\u00e1, brou\u0161en\u00e1 nerez<\/span><\/h2>\n<\/p><\/div>\n<div class=\"ProductDetailContent\">                                                                    <\/div>\n<div class=\"ProductDetailContent\">\n<div class=\"ProductDetailContent-item\">                                            Barva: Brou\u0161en\u00fd nerez<br \/>\u0160\u00ed\u0159ka: 50 mm<br \/>V\u00fd\u0161ka: 50 mm<br \/>Hloubka: 12 mm<br \/>Balen\u00ed: 1 ks<br \/>Z\u00e1ruka: 2 roky                                        <\/div>\n<\/p><\/div>\n<\/p><\/div>\n<\/p><\/div>\n<\/p><\/div>\n","protected":false},"excerpt":{"rendered":"<p>Popis produktu Sapho Kryc\u00ed rozeta hranat\u00e1, brou\u0161en\u00e1 nerez Barva: Brou\u0161en\u00fd nerez\u0160\u00ed\u0159ka: 50 mmV\u00fd\u0161ka: 50 mmHloubka: 12 mmBalen\u00ed: 1 ksZ\u00e1ruka: 2 roky<\/p>\n","protected":false},"featured_media":19842,"comment_status":"open","ping_status":"open","template":"","meta":[],"product_brand":[],"product_cat":[90],"product_tag":[],"class_list":{"0":"post-19742","1":"product","2":"type-product","3":"status-publish","4":"has-post-thumbnail","6":"product_cat-koupelny","8":"first","9":"instock","10":"sale","11":"shipping-taxable","12":"purchasable","13":"product-type-simple"},"yoast_head":"<!-- This site is optimized with the Yoast SEO plugin v26.8 - https:\/\/yoast.com\/product\/yoast-seo-wordpress\/ -->\n<title>V\u00edkendov\u00e1 Akce Sapho Kryc\u00ed rozeta hranat\u00e1, brou\u0161en\u00e1 nerez -<\/title>\n<meta name=\"robots\" content=\"index, follow, max-snippet:-1, max-image-preview:large, max-video-preview:-1\" \/>\n<link rel=\"canonical\" href=\"https:\/\/www.domkraftpro.com\/index.php\/produkt\/vikendova-akce-sapho-kryci-rozeta-hranata-brousena-nerez-19742\/\" \/>\n<meta property=\"og:locale\" content=\"cs_CZ\" \/>\n<meta property=\"og:type\" content=\"article\" \/>\n<meta property=\"og:title\" content=\"V\u00edkendov\u00e1 Akce Sapho Kryc\u00ed rozeta hranat\u00e1, brou\u0161en\u00e1 nerez -\" \/>\n<meta property=\"og:description\" content=\"Popis produktu Sapho Kryc\u00ed rozeta hranat\u00e1, brou\u0161en\u00e1 nerez Barva: Brou\u0161en\u00fd nerez\u0160\u00ed\u0159ka: 50 mmV\u00fd\u0161ka: 50 mmHloubka: 12 mmBalen\u00ed: 1 ksZ\u00e1ruka: 2 roky\" \/>\n<meta property=\"og:url\" content=\"https:\/\/www.domkraftpro.com\/index.php\/produkt\/vikendova-akce-sapho-kryci-rozeta-hranata-brousena-nerez-19742\/\" \/>\n<meta property=\"og:image\" content=\"https:\/\/www.domkraftpro.com\/wp-content\/uploads\/2026\/SK0007102-CZ20260425-092632-0-1777080397-sapho-kryci-rozeta-hranata-brousena-nerez-444233.webp\" \/>\n\t<meta property=\"og:image:width\" content=\"294\" \/>\n\t<meta property=\"og:image:height\" content=\"152\" \/>\n\t<meta property=\"og:image:type\" content=\"image\/webp\" \/>\n<meta name=\"twitter:card\" content=\"summary_large_image\" \/>\n<script type=\"application\/ld+json\" class=\"yoast-schema-graph\">{\"@context\":\"https:\/\/schema.org\",\"@graph\":[{\"@type\":\"WebPage\",\"@id\":\"https:\/\/www.domkraftpro.com\/index.php\/produkt\/vikendova-akce-sapho-kryci-rozeta-hranata-brousena-nerez-19742\/\",\"url\":\"https:\/\/www.domkraftpro.com\/index.php\/produkt\/vikendova-akce-sapho-kryci-rozeta-hranata-brousena-nerez-19742\/\",\"name\":\"V\u00edkendov\u00e1 Akce Sapho Kryc\u00ed rozeta hranat\u00e1, brou\u0161en\u00e1 nerez -\",\"isPartOf\":{\"@id\":\"https:\/\/www.domkraftpro.com\/#website\"},\"primaryImageOfPage\":{\"@id\":\"https:\/\/www.domkraftpro.com\/index.php\/produkt\/vikendova-akce-sapho-kryci-rozeta-hranata-brousena-nerez-19742\/#primaryimage\"},\"image\":{\"@id\":\"https:\/\/www.domkraftpro.com\/index.php\/produkt\/vikendova-akce-sapho-kryci-rozeta-hranata-brousena-nerez-19742\/#primaryimage\"},\"thumbnailUrl\":\"https:\/\/www.domkraftpro.com\/wp-content\/uploads\/2026\/SK0007102-CZ20260425-092632-0-1777080397-sapho-kryci-rozeta-hranata-brousena-nerez-444233.webp\",\"datePublished\":\"2026-04-27T04:41:12+00:00\",\"breadcrumb\":{\"@id\":\"https:\/\/www.domkraftpro.com\/index.php\/produkt\/vikendova-akce-sapho-kryci-rozeta-hranata-brousena-nerez-19742\/#breadcrumb\"},\"inLanguage\":\"cs\",\"potentialAction\":[{\"@type\":\"ReadAction\",\"target\":[\"https:\/\/www.domkraftpro.com\/index.php\/produkt\/vikendova-akce-sapho-kryci-rozeta-hranata-brousena-nerez-19742\/\"]}]},{\"@type\":\"ImageObject\",\"inLanguage\":\"cs\",\"@id\":\"https:\/\/www.domkraftpro.com\/index.php\/produkt\/vikendova-akce-sapho-kryci-rozeta-hranata-brousena-nerez-19742\/#primaryimage\",\"url\":\"https:\/\/www.domkraftpro.com\/wp-content\/uploads\/2026\/SK0007102-CZ20260425-092632-0-1777080397-sapho-kryci-rozeta-hranata-brousena-nerez-444233.webp\",\"contentUrl\":\"https:\/\/www.domkraftpro.com\/wp-content\/uploads\/2026\/SK0007102-CZ20260425-092632-0-1777080397-sapho-kryci-rozeta-hranata-brousena-nerez-444233.webp\",\"width\":294,\"height\":152},{\"@type\":\"BreadcrumbList\",\"@id\":\"https:\/\/www.domkraftpro.com\/index.php\/produkt\/vikendova-akce-sapho-kryci-rozeta-hranata-brousena-nerez-19742\/#breadcrumb\",\"itemListElement\":[{\"@type\":\"ListItem\",\"position\":1,\"name\":\"Home\",\"item\":\"https:\/\/www.domkraftpro.com\/\"},{\"@type\":\"ListItem\",\"position\":2,\"name\":\"Products\",\"item\":\"https:\/\/www.domkraftpro.com\/index.php\/products\/\"},{\"@type\":\"ListItem\",\"position\":3,\"name\":\"V\u00edkendov\u00e1 Akce Sapho Kryc\u00ed rozeta hranat\u00e1, brou\u0161en\u00e1 nerez\"}]},{\"@type\":\"WebSite\",\"@id\":\"https:\/\/www.domkraftpro.com\/#website\",\"url\":\"https:\/\/www.domkraftpro.com\/\",\"name\":\"\",\"description\":\"\",\"potentialAction\":[{\"@type\":\"SearchAction\",\"target\":{\"@type\":\"EntryPoint\",\"urlTemplate\":\"https:\/\/www.domkraftpro.com\/?s={search_term_string}\"},\"query-input\":{\"@type\":\"PropertyValueSpecification\",\"valueRequired\":true,\"valueName\":\"search_term_string\"}}],\"inLanguage\":\"cs\"}]}<\/script>\n<!-- \/ Yoast SEO plugin. -->","yoast_head_json":{"title":"V\u00edkendov\u00e1 Akce Sapho Kryc\u00ed rozeta hranat\u00e1, brou\u0161en\u00e1 nerez -","robots":{"index":"index","follow":"follow","max-snippet":"max-snippet:-1","max-image-preview":"max-image-preview:large","max-video-preview":"max-video-preview:-1"},"canonical":"https:\/\/www.domkraftpro.com\/index.php\/produkt\/vikendova-akce-sapho-kryci-rozeta-hranata-brousena-nerez-19742\/","og_locale":"cs_CZ","og_type":"article","og_title":"V\u00edkendov\u00e1 Akce Sapho Kryc\u00ed rozeta hranat\u00e1, brou\u0161en\u00e1 nerez -","og_description":"Popis produktu Sapho Kryc\u00ed rozeta hranat\u00e1, brou\u0161en\u00e1 nerez Barva: Brou\u0161en\u00fd nerez\u0160\u00ed\u0159ka: 50 mmV\u00fd\u0161ka: 50 mmHloubka: 12 mmBalen\u00ed: 1 ksZ\u00e1ruka: 2 roky","og_url":"https:\/\/www.domkraftpro.com\/index.php\/produkt\/vikendova-akce-sapho-kryci-rozeta-hranata-brousena-nerez-19742\/","og_image":[{"width":294,"height":152,"url":"https:\/\/www.domkraftpro.com\/wp-content\/uploads\/2026\/SK0007102-CZ20260425-092632-0-1777080397-sapho-kryci-rozeta-hranata-brousena-nerez-444233.webp","type":"image\/webp"}],"twitter_card":"summary_large_image","schema":{"@context":"https:\/\/schema.org","@graph":[{"@type":"WebPage","@id":"https:\/\/www.domkraftpro.com\/index.php\/produkt\/vikendova-akce-sapho-kryci-rozeta-hranata-brousena-nerez-19742\/","url":"https:\/\/www.domkraftpro.com\/index.php\/produkt\/vikendova-akce-sapho-kryci-rozeta-hranata-brousena-nerez-19742\/","name":"V\u00edkendov\u00e1 Akce Sapho Kryc\u00ed rozeta hranat\u00e1, brou\u0161en\u00e1 nerez -","isPartOf":{"@id":"https:\/\/www.domkraftpro.com\/#website"},"primaryImageOfPage":{"@id":"https:\/\/www.domkraftpro.com\/index.php\/produkt\/vikendova-akce-sapho-kryci-rozeta-hranata-brousena-nerez-19742\/#primaryimage"},"image":{"@id":"https:\/\/www.domkraftpro.com\/index.php\/produkt\/vikendova-akce-sapho-kryci-rozeta-hranata-brousena-nerez-19742\/#primaryimage"},"thumbnailUrl":"https:\/\/www.domkraftpro.com\/wp-content\/uploads\/2026\/SK0007102-CZ20260425-092632-0-1777080397-sapho-kryci-rozeta-hranata-brousena-nerez-444233.webp","datePublished":"2026-04-27T04:41:12+00:00","breadcrumb":{"@id":"https:\/\/www.domkraftpro.com\/index.php\/produkt\/vikendova-akce-sapho-kryci-rozeta-hranata-brousena-nerez-19742\/#breadcrumb"},"inLanguage":"cs","potentialAction":[{"@type":"ReadAction","target":["https:\/\/www.domkraftpro.com\/index.php\/produkt\/vikendova-akce-sapho-kryci-rozeta-hranata-brousena-nerez-19742\/"]}]},{"@type":"ImageObject","inLanguage":"cs","@id":"https:\/\/www.domkraftpro.com\/index.php\/produkt\/vikendova-akce-sapho-kryci-rozeta-hranata-brousena-nerez-19742\/#primaryimage","url":"https:\/\/www.domkraftpro.com\/wp-content\/uploads\/2026\/SK0007102-CZ20260425-092632-0-1777080397-sapho-kryci-rozeta-hranata-brousena-nerez-444233.webp","contentUrl":"https:\/\/www.domkraftpro.com\/wp-content\/uploads\/2026\/SK0007102-CZ20260425-092632-0-1777080397-sapho-kryci-rozeta-hranata-brousena-nerez-444233.webp","width":294,"height":152},{"@type":"BreadcrumbList","@id":"https:\/\/www.domkraftpro.com\/index.php\/produkt\/vikendova-akce-sapho-kryci-rozeta-hranata-brousena-nerez-19742\/#breadcrumb","itemListElement":[{"@type":"ListItem","position":1,"name":"Home","item":"https:\/\/www.domkraftpro.com\/"},{"@type":"ListItem","position":2,"name":"Products","item":"https:\/\/www.domkraftpro.com\/index.php\/products\/"},{"@type":"ListItem","position":3,"name":"V\u00edkendov\u00e1 Akce Sapho Kryc\u00ed rozeta hranat\u00e1, brou\u0161en\u00e1 nerez"}]},{"@type":"WebSite","@id":"https:\/\/www.domkraftpro.com\/#website","url":"https:\/\/www.domkraftpro.com\/","name":"","description":"","potentialAction":[{"@type":"SearchAction","target":{"@type":"EntryPoint","urlTemplate":"https:\/\/www.domkraftpro.com\/?s={search_term_string}"},"query-input":{"@type":"PropertyValueSpecification","valueRequired":true,"valueName":"search_term_string"}}],"inLanguage":"cs"}]}},"_links":{"self":[{"href":"https:\/\/www.domkraftpro.com\/index.php\/wp-json\/wp\/v2\/product\/19742","targetHints":{"allow":["GET"]}}],"collection":[{"href":"https:\/\/www.domkraftpro.com\/index.php\/wp-json\/wp\/v2\/product"}],"about":[{"href":"https:\/\/www.domkraftpro.com\/index.php\/wp-json\/wp\/v2\/types\/product"}],"replies":[{"embeddable":true,"href":"https:\/\/www.domkraftpro.com\/index.php\/wp-json\/wp\/v2\/comments?post=19742"}],"wp:featuredmedia":[{"embeddable":true,"href":"https:\/\/www.domkraftpro.com\/index.php\/wp-json\/wp\/v2\/media\/19842"}],"wp:attachment":[{"href":"https:\/\/www.domkraftpro.com\/index.php\/wp-json\/wp\/v2\/media?parent=19742"}],"wp:term":[{"taxonomy":"product_brand","embeddable":true,"href":"https:\/\/www.domkraftpro.com\/index.php\/wp-json\/wp\/v2\/product_brand?post=19742"},{"taxonomy":"product_cat","embeddable":true,"href":"https:\/\/www.domkraftpro.com\/index.php\/wp-json\/wp\/v2\/product_cat?post=19742"},{"taxonomy":"product_tag","embeddable":true,"href":"https:\/\/www.domkraftpro.com\/index.php\/wp-json\/wp\/v2\/product_tag?post=19742"}],"curies":[{"name":"wp","href":"https:\/\/api.w.org\/{rel}","templated":true}]}}