{"id":19736,"date":"2026-04-27T04:41:12","date_gmt":"2026-04-27T04:41:12","guid":{"rendered":""},"modified":"2026-04-27T04:41:12","modified_gmt":"2026-04-27T04:41:12","slug":"vyhodna-nabidka-polysan-easy-line-sprchovy-kout-obdelnikovy-90x80-cire-sklo-19736","status":"publish","type":"product","link":"https:\/\/www.domkraftpro.com\/index.php\/produkt\/vyhodna-nabidka-polysan-easy-line-sprchovy-kout-obdelnikovy-90x80-cire-sklo-19736\/","title":{"rendered":"V\u00fdhodn\u00e1 Nab\u00eddka Polysan Easy Line Sprchov\u00fd kout obd\u00e9ln\u00edkov\u00fd 90&#215;80 \u010dir\u00e9 sklo"},"content":{"rendered":"<div class=\"ProductDetail-content NoFixImageContainer\" id=\"productDescription\">\n<div class=\"Heading\">\n<h2 class=\"Heading-title\">Popis produktu <span class=''>Polysan Easy Line Sprchov\u00fd kout obd\u00e9ln\u00edkov\u00fd 90&#215;80 \u010dir\u00e9 sklo<\/span><\/h2>\n<\/p><\/div>\n<div class=\"ProductDetailContent\">                                                                    <\/div>\n<div class=\"ProductDetailContent\">\n<div class=\"ProductDetailContent-item\">                                            \u0160\u00ed\u0159ka: 900 mm<br \/>V\u00fd\u0161ka: 1900 mm<br \/>Hloubka: 800 mm<br \/>Balen\u00ed: 1 ks<br \/>Tvar: Obd\u00e9ln\u00edk &#8211; rohov\u00fd vstup<br \/>Typ otev\u00edran\u00ed: Posuvn\u00e9<br \/>Typ v\u00fdpln\u011b: \u010cIR\u00c9 sklo<br \/>Tlou\u0161\u0165ka skla: 6 mm<br \/>Vlastnosti: R\u00e1mov\u00e9 proveden\u00ed<br \/>Rozm\u011br: 90&#215;80 cm<br \/>Barva profilu: Chrom &#8211; Le\u0161t\u011bn\u00fd hlin\u00edk<br \/>Z\u00e1ruka: 2 roky<br \/>\u0160\u00ed\u0159ka vstupu: 440 mm                                        <\/div>\n<div class=\"ProductDetailContent-item\">\n<ul>\n<li>Instala\u010dn\u00ed rozm\u011br: 790&#215;890\u00b110 mm<\/li>\n<li>Vstup: 440 mm<\/li>\n<li>Proveden\u00ed: variabiln\u00ed, levostrann\u00e1 i pravostrann\u00e1 instalace<\/li>\n<\/ul><\/div>\n<div class=\"ProductDetailContent-item\">\n<h3>Vysv\u011btlivky<\/h3>\n<div class=\"product-explanation-item\">\n<h3>R\u00e1mov\u00e9 sprchov\u00e9 z\u00e1st\u011bny<\/h3>\n<p style=\"text-align: justify;\">V\u00fdhodou r\u00e1mov\u00e9ho proveden\u00ed z\u00e1st\u011bny je lep\u0161\u00ed ochrana proti st\u0159\u00edkaj\u00edc\u00ed vod\u011b. I v p\u0159\u00edpad\u011b intenzivn\u00edho sprchov\u00e1n\u00ed zabr\u00e1n\u00ed r\u00e1m ve spodn\u00ed vodorovn\u00e9 \u010d\u00e1sti dve\u0159\u00ed p\u0159ete\u010den\u00ed vody mimo sprchov\u00fd kout. Ur\u010ditou nev\u00fdhodou je, \u017ee tyto z\u00e1st\u011bny nejsou bezbari\u00e9rov\u00e9 a r\u00e1m p\u016fsob\u00ed robustn\u011b.<\/p>\n<\/p>\n<\/div><\/div>\n<div class=\"ProductDetailContent-item\">\n<h3>Popis s\u00e9rie<\/h3>\n<p style=\"text-align: justify;\">Elegantn\u00ed \u0159ada sprchov\u00fdch z\u00e1st\u011bn EASY LINE p\u0159edstavuje jednoduch\u00e9 a praktick\u00e9 \u0159e\u0161en\u00ed pro sprchov\u00e1n\u00ed ve sv\u011b\u017e\u00edm a lehk\u00e9m designu. Z\u00e1st\u011bny s posuvn\u00fdmi dve\u0159mi se posouvaj\u00ed na zdvojen\u00fdch kuli\u010dkov\u00fdch pojezdech, tak\u017ee p\u0159i otev\u00edr\u00e1n\u00ed neub\u00edraj\u00ed na prostoru kolem sprchov\u00e9ho koutu. V s\u00e9rii jsou zastoupeny i z\u00e1st\u011bny s dve\u0159mi pivotov\u00fdmi a skl\u00e1dac\u00edmi. Z\u00e1st\u011bny disponuj\u00ed bezpe\u010dnostn\u00edm sklem o s\u00edle 6 mm zasazen\u00fdm do profil\u016f z le\u0161t\u011bn\u00e9ho hlin\u00edku.&nbsp;K \u010di\u0161t\u011bn\u00ed skel doporu\u010dujeme ASC \u010dist\u00edc\u00ed a ochrann\u00fd prost\u0159edek, 94000.<\/p>\n<p><strong>Celkov\u00e1 charakteristika&nbsp;sprchov\u00fdch z\u00e1st\u011bn&nbsp;s\u00e9rie EASY LINE:<\/strong><\/p>\n<ul>\n<li>\u010ctvrtkruhov\u00e9 z\u00e1st\u011bny s&nbsp;dvoud\u00edln\u00fdmi posuvn\u00fdmi obloukov\u00fdmi dve\u0159mi, rohov\u00fd vstup<\/li>\n<li>\u010ctvercov\u00e9 z\u00e1st\u011bny s&nbsp;dvoud\u00edln\u00fdmi posuvn\u00fdmi dve\u0159mi, rohov\u00fd vstup<\/li>\n<li>Posuvn\u00e9 dve\u0159e se syst\u00e9mem vykl\u00e1p\u011bn\u00ed pomoc\u00ed spodn\u00edch lo\u017eisek pro snadn\u00e9 \u010di\u0161t\u011bn\u00ed<\/li>\n<li>Horn\u00ed a spodn\u00ed zdvojen\u00e9 lo\u017eiskov\u00e9 pojezdy posuvn\u00fdch dve\u0159\u00ed zaru\u010duj\u00ed bezprobl\u00e9mov\u00fd chod<\/li>\n<li>Snadn\u00e1 mont\u00e1\u017e, u posuvn\u00fdch a skl\u00e1dac\u00edch dve\u0159\u00ed tolerance 20 mm nastaven\u00edm skel v&nbsp;profilu<\/li>\n<li>Pivotov\u00e9 dve\u0159e umo\u017e\u0148uj\u00ed nastaven\u00ed instala\u010dn\u00ed \u0161\u00ed\u0159ky v rozsahu a\u017e 140 mm<\/li>\n<li>U pivotov\u00fdch dve\u0159\u00ed je sklo uchyceno v&nbsp;oto\u010dn\u00e9m pivotov\u00e9m pantu, co\u017e je mechanismus s dlouhou \u017eivotnost\u00ed<\/li>\n<li>Kombinac\u00ed bo\u010dn\u00ed st\u011bny a dve\u0159\u00ed z\u00edsk\u00e1te obd\u00e9ln\u00edkovou z\u00e1st\u011bnu &#8211; na v\u00fdb\u011br dve\u0159e posuvn\u00e9, pivotov\u00e9 a skl\u00e1dac\u00ed<\/li>\n<li>Bezpe\u010dnostn\u00ed \u010dir\u00e9 sklo z\u00e1st\u011bn o&nbsp;s\u00edle 6 mm<\/li>\n<li>U vybran\u00fdch model\u016f na v\u00fdb\u011br i Brick sklo<\/li>\n<li>Le\u0161t\u011bn\u00e9 hlin\u00edkov\u00e9 profily umoc\u0148uj\u00ed eleganci z\u00e1st\u011bn<\/li>\n<li>Instala\u010dn\u00ed rozm\u011br dve\u0159\u00ed do niky lze d\u00edky roz\u0161i\u0159ovac\u00edmu profilu EL825 zv\u011bt\u0161it o 25 mm na ka\u017edou stranu, celkem o 50 mm<\/li>\n<li>Bo\u010dn\u00ed st\u011bnu lze ke v\u0161em typ\u016fm dve\u0159\u00ed instalovat z lev\u00e9 i prav\u00e9 strany, bez ohledu na stranu otev\u00edr\u00e1n\u00ed dve\u0159\u00ed<\/li>\n<li>Dve\u0159e umo\u017e\u0148uj\u00ed variabiln\u00ed instalaci s&nbsp;lev\u00fdm nebo prav\u00fdm otev\u00edr\u00e1n\u00edm<\/li>\n<\/ul>\n<table style=\"width: 700px;\" border=\"0\">\n<tbody>\n<tr>\n<td><\/td>\n<td><\/td>\n<td><\/td>\n<\/tr>\n<tr>\n<td style=\"vertical-align: top;\">Prakticky&nbsp;navr\u017een\u00e9 madlo <br \/>pro pohodln\u00e9 otev\u00edr\u00e1n\u00ed dve\u0159\u00ed<\/td>\n<td style=\"vertical-align: top;\">P\u0159\u00edpadn\u00e9 nerovnosti st\u011bny elegantn\u011b<br \/>skryje profil, do kter\u00e9ho se zasouv\u00e1<br \/>sklo dle pot\u0159eby a\u017e 20 mm<\/td>\n<td style=\"vertical-align: top;\">Bezprobl\u00e9mov\u00fd chod a snadn\u00e9 \u010di\u0161t\u011bn\u00ed<br \/>posuvn\u00fdch dve\u0159\u00ed zaji\u0161\u0165uj\u00ed<br \/>zdvojen\u00e9 v\u00fdklopn\u00e9 pojezdy<\/td>\n<\/tr>\n<\/tbody>\n<\/table>\n<table style=\"width: 700px;\" border=\"0\">\n<tbody>\n<tr>\n<td>Na v\u00fdb\u011br jsou dve\u0159e:<\/td>\n<td><\/td>\n<td><\/td>\n<\/tr>\n<tr>\n<td><\/td>\n<td><\/td>\n<td><\/td>\n<\/tr>\n<tr>\n<td style=\"vertical-align: top;\">&#8230; posuvn\u00e9<\/td>\n<td style=\"vertical-align: top;\">&#8230;pivotov\u00e9,<br \/>kter\u00e9 umo\u017en\u00ed nastaven\u00ed instala\u010dn\u00ed<br \/>\u0161\u00ed\u0159ky v rozsahu a\u017e 140 mm<\/td>\n<td style=\"vertical-align: top;\">&#8230; skl\u00e1dac\u00ed<\/td>\n<\/tr>\n<\/tbody>\n<\/table>\n<\/p><\/div>\n<div class=\"ProductDetailContent-item\">\n<div style=\"background-color:#f9f9f9; border-left:5px solid #4caf50; border-radius:8px; box-shadow:0 4px 12px rgba(0,0,0,0.1); font-family:Arial,sans-serif; margin-bottom:20px; padding:25px 20px 20px 20px; position:relative\"><!-- Ikona info v lev\u00e9m horn\u00edm rohu --><\/p>\n<div style=\"align-items:center; background-color:#4caf50; border-radius:50%; color:#ffffff; display:flex; font-size:18px; font-weight:bold; height:30px; justify-content:center; left:-10px; position:absolute; top:-10px; width:30px\">i<\/div>\n<h3 style=\"margin-left:15px\">\u2705 Nab\u00edz\u00edme profesion\u00e1ln\u00ed mont\u00e1\u017e sprchov\u00e9ho koutu \u2013 precizn\u011b a bez starost\u00ed<\/h3>\n<p>Kvalitn\u00ed mont\u00e1\u017e <strong>sprchov\u00e9ho koutu<\/strong> je kl\u00ed\u010dov\u00e1 pro jeho bezprobl\u00e9mov\u00e9 fungov\u00e1n\u00ed, dlouhou \u017eivotnost a maxim\u00e1ln\u00ed t\u011bsnost. A\u0165 u\u017e se jedn\u00e1 o <strong>\u010dtvrtkruhov\u00fd<\/strong>, <strong>\u010dtvercov\u00fd<\/strong>, <strong>obd\u00e9ln\u00edkov\u00fd<\/strong> \u010di <strong>asymetrick\u00fd<\/strong> sprchov\u00fd kout, spr\u00e1vn\u00e9 usazen\u00ed a ut\u011bsn\u011bn\u00ed jsou nezbytn\u00e9 pro komfortn\u00ed a bezpe\u010dn\u00e9 sprchov\u00e1n\u00ed.<\/p>\n<p><strong>Nab\u00edz\u00edme odbornou mont\u00e1\u017e sprchov\u00fdch kout\u016f v\u0161ech typ\u016f i zna\u010dek<\/strong>. Provedeme p\u0159esn\u00e9 zam\u011b\u0159en\u00ed, p\u0159\u00edpravu podkladu a profesion\u00e1ln\u00ed instalaci na <strong>sprchovou vani\u010dku<\/strong> \u010di podlahu se <strong>sprchov\u00fdm \u017elabem<\/strong>. Samoz\u0159ejmost\u00ed je d\u016fsledn\u00e1 kontrola funk\u010dnosti a \u010dist\u00fd v\u00fdstup po dokon\u010den\u00ed prac\u00ed.<\/p>\n<p><strong>Mont\u00e1\u017e sprchov\u00e9ho koutu p\u0159enechte odborn\u00edk\u016fm<\/strong>, vyhnete se tak zbyte\u010dn\u00fdm komplikac\u00edm a zajist\u00edte si precizn\u00ed v\u00fdsledek. Pracujeme rychle, spolehliv\u011b a db\u00e1me na ka\u017ed\u00fd detail. Kontaktujte n\u00e1s a sd\u011blte n\u00e1m sv\u00e9 po\u017eadavky, r\u00e1di v\u00e1m pom\u016f\u017eeme.<\/p>\n<p><strong>Mont\u00e1\u017e sprchov\u00e9ho koutu<\/strong> nab\u00edz\u00edme pouze pro <strong>N\u00e1chodsko<\/strong> a <strong>Trutnovsko<\/strong>.<\/p>\n<\/div><\/div>\n<\/p><\/div>\n<\/p><\/div>\n<\/p><\/div>\n<\/p><\/div>\n","protected":false},"excerpt":{"rendered":"<p>Popis produktu Polysan Easy Line Sprchov\u00fd kout obd\u00e9ln\u00edkov\u00fd 90&#215;80 \u010dir\u00e9 sklo \u0160\u00ed\u0159ka: 900 mmV\u00fd\u0161ka: 1900 mmHloubka: 800 mmBalen\u00ed: 1 ksTvar: Obd\u00e9ln\u00edk &#8211; rohov\u00fd vstupTyp otev\u00edran\u00ed: Posuvn\u00e9Typ v\u00fdpln\u011b: \u010cIR\u00c9 skloTlou\u0161\u0165ka skla: 6 mmVlastnosti: R\u00e1mov\u00e9 proveden\u00edRozm\u011br: 90&#215;80 cmBarva profilu: Chrom &#8211; Le\u0161t\u011bn\u00fd hlin\u00edkZ\u00e1ruka: 2 roky\u0160\u00ed\u0159ka vstupu: 440 mm Instala\u010dn\u00ed rozm\u011br: 790&#215;890\u00b110 mm Vstup: 440 mm Proveden\u00ed: variabiln\u00ed, [&hellip;]<\/p>\n","protected":false},"featured_media":19836,"comment_status":"open","ping_status":"open","template":"","meta":[],"product_brand":[],"product_cat":[90],"product_tag":[],"class_list":{"0":"post-19736","1":"product","2":"type-product","3":"status-publish","4":"has-post-thumbnail","6":"product_cat-koupelny","8":"first","9":"instock","10":"sale","11":"shipping-taxable","12":"purchasable","13":"product-type-simple"},"yoast_head":"<!-- This site is optimized with the Yoast SEO plugin v26.8 - https:\/\/yoast.com\/product\/yoast-seo-wordpress\/ -->\n<title>V\u00fdhodn\u00e1 Nab\u00eddka Polysan Easy Line Sprchov\u00fd kout obd\u00e9ln\u00edkov\u00fd 90x80 \u010dir\u00e9 sklo -<\/title>\n<meta name=\"robots\" content=\"index, follow, max-snippet:-1, max-image-preview:large, max-video-preview:-1\" \/>\n<link rel=\"canonical\" href=\"https:\/\/www.domkraftpro.com\/index.php\/produkt\/vyhodna-nabidka-polysan-easy-line-sprchovy-kout-obdelnikovy-90x80-cire-sklo-19736\/\" \/>\n<meta property=\"og:locale\" content=\"cs_CZ\" \/>\n<meta property=\"og:type\" content=\"article\" \/>\n<meta property=\"og:title\" content=\"V\u00fdhodn\u00e1 Nab\u00eddka Polysan Easy Line Sprchov\u00fd kout obd\u00e9ln\u00edkov\u00fd 90x80 \u010dir\u00e9 sklo -\" \/>\n<meta property=\"og:description\" content=\"Popis produktu Polysan Easy Line Sprchov\u00fd kout obd\u00e9ln\u00edkov\u00fd 90&#215;80 \u010dir\u00e9 sklo \u0160\u00ed\u0159ka: 900 mmV\u00fd\u0161ka: 1900 mmHloubka: 800 mmBalen\u00ed: 1 ksTvar: Obd\u00e9ln\u00edk &#8211; rohov\u00fd vstupTyp otev\u00edran\u00ed: Posuvn\u00e9Typ v\u00fdpln\u011b: \u010cIR\u00c9 skloTlou\u0161\u0165ka skla: 6 mmVlastnosti: R\u00e1mov\u00e9 proveden\u00edRozm\u011br: 90&#215;80 cmBarva profilu: Chrom &#8211; Le\u0161t\u011bn\u00fd hlin\u00edkZ\u00e1ruka: 2 roky\u0160\u00ed\u0159ka vstupu: 440 mm Instala\u010dn\u00ed rozm\u011br: 790&#215;890\u00b110 mm Vstup: 440 mm Proveden\u00ed: variabiln\u00ed, [&hellip;]\" \/>\n<meta property=\"og:url\" content=\"https:\/\/www.domkraftpro.com\/index.php\/produkt\/vyhodna-nabidka-polysan-easy-line-sprchovy-kout-obdelnikovy-90x80-cire-sklo-19736\/\" \/>\n<meta property=\"og:image\" content=\"https:\/\/www.domkraftpro.com\/wp-content\/uploads\/2026\/SK0007096-CZ20260425-092632-0-1777080397-polysan-easy-line-sprchovy-kout-obdelnikovy-90x80-cire-sklo.webp\" \/>\n\t<meta property=\"og:image:width\" content=\"597\" \/>\n\t<meta property=\"og:image:height\" content=\"600\" \/>\n\t<meta property=\"og:image:type\" content=\"image\/webp\" \/>\n<meta name=\"twitter:card\" content=\"summary_large_image\" \/>\n<meta name=\"twitter:label1\" content=\"Odhadovan\u00e1 doba \u010dten\u00ed\" \/>\n\t<meta name=\"twitter:data1\" content=\"4 minuty\" \/>\n<script type=\"application\/ld+json\" class=\"yoast-schema-graph\">{\"@context\":\"https:\/\/schema.org\",\"@graph\":[{\"@type\":\"WebPage\",\"@id\":\"https:\/\/www.domkraftpro.com\/index.php\/produkt\/vyhodna-nabidka-polysan-easy-line-sprchovy-kout-obdelnikovy-90x80-cire-sklo-19736\/\",\"url\":\"https:\/\/www.domkraftpro.com\/index.php\/produkt\/vyhodna-nabidka-polysan-easy-line-sprchovy-kout-obdelnikovy-90x80-cire-sklo-19736\/\",\"name\":\"V\u00fdhodn\u00e1 Nab\u00eddka Polysan Easy Line Sprchov\u00fd kout obd\u00e9ln\u00edkov\u00fd 90x80 \u010dir\u00e9 sklo -\",\"isPartOf\":{\"@id\":\"https:\/\/www.domkraftpro.com\/#website\"},\"primaryImageOfPage\":{\"@id\":\"https:\/\/www.domkraftpro.com\/index.php\/produkt\/vyhodna-nabidka-polysan-easy-line-sprchovy-kout-obdelnikovy-90x80-cire-sklo-19736\/#primaryimage\"},\"image\":{\"@id\":\"https:\/\/www.domkraftpro.com\/index.php\/produkt\/vyhodna-nabidka-polysan-easy-line-sprchovy-kout-obdelnikovy-90x80-cire-sklo-19736\/#primaryimage\"},\"thumbnailUrl\":\"https:\/\/www.domkraftpro.com\/wp-content\/uploads\/2026\/SK0007096-CZ20260425-092632-0-1777080397-polysan-easy-line-sprchovy-kout-obdelnikovy-90x80-cire-sklo.webp\",\"datePublished\":\"2026-04-27T04:41:12+00:00\",\"breadcrumb\":{\"@id\":\"https:\/\/www.domkraftpro.com\/index.php\/produkt\/vyhodna-nabidka-polysan-easy-line-sprchovy-kout-obdelnikovy-90x80-cire-sklo-19736\/#breadcrumb\"},\"inLanguage\":\"cs\",\"potentialAction\":[{\"@type\":\"ReadAction\",\"target\":[\"https:\/\/www.domkraftpro.com\/index.php\/produkt\/vyhodna-nabidka-polysan-easy-line-sprchovy-kout-obdelnikovy-90x80-cire-sklo-19736\/\"]}]},{\"@type\":\"ImageObject\",\"inLanguage\":\"cs\",\"@id\":\"https:\/\/www.domkraftpro.com\/index.php\/produkt\/vyhodna-nabidka-polysan-easy-line-sprchovy-kout-obdelnikovy-90x80-cire-sklo-19736\/#primaryimage\",\"url\":\"https:\/\/www.domkraftpro.com\/wp-content\/uploads\/2026\/SK0007096-CZ20260425-092632-0-1777080397-polysan-easy-line-sprchovy-kout-obdelnikovy-90x80-cire-sklo.webp\",\"contentUrl\":\"https:\/\/www.domkraftpro.com\/wp-content\/uploads\/2026\/SK0007096-CZ20260425-092632-0-1777080397-polysan-easy-line-sprchovy-kout-obdelnikovy-90x80-cire-sklo.webp\",\"width\":597,\"height\":600},{\"@type\":\"BreadcrumbList\",\"@id\":\"https:\/\/www.domkraftpro.com\/index.php\/produkt\/vyhodna-nabidka-polysan-easy-line-sprchovy-kout-obdelnikovy-90x80-cire-sklo-19736\/#breadcrumb\",\"itemListElement\":[{\"@type\":\"ListItem\",\"position\":1,\"name\":\"Home\",\"item\":\"https:\/\/www.domkraftpro.com\/\"},{\"@type\":\"ListItem\",\"position\":2,\"name\":\"Products\",\"item\":\"https:\/\/www.domkraftpro.com\/index.php\/products\/\"},{\"@type\":\"ListItem\",\"position\":3,\"name\":\"V\u00fdhodn\u00e1 Nab\u00eddka Polysan Easy Line Sprchov\u00fd kout obd\u00e9ln\u00edkov\u00fd 90&#215;80 \u010dir\u00e9 sklo\"}]},{\"@type\":\"WebSite\",\"@id\":\"https:\/\/www.domkraftpro.com\/#website\",\"url\":\"https:\/\/www.domkraftpro.com\/\",\"name\":\"\",\"description\":\"\",\"potentialAction\":[{\"@type\":\"SearchAction\",\"target\":{\"@type\":\"EntryPoint\",\"urlTemplate\":\"https:\/\/www.domkraftpro.com\/?s={search_term_string}\"},\"query-input\":{\"@type\":\"PropertyValueSpecification\",\"valueRequired\":true,\"valueName\":\"search_term_string\"}}],\"inLanguage\":\"cs\"}]}<\/script>\n<!-- \/ Yoast SEO plugin. -->","yoast_head_json":{"title":"V\u00fdhodn\u00e1 Nab\u00eddka Polysan Easy Line Sprchov\u00fd kout obd\u00e9ln\u00edkov\u00fd 90x80 \u010dir\u00e9 sklo -","robots":{"index":"index","follow":"follow","max-snippet":"max-snippet:-1","max-image-preview":"max-image-preview:large","max-video-preview":"max-video-preview:-1"},"canonical":"https:\/\/www.domkraftpro.com\/index.php\/produkt\/vyhodna-nabidka-polysan-easy-line-sprchovy-kout-obdelnikovy-90x80-cire-sklo-19736\/","og_locale":"cs_CZ","og_type":"article","og_title":"V\u00fdhodn\u00e1 Nab\u00eddka Polysan Easy Line Sprchov\u00fd kout obd\u00e9ln\u00edkov\u00fd 90x80 \u010dir\u00e9 sklo -","og_description":"Popis produktu Polysan Easy Line Sprchov\u00fd kout obd\u00e9ln\u00edkov\u00fd 90&#215;80 \u010dir\u00e9 sklo \u0160\u00ed\u0159ka: 900 mmV\u00fd\u0161ka: 1900 mmHloubka: 800 mmBalen\u00ed: 1 ksTvar: Obd\u00e9ln\u00edk &#8211; rohov\u00fd vstupTyp otev\u00edran\u00ed: Posuvn\u00e9Typ v\u00fdpln\u011b: \u010cIR\u00c9 skloTlou\u0161\u0165ka skla: 6 mmVlastnosti: R\u00e1mov\u00e9 proveden\u00edRozm\u011br: 90&#215;80 cmBarva profilu: Chrom &#8211; Le\u0161t\u011bn\u00fd hlin\u00edkZ\u00e1ruka: 2 roky\u0160\u00ed\u0159ka vstupu: 440 mm Instala\u010dn\u00ed rozm\u011br: 790&#215;890\u00b110 mm Vstup: 440 mm Proveden\u00ed: variabiln\u00ed, [&hellip;]","og_url":"https:\/\/www.domkraftpro.com\/index.php\/produkt\/vyhodna-nabidka-polysan-easy-line-sprchovy-kout-obdelnikovy-90x80-cire-sklo-19736\/","og_image":[{"width":597,"height":600,"url":"https:\/\/www.domkraftpro.com\/wp-content\/uploads\/2026\/SK0007096-CZ20260425-092632-0-1777080397-polysan-easy-line-sprchovy-kout-obdelnikovy-90x80-cire-sklo.webp","type":"image\/webp"}],"twitter_card":"summary_large_image","twitter_misc":{"Odhadovan\u00e1 doba \u010dten\u00ed":"4 minuty"},"schema":{"@context":"https:\/\/schema.org","@graph":[{"@type":"WebPage","@id":"https:\/\/www.domkraftpro.com\/index.php\/produkt\/vyhodna-nabidka-polysan-easy-line-sprchovy-kout-obdelnikovy-90x80-cire-sklo-19736\/","url":"https:\/\/www.domkraftpro.com\/index.php\/produkt\/vyhodna-nabidka-polysan-easy-line-sprchovy-kout-obdelnikovy-90x80-cire-sklo-19736\/","name":"V\u00fdhodn\u00e1 Nab\u00eddka Polysan Easy Line Sprchov\u00fd kout obd\u00e9ln\u00edkov\u00fd 90x80 \u010dir\u00e9 sklo -","isPartOf":{"@id":"https:\/\/www.domkraftpro.com\/#website"},"primaryImageOfPage":{"@id":"https:\/\/www.domkraftpro.com\/index.php\/produkt\/vyhodna-nabidka-polysan-easy-line-sprchovy-kout-obdelnikovy-90x80-cire-sklo-19736\/#primaryimage"},"image":{"@id":"https:\/\/www.domkraftpro.com\/index.php\/produkt\/vyhodna-nabidka-polysan-easy-line-sprchovy-kout-obdelnikovy-90x80-cire-sklo-19736\/#primaryimage"},"thumbnailUrl":"https:\/\/www.domkraftpro.com\/wp-content\/uploads\/2026\/SK0007096-CZ20260425-092632-0-1777080397-polysan-easy-line-sprchovy-kout-obdelnikovy-90x80-cire-sklo.webp","datePublished":"2026-04-27T04:41:12+00:00","breadcrumb":{"@id":"https:\/\/www.domkraftpro.com\/index.php\/produkt\/vyhodna-nabidka-polysan-easy-line-sprchovy-kout-obdelnikovy-90x80-cire-sklo-19736\/#breadcrumb"},"inLanguage":"cs","potentialAction":[{"@type":"ReadAction","target":["https:\/\/www.domkraftpro.com\/index.php\/produkt\/vyhodna-nabidka-polysan-easy-line-sprchovy-kout-obdelnikovy-90x80-cire-sklo-19736\/"]}]},{"@type":"ImageObject","inLanguage":"cs","@id":"https:\/\/www.domkraftpro.com\/index.php\/produkt\/vyhodna-nabidka-polysan-easy-line-sprchovy-kout-obdelnikovy-90x80-cire-sklo-19736\/#primaryimage","url":"https:\/\/www.domkraftpro.com\/wp-content\/uploads\/2026\/SK0007096-CZ20260425-092632-0-1777080397-polysan-easy-line-sprchovy-kout-obdelnikovy-90x80-cire-sklo.webp","contentUrl":"https:\/\/www.domkraftpro.com\/wp-content\/uploads\/2026\/SK0007096-CZ20260425-092632-0-1777080397-polysan-easy-line-sprchovy-kout-obdelnikovy-90x80-cire-sklo.webp","width":597,"height":600},{"@type":"BreadcrumbList","@id":"https:\/\/www.domkraftpro.com\/index.php\/produkt\/vyhodna-nabidka-polysan-easy-line-sprchovy-kout-obdelnikovy-90x80-cire-sklo-19736\/#breadcrumb","itemListElement":[{"@type":"ListItem","position":1,"name":"Home","item":"https:\/\/www.domkraftpro.com\/"},{"@type":"ListItem","position":2,"name":"Products","item":"https:\/\/www.domkraftpro.com\/index.php\/products\/"},{"@type":"ListItem","position":3,"name":"V\u00fdhodn\u00e1 Nab\u00eddka Polysan Easy Line Sprchov\u00fd kout obd\u00e9ln\u00edkov\u00fd 90&#215;80 \u010dir\u00e9 sklo"}]},{"@type":"WebSite","@id":"https:\/\/www.domkraftpro.com\/#website","url":"https:\/\/www.domkraftpro.com\/","name":"","description":"","potentialAction":[{"@type":"SearchAction","target":{"@type":"EntryPoint","urlTemplate":"https:\/\/www.domkraftpro.com\/?s={search_term_string}"},"query-input":{"@type":"PropertyValueSpecification","valueRequired":true,"valueName":"search_term_string"}}],"inLanguage":"cs"}]}},"_links":{"self":[{"href":"https:\/\/www.domkraftpro.com\/index.php\/wp-json\/wp\/v2\/product\/19736","targetHints":{"allow":["GET"]}}],"collection":[{"href":"https:\/\/www.domkraftpro.com\/index.php\/wp-json\/wp\/v2\/product"}],"about":[{"href":"https:\/\/www.domkraftpro.com\/index.php\/wp-json\/wp\/v2\/types\/product"}],"replies":[{"embeddable":true,"href":"https:\/\/www.domkraftpro.com\/index.php\/wp-json\/wp\/v2\/comments?post=19736"}],"wp:featuredmedia":[{"embeddable":true,"href":"https:\/\/www.domkraftpro.com\/index.php\/wp-json\/wp\/v2\/media\/19836"}],"wp:attachment":[{"href":"https:\/\/www.domkraftpro.com\/index.php\/wp-json\/wp\/v2\/media?parent=19736"}],"wp:term":[{"taxonomy":"product_brand","embeddable":true,"href":"https:\/\/www.domkraftpro.com\/index.php\/wp-json\/wp\/v2\/product_brand?post=19736"},{"taxonomy":"product_cat","embeddable":true,"href":"https:\/\/www.domkraftpro.com\/index.php\/wp-json\/wp\/v2\/product_cat?post=19736"},{"taxonomy":"product_tag","embeddable":true,"href":"https:\/\/www.domkraftpro.com\/index.php\/wp-json\/wp\/v2\/product_tag?post=19736"}],"curies":[{"name":"wp","href":"https:\/\/api.w.org\/{rel}","templated":true}]}}