{"id":19727,"date":"2026-04-27T04:41:12","date_gmt":"2026-04-27T04:41:12","guid":{"rendered":""},"modified":"2026-04-27T04:41:12","modified_gmt":"2026-04-27T04:41:12","slug":"akce-topna-tyc-patrona-s-termostatem-graphite-600-w-19727","status":"publish","type":"product","link":"https:\/\/www.domkraftpro.com\/produkt\/akce-topna-tyc-patrona-s-termostatem-graphite-600-w-19727\/","title":{"rendered":"Akce Topn\u00e1 ty\u010d PATRONA s termostatem, Graphite, 600 W"},"content":{"rendered":"<div class=\"basic-description\">\n<h3>Detailn\u00ed popis produktu<\/h3>\n<p>Elektrick\u00e9 topn\u00e9 ty\u010de jsou vhodn\u00e9 pro koupelnov\u00e9 \u017eeb\u0159\u00edky, kter\u00e9 maj\u00ed v popisku uvedeno, \u017ee jsou vhodn\u00e9 tak\u00e9 pro vyt\u00e1p\u011bn\u00ed elektrickou topnou ty\u010d\u00ed. Velmi jednoduch\u00e1 instalace, ty\u010d se pouze zasune do radi\u00e1toru a zapoj\u00ed do z\u00e1suvky (kroucen\u00fd kabel se z\u00e1str\u010dkou).\u00a0<\/p>\n<p>S t\u0159\u00eddou <strong>IP 65<\/strong> jsou tyto topn\u00e9 ty\u010de <strong>nejbezpe\u010dn\u011bj\u0161\u00ed<\/strong> produkt na trhu s <strong>nejvy\u0161\u0161\u00ed \u00farovn\u00ed odolnosti<\/strong> proti vod\u011b a prachu.<\/p>\n<p><strong>Topn\u00e1 ty\u010d s termostatem HOPA:\u00a0<\/strong><\/p>\n<ul>\n<li>9 barevn\u00fdch proveden\u00ed<\/li>\n<li>plynul\u00e1 regulace 0 &#8211; 65\u00b0C<\/li>\n<li>termostat zabra\u0148uj\u00edc\u00ed p\u0159eh\u0159\u00e1t\u00ed (\u010didlo uvnit\u0159 radi\u00e1toru &#8211; nep\u0159et\u00e1p\u00ed se)<\/li>\n<li>sv\u011bteln\u00e1 signalizace provozu<\/li>\n<li>z\u00e1vit ty\u010de 1\/2&#8243;<\/li>\n<li>kryt\u00ed <strong>IP65<\/strong><\/li>\n<li><strong>u topn\u00e9 ty\u010de s v\u00fdkonem nad 900 W p\u0159\u00edvodn\u00ed \u0161\u0148\u016fra pouze v b\u00edl\u00e9 barv\u011b<\/strong><\/li>\n<\/ul>\n<p><strong>Barevn\u00e9 varianty topn\u00fdch ty\u010d\u00ed:<\/strong><\/p>\n<ul>\n<li><strong>Barva b\u00edl\u00e1:<\/strong> 150 W, 300 W, 600 W, 900 W, 1200 W<\/li>\n<li><strong>Barva chrom:<\/strong>\u00a0150 W, 300 W, 600 W, 900 W, 1200 W<\/li>\n<li><strong>Barva chrom matt\/\u0161ed\u00e1:<\/strong> 150 W, 300 W, 600 W, 900 W, 1200 W<\/li>\n<li><strong>Barva mosaz (zlat\u00e1 matn\u00e1):<\/strong>\u00a0 150 W, 300 W, 600 W, 900 W<\/li>\n<li><strong>Barva \u010dern\u00e1 leskl\u00e1:<\/strong>\u00a0 150 W, 300 W, 600 W, 900 W<\/li>\n<li><strong>Barva \u010dern\u00e1 matn\u00e1<\/strong>: 150 W, 300 W, 600 W, 900 W,<\/li>\n<li><strong>Barva anthracite:<\/strong>\u00a0 150 W, 300 W, 600 W, 900 W<\/li>\n<li><strong>Barva graphite:<\/strong>\u00a0 150 W, 300 W, 600 W, 900 W<\/li>\n<li><strong>Barva leskl\u00e1 zlat\u00e1<\/strong>: 150 W, 300 W, 600 W, 900 W<\/li>\n<\/ul>\n<h3><strong>Z\u00c1RUKA 2 ROKY<\/strong><\/h3>\n<p><strong><\/strong><\/p>\n<p><strong>VIDEO:<\/strong><\/p>\n<p><strong><\/strong><\/p>\n<\/p>\n<\/p>\n<\/p>\n<\/p>\n<\/p>\n<\/p>\n<\/p>\n<\/p>\n<\/p>\n<\/p>\n<\/p>\n<\/p>\n<\/p>\n<\/p>\n<\/p>\n<p><video width=\"400\" height=\"300\" controls=\"\"><strong><\/strong><source src=\"\/img\/cms\/Topn%C3%A1%20ty%C4%8D%20s%20termostatem%20(1).mp4\" type=\"video\/mp4\"><strong><\/strong><\/source><strong><\/strong><\/video><strong><\/strong>                            <\/div>\n<div class=\"extended-description\">\n<h3>Dopl\u0148kov\u00e9 parametry<\/h3>\n<table class=\"detail-parameters\">\n<tbody>\n<tr>\n<th>        <span class=\"row-header-label\">            Kategorie<span class=\"row-header-label-colon\">:<\/span>        <\/span>    <\/th>\n<td>            <\/td>\n<\/tr>\n<tr>\n<th>            <span class=\"row-header-label\">                Z\u00e1ruka<span class=\"row-header-label-colon\">:<\/span>            <\/span>        <\/th>\n<td>            2 roky        <\/td>\n<\/tr>\n<tr>\n<th>            <span class=\"row-header-label\">                Hmotnost<span class=\"row-header-label-colon\">:<\/span>            <\/span>        <\/th>\n<td>            0.63 kg        <\/td>\n<\/tr>\n<tr class=\"productEan\">\n<th>          <span class=\"row-header-label productEan__label\">              EAN<span class=\"row-header-label-colon\">:<\/span>          <\/span>      <\/th>\n<td>          <span class=\"productEan__value\">8595141939514<\/span>      <\/td>\n<\/tr>\n<tr>\n<th>                <span class=\"row-header-label\">                                            Barva<span class=\"row-header-label-colon\">:<\/span>                                    <\/span>            <\/th>\n<td>                                                            Mosaz,Chrom &#8211; matn\u00fd,Graphite,Anthracite,Zlat\u00e1 leskl\u00e1,B\u00edl\u00e1 leskl\u00e1,Chrom,St\u0159\u00edbrn\u00e1,\u010cern\u00e1,\u010cern\u00e1 matn\u00e1                                                <\/td>\n<\/tr>\n<tr>\n<th>                <span class=\"row-header-label\">                                            Barva topn\u00e9 ty\u010de<span class=\"row-header-label-colon\">:<\/span>                                    <\/span>            <\/th>\n<td>                                                            Graphite                                                <\/td>\n<\/tr>\n<tr>\n<th>                <span class=\"row-header-label\">                                            Katalog<span class=\"row-header-label-colon\">:<\/span>                                    <\/span>            <\/th>\n<td>                                                            HOPA Koupelny                                                <\/td>\n<\/tr>\n<tr>\n<th>                <span class=\"row-header-label\">                                            S\u00e9rie<span class=\"row-header-label-colon\">:<\/span>                                    <\/span>            <\/th>\n<td>                                                            PATRONA                                                <\/td>\n<\/tr>\n<tr>\n<th>                <span class=\"row-header-label\">                                            Skupina artiklu<span class=\"row-header-label-colon\">:<\/span>                                    <\/span>            <\/th>\n<td>                                                            S20                                                <\/td>\n<\/tr>\n<tr>\n<th>                <span class=\"row-header-label\">                                            Stupe\u0148 kryt\u00ed<span class=\"row-header-label-colon\">:<\/span>                                    <\/span>            <\/th>\n<td>                                                            IP65                                                <\/td>\n<\/tr>\n<tr>\n<th>                <span class=\"row-header-label\">                                            Top Produkt<span class=\"row-header-label-colon\">:<\/span>                                    <\/span>            <\/th>\n<td>                                                            Ano                                                <\/td>\n<\/tr>\n<tr>\n<th>                <span class=\"row-header-label\">                                            V\u00fdkon<span class=\"row-header-label-colon\">:<\/span>                                    <\/span>            <\/th>\n<td>                                                            600 W,300 W,900 W,1200 W,150 W                                                <\/td>\n<\/tr>\n<tr>\n<th>                <span class=\"row-header-label\">                                            V\u00fdkon topn\u00e9 ty\u010de<span class=\"row-header-label-colon\">:<\/span>                                    <\/span>            <\/th>\n<td>                                                            600 W                                                <\/td>\n<\/tr>\n<tr>\n<th>                <span class=\"row-header-label\">                                            Z\u00e1ruka<span class=\"row-header-label-colon\">:<\/span>                                    <\/span>            <\/th>\n<td>                                                            2 roky                                                <\/td>\n<\/tr>\n<\/tbody>\n<\/table><\/div>\n<\/p><\/div>\n<\/p><\/div>\n","protected":false},"excerpt":{"rendered":"<p>Detailn\u00ed popis produktu Elektrick\u00e9 topn\u00e9 ty\u010de jsou vhodn\u00e9 pro koupelnov\u00e9 \u017eeb\u0159\u00edky, kter\u00e9 maj\u00ed v popisku uvedeno, \u017ee jsou vhodn\u00e9 tak\u00e9 pro vyt\u00e1p\u011bn\u00ed elektrickou topnou ty\u010d\u00ed. Velmi jednoduch\u00e1 instalace, ty\u010d se pouze zasune do radi\u00e1toru a zapoj\u00ed do z\u00e1suvky (kroucen\u00fd kabel se z\u00e1str\u010dkou).\u00a0 S t\u0159\u00eddou IP 65 jsou tyto topn\u00e9 ty\u010de nejbezpe\u010dn\u011bj\u0161\u00ed produkt na trhu s [&hellip;]<\/p>\n","protected":false},"featured_media":19827,"comment_status":"open","ping_status":"open","template":"","meta":[],"product_brand":[],"product_cat":[66],"product_tag":[],"class_list":{"0":"post-19727","1":"product","2":"type-product","3":"status-publish","4":"has-post-thumbnail","6":"product_cat-koupelnove-radiatory","8":"first","9":"instock","10":"sale","11":"shipping-taxable","12":"purchasable","13":"product-type-simple"},"yoast_head":"<!-- This site is optimized with the Yoast SEO plugin v26.8 - https:\/\/yoast.com\/product\/yoast-seo-wordpress\/ -->\n<title>Akce Topn\u00e1 ty\u010d PATRONA s termostatem, Graphite, 600 W -<\/title>\n<meta name=\"robots\" content=\"index, follow, max-snippet:-1, max-image-preview:large, max-video-preview:-1\" \/>\n<link rel=\"canonical\" href=\"https:\/\/www.domkraftpro.com\/index.php\/produkt\/akce-topna-tyc-patrona-s-termostatem-graphite-600-w-19727\/\" \/>\n<meta property=\"og:locale\" content=\"cs_CZ\" \/>\n<meta property=\"og:type\" content=\"article\" \/>\n<meta property=\"og:title\" content=\"Akce Topn\u00e1 ty\u010d PATRONA s termostatem, Graphite, 600 W -\" \/>\n<meta property=\"og:description\" content=\"Detailn\u00ed popis produktu Elektrick\u00e9 topn\u00e9 ty\u010de jsou vhodn\u00e9 pro koupelnov\u00e9 \u017eeb\u0159\u00edky, kter\u00e9 maj\u00ed v popisku uvedeno, \u017ee jsou vhodn\u00e9 tak\u00e9 pro vyt\u00e1p\u011bn\u00ed elektrickou topnou ty\u010d\u00ed. Velmi jednoduch\u00e1 instalace, ty\u010d se pouze zasune do radi\u00e1toru a zapoj\u00ed do z\u00e1suvky (kroucen\u00fd kabel se z\u00e1str\u010dkou).\u00a0 S t\u0159\u00eddou IP 65 jsou tyto topn\u00e9 ty\u010de nejbezpe\u010dn\u011bj\u0161\u00ed produkt na trhu s [&hellip;]\" \/>\n<meta property=\"og:url\" content=\"https:\/\/www.domkraftpro.com\/index.php\/produkt\/akce-topna-tyc-patrona-s-termostatem-graphite-600-w-19727\/\" \/>\n<meta property=\"og:image\" content=\"https:\/\/www.domkraftpro.com\/wp-content\/uploads\/2026\/SK0008452-CZ20260425-092556-0-1777080363-822567-2_topna-tyc-patrona-s-termostatem.webp\" \/>\n\t<meta property=\"og:image:width\" content=\"1000\" \/>\n\t<meta property=\"og:image:height\" content=\"750\" \/>\n\t<meta property=\"og:image:type\" content=\"image\/webp\" \/>\n<meta name=\"twitter:card\" content=\"summary_large_image\" \/>\n<meta name=\"twitter:label1\" content=\"Odhadovan\u00e1 doba \u010dten\u00ed\" \/>\n\t<meta name=\"twitter:data1\" content=\"1 minuta\" \/>\n<script type=\"application\/ld+json\" class=\"yoast-schema-graph\">{\"@context\":\"https:\/\/schema.org\",\"@graph\":[{\"@type\":\"WebPage\",\"@id\":\"https:\/\/www.domkraftpro.com\/index.php\/produkt\/akce-topna-tyc-patrona-s-termostatem-graphite-600-w-19727\/\",\"url\":\"https:\/\/www.domkraftpro.com\/index.php\/produkt\/akce-topna-tyc-patrona-s-termostatem-graphite-600-w-19727\/\",\"name\":\"Akce Topn\u00e1 ty\u010d PATRONA s termostatem, Graphite, 600 W -\",\"isPartOf\":{\"@id\":\"https:\/\/www.domkraftpro.com\/#website\"},\"primaryImageOfPage\":{\"@id\":\"https:\/\/www.domkraftpro.com\/index.php\/produkt\/akce-topna-tyc-patrona-s-termostatem-graphite-600-w-19727\/#primaryimage\"},\"image\":{\"@id\":\"https:\/\/www.domkraftpro.com\/index.php\/produkt\/akce-topna-tyc-patrona-s-termostatem-graphite-600-w-19727\/#primaryimage\"},\"thumbnailUrl\":\"https:\/\/www.domkraftpro.com\/wp-content\/uploads\/2026\/SK0008452-CZ20260425-092556-0-1777080363-822567-2_topna-tyc-patrona-s-termostatem.webp\",\"datePublished\":\"2026-04-27T04:41:12+00:00\",\"breadcrumb\":{\"@id\":\"https:\/\/www.domkraftpro.com\/index.php\/produkt\/akce-topna-tyc-patrona-s-termostatem-graphite-600-w-19727\/#breadcrumb\"},\"inLanguage\":\"cs\",\"potentialAction\":[{\"@type\":\"ReadAction\",\"target\":[\"https:\/\/www.domkraftpro.com\/index.php\/produkt\/akce-topna-tyc-patrona-s-termostatem-graphite-600-w-19727\/\"]}]},{\"@type\":\"ImageObject\",\"inLanguage\":\"cs\",\"@id\":\"https:\/\/www.domkraftpro.com\/index.php\/produkt\/akce-topna-tyc-patrona-s-termostatem-graphite-600-w-19727\/#primaryimage\",\"url\":\"https:\/\/www.domkraftpro.com\/wp-content\/uploads\/2026\/SK0008452-CZ20260425-092556-0-1777080363-822567-2_topna-tyc-patrona-s-termostatem.webp\",\"contentUrl\":\"https:\/\/www.domkraftpro.com\/wp-content\/uploads\/2026\/SK0008452-CZ20260425-092556-0-1777080363-822567-2_topna-tyc-patrona-s-termostatem.webp\",\"width\":1000,\"height\":750},{\"@type\":\"BreadcrumbList\",\"@id\":\"https:\/\/www.domkraftpro.com\/index.php\/produkt\/akce-topna-tyc-patrona-s-termostatem-graphite-600-w-19727\/#breadcrumb\",\"itemListElement\":[{\"@type\":\"ListItem\",\"position\":1,\"name\":\"Home\",\"item\":\"https:\/\/www.domkraftpro.com\/\"},{\"@type\":\"ListItem\",\"position\":2,\"name\":\"Products\",\"item\":\"https:\/\/www.domkraftpro.com\/products\/\"},{\"@type\":\"ListItem\",\"position\":3,\"name\":\"Akce Topn\u00e1 ty\u010d PATRONA s termostatem, Graphite, 600 W\"}]},{\"@type\":\"WebSite\",\"@id\":\"https:\/\/www.domkraftpro.com\/#website\",\"url\":\"https:\/\/www.domkraftpro.com\/\",\"name\":\"\",\"description\":\"\",\"potentialAction\":[{\"@type\":\"SearchAction\",\"target\":{\"@type\":\"EntryPoint\",\"urlTemplate\":\"https:\/\/www.domkraftpro.com\/?s={search_term_string}\"},\"query-input\":{\"@type\":\"PropertyValueSpecification\",\"valueRequired\":true,\"valueName\":\"search_term_string\"}}],\"inLanguage\":\"cs\"}]}<\/script>\n<!-- \/ Yoast SEO plugin. -->","yoast_head_json":{"title":"Akce Topn\u00e1 ty\u010d PATRONA s termostatem, Graphite, 600 W -","robots":{"index":"index","follow":"follow","max-snippet":"max-snippet:-1","max-image-preview":"max-image-preview:large","max-video-preview":"max-video-preview:-1"},"canonical":"https:\/\/www.domkraftpro.com\/index.php\/produkt\/akce-topna-tyc-patrona-s-termostatem-graphite-600-w-19727\/","og_locale":"cs_CZ","og_type":"article","og_title":"Akce Topn\u00e1 ty\u010d PATRONA s termostatem, Graphite, 600 W -","og_description":"Detailn\u00ed popis produktu Elektrick\u00e9 topn\u00e9 ty\u010de jsou vhodn\u00e9 pro koupelnov\u00e9 \u017eeb\u0159\u00edky, kter\u00e9 maj\u00ed v popisku uvedeno, \u017ee jsou vhodn\u00e9 tak\u00e9 pro vyt\u00e1p\u011bn\u00ed elektrickou topnou ty\u010d\u00ed. Velmi jednoduch\u00e1 instalace, ty\u010d se pouze zasune do radi\u00e1toru a zapoj\u00ed do z\u00e1suvky (kroucen\u00fd kabel se z\u00e1str\u010dkou).\u00a0 S t\u0159\u00eddou IP 65 jsou tyto topn\u00e9 ty\u010de nejbezpe\u010dn\u011bj\u0161\u00ed produkt na trhu s [&hellip;]","og_url":"https:\/\/www.domkraftpro.com\/index.php\/produkt\/akce-topna-tyc-patrona-s-termostatem-graphite-600-w-19727\/","og_image":[{"width":1000,"height":750,"url":"https:\/\/www.domkraftpro.com\/wp-content\/uploads\/2026\/SK0008452-CZ20260425-092556-0-1777080363-822567-2_topna-tyc-patrona-s-termostatem.webp","type":"image\/webp"}],"twitter_card":"summary_large_image","twitter_misc":{"Odhadovan\u00e1 doba \u010dten\u00ed":"1 minuta"},"schema":{"@context":"https:\/\/schema.org","@graph":[{"@type":"WebPage","@id":"https:\/\/www.domkraftpro.com\/index.php\/produkt\/akce-topna-tyc-patrona-s-termostatem-graphite-600-w-19727\/","url":"https:\/\/www.domkraftpro.com\/index.php\/produkt\/akce-topna-tyc-patrona-s-termostatem-graphite-600-w-19727\/","name":"Akce Topn\u00e1 ty\u010d PATRONA s termostatem, Graphite, 600 W -","isPartOf":{"@id":"https:\/\/www.domkraftpro.com\/#website"},"primaryImageOfPage":{"@id":"https:\/\/www.domkraftpro.com\/index.php\/produkt\/akce-topna-tyc-patrona-s-termostatem-graphite-600-w-19727\/#primaryimage"},"image":{"@id":"https:\/\/www.domkraftpro.com\/index.php\/produkt\/akce-topna-tyc-patrona-s-termostatem-graphite-600-w-19727\/#primaryimage"},"thumbnailUrl":"https:\/\/www.domkraftpro.com\/wp-content\/uploads\/2026\/SK0008452-CZ20260425-092556-0-1777080363-822567-2_topna-tyc-patrona-s-termostatem.webp","datePublished":"2026-04-27T04:41:12+00:00","breadcrumb":{"@id":"https:\/\/www.domkraftpro.com\/index.php\/produkt\/akce-topna-tyc-patrona-s-termostatem-graphite-600-w-19727\/#breadcrumb"},"inLanguage":"cs","potentialAction":[{"@type":"ReadAction","target":["https:\/\/www.domkraftpro.com\/index.php\/produkt\/akce-topna-tyc-patrona-s-termostatem-graphite-600-w-19727\/"]}]},{"@type":"ImageObject","inLanguage":"cs","@id":"https:\/\/www.domkraftpro.com\/index.php\/produkt\/akce-topna-tyc-patrona-s-termostatem-graphite-600-w-19727\/#primaryimage","url":"https:\/\/www.domkraftpro.com\/wp-content\/uploads\/2026\/SK0008452-CZ20260425-092556-0-1777080363-822567-2_topna-tyc-patrona-s-termostatem.webp","contentUrl":"https:\/\/www.domkraftpro.com\/wp-content\/uploads\/2026\/SK0008452-CZ20260425-092556-0-1777080363-822567-2_topna-tyc-patrona-s-termostatem.webp","width":1000,"height":750},{"@type":"BreadcrumbList","@id":"https:\/\/www.domkraftpro.com\/index.php\/produkt\/akce-topna-tyc-patrona-s-termostatem-graphite-600-w-19727\/#breadcrumb","itemListElement":[{"@type":"ListItem","position":1,"name":"Home","item":"https:\/\/www.domkraftpro.com\/"},{"@type":"ListItem","position":2,"name":"Products","item":"https:\/\/www.domkraftpro.com\/products\/"},{"@type":"ListItem","position":3,"name":"Akce Topn\u00e1 ty\u010d PATRONA s termostatem, Graphite, 600 W"}]},{"@type":"WebSite","@id":"https:\/\/www.domkraftpro.com\/#website","url":"https:\/\/www.domkraftpro.com\/","name":"","description":"","potentialAction":[{"@type":"SearchAction","target":{"@type":"EntryPoint","urlTemplate":"https:\/\/www.domkraftpro.com\/?s={search_term_string}"},"query-input":{"@type":"PropertyValueSpecification","valueRequired":true,"valueName":"search_term_string"}}],"inLanguage":"cs"}]}},"_links":{"self":[{"href":"https:\/\/www.domkraftpro.com\/wp-json\/wp\/v2\/product\/19727","targetHints":{"allow":["GET"]}}],"collection":[{"href":"https:\/\/www.domkraftpro.com\/wp-json\/wp\/v2\/product"}],"about":[{"href":"https:\/\/www.domkraftpro.com\/wp-json\/wp\/v2\/types\/product"}],"replies":[{"embeddable":true,"href":"https:\/\/www.domkraftpro.com\/wp-json\/wp\/v2\/comments?post=19727"}],"wp:featuredmedia":[{"embeddable":true,"href":"https:\/\/www.domkraftpro.com\/wp-json\/wp\/v2\/media\/19827"}],"wp:attachment":[{"href":"https:\/\/www.domkraftpro.com\/wp-json\/wp\/v2\/media?parent=19727"}],"wp:term":[{"taxonomy":"product_brand","embeddable":true,"href":"https:\/\/www.domkraftpro.com\/wp-json\/wp\/v2\/product_brand?post=19727"},{"taxonomy":"product_cat","embeddable":true,"href":"https:\/\/www.domkraftpro.com\/wp-json\/wp\/v2\/product_cat?post=19727"},{"taxonomy":"product_tag","embeddable":true,"href":"https:\/\/www.domkraftpro.com\/wp-json\/wp\/v2\/product_tag?post=19727"}],"curies":[{"name":"wp","href":"https:\/\/api.w.org\/{rel}","templated":true}]}}