{"id":19702,"date":"2026-04-27T04:41:12","date_gmt":"2026-04-27T04:41:12","guid":{"rendered":""},"modified":"2026-04-27T04:41:12","modified_gmt":"2026-04-27T04:41:12","slug":"sezonni-sleva-hlavova-sprcha-s-vodopadem-stromboli-plus-19702","status":"publish","type":"product","link":"https:\/\/www.domkraftpro.com\/index.php\/produkt\/sezonni-sleva-hlavova-sprcha-s-vodopadem-stromboli-plus-19702\/","title":{"rendered":"Sez\u00f3nn\u00ed Sleva Hlavov\u00e1 sprcha s vodop\u00e1dem STROMBOLI PLUS"},"content":{"rendered":"<div class=\"basic-description\">\n<h3>Detailn\u00ed popis produktu<\/h3>\n<p>                                    <html><body><\/p>\n<p><strong>N\u00e1st\u011bnn\u00e9 sprchy<\/strong> nab\u00edz\u00edme ve jedn\u00e9 variant\u011b a to\u00a0 <strong>s kask\u00e1dov\u00fdm p\u0159\u00edlivem vody<\/strong> a<strong> klasickou hlavovou sprchou<\/strong>. Hlavov\u00e9 sprchy ke sv\u00e9 funkci pot\u0159ebuj\u00ed podom\u00edtkovou baterii bez p\u0159ep\u00edna\u010de. Pokud m\u00e1 hlavov\u00e1 sprcha i kask\u00e1dov\u00fd p\u0159\u00edliv vody tak s dvoucestn\u00fdm p\u0159ep\u00edna\u010dem. V p\u0159\u00edpad\u011b, \u017ee chcete vyu\u017e\u00edvat je\u0161t\u011b ru\u010dn\u00ed sprchu, doporu\u010dujeme pou\u017e\u00edt baterii t\u0159\u00edcestnou, nebo p\u0159idat k dvoucestn\u00e9 baterii je\u0161t\u011b baterii jednocestnou nebo pou\u017e\u00edt t\u0159i jednocestn\u00e9 baterie pro ka\u017edou funkci zvl\u00e1\u0161\u0165. Hlavov\u00e9 sprchy zachycuj\u00ed dynamiku vody. Vzhled, kter\u00fd nikdy nezev\u0161edn\u00ed a kvalita pou\u017eit\u00fdch materi\u00e1l\u016f V\u00e1m p\u0159inesou jistotu spr\u00e1vn\u00e9 volby hlavov\u00e9 sprchy pro V\u00e1\u0161 domov. Sprcha je vyrobena z kvalitn\u00ed nerezov\u00e9 oceli s vysok\u00fdm leskem a s \u00fapravou trysek (ANTI CALK) pro snaz\u0161\u00ed \u00fadr\u017ebu.<\/p>\n<p>Pro vytvo\u0159en\u00ed velmi obl\u00edben\u00e9 kombinace s <strong>hlavovou sprchou<\/strong> se pod\u00edvejte na\u00a0podom\u00edtkov\u00e9 baterie, kter\u00e9 skv\u011ble dopln\u00ed tuto hlavovou sprchu. Pro tuto hlavovou sprchu je nutn\u00e1 podom\u00edtkov\u00e1 baterie s p\u0159ep\u00edna\u010dem, dvoucestn\u00e1. Pokud je\u0161t\u011b chcete pou\u017e\u00edvat ru\u010dn\u00ed sprchu, je t\u0159eba baterie t\u0159\u00edcestn\u00e1, nebo samostatn\u00fd podom\u00edtkov\u00fd modul.<\/p>\n<ul>\n<li><strong>Rozm\u011br: <\/strong>500\u00a0\u00d7 220\u00a0\u00d7 30 mm<\/li>\n<li><strong>Materi\u00e1l:<\/strong>\u00a0nerezov\u00e1 leskl\u00e1 ocel<\/li>\n<\/ul>\n<ul>\n<li><strong>Z\u00c1RUKA 2 ROKY<\/strong><\/li>\n<\/ul>\n<p><\/body><\/html>                            <\/div>\n<div class=\"extended-description\">\n<h3>Dopl\u0148kov\u00e9 parametry<\/h3>\n<table class=\"detail-parameters\">\n<tbody>\n<tr>\n<th>        <span class=\"row-header-label\">            Kategorie<span class=\"row-header-label-colon\">:<\/span>        <\/span>    <\/th>\n<td>            <\/td>\n<\/tr>\n<tr>\n<th>            <span class=\"row-header-label\">                Z\u00e1ruka<span class=\"row-header-label-colon\">:<\/span>            <\/span>        <\/th>\n<td>            2 roky        <\/td>\n<\/tr>\n<tr>\n<th>            <span class=\"row-header-label\">                Hmotnost<span class=\"row-header-label-colon\">:<\/span>            <\/span>        <\/th>\n<td>            5 kg        <\/td>\n<\/tr>\n<tr class=\"productEan\">\n<th>          <span class=\"row-header-label productEan__label\">              EAN<span class=\"row-header-label-colon\">:<\/span>          <\/span>      <\/th>\n<td>          <span class=\"productEan__value\">8595141932287<\/span>      <\/td>\n<\/tr>\n<tr>\n<th>                <span class=\"row-header-label\">                                            Barva<span class=\"row-header-label-colon\">:<\/span>                                    <\/span>            <\/th>\n<td>                                                            Chrom                                                <\/td>\n<\/tr>\n<tr>\n<th>                <span class=\"row-header-label\">                                            Katalog<span class=\"row-header-label-colon\">:<\/span>                                    <\/span>            <\/th>\n<td>                                                            HOPA Koupelny                                                <\/td>\n<\/tr>\n<tr>\n<th>                <span class=\"row-header-label\">                                            Materi\u00e1l<span class=\"row-header-label-colon\">:<\/span>                                    <\/span>            <\/th>\n<td>                                                            Nerez                                                <\/td>\n<\/tr>\n<tr>\n<th>                <span class=\"row-header-label\">                                            S\u00e9rie<span class=\"row-header-label-colon\">:<\/span>                                    <\/span>            <\/th>\n<td>                                                            STROMBOLI                                                <\/td>\n<\/tr>\n<tr>\n<th>                <span class=\"row-header-label\">                                            Skupina artiklu<span class=\"row-header-label-colon\">:<\/span>                                    <\/span>            <\/th>\n<td>                                                            S09                                                <\/td>\n<\/tr>\n<tr>\n<th>                <span class=\"row-header-label\">                                            Typ<span class=\"row-header-label-colon\">:<\/span>                                    <\/span>            <\/th>\n<td>                                                            Hlavov\u00e1                                                <\/td>\n<\/tr>\n<tr>\n<th>                <span class=\"row-header-label\">                                            Typ p\u0159ipojen\u00ed<span class=\"row-header-label-colon\">:<\/span>                                    <\/span>            <\/th>\n<td>                                                            G 1\/2                                                <\/td>\n<\/tr>\n<tr>\n<th>                <span class=\"row-header-label\">                                            Z\u00e1ruka<span class=\"row-header-label-colon\">:<\/span>                                    <\/span>            <\/th>\n<td>                                                            2 roky                                                <\/td>\n<\/tr>\n<\/tbody>\n<\/table><\/div>\n<\/p><\/div>\n<\/p><\/div>\n","protected":false},"excerpt":{"rendered":"<p>Detailn\u00ed popis produktu N\u00e1st\u011bnn\u00e9 sprchy nab\u00edz\u00edme ve jedn\u00e9 variant\u011b a to\u00a0 s kask\u00e1dov\u00fdm p\u0159\u00edlivem vody a klasickou hlavovou sprchou. Hlavov\u00e9 sprchy ke sv\u00e9 funkci pot\u0159ebuj\u00ed podom\u00edtkovou baterii bez p\u0159ep\u00edna\u010de. Pokud m\u00e1 hlavov\u00e1 sprcha i kask\u00e1dov\u00fd p\u0159\u00edliv vody tak s dvoucestn\u00fdm p\u0159ep\u00edna\u010dem. V p\u0159\u00edpad\u011b, \u017ee chcete vyu\u017e\u00edvat je\u0161t\u011b ru\u010dn\u00ed sprchu, doporu\u010dujeme pou\u017e\u00edt baterii t\u0159\u00edcestnou, nebo p\u0159idat [&hellip;]<\/p>\n","protected":false},"featured_media":19802,"comment_status":"open","ping_status":"open","template":"","meta":[],"product_brand":[],"product_cat":[65],"product_tag":[],"class_list":{"0":"post-19702","1":"product","2":"type-product","3":"status-publish","4":"has-post-thumbnail","6":"product_cat-prislusenstvi-do-sprch","8":"first","9":"instock","10":"sale","11":"shipping-taxable","12":"purchasable","13":"product-type-simple"},"yoast_head":"<!-- This site is optimized with the Yoast SEO plugin v26.8 - https:\/\/yoast.com\/product\/yoast-seo-wordpress\/ -->\n<title>Sez\u00f3nn\u00ed Sleva Hlavov\u00e1 sprcha s vodop\u00e1dem STROMBOLI PLUS -<\/title>\n<meta name=\"robots\" content=\"index, follow, max-snippet:-1, max-image-preview:large, max-video-preview:-1\" \/>\n<link rel=\"canonical\" href=\"https:\/\/www.domkraftpro.com\/index.php\/produkt\/sezonni-sleva-hlavova-sprcha-s-vodopadem-stromboli-plus-19702\/\" \/>\n<meta property=\"og:locale\" content=\"cs_CZ\" \/>\n<meta property=\"og:type\" content=\"article\" \/>\n<meta property=\"og:title\" content=\"Sez\u00f3nn\u00ed Sleva Hlavov\u00e1 sprcha s vodop\u00e1dem STROMBOLI PLUS -\" \/>\n<meta property=\"og:description\" content=\"Detailn\u00ed popis produktu N\u00e1st\u011bnn\u00e9 sprchy nab\u00edz\u00edme ve jedn\u00e9 variant\u011b a to\u00a0 s kask\u00e1dov\u00fdm p\u0159\u00edlivem vody a klasickou hlavovou sprchou. Hlavov\u00e9 sprchy ke sv\u00e9 funkci pot\u0159ebuj\u00ed podom\u00edtkovou baterii bez p\u0159ep\u00edna\u010de. Pokud m\u00e1 hlavov\u00e1 sprcha i kask\u00e1dov\u00fd p\u0159\u00edliv vody tak s dvoucestn\u00fdm p\u0159ep\u00edna\u010dem. V p\u0159\u00edpad\u011b, \u017ee chcete vyu\u017e\u00edvat je\u0161t\u011b ru\u010dn\u00ed sprchu, doporu\u010dujeme pou\u017e\u00edt baterii t\u0159\u00edcestnou, nebo p\u0159idat [&hellip;]\" \/>\n<meta property=\"og:url\" content=\"https:\/\/www.domkraftpro.com\/index.php\/produkt\/sezonni-sleva-hlavova-sprcha-s-vodopadem-stromboli-plus-19702\/\" \/>\n<meta property=\"og:image\" content=\"https:\/\/www.domkraftpro.com\/wp-content\/uploads\/2026\/SK0008421-CZ20260425-092556-0-1777080363-822435_hlavova-sprcha-s-vodopadem-stromboli-plus.webp\" \/>\n\t<meta property=\"og:image:width\" content=\"1000\" \/>\n\t<meta property=\"og:image:height\" content=\"750\" \/>\n\t<meta property=\"og:image:type\" content=\"image\/webp\" \/>\n<meta name=\"twitter:card\" content=\"summary_large_image\" \/>\n<meta name=\"twitter:label1\" content=\"Odhadovan\u00e1 doba \u010dten\u00ed\" \/>\n\t<meta name=\"twitter:data1\" content=\"1 minuta\" \/>\n<script type=\"application\/ld+json\" class=\"yoast-schema-graph\">{\"@context\":\"https:\/\/schema.org\",\"@graph\":[{\"@type\":\"WebPage\",\"@id\":\"https:\/\/www.domkraftpro.com\/index.php\/produkt\/sezonni-sleva-hlavova-sprcha-s-vodopadem-stromboli-plus-19702\/\",\"url\":\"https:\/\/www.domkraftpro.com\/index.php\/produkt\/sezonni-sleva-hlavova-sprcha-s-vodopadem-stromboli-plus-19702\/\",\"name\":\"Sez\u00f3nn\u00ed Sleva Hlavov\u00e1 sprcha s vodop\u00e1dem STROMBOLI PLUS -\",\"isPartOf\":{\"@id\":\"https:\/\/www.domkraftpro.com\/#website\"},\"primaryImageOfPage\":{\"@id\":\"https:\/\/www.domkraftpro.com\/index.php\/produkt\/sezonni-sleva-hlavova-sprcha-s-vodopadem-stromboli-plus-19702\/#primaryimage\"},\"image\":{\"@id\":\"https:\/\/www.domkraftpro.com\/index.php\/produkt\/sezonni-sleva-hlavova-sprcha-s-vodopadem-stromboli-plus-19702\/#primaryimage\"},\"thumbnailUrl\":\"https:\/\/www.domkraftpro.com\/wp-content\/uploads\/2026\/SK0008421-CZ20260425-092556-0-1777080363-822435_hlavova-sprcha-s-vodopadem-stromboli-plus.webp\",\"datePublished\":\"2026-04-27T04:41:12+00:00\",\"breadcrumb\":{\"@id\":\"https:\/\/www.domkraftpro.com\/index.php\/produkt\/sezonni-sleva-hlavova-sprcha-s-vodopadem-stromboli-plus-19702\/#breadcrumb\"},\"inLanguage\":\"cs\",\"potentialAction\":[{\"@type\":\"ReadAction\",\"target\":[\"https:\/\/www.domkraftpro.com\/index.php\/produkt\/sezonni-sleva-hlavova-sprcha-s-vodopadem-stromboli-plus-19702\/\"]}]},{\"@type\":\"ImageObject\",\"inLanguage\":\"cs\",\"@id\":\"https:\/\/www.domkraftpro.com\/index.php\/produkt\/sezonni-sleva-hlavova-sprcha-s-vodopadem-stromboli-plus-19702\/#primaryimage\",\"url\":\"https:\/\/www.domkraftpro.com\/wp-content\/uploads\/2026\/SK0008421-CZ20260425-092556-0-1777080363-822435_hlavova-sprcha-s-vodopadem-stromboli-plus.webp\",\"contentUrl\":\"https:\/\/www.domkraftpro.com\/wp-content\/uploads\/2026\/SK0008421-CZ20260425-092556-0-1777080363-822435_hlavova-sprcha-s-vodopadem-stromboli-plus.webp\",\"width\":1000,\"height\":750},{\"@type\":\"BreadcrumbList\",\"@id\":\"https:\/\/www.domkraftpro.com\/index.php\/produkt\/sezonni-sleva-hlavova-sprcha-s-vodopadem-stromboli-plus-19702\/#breadcrumb\",\"itemListElement\":[{\"@type\":\"ListItem\",\"position\":1,\"name\":\"Home\",\"item\":\"https:\/\/www.domkraftpro.com\/\"},{\"@type\":\"ListItem\",\"position\":2,\"name\":\"Products\",\"item\":\"https:\/\/www.domkraftpro.com\/index.php\/products\/\"},{\"@type\":\"ListItem\",\"position\":3,\"name\":\"Sez\u00f3nn\u00ed Sleva Hlavov\u00e1 sprcha s vodop\u00e1dem STROMBOLI PLUS\"}]},{\"@type\":\"WebSite\",\"@id\":\"https:\/\/www.domkraftpro.com\/#website\",\"url\":\"https:\/\/www.domkraftpro.com\/\",\"name\":\"\",\"description\":\"\",\"potentialAction\":[{\"@type\":\"SearchAction\",\"target\":{\"@type\":\"EntryPoint\",\"urlTemplate\":\"https:\/\/www.domkraftpro.com\/?s={search_term_string}\"},\"query-input\":{\"@type\":\"PropertyValueSpecification\",\"valueRequired\":true,\"valueName\":\"search_term_string\"}}],\"inLanguage\":\"cs\"}]}<\/script>\n<!-- \/ Yoast SEO plugin. -->","yoast_head_json":{"title":"Sez\u00f3nn\u00ed Sleva Hlavov\u00e1 sprcha s vodop\u00e1dem STROMBOLI PLUS -","robots":{"index":"index","follow":"follow","max-snippet":"max-snippet:-1","max-image-preview":"max-image-preview:large","max-video-preview":"max-video-preview:-1"},"canonical":"https:\/\/www.domkraftpro.com\/index.php\/produkt\/sezonni-sleva-hlavova-sprcha-s-vodopadem-stromboli-plus-19702\/","og_locale":"cs_CZ","og_type":"article","og_title":"Sez\u00f3nn\u00ed Sleva Hlavov\u00e1 sprcha s vodop\u00e1dem STROMBOLI PLUS -","og_description":"Detailn\u00ed popis produktu N\u00e1st\u011bnn\u00e9 sprchy nab\u00edz\u00edme ve jedn\u00e9 variant\u011b a to\u00a0 s kask\u00e1dov\u00fdm p\u0159\u00edlivem vody a klasickou hlavovou sprchou. Hlavov\u00e9 sprchy ke sv\u00e9 funkci pot\u0159ebuj\u00ed podom\u00edtkovou baterii bez p\u0159ep\u00edna\u010de. Pokud m\u00e1 hlavov\u00e1 sprcha i kask\u00e1dov\u00fd p\u0159\u00edliv vody tak s dvoucestn\u00fdm p\u0159ep\u00edna\u010dem. V p\u0159\u00edpad\u011b, \u017ee chcete vyu\u017e\u00edvat je\u0161t\u011b ru\u010dn\u00ed sprchu, doporu\u010dujeme pou\u017e\u00edt baterii t\u0159\u00edcestnou, nebo p\u0159idat [&hellip;]","og_url":"https:\/\/www.domkraftpro.com\/index.php\/produkt\/sezonni-sleva-hlavova-sprcha-s-vodopadem-stromboli-plus-19702\/","og_image":[{"width":1000,"height":750,"url":"https:\/\/www.domkraftpro.com\/wp-content\/uploads\/2026\/SK0008421-CZ20260425-092556-0-1777080363-822435_hlavova-sprcha-s-vodopadem-stromboli-plus.webp","type":"image\/webp"}],"twitter_card":"summary_large_image","twitter_misc":{"Odhadovan\u00e1 doba \u010dten\u00ed":"1 minuta"},"schema":{"@context":"https:\/\/schema.org","@graph":[{"@type":"WebPage","@id":"https:\/\/www.domkraftpro.com\/index.php\/produkt\/sezonni-sleva-hlavova-sprcha-s-vodopadem-stromboli-plus-19702\/","url":"https:\/\/www.domkraftpro.com\/index.php\/produkt\/sezonni-sleva-hlavova-sprcha-s-vodopadem-stromboli-plus-19702\/","name":"Sez\u00f3nn\u00ed Sleva Hlavov\u00e1 sprcha s vodop\u00e1dem STROMBOLI PLUS -","isPartOf":{"@id":"https:\/\/www.domkraftpro.com\/#website"},"primaryImageOfPage":{"@id":"https:\/\/www.domkraftpro.com\/index.php\/produkt\/sezonni-sleva-hlavova-sprcha-s-vodopadem-stromboli-plus-19702\/#primaryimage"},"image":{"@id":"https:\/\/www.domkraftpro.com\/index.php\/produkt\/sezonni-sleva-hlavova-sprcha-s-vodopadem-stromboli-plus-19702\/#primaryimage"},"thumbnailUrl":"https:\/\/www.domkraftpro.com\/wp-content\/uploads\/2026\/SK0008421-CZ20260425-092556-0-1777080363-822435_hlavova-sprcha-s-vodopadem-stromboli-plus.webp","datePublished":"2026-04-27T04:41:12+00:00","breadcrumb":{"@id":"https:\/\/www.domkraftpro.com\/index.php\/produkt\/sezonni-sleva-hlavova-sprcha-s-vodopadem-stromboli-plus-19702\/#breadcrumb"},"inLanguage":"cs","potentialAction":[{"@type":"ReadAction","target":["https:\/\/www.domkraftpro.com\/index.php\/produkt\/sezonni-sleva-hlavova-sprcha-s-vodopadem-stromboli-plus-19702\/"]}]},{"@type":"ImageObject","inLanguage":"cs","@id":"https:\/\/www.domkraftpro.com\/index.php\/produkt\/sezonni-sleva-hlavova-sprcha-s-vodopadem-stromboli-plus-19702\/#primaryimage","url":"https:\/\/www.domkraftpro.com\/wp-content\/uploads\/2026\/SK0008421-CZ20260425-092556-0-1777080363-822435_hlavova-sprcha-s-vodopadem-stromboli-plus.webp","contentUrl":"https:\/\/www.domkraftpro.com\/wp-content\/uploads\/2026\/SK0008421-CZ20260425-092556-0-1777080363-822435_hlavova-sprcha-s-vodopadem-stromboli-plus.webp","width":1000,"height":750},{"@type":"BreadcrumbList","@id":"https:\/\/www.domkraftpro.com\/index.php\/produkt\/sezonni-sleva-hlavova-sprcha-s-vodopadem-stromboli-plus-19702\/#breadcrumb","itemListElement":[{"@type":"ListItem","position":1,"name":"Home","item":"https:\/\/www.domkraftpro.com\/"},{"@type":"ListItem","position":2,"name":"Products","item":"https:\/\/www.domkraftpro.com\/index.php\/products\/"},{"@type":"ListItem","position":3,"name":"Sez\u00f3nn\u00ed Sleva Hlavov\u00e1 sprcha s vodop\u00e1dem STROMBOLI PLUS"}]},{"@type":"WebSite","@id":"https:\/\/www.domkraftpro.com\/#website","url":"https:\/\/www.domkraftpro.com\/","name":"","description":"","potentialAction":[{"@type":"SearchAction","target":{"@type":"EntryPoint","urlTemplate":"https:\/\/www.domkraftpro.com\/?s={search_term_string}"},"query-input":{"@type":"PropertyValueSpecification","valueRequired":true,"valueName":"search_term_string"}}],"inLanguage":"cs"}]}},"_links":{"self":[{"href":"https:\/\/www.domkraftpro.com\/index.php\/wp-json\/wp\/v2\/product\/19702","targetHints":{"allow":["GET"]}}],"collection":[{"href":"https:\/\/www.domkraftpro.com\/index.php\/wp-json\/wp\/v2\/product"}],"about":[{"href":"https:\/\/www.domkraftpro.com\/index.php\/wp-json\/wp\/v2\/types\/product"}],"replies":[{"embeddable":true,"href":"https:\/\/www.domkraftpro.com\/index.php\/wp-json\/wp\/v2\/comments?post=19702"}],"wp:featuredmedia":[{"embeddable":true,"href":"https:\/\/www.domkraftpro.com\/index.php\/wp-json\/wp\/v2\/media\/19802"}],"wp:attachment":[{"href":"https:\/\/www.domkraftpro.com\/index.php\/wp-json\/wp\/v2\/media?parent=19702"}],"wp:term":[{"taxonomy":"product_brand","embeddable":true,"href":"https:\/\/www.domkraftpro.com\/index.php\/wp-json\/wp\/v2\/product_brand?post=19702"},{"taxonomy":"product_cat","embeddable":true,"href":"https:\/\/www.domkraftpro.com\/index.php\/wp-json\/wp\/v2\/product_cat?post=19702"},{"taxonomy":"product_tag","embeddable":true,"href":"https:\/\/www.domkraftpro.com\/index.php\/wp-json\/wp\/v2\/product_tag?post=19702"}],"curies":[{"name":"wp","href":"https:\/\/api.w.org\/{rel}","templated":true}]}}